{"id":740,"date":"2024-07-02T16:03:33","date_gmt":"2024-07-02T16:03:33","guid":{"rendered":"http:\/\/localhost\/hommywp\/ds-1500-defrosts-function-hard-ice-cream-display-freezer-for-sale\/"},"modified":"2025-08-01T09:57:40","modified_gmt":"2025-08-01T09:57:40","slug":"vitrine-commerciale-pour-creme-glacee-dure-refrigerateur-commercial-a-degivrage-automatique-pour-stockage-de-creme-glacee-dure-presentoir-gratuit","status":"publish","type":"product","link":"https:\/\/www.hommy.com\/fr\/p\/vitrine-commerciale-pour-creme-glacee-dure-refrigerateur-commercial-a-degivrage-automatique-pour-stockage-de-creme-glacee-dure-presentoir-gratuit\/","title":{"rendered":"Ds-1500 Fonction de d\u00e9givrage Cong\u00e9lateur pr\u00e9sentoir pour cr\u00e8me glac\u00e9e dure \u00e0 vendre"},"content":{"rendered":"<div>\n<p>&nbsp;<\/p>\n<p><span style=\"font-size: 20px\"><\/span><\/p>\n<h2 style=\"text-align: center\"><strong><span style=\"letter-spacing: 0px;font-size: 29px;font-family: arial, helvetica, sans-serif\"><a name=\"Gelato ice cream freezer\"><\/a>Cong\u00e9lateur pour gelato et cr\u00e8me glac\u00e9e&nbsp;<\/span><\/strong><\/h2>\n<p style=\"text-align: center\"><a href=\"#Gelato ice cream freezer\" target=\"_self\" data-lv=\"0\" rel=\"noopener\"><span style=\"letter-spacing: 0px;font-family: arial, helvetica, sans-serif;font-size: 16px\">Cong\u00e9lateur pour gelato et cr\u00e8me glac\u00e9e<\/span><\/a><span style=\"letter-spacing: 0px;font-family: arial, helvetica, sans-serif;font-size: 16px\">|<a href=\"#Product specification\" target=\"_self\" data-lv=\"0\" rel=\"noopener\">Sp\u00e9cification du produit<\/a>|<a href=\"#Product Features\" target=\"_self\" data-lv=\"0\" rel=\"noopener\">Caract\u00e9ristiques du produit<\/a>|<a href=\"#Product Advantage\" target=\"_self\" data-lv=\"0\" rel=\"noopener\">Avantages du produit<\/a><\/span><\/p>\n<p><strong><span style=\"letter-spacing: 0px;font-size: 29px;font-family: arial, helvetica, sans-serif\"><br \/><\/span><\/strong><\/p>\n<p><strong><span style=\"letter-spacing: 0px;font-size: 29px;font-family: arial, helvetica, sans-serif\"><\/span><\/strong><\/p>\n<h2 style=\"margin: 0px;text-indent: 0px;text-align: justify\"><strong><span style=\"letter-spacing: 0px;font-family: arial, helvetica, sans-serif;font-size: 24px\"><a name=\"Product specification\"><\/a>Sp\u00e9cification du produit\uff1a<\/span><\/strong><\/h2>\n<p style=\"margin-top:0;margin-right:0;margin-bottom:0;margin-left:0;text-indent:0;text-align:justify\"><strong><span style=\"letter-spacing: 0px;font-family: arial, helvetica, sans-serif;font-size: 24px\"><br \/><\/span><\/strong><\/p>\n<p style=\"margin-top:0;margin-right:0;margin-bottom:0;margin-left:0;text-indent:0;text-align:justify\"><strong><span style=\"letter-spacing: 0px;font-family: arial, helvetica, sans-serif;font-size: 24px\"><br \/><\/span><\/strong><\/p>\n<p style=\"text-align:center\"><strong><span style=\"letter-spacing: 0px;font-family: arial, helvetica, sans-serif;font-size: 24px\"><img decoding=\"async\" src=\"https:\/\/www.hommy.com\/wp-content\/uploads\/16010856489931.png\" alt=\"produit-Hommy-img\" title=\"\"><\/span><\/strong><\/p>\n<p>Si vous \u00eates \u00e0 la recherche d'un cong\u00e9lateur d'\u00e9talage de cr\u00e8me glac\u00e9e qui donnera \u00e0 votre produit un aspect luxueux, pensez \u00e0 notre mod\u00e8le. Il est \u00e9quip\u00e9 d'un syst\u00e8me de commande \u00e9lectrique pour un contr\u00f4le pr\u00e9cis de la temp\u00e9rature et une utilisation facile. Les bacs en acier inoxydable durables peuvent r\u00e9sister \u00e0 une utilisation intensive et la temp\u00e9rature est r\u00e9glable de -12 \u00e0 -22 degr\u00e9s centigrades. La fonction de d\u00e9sembuage et de d\u00e9givrage automatique permet \u00e0 votre cr\u00e8me glac\u00e9e de conserver son aspect optimal.<\/p>\n<p>Contactez-nous d\u00e8s maintenant, notre \u00e9quipe de repr\u00e9sentants du service client\u00e8le est pr\u00eate \u00e0 vous aider pour toutes vos questions. <a style=\"color:blue\" href=\"https:\/\/www.hommy.com\/fr\/vitrine-dexposition\/\">cong\u00e9lateur \u00e0 glace<\/a> besoins.<\/p>\n<div class=\"d-tem11-graphic tem11-graphic mockup\" data-detail=\"wrap\">\n<div class=\"tab_row\">\n<div class=\"img\" style=\"width: 50%\">\n<p style=\"text-align:center\"><\/p>\n<p style=\"text-align:center\"><img loading=\"lazy\" decoding=\"async\" title=\"\" alt=\"produit-Hommy-img\" src=\"https:\/\/www.hommy.com\/wp-content\/uploads\/16010859542291.jpg\" width=\"500\" height=\"532\" border=\"0\" vspace=\"0\" style=\"width: 500px;height: 532px\"><\/p>\n<\/div>\n<div class=\"text_box\" style=\"width: 50%\">\n<div class=\"txt\">\n<p>&nbsp;<\/p>\n<h2><strong><span style=\"font-size: 24px;font-family: arial, helvetica, sans-serif\"><a name=\"Product Features\"><\/a>Caract\u00e9ristiques du produit<\/span><\/strong><\/h2>\n<p>&nbsp;<\/p>\n<p style=\"margin-top:0;margin-right:0;margin-bottom:0;margin-left:0;text-indent:0;text-align:justify\"><span style=\"font-family: Calibri;font-size: 20px\"><span style=\"color:#000000\">\u25c6&nbsp;<\/span><\/span><span style=\"font-family:Calibri;font-size:19px\">Rationaliser l'aspect ext\u00e9rieur luxueux .<\/span><\/p>\n<p style=\"margin-top:0;margin-right:0;margin-bottom:0;margin-left:0;text-indent:0;text-align:justify\"><span style=\"font-family: Calibri;letter-spacing: 0;font-size: 19px\"><span style=\"font-family: Calibri;font-size: 20px;text-align: justify\">\u25c6&nbsp;<\/span><\/span><span style=\"font-family:Calibri;font-size:19px\">Syst\u00e8me de contr\u00f4le \u00e9lectrique de la temp\u00e9rature facile \u00e0 utiliser.<\/span><\/p>\n<p style=\"text-align:justify\"><span style=\"font-family: Calibri;letter-spacing: 0;font-size: 19px\"><span style=\"font-family: Calibri;font-size: 20px;text-align: justify\">\u25c6&nbsp;<\/span><\/span><span style=\"font-family:Calibri;font-size:19px\">Po\u00eales en acier inoxydable durables.<\/span><\/p>\n<p style=\"text-align:justify\"><span style=\"font-family: Calibri;letter-spacing: 0;font-size: 19px\"><span style=\"font-family: Calibri;font-size: 20px;text-align: justify\">\u25c6&nbsp;<\/span><\/span><span style=\"font-family:Calibri;font-size:19px\">Temp\u00e9rature r\u00e9glable (-12 \u00e0 -22 degr\u00e9s centigrades) .<\/span><\/p>\n<p style=\"text-align:justify\"><span style=\"font-family: Calibri;letter-spacing: 0;font-size: 19px\"><span style=\"font-family: Calibri;font-size: 20px;text-align: justify\">\u25c6&nbsp;<\/span><\/span><span style=\"font-family:Calibri;font-size:19px\">D\u00e9sembuage automatique, fonction de d\u00e9givrage.<\/span><\/p>\n<p style=\"text-align:justify\"><span style=\"font-family: Calibri;letter-spacing: 0;font-size: 19px\"><span style=\"font-family: Calibri;font-size: 20px;text-align: justify\">\u25c6&nbsp;<\/span><\/span><span style=\"font-family:Calibri;font-size:19px\">Le verre bomb\u00e9 et chauffant \u00e0 5 couches est dot\u00e9 d'une fonction de d\u00e9sembuage automatique.<\/span><\/p>\n<p style=\"text-align:justify\"><span style=\"font-family: Calibri;letter-spacing: 0;font-size: 19px\"><span style=\"font-family: Calibri;font-size: 20px;text-align: justify\">\u25c6&nbsp;<\/span><\/span><span style=\"font-family:Calibri;font-size:19px\">Faible consommation d'\u00e9nergie .<\/span><\/p>\n<p style=\"text-align:justify\"><span style=\"font-family: Calibri;letter-spacing: 0;font-size: 19px\"><span style=\"font-family: Calibri;font-size: 20px;text-align: justify\">\u25c6&nbsp;<\/span><\/span><span style=\"font-family:Calibri;font-size:19px\">Diff\u00e9rentes couleurs sont disponibles sur demande.<\/span><\/p>\n<p style=\"line-height: 1.75em\">&nbsp;<\/p>\n<\/div>\n<\/div>\n<\/div>\n<\/div>\n<p>&nbsp;<\/p>\n<div class=\"text-left d-tem09-title d-interval\" data-detail=\"wrap\">\n<div class=\"title-header\">\n<div class=\"title\">\n<h2><strong><span style=\"letter-spacing: 0px;font-family: arial, helvetica, sans-serif;font-size: 24px\"><a name=\"Product Advantage\"><\/a>Avantage du produit :<\/span><\/strong><\/h2>\n<p><span style=\"font-size: 24px\"><\/span><\/div>\n<\/div>\n<\/div>\n<div class=\"d-tem01-graphic tem01-graphic mockup\" data-detail=\"wrap\">\n<div class=\"cont-section clearfix d-clearfix\">\n<div class=\"col-md-6 col-sm-6 col-xs-6\">\n<div class=\"right-p\">\n<div class=\"h2 heading\">\n<p style=\"text-indent: 0;padding: 0;vertical-align: baseline\"><span style=\"letter-spacing: 0px;font-size: 16px;font-family: arial, helvetica, sans-serif\">1. Verre tremp\u00e9 \u00e0 arc isol\u00e9, perspective parfaite ;<\/span><\/p>\n<p><\/p>\n<p><\/p>\n<p><\/p>\n<\/div>\n<\/div>\n<div class=\"graphic_pic animated wow bounceIn\" data-wow-delay=\".7s\">\n<p style=\"text-align:center\"><img loading=\"lazy\" decoding=\"async\" src=\"https:\/\/www.hommy.com\/wp-content\/uploads\/16010859228968.png\" alt=\"produit-DS-1500 Hard Ice Cream freezer-Hommy-img\" title=\"\" width=\"350\" height=\"636\" border=\"0\" vspace=\"0\" style=\"width: 350px;height: 636px\"><\/p>\n<\/div>\n<\/div>\n<div class=\"col-md-6 col-sm-6 col-xs-6\">\n<div class=\"right-p\">\n<div class=\"h2 heading\">\n<p style=\"margin-left:0;text-indent:0\"><span style=\"font-size: 16px\"><span style=\"letter-spacing: 0px;font-family: arial, helvetica, sans-serif\">2. 4 couleurs de carrosserie au choix.<\/span><span style=\"font-family: \u5b8b\u4f53;letter-spacing: 0px\">&nbsp;<\/span><\/span><\/p>\n<p style=\"margin-left:0;text-indent:0\"><span style=\"font-size: 16px\"><span style=\"font-family: \u5b8b\u4f53;letter-spacing: 0px\"><br \/><\/span><\/span><\/p>\n<p style=\"margin-left:0;text-indent:0\"><span style=\"font-size: 16px\"><span style=\"font-family: \u5b8b\u4f53;letter-spacing: 0px\"><br \/><\/span><\/span><\/p>\n<p style=\"margin-left:0;text-indent:0\"><span style=\"font-size: 16px\"><span style=\"font-family: \u5b8b\u4f53;letter-spacing: 0px\"><br \/><\/span><\/span><\/p>\n<\/div>\n<\/div>\n<div class=\"graphic_pic animated wow bounceIn\" data-wow-delay=\".7s\"><img decoding=\"async\" src=\"https:\/\/www.hommy.com\/wp-content\/uploads\/16010859006405.png\" alt=\"produit-Hommy-img\" title=\"\"><br \/>\n &nbsp; &nbsp; &nbsp; &nbsp; &nbsp; &nbsp;<\/div>\n<\/div>\n<\/div>\n<\/div>\n<p>Document\uff1a<img decoding=\"async\" src=\"https:\/\/www.hommy.com\/wp-content\/uploads\/icon_pdf-42.gif\" style=\"margin-right: 2px\" alt=\"produit-Hommy-img\" title=\"\"><a href=\"https:\/\/img80002414.weyesimg.com\/uploads\/www.hommy.com\/addon\/16026451843804.pdf\" title=\"16026451843804.pdf\" style=\"font-size: 12px\">16026451843804.pdf<\/a><\/p>\n<h2 style=\"font-family: sans-serif\">Qu'est-ce qu'un stabilisateur et un \u00e9mulsifiant dans la cr\u00e8me glac\u00e9e ?<\/h2>\n<p style=\"margin-top: 5px;margin-bottom: 5px;font-family: sans-serif;font-size: 16px\">Les termes stabilisateur et \u00e9mulsifiant sont utilis\u00e9s diff\u00e9remment dans l'industrie de la cr\u00e8me glac\u00e9e. Les stabilisateurs sont g\u00e9n\u00e9ralement ajout\u00e9s \u00e0 la cr\u00e8me glac\u00e9e pour r\u00e9duire la croissance des cristaux de glace. Pour ce faire, on ajoute g\u00e9n\u00e9ralement le stabilisateur sous forme de solution dans de l'eau ou d'autres solvants, puis on ajoute cette solution \u00e0 la base. L'\u00e9mulsifiant, quant \u00e0 lui, est g\u00e9n\u00e9ralement ajout\u00e9 sous forme de poudre ou de p\u00e2te. La fonction de l'\u00e9mulsifiant est d'aider \u00e0 d\u00e9composer les mol\u00e9cules de graisse de la base, qui sont souvent grosses et difficiles \u00e0 m\u00e9langer.&nbsp;<\/p>\n<h2 style=\"font-family: sans-serif\">De quelle machine ai-je besoin pour faire de la glace ?<\/h2>\n<p style=\"margin-top: 5px;margin-bottom: 5px;font-family: sans-serif;font-size: 16px\">Les machines italiennes classiques, utilis\u00e9es par des g\u00e9n\u00e9rations de cuisiniers italiens, donnent les meilleurs r\u00e9sultats, mais si vous faites de la glace \u00e0 la maison, il existe d'autres solutions qui ne co\u00fbtent qu'une fraction du prix de ces machines et qui permettent d'obtenir le m\u00eame type de glace riche et onctueuse. <a style=\"color:blue\" href=\"\/fr\/\">machine \u00e0 glace<\/a>.<\/p>\n<h2 style=\"font-family: sans-serif\">Comment utiliser une machine \u00e0 granuler ZOKU ?<\/h2>\n<p style=\"margin-top: 5px;margin-bottom: 5px;font-family: sans-serif;font-size: 16px\">ZOKU slush maker est une machine japonaise \u00e0 boules de riz. Elle permet de pr\u00e9parer votre boisson glac\u00e9e pr\u00e9f\u00e9r\u00e9e. Il n'est pas n\u00e9cessaire de faire bouillir de l'eau, il suffit de mettre les ingr\u00e9dients dans la machine et d'appuyer sur un bouton pour la faire. C'est tr\u00e8s pratique et rapide, m\u00eame pour une personne seule.<\/p>\n<\/div><\/div>","protected":false},"excerpt":{"rendered":"<p>&nbsp; Gelato ice cream freezer&nbsp; Gelato ice cream freezer|Product specification|Product Features|Product Advantage Product specification\uff1a If you are in the market for an ice cream display freezer that will make your product look luxurious, then consider our model. It has an electrical controller system for precise temperate control and easy operation. The durable stainless steel pans [&hellip;]<\/p>\n","protected":false},"featured_media":1929,"comment_status":"open","ping_status":"open","template":"","meta":{"_swt_meta_header_display":false,"_swt_meta_footer_display":false,"_swt_meta_site_title_display":false,"_swt_meta_sticky_header":false,"_swt_meta_transparent_header":false},"product_brand":[],"product_cat":[82],"product_tag":[],"class_list":{"0":"post-740","1":"product","2":"type-product","3":"status-publish","4":"has-post-thumbnail","6":"product_cat-hard-ice-cream-machine","8":"first","9":"instock","10":"shipping-taxable","11":"product-type-simple"},"_links":{"self":[{"href":"https:\/\/www.hommy.com\/fr\/wp-json\/wp\/v2\/product\/740","targetHints":{"allow":["GET"]}}],"collection":[{"href":"https:\/\/www.hommy.com\/fr\/wp-json\/wp\/v2\/product"}],"about":[{"href":"https:\/\/www.hommy.com\/fr\/wp-json\/wp\/v2\/types\/product"}],"replies":[{"embeddable":true,"href":"https:\/\/www.hommy.com\/fr\/wp-json\/wp\/v2\/comments?post=740"}],"wp:featuredmedia":[{"embeddable":true,"href":"https:\/\/www.hommy.com\/fr\/wp-json\/wp\/v2\/media\/1929"}],"wp:attachment":[{"href":"https:\/\/www.hommy.com\/fr\/wp-json\/wp\/v2\/media?parent=740"}],"wp:term":[{"taxonomy":"product_brand","embeddable":true,"href":"https:\/\/www.hommy.com\/fr\/wp-json\/wp\/v2\/product_brand?post=740"},{"taxonomy":"product_cat","embeddable":true,"href":"https:\/\/www.hommy.com\/fr\/wp-json\/wp\/v2\/product_cat?post=740"},{"taxonomy":"product_tag","embeddable":true,"href":"https:\/\/www.hommy.com\/fr\/wp-json\/wp\/v2\/product_tag?post=740"}],"curies":[{"name":"wp","href":"https:\/\/api.w.org\/{rel}","templated":true}]}}