{"id":710,"date":"2024-07-02T15:37:29","date_gmt":"2024-07-02T15:37:29","guid":{"rendered":"http:\/\/localhost\/hommywp\/hm260-ice-cream-maker\/"},"modified":"2025-08-01T09:57:40","modified_gmt":"2025-08-01T09:57:40","slug":"machine-a-glace-hm260","status":"publish","type":"product","link":"https:\/\/www.hommy.com\/fr\/p\/machine-a-glace-hm260\/","title":{"rendered":"Machine \u00e0 glace HM260"},"content":{"rendered":"<div>\n<p>&nbsp; &nbsp;&nbsp;<\/p>\n<h2 style=\"text-align: center\"><span style=\"font-family: arial, helvetica, sans-serif;font-size: 24px\"><strong><span style=\"font-family: arial, helvetica, sans-serif;letter-spacing: 0px\"><a name=\"Commercial Ice Cream Maker\"><\/a>C<\/span><\/strong><strong><span style=\"font-family: arial, helvetica, sans-serif;letter-spacing: 0px\">ommercial <a style=\"color:blue\" href=\"\/fr\/\">Machine \u00e0 cr\u00e8me glac\u00e9e<\/a><\/span><\/strong><\/span><\/h2>\n<p style=\"text-align: center\"><span style=\"font-family: arial, helvetica, sans-serif;font-size: 16px\"><span style=\"font-family: arial, helvetica, sans-serif;letter-spacing: 0px\"><a href=\"#Commercial Ice Cream Maker\" target=\"_self\" data-lv=\"0\" rel=\"noopener\">Machine \u00e0 glace commerciale<\/a>|<a href=\"#Product Features\" target=\"_self\" data-lv=\"0\" rel=\"noopener\">Caract\u00e9ristiques du produit<\/a>|<a href=\"#Soft Serve Freezer Twin Twist , Gravity Feed , Counter\" target=\"_self\" data-lv=\"0\" rel=\"noopener\">Cong\u00e9lateur Soft Serve Twin Twist, alimentation par gravit\u00e9, comptoir<\/a>|<a href=\"#Product Specification\" target=\"_self\" data-lv=\"0\" rel=\"noopener\">Sp\u00e9cification du produit<\/a>|<a href=\"#Product Advantage\" target=\"_self\" data-lv=\"0\" rel=\"noopener\">Avantages du produit<\/a><\/span><\/span><\/p>\n<p><\/p>\n<p style=\"text-align: center\">&nbsp; &nbsp; &nbsp;<\/p>\n<p style=\"text-align: center\">&nbsp; &nbsp;&nbsp;<\/p>\n<p style=\"text-align: center\">&nbsp;&nbsp;&nbsp;&nbsp;<\/p>\n<p><\/p>\n<h2><span style=\"font-family: arial, helvetica, sans-serif;font-size: 24px\"><strong><span style=\"font-family: arial, helvetica, sans-serif;letter-spacing: 0px\"><a name=\"Product Features\"><\/a>Produit <\/span><\/strong><strong><span style=\"font-family: arial, helvetica, sans-serif;letter-spacing: 0px\">Caract\u00e9ristiques<\/span><\/strong><\/span><strong><span style=\"font-family: \u5b8b\u4f53;letter-spacing: 0;font-size: 18px\"> <\/span><\/strong><strong><span style=\"font-family: \u5b8b\u4f53;letter-spacing: 0;font-size: 18px\">&nbsp;<\/span><\/strong><\/h2>\n<p style=\"margin-top:0;margin-right:0;margin-bottom:10px;margin-left:0;text-indent:0\"><span style=\"font-family: Helvetica;letter-spacing: 0;font-size: 16px\">Hommy dispose d'une \u00e9quipe professionnelle charg\u00e9e de la conception des produits. Des ing\u00e9nieurs sp\u00e9cialis\u00e9s dans la r\u00e9frig\u00e9ration, les logiciels et les structures garantissent la stabilit\u00e9 et la durabilit\u00e9 de la qualit\u00e9 du produit. En m\u00eame temps, la conception personnalis\u00e9e est ajout\u00e9e pour faciliter le futur service apr\u00e8s-vente. Hommy <a style=\"color:blue\" href=\"\/fr\/\">machine \u00e0 glace<\/a> est digne de confiance.<\/span><\/p>\n<p style=\"margin-top:0;margin-right:0;margin-bottom:10px;margin-left:0;text-indent:0\"><span style=\"font-family: Helvetica;letter-spacing: 0;font-size: 16px\"><br \/><\/span><\/p>\n<p style=\"margin-top:0;margin-right:0;margin-bottom:10px;margin-left:0;text-indent:0\"><span style=\"font-family: Helvetica;letter-spacing: 0;font-size: 16px\"><\/span><\/p>\n<div class=\"d-tem01-graphic tem01-graphic mockup\" data-detail=\"wrap\">\n<div class=\"cont-section clearfix d-clearfix\">\n<div class=\"col-md-6 col-sm-6 col-xs-6\">\n<div class=\"right-p\">\n<div class=\"h2 heading\">\n<p style=\"text-align:center\"><\/p>\n<p style=\"text-align:center\"><img loading=\"lazy\" decoding=\"async\" src=\"https:\/\/www.hommy.com\/wp-content\/uploads\/16005012538166.png\" alt=\"produit-Hommy-img\" style=\"font-size: 14px;width: 400px;height: 1013px\" title=\"\" width=\"400\" height=\"1013\" border=\"0\" vspace=\"0\"><\/p>\n<p><span style=\"font-size: 14px\">&nbsp; &nbsp; &nbsp; &nbsp; &nbsp; &nbsp; &nbsp;<\/span><\/div>\n<\/div>\n<\/div>\n<div class=\"col-md-6 col-sm-6 col-xs-6\">\n<div class=\"right-p\">\n<div class=\"h2 heading\">\n<h2><span style=\"font-family: arial, helvetica, sans-serif;font-size: 24px\"><strong><span style=\"font-family: arial, helvetica, sans-serif\"><a name=\"Soft Serve Freezer Twin Twist , Gravity Feed , Counter\"><\/a>Cong\u00e9lateur Soft Serve Twin Twist, alimentation par gravit\u00e9, comptoir<\/span><\/strong><\/span><\/h2>\n<p><span style=\"font-family:Calibri;font-size:16px\">Caract\u00e9ristiques<\/span><\/p>\n<p style=\"margin-left:32px\"><span style=\"font-family:Calibri;font-size:16px\">-&nbsp;<\/span><span style=\"font-family:Calibri;font-size:16px\">Offre de produits : offre de toutes les variantes populaires de cr\u00e8me glac\u00e9e.<\/span><\/p>\n<p style=\"margin-left:32px\"><span style=\"font-family:Calibri;font-size:16px\">-&nbsp;<\/span><span style=\"font-family:Calibri;font-size:16px\">Saveur : servir deux saveurs distinctes et un twist.<\/span><\/p>\n<p style=\"margin-left:32px\"><span style=\"font-family:Calibri;font-size:16px\">-&nbsp;<\/span><span style=\"font-family:Calibri;font-size:16px\">Tr\u00e9mie de m\u00e9lange : deux tr\u00e9mies d'une capacit\u00e9 de 5,5 litres<\/span><\/p>\n<p style=\"margin-left:32px\"><span style=\"font-family:Calibri;font-size:16px\">-&nbsp;<\/span><span style=\"font-family:Calibri;font-size:16px\">Cylindre de cong\u00e9lation : deux <\/span><span style=\"font-family:\u5b8b\u4f53;font-size:16px\">1.7L <\/span><span style=\"font-family:Calibri;font-size:16px\">Capacit\u00e9 en litres<\/span><\/p>\n<p><span style=\"font-family:Calibri;font-size:16px\">Contr\u00f4le \u00e9lectronique :<\/span><\/p>\n<p style=\"margin-left:32px\"><span style=\"font-family:Calibri;font-size:16px\">-&nbsp;<\/span><span style=\"font-family:Calibri;font-size:16px\">La temp\u00e9rature des cylindres de cong\u00e9lation peut \u00eatre affich\u00e9e \u00e0 tout moment de l'op\u00e9ration.<\/span><\/p>\n<p style=\"margin-left:32px\"><span style=\"font-family:Calibri;font-size:16px\">-&nbsp;<\/span><span style=\"font-family:Calibri;font-size:16px\">Fournit le niveau de viscosit\u00e9 requis pour les portions.<\/span><\/p>\n<p style=\"margin-left:32px\"><span style=\"font-family:Calibri;font-size:16px\">-&nbsp;<\/span><span style=\"font-family:Calibri;font-size:16px\">Indicateur de niveau de m\u00e9lange et alarme. Lorsque le voyant de fin de m\u00e9lange clignote, la machine s'arr\u00eate automatiquement pour \u00e9viter tout dommage.<\/span><\/p>\n<p><span style=\"font-family:Calibri;font-size:16px\">Mode veille :<\/span><\/p>\n<p style=\"margin-left:32px\"><span style=\"font-family:Calibri;font-size:16px\">-&nbsp;<\/span><span style=\"font-family:Calibri;font-size:16px\">Pendant les longues p\u00e9riodes d'inutilisation, la fonction de veille maintient des temp\u00e9ratures de produit s\u00fbres dans la tr\u00e9mie de m\u00e9lange et le cylindre de cong\u00e9lation.<\/span><\/p>\n<p style=\"margin-left:32px\"><span style=\"font-family:Calibri;font-size:16px\">-&nbsp;<\/span><span style=\"font-family:Calibri;font-size:16px\">Fonction de protection de la pression pour le syst\u00e8me de refroidissement.<\/span><\/p>\n<p><span style=\"font-family:Calibri;font-size:16px\">Fonctions optionnelles :<\/span><\/p>\n<p style=\"margin-left:32px\"><span style=\"font-family:Calibri;font-size:16px\">-&nbsp;<\/span><span style=\"font-family:Calibri;font-size:16px\">Le tube d'expansion \u00e0 alimentation par gravit\u00e9 d\u00e9livre le m\u00e9lange avec un d\u00e9passement d'environ 20-30% aux cylindres de cong\u00e9lation.<\/span><\/p>\n<p style=\"margin-left:32px\"><span style=\"font-family:Calibri;font-size:16px\">-&nbsp;<\/span><span style=\"font-family:Calibri;font-size:16px\">Le compteur permet \u00e0 l'op\u00e9rateur de visualiser le nombre de portions distribu\u00e9es.<\/span><\/p>\n<p style=\"margin-left:32px\"><span style=\"font-family:\u5b8b\u4f53;font-size:16px\">-&nbsp;<\/span><span style=\"font-family:\u5b8b\u4f53;font-size:16px\">Pompe \u00e0 air int\u00e9gr\u00e9e : Injecte de l'air dans le cylindre. Lorsque la machine d\u00e9marre, la pompe \u00e0 air fonctionne automatiquement pendant 12 secondes. <\/span><\/p>\n<p style=\"margin-left:32px\"><span style=\"font-family:\u5b8b\u4f53;font-size:16px\">-&nbsp;<\/span><span style=\"font-family:\u5b8b\u4f53;font-size:16px\">puis s'\u00e9teint. Chaque fois que vous sortez de la glace, la pompe \u00e0 air se met automatiquement en marche pendant 10 secondes pour augmenter le d\u00e9bit.<\/span><\/p>\n<\/div>\n<\/div>\n<p>&nbsp; &nbsp; &nbsp; &nbsp; &nbsp; &nbsp;<\/p><\/div>\n<\/div>\n<\/div>\n<h4><strong><span style=\"font-family: \u5b8b\u4f53;letter-spacing: 0;font-size: 18px\"><\/span><\/strong><\/h4>\n<p><strong><span style=\"font-family: \u5b8b\u4f53;letter-spacing: 0;font-size: 18px\"><br \/><\/span><\/strong><\/p>\n<h2><span style=\"font-family: arial, helvetica, sans-serif;font-size: 24px\"><strong><span style=\"font-family: arial, helvetica, sans-serif;letter-spacing: 0px\"><a name=\"Product Specification\"><\/a>Sp\u00e9cification du produit<\/span><\/strong><\/span><strong><span style=\"font-family: \u5b8b\u4f53;letter-spacing: 0;font-size: 18px\"> <\/span><\/strong><\/h2>\n<p><span style=\"font-family: Helvetica;letter-spacing: 0;font-size: 16px\">Hommy <\/span><span style=\"font-family: \u5b8b\u4f53;letter-spacing: 0;font-size: 16px\">La machine \u00e0 glace est facile \u00e0 utiliser et la machine \u00e0 l'int\u00e9rieur a une fonction de nettoyage automatique, il suffit de mettre de l'eau \u00e0 l'int\u00e9rieur pour la nettoyer. nous avons une vid\u00e9o pour vous apprendre \u00e0 l'utiliser.<\/span><\/p>\n<p style=\"text-align: center\"><span style=\"font-family: \u5b8b\u4f53;letter-spacing: 0;font-size: 16px\"><br \/><\/span><\/p>\n<p style=\"text-align: center\"><span style=\"font-family: \u5b8b\u4f53;letter-spacing: 0;font-size: 16px\"><img decoding=\"async\" src=\"https:\/\/www.hommy.com\/wp-content\/uploads\/16005007958262.png\" alt=\"produit-HM260 sorbeti\u00e8re-Hommy-img\" title=\"\"><\/span><\/p>\n<p><\/p>\n<h2><span style=\"font-family: arial, helvetica, sans-serif;font-size: 24px\"><strong><span style=\"font-family: arial, helvetica, sans-serif;letter-spacing: 0px\"><a name=\"Product Advantage\"><\/a>Avantages du produit<\/span><\/strong><\/span><strong><span style=\"font-family: \u5b8b\u4f53;letter-spacing: 0;font-size: 18px\"> <\/span><\/strong><\/h2>\n<p><span style=\"font-family: Helvetica;letter-spacing: 0;font-size: 14px\">Hommy produit des machines \u00e0 glaces depuis 20 ans, les distributeurs automatiques de glaces ajoutent des fonctions de glaces douces, car il n'y a pas de personnel pour assurer le service tout le temps. Nous nous basons sur ce capteur suppl\u00e9mentaire et utilisons un logiciel pour le contr\u00f4ler, ce qui est de bonne qualit\u00e9 et de bonne fonction.<\/span>&nbsp; &nbsp; &nbsp; &nbsp; &nbsp; &nbsp; &nbsp;<\/p>\n<p><strong><span style=\"font-family: \u5b8b\u4f53;letter-spacing: 0;font-size: 18px\">&nbsp;<\/span><\/strong><\/p>\n<div class=\"d-tem01-graphic tem01-graphic mockup\" data-detail=\"wrap\">\n<div class=\"cont-section clearfix d-clearfix\">\n<div class=\"col-md-6 col-sm-6 col-xs-6\">\n<div class=\"right-p\">\n<div class=\"h2 heading\">1.&nbsp;<strong style=\"font-family: inherit\"><span style=\"font-family: \u5b8b\u4f53;letter-spacing: 0;font-size: 18px\">Contr\u00f4leur<\/span><\/strong><\/p>\n<p><span style=\"font-family: \u5b8b\u4f53;letter-spacing: 0px;font-size: 16px\"><br \/><\/span><\/p>\n<p><span style=\"font-family: \u5b8b\u4f53;letter-spacing: 0px;font-size: 16px\">Le panneau de commande indique clairement les fonctions internes de la machine. <\/span><span style=\"font-family: \u5b8b\u4f53;letter-spacing: 0px;font-size: 16px\">Y<\/span><span style=\"font-family: \u5b8b\u4f53;letter-spacing: 0px;font-size: 16px\">ous pouvez voir la machine \u00e0 l'instant o\u00f9 la station vend aussi des quantit\u00e9s de cr\u00e8me glac\u00e9e.<\/span><\/p>\n<p><span style=\"font-family: \u5b8b\u4f53;letter-spacing: 0px;font-size: 16px\"><br \/><\/span><\/p>\n<p><span style=\"font-family: \u5b8b\u4f53;letter-spacing: 0px;font-size: 16px\"><br \/><\/span><\/p>\n<\/div>\n<\/div>\n<div class=\"graphic_pic animated wow bounceIn\" data-wow-delay=\".7s\">\n<p style=\"text-align:center\"><img loading=\"lazy\" decoding=\"async\" src=\"https:\/\/www.hommy.com\/wp-content\/uploads\/16005017927309.png\" alt=\"produit-Hommy-HM260 machine \u00e0 glace-img\" title=\"\" width=\"450\" height=\"240\" border=\"0\" vspace=\"0\" style=\"width: 450px;height: 240px\"><\/p>\n<\/div>\n<\/div>\n<div class=\"col-md-6 col-sm-6 col-xs-6\">\n<div class=\"right-p\">\n<div class=\"h2 heading\">2. Blocage de la thrombose<\/div>\n<p>Lorem ipsum dolor sit amet, consectetur adipisicing elit. Quidem, quos, facilis esse rem dicta dignissimos eligendi earum sapiente ipsam iure vel deserunt.Lorem ipsum dolor sit amet, consectetur adipisicing elit. Quidem, quos, facilis esse rem dicta dignissimos eligendi earum sapiente ipsam iure vel deserunt. Lorem ipsum dolor sit amet, consectetur adipisicing elit. Quidem, quos, facilis esse rem dicta dignissimos eligendi earum sapiente ipsam iure vel deserunt.<\/p>\n<p><\/p>\n<p><\/p>\n<\/div>\n<div class=\"graphic_pic animated wow bounceIn\" data-wow-delay=\".7s\">\n<p style=\"text-align:center\"><img loading=\"lazy\" decoding=\"async\" src=\"https:\/\/www.hommy.com\/wp-content\/uploads\/16005018935698.png\" alt=\"produit-Hommy-img\" title=\"\" width=\"450\" height=\"208\" border=\"0\" vspace=\"0\" style=\"width: 450px;height: 208px\"><\/p>\n<\/div>\n<\/div>\n<\/div>\n<\/div>\n<div class=\"d-tem01-graphic tem01-graphic mockup\" data-detail=\"wrap\">\n<div class=\"cont-section clearfix d-clearfix\">\n<div class=\"col-md-6 col-sm-6 col-xs-6\">\n<div class=\"right-p\">\n<div class=\"h2 heading\">3.&nbsp;<span style=\"font-family: Helvetica;letter-spacing: 0px\">Fuite<\/span><span style=\"font-family: Helvetica;letter-spacing: 0px\">ingurgiter <\/span><span style=\"font-family: Helvetica;letter-spacing: 0px\">casserole<\/span><\/div>\n<div class=\"description\">\n<p style=\"margin-left: 0;text-indent: 0;padding: 0;line-height: 25px\"><span style=\"font-family: \u5b8b\u4f53;letter-spacing: 0px;font-size: 16px\">Le bac qui fuit se retire pour le nettoyer, facile \u00e0 utiliser.<\/span><\/p>\n<p style=\"margin-left: 0;text-indent: 0;padding: 0;line-height: 25px\"><span style=\"font-family: \u5b8b\u4f53;letter-spacing: 0;font-size: 16px\"><br \/><\/span><\/p>\n<p style=\"margin-left: 0;text-indent: 0;padding: 0;line-height: 25px\"><span style=\"font-family: \u5b8b\u4f53;letter-spacing: 0;font-size: 16px\"><br \/><\/span><\/p>\n<p style=\"margin-left: 0;text-indent: 0;padding: 0;line-height: 25px\"><span style=\"font-family: \u5b8b\u4f53;letter-spacing: 0;font-size: 16px\"><br \/><\/span><\/p>\n<p style=\"margin-left: 0;text-indent: 0;padding: 0;line-height: 25px\"><span style=\"font-family: \u5b8b\u4f53;letter-spacing: 0;font-size: 16px\"><br \/><\/span><\/p>\n<p style=\"margin-left: 0;text-indent: 0;padding: 0;line-height: 25px\"><span style=\"font-family: \u5b8b\u4f53;letter-spacing: 0;font-size: 16px\"><br \/><\/span><\/p>\n<\/div>\n<\/div>\n<div class=\"graphic_pic animated wow bounceIn\" data-wow-delay=\".7s\">\n<p style=\"text-align:center\"><img loading=\"lazy\" decoding=\"async\" src=\"https:\/\/www.hommy.com\/wp-content\/uploads\/16005019187867.png\" alt=\"produit-Hommy-img\" title=\"\" width=\"400\" height=\"176\" border=\"0\" vspace=\"0\" style=\"width: 400px;height: 176px\"><\/p>\n<\/div>\n<\/div>\n<div class=\"col-md-6 col-sm-6 col-xs-6\">\n<div class=\"right-p\">\n<div class=\"h2 heading\">4.&nbsp;<span style=\"font-family: Helvetica;letter-spacing: 0px\">C<\/span><span style=\"font-family: Helvetica;letter-spacing: 0px\">compteur<\/span><\/div>\n<div class=\"description\">\n<p><span style=\"font-family: \u5b8b\u4f53;letter-spacing: 0;font-size: 16px\">U<\/span><span style=\"font-family: \u5b8b\u4f53;letter-spacing: 0;font-size: 16px\">se cl\u00e9 sp\u00e9ciale pour verrouiller la quantit\u00e9, il peut m\u00e9moriser une quantit\u00e9 maximale de 1000pcs, vous pouvez voir chaque quantit\u00e9 vendue \u00e0 partir du contr\u00f4leur.<\/span><\/p>\n<p><span style=\"font-family: \u5b8b\u4f53;letter-spacing: 0;font-size: 16px\"><br \/><\/span><\/p>\n<p><span style=\"font-family: \u5b8b\u4f53;letter-spacing: 0;font-size: 16px\"><br \/><\/span><\/p>\n<p><span style=\"font-family: \u5b8b\u4f53;letter-spacing: 0;font-size: 16px\"><br \/><\/span><\/p>\n<\/div>\n<\/div>\n<div class=\"graphic_pic animated wow bounceIn\" data-wow-delay=\".7s\">\n<p style=\"text-align:center\"><img loading=\"lazy\" decoding=\"async\" src=\"https:\/\/www.hommy.com\/wp-content\/uploads\/16005019749450.png\" alt=\"produit-Hommy-img\" title=\"\" width=\"450\" height=\"347\" border=\"0\" vspace=\"0\" style=\"width: 450px;height: 347px\"><\/p>\n<\/div>\n<\/div>\n<\/div>\n<\/div>\n<p><span style=\"font-family: \u5b8b\u4f53;letter-spacing: 0;font-size: 16px\"><br \/><\/span><\/p>\n<p><\/p>\n<p><\/p>\n<p><\/p>\n<p>Document\uff1a<img decoding=\"async\" src=\"https:\/\/www.hommy.com\/wp-content\/uploads\/icon_pdf-38.gif\" style=\"margin-right: 2px\" alt=\"produit-Hommy-img-1\" title=\"\"><a href=\"https:\/\/img80002414.weyesimg.com\/uploads\/www.hommy.com\/addon\/16027373571851.pdf\" title=\"16027373571851.pdf\" style=\"font-size: 12px\">16027373571851.pdf<\/a><\/p>\n<p><\/p>\n<\/div><\/div>","protected":false},"excerpt":{"rendered":"<p>&nbsp; &nbsp;&nbsp; Commercial Ice Cream Maker Commercial Ice Cream Maker|Product Features|Soft Serve Freezer Twin Twist , Gravity Feed , Counter|Product Specification|Product Advantage &nbsp; &nbsp; &nbsp; &nbsp; &nbsp;&nbsp; &nbsp;&nbsp;&nbsp;&nbsp; Product Features &nbsp; Hommy has a professional team to do product design. There are professional refrigeration engineers, software engineers, and structural engineers to ensure that the product [&hellip;]<\/p>\n","protected":false},"featured_media":703,"comment_status":"open","ping_status":"open","template":"","meta":{"_swt_meta_header_display":false,"_swt_meta_footer_display":false,"_swt_meta_site_title_display":false,"_swt_meta_sticky_header":false,"_swt_meta_transparent_header":false},"product_brand":[],"product_cat":[81,77],"product_tag":[],"class_list":{"0":"post-710","1":"product","2":"type-product","3":"status-publish","4":"has-post-thumbnail","6":"product_cat-copper-ice-cream-machine","7":"product_cat-ice-cream-machine","9":"first","10":"instock","11":"shipping-taxable","12":"product-type-simple"},"_links":{"self":[{"href":"https:\/\/www.hommy.com\/fr\/wp-json\/wp\/v2\/product\/710","targetHints":{"allow":["GET"]}}],"collection":[{"href":"https:\/\/www.hommy.com\/fr\/wp-json\/wp\/v2\/product"}],"about":[{"href":"https:\/\/www.hommy.com\/fr\/wp-json\/wp\/v2\/types\/product"}],"replies":[{"embeddable":true,"href":"https:\/\/www.hommy.com\/fr\/wp-json\/wp\/v2\/comments?post=710"}],"wp:featuredmedia":[{"embeddable":true,"href":"https:\/\/www.hommy.com\/fr\/wp-json\/wp\/v2\/media\/703"}],"wp:attachment":[{"href":"https:\/\/www.hommy.com\/fr\/wp-json\/wp\/v2\/media?parent=710"}],"wp:term":[{"taxonomy":"product_brand","embeddable":true,"href":"https:\/\/www.hommy.com\/fr\/wp-json\/wp\/v2\/product_brand?post=710"},{"taxonomy":"product_cat","embeddable":true,"href":"https:\/\/www.hommy.com\/fr\/wp-json\/wp\/v2\/product_cat?post=710"},{"taxonomy":"product_tag","embeddable":true,"href":"https:\/\/www.hommy.com\/fr\/wp-json\/wp\/v2\/product_tag?post=710"}],"curies":[{"name":"wp","href":"https:\/\/api.w.org\/{rel}","templated":true}]}}