{"id":702,"date":"2024-07-02T15:24:36","date_gmt":"2024-07-02T15:24:36","guid":{"rendered":"http:\/\/localhost\/hommywp\/hm901-china-ice-cream-shake-freezer-factory-how-much\/"},"modified":"2025-08-01T09:57:40","modified_gmt":"2025-08-01T09:57:40","slug":"congelateur-a-secousses-hm901","status":"publish","type":"product","link":"https:\/\/www.hommy.com\/fr\/p\/congelateur-a-secousses-hm901\/","title":{"rendered":"Hm901 China Ice Cream Shake Freezer Factory How Much"},"content":{"rendered":"<div>\n<p style=\"text-align: center\"><\/p>\n<p style=\"text-align: center\"><span style=\"font-size: 16px;font-family: arial, helvetica, sans-serif\"><a href=\"#Product Features\" target=\"_self\" data-lv=\"0\" rel=\"noopener\">Caract\u00e9ristiques du produit<\/a><\/span><span style=\"font-size: 16px;font-family: arial, helvetica, sans-serif\">|<a href=\"#Shake freezer\" target=\"_self\" data-lv=\"0\" rel=\"noopener\">Secouer le cong\u00e9lateur<\/a>|<a href=\"#Product Specification\" target=\"_self\" data-lv=\"0\" rel=\"noopener\">Sp\u00e9cification du produit<\/a>|<a href=\"#Product Advantage\" target=\"_self\" data-lv=\"0\" rel=\"noopener\">Avantages du produit<\/a><\/span><\/p>\n<p>Notre gamme de cong\u00e9lateurs \u00e0 cr\u00e8me glac\u00e9e peut \u00eatre utilis\u00e9e par les clients pour des usages r\u00e9sidentiels et commerciaux. Nous nous assurons que le cong\u00e9lateur \u00e0 cr\u00e8me glac\u00e9e est fabriqu\u00e9 avec des mati\u00e8res premi\u00e8res de la meilleure qualit\u00e9. Ils sont tr\u00e8s appr\u00e9ci\u00e9s par les clients en raison de leurs meilleures caract\u00e9ristiques. Nous fournissons \u00e9galement des services apr\u00e8s-vente pour nos produits.<\/p>\n<h2><span style=\"font-family: arial, helvetica, sans-serif;font-size: 24px\"><strong><span style=\"font-family: arial, helvetica, sans-serif;letter-spacing: 0px\"><a name=\"Product Features\"><\/a>Produit <\/span><\/strong><strong><span style=\"font-family: arial, helvetica, sans-serif;letter-spacing: 0px\">Caract\u00e9ristiques<\/span><\/strong><\/span><strong><span style=\"font-family: \u5b8b\u4f53;letter-spacing: 0;font-size: 18px\"> <\/span><\/strong><strong><span style=\"font-family: \u5b8b\u4f53;letter-spacing: 0;font-size: 18px\">&nbsp;<\/span><\/strong><\/h2>\n<p style=\"margin-top:0;margin-right:0;margin-bottom:10px;margin-left:0;text-indent:0\"><span style=\"font-family: Helvetica;letter-spacing: 0;font-size: 16px\">Hommy dispose d'une \u00e9quipe professionnelle charg\u00e9e de la conception des produits. Des ing\u00e9nieurs sp\u00e9cialis\u00e9s dans la r\u00e9frig\u00e9ration, les logiciels et les structures garantissent la stabilit\u00e9 et la durabilit\u00e9 de la qualit\u00e9 du produit. En m\u00eame temps, la conception personnalis\u00e9e est ajout\u00e9e pour faciliter le futur service apr\u00e8s-vente. Hommy <a style=\"color:blue\" href=\"\/fr\/\">machine \u00e0 glace<\/a> est digne de confiance.<\/span><\/p>\n<p style=\"margin-top:0;margin-right:0;margin-bottom:10px;margin-left:0;text-indent:0\"><span style=\"font-family: Helvetica;letter-spacing: 0;font-size: 16px\"><br \/><\/span><\/p>\n<div class=\"d-tem01-graphic tem01-graphic mockup\" data-detail=\"wrap\">\n<div class=\"cont-section clearfix d-clearfix\">\n<div class=\"col-md-6 col-sm-6 col-xs-6\">\n<div class=\"graphic_pic animated wow bounceIn\" data-wow-delay=\".7s\"><img decoding=\"async\" src=\"https:\/\/www.hommy.com\/wp-content\/uploads\/16004157494012.jpg\" alt=\"produit-Hommy-img\" title=\"\"><br \/>\n &nbsp; &nbsp; &nbsp; &nbsp; &nbsp; &nbsp;<\/div>\n<\/div>\n<div class=\"col-md-6 col-sm-6 col-xs-6\">\n<div class=\"right-p\">\n<div class=\"h2 heading\">\n<h2><strong style=\"font-size: 24px\"><span style=\"font-family: arial, helvetica, sans-serif\"><a name=\"Shake freezer\"><\/a>Cong\u00e9lateur \u00e0 secousses, machine \u00e0 secousses \u00e9paisses<\/span><\/strong><span style=\"font-size: 24px\"><strong><span style=\"font-family: arial, helvetica, sans-serif\"><a name=\"Shake freezer , Thick Shake machine Pre-cooling,  Mixer, Counter, Heat Treatment  Features\"><\/a><\/span><\/strong><\/span><\/h2>\n<h2 style=\", Helvetica, Arial, sans-serif\"><span style=\"font-size: 24px\"><strong><span style=\"font-family: Calibri\">Pr\u00e9-refroidissement, m\u00e9langeur, compteur, traitement thermique&nbsp;&nbsp;<\/span><\/strong><strong style=\"color: inherit;font-family: inherit\"><span style=\"font-family: arial, helvetica, sans-serif\">Caract\u00e9ristiques :<\/span><\/strong><\/span><\/h2>\n<p style=\"margin-left:32px\"><span style=\"font-family: Calibri;font-size: 16px\">- Offre de produits : Proposer toutes les variantes populaires de boissons rafra\u00eechissantes, de la cr\u00e8me glac\u00e9e au yaourt glac\u00e9 \u00e0 faible teneur en mati\u00e8re grasse ou sans mati\u00e8re grasse.<\/span><\/p>\n<p style=\"margin-left:32px\"><span style=\"font-family: Calibri;font-size: 16px\">- Saveur : Servir une seule saveur.<\/span><\/p>\n<p style=\"margin-left:32px\"><span style=\"font-family: Calibri;font-size: 16px\">- Tr\u00e9mie de m\u00e9lange : Une tr\u00e9mie d'une capacit\u00e9 de 13 litres (13.7quart, 3.43gallons)<\/span><\/p>\n<p style=\"margin-top:0;margin-right:0;margin-bottom:0;margin-left:0;text-indent:0;text-align:justify\"><span style=\"font-family: arial, helvetica, sans-serif\"><span style=\"font-family: Calibri;font-size: 16px\">Cylindre de cong\u00e9lation : Un <\/span><span style=\"font-family: Calibri;letter-spacing: 0px;font-size: 16px\">&nbsp;Capacit\u00e9 de 2,8 litres (3,0 pintes, 0,74 gallons)<\/span><\/span><\/p>\n<p><span style=\"font-size: 16px;font-family: arial, helvetica, sans-serif\">&nbsp;<\/span><\/p>\n<p><span style=\"font-size: 16px;font-family: arial, helvetica, sans-serif\">Contr\u00f4le \u00e9lectronique :<\/span><\/p>\n<p style=\"margin-left:32px\"><span style=\"font-family: Calibri;font-size: 16px\">- Les temp\u00e9ratures dans les tr\u00e9mies ou les cylindres de cong\u00e9lation peuvent \u00eatre affich\u00e9es \u00e0 tout moment de l'op\u00e9ration.<\/span><\/p>\n<p style=\"margin-left:32px\"><span style=\"font-family: Calibri;font-size: 16px\">- Fournit le niveau de viscosit\u00e9 requis pour les portions.<\/span><\/p>\n<p style=\"margin-left:32px\"><span style=\"font-family: Calibri;font-size: 16px\">- Indicateur de niveau de m\u00e9lange et alarme. Lorsque le voyant de fin de m\u00e9lange clignote, la machine s'arr\u00eate automatiquement pour \u00e9viter tout dommage.<\/span><\/p>\n<p><span style=\"font-size: 16px;font-family: arial, helvetica, sans-serif\">Mode veille : <\/span><\/p>\n<p><span style=\"font-family: Calibri;font-size: 16px\">Pendant les longues p\u00e9riodes d'inutilisation, la fonction de veille maintient des temp\u00e9ratures de produit s\u00fbres dans la tr\u00e9mie de m\u00e9lange et le cylindre de cong\u00e9lation.<\/span><\/p>\n<p style=\"margin-left:32px\"><span style=\"font-family: Calibri;font-size: 16px\">- Fonction de protection de la pression pour le syst\u00e8me de refroidissement.<\/span><\/p>\n<p style=\"margin-left:32px\"><span style=\"font-family: arial, helvetica, sans-serif\"><span style=\"font-family: Calibri;font-size: 16px\">- La construction durable du couvercle en acier inoxydable en fait un outil de travail moderne et efficace.<\/span><span style=\"font-family: \u5b8b\u4f53;font-size: 16px\">&nbsp;<\/span><span style=\"font-family: Calibri;font-size: 16px\">un aspect ext\u00e9rieur luxueux<\/span><\/span><\/p>\n<p><span style=\"font-size: 16px;font-family: arial, helvetica, sans-serif\">Fonctions :<\/span><\/p>\n<p><span style=\"font-size: 16px;font-family: arial, helvetica, sans-serif\">Le syst\u00e8me de pr\u00e9-refroidissement maintient le m\u00e9lange \u00e0 une temp\u00e9rature inf\u00e9rieure \u00e0 5\u00b0C en mode automatique et en mode veille.<\/span><\/p>\n<p><span style=\"font-size: 16px;font-family: arial, helvetica, sans-serif\">Le m\u00e9langeur maintient l'uniformit\u00e9 du m\u00e9lange dans les tr\u00e9mies.<\/span><\/p>\n<p><span style=\"font-size: 16px;font-family: arial, helvetica, sans-serif\">Le traitement thermique permet un nettoyage quotidien afin de maintenir le produit conforme aux normes de qualit\u00e9 et de s\u00e9curit\u00e9 jusqu'\u00e0 deux semaines avant le nettoyage complet et le d\u00e9montage.<\/span><\/p>\n<p><span style=\"font-family: Calibri;font-size: 16px\">Il n'est pas n\u00e9cessaire de d\u00e9monter la machine pour nettoyer le bloc de la gorge, le batteur et l'unit\u00e9 d'alimentation.<\/span><span style=\"font-size: 16px\"><span style=\"font-family:\u5b8b\u4f53\">&nbsp;<\/span><\/span><span style=\"font-family: Calibri;font-size: 16px\">cylindre.<\/span><\/p>\n<\/div>\n<\/div>\n<p>&nbsp; &nbsp; &nbsp; &nbsp; &nbsp; &nbsp;<\/p><\/div>\n<\/div>\n<\/div>\n<h2><span style=\"font-family: arial, helvetica, sans-serif;font-size: 24px\"><strong><span style=\"font-family: arial, helvetica, sans-serif;letter-spacing: 0px\"><a name=\"Product Specification\"><\/a>Sp\u00e9cification du produit<\/span><\/strong><\/span><strong><span style=\"font-family: \u5b8b\u4f53;letter-spacing: 0;font-size: 18px\"> <\/span><\/strong><\/h2>\n<h4><span style=\"font-family: Cambria;letter-spacing: 0;font-size: 16px\">Servir une grande vari\u00e9t\u00e9 de boissons congel\u00e9es, comme les milk-shakes et les smoothies, avec l'assurance de temp\u00e9ratures s\u00fbres pour les produits laitiers. Tirez directement un seul ar\u00f4me ou m\u00e9langez des ar\u00f4mes pour plus de vari\u00e9t\u00e9.&nbsp;<\/span><\/h4>\n<p><span style=\"font-family: Cambria;letter-spacing: 0;font-size: 16px\"><br \/><\/span><\/p>\n<p style=\"margin: 0px 0px 10px;text-indent: 0px;text-align: center\"><span style=\"font-family: Helvetica;letter-spacing: 0;font-size: 16px\"><img decoding=\"async\" src=\"https:\/\/www.hommy.com\/wp-content\/uploads\/16004156604638.jpg\" alt=\"produit-Hommy-img\" title=\"\"><\/span><\/p>\n<p><strong><span style=\"font-family: \u5b8b\u4f53;letter-spacing: 0;font-size: 18px\"><br \/><\/span><\/strong><\/p>\n<h2><span style=\"font-family: arial, helvetica, sans-serif;font-size: 24px\"><strong><span style=\"font-family: arial, helvetica, sans-serif;letter-spacing: 0px\"><a name=\"Product Advantage\"><\/a>Avantages du produit<\/span><\/strong><\/span><strong><span style=\"font-family: \u5b8b\u4f53;letter-spacing: 0;font-size: 18px\"> <\/span><\/strong><\/h2>\n<p><span style=\"font-family: Helvetica;letter-spacing: 0;font-size: 14px\">Hommy produit des machines \u00e0 glaces depuis 20 ans, les distributeurs automatiques de glaces ajoutent des fonctions de glaces douces, car il n'y a pas de personnel pour assurer le service tout le temps. Nous nous basons sur ce capteur suppl\u00e9mentaire et utilisons un logiciel pour le contr\u00f4ler, ce qui est de bonne qualit\u00e9 et de bonne fonction.<\/span><\/p>\n<p><span style=\"font-family: Helvetica;letter-spacing: 0;font-size: 14px\"><\/span><\/p>\n<div class=\"d-tem01-graphic tem01-graphic mockup\" data-detail=\"wrap\">\n<div class=\"cont-section clearfix d-clearfix\">\n<div class=\"col-md-6 col-sm-6 col-xs-6\">\n<div class=\"right-p\">\n<div class=\"h2 heading\">\n<p style=\"margin-bottom:13px;margin-left:0;text-indent:0\"><span style=\"font-family: Helvetica;letter-spacing: 0;font-weight: bold;font-size: 18px\">1.&nbsp;<\/span><strong><span style=\"font-family: Helvetica;letter-spacing: 0;font-size: 18px\">Tube d'expansion<\/span><\/strong><\/p>\n<\/div>\n<p><span style=\"font-family: \u5b8b\u4f53;font-size: 16px;letter-spacing: 0px\">La fonction du tube d'expansion est de souffler de l'air dans le cylindre et de le m\u00e9langer \u00e0 la cr\u00e8me glac\u00e9e pour augmenter le taux d'expansion de la cr\u00e8me glac\u00e9e, ce qui la rend plus moelleuse et plus d\u00e9licieuse lorsque vous la mangez. Le taux d'expansion du tube d'expansion est de 30%-45%, et il comporte trois trous diff\u00e9rents permettant aux clients de r\u00e9gler la quantit\u00e9 d'entr\u00e9e d'air, ce qui est pratique \u00e0 nettoyer et simple \u00e0 utiliser.<\/span><\/p>\n<p><span style=\"font-family: \u5b8b\u4f53;font-size: 16px;letter-spacing: 0px\"><br \/><\/span><\/p>\n<p><span style=\"font-family: \u5b8b\u4f53;font-size: 16px;letter-spacing: 0px\"><br \/><\/span><\/p>\n<\/div>\n<div class=\"graphic_pic animated wow bounceIn\" data-wow-delay=\".7s\">\n<p style=\"text-align:center\"><img loading=\"lazy\" decoding=\"async\" src=\"https:\/\/www.hommy.com\/wp-content\/uploads\/16004159642261.jpg\" alt=\"produit-HM901 Cong\u00e9lateur \u00e0 secousses-Hommy-img\" title=\"\" width=\"250\" height=\"467\" border=\"0\" vspace=\"0\" style=\"width: 250px;height: 467px\"><\/p>\n<\/div>\n<\/div>\n<div class=\"col-md-6 col-sm-6 col-xs-6\">\n<div class=\"right-p\">\n<div class=\"h2 heading\">\n<p><span style=\"font-family: Helvetica;letter-spacing: 0;font-size: 22px\">2. Laisser le capteur<\/span><\/p>\n<\/div>\n<p><span style=\"font-family: \u5b8b\u4f53;letter-spacing: 0px;font-size: 16px\"><\/span><span><span style=\"font-family: \u5b8b\u4f53;letter-spacing: 0px;font-size: 16px\">Laisser le capteur avoir&nbsp;<\/span><span style=\"font-family: Calibri;letter-spacing: 0px;font-size: 16px\">Deuxi\u00e8me \u00e9tape, la premi\u00e8re \u00e9tape de l'alarme de niveau de mat\u00e9riau manquant, la deuxi\u00e8me \u00e9tape de l'arr\u00eat automatique.<\/span><span style=\"font-family: \u5b8b\u4f53;letter-spacing: 0px;font-size: 16px\">&nbsp;Lorsque vous recevez le premier message, vous avez un peu de temps pour ajouter du mat\u00e9riel, il n'est pas n\u00e9cessaire d'arr\u00eater la machine pour la faire fonctionner.<\/span><\/span><\/p>\n<p><span><span style=\"font-family: \u5b8b\u4f53;letter-spacing: 0px;font-size: 16px\"><br \/><\/span><\/span><\/p>\n<p><span><span style=\"font-family: \u5b8b\u4f53;letter-spacing: 0px;font-size: 16px\"><br \/><\/span><\/span><\/p>\n<p><span><span style=\"font-family: \u5b8b\u4f53;letter-spacing: 0px;font-size: 16px\"><br \/><\/span><\/span><\/p>\n<\/div>\n<div class=\"graphic_pic animated wow bounceIn\" data-wow-delay=\".7s\">\n<p style=\"text-align:center\"><img loading=\"lazy\" decoding=\"async\" src=\"https:\/\/www.hommy.com\/wp-content\/uploads\/16004160178346.jpg\" alt=\"produit-Hommy-HM901 Cong\u00e9lateur \u00e0 secousses-img\" title=\"\" width=\"250\" height=\"777\" border=\"0\" vspace=\"0\" style=\"width: 250px;height: 777px\"><\/p>\n<\/div>\n<\/div>\n<\/div>\n<\/div>\n<div class=\"d-tem01-graphic tem01-graphic mockup\" data-detail=\"wrap\">\n<div class=\"cont-section clearfix d-clearfix\">\n<div class=\"col-md-6 col-sm-6 col-xs-6\">\n<div class=\"right-p\">\n<div class=\"h2 heading\">3.&nbsp;<span style=\"font-family: Helvetica;letter-spacing: 0px\">Pasteurisation<\/span><\/div>\n<div class=\"description\">\n<p><span><span style=\"font-family: \u5b8b\u4f53;letter-spacing: 0px;font-size: 16px\">Si vous vendez des glaces la nuit, le syst\u00e8me se d\u00e9clenche automatiquement Pasteurisation : peut tuer&nbsp;<\/span><span style=\"font-family: Calibri;letter-spacing: 0px;font-size: 16px\">les bact\u00e9ries&nbsp;<\/span><span style=\"font-family: \u5b8b\u4f53;letter-spacing: 0px;font-size: 16px\">que&nbsp;<\/span><span style=\"font-family: Calibri;letter-spacing: 0px;font-size: 16px\">produire<\/span><span style=\"font-family: \u5b8b\u4f53;letter-spacing: 0px;font-size: 16px\">&nbsp;<\/span><span style=\"font-family: Calibri;letter-spacing: 0px;font-size: 16px\">\u00e0 l'int\u00e9rieur de la machine<\/span><span style=\"font-family: \u5b8b\u4f53;letter-spacing: 0px;font-size: 16px\">&nbsp;de -5\u2103&nbsp;<\/span><span style=\"font-family: Arial;letter-spacing: 0px;font-size: 16px\">\u2192<\/span><span style=\"font-family: \u5b8b\u4f53;letter-spacing: 0px;font-size: 16px\">&nbsp;65\u2103<\/span><span style=\"font-family: Arial;letter-spacing: 0px;font-size: 16px\">\u2192<\/span><span style=\"font-family: \u5b8b\u4f53;letter-spacing: 0px;font-size: 16px\">&nbsp;-5\u2103<\/span><span style=\"font-family: Calibri;letter-spacing: 0px;font-size: 16px\">processus<\/span><span style=\"font-family: \u5b8b\u4f53;letter-spacing: 0px;font-size: 16px\">&nbsp;(d\u00e9sinfecter le cylindre de chargement et la mati\u00e8re premi\u00e8re \u00e0 l'int\u00e9rieur, puis r\u00e9frig\u00e9rer jusqu'\u00e0 l'\u00e9tat de r\u00e9servation). Vous pouvez donc conserver la machine pendant 14 jours en une seule fois.<\/span><\/span><\/p>\n<p><span><span style=\"font-family: \u5b8b\u4f53;letter-spacing: 0px;font-size: 16px\"><br \/><\/span><\/span><\/p>\n<p><span><span style=\"font-family: \u5b8b\u4f53;letter-spacing: 0px;font-size: 16px\"><br \/><\/span><\/span><\/p>\n<\/div>\n<\/div>\n<div class=\"graphic_pic animated wow bounceIn\" data-wow-delay=\".7s\">\n<p style=\"text-align:center\"><img loading=\"lazy\" decoding=\"async\" src=\"https:\/\/www.hommy.com\/wp-content\/uploads\/16004160617364.png\" alt=\"produit-Hommy-img\" title=\"\" width=\"350\" height=\"336\" border=\"0\" vspace=\"0\" style=\"width: 350px;height: 336px\"><\/p>\n<\/div>\n<\/div>\n<div class=\"col-md-6 col-sm-6 col-xs-6\">\n<div class=\"right-p\">\n<div class=\"h2 heading\">4. M\u00e9lange dans la tr\u00e9mie<\/div>\n<div class=\"description\"><span style=\"font-family: \u5b8b\u4f53;font-size: 16px;letter-spacing: 0px\">M\u00e9lange uniforme. Le m\u00e9langeur \u00e0 grande vitesse dans la tr\u00e9mie maintient le mat\u00e9riau en mouvement dans la tr\u00e9mie en cas de gla\u00e7age. La cr\u00e8me glac\u00e9e sera plus lisse apr\u00e8s avoir \u00e9t\u00e9 compl\u00e8tement m\u00e9lang\u00e9e \u00e0 l'air.&nbsp;<\/span><\/div>\n<\/div>\n<p><\/p>\n<p><\/p>\n<p><\/p>\n<p><\/p>\n<p style=\"text-align:center\"><img loading=\"lazy\" decoding=\"async\" src=\"https:\/\/www.hommy.com\/wp-content\/uploads\/16004160943439.jpg\" alt=\"produit-Hommy-img\" title=\"\" width=\"250\" height=\"467\" border=\"0\" vspace=\"0\" style=\"width: 250px;height: 467px\"><\/p>\n<p>&nbsp; &nbsp; &nbsp; &nbsp; &nbsp; &nbsp;<\/p>\n<\/div>\n<\/div>\n<\/div>\n<p style=\"margin: 0px 0px 10px;text-indent: 0px\"><span style=\"font-family: Helvetica;letter-spacing: 0;font-size: 16px\">Document\uff1a<\/span><img decoding=\"async\" src=\"https:\/\/www.hommy.com\/wp-content\/uploads\/icon_pdf-37.gif\" style=\"margin-right: 2px\" alt=\"produit-Hommy-img-1\" title=\"\"><a href=\"https:\/\/img80002414.weyesimg.com\/uploads\/www.hommy.com\/addon\/16027420964101.pdf\" title=\"16027420964101.pdf\" style=\"font-size: 12px\">16027420964101.pdf<\/a><\/p>\n<p style=\"margin: 0px 0px 10px;text-indent: 0px\"><span style=\"font-family: Helvetica;letter-spacing: 0;font-size: 16px\"><\/span><\/p>\n<h2>Le yaourt glac\u00e9 se d\u00e9grade-t-il au cong\u00e9lateur ?<\/h2>\n<p style=\"margin-top: 5px;margin-bottom: 5px\">J'ai toujours entendu dire qu'il fallait conserver le yaourt glac\u00e9 au cong\u00e9lateur. Il est indiqu\u00e9 sur l'emballage que si vous laissez le yaourt congel\u00e9 \u00e0 temp\u00e9rature ambiante pendant trop longtemps, il commencera \u00e0 d\u00e9congeler. Et si vous ne l'utilisez pas avant, il se g\u00e2tera et aura un go\u00fbt horrible.<\/p>\n<p style=\"margin-top: 5px;margin-bottom: 5px\"><\/p>\n<h2>Qui fabrique les machines \u00e0 glaces McDonald's ?<\/h2>\n<p style=\"margin-top: 5px;margin-bottom: 5px\">Nous sommes McDonalds. Nous fabriquons des machines \u00e0 glace McDonalds !&nbsp;<\/p>\n<p style=\"margin-top: 5px;margin-bottom: 5px\">Mais nous ne nous contentons pas de fabriquer des machines \u00e0 glaces, nous les d\u00e9clinons en diff\u00e9rents parfums, qui ne se limitent pas aux glaces. Ils comprennent \u00e9galement les milk-shakes, les milkshakes, les glaces soft serve et bien d'autres encore, le tout ici m\u00eame chez McDonalds!Quels sont certains des parfums de glace que vous pouvez obtenir chez McDonalds ?<\/p>\n<p style=\"margin-top: 5px;margin-bottom: 5px\"><\/p>\n<h2>Peut-on utiliser du yaourt glac\u00e9 comme starter ?<\/h2>\n<p style=\"margin-top: 5px;margin-bottom: 5px\">J'ai quelques starters de yaourt sous la main, datant de la derni\u00e8re fois que j'ai fait du yaourt. J'aimerais pouvoir les r\u00e9utiliser, mais je ne suis pas s\u00fbre qu'ils soient encore bons. Je pensais que je pourrais les congeler, puis les d\u00e9congeler et les utiliser comme starters.<\/p>\n<\/div><\/div>","protected":false},"excerpt":{"rendered":"<p>Product Features|Shake freezer|Product Specification|Product Advantage Our range of Ice Cream Shake Freezer can be availed by customers for residential and commercial uses. We ensure that the Ice Cream Shake Freezer is manufactured with best quality raw material. They are highly appreciated by customers due to their best features. We also provide after sales services with [&hellip;]<\/p>\n","protected":false},"featured_media":695,"comment_status":"open","ping_status":"open","template":"","meta":{"_swt_meta_header_display":false,"_swt_meta_footer_display":false,"_swt_meta_site_title_display":false,"_swt_meta_sticky_header":false,"_swt_meta_transparent_header":false},"product_brand":[],"product_cat":[80,77],"product_tag":[],"class_list":{"0":"post-702","1":"product","2":"type-product","3":"status-publish","4":"has-post-thumbnail","6":"product_cat-frozen-yogurt-machine","7":"product_cat-ice-cream-machine","9":"first","10":"instock","11":"shipping-taxable","12":"product-type-simple"},"_links":{"self":[{"href":"https:\/\/www.hommy.com\/fr\/wp-json\/wp\/v2\/product\/702","targetHints":{"allow":["GET"]}}],"collection":[{"href":"https:\/\/www.hommy.com\/fr\/wp-json\/wp\/v2\/product"}],"about":[{"href":"https:\/\/www.hommy.com\/fr\/wp-json\/wp\/v2\/types\/product"}],"replies":[{"embeddable":true,"href":"https:\/\/www.hommy.com\/fr\/wp-json\/wp\/v2\/comments?post=702"}],"wp:featuredmedia":[{"embeddable":true,"href":"https:\/\/www.hommy.com\/fr\/wp-json\/wp\/v2\/media\/695"}],"wp:attachment":[{"href":"https:\/\/www.hommy.com\/fr\/wp-json\/wp\/v2\/media?parent=702"}],"wp:term":[{"taxonomy":"product_brand","embeddable":true,"href":"https:\/\/www.hommy.com\/fr\/wp-json\/wp\/v2\/product_brand?post=702"},{"taxonomy":"product_cat","embeddable":true,"href":"https:\/\/www.hommy.com\/fr\/wp-json\/wp\/v2\/product_cat?post=702"},{"taxonomy":"product_tag","embeddable":true,"href":"https:\/\/www.hommy.com\/fr\/wp-json\/wp\/v2\/product_tag?post=702"}],"curies":[{"name":"wp","href":"https:\/\/api.w.org\/{rel}","templated":true}]}}