{"id":694,"date":"2024-07-02T15:24:30","date_gmt":"2024-07-02T15:24:30","guid":{"rendered":"http:\/\/localhost\/hommywp\/hm706-buy-profitable-soft-frozen-yogurt-maker-wholesale\/"},"modified":"2025-08-01T09:57:40","modified_gmt":"2025-08-01T09:57:40","slug":"hm706-machine-a-glace-molle","status":"publish","type":"product","link":"https:\/\/www.hommy.com\/fr\/p\/hm706-machine-a-glace-molle\/","title":{"rendered":"Hm706 Acheter Profitable Soft Frozen Yogurt Maker Wholesale"},"content":{"rendered":"<div>\n<h4 style=\"text-align: center\"><span style=\"font-size: 24px\"><strong><span style=\"font-family: \u5b8b\u4f53;letter-spacing: 0px\"><br \/><\/span><\/strong><\/span><\/h4>\n<h2 style=\"text-align: center\"><span style=\"font-size: 24px;font-family: arial, helvetica, sans-serif\"><strong><span style=\"font-size: 24px;letter-spacing: 0px\"><a name=\"Soft Serve Ice Cream Machine\"><\/a>Machine \u00e0 cr\u00e8me glac\u00e9e Soft Serve<\/span><\/strong><\/span><\/h2>\n<p style=\"text-align: center\"><a href=\"#Soft Serve Ice Cream Machine\" target=\"_self\" data-lv=\"0\" rel=\"noopener\"><span style=\"font-size: 16px;font-family: arial, helvetica, sans-serif;letter-spacing: 0px\">Machine \u00e0 cr\u00e8me glac\u00e9e Soft Serve<\/span><\/a><span style=\"font-size: 16px;font-family: arial, helvetica, sans-serif;letter-spacing: 0px\">|<a href=\"#Product Features\" target=\"_self\" data-lv=\"0\" rel=\"noopener\">Caract\u00e9ristiques du produit<\/a>|<a href=\"#Table top Soft Serve Freezer, table top Frozen Yogurt Freezer\" target=\"_self\" data-lv=\"0\" rel=\"noopener\">Cong\u00e9lateur de table pour yogourt glac\u00e9, cong\u00e9lateur de table pour yogourt glac\u00e9<\/a>|<a href=\"#Product Specification\" target=\"_self\" data-lv=\"0\" rel=\"noopener\">Sp\u00e9cification du produit<\/a>|<a href=\"#Product Advantage\" target=\"_self\" data-lv=\"0\" rel=\"noopener\">Avantages du produit<\/a><\/span><\/p>\n<p><\/p>\n<p style=\"text-align: center\">\n<p style=\"text-align: center\">\n<p><span style=\"font-family: Helvetica;font-size: 16px;letter-spacing: 0px\">Nous avons une \u00e9quipe de professionnels qui ont des ann\u00e9es d'exp\u00e9rience dans ce domaine. La machine \u00e0 yogourt glac\u00e9 que nous fournissons a un rendement \u00e9nerg\u00e9tique \u00e9lev\u00e9 et est tr\u00e8s durable. La machine \u00e0 yaourt glac\u00e9 que nous fournissons est tr\u00e8s efficace et facile \u00e0 utiliser.<\/span><\/p>\n<h2><span style=\"font-family: arial, helvetica, sans-serif;font-size: 24px\"><strong><span style=\"font-family: arial, helvetica, sans-serif;letter-spacing: 0px\">Produit <\/span><\/strong><strong><span style=\"font-family: arial, helvetica, sans-serif;letter-spacing: 0px\">Caract\u00e9ristiques<\/span><\/strong><\/span><strong><span style=\"font-family: \u5b8b\u4f53;letter-spacing: 0;font-size: 18px\"> <\/span><\/strong><strong><span style=\"font-family: \u5b8b\u4f53;letter-spacing: 0;font-size: 18px\">&nbsp;<\/span><\/strong><\/h2>\n<p style=\"margin-top:0;margin-right:0;margin-bottom:10px;margin-left:0;text-indent:0\"><span style=\"font-family: Helvetica;letter-spacing: 0;font-size: 16px\"><\/span><\/p>\n<p><span style=\"font-family: Helvetica;letter-spacing: 0;font-size: 16px\">Hommy dispose d'une \u00e9quipe professionnelle charg\u00e9e de la conception des produits. Des ing\u00e9nieurs sp\u00e9cialis\u00e9s dans la r\u00e9frig\u00e9ration, les logiciels et les structures garantissent la stabilit\u00e9 et la durabilit\u00e9 de la qualit\u00e9 du produit. En m\u00eame temps, la conception personnalis\u00e9e est ajout\u00e9e pour faciliter le futur service apr\u00e8s-vente. <\/span><span style=\"font-family: Helvetica\"><span style=\"letter-spacing: 0px;font-size: 16px\">Hommy<\/span><span style=\"letter-spacing: 0px;font-size: 16px\">&nbsp;cr\u00e8me glac\u00e9e <a style=\"color:blue\" href=\"https:\/\/www.hommy.com\/fr\/machine-a-glace\/\">machine \u00e0 servir les boissons gazeuses<\/a> <\/span><\/span><span style=\"font-family: Helvetica;letter-spacing: 0;font-size: 16px\">est digne de confiance.<\/span><span style=\"font-family: \u5b8b\u4f53;letter-spacing: 0px;font-size: 16px\">&nbsp;<span style=\"letter-spacing: 0px;font-size: 16px;font-family: Helvetica\">Si vous souhaitez obtenir plus d'informations sur <a style=\"color:blue\" href=\"https:\/\/www.hommy.com\/fr\/machine-a-glace-molle\/\">machine \u00e0 glace molle<\/a> et les prix, veuillez nous contacter.<\/span><\/span><\/p>\n<p><span style=\"font-family: \u5b8b\u4f53;letter-spacing: 0;font-size: 16px\"><\/span><\/p>\n<div class=\"d-tem01-graphic tem01-graphic mockup\" data-detail=\"wrap\">\n<div class=\"cont-section clearfix d-clearfix\">\n<div class=\"col-md-6 col-sm-6 col-xs-6\"><\/p>\n<div class=\"graphic_pic animated wow bounceIn\" data-wow-delay=\".7s\"><img decoding=\"async\" src=\"https:\/\/www.hommy.com\/wp-content\/uploads\/16004078203526.jpg\" alt=\"produit-Hommy-img\" title=\"\"><br \/>\n &nbsp; &nbsp; &nbsp; &nbsp; &nbsp; &nbsp;<\/div>\n<\/div>\n<div class=\"col-md-6 col-sm-6 col-xs-6\">\n<div class=\"right-p\">\n<div class=\"h2 heading\">\n<h2><span style=\"font-size: 24px;font-family: arial, helvetica, sans-serif\"><strong><span style=\"font-size: 24px\"><a name=\"Table top Soft Serve Freezer, table top Frozen Yogurt Freezer\"><\/a>Plateau de table <\/span><\/strong><strong><span style=\"font-size: 24px\">Cong\u00e9lateur \u00e0 friandises, <\/span><\/strong><strong><span style=\"font-size: 24px\">plateau de table <\/span><\/strong><strong><span style=\"font-size: 24px\">Cong\u00e9lateur pour yaourt congel\u00e9<\/span><\/strong><\/span><\/h2>\n<p><span style=\"font-family:Calibri;font-size:16px\">Twin Twist, Pr\u00e9-refroidissement, M\u00e9langeur, Comptoir, Ultra-silencieux<\/span><\/p>\n<p><span style=\"font-size: 16px;font-family: Helvetica\">Caract\u00e9ristiques<\/span><\/p>\n<p><span style=\"font-family:Calibri;font-size:16px\">Offre de produits : Proposer toutes les variantes populaires de boissons rafra\u00eechissantes, de la cr\u00e8me glac\u00e9e au yaourt glac\u00e9 \u00e0 faible teneur en mati\u00e8re grasse ou sans mati\u00e8re grasse.<\/span><\/p>\n<p><span style=\"font-family:Calibri;font-size:16px\">Saveur : Servir deux saveurs distinctes et un twist.<\/span><\/p>\n<p><span style=\"font-family:Calibri;font-size:16px\">Tr\u00e9mie de m\u00e9lange : Deux tr\u00e9mies de 13 litres (13.7quart, 3.43gallons)<\/span><\/p>\n<p><span style=\"font-family:Calibri;font-size:16px\">Cylindre de cong\u00e9lation : Deux bouteilles de 1,8 litre (1,63 litre, 0,48 gallon)<\/span><\/p>\n<p><span style=\"font-family:Calibri;font-size:16px\">Contr\u00f4le par \u00e9cran tactile :<\/span><\/p>\n<p style=\"margin-left:32px\"><span style=\"font-family:Calibri;font-size:16px\">- Le syst\u00e8me de contr\u00f4le tactile \u00e0 microprocesseur est int\u00e9gr\u00e9 dans un panneau en verre tremp\u00e9 durable.<\/span><\/p>\n<p style=\"margin-left:32px\"><span style=\"font-family:Calibri;font-size:16px\">- Les temp\u00e9ratures dans les tr\u00e9mies ou les cylindres de cong\u00e9lation peuvent \u00eatre affich\u00e9es \u00e0 tout moment de l'op\u00e9ration.<\/span><\/p>\n<p style=\"margin-left:32px\"><span style=\"font-family:Calibri;font-size:16px\">- Fournit le niveau de viscosit\u00e9 requis pour les portions.<\/span><\/p>\n<p style=\"margin-left:32px\"><span style=\"font-family:Calibri;font-size:16px\">- Indicateur de niveau de m\u00e9lange et alarme. Lorsque le voyant de fin de m\u00e9lange clignote, la machine s'arr\u00eate automatiquement pour \u00e9viter tout dommage.<\/span><\/p>\n<p><span style=\"font-family:Calibri;font-size:16px\">Mode veille : Pendant les longues p\u00e9riodes d'inutilisation, la fonction de veille permet de maintenir des temp\u00e9ratures de produit s\u00fbres dans la tr\u00e9mie de m\u00e9lange et le cylindre de cong\u00e9lation.<\/span><\/p>\n<p><span style=\"font-family:Calibri;font-size:16px\">Fonction de protection de la pression pour le syst\u00e8me de refroidissement.<\/span><\/p>\n<p><span style=\"font-family:Calibri;font-size:16px\">La construction durable du couvercle en acier inoxydable en fait un outil moderne et efficace.<\/span><span style=\"font-family:\u5b8b\u4f53;font-size:16px\">&nbsp;<\/span><span style=\"font-family:Calibri;font-size:16px\">un aspect ext\u00e9rieur luxueux.<\/span><\/p>\n<p><span style=\"font-family:Calibri;font-size:16px\">Fonctions : <\/span><\/p>\n<p><span style=\"font-family: Calibri;font-size: 16px\">Le syst\u00e8me de pr\u00e9-refroidissement maintient le m\u00e9lange \u00e0 une temp\u00e9rature inf\u00e9rieure \u00e0 5\u00b0C en mode automatique et en mode veille. La pompe \u00e0 air envoie le m\u00e9lange avec une certaine quantit\u00e9 d'air dans les cylindres de cong\u00e9lation. <\/span><\/p>\n<p><span style=\"font-family:Calibri;font-size:16px\">Le m\u00e9langeur maintient l'uniformit\u00e9 du m\u00e9lange dans les tr\u00e9mies. *Le compteur permet \u00e0 l'op\u00e9rateur de visualiser le nombre de portions distribu\u00e9es.<\/span><\/p>\n<p><span style=\"font-family:Calibri;font-size:16px\">Bruit ultra-silencieux de 50 \u00e0 55 d\u00e9cibels.<\/span><\/p>\n<p><span style=\"font-size: 14px\"><\/span><\/div>\n<\/div>\n<p>&nbsp; &nbsp; &nbsp; &nbsp; &nbsp; &nbsp;<\/p><\/div>\n<\/div>\n<\/div>\n<p><span style=\"font-family: \u5b8b\u4f53;letter-spacing: 0;font-size: 16px\"><br \/><\/span><\/p>\n<p><\/p>\n<h2><span style=\"font-family: arial, helvetica, sans-serif;font-size: 24px\"><strong><span style=\"font-family: arial, helvetica, sans-serif;letter-spacing: 0px\">Sp\u00e9cification du produit<\/span><\/strong><\/span><\/h2>\n<h4><span style=\"font-family: \u5b8b\u4f53;letter-spacing: 0;font-size: 18px\"><\/span><\/h4>\n<p><span style=\"font-family: Helvetica;letter-spacing: 0;font-size: 16px\">Hommy a plus de douceur <a style=\"color:blue\" href=\"\/fr\/\">machine \u00e0 glace<\/a> Le syst\u00e8me de refroidissement de notre machine est tr\u00e8s puissant et peut produire de la cr\u00e8me glac\u00e9e et du yogourt glac\u00e9. Il suffit de mettre diff\u00e9rents mat\u00e9riaux \u00e0 l'int\u00e9rieur de la machine pour qu'elle fonctionne, la machine utilise le courant et la temp\u00e9rature pour r\u00e9gler automatiquement le syst\u00e8me interne. Lorsque vous l'aurez essay\u00e9e, vous l'aimerez.&nbsp;<\/span><\/p>\n<p><span style=\"font-family: Helvetica;letter-spacing: 0;font-size: 16px\"><br \/><\/span><\/p>\n<p><span style=\"font-family: Helvetica;letter-spacing: 0;font-size: 16px\"><br \/><\/span><\/p>\n<p style=\"text-align: center\"><span style=\"font-family: Helvetica;letter-spacing: 0;font-size: 16px\"><img decoding=\"async\" src=\"https:\/\/www.hommy.com\/wp-content\/uploads\/16004079362483.png\" title=\"\" alt=\"produit-Hommy-img\"><\/span><\/p>\n<p><strong><span style=\"font-family: \u5b8b\u4f53;letter-spacing: 0;font-size: 18px\"><br \/><\/span><\/strong><\/p>\n<p><strong><span style=\"font-family: \u5b8b\u4f53;letter-spacing: 0;font-size: 18px\"><br \/><\/span><\/strong><\/p>\n<h2><span style=\"font-family: arial, helvetica, sans-serif;font-size: 24px\"><strong><span style=\"font-family: arial, helvetica, sans-serif;letter-spacing: 0px\">Avantages du produit<\/span><\/strong><\/span><strong><span style=\"font-family: \u5b8b\u4f53;letter-spacing: 0;font-size: 18px\"> &nbsp;&nbsp;&nbsp;&nbsp;&nbsp;&nbsp;<\/span><\/strong><strong><span style=\"font-family: \u5b8b\u4f53;letter-spacing: 0;font-size: 18px\">&nbsp;<\/span><\/strong><br \/><\/h2>\n<p><span style=\"font-family: Helvetica;letter-spacing: 0;font-size: 16px\">Hommy produit des machines \u00e0 glaces depuis 20 ans, les distributeurs automatiques de glaces ajoutent des fonctions de glaces douces, car il n'y a pas de personnel pour assurer le service tout le temps. Nous nous basons sur ce capteur suppl\u00e9mentaire et utilisons un logiciel pour le contr\u00f4ler, ce qui est de bonne qualit\u00e9 et de bonne fonction.<\/span><\/p>\n<p><span style=\"font-family: Helvetica;letter-spacing: 0;font-size: 16px\"><\/span><\/p>\n<div class=\"d-tem01-graphic tem01-graphic mockup\" data-detail=\"wrap\">\n<div class=\"cont-section clearfix d-clearfix\">\n<div class=\"col-md-6 col-sm-6 col-xs-6\">\n<div class=\"right-p\">\n<div class=\"h2 heading\">\n<p style=\"margin-bottom:13px;margin-left:0;text-indent:0\"><span style=\"font-family: Helvetica;letter-spacing: 0;font-weight: bold;font-size: 18px\">1.&nbsp;<\/span><strong><span style=\"font-family: Helvetica;letter-spacing: 0;font-size: 18px\">Tube d'expansion<\/span><\/strong><\/p>\n<\/div>\n<p><span style=\"font-size: 16px;letter-spacing: 0px;font-family: Helvetica\">La fonction du tube d'expansion est de souffler de l'air dans le cylindre et de le m\u00e9langer \u00e0 la cr\u00e8me glac\u00e9e pour augmenter le taux d'expansion de la cr\u00e8me glac\u00e9e, ce qui la rend plus moelleuse et plus d\u00e9licieuse lorsque vous la mangez. Le taux d'expansion du tube d'expansion est de 30%-45%, et il comporte trois trous diff\u00e9rents permettant aux clients de r\u00e9gler la quantit\u00e9 d'entr\u00e9e d'air, ce qui est pratique \u00e0 nettoyer et simple \u00e0 utiliser.<\/span><\/p>\n<p><span style=\"font-family: \u5b8b\u4f53;font-size: 16px;letter-spacing: 0px\"><br \/><\/span><\/p>\n<p><span style=\"font-family: \u5b8b\u4f53;font-size: 16px;letter-spacing: 0px\"><br \/><\/span><\/p>\n<\/div>\n<div class=\"graphic_pic animated wow bounceIn\" data-wow-delay=\".7s\">\n<p style=\"text-align:center\"><img loading=\"lazy\" decoding=\"async\" src=\"https:\/\/www.hommy.com\/wp-content\/uploads\/16004833162473.jpg\" alt=\"produit-Hommy-HM706 soft ice cream maker-img\" title=\"\" width=\"250\" height=\"250\" border=\"0\" vspace=\"0\" style=\"width: 250px;height: 250px\"><\/p>\n<\/div>\n<\/div>\n<div class=\"col-md-6 col-sm-6 col-xs-6\">\n<div class=\"right-p\">\n<div class=\"h2 heading\"><span style=\"font-family: Helvetica;letter-spacing: 0px\">2. Laisser le capteur<\/span><span style=\"font-family: \u5b8b\u4f53;letter-spacing: 0px\">&nbsp;<\/span><\/div>\n<p><span style=\"font-family: Helvetica\"><span style=\"letter-spacing: 0px;font-size: 16px\">Laisser le capteur avoir&nbsp;<\/span><span style=\"letter-spacing: 0px;font-size: 16px\">Deuxi\u00e8me \u00e9tape, la premi\u00e8re \u00e9tape de l'alarme de niveau de mat\u00e9riau manquant, la deuxi\u00e8me \u00e9tape de l'arr\u00eat automatique.<\/span><span style=\"letter-spacing: 0px;font-size: 16px\">&nbsp;Lorsque vous recevez le premier message, vous avez un peu de temps pour ajouter du mat\u00e9riel, il n'est pas n\u00e9cessaire d'arr\u00eater la machine pour la faire fonctionner.<\/span><\/span><\/p>\n<p><span style=\"font-family: \u5b8b\u4f53;letter-spacing: 0px;font-size: 16px\"><br \/><\/span><\/p>\n<p><span style=\"font-family: \u5b8b\u4f53;letter-spacing: 0px;font-size: 16px\"><br \/><\/span><\/p>\n<p><span style=\"font-family: \u5b8b\u4f53;letter-spacing: 0px;font-size: 16px\"><br \/><\/span><\/p>\n<\/div>\n<div class=\"graphic_pic animated wow bounceIn\" data-wow-delay=\".7s\">\n<p style=\"text-align:center\"><img loading=\"lazy\" decoding=\"async\" src=\"https:\/\/www.hommy.com\/wp-content\/uploads\/16004087772397.jpg\" alt=\"produit-Hommy-img\" title=\"\" width=\"250\" height=\"1000\" border=\"0\" vspace=\"0\" style=\"width: 250px;height: 1000px\"><\/p>\n<\/div>\n<\/div>\n<\/div>\n<\/div>\n<div class=\"d-tem01-graphic tem01-graphic mockup\" data-detail=\"wrap\">\n<div class=\"cont-section clearfix d-clearfix\">\n<div class=\"col-md-6 col-sm-6 col-xs-6\">\n<div class=\"right-p\">\n<div class=\"h2 heading\"><span style=\"letter-spacing: 0px\">3.&nbsp;<\/span><span style=\"font-family: Helvetica;letter-spacing: 0px\">Contr\u00f4leur<\/span><\/div>\n<p><span style=\"font-size: 16px;letter-spacing: 0px;font-family: Helvetica\">Le panneau de commande indique clairement les fonctions internes de la machine. En m\u00eame temps, la machine rappelle \u00e9galement la fonction de nettoyage, ajoutant des fonctions plus humanis\u00e9es, nous sommes \u00e9galement invit\u00e9s \u00e0 faire des OEM.<\/span><\/p>\n<p><\/p>\n<p><\/p>\n<p><\/p>\n<\/div>\n<div class=\"graphic_pic animated wow bounceIn\" data-wow-delay=\".7s\" style=\"text-align: center\"><img decoding=\"async\" src=\"https:\/\/www.hommy.com\/wp-content\/uploads\/16004090699722.jpg\" alt=\"produit-Hommy-img\" title=\"\" style=\"text-align: center\"><\/div>\n<\/div>\n<div class=\"col-md-6 col-sm-6 col-xs-6\">\n<div class=\"right-p\">\n<div class=\"h2 heading\"><span style=\"letter-spacing: 0px\">4. m\u00e9langeur dans la tr\u00e9mie<\/span><\/div>\n<p><span style=\"font-size: 16px;letter-spacing: 0px;font-family: Helvetica\">M\u00e9lange uniforme. Le m\u00e9langeur \u00e0 grande vitesse dans la tr\u00e9mie maintient le mat\u00e9riau en mouvement dans la tr\u00e9mie en cas de gla\u00e7age. La cr\u00e8me glac\u00e9e sera plus lisse apr\u00e8s avoir \u00e9t\u00e9 compl\u00e8tement m\u00e9lang\u00e9e \u00e0 l'air.<\/span><\/p>\n<\/div>\n<div class=\"graphic_pic animated wow bounceIn\" data-wow-delay=\".7s\">\n<p style=\"text-align:center\"><\/p>\n<p><\/p>\n<p style=\"text-align:center\"><\/p>\n<p style=\"text-align:center\"><img decoding=\"async\" src=\"https:\/\/www.hommy.com\/wp-content\/uploads\/16004834973089.jpg\" alt=\"produit-HM706 machine \u00e0 glace molle-Hommy-img\" title=\"\"><\/p>\n<\/div>\n<\/div>\n<\/div>\n<\/div>\n<div class=\"d-tem01-graphic tem01-graphic mockup\" data-detail=\"wrap\">\n<div class=\"cont-section clearfix d-clearfix\">\n<div class=\"col-md-6 col-sm-6 col-xs-6\">\n<div class=\"right-p\">\n<div class=\"h2 heading\">5. Accessoires optionnels \u00e9chappement<\/div>\n<p><span style=\"font-size: 16px;letter-spacing: 0px;font-family: Helvetica\">Installer correctement la machine \u00e0 glace. La distance entre l'orifice d'\u00e9vacuation derri\u00e8re la machine et le mur est de 1 m\u00e8tre pour la ventilation, mais en fait, il est impossible d'obtenir cette situation dans notre entrep\u00f4t. Hommy a con\u00e7u un nouveau conduit d'\u00e9vacuation pour un usage quotidien afin d'\u00e9vacuer l'air chaud. En haut, il peut satisfaire plus d'endroits sans occuper d'espace.<\/span><\/p>\n<p><span style=\"font-family: \u5b8b\u4f53;font-size: 16px;letter-spacing: 0px\"><br \/><\/span><\/p>\n<p><span style=\"font-family: \u5b8b\u4f53;font-size: 16px;letter-spacing: 0px\">&nbsp;<\/span><\/p>\n<\/div>\n<div class=\"graphic_pic animated wow bounceIn\" data-wow-delay=\".7s\">\n<p style=\"text-align:center\"><img decoding=\"async\" src=\"https:\/\/www.hommy.com\/wp-content\/uploads\/16004092538447.jpg\" style=\"text-align: center\" alt=\"produit-Hommy-img-1\" title=\"\"><\/p>\n<\/div>\n<\/div>\n<div class=\"col-md-6 col-sm-6 col-xs-6\">\n<div class=\"right-p\">\n<div class=\"h2 heading\"><span style=\"letter-spacing: 0px\">6. R\u00e9initialisation automatique du manipulateur<\/span><\/div>\n<p><span style=\"letter-spacing: 0px;font-size: 16px;font-family: Helvetica\">Lorsque vous sortez de la glace, le manipulateur se r\u00e9initialise automatiquement, ce qui peut \u00eatre \u00e9vit\u00e9 si la glace tombe accidentellement sur le sol.<\/span><\/p>\n<p><span style=\"font-family: \u5b8b\u4f53;letter-spacing: 0px;font-size: 16px\"><br \/><\/span><\/p>\n<p><\/p>\n<p><span style=\"font-family: \u5b8b\u4f53;letter-spacing: 0px;font-size: 16px\"><br \/><\/span><\/p>\n<\/div>\n<div class=\"graphic_pic animated wow bounceIn\" data-wow-delay=\".7s\">\n<p style=\"text-align:center\"><img loading=\"lazy\" decoding=\"async\" src=\"https:\/\/www.hommy.com\/wp-content\/uploads\/16004834208076.jpg\" title=\"\" alt=\"produit-Hommy-img-1\" width=\"350\" height=\"562\" border=\"0\" vspace=\"0\" style=\"width: 350px;height: 562px\"><\/p>\n<\/div>\n<\/div>\n<\/div>\n<\/div>\n<p style=\"text-align: center\"><\/p>\n<p>Document :<img decoding=\"async\" src=\"https:\/\/www.hommy.com\/wp-content\/uploads\/icon_pdf-36.gif\" style=\"margin-right: 2px\" alt=\"produit-Hommy-HM706 machine \u00e0 glace molle-img-1\" title=\"\"><a href=\"https:\/\/img80002414.weyesimg.com\/uploads\/www.hommy.com\/addon\/16027406495634.pdf\" title=\"16027406495634.pdf\" style=\"font-size: 12px\">16027406495634.pdf<\/a><\/p>\n<h2>Combien de temps peut-on laisser le soft serve dans la machine ?<\/h2>\n<p style=\"margin-top: 5px;margin-bottom: 5px\">C'est une excellente question, mais la r\u00e9ponse d\u00e9pend de la marque et du mod\u00e8le de votre machine \u00e0 glace. Si vous utilisez une machine \u00e0 glace dot\u00e9e d'un compartiment de cong\u00e9lation s\u00e9par\u00e9, vous pouvez la conserver au cong\u00e9lateur jusqu'\u00e0 une semaine. Il est conseill\u00e9 de v\u00e9rifier la consistance du soft serve au bout de deux jours.<\/p>\n<p style=\"margin-top: 5px;margin-bottom: 5px\"><\/p>\n<h2>Pourquoi le yaourt glac\u00e9 n'a-t-il pas le m\u00eame go\u00fbt que le yaourt ?<\/h2>\n<p style=\"margin-top: 5px;margin-bottom: 5px\">Le yaourt glac\u00e9 est \u00e0 peu pr\u00e8s identique au yaourt ordinaire. Le yaourt glac\u00e9 est un type de yaourt qui a \u00e9t\u00e9 congel\u00e9 avant d'\u00eatre servi. Il a la consistance du yaourt, mais il est encore congel\u00e9. Le yaourt glac\u00e9 est d\u00e9licieux et peut \u00eatre mang\u00e9 seul ou en accompagnement d'autres produits. Il existe de nombreux types de yaourts congel\u00e9s, dont beaucoup sont fabriqu\u00e9s \u00e0 partir de diff\u00e9rents types de yaourts. Certains yaourts glac\u00e9s peuvent \u00eatre additionn\u00e9s de plus de sucre, ce qui les rend plus sucr\u00e9s, et d'autres yaourts glac\u00e9s sont additionn\u00e9s d'ingr\u00e9dients qui leur donnent un go\u00fbt diff\u00e9rent.<\/p>\n<p style=\"margin-top: 5px;margin-bottom: 5px\"><\/p>\n<h2>Quels sont les inconv\u00e9nients du yaourt ?<\/h2>\n<p style=\"margin-top: 5px;margin-bottom: 5px\">Le yaourt pr\u00e9sente de nombreux avantages pour la sant\u00e9. Il a une teneur \u00e9lev\u00e9e en calcium et constitue \u00e9galement une bonne source de vitamines. Le yaourt est \u00e9galement une bonne source de prot\u00e9ines, mais il pr\u00e9sente aussi quelques inconv\u00e9nients. Certaines personnes n'aiment pas le go\u00fbt du yaourt et il est difficile \u00e0 dig\u00e9rer. De m\u00eame, vous pouvez ne pas aimer l'odeur du yaourt apr\u00e8s l'avoir mang\u00e9.<\/p>\n<\/div><\/div>","protected":false},"excerpt":{"rendered":"<p>Soft Serve Ice Cream Machine Soft Serve Ice Cream Machine|Product Features|Table top Soft Serve Freezer, table top Frozen Yogurt Freezer|Product Specification|Product Advantage We have a team of professionals who have years of experience in this field. They work with a team of professionals who are also well-versed in this field.The frozen yogurt Maker we provide [&hellip;]<\/p>\n","protected":false},"featured_media":1944,"comment_status":"open","ping_status":"open","template":"","meta":{"_swt_meta_header_display":false,"_swt_meta_footer_display":false,"_swt_meta_site_title_display":false,"_swt_meta_sticky_header":false,"_swt_meta_transparent_header":false},"product_brand":[],"product_cat":[80,77],"product_tag":[],"class_list":{"0":"post-694","1":"product","2":"type-product","3":"status-publish","4":"has-post-thumbnail","6":"product_cat-frozen-yogurt-machine","7":"product_cat-ice-cream-machine","9":"first","10":"instock","11":"shipping-taxable","12":"product-type-simple"},"_links":{"self":[{"href":"https:\/\/www.hommy.com\/fr\/wp-json\/wp\/v2\/product\/694","targetHints":{"allow":["GET"]}}],"collection":[{"href":"https:\/\/www.hommy.com\/fr\/wp-json\/wp\/v2\/product"}],"about":[{"href":"https:\/\/www.hommy.com\/fr\/wp-json\/wp\/v2\/types\/product"}],"replies":[{"embeddable":true,"href":"https:\/\/www.hommy.com\/fr\/wp-json\/wp\/v2\/comments?post=694"}],"wp:featuredmedia":[{"embeddable":true,"href":"https:\/\/www.hommy.com\/fr\/wp-json\/wp\/v2\/media\/1944"}],"wp:attachment":[{"href":"https:\/\/www.hommy.com\/fr\/wp-json\/wp\/v2\/media?parent=694"}],"wp:term":[{"taxonomy":"product_brand","embeddable":true,"href":"https:\/\/www.hommy.com\/fr\/wp-json\/wp\/v2\/product_brand?post=694"},{"taxonomy":"product_cat","embeddable":true,"href":"https:\/\/www.hommy.com\/fr\/wp-json\/wp\/v2\/product_cat?post=694"},{"taxonomy":"product_tag","embeddable":true,"href":"https:\/\/www.hommy.com\/fr\/wp-json\/wp\/v2\/product_tag?post=694"}],"curies":[{"name":"wp","href":"https:\/\/api.w.org\/{rel}","templated":true}]}}