{"id":684,"date":"2024-07-02T15:24:26","date_gmt":"2024-07-02T15:24:26","guid":{"rendered":"http:\/\/localhost\/hommywp\/hm712-semi-automatic-frozen-yogurt-ice-cream-machine-supplier\/"},"modified":"2025-08-01T09:57:38","modified_gmt":"2025-08-01T09:57:38","slug":"hm712-machine-a-glace-soft-serve","status":"publish","type":"product","link":"https:\/\/www.hommy.com\/fr\/p\/hm712-machine-a-glace-soft-serve\/","title":{"rendered":"Hm712 Semi-Automatic Frozen Yogurt Ice Cream Machine Supplier"},"content":{"rendered":"<div>\n<p style=\"text-align: center\">&nbsp; &nbsp;&nbsp;<\/p>\n<h2 style=\"text-align: center\"><strong><span style=\"font-size: 24px;font-family: arial, helvetica, sans-serif\"><span style=\"font-size: 24px;letter-spacing: 0px\"><a name=\"2 flavour+mix soft ice cream machine\"><\/a>Machine \u00e0 cr\u00e8me glac\u00e9e \u00e0 2 parfums+m\u00e9lange<\/span><\/span><\/strong><span style=\"font-size: 24px;font-family: arial, helvetica, sans-serif\"><span style=\"font-size: 24px;letter-spacing: 0px\">&nbsp;<\/span><\/span><\/h2>\n<p style=\"text-align: center\"><span style=\"letter-spacing: 0px;font-family: arial, helvetica, sans-serif;font-size: 16px\"><a href=\"#2 flavour+mix soft ice cream machine\" target=\"_self\" data-lv=\"0\" rel=\"noopener\">Machine \u00e0 cr\u00e8me glac\u00e9e \u00e0 2 parfums+m\u00e9lange<\/a>|<a href=\"#Product Features\" target=\"_self\" data-lv=\"0\" rel=\"noopener\">Caract\u00e9ristiques du produit<\/a>|<a href=\"#Soft Serve Freezer, Frozen Yogurt Freezer\" target=\"_self\" data-lv=\"0\" rel=\"noopener\">Cong\u00e9lateur pour soft serve, cong\u00e9lateur pour yogourt glac\u00e9<\/a>|<\/span><a href=\"#Product Specification\" target=\"_self\" data-lv=\"0\" rel=\"noopener\"><span style=\"font-family: arial, helvetica, sans-serif;font-size: 16px\">Sp\u00e9cification du produit<\/span><\/a><span style=\"font-family: arial, helvetica, sans-serif;font-size: 16px\">|<\/span><a href=\"#Product Advantage\" target=\"_self\" data-lv=\"0\" rel=\"noopener\"><span style=\"font-family: arial, helvetica, sans-serif;font-size: 16px;letter-spacing: 0px\">Avantages du produit<\/span><\/a><\/p>\n<p style=\"text-align: center\"><strong><span style=\"font-family: \u5b8b\u4f53;letter-spacing: 0;font-size: 18px\"><br \/><\/span><\/strong><\/p>\n<p style=\"text-align: center\">&nbsp; &nbsp;&nbsp;<\/p>\n<p style=\"text-align: center\">&nbsp; &nbsp;&nbsp;<\/p>\n<h4><strong><span style=\"font-family: \u5b8b\u4f53;letter-spacing: 0;font-size: 18px\"><br \/><\/span><\/strong><\/h4>\n<h4><span style=\"letter-spacing: 0px;font-size: 18px;font-family: Helvetica\">Ce yaourt glac\u00e9 <a style=\"color:blue\" href=\"\/fr\/\">Machine \u00e0 cr\u00e8me glac\u00e9e<\/a> est fabriqu\u00e9e \u00e0 partir de mat\u00e9riaux de haute qualit\u00e9 et con\u00e7ue selon les normes de qualit\u00e9 internationales. La machine que nous proposons est utilis\u00e9e dans divers restaurants, h\u00f4tels, \u00e9tablissements de restauration rapide et autres lieux de restauration. Cette machine est tr\u00e8s populaire parmi les clients en raison de ses caract\u00e9ristiques telles que son fonctionnement pr\u00e9cis, sa faible maintenance, son efficacit\u00e9 \u00e9nerg\u00e9tique, sa durabilit\u00e9 et sa facilit\u00e9 d'entretien. La machine propos\u00e9e est disponible dans diff\u00e9rentes sp\u00e9cifications techniques selon les besoins des clients.<\/span><\/h4>\n<h2><span style=\"font-family: arial, helvetica, sans-serif;font-size: 24px\"><strong><span style=\"font-family: arial, helvetica, sans-serif;letter-spacing: 0px\">Produit <\/span><\/strong><strong><span style=\"font-family: arial, helvetica, sans-serif;letter-spacing: 0px\">Caract\u00e9ristiques <\/span><\/strong><\/span><strong><span style=\"font-family: \u5b8b\u4f53;letter-spacing: 0;font-size: 18px\">&nbsp;<\/span><\/strong><\/h2>\n<p style=\"margin-top:0;margin-right:0;margin-bottom:10px;margin-left:0;text-indent:0\"><span style=\"font-family: arial, helvetica, sans-serif\"><span style=\"letter-spacing: 0px;font-size: 16px\">Hommy dispose d'une \u00e9quipe professionnelle charg\u00e9e de la conception des produits. Des ing\u00e9nieurs sp\u00e9cialis\u00e9s dans la r\u00e9frig\u00e9ration, les logiciels et les structures garantissent la stabilit\u00e9 et la durabilit\u00e9 de la qualit\u00e9 du produit. En m\u00eame temps, la conception personnalis\u00e9e est ajout\u00e9e pour faciliter le futur service apr\u00e8s-vente. La machine \u00e0 glace Hommy est digne de confiance.<\/span><span style=\"letter-spacing: 0px;font-size: 16px\">&nbsp;Si vous souhaitez obtenir plus d'informations sur <a style=\"color:blue\" href=\"https:\/\/www.hommy.com\/fr\/machine-a-glace-molle\/\">machine \u00e0 glace molle<\/a> et les prix, veuillez nous contacter.&nbsp;<\/span><\/span><\/p>\n<p style=\"margin-top:0;margin-right:0;margin-bottom:10px;margin-left:0;text-indent:0\"><span style=\"font-family: \u5b8b\u4f53;letter-spacing: 0;font-size: 16px\"><\/span><\/p>\n<div class=\"d-tem01-graphic tem01-graphic mockup\" data-detail=\"wrap\">\n<div class=\"cont-section clearfix d-clearfix\">\n<div class=\"col-md-6 col-sm-6 col-xs-6\">\n<div class=\"right-p\">\n<div class=\"h2 heading\">\n<p style=\"text-align:center\"><img loading=\"lazy\" decoding=\"async\" src=\"https:\/\/www.hommy.com\/wp-content\/uploads\/16006483664846.jpg\" alt=\"produit-Hommy-img\" style=\"font-size: 14px;width: 450px;height: 542px\" title=\"\" width=\"450\" height=\"542\" border=\"0\" vspace=\"0\"><\/p>\n<p><span style=\"font-size: 14px\">&nbsp; &nbsp; &nbsp; &nbsp; &nbsp; &nbsp; &nbsp;<\/span><\/div>\n<\/div>\n<\/div>\n<div class=\"col-md-6 col-sm-6 col-xs-6\">\n<div class=\"right-p\">\n<div class=\"h2 heading\">\n<h2><span style=\"font-family: arial, helvetica, sans-serif;font-size: 24px\"><strong><span style=\"font-family: arial, helvetica, sans-serif\"><a name=\"Soft Serve Freezer, Frozen Yogurt Freezer\"><\/a>Cong\u00e9lateur pour soft serve, cong\u00e9lateur pour yogourt glac\u00e9<\/span><\/strong><\/span><\/h2>\n<p><span style=\"font-size: 16px;font-family: arial, helvetica, sans-serif\">Twin Twist, Pr\u00e9-refroidissement, M\u00e9langeur, Comptoir, Ultra-silencieux<\/span><\/p>\n<p><span style=\"font-size: 16px;font-family: arial, helvetica, sans-serif\">Caract\u00e9ristiques<\/span><\/p>\n<p><span style=\"font-size: 16px;font-family: arial, helvetica, sans-serif\">Offre de produits : Proposer toutes les variantes populaires de boissons rafra\u00eechissantes, de la cr\u00e8me glac\u00e9e au yaourt glac\u00e9 \u00e0 faible teneur en mati\u00e8re grasse ou sans mati\u00e8re grasse.<\/span><\/p>\n<p><span style=\"font-size: 16px;font-family: arial, helvetica, sans-serif\">Saveur : Servir deux saveurs distinctes et un twist.<\/span><\/p>\n<p><span style=\"font-size: 16px;font-family: arial, helvetica, sans-serif\">Tr\u00e9mie de m\u00e9lange : Deux tr\u00e9mies de 13 litres (13.7quart, 3.43gallons)<\/span><\/p>\n<p><span style=\"font-size: 16px;font-family: arial, helvetica, sans-serif\">Cylindre de cong\u00e9lation : Deux bouteilles de 1,8 litre (1,63 litre, 0,48 gallon)<\/span><\/p>\n<p><span style=\"font-size: 16px;font-family: arial, helvetica, sans-serif\">Contr\u00f4le par \u00e9cran tactile :<\/span><\/p>\n<p style=\"margin-left:32px\"><span style=\"font-family: Calibri;font-size: 16px\">- Le syst\u00e8me de contr\u00f4le tactile \u00e0 microprocesseur est int\u00e9gr\u00e9 dans un panneau en verre tremp\u00e9 durable.<\/span><\/p>\n<p style=\"margin-left:32px\"><span style=\"font-family: Calibri;font-size: 16px\">- Les temp\u00e9ratures dans les tr\u00e9mies ou les cylindres de cong\u00e9lation peuvent \u00eatre affich\u00e9es \u00e0 tout moment de l'op\u00e9ration.<\/span><\/p>\n<p style=\"margin-left:32px\"><span style=\"font-family: Calibri;font-size: 16px\">- Fournit le niveau de viscosit\u00e9 requis pour les portions.<\/span><\/p>\n<p style=\"margin-left:32px\"><span style=\"font-family: Calibri;font-size: 16px\">- Indicateur de niveau de m\u00e9lange et alarme. Lorsque le voyant de fin de m\u00e9lange clignote, la machine s'arr\u00eate automatiquement pour \u00e9viter tout dommage.<\/span><\/p>\n<p><span style=\"font-size: 16px;font-family: arial, helvetica, sans-serif\">Mode veille : Pendant les longues p\u00e9riodes d'inutilisation, la fonction de veille permet de maintenir des temp\u00e9ratures de produit s\u00fbres dans la tr\u00e9mie de m\u00e9lange et le cylindre de cong\u00e9lation.<\/span><\/p>\n<p><span style=\"font-size: 16px;font-family: arial, helvetica, sans-serif\">Fonction de protection de la pression pour le syst\u00e8me de refroidissement.<\/span><\/p>\n<p><span style=\"font-family: arial, helvetica, sans-serif\"><span style=\"font-family: Calibri;font-size: 16px\">La construction durable du couvercle en acier inoxydable en fait un outil moderne et efficace.<\/span><span style=\"font-family: \u5b8b\u4f53;font-size: 16px\">&nbsp;<\/span><span style=\"font-family: Calibri;font-size: 16px\">un aspect ext\u00e9rieur luxueux.<\/span><\/span><\/p>\n<p><span style=\"font-size: 16px;font-family: arial, helvetica, sans-serif\">Fonctions : <\/span><\/p>\n<p><span style=\"font-family: Calibri;font-size: 16px\">Le syst\u00e8me de pr\u00e9-refroidissement maintient le m\u00e9lange \u00e0 une temp\u00e9rature inf\u00e9rieure \u00e0 5\u00b0C en mode automatique et en mode veille. La pompe \u00e0 air envoie le m\u00e9lange avec une certaine quantit\u00e9 d'air dans les cylindres de cong\u00e9lation. <\/span><\/p>\n<p><span style=\"font-size: 16px;font-family: arial, helvetica, sans-serif\">Le m\u00e9langeur maintient l'uniformit\u00e9 du m\u00e9lange dans les tr\u00e9mies. *Le compteur permet \u00e0 l'op\u00e9rateur de visualiser le nombre de portions distribu\u00e9es.<\/span><\/p>\n<p><span style=\"font-size: 16px;font-family: arial, helvetica, sans-serif\">Bruit ultra-silencieux de 50 \u00e0 55 d\u00e9cibels.<\/span><\/p>\n<\/div>\n<\/div>\n<p>&nbsp; &nbsp; &nbsp; &nbsp; &nbsp; &nbsp;<\/p><\/div>\n<\/div>\n<\/div>\n<h2><span style=\"font-size: 24px;font-family: arial, helvetica, sans-serif\"><strong><span style=\"font-size: 24px;letter-spacing: 0px\"><a name=\"Product Specification\"><\/a>Sp\u00e9cification du produit<\/span><\/strong><\/span><strong><span style=\"font-family: \u5b8b\u4f53;letter-spacing: 0;font-size: 18px\"> <\/span><\/strong><\/h2>\n<p><span style=\"letter-spacing: 0px;font-size: 16px;font-family: arial, helvetica, sans-serif\">Hommy a plus de machines \u00e0 cr\u00e8me glac\u00e9e que vous pouvez choisir, vous pouvez vous baser sur vos besoins pour choisir une machine \u00e0 cr\u00e8me glac\u00e9e qui est bas\u00e9e sur diff\u00e9rentes capacit\u00e9s et fonctions. Notre machine a un syst\u00e8me de refroidissement tr\u00e8s puissant qui peut faire de la cr\u00e8me glac\u00e9e et du yogourt glac\u00e9, vous pouvez seulement mettre diff\u00e9rents mat\u00e9riaux \u00e0 l'int\u00e9rieur qui seront ok, la machine utilise le courant et la temp\u00e9rature pour ajuster automatiquement le syst\u00e8me interne. Lorsque vous l'aurez essay\u00e9e, vous l'aimerez.&nbsp;<\/span><\/p>\n<p><span style=\"font-family: \u5b8b\u4f53;letter-spacing: 0;font-size: 16px\"><br \/><\/span><\/p>\n<p><span style=\"font-family: \u5b8b\u4f53;letter-spacing: 0;font-size: 16px\"><br \/><\/span><\/p>\n<p style=\"text-align: center\"><span style=\"font-family: \u5b8b\u4f53;letter-spacing: 0;font-size: 16px\"><img decoding=\"async\" src=\"https:\/\/www.hommy.com\/wp-content\/uploads\/16004936024783.png\" alt=\"produit-HM712 machine \u00e0 glace soft serve-Hommy-img\" title=\"\"><\/span><\/p>\n<p><span style=\"font-family: \u5b8b\u4f53;letter-spacing: 0;font-size: 16px\"><\/span><\/p>\n<p><strong><span style=\"font-family: \u5b8b\u4f53;letter-spacing: 0;font-size: 18px\"><br \/><\/span><\/strong><\/p>\n<p><strong><span style=\"font-family: \u5b8b\u4f53;letter-spacing: 0;font-size: 18px\"><br \/><\/span><\/strong><\/p>\n<h2><span style=\"font-family: arial, helvetica, sans-serif;font-size: 24px\"><strong><span style=\"font-family: arial, helvetica, sans-serif;letter-spacing: 0px\"><a name=\"Product Advantage\"><\/a>Avantages du produit<\/span><\/strong><\/span><strong><span style=\"font-family: \u5b8b\u4f53;letter-spacing: 0;font-size: 18px\"> &nbsp;&nbsp;&nbsp;&nbsp;&nbsp;&nbsp;<\/span><\/strong><strong><span style=\"font-family: \u5b8b\u4f53;letter-spacing: 0;font-size: 18px\">&nbsp;<\/span><\/strong><\/h2>\n<p><span style=\"font-family: Helvetica;letter-spacing: 0;font-size: 16px\">Hommy produit des machines \u00e0 glaces depuis 20 ans, les distributeurs automatiques de glaces ajoutent des fonctions de glaces douces, car il n'y a pas de personnel pour assurer le service tout le temps. Nous nous basons sur ce capteur suppl\u00e9mentaire et utilisons un logiciel pour le contr\u00f4ler, ce qui est de bonne qualit\u00e9 et de bonne fonction.<\/span><\/p>\n<p><span style=\"font-family: Helvetica;letter-spacing: 0;font-size: 16px\"><\/span><\/p>\n<div class=\"d-tem01-graphic tem01-graphic mockup\" data-detail=\"wrap\">\n<div class=\"cont-section clearfix d-clearfix\">\n<div class=\"col-md-6 col-sm-6 col-xs-6\">\n<div class=\"right-p\">\n<div class=\"h2 heading\">\n<p style=\"margin-bottom:13px;margin-left:0;text-indent:0\"><span style=\"font-family: Helvetica;letter-spacing: 0;font-weight: bold;font-size: 18px\">1.&nbsp;<\/span><strong><span style=\"font-family: Helvetica;letter-spacing: 0;font-size: 18px\">Tube d'expansion<\/span><\/strong><\/p>\n<p><span style=\"font-family: \u5b8b\u4f53;font-size: 16px;letter-spacing: 0px\">La fonction du tube d'expansion est de souffler de l'air dans le cylindre et de le m\u00e9langer \u00e0 la cr\u00e8me glac\u00e9e pour augmenter le taux d'expansion de la cr\u00e8me glac\u00e9e, ce qui la rend plus moelleuse et plus d\u00e9licieuse lorsque vous la mangez. Le taux d'expansion du tube d'expansion est de 30%-45%, et il comporte trois trous diff\u00e9rents permettant aux clients de r\u00e9gler la quantit\u00e9 d'entr\u00e9e d'air, ce qui est pratique \u00e0 nettoyer et simple \u00e0 utiliser.<\/span><\/p>\n<p><span style=\"font-family: \u5b8b\u4f53;font-size: 16px;letter-spacing: 0px\"><br \/><\/span><\/p>\n<p><span style=\"font-family: \u5b8b\u4f53;font-size: 16px;letter-spacing: 0px\"><br \/><\/span><\/p>\n<\/div>\n<\/div>\n<div class=\"graphic_pic animated wow bounceIn\" data-wow-delay=\".7s\">\n<p style=\"text-align:center\"><img loading=\"lazy\" decoding=\"async\" src=\"https:\/\/www.hommy.com\/wp-content\/uploads\/16004952538494.jpg\" alt=\"produit-Hommy-img\" title=\"\" width=\"250\" height=\"467\" border=\"0\" vspace=\"0\" style=\"width: 250px;height: 467px\"><\/p>\n<\/div>\n<\/div>\n<div class=\"col-md-6 col-sm-6 col-xs-6\">\n<div class=\"right-p\">\n<div class=\"h2 heading\">\n<p><span style=\"font-family: Helvetica;letter-spacing: 0;font-size: 22px\">2. Laisser le capteur<\/span><\/p>\n<p><span><span style=\"font-family: \u5b8b\u4f53;letter-spacing: 0px;font-size: 16px\">Laisser le capteur avoir&nbsp;<\/span><span style=\"font-family: Calibri;letter-spacing: 0px;font-size: 16px\">Deuxi\u00e8me \u00e9tape, la premi\u00e8re \u00e9tape de l'alarme de niveau de mat\u00e9riau manquant, la deuxi\u00e8me \u00e9tape de l'arr\u00eat automatique.<\/span><span style=\"font-family: \u5b8b\u4f53;letter-spacing: 0px;font-size: 16px\">&nbsp;Lorsque vous recevez le premier message, vous avez un peu de temps pour ajouter du mat\u00e9riel, il n'est pas n\u00e9cessaire d'arr\u00eater la machine pour la faire fonctionner.<\/span><\/span><\/p>\n<\/div>\n<\/div>\n<p style=\"text-align: center\"><\/p>\n<p><\/p>\n<p><\/p>\n<div class=\"graphic_pic animated wow bounceIn\" data-wow-delay=\".7s\" style=\"text-align: center\"><img loading=\"lazy\" decoding=\"async\" src=\"https:\/\/www.hommy.com\/wp-content\/uploads\/16004952155205.jpg\" alt=\"produit-Hommy-img\" title=\"\" width=\"300\" height=\"250\" border=\"0\" vspace=\"0\" style=\"width: 300px;height: 250px\"><br \/>\n &nbsp; &nbsp; &nbsp; &nbsp; &nbsp; &nbsp;<\/div>\n<\/div>\n<\/div>\n<\/div>\n<div class=\"d-tem01-graphic tem01-graphic mockup\" data-detail=\"wrap\">\n<div class=\"cont-section clearfix d-clearfix\">\n<div class=\"col-md-6 col-sm-6 col-xs-6\">\n<div class=\"right-p\">\n<div class=\"h2 heading\">\n<p><span style=\"font-family: Helvetica;letter-spacing: 0;font-size: 22px\">3. Contr\u00f4leur<\/span><\/p>\n<\/div>\n<p><span style=\"font-family: \u5b8b\u4f53;font-size: 16px;letter-spacing: 0px\">Le panneau de commande indique clairement les fonctions internes de la machine. En m\u00eame temps, la machine rappelle \u00e9galement la fonction de nettoyage, ajoutant des fonctions plus humanis\u00e9es, nous sommes \u00e9galement invit\u00e9s \u00e0 faire des OEM.<\/span><\/p>\n<p><span style=\"font-family: \u5b8b\u4f53;font-size: 16px;letter-spacing: 0px\"><br \/><\/span><\/p>\n<p><span style=\"font-family: \u5b8b\u4f53;font-size: 16px;letter-spacing: 0px\"><br \/><\/span><\/p>\n<p><span style=\"font-family: \u5b8b\u4f53;font-size: 16px;letter-spacing: 0px\"><br \/><\/span><\/p>\n<\/div>\n<div class=\"graphic_pic animated wow bounceIn\" data-wow-delay=\".7s\">\n<p style=\"text-align:center\"><img loading=\"lazy\" decoding=\"async\" src=\"https:\/\/www.hommy.com\/wp-content\/uploads\/16004951735270.jpg\" alt=\"produit-Hommy-HM712 machine \u00e0 glace soft serve-img\" title=\"\" width=\"350\" height=\"214\" border=\"0\" vspace=\"0\" style=\"width: 350px;height: 214px\"><\/p>\n<\/div>\n<\/div>\n<div class=\"col-md-6 col-sm-6 col-xs-6\">\n<div class=\"right-p\">\n<div class=\"h2 heading\"><span style=\"letter-spacing: 0px\">4. M\u00e9langeur dans la tr\u00e9mie<\/span><\/div>\n<div class=\"description\">\n<p><span style=\"font-family: \u5b8b\u4f53;letter-spacing: 0;font-size: 16px\">M\u00e9lange uniforme. Le m\u00e9langeur \u00e0 grande vitesse dans la tr\u00e9mie maintient le mat\u00e9riau en mouvement dans la tr\u00e9mie en cas de gla\u00e7age. La cr\u00e8me glac\u00e9e sera plus lisse apr\u00e8s avoir \u00e9t\u00e9 compl\u00e8tement m\u00e9lang\u00e9e \u00e0 l'air.&nbsp;&nbsp;<\/span><\/p>\n<\/div>\n<\/div>\n<p style=\"text-align:center\"><\/p>\n<p><\/p>\n<p><\/p>\n<p style=\"text-align:center\"><img loading=\"lazy\" decoding=\"async\" src=\"https:\/\/www.hommy.com\/wp-content\/uploads\/16004951354709.jpg\" alt=\"produit-Hommy-img\" title=\"\" width=\"300\" height=\"250\" border=\"0\" vspace=\"0\" style=\"width: 300px;height: 250px\"><\/p>\n<p>&nbsp; &nbsp; &nbsp; &nbsp; &nbsp; &nbsp;<\/p>\n<\/div>\n<\/div>\n<\/div>\n<div class=\"d-tem01-graphic tem01-graphic mockup\" data-detail=\"wrap\">\n<div class=\"cont-section clearfix d-clearfix\">\n<div class=\"col-md-6 col-sm-6 col-xs-6\">\n<div class=\"right-p\">\n<div class=\"h2 heading\">5. Accessoires optionnels \u00e9chappement&nbsp;<\/div>\n<p><span style=\"font-family: \u5b8b\u4f53;font-size: 16px;letter-spacing: 0px\">Installer correctement la machine \u00e0 glace. La distance entre l'orifice d'\u00e9vacuation derri\u00e8re la machine et le mur est de 1 m\u00e8tre pour la ventilation, mais en fait, il est impossible d'obtenir cette situation dans notre entrep\u00f4t. Hommy a con\u00e7u un nouveau conduit d'\u00e9vacuation pour un usage quotidien afin d'\u00e9vacuer l'air chaud. En haut, il peut satisfaire plus d'endroits sans occuper d'espace.<\/span><\/p>\n<p><span style=\"font-family: \u5b8b\u4f53;font-size: 16px;letter-spacing: 0px\"><br \/><\/span><\/p>\n<p><span style=\"font-family: \u5b8b\u4f53;font-size: 16px;letter-spacing: 0px\"><br \/><\/span><\/p>\n<\/div>\n<div class=\"graphic_pic animated wow bounceIn\" data-wow-delay=\".7s\">\n<p style=\"text-align:center\"><img loading=\"lazy\" decoding=\"async\" src=\"https:\/\/www.hommy.com\/wp-content\/uploads\/16004951077504.jpg\" alt=\"produit-Hommy-img-1\" title=\"\" width=\"300\" height=\"250\" border=\"0\" vspace=\"0\" style=\"width: 300px;height: 250px\"><\/p>\n<\/div>\n<\/div>\n<div class=\"col-md-6 col-sm-6 col-xs-6\">\n<div class=\"right-p\">\n<div class=\"h2 heading\">6. R\u00e9initialisation automatique du manipulateur<\/div>\n<div class=\"description\">\n<p style=\"margin-top: 0;margin-right: 0;margin-bottom: 15px\"><span style=\"font-family: \u5b8b\u4f53;letter-spacing: 0;font-size: 16px\">Installer <\/span><span style=\"font-family: \u5b8b\u4f53;letter-spacing: 0;font-size: 16px\">lorsque vous retirez une glace, le manipulateur se r\u00e9initialise automatiquement, ce qui peut \u00eatre \u00e9vit\u00e9 en laissant tomber accidentellement une glace sur le sol.&nbsp;<\/span><\/p>\n<p style=\"margin-top: 0;margin-right: 0;margin-bottom: 15px\"><span style=\"font-family: \u5b8b\u4f53;letter-spacing: 0;font-size: 16px\"><br \/><\/span><\/p>\n<p style=\"margin-top: 0;margin-right: 0;margin-bottom: 15px\"><span style=\"font-family: \u5b8b\u4f53;letter-spacing: 0;font-size: 16px\"><br \/><\/span><\/p>\n<\/div>\n<\/div>\n<div class=\"graphic_pic animated wow bounceIn\" data-wow-delay=\".7s\">\n<p style=\"text-align:center\"><img loading=\"lazy\" decoding=\"async\" src=\"https:\/\/www.hommy.com\/wp-content\/uploads\/16004950696472.jpg\" alt=\"produit-HM712 machine \u00e0 glace soft serve-Hommy-img-1\" title=\"\" width=\"350\" height=\"562\" border=\"0\" vspace=\"0\" style=\"width: 350px;height: 562px\"><\/p>\n<\/div>\n<\/div>\n<\/div>\n<\/div>\n<p><span style=\"font-family: \u5b8b\u4f53;letter-spacing: 0;font-size: 16px\"><br \/><\/span><\/p>\n<p><\/p>\n<p>Document :<img decoding=\"async\" src=\"https:\/\/www.hommy.com\/wp-content\/uploads\/icon_pdf-35.gif\" style=\"margin-right: 2px\" alt=\"produit-Hommy-img-1\" title=\"\"><a href=\"https:\/\/img80002414.weyesimg.com\/uploads\/www.hommy.com\/addon\/16027303521680.pdf\" title=\"16027303521680.pdf\" style=\"font-size: 12px\">16027303521680.pdf<\/a><\/p>\n<h2 style=\"font-family: sans-serif\">Quel est le meilleur lait \u00e0 utiliser pour faire du yaourt ?&nbsp;<\/h2>\n<p style=\"margin-top: 5px;margin-bottom: 5px;font-family: sans-serif;font-size: 16px\">Le meilleur lait pour le yaourt est le lait entier homog\u00e9n\u00e9is\u00e9 ou le lait homog\u00e9n\u00e9is\u00e9. Le meilleur lait pour le yaourt doit \u00eatre homog\u00e9n\u00e9is\u00e9 pour s'assurer que le lait n'est pas trop grumeleux ou trop \u00e9pais. C'est important pour obtenir la meilleure texture possible du yaourt.<\/p>\n<p style=\"margin-top: 5px;margin-bottom: 5px;font-family: sans-serif;font-size: 16px\"><\/p>\n<h2 style=\"font-family: sans-serif\">Qu'est-ce qu'un professionnel ? <a style=\"color:blue\" href=\"\/fr\/\">sorbeti\u00e8re<\/a> appel\u00e9 ?<\/h2>\n<p style=\"margin-top: 5px;margin-bottom: 5px;font-family: sans-serif;font-size: 16px\">Un fabricant de glace professionnel est appel\u00e9 \"artisan\" ou \"artisan\". La plupart des fabricants de glaces professionnels sont originaires des \u00c9tats-Unis, mais nous avons \u00e9galement trouv\u00e9 des fabricants de glaces en Chine, en Australie, en Autriche, en France, au Royaume-Uni, au Canada, aux Pays-Bas et en Suisse.<\/p>\n<p style=\"margin-top: 5px;margin-bottom: 5px;font-family: sans-serif;font-size: 16px\"><\/p>\n<h2 style=\"font-family: sans-serif\">Le yaourt glac\u00e9 est-il bon pour la perte de poids ?<\/h2>\n<p style=\"margin-top: 5px;margin-bottom: 5px;font-family: sans-serif;font-size: 16px\">Le yaourt glac\u00e9 est bon pour la perte de poids car il contient moins de mati\u00e8res grasses que les autres desserts. Il est \u00e9galement riche en prot\u00e9ines. Le yaourt glac\u00e9 est une friandise pratique car il peut \u00eatre consomm\u00e9 en une seule portion.<\/p>\n<\/div><\/div>","protected":false},"excerpt":{"rendered":"<p>&nbsp; &nbsp;&nbsp; 2 flavour+mix soft ice cream machine&nbsp; 2 flavour+mix soft ice cream machine|Product Features|Soft Serve Freezer, Frozen Yogurt Freezer|Product Specification|Product Advantage &nbsp; &nbsp;&nbsp; &nbsp; &nbsp;&nbsp; This Frozen yogurt Ice Cream Machine is made from high grade material and designed as per international quality standards. Our offered machine is used in various restaurants, hotels, fast [&hellip;]<\/p>\n","protected":false},"featured_media":675,"comment_status":"open","ping_status":"open","template":"","meta":{"_swt_meta_header_display":false,"_swt_meta_footer_display":false,"_swt_meta_site_title_display":false,"_swt_meta_sticky_header":false,"_swt_meta_transparent_header":false},"product_brand":[],"product_cat":[80,77],"product_tag":[],"class_list":{"0":"post-684","1":"product","2":"type-product","3":"status-publish","4":"has-post-thumbnail","6":"product_cat-frozen-yogurt-machine","7":"product_cat-ice-cream-machine","9":"first","10":"instock","11":"shipping-taxable","12":"product-type-simple"},"_links":{"self":[{"href":"https:\/\/www.hommy.com\/fr\/wp-json\/wp\/v2\/product\/684","targetHints":{"allow":["GET"]}}],"collection":[{"href":"https:\/\/www.hommy.com\/fr\/wp-json\/wp\/v2\/product"}],"about":[{"href":"https:\/\/www.hommy.com\/fr\/wp-json\/wp\/v2\/types\/product"}],"replies":[{"embeddable":true,"href":"https:\/\/www.hommy.com\/fr\/wp-json\/wp\/v2\/comments?post=684"}],"wp:featuredmedia":[{"embeddable":true,"href":"https:\/\/www.hommy.com\/fr\/wp-json\/wp\/v2\/media\/675"}],"wp:attachment":[{"href":"https:\/\/www.hommy.com\/fr\/wp-json\/wp\/v2\/media?parent=684"}],"wp:term":[{"taxonomy":"product_brand","embeddable":true,"href":"https:\/\/www.hommy.com\/fr\/wp-json\/wp\/v2\/product_brand?post=684"},{"taxonomy":"product_cat","embeddable":true,"href":"https:\/\/www.hommy.com\/fr\/wp-json\/wp\/v2\/product_cat?post=684"},{"taxonomy":"product_tag","embeddable":true,"href":"https:\/\/www.hommy.com\/fr\/wp-json\/wp\/v2\/product_tag?post=684"}],"curies":[{"name":"wp","href":"https:\/\/api.w.org\/{rel}","templated":true}]}}