{"id":674,"date":"2024-07-02T15:24:21","date_gmt":"2024-07-02T15:24:21","guid":{"rendered":"http:\/\/localhost\/hommywp\/hm716-commercial-auto-frozen-yogurt-machine-manufacturer-cost\/"},"modified":"2025-08-01T09:57:38","modified_gmt":"2025-08-01T09:57:38","slug":"hm716-machine-a-glace-commerciale","status":"publish","type":"product","link":"https:\/\/www.hommy.com\/fr\/p\/hm716-machine-a-glace-commerciale\/","title":{"rendered":"Hm716 Commercial Auto Frozen Yogurt Machine Manufacturer Cost"},"content":{"rendered":"<div>\n<p>&nbsp;&nbsp;&nbsp;&nbsp;<\/p>\n<h2 style=\"text-align: center\"><span style=\"font-size: 24px;font-family: arial, helvetica, sans-serif\"><strong><span style=\"font-size: 24px;letter-spacing: 0px\"><a name=\"2 flavour+mix soft ice cream machine\"><\/a>Machine \u00e0 cr\u00e8me glac\u00e9e \u00e0 2 parfums+m\u00e9lange<\/span><\/strong><\/span><\/h2>\n<p style=\"text-align: center\"><a href=\"#2 flavour+mix soft ice cream machine\" target=\"_self\" data-lv=\"0\" rel=\"noopener\"><span style=\"font-family: arial, helvetica, sans-serif;font-size: 16px\"><span style=\"font-family: arial, helvetica, sans-serif;letter-spacing: 0px\">Machine \u00e0 cr\u00e8me glac\u00e9e \u00e0 2 parfums+m\u00e9lange<\/span><\/span><\/a><span style=\"font-family: arial, helvetica, sans-serif;font-size: 16px\"><span style=\"font-family: arial, helvetica, sans-serif;letter-spacing: 0px\">|<a href=\"#Product Features\" target=\"_self\" data-lv=\"0\" rel=\"noopener\">Caract\u00e9ristiques du produit<\/a>|<a href=\"#Soft Serve Freezer, Frozen Yogurt Freezer\" target=\"_self\" data-lv=\"0\" rel=\"noopener\">Cong\u00e9lateur pour soft serve, cong\u00e9lateur pour yogourt glac\u00e9<\/a>|<a href=\"#Product Specification\" target=\"_self\" data-lv=\"0\" rel=\"noopener\">Sp\u00e9cification du produit<\/a>|<a href=\"#Product Advantage\" target=\"_self\" data-lv=\"0\" rel=\"noopener\">Avantages du produit<\/a><\/span><\/span><\/p>\n<p><\/p>\n<p style=\"text-align: center\">\n<p style=\"text-align: center\">&nbsp;&nbsp;&nbsp;&nbsp;<\/p>\n<h4><strong><span style=\"font-family: \u5b8b\u4f53;letter-spacing: 0;font-size: 18px\"><\/span><\/strong><\/h4>\n<p>Un commerce <a style=\"color:blue\" href=\"https:\/\/www.hommy.com\/fr\/machine-a-yaourt-glace\/\">machine \u00e0 yaourt glac\u00e9<\/a> est une machine utilis\u00e9e pour fabriquer du yaourt glac\u00e9. Le yaourt glac\u00e9 est un dessert congel\u00e9 \u00e0 base de yaourt, de lait et d'autres ingr\u00e9dients. Il est g\u00e9n\u00e9ralement fabriqu\u00e9 dans une machine soft serve, qui cong\u00e8le le yaourt et le distribue dans un gobelet.<\/p>\n<p>Si vous \u00eates \u00e0 la recherche d'une machine \u00e0 yogourt glac\u00e9 commerciale, vous \u00eates au bon endroit. Notre usine est sp\u00e9cialis\u00e9e dans la vente de ces machines et nous sommes s\u00fbrs que nous avons la machine parfaite pour vous. Nous avons une grande vari\u00e9t\u00e9 de machines \u00e0 choisir, donc vous \u00eates s\u00fbr de trouver la machine parfaite pour vos besoins. Nous offrons \u00e9galement une garantie de satisfaction 100% sur tous nos produits, afin que vous puissiez \u00eatre s\u00fbr de faire un investissement judicieux. Nous sommes convaincus que nous avons la machine id\u00e9ale pour votre entreprise, alors n'h\u00e9sitez pas \u00e0 parcourir notre s\u00e9lection et \u00e0 nous contacter si vous avez des questions. Nous vous remercions de nous consid\u00e9rer comme votre source de r\u00e9f\u00e9rence pour les machines \u00e0 yogourt glac\u00e9 commerciales.<\/p>\n<h4><strong><span style=\"font-family: \u5b8b\u4f53;letter-spacing: 0;font-size: 18px\"><br \/><\/span><\/strong><br \/><\/h4>\n<h2><span style=\"font-family: arial, helvetica, sans-serif;font-size: 24px\"><strong><span style=\"font-family: arial, helvetica, sans-serif;letter-spacing: 0px\"><a name=\"Product Features\"><\/a>Produit <\/span><\/strong><strong><span style=\"font-family: arial, helvetica, sans-serif;letter-spacing: 0px\">Caract\u00e9ristiques<\/span><\/strong><\/span><strong><span style=\"font-family: \u5b8b\u4f53;letter-spacing: 0;font-size: 18px\"> <\/span><\/strong><strong><span style=\"font-family: \u5b8b\u4f53;letter-spacing: 0;font-size: 18px\">&nbsp;<\/span><\/strong><\/h2>\n<p style=\"margin-top:0;margin-right:0;margin-bottom:10px;margin-left:0;text-indent:0\"><span style=\"font-family: Helvetica;letter-spacing: 0;font-size: 16px\"><\/span><\/p>\n<p><span style=\"font-family: Helvetica;letter-spacing: 0;font-size: 16px\">Hommy en a plus <a style=\"color:blue\" href=\"https:\/\/www.hommy.com\/fr\/machine-a-glace-molle\/\">machine \u00e0 glace molle<\/a> Vous pouvez choisir une machine \u00e0 glace en fonction de vos besoins. <\/span><span style=\"font-family: Helvetica;letter-spacing: 0;font-size: 16px\">Le syst\u00e8me de refroidissement de notre machine est tr\u00e8s puissant et peut produire de la cr\u00e8me glac\u00e9e et du yogourt glac\u00e9. Il suffit de mettre diff\u00e9rents mat\u00e9riaux \u00e0 l'int\u00e9rieur pour que tout aille bien. <a style=\"color:blue\" href=\"https:\/\/www.hommy.com\/fr\/machine-a-glace\/\">machine \u00e0 servir les boissons gazeuses<\/a> utilise le courant et la temp\u00e9rature pour ajuster automatiquement le syst\u00e8me interne. <\/span><span style=\"font-family: Helvetica;letter-spacing: 0;font-size: 16px\">W<\/span><span style=\"font-family: Helvetica;letter-spacing: 0;font-size: 16px\">orsque vous l'aurez essay\u00e9e, vous aimerez cette machine.&nbsp;<\/span><\/p>\n<p><span style=\"font-family: Helvetica;letter-spacing: 0;font-size: 16px\"><\/span><\/p>\n<div class=\"d-tem01-graphic tem01-graphic mockup\" data-detail=\"wrap\">\n<div class=\"cont-section clearfix d-clearfix\">\n<div class=\"col-md-6 col-sm-6 col-xs-6\"><\/p>\n<div class=\"graphic_pic animated wow bounceIn\" data-wow-delay=\".7s\"><img decoding=\"async\" src=\"https:\/\/www.hommy.com\/wp-content\/uploads\/16004108937389.jpg\" alt=\"produit-Hommy-HM716 machine \u00e0 glace commerciale-img\" title=\"\"><br \/>\n &nbsp; &nbsp; &nbsp; &nbsp; &nbsp; &nbsp;<\/div>\n<\/div>\n<div class=\"col-md-6 col-sm-6 col-xs-6\">\n<div class=\"right-p\">\n<div class=\"h2 heading\"><span style=\"font-family: \u5b8b\u4f53;letter-spacing: 0px;font-size: 16px\"><\/span><\/p>\n<h2 style=\", Helvetica, Arial, sans-serif\"><span style=\"font-family: arial, helvetica, sans-serif;font-size: 24px\"><strong><a name=\"Soft Serve Freezer, Frozen Yogurt Freezer\"><\/a>Cong\u00e9lateur pour soft serve, cong\u00e9lateur pour yogourt glac\u00e9<\/strong><\/span><\/h2>\n<p><span style=\"font-family:Calibri;font-size:16px\">Twin Twist, Pr\u00e9-refroidissement, M\u00e9langeur, Comptoir, Ultra-silencieux<\/span><\/p>\n<p><span style=\"font-family:\u5b8b\u4f53;font-size:16px\">Caract\u00e9ristiques<\/span><\/p>\n<p><span style=\"font-family:Calibri;font-size:16px\">Offre de produits : Proposer toutes les variantes populaires de boissons rafra\u00eechissantes, de la cr\u00e8me glac\u00e9e au yaourt glac\u00e9 \u00e0 faible teneur en mati\u00e8re grasse ou sans mati\u00e8re grasse.<\/span><\/p>\n<p><span style=\"font-family:Calibri;font-size:16px\">Saveur : Servir deux saveurs distinctes et un twist.<\/span><\/p>\n<p><span style=\"font-family:Calibri;font-size:16px\">Tr\u00e9mie de m\u00e9lange : Deux tr\u00e9mies de 13 litres (13.7quart, 3.43gallons)<\/span><\/p>\n<p><span style=\"font-family:Calibri;font-size:16px\">Cylindre de cong\u00e9lation : Deux bouteilles de 1,8 litre (1,63 litre, 0,48 gallon)<\/span><\/p>\n<p><span style=\"font-family:Calibri;font-size:16px\">Contr\u00f4le par \u00e9cran tactile :<\/span><\/p>\n<p style=\"margin-left:32px\"><span style=\"font-family:Calibri;font-size:16px\">-&nbsp;<\/span><span style=\"font-family:Calibri;font-size:16px\">Le syst\u00e8me de contr\u00f4le tactile \u00e0 microprocesseur est int\u00e9gr\u00e9 dans un panneau en verre tremp\u00e9 durable.<\/span><\/p>\n<p style=\"margin-left:32px\"><span style=\"font-family:Calibri;font-size:16px\">-&nbsp;<\/span><span style=\"font-family:Calibri;font-size:16px\">Les temp\u00e9ratures dans les tr\u00e9mies ou les cylindres de cong\u00e9lation peuvent \u00eatre affich\u00e9es \u00e0 tout moment de l'op\u00e9ration.<\/span><\/p>\n<p style=\"margin-left:32px\"><span style=\"font-family:Calibri;font-size:16px\">-&nbsp;<\/span><span style=\"font-family:Calibri;font-size:16px\">Fournit le niveau de viscosit\u00e9 requis pour les portions.<\/span><\/p>\n<p style=\"margin-left:32px\"><span style=\"font-family:Calibri;font-size:16px\">-&nbsp;<\/span><span style=\"font-family:Calibri;font-size:16px\">Indicateur de niveau de m\u00e9lange et alarme. Lorsque le voyant de fin de m\u00e9lange clignote, la machine s'arr\u00eate automatiquement pour \u00e9viter tout dommage.<\/span><\/p>\n<p><span style=\"font-family:Calibri;font-size:16px\">Mode veille : Pendant les longues p\u00e9riodes d'inutilisation, la fonction de veille permet de maintenir des temp\u00e9ratures de produit s\u00fbres dans la tr\u00e9mie de m\u00e9lange et le cylindre de cong\u00e9lation.<\/span><\/p>\n<p><span style=\"font-family:Calibri;font-size:16px\">Fonction de protection de la pression pour le syst\u00e8me de refroidissement.<\/span><\/p>\n<p><span style=\"font-family:Calibri;font-size:16px\">La construction durable du couvercle en acier inoxydable en fait un outil moderne et efficace.<\/span><span style=\"font-family:\u5b8b\u4f53;font-size:16px\">&nbsp;<\/span><span style=\"font-family:Calibri;font-size:16px\">un aspect ext\u00e9rieur luxueux.<\/span><\/p>\n<p><span style=\"font-family:Calibri;font-size:16px\">Fonctions : <\/span><\/p>\n<p><span style=\"font-family: Calibri;font-size: 16px\">Le syst\u00e8me de pr\u00e9-refroidissement maintient le m\u00e9lange \u00e0 une temp\u00e9rature inf\u00e9rieure \u00e0 5\u00b0C en mode automatique et en mode veille. La pompe \u00e0 air d\u00e9livre le m\u00e9lange avec une certaine quantit\u00e9 d'air. <\/span><span style=\"font-family:Calibri;font-size:16px\">aux cylindres de cong\u00e9lation. <\/span><\/p>\n<p><span style=\"font-family:Calibri;font-size:16px\">Le m\u00e9langeur maintient l'uniformit\u00e9 du m\u00e9lange dans les tr\u00e9mies. *Le compteur permet \u00e0 l'op\u00e9rateur de visualiser le nombre de portions distribu\u00e9es.<\/span><\/p>\n<p><span style=\"font-family:Calibri;font-size:16px\">Bruit ultra-silencieux de 50 \u00e0 55 d\u00e9cibels.<\/span><span style=\"font-size: 14px;font-family: inherit\">&nbsp; &nbsp; &nbsp; &nbsp;<\/span><\/p>\n<\/div>\n<\/div>\n<\/div>\n<\/div>\n<\/div>\n<p><span style=\"font-family: Helvetica;letter-spacing: 0;font-size: 16px\"><\/span><\/p>\n<h2><span style=\"font-family: arial, helvetica, sans-serif;font-size: 24px\"><strong><span style=\"font-family: arial, helvetica, sans-serif;letter-spacing: 0px\"><a name=\"Product Specification\"><\/a>Sp\u00e9cification du produit<\/span><\/strong><\/span><strong><span style=\"font-family: \u5b8b\u4f53;letter-spacing: 0;font-size: 18px\"> <\/span><\/strong><\/h2>\n<p><span style=\"font-family: Helvetica;letter-spacing: 0;font-size: 16px\">Hommy a plus de douceur <a style=\"color:blue\" href=\"\/fr\/\">machine \u00e0 glace<\/a> Vous pouvez choisir une machine \u00e0 glace en fonction de vos besoins. <\/span><span style=\"font-family: Helvetica;letter-spacing: 0;font-size: 16px\">Le syst\u00e8me de refroidissement de notre machine est tr\u00e8s puissant et peut contenir de la cr\u00e8me glac\u00e9e et du yaourt glac\u00e9. Il suffit de mettre diff\u00e9rents mat\u00e9riaux \u00e0 l'int\u00e9rieur pour que tout aille bien. La machine \u00e0 frire utilise le courant et la temp\u00e9rature pour ajuster automatiquement le syst\u00e8me interne. <\/span><span style=\"font-family: Helvetica;letter-spacing: 0;font-size: 16px\">W<\/span><span style=\"font-family: Helvetica;letter-spacing: 0;font-size: 16px\">orsque vous l'aurez essay\u00e9e, vous aimerez cette machine.&nbsp;<\/span><\/p>\n<p><span style=\"font-family: Helvetica;letter-spacing: 0;font-size: 16px\"><br \/><\/span><\/p>\n<p style=\"text-align:center\"><img decoding=\"async\" src=\"https:\/\/www.hommy.com\/wp-content\/uploads\/16004104919672.png\" alt=\"produit-Hommy-img\" title=\"\"><\/p>\n<p><strong><span style=\"font-family: \u5b8b\u4f53;letter-spacing: 0;font-size: 18px\"><br \/><\/span><\/strong><\/p>\n<h2><span style=\"font-family: arial, helvetica, sans-serif;font-size: 24px\"><strong><span style=\"font-family: arial, helvetica, sans-serif;letter-spacing: 0px\"><a name=\"Product Advantage\"><\/a>Avantages du produit<\/span><\/strong><\/span><strong><span style=\"font-family: \u5b8b\u4f53;letter-spacing: 0;font-size: 18px\"> &nbsp;&nbsp;&nbsp;&nbsp;&nbsp;&nbsp;<\/span><\/strong><\/h2>\n<p><span style=\"font-family: Helvetica;letter-spacing: 0;font-size: 16px\">Hommy produit des machines \u00e0 glaces depuis 20 ans, les distributeurs automatiques de glaces ajoutent des fonctions de glaces douces, car il n'y a pas de personnel pour assurer le service tout le temps. Nous nous basons sur ce capteur suppl\u00e9mentaire et utilisons un logiciel pour le contr\u00f4ler, ce qui est de bonne qualit\u00e9 et de bonne fonction.<\/span><\/p>\n<p><span style=\"font-family: Helvetica;letter-spacing: 0;font-size: 16px\"><\/span><\/p>\n<div class=\"d-tem01-graphic tem01-graphic mockup\" data-detail=\"wrap\">\n<div class=\"cont-section clearfix d-clearfix\">\n<div class=\"col-md-6 col-sm-6 col-xs-6\">\n<div class=\"right-p\">\n<div class=\"h2 heading\">\n<div class=\"h2 heading\" style=\", Helvetica, Arial, sans-serif;margin: 0px 0px 15px;font-size: 22px\"><span style=\"font-family: Helvetica;letter-spacing: 0px;font-weight: bold;font-size: 18px\">1.&nbsp;<\/span><strong style=\"font-family: inherit\"><span style=\"font-family: Helvetica;letter-spacing: 0px;font-size: 18px\">Tube d'expansion<\/span><\/strong><\/div>\n<div class=\"description\" style=\"line-height: 24.5px;padding-top: 10px\"><span style=\"font-family: \u5b8b\u4f53;font-size: 16px;letter-spacing: 0px\">La fonction du tube d'expansion est de souffler de l'air dans le cylindre et de le m\u00e9langer \u00e0 la cr\u00e8me glac\u00e9e pour augmenter le taux d'expansion de la cr\u00e8me glac\u00e9e, ce qui la rend plus moelleuse et plus d\u00e9licieuse lorsque vous la mangez. Le taux d'expansion du tube d'expansion est de 30%-45%, et il comporte trois trous diff\u00e9rents permettant aux clients de r\u00e9gler la quantit\u00e9 d'entr\u00e9e d'air, ce qui est pratique \u00e0 nettoyer et simple \u00e0 utiliser.<\/span><\/div>\n<\/div>\n<\/div>\n<div class=\"graphic_pic animated wow bounceIn\" data-wow-delay=\".7s\">\n<p style=\"text-align:center\"><img loading=\"lazy\" decoding=\"async\" src=\"https:\/\/www.hommy.com\/wp-content\/uploads\/16004115364443.jpg\" alt=\"produit-HM716 machine \u00e0 glace commerciale-Hommy-img\" title=\"\" width=\"300\" height=\"438\" border=\"0\" vspace=\"0\" style=\"width: 300px;height: 438px\"><\/p>\n<\/div>\n<\/div>\n<div class=\"col-md-6 col-sm-6 col-xs-6\">\n<div class=\"right-p\">\n<div class=\"h2 heading\">\n<div class=\"h2 heading\" style=\", Helvetica, Arial, sans-serif;margin: 0px 0px 15px;font-size: 22px\">2.&nbsp;<span style=\"font-family: Helvetica;letter-spacing: 0px\">Laisser le capteur<\/span><\/div>\n<p style=\"line-height: 24.5px;padding-top: 10px\"><span style=\"font-family: \u5b8b\u4f53;letter-spacing: 0px;font-size: 16px\">Laisser le capteur avoir&nbsp;<\/span><span style=\"font-family: Calibri;letter-spacing: 0px;font-size: 16px\">Deuxi\u00e8me \u00e9tape, la premi\u00e8re \u00e9tape de l'alarme de niveau de mat\u00e9riau manquant, la deuxi\u00e8me \u00e9tape de l'arr\u00eat automatique.<\/span><span style=\"font-family: \u5b8b\u4f53;letter-spacing: 0px;font-size: 16px\">&nbsp;Lorsque vous recevez le premier message, vous avez un peu de temps pour ajouter du mat\u00e9riel, il n'est pas n\u00e9cessaire d'arr\u00eater la machine pour la faire fonctionner.<\/span><\/p>\n<p style=\"line-height: 24.5px;padding-top: 10px\"><span style=\"font-family: \u5b8b\u4f53;letter-spacing: 0px;font-size: 16px\"><br \/><\/span><\/p>\n<\/div>\n<\/div>\n<div class=\"graphic_pic animated wow bounceIn\" data-wow-delay=\".7s\">\n<p style=\"text-align:center\"><img loading=\"lazy\" decoding=\"async\" src=\"https:\/\/www.hommy.com\/wp-content\/uploads\/16004115082069.jpg\" alt=\"produit-Hommy-img\" title=\"\" width=\"300\" height=\"438\" border=\"0\" vspace=\"0\" style=\"width: 300px;height: 438px\"><\/p>\n<\/div>\n<\/div>\n<\/div>\n<\/div>\n<div class=\"d-tem01-graphic tem01-graphic mockup\" data-detail=\"wrap\">\n<div class=\"cont-section clearfix d-clearfix\">\n<div class=\"col-md-6 col-sm-6 col-xs-6\">\n<div class=\"right-p\">\n<div class=\"h2 heading\">\n<p><span style=\"font-family: Helvetica;letter-spacing: 0;font-size: 22px\">3.Contr\u00f4leur<\/span><\/p>\n<\/div>\n<p><span style=\"font-family: \u5b8b\u4f53;font-size: 16px;letter-spacing: 0px\">Le panneau de commande indique clairement les fonctions internes de la machine. En m\u00eame temps, la machine rappelle \u00e9galement la fonction de nettoyage, ajoutant des fonctions plus humanis\u00e9es, nous sommes \u00e9galement invit\u00e9s \u00e0 faire des OEM.<\/span><\/p>\n<p><span style=\"font-family: \u5b8b\u4f53;font-size: 16px;letter-spacing: 0px\"><br \/><\/span><\/p>\n<p><span style=\"font-family: \u5b8b\u4f53;font-size: 16px;letter-spacing: 0px\"><br \/><\/span><\/p>\n<\/div>\n<div class=\"graphic_pic animated wow bounceIn\" data-wow-delay=\".7s\">\n<p style=\"text-align:center\"><img loading=\"lazy\" decoding=\"async\" src=\"https:\/\/www.hommy.com\/wp-content\/uploads\/16004116331576.jpg\" alt=\"produit-Hommy-img\" title=\"\" width=\"400\" height=\"214\" border=\"0\" vspace=\"0\" style=\"height: 214px;text-align: center;width: 400px\"><\/p>\n<\/div>\n<\/div>\n<div class=\"col-md-6 col-sm-6 col-xs-6\">\n<div class=\"right-p\">\n<div class=\"h2 heading\">\n<p style=\"margin: 0 0 15px;text-indent: 0\"><span style=\"letter-spacing: 0px;font-size: 22px\">4. m\u00e9langeur dans la tr\u00e9mie<\/span><span style=\"font-family: \u5b8b\u4f53;letter-spacing: 0;font-size: 22px\">&nbsp;<\/span><\/p>\n<\/div>\n<p><span style=\"font-family: \u5b8b\u4f53;font-size: 16px;letter-spacing: 0px\">M\u00e9lange uniforme. Le m\u00e9langeur \u00e0 grande vitesse dans la tr\u00e9mie maintient le mat\u00e9riau en mouvement dans la tr\u00e9mie en cas de gla\u00e7age. La cr\u00e8me glac\u00e9e sera plus lisse apr\u00e8s avoir \u00e9t\u00e9 compl\u00e8tement m\u00e9lang\u00e9e \u00e0 l'air.<\/span><\/p>\n<p><span style=\"font-family: \u5b8b\u4f53;font-size: 16px;letter-spacing: 0px\"><br \/><\/span><\/p>\n<p><span style=\"font-family: \u5b8b\u4f53;font-size: 16px;letter-spacing: 0px\"><br \/><\/span><\/p>\n<p><\/p>\n<\/div>\n<div class=\"graphic_pic animated wow bounceIn\" data-wow-delay=\".7s\">\n<p style=\"text-align:center\"><img loading=\"lazy\" decoding=\"async\" src=\"https:\/\/www.hommy.com\/wp-content\/uploads\/16004845644979.jpg\" alt=\"produit-Hommy-img\" title=\"\" width=\"250\" height=\"438\" border=\"0\" vspace=\"0\" style=\"width: 250px;height: 438px\"><\/p>\n<\/div>\n<\/div>\n<\/div>\n<\/div>\n<div class=\"d-tem01-graphic tem01-graphic mockup\" data-detail=\"wrap\">\n<div class=\"cont-section clearfix d-clearfix\">\n<div class=\"col-md-6 col-sm-6 col-xs-6\">\n<div class=\"right-p\">\n<div class=\"h2 heading\">5. accessoires optionnels \u00e9chappement<\/div>\n<p><span style=\"font-family: \u5b8b\u4f53;font-size: 16px;letter-spacing: 0px\">Installer correctement la machine \u00e0 glace. La distance entre l'orifice d'\u00e9vacuation derri\u00e8re la machine et le mur est de 1 m\u00e8tre pour la ventilation, mais en fait, il est impossible d'obtenir cette situation dans notre entrep\u00f4t. Hommy a con\u00e7u un nouveau conduit d'\u00e9vacuation pour un usage quotidien afin d'\u00e9vacuer l'air chaud. En haut, il peut satisfaire plus d'endroits sans occuper d'espace.<\/span><\/p>\n<p><span style=\"font-family: \u5b8b\u4f53;font-size: 16px;letter-spacing: 0px\"><br \/><\/span><\/p>\n<p><span style=\"font-family: \u5b8b\u4f53;font-size: 16px;letter-spacing: 0px\"><br \/><\/span><\/p>\n<p><span style=\"font-family: \u5b8b\u4f53;font-size: 16px;letter-spacing: 0px\"><br \/><\/span><\/p>\n<\/div>\n<div class=\"graphic_pic animated wow bounceIn\" data-wow-delay=\".7s\">\n<p style=\"text-align:center\"><img decoding=\"async\" src=\"https:\/\/www.hommy.com\/wp-content\/uploads\/16004849602733.jpg\" alt=\"produit-Hommy-HM716 machine \u00e0 glace commerciale-img-1\" title=\"\"><\/p>\n<\/div>\n<\/div>\n<div class=\"col-md-6 col-sm-6 col-xs-6\">\n<div class=\"right-p\">\n<div class=\"h2 heading\">6. r\u00e9initialisation automatique du manipulateur<\/div>\n<div class=\"description\">\n<p style=\"margin-top: 0;margin-right: 0;margin-bottom: 15px\"><span style=\"font-family: \u5b8b\u4f53;letter-spacing: 0;font-size: 16px\">Installer <\/span><span style=\"font-family: \u5b8b\u4f53;letter-spacing: 0;font-size: 16px\">lorsque vous retirez une glace, le manipulateur se r\u00e9initialise automatiquement, ce qui peut \u00eatre \u00e9vit\u00e9 en laissant tomber accidentellement une glace sur le sol.<\/span><\/p>\n<p style=\"margin-top: 0;margin-right: 0;margin-bottom: 15px\"><span style=\"font-family: \u5b8b\u4f53;letter-spacing: 0;font-size: 16px\"><br \/><\/span><\/p>\n<p style=\"margin-top: 0;margin-right: 0;margin-bottom: 15px\"><span style=\"font-family: \u5b8b\u4f53;letter-spacing: 0;font-size: 16px\"><br \/><\/span><\/p>\n<p style=\"margin-top: 0;margin-right: 0;margin-bottom: 15px\"><span style=\"font-family: \u5b8b\u4f53;letter-spacing: 0;font-size: 16px\">&nbsp;<\/span><\/p>\n<\/div>\n<\/div>\n<div class=\"graphic_pic animated wow bounceIn\" data-wow-delay=\".7s\">\n<p style=\"text-align:center\"><img loading=\"lazy\" decoding=\"async\" src=\"https:\/\/www.hommy.com\/wp-content\/uploads\/16004849914760.jpg\" alt=\"produit-Hommy-img-1\" title=\"\" width=\"350\" height=\"562\" border=\"0\" vspace=\"0\" style=\"width: 350px;height: 562px\"><\/p>\n<\/div>\n<\/div>\n<\/div>\n<\/div>\n<p><\/p>\n<p><\/p>\n<p>Document\uff1a<img decoding=\"async\" src=\"https:\/\/www.hommy.com\/wp-content\/uploads\/icon_pdf-34.gif\" style=\"margin-right: 2px\" alt=\"produit-HM716 machine \u00e0 glace commerciale-Hommy-img-1\" title=\"\"><a href=\"https:\/\/img80002414.weyesimg.com\/uploads\/www.hommy.com\/addon\/16027399365015.pdf\" title=\"16027399365015.pdf\" style=\"font-size: 12px\">16027399365015.pdf<\/a><\/p>\n<h2>Comment puis-je obtenir une franchise Starbucks ?<\/h2>\n<p style=\"margin-top: 5px;margin-bottom: 5px\">Starbucks est une cha\u00eene de caf\u00e9s internationale qui poss\u00e8de des franchises dans de nombreux pays. L'entreprise dispose d'un mod\u00e8le commercial unique qui lui a permis de se d\u00e9velopper rapidement et avec succ\u00e8s dans le monde entier. Dans ce guide, nous vous expliquons comment obtenir une franchise Starbucks.Quels sont les principaux avantages d'une franchise Starbucks ? Vous gagnerez de l'argent en vendant du caf\u00e9, de l'expresso, du th\u00e9 et d'autres boissons. Vous pourrez \u00e9galement utiliser le nom de la marque pour cr\u00e9er votre propre entreprise. Starbucks a un mod\u00e8le d'entreprise unique qui le distingue des autres.<\/p>\n<p style=\"margin-top: 5px;margin-bottom: 5px\"><\/p>\n<h2>Combien de temps faut-il mettre le yaourt au cong\u00e9lateur pour obtenir un yaourt glac\u00e9 ?<\/h2>\n<p style=\"margin-top: 5px;margin-bottom: 5px\">Pour faire du yaourt glac\u00e9, il suffit d'ajouter votre yaourt pr\u00e9f\u00e9r\u00e9 au cong\u00e9lateur et de le sortir lorsqu'il est solide. Nous utilisons le yogourt super cr\u00e9meux parce qu'il a d\u00e9j\u00e0 la consistance et la temp\u00e9rature parfaites. Le temps varie selon l'\u00e9paisseur du yogourt.<\/p>\n<p style=\"margin-top: 5px;margin-bottom: 5px\"><\/p>\n<h2>Que puis-je faire avec un yaourt dont la date de p\u00e9remption est proche ?<\/h2>\n<p style=\"margin-top: 5px;margin-bottom: 5px\">Si vous ne l'utilisez pas dans les jours qui suivent, jetez-le et utilisez-le pour fabriquer un levain, ou congelez-le et utilisez-le pour fabriquer du k\u00e9fir de lait.<\/p>\n<\/div><\/div>","protected":false},"excerpt":{"rendered":"<p>&nbsp;&nbsp;&nbsp;&nbsp; 2 flavour+mix soft ice cream machine 2 flavour+mix soft ice cream machine|Product Features|Soft Serve Freezer, Frozen Yogurt Freezer|Product Specification|Product Advantage &nbsp;&nbsp;&nbsp;&nbsp; A commercial frozen yogurt machine is a machine used to make frozen yogurt. Frozen yogurt is a frozen dessert made from yogurt, milk, and other ingredients. It is usually made in a soft [&hellip;]<\/p>\n","protected":false},"featured_media":665,"comment_status":"open","ping_status":"open","template":"","meta":{"_swt_meta_header_display":false,"_swt_meta_footer_display":false,"_swt_meta_site_title_display":false,"_swt_meta_sticky_header":false,"_swt_meta_transparent_header":false},"product_brand":[],"product_cat":[80,77],"product_tag":[],"class_list":{"0":"post-674","1":"product","2":"type-product","3":"status-publish","4":"has-post-thumbnail","6":"product_cat-frozen-yogurt-machine","7":"product_cat-ice-cream-machine","9":"first","10":"instock","11":"shipping-taxable","12":"product-type-simple"},"_links":{"self":[{"href":"https:\/\/www.hommy.com\/fr\/wp-json\/wp\/v2\/product\/674","targetHints":{"allow":["GET"]}}],"collection":[{"href":"https:\/\/www.hommy.com\/fr\/wp-json\/wp\/v2\/product"}],"about":[{"href":"https:\/\/www.hommy.com\/fr\/wp-json\/wp\/v2\/types\/product"}],"replies":[{"embeddable":true,"href":"https:\/\/www.hommy.com\/fr\/wp-json\/wp\/v2\/comments?post=674"}],"wp:featuredmedia":[{"embeddable":true,"href":"https:\/\/www.hommy.com\/fr\/wp-json\/wp\/v2\/media\/665"}],"wp:attachment":[{"href":"https:\/\/www.hommy.com\/fr\/wp-json\/wp\/v2\/media?parent=674"}],"wp:term":[{"taxonomy":"product_brand","embeddable":true,"href":"https:\/\/www.hommy.com\/fr\/wp-json\/wp\/v2\/product_brand?post=674"},{"taxonomy":"product_cat","embeddable":true,"href":"https:\/\/www.hommy.com\/fr\/wp-json\/wp\/v2\/product_cat?post=674"},{"taxonomy":"product_tag","embeddable":true,"href":"https:\/\/www.hommy.com\/fr\/wp-json\/wp\/v2\/product_tag?post=674"}],"curies":[{"name":"wp","href":"https:\/\/api.w.org\/{rel}","templated":true}]}}