{"id":67,"date":"2024-07-02T11:51:56","date_gmt":"2024-07-02T11:51:56","guid":{"rendered":"http:\/\/localhost\/hommywp\/hm160d-stand-alone-floor-style-refrigerated-fruit-smoothie-machine\/"},"modified":"2025-08-01T09:52:44","modified_gmt":"2025-08-01T09:52:44","slug":"hm160d-machine-a-smoothie-refrigeree-autonome-au-sol","status":"publish","type":"product","link":"https:\/\/www.hommy.com\/fr\/p\/hm160d-machine-a-smoothie-refrigeree-autonome-au-sol\/","title":{"rendered":"HM160D Machine \u00e0 smoothie r\u00e9frig\u00e9r\u00e9e autonome au sol"},"content":{"rendered":"<h2 class=\"wp-block-heading\"><strong>Augmentez vos ventes et dynamisez votre entreprise avec la machine \u00e0 smoothie Hommy HM160D : Machine automatique \u00e0 smoothies glac\u00e9s<\/strong><\/h2>\r\n\r\n\r\n\r\n<p>Vous souhaitez ajouter une option saine et rentable \u00e0 votre entreprise ?<\/p>\r\n\r\n\r\n\r\n<div class=\"wp-block-group is-content-justification-center is-nowrap is-layout-flex wp-container-core-group-is-layout-23441af8 wp-block-group-is-layout-flex\">\r\n<figure class=\"wp-block-image aligncenter\"><img decoding=\"async\" title=\"machine \u00e0 smoothie HM160D\" src=\"https:\/\/www.hommy.com\/wp-content\/uploads\/17105145929159.jpg\" alt=\"machine \u00e0 smoothie HM160D\" \/><\/figure>\r\n<\/div>\r\n\r\n\r\n\r\n<div class=\"wp-block-group is-horizontal is-content-justification-center is-nowrap is-layout-flex wp-container-core-group-is-layout-2256e7f1 wp-block-group-is-layout-flex\">\r\n<div class=\"wp-block-group is-vertical is-layout-flex wp-container-core-group-is-layout-fe9cc265 wp-block-group-is-layout-flex\">\r\n<figure class=\"wp-block-image\"><img decoding=\"async\" src=\"https:\/\/www.hommy.com\/wp-content\/uploads\/17105175559625-2.jpg\" alt=\"\" title=\"\">\r\n<figcaption class=\"wp-element-caption\">1.scanner<\/figcaption>\r\n<\/figure>\r\n<\/div>\r\n\r\n\r\n\r\n<div class=\"wp-block-group is-vertical is-layout-flex wp-container-core-group-is-layout-fe9cc265 wp-block-group-is-layout-flex\">\r\n<figure class=\"wp-block-image size-large\"><img decoding=\"async\" src=\"https:\/\/www.hommy.com\/wp-content\/uploads\/17105175558461-2.jpg\" alt=\"\" title=\"\">\r\n<figcaption class=\"wp-element-caption\">2. en un seul clic<\/figcaption>\r\n<\/figure>\r\n<\/div>\r\n\r\n\r\n\r\n<div class=\"wp-block-group is-vertical is-layout-flex wp-container-core-group-is-layout-fe9cc265 wp-block-group-is-layout-flex\">\r\n<figure class=\"wp-block-image size-large\"><img decoding=\"async\" src=\"https:\/\/www.hommy.com\/wp-content\/uploads\/17105175531218-2.jpg\" alt=\"\" title=\"\">\r\n<figcaption class=\"wp-element-caption\">3.nettoyage<\/figcaption>\r\n<\/figure>\r\n<\/div>\r\n<\/div>\r\n\r\n\r\n\r\n<div class=\"wp-block-group is-horizontal is-content-justification-center is-nowrap is-layout-flex wp-container-core-group-is-layout-2256e7f1 wp-block-group-is-layout-flex\">\r\n<div class=\"wp-block-group is-vertical is-layout-flex wp-container-core-group-is-layout-fe9cc265 wp-block-group-is-layout-flex\">\r\n<figure class=\"wp-block-image size-large\"><img decoding=\"async\" src=\"https:\/\/www.hommy.com\/wp-content\/uploads\/17105175522157-2.jpg\" alt=\"\" title=\"\">\r\n<figcaption class=\"wp-element-caption\">4. S\u00fbr<\/figcaption>\r\n<\/figure>\r\n<\/div>\r\n\r\n\r\n\r\n<div class=\"wp-block-group is-vertical is-layout-flex wp-container-core-group-is-layout-fe9cc265 wp-block-group-is-layout-flex\">\r\n<figure class=\"wp-block-image size-large\"><img decoding=\"async\" src=\"https:\/\/www.hommy.com\/wp-content\/uploads\/17105175543965-2.jpg\" alt=\"\" title=\"\">\r\n<figcaption class=\"wp-element-caption\">5.Lanugage<\/figcaption>\r\n<\/figure>\r\n<\/div>\r\n\r\n\r\n\r\n<div class=\"wp-block-group is-vertical is-layout-flex wp-container-core-group-is-layout-fe9cc265 wp-block-group-is-layout-flex\">\r\n<figure class=\"wp-block-image size-large\"><img decoding=\"async\" src=\"https:\/\/www.hommy.com\/wp-content\/uploads\/17105175576781-1.jpg\" alt=\"\" title=\"\">\r\n<figcaption class=\"wp-element-caption\">6. r\u00e9servoirs d'eau<\/figcaption>\r\n<\/figure>\r\n<\/div>\r\n<\/div>\r\n\r\n\r\n\r\n<p>La machine \u00e0 smoothie Hommy HM160D est peut-\u00eatre la solution id\u00e9ale. Cette machine <strong>autonome, r\u00e9frig\u00e9r\u00e9<\/strong> La machine \u00e0 smoothie distribue des smoothies sains et rafra\u00eechissants \u00e0 tout moment en utilisant des fruits comme la banane, la fraise, la myrtille, la mangue et l'ananas.<\/p>\r\n\r\n\r\n\r\n<h2 class=\"wp-block-heading\"><strong>Vid\u00e9o :<\/strong><\/h2>\r\n\r\n\r\n<p><iframe loading=\"lazy\" title=\"D\u00e9panneur 24 heures Machine \u00e0 smoothie\" width=\"500\" height=\"281\" src=\"https:\/\/www.youtube.com\/embed\/izlN4mk533U?feature=oembed\" frameborder=\"0\" allow=\"accelerometer; autoplay; clipboard-write; encrypted-media; gyroscope; picture-in-picture; web-share\" referrerpolicy=\"strict-origin-when-cross-origin\" allowfullscreen><\/iframe><\/p>\n\r\n\r\n\r\n<h2 class=\"wp-block-heading\"><strong><strong>Sp\u00e9cifications :<\/strong><\/strong><\/h2>\r\n\r\n\r\n\r\n<div class=\"wp-block-group is-content-justification-center is-nowrap is-layout-flex wp-container-core-group-is-layout-23441af8 wp-block-group-is-layout-flex\">\r\n<figure class=\"wp-block-image\"><img decoding=\"async\" title=\"Machine \u00e0 smoothie Sp\u00e9cifications\" src=\"https:\/\/www.hommy.com\/wp-content\/uploads\/17105175578638-1.jpg\" alt=\"Machine \u00e0 smoothie Sp\u00e9cifications\" \/><\/figure>\r\n<\/div>\r\n\r\n\r\n\r\n<p class=\"has-text-align-center\">\u00a0<\/p>\r\n\r\n\r\n\r\n<h2 class=\"wp-block-heading\"><strong><span style=\"font-size: 16px;\">S\u00e9lection de r\u00e9frig\u00e9rateurs :<\/span><\/strong><\/h2>\r\n\r\n\r\n\r\n<div class=\"wp-block-group is-nowrap is-layout-flex wp-container-core-group-is-layout-6c531013 wp-block-group-is-layout-flex\">\r\n<figure class=\"wp-block-image size-large\"><img decoding=\"async\" src=\"https:\/\/www.hommy.com\/wp-content\/uploads\/17107557283856-1.jpg\" alt=\"\" title=\"\"><\/figure>\r\n\r\n\r\n\r\n<figure class=\"wp-block-image size-large\"><img decoding=\"async\" src=\"https:\/\/www.hommy.com\/wp-content\/uploads\/17107557284443-1.jpg\" alt=\"\" title=\"\"><\/figure>\r\n\r\n\r\n\r\n<figure class=\"wp-block-image size-large\"><img decoding=\"async\" src=\"https:\/\/www.hommy.com\/wp-content\/uploads\/17107557297480-1.jpg\" alt=\"\" title=\"\"><\/figure>\r\n\r\n\r\n\r\n<figure class=\"wp-block-image size-large\"><img decoding=\"async\" src=\"https:\/\/www.hommy.com\/wp-content\/uploads\/17107557277036-1.jpg\" alt=\"\" title=\"\"><\/figure>\r\n<\/div>\r\n\r\n\r\n\r\n<h2 class=\"wp-block-heading\"><strong><strong>Caract\u00e9ristiques du produit :<\/strong><\/strong><\/h2>\r\n\r\n\r\n\r\n<ul class=\"wp-block-list\">\r\n<li>\r\n<p><strong><strong>Fonctionnement simple et sans souci :<\/strong><\/strong> Il suffit de payer, de choisir un gobelet rempli de fruits surgel\u00e9s, de scanner le code QR sur le gobelet, la porte du mixeur s'ouvre automatiquement, d'ins\u00e9rer le gobelet et le smoothie est mix\u00e9 \u00e0 la perfection.<\/p>\r\n<\/li>\r\n\r\n\r\n\r\n<li>\r\n<p><strong><strong>Contr\u00f4le des donn\u00e9es \u00e0 distance :<\/strong><\/strong> Suivez vos donn\u00e9es de vente et les performances de vos machines \u00e0 tout moment<strong><strong>,\u00a0<\/strong><\/strong>n'importe o\u00f9 gr\u00e2ce au syst\u00e8me de surveillance \u00e0 distance int\u00e9gr\u00e9.<\/p>\r\n<\/li>\r\n\r\n\r\n\r\n<li>\r\n<p><strong><strong>Frais et sains :<\/strong><\/strong> Le HM160D utilise des morceaux de fruits surgel\u00e9s pour cr\u00e9er des smoothies frais et d\u00e9licieux.<\/p>\r\n<\/li>\r\n\r\n\r\n\r\n<li>\r\n<p><strong><strong>Nettoyage automatique :<\/strong><\/strong> L'appareil se nettoie automatiquement apr\u00e8s chaque utilisation, ce qui garantit un fonctionnement hygi\u00e9nique.<\/p>\r\n<\/li>\r\n\r\n\r\n\r\n<li>\r\n<p><strong><strong>Design attrayant et apparence personnalisable :<\/strong><\/strong> Le design \u00e9l\u00e9gant et les graphiques personnalisables attirent l'attention et s'int\u00e8grent parfaitement dans n'importe quel lieu.<\/p>\r\n<\/li>\r\n<\/ul>\r\n\r\n\r\n\r\n<h2 class=\"wp-block-heading\"><strong><strong>Emplacements appropri\u00e9s :<\/strong><\/strong><\/h2>\r\n\r\n\r\n\r\n<ul class=\"wp-block-list\">\r\n<li>\r\n<p>Bureaux<\/p>\r\n<\/li>\r\n\r\n\r\n\r\n<li>\r\n<p>Salles de pause<\/p>\r\n<\/li>\r\n\r\n\r\n\r\n<li>\r\n<p>Gymnases<\/p>\r\n<\/li>\r\n\r\n\r\n\r\n<li>\r\n<p>Magasins de proximit\u00e9<\/p>\r\n<\/li>\r\n\r\n\r\n\r\n<li>\r\n<p>Centres commerciaux<\/p>\r\n<\/li>\r\n\r\n\r\n\r\n<li>\r\n<p>Et tout autre endroit o\u00f9 les clients ont envie d'une collation saine et pratique !<\/p>\r\n<\/li>\r\n<\/ul>\r\n\r\n\r\n\r\n<p>Augmentez vos revenus et offrez \u00e0 vos clients un choix sain avec la machine \u00e0 smoothie Hommy HM160D.<\/p>\r\n\r\n\r\n\r\n<p>Contactez Hommy d\u00e8s aujourd'hui pour en savoir plus sur le produit et le prix.<\/p>\r\n\r\n\r\n\r\n<h2 class=\"wp-block-heading\">FAQ<\/h2>\r\n\r\n\r\n\r\n<p><strong>Comment gagner de l'argent avec une machine \u00e0 smoothie ?<\/strong><\/p>\r\n\r\n\r\n\r\n<p>Il existe de nombreuses fa\u00e7ons de gagner de l'argent avec un distributeur de smoothies. Tout d'abord, tout ce dont vous avez besoin est une petite somme d'argent pour acheter un distributeur automatique de smoothies et des fruits congel\u00e9s dans des gobelets. Trouvez un endroit pr\u00e8s de l'universit\u00e9 ou dans un centre commercial. Obtenez des revenus passifs en toute simplicit\u00e9.<\/p>\r\n\r\n\r\n\r\n<p><strong>Comment cr\u00e9er une entreprise de smoothie ?<\/strong><\/p>\r\n\r\n\r\n\r\n<p>Pour cr\u00e9er une entreprise de smoothie, il faut d'abord \u00e9laborer un plan d'entreprise. Par exemple, si vous souhaitez g\u00e9rer votre entreprise dans votre magasin et que vous disposez de personnel pour vendre des smoothies, vous pouvez opter pour un distributeur automatique de smoothies de table, qui est plus \u00e9conomique. Si vous souhaitez g\u00e9rer un commerce sans personnel sans avoir \u00e0 investir dans la location d'un magasin, le distributeur automatique de smoothies est un bon choix.\u00a0<\/p>\r\n\r\n\r\n\r\n<p><strong>Combien co\u00fbte la cr\u00e9ation d'une entreprise de smoothies ?<\/strong><\/p>\r\n\r\n\r\n\r\n<p>Cela d\u00e9pend de la taille de l'entreprise que vous souhaitez cr\u00e9er. Avec un co\u00fbt de d\u00e9marrage moyen de $10 000~$25 000 USD, il est possible de poss\u00e9der un commerce de smoothies avec un distributeur automatique de smoothies autonettoyant dans un magasin de proximit\u00e9 ou dans un centre commercial. \u00a0<\/p>","protected":false},"excerpt":{"rendered":"<p>Increase Your Sales and Boost Your Business with the Hommy HM160D: Automatic Frozen Smoothie Machine Looking to add a healthy and profitable option to your business? The Hommy HM160D Smoothie Machine may be the perfect solution. This freestanding, refrigerated smoothie machine dispenses healthy and refreshing smoothies anytime using fruits like banana, strawberry, blueberry, mango, and [&hellip;]<\/p>\n","protected":false},"featured_media":58,"comment_status":"open","ping_status":"closed","template":"","meta":{"_swt_meta_header_display":false,"_swt_meta_footer_display":false,"_swt_meta_site_title_display":false,"_swt_meta_sticky_header":false,"_swt_meta_transparent_header":false},"product_brand":[],"product_cat":[69,68],"product_tag":[],"class_list":{"0":"post-67","1":"product","2":"type-product","3":"status-publish","4":"has-post-thumbnail","6":"product_cat-smoothie-vending-machine","7":"product_cat-vending-machine","9":"first","10":"instock","11":"shipping-taxable","12":"product-type-simple"},"_links":{"self":[{"href":"https:\/\/www.hommy.com\/fr\/wp-json\/wp\/v2\/product\/67","targetHints":{"allow":["GET"]}}],"collection":[{"href":"https:\/\/www.hommy.com\/fr\/wp-json\/wp\/v2\/product"}],"about":[{"href":"https:\/\/www.hommy.com\/fr\/wp-json\/wp\/v2\/types\/product"}],"replies":[{"embeddable":true,"href":"https:\/\/www.hommy.com\/fr\/wp-json\/wp\/v2\/comments?post=67"}],"wp:featuredmedia":[{"embeddable":true,"href":"https:\/\/www.hommy.com\/fr\/wp-json\/wp\/v2\/media\/58"}],"wp:attachment":[{"href":"https:\/\/www.hommy.com\/fr\/wp-json\/wp\/v2\/media?parent=67"}],"wp:term":[{"taxonomy":"product_brand","embeddable":true,"href":"https:\/\/www.hommy.com\/fr\/wp-json\/wp\/v2\/product_brand?post=67"},{"taxonomy":"product_cat","embeddable":true,"href":"https:\/\/www.hommy.com\/fr\/wp-json\/wp\/v2\/product_cat?post=67"},{"taxonomy":"product_tag","embeddable":true,"href":"https:\/\/www.hommy.com\/fr\/wp-json\/wp\/v2\/product_tag?post=67"}],"curies":[{"name":"wp","href":"https:\/\/api.w.org\/{rel}","templated":true}]}}