{"id":664,"date":"2024-07-02T15:24:17","date_gmt":"2024-07-02T15:24:17","guid":{"rendered":"http:\/\/localhost\/hommywp\/hm716a-froyo-frozen-yogurt-machine-for-franchise-business\/"},"modified":"2025-08-01T09:57:38","modified_gmt":"2025-08-01T09:57:38","slug":"hm716a-machine-a-creme-glacee","status":"publish","type":"product","link":"https:\/\/www.hommy.com\/fr\/p\/hm716a-machine-a-creme-glacee\/","title":{"rendered":"Hm716a Froyo Machine \u00e0 yogourt glac\u00e9 pour franchise"},"content":{"rendered":"<div>\n<p><span style=\"font-size: 24px\">&nbsp;&nbsp;&nbsp;&nbsp;<\/span><\/p>\n<h2 style=\"text-align: center\"><span style=\"font-size: 24px\"><span style=\"font-family: arial, helvetica, sans-serif\"><strong><span style=\"letter-spacing: 0px\"><a name=\"2 flavour+mix soft ice cream machine\"><\/a>Machine \u00e0 cr\u00e8me glac\u00e9e \u00e0 2 parfums+m\u00e9lange<\/span><\/strong><\/span><strong><span style=\"font-family: \u5b8b\u4f53;letter-spacing: 0px\"><\/span><\/strong><strong><span style=\"font-family: \u5b8b\u4f53;letter-spacing: 0px\"><\/span><\/strong><\/span><\/h2>\n<p style=\"text-align: center\"><span style=\"letter-spacing: 0px;font-family: arial, helvetica, sans-serif;font-size: 16px\"><a href=\"#2 flavour+mix soft ice cream machine\" target=\"_self\" data-lv=\"0\" rel=\"noopener\">Machine \u00e0 cr\u00e8me glac\u00e9e \u00e0 2 parfums+m\u00e9lange<\/a>|<a href=\"#Product Features\" target=\"_self\" data-lv=\"0\" rel=\"noopener\">Caract\u00e9ristiques du produit<\/a>|<a href=\"#Soft Serve Freezer, Frozen Yogurt Freezer\" target=\"_self\" data-lv=\"0\" rel=\"noopener\">Cong\u00e9lateur pour soft serve, cong\u00e9lateur pour yogourt glac\u00e9<\/a>|<a href=\"#Product Specification\" target=\"_self\" data-lv=\"0\" rel=\"noopener\">Sp\u00e9cification du produit<\/a>|<a href=\"#Product Advantage\" target=\"_self\" data-lv=\"0\" rel=\"noopener\">Avantages du produit<\/a><\/span><\/p>\n<p><span style=\"font-size: 24px\"><span style=\"font-family: arial, helvetica, sans-serif\"><strong><span style=\"letter-spacing: 0px\"><br \/><\/span><\/strong><\/span><\/span><\/p>\n<p><\/p>\n<p style=\"text-align: center\">\n<p style=\"text-align: center\">&nbsp;&nbsp;&nbsp;&nbsp;<\/p>\n<h2><span style=\"font-family: arial, helvetica, sans-serif;font-size: 24px\"><span style=\"font-family: arial, helvetica, sans-serif;letter-spacing: 0px\">Nous disposons d'une \u00e9quipe de professionnels qualifi\u00e9s et exp\u00e9riment\u00e9s dans la manipulation des machines \u00e0 froyo glac\u00e9 sur le march\u00e9. Notre \u00e9quipe d'experts est toujours pr\u00eate \u00e0 vous aider en cas de probl\u00e8mes techniques ou de doutes sur l'utilisation de nos produits.<\/span><\/span><\/h2>\n<h2><span style=\"font-size: 24px\"><strong><span style=\"letter-spacing: 0px;font-family: arial, helvetica, sans-serif\"><a name=\"Product Features\"><\/a>Caract\u00e9ristiques du produit<\/span><\/strong><\/span><strong><span style=\"font-family: \u5b8b\u4f53;letter-spacing: 0;font-size: 18px\"> <\/span><\/strong><strong><span style=\"font-family: \u5b8b\u4f53;letter-spacing: 0;font-size: 18px\">&nbsp;<\/span><\/strong><\/h2>\n<h4><span style=\"font-family: Helvetica;letter-spacing: 0;font-size: 16px\">Hommy dispose d'une \u00e9quipe professionnelle charg\u00e9e de la conception des produits. Des ing\u00e9nieurs sp\u00e9cialis\u00e9s dans la r\u00e9frig\u00e9ration, les logiciels et les structures garantissent la stabilit\u00e9 et la durabilit\u00e9 de la qualit\u00e9 du produit. En m\u00eame temps, la conception personnalis\u00e9e est ajout\u00e9e pour faciliter le futur service apr\u00e8s-vente. Hommy <a style=\"color:blue\" href=\"\/fr\/\">machine \u00e0 glace<\/a> est digne de confiance.<\/span><\/h4>\n<p><span style=\"font-family: Helvetica;letter-spacing: 0;font-size: 16px\"><\/span><\/p>\n<div class=\"d-tem01-graphic tem01-graphic mockup\" data-detail=\"wrap\">\n<div class=\"cont-section clearfix d-clearfix\">\n<div class=\"col-md-6 col-sm-6 col-xs-6\">\n<div class=\"right-p\">\n<div class=\"h2 heading\"><img loading=\"lazy\" decoding=\"async\" src=\"https:\/\/www.hommy.com\/wp-content\/uploads\/16004137821992.jpg\" alt=\"produit-Hommy-img\" style=\"font-size: 14px;width: 650px;height: 750px\" title=\"\" width=\"650\" height=\"750\" border=\"0\" vspace=\"0\"><\/div>\n<\/div>\n<p>&nbsp; &nbsp; &nbsp; &nbsp; &nbsp; &nbsp; &nbsp;<\/p><\/div>\n<div class=\"col-md-6 col-sm-6 col-xs-6\">\n<div class=\"right-p\">\n<h2 style=\", Helvetica, Arial, sans-serif;margin: 0px 0px 15px;font-size: 22px\"><span style=\"font-size: 24px;font-family: arial, helvetica, sans-serif\"><strong style=\"font-family: inherit\"><a name=\"Soft Serve Freezer, Frozen Yogurt Freezer\"><\/a>Cong\u00e9lateur pour soft serve, cong\u00e9lateur pour yogourt glac\u00e9<\/strong><\/span><\/h2>\n<p><span style=\"font-family:Calibri;font-size:16px\">Twin Twist, Pr\u00e9-refroidissement, Air<\/span><span style=\"font-family:\u5b8b\u4f53;font-size:16px\">&nbsp;<\/span><span style=\"font-family:Calibri;font-size:16px\">Pompe, m\u00e9langeur, compteur, ultra-silencieux<\/span><\/p>\n<p><span style=\"font-family:\u5b8b\u4f53;font-size:16px\">Caract\u00e9ristiques<\/span><\/p>\n<p><span style=\"font-family:Calibri;font-size:16px\">Offre de produits : Proposer toutes les variantes populaires de boissons rafra\u00eechissantes, de la cr\u00e8me glac\u00e9e au yaourt glac\u00e9 \u00e0 faible teneur en mati\u00e8re grasse ou sans mati\u00e8re grasse.<\/span><\/p>\n<p><span style=\"font-family:Calibri;font-size:16px\">Saveur : Servir deux saveurs distinctes et un twist.<\/span><\/p>\n<p><span style=\"font-family:Calibri;font-size:16px\">Tr\u00e9mie de m\u00e9lange : Deux tr\u00e9mies de 13 litres (13.7quart, 3.43gallons)<\/span><\/p>\n<p><span style=\"font-family:Calibri;font-size:16px\">Cylindre de cong\u00e9lation : Deux bouteilles de 1,8 litre (1,63 litre, 0,48 gallon)<\/span><\/p>\n<p><span style=\"font-family:Calibri;font-size:16px\">Contr\u00f4le par \u00e9cran tactile :<\/span><\/p>\n<p style=\"margin-left:32px\"><span style=\"font-family:Calibri;font-size:16px\">- Le syst\u00e8me de contr\u00f4le tactile \u00e0 microprocesseur est int\u00e9gr\u00e9 dans un panneau en verre tremp\u00e9 durable.<\/span><\/p>\n<p style=\"margin-left:32px\"><span style=\"font-family:Calibri;font-size:16px\">- Les temp\u00e9ratures dans les tr\u00e9mies ou les cylindres de cong\u00e9lation peuvent \u00eatre affich\u00e9es \u00e0 tout moment de l'op\u00e9ration.<\/span><\/p>\n<p style=\"margin-left:32px\"><span style=\"font-family:Calibri;font-size:16px\">- Fournit le niveau de viscosit\u00e9 requis pour les portions.<\/span><\/p>\n<p style=\"margin-left:32px\"><span style=\"font-family:Calibri;font-size:16px\">- Indicateur de niveau de m\u00e9lange et alarme. Lorsque le voyant de fin de m\u00e9lange clignote, la machine s'arr\u00eate automatiquement pour \u00e9viter tout dommage.<\/span><\/p>\n<p><span style=\"font-family:Calibri;font-size:16px\">Mode veille : Pendant les longues p\u00e9riodes d'inutilisation, la fonction de veille permet de maintenir des temp\u00e9ratures de produit s\u00fbres dans la tr\u00e9mie de m\u00e9lange et le cylindre de cong\u00e9lation.<\/span><\/p>\n<p><span style=\"font-family:Calibri;font-size:16px\">Fonction de protection de la pression pour le syst\u00e8me de refroidissement.<\/span><\/p>\n<p><span style=\"font-family:Calibri;font-size:16px\">La construction durable du couvercle en acier inoxydable en fait un outil moderne et efficace.<\/span><span style=\"font-family:\u5b8b\u4f53;font-size:16px\">&nbsp;<\/span><span style=\"font-family:Calibri;font-size:16px\">un aspect ext\u00e9rieur luxueux.<\/span><\/p>\n<p><span style=\"font-family:Calibri;font-size:16px\">Fonctions : <\/span><\/p>\n<p><span style=\"font-family: Calibri;font-size: 16px\">Le syst\u00e8me de pr\u00e9-refroidissement maintient le m\u00e9lange \u00e0 une temp\u00e9rature inf\u00e9rieure \u00e0 5\u00b0C en mode automatique et en mode veille. La pompe \u00e0 air envoie le m\u00e9lange avec une certaine quantit\u00e9 d'air dans les cylindres de cong\u00e9lation. <\/span><\/p>\n<p><span style=\"font-family:Calibri;font-size:16px\">Le m\u00e9langeur maintient l'uniformit\u00e9 du m\u00e9lange dans les tr\u00e9mies. *Le compteur permet \u00e0 l'op\u00e9rateur de visualiser le nombre de portions distribu\u00e9es.<\/span><\/p>\n<p><span style=\"font-family:Calibri;font-size:16px\">Bruit ultra-silencieux de 50 \u00e0 55 d\u00e9cibels.<\/span><\/p>\n<p><span style=\"font-size: 14px\"><\/span><\/div>\n<p>&nbsp; &nbsp; &nbsp; &nbsp; &nbsp; &nbsp;<\/p><\/div>\n<\/div>\n<\/div>\n<h2><span style=\"font-family: arial, helvetica, sans-serif;font-size: 24px\"><strong><span style=\"font-family: arial, helvetica, sans-serif;letter-spacing: 0px\"><a name=\"Product Specification\"><\/a>Sp\u00e9cification du produit<\/span><\/strong><\/span><strong><span style=\"font-family: \u5b8b\u4f53;letter-spacing: 0;font-size: 18px\"> <\/span><\/strong><\/h2>\n<p><span style=\"font-family: Helvetica;letter-spacing: 0;font-size: 16px\">Hommy dispose d'une \u00e9quipe professionnelle charg\u00e9e de la conception des produits. Des ing\u00e9nieurs sp\u00e9cialis\u00e9s dans la r\u00e9frig\u00e9ration, les logiciels et les structures garantissent la stabilit\u00e9 et la durabilit\u00e9 de la qualit\u00e9 du produit. En m\u00eame temps, la conception personnalis\u00e9e est ajout\u00e9e.<\/span><span style=\"font-family: \u5b8b\u4f53;letter-spacing: 0;font-size: 16px\">&nbsp;<\/span><span style=\"font-family: Helvetica;letter-spacing: 0;font-size: 16px\">pour faciliter le futur service apr\u00e8s-vente. La machine \u00e0 glace Hommy est digne de confiance.<\/span><\/p>\n<p><span style=\"font-family: Helvetica;letter-spacing: 0;font-size: 16px\"><br \/><\/span><\/p>\n<p><span style=\"font-family: Helvetica;letter-spacing: 0;font-size: 16px\"><\/span><\/p>\n<h4 style=\", Helvetica, Arial, sans-serif;text-align: center\"><strong><span style=\"font-family: \u5b8b\u4f53;letter-spacing: 0px\"><img decoding=\"async\" src=\"https:\/\/www.hommy.com\/wp-content\/uploads\/16004129174280.png\" alt=\"produit-Hommy-img\" title=\"\"><\/span><\/strong><\/h4>\n<p><\/p>\n<p><span style=\"font-family: Helvetica;letter-spacing: 0;font-size: 16px\"><\/span><\/p>\n<h2><span style=\"font-family: arial, helvetica, sans-serif;font-size: 24px\"><strong><span style=\"font-family: arial, helvetica, sans-serif;letter-spacing: 0px\"><a name=\"Product Advantage\"><\/a>Avantages du produit<\/span><\/strong><\/span><strong><span style=\"font-family: \u5b8b\u4f53;letter-spacing: 0;font-size: 18px\"> &nbsp;&nbsp;&nbsp;&nbsp;&nbsp;&nbsp;<\/span><\/strong><strong><span style=\"font-family: \u5b8b\u4f53;letter-spacing: 0;font-size: 18px\">&nbsp;<\/span><\/strong><\/h2>\n<p><span style=\"font-family: Helvetica;letter-spacing: 0px;font-size: 16px\">Hommy produit des machines \u00e0 glaces depuis 20 ans, les distributeurs automatiques de glaces ajoutent des fonctions de glaces douces, car il n'y a pas de personnel pour assurer le service tout le temps. Nous nous basons sur ce capteur suppl\u00e9mentaire et utilisons un logiciel pour le contr\u00f4ler, ce qui est de bonne qualit\u00e9 et de bonne fonction.<\/span><\/p>\n<p><\/p>\n<div class=\"d-tem01-graphic tem01-graphic mockup\" data-detail=\"wrap\">\n<div class=\"cont-section clearfix d-clearfix\">\n<div class=\"col-md-6 col-sm-6 col-xs-6\">\n<div class=\"right-p\">\n<div class=\"h2 heading\">\n<p><strong><span style=\"font-family: \u5b8b\u4f53;letter-spacing: 0;font-size: 18px\">1.A<\/span><\/strong><strong><span style=\"font-family: \u5b8b\u4f53;letter-spacing: 0;font-size: 18px\">Pompe \u00e0 ir<\/span><\/strong><\/p>\n<\/div>\n<p><span style=\"font-family: \u5b8b\u4f53;font-size: 16px;letter-spacing: 0px\">D\u00e9passement r\u00e9glable de 20% \u00e0 80%, r\u00e9duit la production de cristaux de glace, donne au yaourt glac\u00e9 (cr\u00e8me glac\u00e9e) un go\u00fbt lisse et un aspect blanc ; r\u00e9duit l'utilisation de mati\u00e8res premi\u00e8res, augmente les profits.<\/span><\/p>\n<p><span style=\"font-family: \u5b8b\u4f53;font-size: 16px;letter-spacing: 0px\"><br \/><\/span><\/p>\n<p><span style=\"font-family: \u5b8b\u4f53;font-size: 16px;letter-spacing: 0px\"><br \/><\/span><\/p>\n<\/div>\n<div class=\"graphic_pic animated wow bounceIn\" data-wow-delay=\".7s\">\n<p style=\"text-align:center\"><img loading=\"lazy\" decoding=\"async\" src=\"https:\/\/www.hommy.com\/wp-content\/uploads\/16004853657589.jpg\" alt=\"produit-Hommy-img\" title=\"\" width=\"250\" height=\"467\" border=\"0\" vspace=\"0\" style=\"width: 250px;height: 467px\"><\/p>\n<\/div>\n<\/div>\n<div class=\"col-md-6 col-sm-6 col-xs-6\">\n<div class=\"right-p\">\n<div class=\"h2 heading\">\n<p><span style=\"font-family: Helvetica;letter-spacing: 0;font-size: 22px\">2. Laisser le capteur<\/span><\/p>\n<\/div>\n<p><span style=\"font-family: \u5b8b\u4f53;letter-spacing: 0px;font-size: 16px\">Laisser le capteur avoir&nbsp;<\/span><span style=\"font-family: Calibri;letter-spacing: 0px;font-size: 16px\">Deuxi\u00e8me \u00e9tape, la premi\u00e8re \u00e9tape de l'alarme de niveau de mat\u00e9riau manquant, la deuxi\u00e8me \u00e9tape de l'arr\u00eat automatique.<\/span><span style=\"font-family: \u5b8b\u4f53;letter-spacing: 0px;font-size: 16px\">&nbsp;Lorsque vous recevez le premier message, vous avez un peu de temps pour ajouter du mat\u00e9riel, il n'est pas n\u00e9cessaire d'arr\u00eater la machine pour la faire fonctionner.<\/span><\/p>\n<p><span style=\"font-family: \u5b8b\u4f53;letter-spacing: 0px;font-size: 16px\"><br \/><\/span><\/p>\n<p><span style=\"font-family: \u5b8b\u4f53;letter-spacing: 0px;font-size: 16px\"><br \/><\/span><\/p>\n<\/div>\n<div class=\"graphic_pic animated wow bounceIn\" data-wow-delay=\".7s\">\n<p style=\"text-align:center\"><img loading=\"lazy\" decoding=\"async\" src=\"https:\/\/www.hommy.com\/wp-content\/uploads\/16004134703083.jpg\" alt=\"produit-Hommy-img\" title=\"\" width=\"250\" height=\"250\" border=\"0\" vspace=\"0\" style=\"width: 250px;height: 250px\"><\/p>\n<\/div>\n<\/div>\n<\/div>\n<\/div>\n<div class=\"d-tem01-graphic tem01-graphic mockup\" data-detail=\"wrap\">\n<div class=\"cont-section clearfix d-clearfix\">\n<div class=\"col-md-6 col-sm-6 col-xs-6\">\n<div class=\"right-p\">\n<div class=\"h2 heading\">3.<span style=\"font-family: Helvetica;letter-spacing: 0px\">Contr\u00f4leur<\/span><\/div>\n<div class=\"description\">\n<p style=\"margin-top: 0;margin-right: 0;margin-bottom: 15px\"><span style=\"font-family: \u5b8b\u4f53;letter-spacing: 0;font-size: 16px\">Le panneau de commande indique clairement les fonctions internes de la machine. En m\u00eame temps, la machine rappelle \u00e9galement la fonction de nettoyage, ajoutant des fonctions plus humanis\u00e9es, nous sommes \u00e9galement invit\u00e9s \u00e0 faire des OEM.<\/span><\/p>\n<p style=\"margin-top: 0;margin-right: 0;margin-bottom: 15px\"><span style=\"font-family: \u5b8b\u4f53;letter-spacing: 0;font-size: 16px\"><br \/><\/span><\/p>\n<p style=\"margin-top: 0;margin-right: 0;margin-bottom: 15px\"><span style=\"font-family: \u5b8b\u4f53;letter-spacing: 0;font-size: 16px\"><br \/><\/span><\/p>\n<\/div>\n<\/div>\n<div class=\"graphic_pic animated wow bounceIn\" data-wow-delay=\".7s\">\n<p style=\"text-align:center\"><img decoding=\"async\" src=\"https:\/\/www.hommy.com\/wp-content\/uploads\/16004135443000.jpg\" alt=\"produit-Hommy-HM716A machine \u00e0 glace molle-img\" title=\"\" style=\"text-align: center\"><\/p>\n<\/div>\n<\/div>\n<div class=\"col-md-6 col-sm-6 col-xs-6\">\n<div class=\"right-p\">\n<div class=\"h2 heading\">4. m\u00e9langeur dans la tr\u00e9mie<span style=\"font-family: \u5b8b\u4f53;letter-spacing: 0px\">&nbsp;<\/span><\/div>\n<p><span style=\"font-family: \u5b8b\u4f53;font-size: 16px;letter-spacing: 0px\">M\u00e9lange uniforme. Le m\u00e9langeur \u00e0 grande vitesse dans la tr\u00e9mie maintient le mat\u00e9riau en mouvement dans la tr\u00e9mie en cas de gla\u00e7age. La cr\u00e8me glac\u00e9e sera plus lisse apr\u00e8s avoir \u00e9t\u00e9 compl\u00e8tement m\u00e9lang\u00e9e \u00e0 l'air.&nbsp;&nbsp;<\/span><\/p>\n<p><span style=\"font-family: \u5b8b\u4f53;font-size: 16px;letter-spacing: 0px\"><br \/><\/span><\/p>\n<p><span style=\"font-family: \u5b8b\u4f53;font-size: 16px;letter-spacing: 0px\"><br \/><\/span><\/p>\n<p><span style=\"font-family: \u5b8b\u4f53;font-size: 16px;letter-spacing: 0px\">&nbsp;&nbsp;<\/span><\/p>\n<p><\/p>\n<\/div>\n<div class=\"graphic_pic animated wow bounceIn\" data-wow-delay=\".7s\">\n<p style=\"text-align:center\"><img decoding=\"async\" src=\"https:\/\/www.hommy.com\/wp-content\/uploads\/16004911416799.jpg\" alt=\"produit-HM716A machine \u00e0 glace molle-Hommy-img\" title=\"\"><\/p>\n<\/div>\n<\/div>\n<\/div>\n<\/div>\n<div class=\"d-tem01-graphic tem01-graphic mockup\" data-detail=\"wrap\">\n<div class=\"cont-section clearfix d-clearfix\">\n<div class=\"col-md-6 col-sm-6 col-xs-6\">\n<div class=\"right-p\">\n<div class=\"h2 heading\">5. accessoires optionnels \u00e9chappement<\/div>\n<div class=\"description\">\n<p style=\"margin-bottom:13px\"><span style=\"font-family: \u5b8b\u4f53;letter-spacing: 0;font-size: 16px\">Installer correctement la machine \u00e0 glace. La distance entre l'orifice d'\u00e9vacuation derri\u00e8re la machine et le mur est de 1 m\u00e8tre pour la ventilation, mais en fait, il est impossible d'obtenir cette situation dans notre entrep\u00f4t. Hommy a con\u00e7u un nouveau conduit d'\u00e9vacuation pour un usage quotidien afin d'\u00e9vacuer l'air chaud. En haut, il peut satisfaire plus d'endroits sans occuper d'espace.&nbsp;<\/span><\/p>\n<p style=\"margin-bottom:13px\"><span style=\"font-family: \u5b8b\u4f53;letter-spacing: 0;font-size: 16px\"><br \/><\/span><\/p>\n<p style=\"margin-bottom:13px\"><span style=\"font-family: \u5b8b\u4f53;letter-spacing: 0;font-size: 16px\"><br \/><\/span><\/p>\n<\/div>\n<\/div>\n<div class=\"graphic_pic animated wow bounceIn\" data-wow-delay=\".7s\">\n<p style=\"text-align:center\"><img decoding=\"async\" src=\"https:\/\/www.hommy.com\/wp-content\/uploads\/16004854659304.jpg\" alt=\"produit-Hommy-img-1\" title=\"\"><\/p>\n<\/div>\n<\/div>\n<div class=\"col-md-6 col-sm-6 col-xs-6\">\n<div class=\"right-p\">\n<div class=\"h2 heading\">6. r\u00e9initialisation automatique du manipulateur<\/div>\n<p><span style=\"font-family: \u5b8b\u4f53;letter-spacing: 0px;font-size: 16px\">Lorsque vous sortez de la glace, le manipulateur se r\u00e9initialise automatiquement, ce qui peut \u00eatre \u00e9vit\u00e9 si la glace tombe accidentellement sur le sol.&nbsp;<\/span><\/p>\n<p><span style=\"font-family: \u5b8b\u4f53;letter-spacing: 0px;font-size: 16px\"><br \/><\/span><\/p>\n<p><\/p>\n<p><\/p>\n<p style=\"text-align: center\"><span style=\"font-family: \u5b8b\u4f53;letter-spacing: 0px;font-size: 16px\"><br \/><\/span><\/p>\n<\/div>\n<p style=\"text-align: center\"><img loading=\"lazy\" decoding=\"async\" src=\"https:\/\/www.hommy.com\/wp-content\/uploads\/16004854865949.jpg\" alt=\"produit-Hommy-img-1\" title=\"\" width=\"350\" height=\"562\" border=\"0\" vspace=\"0\" style=\"width: 350px;height: 562px\"><br \/>\n &nbsp; &nbsp; &nbsp; &nbsp; &nbsp; &nbsp;<\/p>\n<p><\/p>\n<\/div>\n<\/div>\n<\/div>\n<p><\/p>\n<p><span style=\"font-family: Helvetica;letter-spacing: 0;font-size: 16px\"><br \/><\/span><\/p>\n<p>Document\uff1a<img decoding=\"async\" src=\"icon_pdf.gif\" style=\"margin-right: 2px\" alt=\"produit-Hommy-img-1\" title=\"\"><a href=\"https:\/\/img80002414.weyesimg.com\/uploads\/www.hommy.com\/addon\/16027386739912.pdf\" title=\"16027386739912.pdf\" style=\"font-size: 12px\">16027386739912.pdf<\/a><\/p>\n<h2>De combien d'argent ai-je besoin pour ouvrir un magasin de yaourts ?<\/h2>\n<p style=\"margin-top: 5px;margin-bottom: 5px\">Si vous souhaitez vous lancer dans le commerce du yaourt, vous devez savoir par o\u00f9 commencer. Vous devez disposer d'un plan d'entreprise et d'un plan financier, le type d'argent dont vous aurez besoin d\u00e9pendant de plusieurs facteurs. Tout d'abord, vous devez vous pencher sur votre mod\u00e8le d'entreprise et sur le montant que vous pouvez obtenir. Deuxi\u00e8mement, si votre produit est p\u00e9rissable, vous devez savoir combien d'unit\u00e9s vous pouvez vendre et combien vous devez gagner pour couvrir vos co\u00fbts. Cet article vous aidera \u00e0 d\u00e9terminer ce dont vous avez besoin pour d\u00e9marrer.<\/p>\n<p style=\"margin-top: 5px;margin-bottom: 5px\"><\/p>\n<h2>Peut-on congeler du yaourt \u00e0 la vanille ?<\/h2>\n<p style=\"margin-top: 5px;margin-bottom: 5px\">Oui, c'est possible. Pour le congeler, placez le yaourt dans un r\u00e9cipient en plastique, puis couvrez-le d'un couvercle et congelez-le jusqu'\u00e0 3 mois. Vous pouvez pr\u00e9parer une tarte \u00e0 la cr\u00e8me de yaourt ou une cr\u00e8me glac\u00e9e pour dessert avec du yaourt nature et l'ajouter comme garniture \u00e0 votre tarte ou g\u00e2teau pr\u00e9f\u00e9r\u00e9. Vous pouvez \u00e9galement ajouter du lait au yaourt nature, le mettre dans un petit bac \u00e0 gla\u00e7ons et le congeler. Vous pouvez ensuite retirer les cubes de yaourt congel\u00e9s du bac et les placer dans une tasse. Veillez \u00e0 manger les gla\u00e7ons de yaourt avant qu'ils ne meurent !<\/p>\n<p style=\"margin-top: 5px;margin-bottom: 5px\"><\/p>\n<h2>Les glaces sont-elles rentables ?<\/h2>\n<p style=\"margin-top: 5px;margin-bottom: 5px\">La cr\u00e8me glac\u00e9e est un produit formidable. Elle est facile et rapide \u00e0 fabriquer et les possibilit\u00e9s de saveurs sont infinies. Le fait qu'elle puisse \u00eatre fabriqu\u00e9e dans une cuisine familiale avec seulement quelques ingr\u00e9dients en fait un produit peu co\u00fbteux \u00e0 commercialiser.Commen\u00e7ons par les bases. La cr\u00e8me glac\u00e9e est tr\u00e8s populaire. Selon la National Ice Cream Association, les Am\u00e9ricains en ont consomm\u00e9 environ 20 milliards de gallons l'ann\u00e9e derni\u00e8re. C'est plus que le lait, le beurre, le fromage, les \u0153ufs et m\u00eame la viande.<\/p>\n<\/div><\/div>","protected":false},"excerpt":{"rendered":"<p>&nbsp;&nbsp;&nbsp;&nbsp; 2 flavour+mix soft ice cream machine 2 flavour+mix soft ice cream machine|Product Features|Soft Serve Freezer, Frozen Yogurt Freezer|Product Specification|Product Advantage &nbsp;&nbsp;&nbsp;&nbsp; We have a team of skilled professionals who are experienced and skilled in handling the frozen froyo Machines in the market. Our expert team is always ready to assist you, in case you [&hellip;]<\/p>\n","protected":false},"featured_media":656,"comment_status":"open","ping_status":"open","template":"","meta":{"_swt_meta_header_display":false,"_swt_meta_footer_display":false,"_swt_meta_site_title_display":false,"_swt_meta_sticky_header":false,"_swt_meta_transparent_header":false},"product_brand":[],"product_cat":[80,77],"product_tag":[],"class_list":{"0":"post-664","1":"product","2":"type-product","3":"status-publish","4":"has-post-thumbnail","6":"product_cat-frozen-yogurt-machine","7":"product_cat-ice-cream-machine","9":"first","10":"instock","11":"shipping-taxable","12":"product-type-simple"},"_links":{"self":[{"href":"https:\/\/www.hommy.com\/fr\/wp-json\/wp\/v2\/product\/664","targetHints":{"allow":["GET"]}}],"collection":[{"href":"https:\/\/www.hommy.com\/fr\/wp-json\/wp\/v2\/product"}],"about":[{"href":"https:\/\/www.hommy.com\/fr\/wp-json\/wp\/v2\/types\/product"}],"replies":[{"embeddable":true,"href":"https:\/\/www.hommy.com\/fr\/wp-json\/wp\/v2\/comments?post=664"}],"wp:featuredmedia":[{"embeddable":true,"href":"https:\/\/www.hommy.com\/fr\/wp-json\/wp\/v2\/media\/656"}],"wp:attachment":[{"href":"https:\/\/www.hommy.com\/fr\/wp-json\/wp\/v2\/media?parent=664"}],"wp:term":[{"taxonomy":"product_brand","embeddable":true,"href":"https:\/\/www.hommy.com\/fr\/wp-json\/wp\/v2\/product_brand?post=664"},{"taxonomy":"product_cat","embeddable":true,"href":"https:\/\/www.hommy.com\/fr\/wp-json\/wp\/v2\/product_cat?post=664"},{"taxonomy":"product_tag","embeddable":true,"href":"https:\/\/www.hommy.com\/fr\/wp-json\/wp\/v2\/product_tag?post=664"}],"curies":[{"name":"wp","href":"https:\/\/api.w.org\/{rel}","templated":true}]}}