{"id":655,"date":"2024-07-02T15:24:13","date_gmt":"2024-07-02T15:24:13","guid":{"rendered":"http:\/\/localhost\/hommywp\/commercial-twin-twist-automatic-table-top-frozen-yogurt-machine\/"},"modified":"2025-08-01T09:57:38","modified_gmt":"2025-08-01T09:57:38","slug":"machine-automatique-de-table-a-yogourt-glace-a-double-torsion","status":"publish","type":"product","link":"https:\/\/www.hommy.com\/fr\/p\/machine-automatique-de-table-a-yogourt-glace-a-double-torsion\/","title":{"rendered":"Machine \u00e0 yogourt glac\u00e9 commerciale de table Twin Twist automatique"},"content":{"rendered":"<div>\n<p>&nbsp;<\/p>\n<p><span style=\"font-size: 20px\"><\/span><\/p>\n<h2 style=\"text-align: center\"><strong><span style=\"letter-spacing: 0px;font-family: arial, helvetica, sans-serif;font-size: 24px\"><a name=\"Twin twist automatic table top soft serve machine\"><\/a>Machine automatique de table \u00e0 servir les boissons gazeuses, \u00e0 double torsion<\/span><\/strong><\/h2>\n<p style=\"text-align: center\"><span style=\"letter-spacing: 0px;font-family: arial, helvetica, sans-serif;font-size: 16px\"><a href=\"#Twin twist automatic table top soft serve machine\" target=\"_self\" data-lv=\"0\" rel=\"noopener\">Machine automatique de table \u00e0 servir les boissons gazeuses, \u00e0 double torsion<\/a>|<a href=\"#Electronic control\" target=\"_self\" data-lv=\"0\" rel=\"noopener\">Contr\u00f4le \u00e9lectronique<\/a>|<a href=\"#PRODUCT DETAILS\" target=\"_self\" data-lv=\"0\" rel=\"noopener\">D\u00c9TAILS DU PRODUIT<\/a><\/span><\/p>\n<p>&nbsp;Double torsion <a style=\"color:blue\" href=\"https:\/\/www.hommy.com\/fr\/machine-a-yaourt-glace\/\">machine \u00e0 yaourt glac\u00e9<\/a>sont faciles \u00e0 utiliser. Il n'est pas n\u00e9cessaire d'\u00eatre un professionnel pour l'utiliser. Vous pouvez facilement apporter le yaourt glac\u00e9 \u00e0 n'importe quelle f\u00eate ou \u00e9v\u00e9nement. Les machines \u00e0 yaourt glac\u00e9 sont dot\u00e9es d'une grande vari\u00e9t\u00e9 de fonctions. Vous pouvez les pr\u00e9parer en petites portions ou en grandes quantit\u00e9s. Vous pouvez \u00e9galement le pr\u00e9parer dans n'importe quel parfum.<\/p>\n<div class=\"d-tem11-graphic tem11-graphic mockup\" data-detail=\"wrap\">\n<div class=\"tab_row\">\n<div class=\"img\" style=\"width: 50%\"><img decoding=\"async\" title=\"\" alt=\"produit-Hommy-img\" src=\"https:\/\/www.hommy.com\/wp-content\/uploads\/15585131824789.jpg\"><\/div>\n<div class=\"text_box\" style=\"width: 50%\">\n<div class=\"txt\">\n<p>&nbsp;<\/p>\n<h2><strong><span style=\"font-family: arial, helvetica, sans-serif;font-size: 24px\">HM708<\/span><\/strong><\/h2>\n<p>&nbsp;<\/p>\n<h2><strong><span style=\"font-family: arial, helvetica, sans-serif;font-size: 24px\"><a name=\"Electronic control\"><\/a>Contr\u00f4le \u00e9lectronique :<\/span><\/strong><\/h2>\n<p>- La temp\u00e9rature des cylindres de cong\u00e9lation peut \u00eatre affich\u00e9e \u00e0 tout moment de l'op\u00e9ration.<\/p>\n<p>- Fournit le niveau de viscosit\u00e9 requis pour les portions.<\/p>\n<p>- Indicateur de niveau de m\u00e9lange et alarme. Lorsque le voyant de fin de m\u00e9lange clignote, la machine s'arr\u00eate automatiquement pour \u00e9viter tout dommage.<\/p>\n<p>Mode veille :<\/p>\n<p>- Pendant les longues p\u00e9riodes d'inutilisation, la fonction de veille maintient des temp\u00e9ratures de produit s\u00fbres dans la tr\u00e9mie de m\u00e9lange et le cylindre de cong\u00e9lation.<\/p>\n<p>Fonctions optionnelles :<\/p>\n<p>- Le compteur permet \u00e0 l'op\u00e9rateur de visualiser le nombre de portions distribu\u00e9es.<\/p>\n<p>&nbsp;<\/p>\n<\/div>\n<\/div>\n<\/div>\n<\/div>\n<p>&nbsp;<\/p>\n<div class=\"text-left d-tem09-title d-interval\" data-detail=\"wrap\">\n<div class=\"title-header\">\n<h2><strong><span style=\"font-size: 24px;font-family: arial, helvetica, sans-serif\">D\u00c9TAILS DU PRODUIT<\/span><\/strong><\/h2>\n<div class=\"subtitle\"><span>Apr\u00e8s des ann\u00e9es de d\u00e9veloppement, nous avons mis en place un r\u00e9seau de distribution \u00e0 grande \u00e9chelle dans diff\u00e9rents pays et nous recevons de bons commentaires de la part de nos clients.<\/span><\/div>\n<\/div>\n<\/div>\n<p>&nbsp;<\/p>\n<div class=\"d-tem18-graphic d-clearfix d-interval mockup clearfix\" data-detail=\"wrap\">\n<div class=\"col-lg-4 col-md-4 col-sm-4 col-xs-6\">\n<div class=\"item\">\n<div class=\"images\"><img decoding=\"async\" title=\"\" alt=\"produit-Hommy-img\" src=\"https:\/\/www.hommy.com\/wp-content\/uploads\/15553943011548-1.jpg\" style=\"line-height: 1.42857\"><\/div>\n<\/div>\n<\/div>\n<div class=\"col-lg-4 col-md-4 col-sm-4 col-xs-6\">\n<div class=\"item\">\n<div class=\"images\"><img decoding=\"async\" title=\"\" alt=\"produit-twin twist automatic table top soft serve frozen yogurt machine-Hommy-img\" src=\"https:\/\/www.hommy.com\/wp-content\/uploads\/15553943082607-1.jpg\"><\/div>\n<\/div>\n<\/div>\n<\/div>\n<p>&nbsp;<\/p>\n<h2>Nous proposons \u00e0 nos clients la machine \u00e0 yaourt glac\u00e9 Twin twist.&nbsp;<\/h2>\n<p style=\"margin-top: 5px;margin-bottom: 5px\">Nous fournissons \u00e9galement une vari\u00e9t\u00e9 de garnitures et d'\u00e9dulcorants pour que le yaourt glac\u00e9 ait le m\u00eame go\u00fbt que n'importe quel yaourt ordinaire.Les machines \u00e0 yaourt glac\u00e9 sont faciles \u00e0 utiliser. Il n'est pas n\u00e9cessaire d'\u00eatre un professionnel pour les utiliser. Vous pouvez facilement apporter le yaourt glac\u00e9 \u00e0 n'importe quelle f\u00eate ou \u00e9v\u00e9nement. Les machines \u00e0 yaourt glac\u00e9 sont dot\u00e9es d'une grande vari\u00e9t\u00e9 de fonctions. Vous pouvez les pr\u00e9parer en petites portions ou en grandes quantit\u00e9s. Vous pouvez \u00e9galement le pr\u00e9parer dans n'importe quel parfum.<\/p>\n<p style=\"margin-top: 5px;margin-bottom: 5px\"><\/p>\n<h2>Pourquoi les glaces am\u00e9ricaines sont-elles si dures ?<\/h2>\n<p style=\"margin-top: 5px;margin-bottom: 5px\">Comme nous le savons tous, les \u00c9tats-Unis sont un creuset de cultures, et les glaces ne font pas exception \u00e0 la r\u00e8gle. Il existe des glaces am\u00e9ricaines \u00e0 la vanille, \u00e0 la fraise, au chocolat, etc. Mais ce qui est un peu \u00e9trange, c'est que la plupart des glaces am\u00e9ricaines sont dures et ont un go\u00fbt tr\u00e8s prononc\u00e9.<\/p>\n<p style=\"margin-top: 5px;margin-bottom: 5px\"><\/p>\n<h2>Comment \u00e9paissir un yaourt fait maison apr\u00e8s sa fabrication ?<\/h2>\n<p style=\"margin-top: 5px;margin-bottom: 5px\">Cela fait maintenant quelques ann\u00e9es que je fais du yaourt. C'\u00e9tait l'un des produits pr\u00e9f\u00e9r\u00e9s de mes enfants lorsqu'ils \u00e9taient plus jeunes, et c'est un produit de base dans ma maison depuis des ann\u00e9es maintenant. J'ai essay\u00e9 plusieurs marques et je pense que je pr\u00e9f\u00e8re utiliser le yaourt comme substitut du fromage lorsque je pr\u00e9pare un plat \u00e0 base de fromage. C'est d\u00e9licieux. Je l'ai \u00e9galement \u00e9paissie avec de la f\u00e9cule de ma\u00efs, car j'aime la texture qu'elle lui donne. J'aime l'\u00e9paisseur que cela donne au yaourt.<\/p>\n<\/div><\/div>","protected":false},"excerpt":{"rendered":"<p>&nbsp; Twin twist automatic table top soft serve machine Twin twist automatic table top soft serve machine|Electronic control|PRODUCT DETAILS &nbsp;Twin twist frozen yogurt machines are easy to use. You don\u2019t have to be a professional to operate it. You can easily take the frozen yogurt to any party or event. Frozen yogurt machines come with [&hellip;]<\/p>\n","protected":false},"featured_media":652,"comment_status":"open","ping_status":"open","template":"","meta":{"_swt_meta_header_display":false,"_swt_meta_footer_display":false,"_swt_meta_site_title_display":false,"_swt_meta_sticky_header":false,"_swt_meta_transparent_header":false},"product_brand":[],"product_cat":[80,77],"product_tag":[],"class_list":{"0":"post-655","1":"product","2":"type-product","3":"status-publish","4":"has-post-thumbnail","6":"product_cat-frozen-yogurt-machine","7":"product_cat-ice-cream-machine","9":"first","10":"instock","11":"shipping-taxable","12":"product-type-simple"},"_links":{"self":[{"href":"https:\/\/www.hommy.com\/fr\/wp-json\/wp\/v2\/product\/655","targetHints":{"allow":["GET"]}}],"collection":[{"href":"https:\/\/www.hommy.com\/fr\/wp-json\/wp\/v2\/product"}],"about":[{"href":"https:\/\/www.hommy.com\/fr\/wp-json\/wp\/v2\/types\/product"}],"replies":[{"embeddable":true,"href":"https:\/\/www.hommy.com\/fr\/wp-json\/wp\/v2\/comments?post=655"}],"wp:featuredmedia":[{"embeddable":true,"href":"https:\/\/www.hommy.com\/fr\/wp-json\/wp\/v2\/media\/652"}],"wp:attachment":[{"href":"https:\/\/www.hommy.com\/fr\/wp-json\/wp\/v2\/media?parent=655"}],"wp:term":[{"taxonomy":"product_brand","embeddable":true,"href":"https:\/\/www.hommy.com\/fr\/wp-json\/wp\/v2\/product_brand?post=655"},{"taxonomy":"product_cat","embeddable":true,"href":"https:\/\/www.hommy.com\/fr\/wp-json\/wp\/v2\/product_cat?post=655"},{"taxonomy":"product_tag","embeddable":true,"href":"https:\/\/www.hommy.com\/fr\/wp-json\/wp\/v2\/product_tag?post=655"}],"curies":[{"name":"wp","href":"https:\/\/api.w.org\/{rel}","templated":true}]}}