{"id":651,"date":"2024-07-02T15:24:09","date_gmt":"2024-07-02T15:24:09","guid":{"rendered":"http:\/\/localhost\/hommywp\/hot-sale-countertop-frozen-yogurt-maker-machine-price-list\/"},"modified":"2025-08-01T09:57:38","modified_gmt":"2025-08-01T09:57:38","slug":"machine-a-creme-glacee-soft-serve-en-vente-a-chaud","status":"publish","type":"product","link":"https:\/\/www.hommy.com\/fr\/p\/machine-a-creme-glacee-soft-serve-en-vente-a-chaud\/","title":{"rendered":"Liste des prix des machines \u00e0 yogourt glac\u00e9 de comptoir"},"content":{"rendered":"<div>\n<p>&nbsp;<\/p>\n<h2 style=\"text-align: center\"><strong><span style=\"font-family: arial, helvetica, sans-serif;font-size: 24px\"><a name=\"Hot Sale Soft Serve Ice Cream Machine\"><\/a>Machine \u00e0 cr\u00e8me glac\u00e9e \u00e0 vente rapide<\/span><\/strong><\/h2>\n<p style=\"text-align: center\"><span style=\"font-family: arial, helvetica, sans-serif;font-size: 16px\"><a href=\"#Hot Sale Soft Serve Ice Cream Machine\" target=\"_self\" data-lv=\"0\" rel=\"noopener\">Machine \u00e0 cr\u00e8me glac\u00e9e \u00e0 vente rapide<\/a>|<a href=\"#Touch screen control\" target=\"_self\" data-lv=\"0\" rel=\"noopener\">Commande par \u00e9cran tactile<\/a>|<a href=\"#Functions\" target=\"_self\" data-lv=\"0\" rel=\"noopener\">Fonctions<\/a>|<a href=\"#PRODUCT DETAILS\" target=\"_self\" data-lv=\"0\" rel=\"noopener\">D\u00c9TAILS DU PRODUIT<\/a><\/span><\/p>\n<p>Nous avons servi les clients avec notre large collection de <a style=\"color:blue\" href=\"https:\/\/www.hommy.com\/fr\/machine-a-yaourt-glace\/\">machine \u00e0 yaourt glac\u00e9<\/a>du monde entier. Nous pouvons fournir aux clients les machines requises dans les d\u00e9lais impartis. En outre, nous fournissons aux clients les machines disponibles sur le march\u00e9 aux prix les plus comp\u00e9titifs.<\/p>\n<p><\/p>\n<p>En outre, nos professionnels fournissent aux clients des services apr\u00e8s-vente.<\/p>\n<p style=\"text-align: center\">&nbsp;<\/p>\n<div class=\"d-tem11-graphic tem11-graphic mockup\" data-detail=\"wrap\">\n<div class=\"tab_row\">\n<div class=\"img\" style=\"width: 50%\"><img decoding=\"async\" title=\"\" alt=\"produit-Hommy-img\" src=\"https:\/\/www.hommy.com\/wp-content\/uploads\/15553942303515.jpg\"><\/div>\n<div class=\"text_box\" style=\"width: 50%\">\n<div class=\"txt\">\n<p>&nbsp;<\/p>\n<h2><strong><span style=\"font-family: arial, helvetica, sans-serif;font-size: 24px\"><a name=\"Touch screen control\"><\/a>Commande par \u00e9cran tactile<\/span><\/strong><\/h2>\n<p>&nbsp;<\/p>\n<p style=\"line-height: 2em\">Le syst\u00e8me de contr\u00f4le tactile \u00e0 microprocesseur est int\u00e9gr\u00e9 dans un panneau en verre tremp\u00e9 durable.<br \/>Les temp\u00e9ratures dans les tr\u00e9mies ou les cylindres de cong\u00e9lation peuvent \u00eatre affich\u00e9es \u00e0 tout moment de l'op\u00e9ration.<br \/>Fournit le niveau de viscosit\u00e9 requis pour les portions.<br \/>Indicateur de niveau de m\u00e9lange et alarme. Lorsque le voyant de fin de m\u00e9lange clignote, la machine s'arr\u00eate automatiquement pour \u00e9viter tout dommage.<br \/>Mode veille : Pendant les longues p\u00e9riodes d'inutilisation, la fonction de veille permet de maintenir des temp\u00e9ratures de produit s\u00fbres dans la tr\u00e9mie de m\u00e9lange et le cylindre de cong\u00e9lation.<br \/>Fonction de protection de la pression pour le syst\u00e8me de refroidissement.<br \/>La construction durable avec un couvercle en acier inoxydable donne un aspect ext\u00e9rieur moderne et luxueux.<br \/><span style=\"font-size: 18px\"><strong><br \/><\/strong><\/span><\/p>\n<p style=\"line-height: 2em\"><span style=\"font-family: arial, helvetica, sans-serif;font-size: 24px\"><strong><a name=\"Functions\"><\/a>Fonctions : <\/strong><\/span><br \/><span style=\"font-family: arial, helvetica, sans-serif;font-size: 16px\">Le syst\u00e8me de pr\u00e9-refroidissement maintient le m\u00e9lange \u00e0 une temp\u00e9rature inf\u00e9rieure \u00e0 5\u00b0C en mode automatique et en mode veille. La pompe \u00e0 air envoie le m\u00e9lange avec une certaine quantit\u00e9 d'air dans les cylindres de cong\u00e9lation. <br \/>Le m\u00e9langeur maintient l'uniformit\u00e9 du m\u00e9lange dans les tr\u00e9mies. *Le compteur permet \u00e0 l'op\u00e9rateur de visualiser le nombre de portions distribu\u00e9es.<br \/>Bruit ultra-silencieux de 50 \u00e0 55 d\u00e9cibels.&nbsp;<\/span><\/p>\n<\/div>\n<\/div>\n<\/div>\n<\/div>\n<p>&nbsp;<\/p>\n<div class=\"text-left d-tem09-title d-interval\" data-detail=\"wrap\">\n<div class=\"title-header\">\n<h2><strong><span style=\"font-size: 24px;font-family: arial, helvetica, sans-serif\"><a name=\"PRODUCT DETAILS\"><\/a>D\u00c9TAILS DU PRODUIT<\/span><\/strong><\/h2>\n<div class=\"subtitle\"><span>Apr\u00e8s des ann\u00e9es de d\u00e9veloppement, nous avons mis en place un r\u00e9seau de distribution \u00e0 grande \u00e9chelle dans diff\u00e9rents pays et nous recevons de bons commentaires de la part de nos clients.<\/span><\/div>\n<\/div>\n<\/div>\n<p>&nbsp;<\/p>\n<div class=\"d-tem18-graphic d-clearfix d-interval mockup clearfix\" data-detail=\"wrap\">\n<div class=\"col-lg-4 col-md-4 col-sm-4 col-xs-6\">\n<div class=\"item\">\n<div class=\"images\"><img decoding=\"async\" title=\"\" alt=\"produit-Hommy-img\" src=\"https:\/\/www.hommy.com\/wp-content\/uploads\/15553942943527.jpg\"><\/div>\n<\/div>\n<\/div>\n<div class=\"col-lg-4 col-md-4 col-sm-4 col-xs-6\">\n<div class=\"item\">\n<div class=\"images\"><img decoding=\"async\" title=\"\" alt=\"produit-Hommy-img\" src=\"https:\/\/www.hommy.com\/wp-content\/uploads\/15553943011548.jpg\"><\/div>\n<\/div>\n<\/div>\n<div class=\"col-lg-4 col-md-4 col-sm-4 col-xs-6\">\n<div class=\"item\">\n<div class=\"images\"><img decoding=\"async\" title=\"\" alt=\"product-Hot Sale Soft Serve Ice Cream Machine-Hommy-img\" src=\"https:\/\/www.hommy.com\/wp-content\/uploads\/15553943082607.jpg\"><\/div>\n<\/div>\n<\/div>\n<\/div>\n<p>&nbsp;<\/p>\n<p>Document\uff1a<img decoding=\"async\" src=\"https:\/\/www.hommy.com\/wp-content\/uploads\/icon_pdf-33.gif\" style=\"margin-right: 2px\" alt=\"produit-Hommy-img\" title=\"\"><a href=\"https:\/\/img80002414.weyesimg.com\/uploads\/www.hommy.com\/addon\/16028125946586.pdf\" title=\"16028125946586.pdf\" style=\"font-size: 12px\">16028125946586.pdf<\/a><\/p>\n<h2>Peut-on congeler du yaourt \u00e0 la vanille ? Je ne peux pas, alors j'ach\u00e8te le yogourt sans mati\u00e8res grasses.<\/h2>\n<p style=\"margin-top: 5px;margin-bottom: 5px\"><\/p>\n<p style=\"margin-top: 5px;margin-bottom: 5px\">Oh, et j'ach\u00e8te \u00e9galement du fromage frais sans mati\u00e8re grasse.<\/p>\n<p style=\"margin-top: 5px;margin-bottom: 5px\"><\/p>\n<p style=\"margin-top: 5px;margin-bottom: 5px\">Ce n'est pas que je n'aime pas le fromage frais sans mati\u00e8re grasse, mais j'ai entendu dire qu'il n'avait pas bon go\u00fbt. Alors je fais le mien. Je le fais de A \u00e0 Z, parce qu'il est tellement meilleur.<\/p>\n<p style=\"margin-top: 5px;margin-bottom: 5px\"><\/p>\n<p style=\"margin-top: 5px;margin-bottom: 5px\">Qu'est-ce que le fromage frais sans mati\u00e8re grasse ? Il s'agit essentiellement d'une combinaison de sucre et de farine blanche, et c'est ce que nous appelions autrefois le \"fromage blanc\".<\/p>\n<p style=\"margin-top: 5px;margin-bottom: 5px\"><\/p>\n<h2>Combien de temps dure un <a style=\"color:blue\" href=\"https:\/\/www.hommy.com\/fr\/machine-a-glace\/\">machine \u00e0 servir les boissons gazeuses<\/a> dernier ?<\/h2>\n<p style=\"margin-top: 5px;margin-bottom: 5px\"><\/p>\n<p style=\"margin-top: 5px;margin-bottom: 5px\">Il est facile de savoir si votre machine \u00e0 glace fonctionne correctement. Si la cr\u00e8me glac\u00e9e est cr\u00e9meuse, a une consistance \u00e9paisse et s'\u00e9coule librement du distributeur, elle fonctionne correctement. Si la glace est dure, a une consistance fine et ne coule pas librement du distributeur, c'est qu'elle ne fonctionne pas correctement. Il est \u00e9galement facile de d\u00e9terminer si une machine \u00e0 glace molle est ancienne ou r\u00e9cente. Si la machine est plus ancienne, elle sera probablement plus difficile \u00e0 nettoyer et ne fonctionnera pas aussi bien.<\/p>\n<p style=\"margin-top: 5px;margin-bottom: 5px\"><\/p>\n<p style=\"margin-top: 5px;margin-bottom: 5px\"><\/p>\n<h2>Les chiens peuvent-ils manger du yaourt grec ?<\/h2>\n<p style=\"margin-top: 5px;margin-bottom: 5px\"><\/p>\n<p style=\"margin-top: 5px;margin-bottom: 5px\">Le yaourt grec est la nouvelle tendance dans le monde canin, mais les chiens peuvent-ils manger du yaourt grec ? Nous allons r\u00e9pondre \u00e0 cette question et \u00e0 bien d'autres dans notre guide du yaourt grec pour chiens.<\/p>\n<\/div><\/div>","protected":false},"excerpt":{"rendered":"<p>&nbsp; Hot Sale Soft Serve Ice Cream Machine Hot Sale Soft Serve Ice Cream Machine|Touch screen control|Functions|PRODUCT DETAILS We have been serving the customers with our wide collection of frozen yogurt machines from all over the world. We can provide the customers with the required machines within the stipulated time. Moreover, we provide the customers [&hellip;]<\/p>\n","protected":false},"featured_media":646,"comment_status":"open","ping_status":"open","template":"","meta":{"_swt_meta_header_display":false,"_swt_meta_footer_display":false,"_swt_meta_site_title_display":false,"_swt_meta_sticky_header":false,"_swt_meta_transparent_header":false},"product_brand":[],"product_cat":[80,77],"product_tag":[],"class_list":{"0":"post-651","1":"product","2":"type-product","3":"status-publish","4":"has-post-thumbnail","6":"product_cat-frozen-yogurt-machine","7":"product_cat-ice-cream-machine","9":"first","10":"instock","11":"shipping-taxable","12":"product-type-simple"},"_links":{"self":[{"href":"https:\/\/www.hommy.com\/fr\/wp-json\/wp\/v2\/product\/651","targetHints":{"allow":["GET"]}}],"collection":[{"href":"https:\/\/www.hommy.com\/fr\/wp-json\/wp\/v2\/product"}],"about":[{"href":"https:\/\/www.hommy.com\/fr\/wp-json\/wp\/v2\/types\/product"}],"replies":[{"embeddable":true,"href":"https:\/\/www.hommy.com\/fr\/wp-json\/wp\/v2\/comments?post=651"}],"wp:featuredmedia":[{"embeddable":true,"href":"https:\/\/www.hommy.com\/fr\/wp-json\/wp\/v2\/media\/646"}],"wp:attachment":[{"href":"https:\/\/www.hommy.com\/fr\/wp-json\/wp\/v2\/media?parent=651"}],"wp:term":[{"taxonomy":"product_brand","embeddable":true,"href":"https:\/\/www.hommy.com\/fr\/wp-json\/wp\/v2\/product_brand?post=651"},{"taxonomy":"product_cat","embeddable":true,"href":"https:\/\/www.hommy.com\/fr\/wp-json\/wp\/v2\/product_cat?post=651"},{"taxonomy":"product_tag","embeddable":true,"href":"https:\/\/www.hommy.com\/fr\/wp-json\/wp\/v2\/product_tag?post=651"}],"curies":[{"name":"wp","href":"https:\/\/api.w.org\/{rel}","templated":true}]}}