{"id":645,"date":"2024-07-02T14:54:03","date_gmt":"2024-07-02T14:54:03","guid":{"rendered":"http:\/\/localhost\/hommywp\/pop-corn-making-equipment-vending-machine-manufacturer-price-list\/"},"modified":"2025-08-01T09:57:38","modified_gmt":"2025-08-01T09:57:38","slug":"distributeur-automatique-de-pop-corn-16","status":"publish","type":"product","link":"https:\/\/www.hommy.com\/fr\/p\/distributeur-automatique-de-pop-corn-16\/","title":{"rendered":"\u00c9quipement de fabrication de ma\u00efs souffl\u00e9, liste de prix du fabricant de distributeurs automatiques"},"content":{"rendered":"<div>\n<p style=\"text-align: center\"><span style=\"font-size: 24px\"><br \/><\/span><\/p>\n<h2 style=\"text-align: center\"><strong><span style=\"font-family: arial, helvetica, sans-serif;font-size: 24px\"><a name=\"Vending popcorn machine\"><\/a>Distributeur automatique de pop-corn<\/span><\/strong><br \/><\/h2>\n<p style=\"text-align: center\"><a href=\"#Vending popcorn machine\" target=\"_self\" data-lv=\"0\" rel=\"noopener\"><span style=\"font-family: arial, helvetica, sans-serif;font-size: 16px\">Distributeur automatique de pop-corn<\/span><\/a><span style=\"font-family: arial, helvetica, sans-serif;font-size: 16px\">|<a href=\"#PRODUCT FEATURES\" target=\"_self\" data-lv=\"0\" rel=\"noopener\">CARACT\u00c9RISTIQUES DU PRODUIT<\/a>|<a href=\"#Vending popcorn machine\" target=\"_self\" data-lv=\"0\" rel=\"noopener\">Distributeur automatique de pop-corn<\/a>|<a href=\"#PRODUCT SPECIFICATION\" target=\"_self\" data-lv=\"0\" rel=\"noopener\">SP\u00c9CIFICATION DU PRODUIT<\/a>|<a href=\"#PRODUCT ADVANTAGE\" target=\"_self\" data-lv=\"0\" rel=\"noopener\">AVANTAGE DU PRODUIT<\/a><\/span><\/p>\n<p><\/p>\n<p><!-- Video start --><video poster=\"https:\/\/img80002414.weyesimg.com\/uploads\/www.hommy.com\/video\/15794976206195.mp4?vframe\/jpg\/offset\/1\" id=\"video\" preload=\"auto\" controls=\"controls\" style=\"width:100%;height:510px\"><\/video><!-- Video end --><\/p>\n<p><!-- Video start --><video poster=\"https:\/\/img80002414.weyesimg.com\/uploads\/www.hommy.com\/video\/15863024924759.mp4?vframe\/jpg\/offset\/1\" id=\"video\" preload=\"auto\" controls=\"controls\" style=\"width:100%;height:510px\"><\/video><!-- Video end --><\/p>\n<\/p>\n<p>Nous fournissons une large gamme de distributeurs automatiques de pop-corn pour r\u00e9pondre aux besoins de nos clients. Notre machine est disponible en diff\u00e9rentes tailles et conceptions et est tr\u00e8s facilement disponible sur le march\u00e9. Notre gamme de distributeurs automatiques de pop-corn de qualit\u00e9 est disponible \u00e0 des prix tr\u00e8s raisonnables.<\/p>\n<p><\/p>\n<p>Ils sont tr\u00e8s demand\u00e9s sur le march\u00e9 en raison de leur qualit\u00e9 et de leur fiabilit\u00e9. Nos distributeurs automatiques de pop-corn sont disponibles en diff\u00e9rents mod\u00e8les et tailles et peuvent \u00eatre personnalis\u00e9s en fonction des besoins de nos clients.<\/p>\n<p><span style=\"font-size: 24px\"><br \/><\/span><\/p>\n<h2><strong><span style=\"font-size: 24px;font-family: arial, helvetica, sans-serif\"><a name=\"PRODUCT FEATURES\"><\/a>CARACT\u00c9RISTIQUES DU PRODUIT<\/span><\/strong><\/h2>\n<p style=\"font-size: 13px;line-height: 30px\"><span>L'usine de Hommy couvre une superficie de 30 500 m\u00e8tres carr\u00e9s dans la ville de Xinhui Jiangmen. Elle comprend des lignes de production flexibles, un laboratoire de R&amp;D, un centre d'apprentissage et un atelier \u00e9quip\u00e9 de mat\u00e9riel de pointe.<\/span><\/p>\n<div class=\"d-tem11-graphic tem11-graphic mockup\" data-detail=\"wrap\">\n<div class=\"tab_row\">\n<div class=\"img\" style=\"width:50%\"><img decoding=\"async\" src=\"https:\/\/www.hommy.com\/wp-content\/uploads\/15794987406646.png\" alt=\"produit-HM-PC-18 distributeur automatique de pop-corn-Hommy-img\" title=\"\"><\/div>\n<div class=\"text_box\" style=\"width:50%\">\n<div class=\"txt\">\n<h2><span style=\"font-family: arial, helvetica, sans-serif;font-size: 24px\"><strong><a name=\"Vending popcorn machine\"><\/a>Distributeur automatique de pop-corn<\/strong><\/span><\/h2>\n<p><\/p>\n<p style=\"margin-top:0;margin-right:0;margin-bottom:0;margin-left:0;text-indent:0;text-align:justify\"><span style=\"font-family:\u5b8b\u4f53;letter-spacing:0;font-size:16px\">1) Chaque tasse a une capacit\u00e9 de 50 ml, ce qui permet de faire environ 16-18OZ de popcorn.<\/span><\/p>\n<p style=\"margin-top:0;margin-right:0;margin-bottom:0;margin-left:0;text-indent:0;text-align:justify\"><span style=\"font-family: \u5b8b\u4f53;font-size: 16px;letter-spacing: 0px\">2. la machine peut stocker 80 sacs en papier.    3.<\/span><span style=\"font-family: \u5b8b\u4f53;font-size: 16px;letter-spacing: 0px\">Syst\u00e8me de paiement : pi\u00e8ces et jetons .              4.<\/span><span style=\"font-family: \u5b8b\u4f53;font-size: 16px;letter-spacing: 0px\">30L storge popcorn en acier inoxydable et housse ext\u00e9rieure avec une belle photo.<\/span><\/p>\n<p style=\"margin-top:0;margin-right:0;margin-bottom:0;margin-left:0;text-indent:0;text-align:justify\"><span style=\"font-family: \u5b8b\u4f53;font-size: 16px;letter-spacing: 0px\">5. l'int\u00e9rieur de la machine est \u00e9quip\u00e9 d'un syst\u00e8me de chauffage et d'un ventilateur. la transformation du ma\u00efs en pop-corn est rapide et ne prend que 60 \u00e0 80 secondes.<\/span><\/p>\n<p style=\"margin-top:0;margin-right:0;margin-bottom:0;margin-left:0;text-indent:0;text-align:justify\"><span style=\"font-family: \u5b8b\u4f53;font-size: 16px;letter-spacing: 0px\">6. l'int\u00e9rieur de la machine est \u00e9quip\u00e9 d'un syst\u00e8me de contr\u00f4le automatique de la chaleur.<\/span><\/p>\n<p style=\"margin-top:0;margin-right:0;margin-bottom:0;margin-left:0;text-indent:0;text-align:justify\"><span style=\"font-family: \u5b8b\u4f53;font-size: 16px;letter-spacing: 0px\">7.<\/span><span style=\"font-family: \u5b8b\u4f53;font-size: 16px;letter-spacing: 0px\">Le bol en aluminium transmet bien la chaleur.<\/span><\/p>\n<p style=\"margin-top:0;margin-right:0;margin-bottom:0;margin-left:0;text-indent:0;text-align:justify\"><span style=\"font-family: \u5b8b\u4f53;font-size: 16px;letter-spacing: 0px\">8. le dessus de la machine est \u00e9quip\u00e9 d'un panneau publicitaire \u00e0 diodes \u00e9lectroluminescentes, dont les 10 couleurs peuvent \u00eatre modifi\u00e9es pour vous permettre de les ajuster.&nbsp;&nbsp;<\/span><\/p>\n<p style=\"margin-top:0;margin-right:0;margin-bottom:0;text-align:justify\"><span style=\"font-family:\u5b8b\u4f53;letter-spacing:0;font-size:16px\">9. \u00c9conomie d'\u00e9nergie .                        10.<\/span><span style=\"font-family: \u5b8b\u4f53;font-size: 16px;letter-spacing: 0px\">Conception simple et fonctionnement pratique.<\/span><\/p>\n<p><\/p>\n<\/div>\n<\/div>\n<\/div>\n<\/div>\n<p style=\"font-size: 13px;line-height: 30px\"><span><br \/><\/span><\/p>\n<p style=\"font-size: 13px;line-height: 30px\"><span><br \/><\/span><\/p>\n<p style=\"font-size: 13px;line-height: 30px\"><span><\/span><\/p>\n<h2><strong><span style=\"font-size: 24px;font-family: arial, helvetica, sans-serif\"><a name=\"PRODUCT SPECIFICATION\"><\/a>SP\u00c9CIFICATION DU PRODUIT<\/span><\/strong><\/h2>\n<p style=\"font-size: 13px;line-height: 30px\"><span>L'excellence de l'exp\u00e9rience client est le point de d\u00e9part de Hommy.<\/span><\/p>\n<p style=\"text-align:center\"><span style=\"font-size: 24px\"><img decoding=\"async\" src=\"https:\/\/www.hommy.com\/wp-content\/uploads\/15865765716782-1.png\" title=\"uploads\/www.hommy.com\/images\/https:\/\/www.hommy.com\/wp-content\/uploads\/15865765716782-1.png\" alt=\"image.png\" \/><\/span><\/p>\n<p style=\"font-size: 13px;line-height: 30px\"><span style=\"font-size: 24px\"><br \/><\/span><\/p>\n<h2 style=\"font-size: 13px;line-height: 30px\"><strong><span style=\"font-size: 24px;font-family: arial, helvetica, sans-serif\"><a name=\"PRODUCT ADVANTAGE\"><\/a>AVANTAGE DU PRODUIT<\/span><\/strong><br \/><\/h2>\n<p style=\"font-size: 13px;line-height: 30px\"><span style=\"font-size: 24px\"><\/span><\/p>\n<div class=\"d-tem01-graphic tem01-graphic mockup\" data-detail=\"wrap\">\n<div class=\"cont-section clearfix d-clearfix\">\n<div class=\"col-md-6 col-sm-6 col-xs-6\">\n<div class=\"right-p\">\n<p><span style=\"font-size: 20px\">Panneau publicitaire \u00e0 leds&nbsp;<\/span><\/p>\n<p><span style=\"font-family: \u5b8b\u4f53;font-size: 16px;letter-spacing: 0px\">Panneau publicitaire \u00e0 diodes \u00e9lectroluminescentes (LED), qui a 10 couleurs \u00e0 changer pour que vous puissiez l'ajuster, vous pouvez attirer plus de clients.<\/span><\/p>\n<p><span style=\"font-family: \u5b8b\u4f53;font-size: 16px;letter-spacing: 0px\"><br \/><\/span><\/p>\n<p><img decoding=\"async\" src=\"https:\/\/www.hommy.com\/wp-content\/uploads\/15865768005936.jpg\" alt=\"produit-Hommy-img\" title=\"\" style=\"text-align: center\"><\/p>\n<\/div>\n<\/div>\n<div class=\"col-md-6 col-sm-6 col-xs-6\">\n<div class=\"right-p\"><span style=\"font-size: 20px\">Syst\u00e8me de paiement : pi\u00e8ces et jetons&nbsp;<\/span>&nbsp;<\/p>\n<p><span style=\"font-family:\u5b8b\u4f53;letter-spacing:0;font-size:16px\">La machine de paiement \u00e0 l'int\u00e9rieur peut accepter des pi\u00e8ces et des jetons, vous pouvez utiliser les jetons pour faire la promotion de votre machine.&nbsp;<\/span><\/p>\n<\/div>\n<p style=\"text-align:center\"><img decoding=\"async\" src=\"https:\/\/www.hommy.com\/wp-content\/uploads\/15865769703876.jpg\" alt=\"produit-Hommy-HM-PC-18 distributeur automatique de pop-corn-img\" title=\"\"><\/p>\n<p><\/p>\n<p>&nbsp;<\/p>\n<p>&nbsp;<\/p>\n<p><\/p>\n<\/div>\n<\/div>\n<\/div>\n<div class=\"d-tem01-graphic tem01-graphic mockup\" data-detail=\"wrap\">\n<div class=\"cont-section clearfix d-clearfix\">\n<div class=\"col-md-6 col-sm-6 col-xs-6\">\n<div class=\"right-p\">\n<div class=\"h2 heading\">Pot de chauffage r\u00e9sistant<\/div>\n<p><\/p>\n<p><span style=\"font-family:\u5b8b\u4f53;letter-spacing:0;font-size:16px\">L'int\u00e9rieur de la machine utilise des mat\u00e9riaux r\u00e9sistants aux temp\u00e9ratures \u00e9lev\u00e9es, qui peuvent d\u00e9passer 200 degr\u00e9s. La temp\u00e9rature de fonctionnement du pot de chauffage est normalement comprise entre 90 et 110 degr\u00e9s.&nbsp;&nbsp;<\/span><\/p>\n<\/div>\n<div class=\"graphic_pic animated wow bounceIn\" data-wow-delay=\".7s\"><img decoding=\"async\" src=\"https:\/\/www.hommy.com\/wp-content\/uploads\/15865774343251-1.jpg\" alt=\"distributeur automatique de produits -Hommy-img\" title=\"\" style=\"float: left\"><br \/>\n &nbsp; &nbsp; &nbsp; &nbsp; &nbsp; &nbsp;<\/div>\n<\/div>\n<div class=\"col-md-6 col-sm-6 col-xs-6\">\n<div class=\"right-p\">\n<div class=\"h2 heading\">Sac en papier et caisse Stoge<\/div>\n<p><\/p>\n<p><span style=\"font-family: \u5b8b\u4f53;font-size: 16px;letter-spacing: 0px\">L'int\u00e9rieur de la machine dispose d'une plus grande caisse et d'un plus grand sac en papier (environ 80 pi\u00e8ces).<\/span><\/p>\n<p><\/p>\n<p><\/p>\n<p><img decoding=\"async\" src=\"https:\/\/www.hommy.com\/wp-content\/uploads\/15865778984004.jpg\" alt=\"produit-distributeur automatique -img\" title=\"\">&nbsp; &nbsp; &nbsp; &nbsp; &nbsp; &nbsp; &nbsp;<\/p>\n<\/div>\n<\/div>\n<\/div>\n<\/div>\n<p>&nbsp; &nbsp; &nbsp;<\/p>\n<p>Document\uff1a<img decoding=\"async\" src=\"https:\/\/www.hommy.com\/wp-content\/uploads\/icon_pdf-32.gif\" style=\"margin-right: 2px\" alt=\"produit-HM-PC-18 distributeur automatique de pop-corn-Hommy-img-1\" title=\"\"><a href=\"https:\/\/img80002414.weyesimg.com\/uploads\/www.hommy.com\/addon\/16028328875109.pdf\" title=\"16028328875109.pdf\" style=\"font-size: 12px\">16028328875109.pdf<\/a><\/p>\n<h2>Comment cr\u00e9er une entreprise de distribution automatique ?<\/h2>\n<p style=\"margin-top: 5px;margin-bottom: 5px\"><\/p>\n<p style=\"margin-top: 5px;margin-bottom: 5px\">\"Je suis tr\u00e8s enthousiaste \u00e0 l'id\u00e9e d'ouvrir ma premi\u00e8re entreprise de distribution automatique. Je ne connais pas grand-chose \u00e0 ce secteur, mais je suis persuad\u00e9 que je peux acqu\u00e9rir les comp\u00e9tences n\u00e9cessaires pour cr\u00e9er ma propre entreprise\".<\/p>\n<p style=\"margin-top: 5px;margin-bottom: 5px\"><\/p>\n<p style=\"margin-top: 5px;margin-bottom: 5px\">Si vous avez d\u00e9j\u00e0 pens\u00e9 \u00e0 la distribution automatique, vous n'\u00eates pas seul. De nombreuses personnes souhaitent se lancer dans la distribution automatique et cherchent des r\u00e9ponses sur la mani\u00e8re de commencer.<\/p>\n<p style=\"margin-top: 5px;margin-bottom: 5px\"><\/p>\n<p style=\"margin-top: 5px;margin-bottom: 5px\"><\/p>\n<p style=\"margin-top: 5px;margin-bottom: 5px\">Comment faire du pop-corn dans une grande machine ? Quelle est la meilleure fa\u00e7on de faire p\u00e9n\u00e9trer le beurre ? Quel est le meilleur sac \u00e0 pop-corn pour micro-ondes ? J'ai achet\u00e9 quelques sacs \u00e0 l'\u00e9picerie et ils semblent \u00eatre tr\u00e8s diff\u00e9rents les uns des autres, alors je cherche des recommandations.<\/p>\n<p style=\"margin-top: 5px;margin-bottom: 5px\"><\/p>\n<p style=\"margin-top: 5px;margin-bottom: 5px\">Comment faire du pop-corn dans une grande machine ? Quelle est la meilleure fa\u00e7on de faire p\u00e9n\u00e9trer le beurre ? Quel est le meilleur sac \u00e0 pop-corn pour micro-ondes ? J'ai achet\u00e9 quelques sacs \u00e0 l'\u00e9picerie et ils semblent \u00eatre tr\u00e8s diff\u00e9rents les uns des autres, alors je cherche des recommandations...<\/p>\n<p style=\"margin-top: 5px;margin-bottom: 5px\"><\/p>\n<h2>Avez-vous besoin d'une licence pour un distributeur automatique en Ontario ?<\/h2>\n<p style=\"margin-top: 5px;margin-bottom: 5px\"><\/p>\n<p style=\"margin-top: 5px;margin-bottom: 5px\">La r\u00e9ponse est oui. Pour ouvrir un nouvel emplacement ou un nouveau distributeur, vous devez obtenir une licence de la Commission des alcools et des jeux de l'Ontario (CAJO). Il existe deux types de licences pour les distributeurs automatiques : une licence de distributeur automatique standard et une licence de vente de boissons alcoolis\u00e9es.<\/p>\n<p style=\"margin-top: 5px;margin-bottom: 5px\"><\/p>\n<p style=\"margin-top: 5px;margin-bottom: 5px\">Vous pouvez obtenir une licence de distribution automatique standard pour votre entreprise et votre nouveau distributeur, mais vous ne pouvez pas obtenir de licence de vente d'alcool pour votre nouveau distributeur.<\/p>\n<\/div><\/div>","protected":false},"excerpt":{"rendered":"<p>Vending popcorn machine Vending popcorn machine|PRODUCT FEATURES|Vending popcorn machine|PRODUCT SPECIFICATION|PRODUCT ADVANTAGE We provide a wide range of popcorn vending machine for catering to the needs of our clients. Our machine is made available in different sizes and designs and is very easily available at the market. Our quality range of popcorn vending machine is made [&hellip;]<\/p>\n","protected":false},"featured_media":638,"comment_status":"open","ping_status":"open","template":"","meta":{"_swt_meta_header_display":false,"_swt_meta_footer_display":false,"_swt_meta_site_title_display":false,"_swt_meta_sticky_header":false,"_swt_meta_transparent_header":false},"product_brand":[],"product_cat":[79,68],"product_tag":[],"class_list":{"0":"post-645","1":"product","2":"type-product","3":"status-publish","4":"has-post-thumbnail","6":"product_cat-popcorn-vending-machine","7":"product_cat-vending-machine","9":"first","10":"instock","11":"shipping-taxable","12":"product-type-simple"},"_links":{"self":[{"href":"https:\/\/www.hommy.com\/fr\/wp-json\/wp\/v2\/product\/645","targetHints":{"allow":["GET"]}}],"collection":[{"href":"https:\/\/www.hommy.com\/fr\/wp-json\/wp\/v2\/product"}],"about":[{"href":"https:\/\/www.hommy.com\/fr\/wp-json\/wp\/v2\/types\/product"}],"replies":[{"embeddable":true,"href":"https:\/\/www.hommy.com\/fr\/wp-json\/wp\/v2\/comments?post=645"}],"wp:featuredmedia":[{"embeddable":true,"href":"https:\/\/www.hommy.com\/fr\/wp-json\/wp\/v2\/media\/638"}],"wp:attachment":[{"href":"https:\/\/www.hommy.com\/fr\/wp-json\/wp\/v2\/media?parent=645"}],"wp:term":[{"taxonomy":"product_brand","embeddable":true,"href":"https:\/\/www.hommy.com\/fr\/wp-json\/wp\/v2\/product_brand?post=645"},{"taxonomy":"product_cat","embeddable":true,"href":"https:\/\/www.hommy.com\/fr\/wp-json\/wp\/v2\/product_cat?post=645"},{"taxonomy":"product_tag","embeddable":true,"href":"https:\/\/www.hommy.com\/fr\/wp-json\/wp\/v2\/product_tag?post=645"}],"curies":[{"name":"wp","href":"https:\/\/api.w.org\/{rel}","templated":true}]}}