{"id":637,"date":"2024-07-02T14:53:27","date_gmt":"2024-07-02T14:53:27","guid":{"rendered":"http:\/\/localhost\/hommywp\/polular-coin-operated-automatic-popcorn-vending-machine\/"},"modified":"2025-08-01T09:57:38","modified_gmt":"2025-08-01T09:57:38","slug":"distributeur-automatique-de-pop-corn-3","status":"publish","type":"product","link":"https:\/\/www.hommy.com\/fr\/p\/distributeur-automatique-de-pop-corn-3\/","title":{"rendered":"Distributeur automatique de pop-corn \u00e0 pi\u00e8ces Polular"},"content":{"rendered":"<p style=\"text-align: center\"><span style=\"font-family:Calibri;font-size:29px\">Distributeur automatique d'un parfum <\/span><span style=\"font-family:\u5b8b\u4f53;font-size:29px\">Machine \u00e0 pop-corn <\/span><\/p>\n<p style=\"text-align: center\"><span style=\"font-family:Calibri;font-size:29px\">https:\/\/youtu.be\/jkdmDw6KefI<\/span><\/p>\n<p><span style=\"font-family:Calibri;font-size:29px\">&nbsp;<\/span><\/p>\n<p>Le distributeur automatique de pop-corn propos\u00e9 est largement appr\u00e9ci\u00e9 pour sa durabilit\u00e9, sa haute qualit\u00e9, sa fonctionnalit\u00e9 sans faille, son design parfait, etc. Il est con\u00e7u \u00e0 partir de mati\u00e8res premi\u00e8res et de composants de la plus haute qualit\u00e9 afin de garantir des performances durables. En outre, le distributeur automatique de pop-corn est test\u00e9 sur diff\u00e9rents param\u00e8tres pour s'assurer qu'il fournit des performances optimales.<\/p>\n<p><span style=\"font-family:Calibri;font-size:29px\"><\/span><\/p>\n<p><span style=\"font-family:\u5b8b\u4f53;font-size:29px\">Sp\u00e9cification du produit :<\/span><\/p>\n<p><span style=\"font-family:\u5b8b\u4f53;font-size:29px\"><img decoding=\"async\" src=\"https:\/\/www.hommy.com\/wp-content\/uploads\/16431874463170.png\" alt=\"produit-Hommy-img\" title=\"\"><\/span><\/p>\n<p><span style=\"font-family:\u5b8b\u4f53;font-size:29px\"><\/span><\/p>\n<p style=\"margin-bottom:0;text-align:justify\"><span style=\"font-family:\u5b8b\u4f53;font-size:29px\">Caract\u00e9ristiques du produit\uff1a<\/span><\/p>\n<p style=\"margin-bottom:0;text-align:justify\"><strong><span style=\"font-family: Calibri;font-size: 16px\">\u25cf \u00c9cran de commande et de publicit\u00e9 de 21\" avec syst\u00e8me andro\u00efde.<\/span><\/strong><\/p>\n<p style=\"margin-bottom:0;text-align:justify\"><strong><span style=\"font-family: Calibri;font-size: 16px\">\u25cf Les tasses descendent automatiquement. Capacit\u00e9 de chaque tasse : 32oz( la machine \u00e0 l'int\u00e9rieur peut&nbsp;<\/span><\/strong><strong><span style=\"font-family: Calibri;font-size: 16px\">garder 100pcs gobelets en papier )<\/span><\/strong><\/p>\n<p style=\"margin-bottom:0;text-align:justify\"><strong><span style=\"font-family: Calibri;font-size: 16px\">\u25cf<\/span><span style=\"font-size: 16px\"><span style=\"font-family:\u5b8b\u4f53\">&nbsp;<\/span><\/span><\/strong><strong><span style=\"font-family: Calibri;font-size: 16px\">Le couvercle ext\u00e9rieur est en acier inoxydable et envelopp\u00e9 d'une belle photo.<\/span><\/strong><\/p>\n<p style=\"margin-bottom:0;text-align:justify\"><strong><span style=\"font-family: Calibri;font-size: 16px\">\u25cf \u00c0 l'int\u00e9rieur de la machine sont install\u00e9s un syst\u00e8me de chauffage et un ventilateur qui font que le ma\u00efs devient rapidement du pop-corn.<\/span><\/strong><\/p>\n<p style=\"margin-bottom:0;text-align:justify\"><strong><span style=\"font-family: Calibri;font-size: 16px\">&nbsp;en seulement 80 secondes, la temp\u00e9rature de chauffage de la machine peut \u00eatre r\u00e9gl\u00e9e en fonction de diff\u00e9rents types de&nbsp;<\/span><\/strong><strong><span style=\"font-family: Calibri;font-size: 16px\">de pop-corn.<\/span><\/strong><\/p>\n<p style=\"margin-bottom:0;text-align:justify\"><strong><span style=\"font-family: Calibri;font-size: 16px\">\u25cf L'appareil m\u00e9lange automatiquement le pop-corn avec les ar\u00f4mes qu'il contient.<\/span><\/strong><\/p>\n<p style=\"margin-bottom:0;text-align:justify\"><strong><span style=\"font-family: Calibri;font-size: 16px\">\u25cf L'int\u00e9rieur de la machine est \u00e9quip\u00e9 d'un chauffage \u00e0 commande automatique. La conception est simple et le fonctionnement pratique.<\/span><\/strong><\/p>\n<p style=\"margin-bottom:0;text-align:justify\"><strong><span style=\"font-family: Calibri;font-size: 16px\">\u25cf Les deux bols en aluminium transmettent bien la chaleur.<\/span><\/strong><\/p>\n<p style=\"margin-bottom:0;text-align:justify\"><strong><span style=\"font-family: Calibri;font-size: 16px\">\u25cf La langue de l'interface de l'\u00e9cran tactile peut \u00eatre configur\u00e9e en fonction des diff\u00e9rents pays.<\/span><\/strong><\/p>\n<p style=\"margin-bottom:0;text-align:justify\"><strong><span style=\"font-family: Calibri;font-size: 16px\">\u25cf Syst\u00e8me de paiement : pi\u00e8ces de monnaie, billets, MDB pour le lecteur de cartes.<\/span><\/strong><\/p>\n<p style=\"margin-bottom:0;text-align:justify\"><strong><span style=\"font-family: Calibri;font-size: 16px\">\u25cf La machine \u00e0 l'int\u00e9rieur conserve une saveur de ma\u00efs .<\/span><\/strong><\/p>\n<p style=\"margin-bottom:0;text-align:justify\"><strong><span style=\"font-family: Calibri;font-size: 16px\">\u25cf Le syst\u00e8me \u00e0 distance peut suivre la situation de la vente, le rappel du manque de mat\u00e9riel, le r\u00e9glage des donn\u00e9es internes de la machine,<\/span><\/strong><strong><span style=\"font-family: Calibri;font-size: 16px\">&nbsp; Rappel du d\u00e9faut de la machine.&nbsp;&nbsp;<\/span><\/strong><\/p>\n<p style=\"margin-bottom:0;margin-left:96px;text-align:justify\"><span style=\"font-family:Calibri;font-size:16px\">&nbsp;<\/span><span style=\"font-family: \u5b8b\u4f53;font-size: 16px\">&nbsp; &nbsp; &nbsp; &nbsp; &nbsp; &nbsp;<\/span><\/p>\n<p><span style=\"font-family:\u5b8b\u4f53;font-size:29px\">Avantage du produit :<\/span><\/p>\n<p><span style=\"font-family:Calibri;font-size:16px\">&nbsp;<\/span><span style=\"font-family: Calibri;font-size: 16px\">1.&nbsp;<\/span><span style=\"font-family: Calibri;font-size: 16px\">Le chauffage \u00e0 deux couches distribue la chaleur plus uniform\u00e9ment<\/span><\/p>\n<p><img loading=\"lazy\" decoding=\"async\" src=\"https:\/\/www.hommy.com\/wp-content\/uploads\/16431876355525.png\" title=\"\" alt=\"product-Hommy-Automatic Vending Popcorn Machine-img\" width=\"350\" height=\"366\" border=\"0\" vspace=\"0\" style=\"width: 350px;height: 366px\"><\/p>\n<p><span style=\"font-family:\u5b8b\u4f53;font-size:16px\">2.<\/span><span style=\"font-family:\u5b8b\u4f53;font-size:16px\">La machine<\/span><span style=\"font-family:Calibri;font-size:16px\">&nbsp;Vous pouvez utiliser trois types de paiement : billets, pi\u00e8ces de monnaie et \u00e9change de pi\u00e8ces, carte de cr\u00e9dit.<\/span><span style=\"font-family:\u5b8b\u4f53;font-size:16px\">&nbsp;<\/span><\/p>\n<p><img loading=\"lazy\" decoding=\"async\" src=\"https:\/\/www.hommy.com\/wp-content\/uploads\/16431876115451.png\" title=\"\" alt=\"product-Automatic Vending Popcorn Machine-Hommy-img\" width=\"350\" height=\"162\" border=\"0\" vspace=\"0\" style=\"width: 350px;height: 162px\"><\/p>\n<p><span style=\"font-family:\u5b8b\u4f53;font-size:16px\">3.<\/span><span style=\"font-family:\u5b8b\u4f53;font-size:16px\">L'int\u00e9rieur de la machine utilise des mat\u00e9riaux r\u00e9sistants aux temp\u00e9ratures \u00e9lev\u00e9es, qui peuvent d\u00e9passer 200 degr\u00e9s. La temp\u00e9rature de fonctionnement du pot de chauffage est normalement comprise entre 90 et 110 degr\u00e9s. &nbsp;<\/span><\/p>\n<p><img loading=\"lazy\" decoding=\"async\" src=\"https:\/\/www.hommy.com\/wp-content\/uploads\/16431875836350.jpg\" title=\"\" alt=\"produit-Hommy-img\" width=\"350\" height=\"1440\" border=\"0\" vspace=\"0\" style=\"width: 350px;height: 1440px\"><\/p>\n<p><span style=\"font-family:Calibri;font-size:16px\">4.&nbsp;<\/span><span style=\"font-family:Calibri;font-size:16px\">La machine peut contenir 100 gobelets de 32OZ. <\/span><\/p>\n<p><span style=\"font-family:\u5b8b\u4f53;font-size:16px\"><img loading=\"lazy\" decoding=\"async\" src=\"https:\/\/www.hommy.com\/wp-content\/uploads\/16431875535861.png\" title=\"\" alt=\"produit-Hommy-img\" width=\"350\" height=\"1080\" border=\"0\" vspace=\"0\" style=\"width: 350px;height: 1080px\">&nbsp;&nbsp;<\/span><\/p>\n<p><span style=\"font-family:Calibri;font-size:16px\">5.<\/span><span style=\"font-family:Calibri;font-size:16px\">La machine peut conserver 1 parfum de ma\u00efs.<\/span><\/p>\n<p><img loading=\"lazy\" decoding=\"async\" src=\"https:\/\/www.hommy.com\/wp-content\/uploads\/16431874975650.png\" title=\"\" alt=\"produit-Hommy-img\" width=\"350\" height=\"522\" border=\"0\" vspace=\"0\" style=\"width: 350px;height: 522px\"><\/p>\n<h2>Quel type d'huile utilisez-vous pour les machines \u00e0 pop-corn ? Et combien de temps laisse-t-on refroidir avant d'ouvrir le couvercle ?<\/h2>\n<p style=\"margin-top: 5px;margin-bottom: 5px\"><\/p>\n<p style=\"margin-top: 5px;margin-bottom: 5px\">J'ai l'intention d'acheter une machine \u00e0 pop-corn ce week-end. J'ai regard\u00e9 la M&amp;P et j'aime l'id\u00e9e de pouvoir ajuster la quantit\u00e9 de beurre et de sel. J'ai un enfant de 13 ans qui veut en manger, alors je veux pouvoir le faire sans qu'il ait le go\u00fbt de beurre.<\/p>\n<p style=\"margin-top: 5px;margin-bottom: 5px\"><\/p>\n<p style=\"margin-top: 5px;margin-bottom: 5px\">La premi\u00e8re chose qui me vient \u00e0 l'esprit est l'huile de colza. Mais je veux pouvoir utiliser de l'huile v\u00e9g\u00e9tale ordinaire.<\/p>\n<p style=\"margin-top: 5px;margin-bottom: 5px\"><\/p>\n<p style=\"margin-top: 5px;margin-bottom: 5px\"><\/p>\n<h2>Quelle est l'entreprise id\u00e9ale \u00e0 cr\u00e9er ?<\/h2>\n<p style=\"margin-top: 5px;margin-bottom: 5px\"><\/p>\n<p style=\"margin-top: 5px;margin-bottom: 5px\">Cette question a \u00e9t\u00e9 pos\u00e9e si souvent que la r\u00e9ponse est presque devenue un clich\u00e9. Mais il y a une v\u00e9rit\u00e9 que l'on oublie trop souvent. Si vous \u00eates une personne int\u00e8gre, peu importe l'entreprise que vous cr\u00e9erez. Il en va de m\u00eame pour une personne int\u00e8gre. Si vous \u00eates une personne int\u00e8gre, l'entreprise que vous cr\u00e9erez n'aura pas d'importance. En r\u00e9alit\u00e9, ce n'est pas l'entreprise qui compte, c'est la personne. Une personne int\u00e8gre travaillera avec diligence pour cr\u00e9er une entreprise prosp\u00e8re, mais le succ\u00e8s se mesurera \u00e0 l'aune de l'int\u00e9grit\u00e9 de la personne.<\/p>\n<p style=\"margin-top: 5px;margin-bottom: 5px\"><\/p>\n<h2>Les distributeurs automatiques sont-ils rentables au Canada ?<\/h2>\n<p style=\"margin-top: 5px;margin-bottom: 5px\"><\/p>\n<p style=\"margin-top: 5px;margin-bottom: 5px\">Peu de distributeurs automatiques ne sont pas rentables au Canada. Cela s'explique par le fait que le Canada est un march\u00e9 relativement petit et que le co\u00fbt de la livraison est relativement faible. Par exemple, si une entreprise livre cinq articles \u00e0 un client et que le co\u00fbt de la livraison est de $15, le co\u00fbt d'un distributeur automatique pour livrer les m\u00eames articles n'est que de $3. Toutefois, certains distributeurs automatiques ne sont pas rentables au Canada, tandis que d'autres le sont.<\/p>\n<\/p><\/div>","protected":false},"excerpt":{"rendered":"<p>One flavor automatic vending Popcorn Machine https:\/\/youtu.be\/jkdmDw6KefI &nbsp; The offered Automatic Vending Popcorn Machine is widely appreciated for its durability, high quality, smooth functionality, perfect design, etc. It is designed using the finest quality raw materials and components to ensure its long-lasting performance. Further, the Automatic Vending Popcorn Machine is tested on different parameters to [&hellip;]<\/p>\n","protected":false},"featured_media":1967,"comment_status":"open","ping_status":"open","template":"","meta":{"_swt_meta_header_display":false,"_swt_meta_footer_display":false,"_swt_meta_site_title_display":false,"_swt_meta_sticky_header":false,"_swt_meta_transparent_header":false},"product_brand":[],"product_cat":[79,68],"product_tag":[],"class_list":{"0":"post-637","1":"product","2":"type-product","3":"status-publish","4":"has-post-thumbnail","6":"product_cat-popcorn-vending-machine","7":"product_cat-vending-machine","9":"first","10":"instock","11":"shipping-taxable","12":"product-type-simple"},"_links":{"self":[{"href":"https:\/\/www.hommy.com\/fr\/wp-json\/wp\/v2\/product\/637","targetHints":{"allow":["GET"]}}],"collection":[{"href":"https:\/\/www.hommy.com\/fr\/wp-json\/wp\/v2\/product"}],"about":[{"href":"https:\/\/www.hommy.com\/fr\/wp-json\/wp\/v2\/types\/product"}],"replies":[{"embeddable":true,"href":"https:\/\/www.hommy.com\/fr\/wp-json\/wp\/v2\/comments?post=637"}],"wp:featuredmedia":[{"embeddable":true,"href":"https:\/\/www.hommy.com\/fr\/wp-json\/wp\/v2\/media\/1967"}],"wp:attachment":[{"href":"https:\/\/www.hommy.com\/fr\/wp-json\/wp\/v2\/media?parent=637"}],"wp:term":[{"taxonomy":"product_brand","embeddable":true,"href":"https:\/\/www.hommy.com\/fr\/wp-json\/wp\/v2\/product_brand?post=637"},{"taxonomy":"product_cat","embeddable":true,"href":"https:\/\/www.hommy.com\/fr\/wp-json\/wp\/v2\/product_cat?post=637"},{"taxonomy":"product_tag","embeddable":true,"href":"https:\/\/www.hommy.com\/fr\/wp-json\/wp\/v2\/product_tag?post=637"}],"curies":[{"name":"wp","href":"https:\/\/api.w.org\/{rel}","templated":true}]}}