{"id":630,"date":"2024-07-02T14:42:50","date_gmt":"2024-07-02T14:42:50","guid":{"rendered":"http:\/\/localhost\/hommywp\/multiple-payment-methods-popcorn-vending-machine-for-sale\/"},"modified":"2025-08-01T09:57:38","modified_gmt":"2025-08-01T09:57:38","slug":"distributeur-automatique-de-pop-corn-hm-pm-18a","status":"publish","type":"product","link":"https:\/\/www.hommy.com\/fr\/p\/distributeur-automatique-de-pop-corn-hm-pm-18a\/","title":{"rendered":"Modes de paiement multiples Distributeur automatique de pop-corn \u00e0 vendre"},"content":{"rendered":"<div>\n<p style=\"text-align: center\"><span style=\"font-size: 24px\"><br \/><\/span><\/p>\n<h2 style=\"text-align: center\"><strong><span style=\"font-family: arial, helvetica, sans-serif;font-size: 24px\"><a name=\"Full Automatic Vending popcorn machine\"><\/a>Distributeur automatique de pop-corn<\/span><\/strong><br \/><\/h2>\n<p style=\"text-align: center\"><a href=\"#Full Automatic Vending popcorn machine\" target=\"_self\" data-lv=\"0\" rel=\"noopener\"><span style=\"font-family: arial, helvetica, sans-serif;font-size: 16px\">Distributeur automatique de pop-corn<\/span><\/a><span style=\"font-family: arial, helvetica, sans-serif;font-size: 16px\">|<a href=\"#PRODUCT FEATURES\" target=\"_self\" data-lv=\"0\" rel=\"noopener\">CARACT\u00c9RISTIQUES DU PRODUIT<\/a>|<a href=\"#Full Automatic Vending popcorn machine\" target=\"_self\" data-lv=\"0\" rel=\"noopener\">Distributeur automatique de pop-corn<\/a>|<a href=\"#PRODUCT SPECIFICATION\" target=\"_self\" data-lv=\"0\" rel=\"noopener\">SP\u00c9CIFICATION DU PRODUIT<\/a>|<a href=\"#PRODUCT ADVANTAGE\" target=\"_self\" data-lv=\"0\" rel=\"noopener\">AVANTAGE DU PRODUIT<\/a><\/span><\/p>\n<p><span style=\"font-size: 24px\"><br \/><\/span><\/p>\n<p><!-- Video start --><video poster=\"https:\/\/img80002414.weyesimg.com\/uploads\/www.hommy.com\/video\/15794976206195.mp4?vframe\/jpg\/offset\/1\" id=\"video\" preload=\"auto\" controls=\"controls\" style=\"width:100%;height:510px\"><\/video><!-- Video end --><\/p>\n<p>Nos clients peuvent se procurer ce distributeur automatique dans diff\u00e9rentes sp\u00e9cifications \u00e0 des prix raisonnables. Ce distributeur automatique de pop-corn est utilis\u00e9 pour servir du pop-corn dans les restaurants, les h\u00f4tels, les salles de cin\u00e9ma, les centres commerciaux et autres lieux publics. Il est con\u00e7u de telle mani\u00e8re qu'il peut \u00eatre facilement utilis\u00e9 par une seule personne. Le distributeur automatique de pop-corn est fabriqu\u00e9 \u00e0 l'aide de composants de la meilleure qualit\u00e9.<\/p>\n<h2><strong><span style=\"font-size: 24px;font-family: arial, helvetica, sans-serif\"><a name=\"PRODUCT FEATURES\"><\/a>CARACT\u00c9RISTIQUES DU PRODUIT<\/span><\/strong><\/h2>\n<p style=\"font-size: 13px;line-height: 30px\"><span>L'usine de Hommy couvre une superficie de 30 500 m\u00e8tres carr\u00e9s dans la ville de Xinhui Jiangmen. Elle comprend des lignes de production flexibles, un laboratoire de R&amp;D, un centre d'apprentissage et un atelier \u00e9quip\u00e9 de mat\u00e9riel de pointe.<\/span><\/p>\n<div class=\"d-tem11-graphic tem11-graphic mockup\" data-detail=\"wrap\">\n<div class=\"tab_row\">\n<div class=\"img\" style=\"width:50%\"><img loading=\"lazy\" decoding=\"async\" src=\"https:\/\/www.hommy.com\/wp-content\/uploads\/15865788232339.png\" alt=\"produit-HM-PM-18A Distributeur automatique de pop-corn-Hommy-img\" title=\"\" width=\"481\" height=\"641\" border=\"0\" vspace=\"0\" style=\"width: 481px;height: 641px\"><\/div>\n<div class=\"text_box\" style=\"width:50%\">\n<div class=\"txt\">\n<h2><strong><span style=\"font-family: arial, helvetica, sans-serif;font-size: 24px\"><a name=\"Full Automatic Vending popcorn machine\"><\/a>Distributeur automatique de pop-corn<\/span><\/strong><\/h2>\n<p><span style=\"font-size: 18px\"><strong><br \/><\/strong><\/span><\/p>\n<p style=\"margin-bottom: 0px;text-align: justify\"><span style=\"font-family: \u5b8b\u4f53;letter-spacing: 0px;font-size: 16px\">1.15 \"\u00e9cran d'op\u00e9ration et de publicit\u00e9 . 2.100ml de capacit\u00e9 par tasse, ce qui permet de faire environ 32OZ de popcorn .<\/span><\/p>\n<p style=\"margin-bottom: 0px;text-align: justify\"><span style=\"font-family: \u5b8b\u4f53;font-size: 16px;letter-spacing: 0px\">3. la machine peut stocker 100 pi\u00e8ces de gobelets \u00e0 l'int\u00e9rieur.        4.<\/span><span style=\"font-family: \u5b8b\u4f53;font-size: 16px;letter-spacing: 0px\">Distributeur automatique de pop-corn.          5<\/span><span style=\"font-family: \u5b8b\u4f53;font-size: 16px;letter-spacing: 0px\">Syst\u00e8me de paiement : esp\u00e8ces, pi\u00e8ces et jetons, carte de cr\u00e9dit, \u00e9change de pi\u00e8ces et paiement en ligne.&nbsp;<\/span><\/p>\n<p style=\"margin-bottom: 0px;text-align: justify\"><span style=\"font-family: \u5b8b\u4f53;font-size: 16px;letter-spacing: 0px\">6.&nbsp;<\/span><span style=\"font-family: \u5b8b\u4f53;font-size: 16px;letter-spacing: 0px\">30L storge popcorn en acier inoxydable et housse ext\u00e9rieure avec une belle photo.<\/span><\/p>\n<p style=\"margin-bottom: 0px;text-align: justify\"><span style=\"font-family: \u5b8b\u4f53;font-size: 16px;letter-spacing: 0px\">7. le temps de production du pop-corn n'est que de 60 \u00e0 80 secondes.<\/span><\/p>\n<p style=\"margin-bottom: 0px;text-align: justify\"><span style=\"font-family: \u5b8b\u4f53;font-size: 16px;letter-spacing: 0px\">8. l'int\u00e9rieur de la machine est \u00e9quip\u00e9 d'un syst\u00e8me de contr\u00f4le automatique de la chaleur.<\/span><\/p>\n<p style=\"margin-bottom: 0px;text-align: justify\"><span style=\"font-family: \u5b8b\u4f53;font-size: 16px;letter-spacing: 0px\">9. Le bol en aluminium transmet bien la chaleur.<\/span><\/p>\n<p style=\"margin-bottom: 0px;text-align: justify\"><span style=\"font-family: \u5b8b\u4f53;font-size: 16px;letter-spacing: 0px\">10. la langue peut \u00eatre adapt\u00e9e en fonction du pays.<\/span><\/p>\n<p style=\"margin-bottom: 0px;text-align: justify\"><span style=\"font-family: \u5b8b\u4f53;font-size: 16px;letter-spacing: 0px\">11. 3 ar\u00f4mes sont disponibles pour m\u00e9langer les ar\u00f4mes \u00e0 l'int\u00e9rieur de la machine.&nbsp;&nbsp;<\/span><\/p>\n<p style=\"margin-bottom: 0px;text-align: justify\"><span style=\"font-family: \u5b8b\u4f53;letter-spacing: 0px;font-size: 16px\">12. Le syst\u00e8me \u00e0 distance peut rappeler la situation des ventes, les fuites de mat\u00e9riaux, les donn\u00e9es internes de la machine, les d\u00e9fauts de la machine.<\/span><\/p>\n<p style=\"margin-bottom: 0px;text-align: justify\"><span style=\"font-family: \u5b8b\u4f53;font-size: 16px;letter-spacing: 0px\">13. conception simple et facilit\u00e9 d'utilisation .<\/span><\/p>\n<p><span style=\"font-family: \u5b8b\u4f53;font-size: 16px;letter-spacing: 0px\"><br \/><\/span><\/p>\n<p style=\"margin-top:0;margin-right:0;margin-bottom:0;margin-left:0;text-indent:0;text-align:justify\"><\/p>\n<\/div>\n<\/div>\n<\/div>\n<\/div>\n<p style=\"font-size: 13px;line-height: 30px\"><span><br \/><\/span><\/p>\n<p style=\"font-size: 13px;line-height: 30px\"><span><br \/><\/span><\/p>\n<p style=\"font-size: 13px;line-height: 30px\"><span><\/span><\/p>\n<h2><strong><span style=\"font-family: arial, helvetica, sans-serif;font-size: 24px\"><a name=\"PRODUCT SPECIFICATION\"><\/a>SP\u00c9CIFICATION DU PRODUIT<\/span><\/strong><\/h2>\n<p style=\"font-size: 13px;line-height: 30px\"><span>L'excellence de l'exp\u00e9rience client est le point de d\u00e9part de Hommy.<\/span><\/p>\n<p style=\"text-align:center\"><span style=\"font-size: 24px\"><img decoding=\"async\" src=\"https:\/\/www.hommy.com\/wp-content\/uploads\/15865765716782.png\" title=\"uploads\/www.hommy.com\/images\/https:\/\/www.hommy.com\/wp-content\/uploads\/15865765716782.png\" alt=\"image.png\" \/><\/span><\/p>\n<p style=\"font-size: 13px;line-height: 30px\"><span style=\"font-size: 24px\"><br \/><\/span><\/p>\n<h2 style=\"font-size: 13px;line-height: 30px\"><strong><span style=\"font-family: arial, helvetica, sans-serif;font-size: 24px\"><a name=\"PRODUCT ADVANTAGE\"><\/a>AVANTAGE DU PRODUIT<\/span><\/strong><br \/><\/h2>\n<p style=\"font-size: 13px;line-height: 30px\"><span style=\"font-size: 24px\"><\/span><\/p>\n<div class=\"d-tem01-graphic tem01-graphic mockup\" data-detail=\"wrap\">\n<div class=\"cont-section clearfix d-clearfix\">\n<div class=\"col-md-6 col-sm-6 col-xs-6\">\n<div class=\"right-p\">\n<div class=\"h2 heading\">Pot de chauffage r\u00e9sistant<\/div>\n<p><\/p>\n<p><span style=\"font-family:\u5b8b\u4f53;letter-spacing:0;font-size:16px\">L'int\u00e9rieur de la machine utilise des mat\u00e9riaux r\u00e9sistants aux temp\u00e9ratures \u00e9lev\u00e9es, qui peuvent d\u00e9passer 200 degr\u00e9s. La temp\u00e9rature de fonctionnement du pot de chauffage est normalement comprise entre 90 et 110 degr\u00e9s.&nbsp;&nbsp;<\/span><\/p>\n<\/div>\n<div class=\"graphic_pic animated wow bounceIn\" data-wow-delay=\".7s\"><img decoding=\"async\" src=\"https:\/\/www.hommy.com\/wp-content\/uploads\/15865774343251.jpg\" alt=\"produit-Hommy-img\" title=\"\" style=\"float: left\"><br \/>\n &nbsp; &nbsp; &nbsp; &nbsp; &nbsp; &nbsp;<\/div>\n<\/div>\n<div class=\"col-md-6 col-sm-6 col-xs-6\">\n<div class=\"right-p\">\n<div class=\"h2 heading\">Une langue diff\u00e9rente&nbsp;<\/div>\n<p><\/p>\n<p><span style=\"font-family:\u5b8b\u4f53;letter-spacing:0;font-size:16px\">Il est possible d'utiliser diff\u00e9rentes langues pour enseigner le fonctionnement de la machine.&nbsp;<\/span><\/p>\n<p><\/p>\n<p><\/p>\n<p><img loading=\"lazy\" decoding=\"async\" src=\"https:\/\/www.hommy.com\/wp-content\/uploads\/15788858317746-6.png\" alt=\"produit-Hommy-img\" title=\"\" width=\"441\" height=\"588\" border=\"0\" vspace=\"0\" style=\"width: 441px;height: 588px\">&nbsp; &nbsp; &nbsp; &nbsp; &nbsp; &nbsp; &nbsp;<\/p>\n<\/div>\n<\/div>\n<\/div>\n<\/div>\n<p>&nbsp; &nbsp;<\/p>\n<p>&nbsp;Document\uff1a<img decoding=\"async\" src=\"https:\/\/www.hommy.com\/wp-content\/uploads\/icon_pdf-31.gif\" style=\"margin-right: 2px\" alt=\"produit-Hommy-distributeur automatique de pop-corn -img\" title=\"\"><a href=\"https:\/\/img80002414.weyesimg.com\/uploads\/www.hommy.com\/addon\/16028332825554.pdf\" title=\"16028332825554.pdf\" style=\"font-size: 12px\">16028332825554.pdf<\/a><\/p>\n<h2>Le pop-corn est-il une activit\u00e9 rentable ?<\/h2>\n<p style=\"margin-top: 5px;margin-bottom: 5px\">Le pop-corn est un en-cas tr\u00e8s populaire. C'est un en-cas facile \u00e0 fabriquer et \u00e0 vendre. C'est \u00e9galement un en-cas tr\u00e8s appr\u00e9ci\u00e9 des enfants. Il est vendu dans presque tous les magasins et restaurants. C'est un en-cas vendu \u00e0 des prix tr\u00e8s bas. Une s\u00e9ance de cin\u00e9ma ou un \u00e9v\u00e9nement peut durer une heure ou deux, et pendant ce temps, il est probable que vous ayez mang\u00e9 beaucoup de pop-corn.<\/p>\n<p style=\"margin-top: 5px;margin-bottom: 5px\"><\/p>\n<h2>Les distributeurs automatiques ont-ils besoin d'\u00e9lectricit\u00e9 ?<\/h2>\n<p style=\"margin-top: 5px;margin-bottom: 5px\">Tous les distributeurs automatiques ont besoin d'\u00e9lectricit\u00e9 sous forme de courant. La question de savoir comment l'\u00e9lectricit\u00e9 parvient aux distributeurs automatiques est diff\u00e9rente. Il y a deux fa\u00e7ons d'acheminer l'\u00e9lectricit\u00e9 vers les distributeurs automatiques. La premi\u00e8re est le c\u00e2blage. Dans ce cas, le c\u00e2blage relie les distributeurs automatiques \u00e0 l'alimentation \u00e9lectrique. L'autre moyen est l'alimentation sans fil. Dans ce cas, les distributeurs automatiques re\u00e7oivent le courant de l'alimentation \u00e9lectrique sans aucun c\u00e2blage.<\/p>\n<p style=\"margin-top: 5px;margin-bottom: 5px\"><\/p>\n<h2>Les cl\u00e9s des distributeurs automatiques sont-elles universelles ?<\/h2>\n<p style=\"margin-top: 5px;margin-bottom: 5px\">Je comprends que certains distributeurs automatiques sont dot\u00e9s d'un clavier qui n\u00e9cessite d'appuyer sur une touche sp\u00e9cifique pour activer le distributeur. Toutefois, je comprends \u00e9galement que certains distributeurs automatiques sont dot\u00e9s d'un clavier qui n\u00e9cessite d'appuyer sur une combinaison sp\u00e9cifique de chiffres pour activer le distributeur.<\/p>\n<\/p><\/div>","protected":false},"excerpt":{"rendered":"<p>Full Automatic Vending popcorn machine Full Automatic Vending popcorn machine|PRODUCT FEATURES|Full Automatic Vending popcorn machine|PRODUCT SPECIFICATION|PRODUCT ADVANTAGE Our clients can avail from us this vending machine in various specifications at reasonable prices. This popcorn vending machine is used for serving popcorn in the restaurants, hotels, movie halls, malls and other public places. It is designed [&hellip;]<\/p>\n","protected":false},"featured_media":625,"comment_status":"open","ping_status":"open","template":"","meta":{"_swt_meta_header_display":false,"_swt_meta_footer_display":false,"_swt_meta_site_title_display":false,"_swt_meta_sticky_header":false,"_swt_meta_transparent_header":false},"product_brand":[],"product_cat":[79,68],"product_tag":[],"class_list":{"0":"post-630","1":"product","2":"type-product","3":"status-publish","4":"has-post-thumbnail","6":"product_cat-popcorn-vending-machine","7":"product_cat-vending-machine","9":"first","10":"instock","11":"shipping-taxable","12":"product-type-simple"},"_links":{"self":[{"href":"https:\/\/www.hommy.com\/fr\/wp-json\/wp\/v2\/product\/630","targetHints":{"allow":["GET"]}}],"collection":[{"href":"https:\/\/www.hommy.com\/fr\/wp-json\/wp\/v2\/product"}],"about":[{"href":"https:\/\/www.hommy.com\/fr\/wp-json\/wp\/v2\/types\/product"}],"replies":[{"embeddable":true,"href":"https:\/\/www.hommy.com\/fr\/wp-json\/wp\/v2\/comments?post=630"}],"wp:featuredmedia":[{"embeddable":true,"href":"https:\/\/www.hommy.com\/fr\/wp-json\/wp\/v2\/media\/625"}],"wp:attachment":[{"href":"https:\/\/www.hommy.com\/fr\/wp-json\/wp\/v2\/media?parent=630"}],"wp:term":[{"taxonomy":"product_brand","embeddable":true,"href":"https:\/\/www.hommy.com\/fr\/wp-json\/wp\/v2\/product_brand?post=630"},{"taxonomy":"product_cat","embeddable":true,"href":"https:\/\/www.hommy.com\/fr\/wp-json\/wp\/v2\/product_cat?post=630"},{"taxonomy":"product_tag","embeddable":true,"href":"https:\/\/www.hommy.com\/fr\/wp-json\/wp\/v2\/product_tag?post=630"}],"curies":[{"name":"wp","href":"https:\/\/api.w.org\/{rel}","templated":true}]}}