{"id":624,"date":"2024-07-02T14:42:43","date_gmt":"2024-07-02T14:42:43","guid":{"rendered":"http:\/\/localhost\/hommywp\/auto-2-flavors-popcorn-vending-machine-cost-wholesale\/"},"modified":"2025-08-01T09:57:38","modified_gmt":"2025-08-01T09:57:38","slug":"distributeur-automatique-de-pop-corn-2-parfums","status":"publish","type":"product","link":"https:\/\/www.hommy.com\/fr\/p\/distributeur-automatique-de-pop-corn-2-parfums\/","title":{"rendered":"Distributeur automatique de pop-corn 2 parfums Co\u00fbt en gros"},"content":{"rendered":"<div>\n<p style=\"text-align: center\"><strong><span style=\"font-family: \u5b8b\u4f53;font-size: 29px\"><\/span><\/strong><\/p>\n<p style=\"text-align: center\"><span style=\"font-family:Calibri;font-size:29px\">Distribution automatique 24 heures sur 24 <\/span><span style=\"font-family:\u5b8b\u4f53;font-size:29px\">Machine \u00e0 pop-corn <\/span><\/p>\n<p style=\"text-align: center\"><span style=\"font-family:Calibri;font-size:29px\">https:\/\/youtu.be\/jkdmDw6KefI<\/span><\/p>\n<p style=\"text-align: left\"><span style=\"font-family: Calibri;font-size: 29px\"><\/span>Notre gamme de distributeurs automatiques de pop-corn est largement demand\u00e9e par les clients car elle est facile \u00e0 utiliser et dispose de facilit\u00e9s de r\u00e9approvisionnement. La gamme de distributeurs automatiques de pop-corn est \u00e9galement disponible en diff\u00e9rentes tailles, formes, conceptions et styles qui peuvent \u00eatre personnalis\u00e9s selon vos besoins. De plus, les prix des distributeurs automatiques de pop-corn sont tr\u00e8s raisonnables.<\/p>\n<p><span style=\"font-family: \u5b8b\u4f53;font-size: 29px\">Sp\u00e9cification du produit :<\/span><\/p>\n<p><span style=\"font-family: \u5b8b\u4f53;font-size: 29px\"><img decoding=\"async\" src=\"https:\/\/www.hommy.com\/wp-content\/uploads\/16431836941896-1.png\" alt=\"produit-Hommy-img\" title=\"\"><\/span><\/p>\n<p><\/p>\n<p style=\"margin-bottom: 0px\"><span style=\"font-family: \u5b8b\u4f53;font-size: 29px\"><\/span><\/p>\n<p style=\"margin-bottom: 0px;text-align: left\"><span style=\"font-family:\u5b8b\u4f53;font-size:29px\">Caract\u00e9ristiques du produit :<\/span><\/p>\n<p style=\"margin-bottom: 0px;text-align: left\"><strong><span style=\"font-family: Calibri;font-size: 16px\">\u25cf \u00c9cran de commande et de publicit\u00e9 de 21\" avec syst\u00e8me andro\u00efde.<\/span><\/strong><\/p>\n<p style=\"margin-bottom: 0px;text-align: left\"><strong><span style=\"font-family: Calibri;font-size: 16px\">\u25cf Les tasses descendent automatiquement. Capacit\u00e9 de chaque tasse : 32oz( la machine \u00e0 l'int\u00e9rieur peut&nbsp;<\/span><\/strong><strong><span style=\"font-family: Calibri;font-size: 16px\">garder 100pcs gobelets en papier )<\/span><\/strong><\/p>\n<p style=\"margin-bottom: 0px;text-align: left\"><strong><span style=\"font-family: Calibri;font-size: 16px\">\u25cf<\/span><\/strong><strong><span style=\"font-family: Calibri;font-size: 16px\">Le couvercle ext\u00e9rieur est en acier inoxydable et envelopp\u00e9 d'une belle photo.<\/span><\/strong><\/p>\n<p style=\"margin-bottom: 0px;text-align: left\"><strong><span style=\"font-family: Calibri;font-size: 16px\">\u25cf \u00c0 l'int\u00e9rieur de la machine sont install\u00e9s un syst\u00e8me de chauffage et un ventilateur qui font que le ma\u00efs devient rapidement du pop-corn.&nbsp;<\/span><\/strong><strong><span style=\"font-family: Calibri;font-size: 16px\">&nbsp;en seulement 80 secondes, la temp\u00e9rature de chauffage de la machine peut \u00eatre r\u00e9gl\u00e9e en fonction de diff\u00e9rents types de&nbsp;<\/span><\/strong><strong><span style=\"font-family: Calibri;font-size: 16px\">de pop-corn.<\/span><\/strong><\/p>\n<p style=\"margin-bottom: 0px;text-align: left\"><strong><span style=\"font-family: Calibri;font-size: 16px\">\u25cf L'appareil m\u00e9lange automatiquement le pop-corn avec les ar\u00f4mes qu'il contient.<\/span><\/strong><\/p>\n<p style=\"margin-bottom: 0px;text-align: left\"><strong><span style=\"font-family: Calibri;font-size: 16px\">\u25cf L'int\u00e9rieur de la machine est \u00e9quip\u00e9 d'un chauffage \u00e0 commande automatique. La conception est simple et le fonctionnement pratique.<\/span><\/strong><\/p>\n<p style=\"margin-bottom: 0px;text-align: left\"><strong><span style=\"font-family: Calibri;font-size: 16px\">\u25cf Les deux bols en aluminium transmettent bien la chaleur.<\/span><\/strong><\/p>\n<p style=\"margin-bottom: 0px;text-align: left\"><strong><span style=\"font-family: Calibri;font-size: 16px\">\u25cf La langue de l'interface de l'\u00e9cran tactile peut \u00eatre configur\u00e9e en fonction des diff\u00e9rents pays.<\/span><\/strong><\/p>\n<p style=\"margin-bottom: 0px;text-align: left\"><strong><span style=\"font-family: Calibri;font-size: 16px\">\u25cf Syst\u00e8me de paiement : pi\u00e8ces de monnaie, billets, MDB pour le lecteur de cartes.<\/span><\/strong><\/p>\n<p style=\"margin-bottom: 0px;text-align: left\"><strong><span style=\"font-family: Calibri;font-size: 16px\">\u25cf Le ma\u00efs doit \u00eatre utilis\u00e9 celui qui est d\u00e9j\u00e0 fait avec de la saveur, et la machine peut servir 2 saveurs diff\u00e9rentes pour le ma\u00efs.&nbsp;<\/span><\/strong><strong><span style=\"font-family: Calibri;font-size: 16px\">option : un sucr\u00e9, un sal\u00e9.<\/span><\/strong><\/p>\n<p style=\"margin-bottom: 0px;text-align: left\"><strong><span style=\"font-family: Calibri;font-size: 16px\">\u25cf Le syst\u00e8me \u00e0 distance peut suivre la situation de la vente, le rappel du manque de mat\u00e9riel, le r\u00e9glage des donn\u00e9es internes de la machine,&nbsp;<\/span><\/strong><strong><span style=\"font-family: Calibri;font-size: 16px\">Rappel du d\u00e9faut de la machine.&nbsp;&nbsp;<\/span><\/strong><\/p>\n<p style=\"margin-bottom: 0px;margin-left: 96px;text-align: left\"><span style=\"font-family: Calibri;font-size: 16px\">&nbsp;<\/span><span style=\"font-family: \u5b8b\u4f53;font-size: 16px\">&nbsp; &nbsp; &nbsp; &nbsp; &nbsp; &nbsp;&nbsp;<\/span><\/p>\n<p><span style=\"font-family: \u5b8b\u4f53;font-size: 29px\">Avantage du produit :<\/span><\/p>\n<p><span style=\"font-family: \u5b8b\u4f53;font-size: 16px\">1.<\/span><span style=\"font-family: Calibri;font-size: 16px\">Le chauffage \u00e0 deux couches distribue la chaleur plus uniform\u00e9ment<\/span><\/p>\n<p><img loading=\"lazy\" decoding=\"async\" src=\"https:\/\/www.hommy.com\/wp-content\/uploads\/16431845549200.png\" title=\"\" alt=\"produit-Hommy-img\" width=\"350\" height=\"366\" border=\"0\" vspace=\"0\" style=\"width: 350px;height: 366px\"><\/p>\n<p><span style=\"font-family: \u5b8b\u4f53;font-size: 16px\">2.<\/span><span style=\"font-family: \u5b8b\u4f53;font-size: 16px\">La machine<\/span><span style=\"font-family: Calibri;font-size: 16px\">&nbsp;Vous pouvez utiliser trois types de paiement : billets, pi\u00e8ces de monnaie et \u00e9change de pi\u00e8ces, carte de cr\u00e9dit.<\/span><span style=\"font-family: \u5b8b\u4f53;font-size: 16px\">&nbsp;<\/span><\/p>\n<p><span style=\"font-family: \u5b8b\u4f53;font-size: 16px\"><\/span><span style=\"font-family: \u5b8b\u4f53;font-size: 16px\"><\/span><\/p>\n<p><img loading=\"lazy\" decoding=\"async\" src=\"https:\/\/www.hommy.com\/wp-content\/uploads\/16431846494554.png\" title=\"\" alt=\"product-Hommy-2 flavor Vending Popcorn Machine-img\" width=\"350\" height=\"162\" border=\"0\" vspace=\"0\" style=\"width: 350px;height: 162px\"><\/p>\n<p><span style=\"font-family: \u5b8b\u4f53;font-size: 16px\">3.<\/span><span style=\"font-family: \u5b8b\u4f53;font-size: 16px\">L'int\u00e9rieur de la machine utilise des mat\u00e9riaux r\u00e9sistants aux temp\u00e9ratures \u00e9lev\u00e9es, qui peuvent d\u00e9passer 200 degr\u00e9s. La temp\u00e9rature de fonctionnement du pot de chauffage est normalement comprise entre 90 et 110 degr\u00e9s.<\/span><span style=\"font-family: \u5b8b\u4f53;font-size: 16px\">&nbsp;<\/span><\/p>\n<p><img loading=\"lazy\" decoding=\"async\" src=\"https:\/\/www.hommy.com\/wp-content\/uploads\/16431846822537.jpg\" title=\"\" alt=\"produit-Hommy-img\" width=\"350\" height=\"1440\" border=\"0\" vspace=\"0\" style=\"width: 350px;height: 1440px\"><\/p>\n<p><span style=\"font-family: \u5b8b\u4f53;font-size: 16px\">4.<\/span><span style=\"font-family: Calibri;font-size: 16px\">La machine peut contenir 100 gobelets de 32OZ.<\/span><\/p>\n<p><img loading=\"lazy\" decoding=\"async\" src=\"https:\/\/www.hommy.com\/wp-content\/uploads\/16431847722694.png\" title=\"\" alt=\"product-2 flavour Vending Popcorn Machine-Hommy-img\" width=\"350\" height=\"1080\" border=\"0\" vspace=\"0\" style=\"width: 350px;height: 1080px\"><\/p>\n<p><span style=\"font-family: \u5b8b\u4f53;font-size: 16px\">5.<\/span><span style=\"font-family: Calibri;font-size: 16px\">&nbsp;L'int\u00e9rieur de la machine peut conserver deux saveurs de ma\u00efs au choix de l'acheteur.<\/span><\/p>\n<p><img loading=\"lazy\" decoding=\"async\" src=\"https:\/\/www.hommy.com\/wp-content\/uploads\/16431849207917.png\" title=\"\" alt=\"produit-Hommy-img\" width=\"350\" height=\"1024\" border=\"0\" vspace=\"0\" style=\"width: 350px;height: 1024px\"><\/p>\n<p><img loading=\"lazy\" decoding=\"async\" src=\"https:\/\/www.hommy.com\/wp-content\/uploads\/16431852367811.png\" title=\"\" alt=\"produit-Hommy-img-1\" width=\"350\" height=\"199\" border=\"0\" vspace=\"0\" style=\"width: 350px;height: 199px\"><\/p>\n<h2>Quel est le revenu annuel d'un distributeur de glace ?<\/h2>\n<p style=\"margin-top: 5px;margin-bottom: 5px\">En fonction de la taille et de la conception de la machine, le co\u00fbt annuel d'une seule machine peut varier de $250-$1000. Le co\u00fbt annuel d'exploitation d'une machine est d'environ $300-$400. Le co\u00fbt de la machine et le co\u00fbt d'utilisation de la machine ne repr\u00e9sentent qu'une petite partie du co\u00fbt de possession de la machine. Le co\u00fbt de la machine et le co\u00fbt de son fonctionnement ne repr\u00e9sentent qu'une petite partie du co\u00fbt de possession de la machine.<\/p>\n<p style=\"margin-top: 5px;margin-bottom: 5px\"><\/p>\n<h2>Quel est le co\u00fbt d'un distributeur automatique de produits alimentaires ?<\/h2>\n<p style=\"margin-top: 5px;margin-bottom: 5px\">Pour les sites de vente en gros, le prix est moins important que le co\u00fbt des marchandises. Si vous vendez des pizzas d'une valeur de $10 pour $3, votre b\u00e9n\u00e9fice est de $7. Les distributeurs automatiques de nourriture sont devenus un moyen populaire de vendre de la nourriture lors d'\u00e9v\u00e9nements. Le distributeur automatique est une machine qui vend de la nourriture et des boissons aux personnes qui assistent \u00e0 l'\u00e9v\u00e9nement. Les aliments vendus sont g\u00e9n\u00e9ralement pr\u00e9emball\u00e9s et ne sont servis qu'aux personnes pr\u00e9sentes \u00e0 l'\u00e9v\u00e9nement. Cette m\u00e9thode est tr\u00e8s pratique et permet de gagner du temps. Elle ne vous prendra pas trop de temps ni d'\u00e9nergie.<\/p>\n<p style=\"margin-top: 5px;margin-bottom: 5px\"><\/p>\n<h2>Pouvez-vous avoir une machine \u00e0 soda chez vous ?&nbsp;<\/h2>\n<p style=\"margin-top: 5px;margin-bottom: 5px\">Oui, c'est possible ! Le Soda Maker de Sodastream est une petite machine qui peut transformer votre maison en fontaine \u00e0 soda ! Vous pouvez pr\u00e9parer vos propres sodas, limonades, th\u00e9s glac\u00e9s et autres boissons. La machine peut \u00eatre install\u00e9e sur un comptoir ou un bureau et elle trouvera sa place partout, m\u00eame dans les petits espaces. Si vous \u00eates un amateur de soda ou si vous aimez pouvoir pr\u00e9parer vos propres boissons, c'est un excellent cadeau !<\/p>\n<\/p><\/div>","protected":false},"excerpt":{"rendered":"<p>24 hours vending Popcorn Machine https:\/\/youtu.be\/jkdmDw6KefI Our range of popcorn vending machine is widely demanded by the clients as it is easy to operate and has easy replenishment facilities.The range of popcorn vending machine is also available in different sizes, shapes, designs and styles that can be customized as per your need. Moreover, the prices [&hellip;]<\/p>\n","protected":false},"featured_media":1966,"comment_status":"closed","ping_status":"closed","template":"","meta":{"_swt_meta_header_display":false,"_swt_meta_footer_display":false,"_swt_meta_site_title_display":false,"_swt_meta_sticky_header":false,"_swt_meta_transparent_header":false},"product_brand":[],"product_cat":[79,68],"product_tag":[],"class_list":{"0":"post-624","1":"product","2":"type-product","3":"status-publish","4":"has-post-thumbnail","6":"product_cat-popcorn-vending-machine","7":"product_cat-vending-machine","9":"first","10":"instock","11":"shipping-taxable","12":"product-type-simple"},"_links":{"self":[{"href":"https:\/\/www.hommy.com\/fr\/wp-json\/wp\/v2\/product\/624","targetHints":{"allow":["GET"]}}],"collection":[{"href":"https:\/\/www.hommy.com\/fr\/wp-json\/wp\/v2\/product"}],"about":[{"href":"https:\/\/www.hommy.com\/fr\/wp-json\/wp\/v2\/types\/product"}],"replies":[{"embeddable":true,"href":"https:\/\/www.hommy.com\/fr\/wp-json\/wp\/v2\/comments?post=624"}],"wp:featuredmedia":[{"embeddable":true,"href":"https:\/\/www.hommy.com\/fr\/wp-json\/wp\/v2\/media\/1966"}],"wp:attachment":[{"href":"https:\/\/www.hommy.com\/fr\/wp-json\/wp\/v2\/media?parent=624"}],"wp:term":[{"taxonomy":"product_brand","embeddable":true,"href":"https:\/\/www.hommy.com\/fr\/wp-json\/wp\/v2\/product_brand?post=624"},{"taxonomy":"product_cat","embeddable":true,"href":"https:\/\/www.hommy.com\/fr\/wp-json\/wp\/v2\/product_cat?post=624"},{"taxonomy":"product_tag","embeddable":true,"href":"https:\/\/www.hommy.com\/fr\/wp-json\/wp\/v2\/product_tag?post=624"}],"curies":[{"name":"wp","href":"https:\/\/api.w.org\/{rel}","templated":true}]}}