{"id":616,"date":"2024-07-02T14:42:37","date_gmt":"2024-07-02T14:42:37","guid":{"rendered":"http:\/\/localhost\/hommywp\/electric-popcorn-food-vending-maker-machine-factory\/"},"modified":"2025-08-01T09:57:38","modified_gmt":"2025-08-01T09:57:38","slug":"distributeur-automatique-de-pop-corn-2","status":"publish","type":"product","link":"https:\/\/www.hommy.com\/fr\/p\/distributeur-automatique-de-pop-corn-2\/","title":{"rendered":"Distributeur automatique de pop-corn \u00e9lectrique Factory"},"content":{"rendered":"<div>\n<p style=\"text-align: center\"><strong><span style=\"font-family:\u5b8b\u4f53;font-size:29px\">Automatique <\/span><span style=\"font-family:\u5b8b\u4f53;font-size:29px\">Machine \u00e0 pop-corn<\/span><\/strong><span style=\"font-family:\u5b8b\u4f53;font-size:29px\"> <\/span><\/p>\n<p style=\"text-align: center\"><span style=\"font-family:\u5b8b\u4f53;font-size:29px\">https:\/\/youtu.be\/2y4RBREaus8<\/span><\/p>\n<p><span style=\"font-family:Calibri;font-size:29px\">&nbsp;<\/span><\/p>\n<p>Nous pouvons fournir \u00e0 nos clients des distributeurs automatiques de pop-corn \u00e9lectriques et d'autres distributeurs automatiques de snacks.<\/p>\n<p><\/p>\n<p>Notre distributeur automatique de pop-corn \u00e9lectrique est plus \u00e9conome en \u00e9nergie que les machines traditionnelles. Vous pouvez acheter du pop-corn avec votre carte de cr\u00e9dit dans nos distributeurs automatiques.<\/p>\n<p><span style=\"font-family:Calibri;font-size:29px\"><\/span><\/p>\n<p><span style=\"font-family:\u5b8b\u4f53;font-size:29px\">Sp\u00e9cification du produit :<\/span><\/p>\n<p><span style=\"font-family:\u5b8b\u4f53;font-size:29px\"><img decoding=\"async\" src=\"https:\/\/www.hommy.com\/wp-content\/uploads\/16431836941896.png\" alt=\"produit-Hommy-img\" title=\"\"><\/span><\/p>\n<p><\/p>\n<p style=\"margin-bottom: 0px;text-align: left\"><span style=\"font-family:\u5b8b\u4f53;font-size:29px\">Caract\u00e9ristiques du produit : <\/span><\/p>\n<p style=\"margin-bottom: 0px;text-align: left\"><span style=\"font-family:\u5b8b\u4f53;font-size:16px\">Chaque gobelet a une capacit\u00e9 de 50 ml, ce qui permet de produire environ 1 litre de pop-corn.<\/span><\/p>\n<p style=\"margin-bottom: 0px;text-align: left\"><span style=\"font-family: \u5b8b\u4f53;font-size: 16px\">La machine \u00e0 l'int\u00e9rieur peut stocker 80 sacs en papier.&nbsp; &nbsp; &nbsp; &nbsp; &nbsp; &nbsp;&nbsp;<\/span><\/p>\n<p style=\"margin-bottom: 0px;text-align: left\"><span style=\"font-family: \u5b8b\u4f53;font-size: 16px\">Syst\u00e8me de paiement : pi\u00e8ces et jetons .&nbsp; &nbsp; &nbsp; &nbsp; &nbsp; &nbsp; &nbsp; &nbsp; &nbsp; &nbsp; &nbsp; &nbsp; &nbsp; &nbsp; &nbsp; &nbsp; &nbsp; &nbsp; &nbsp; &nbsp; &nbsp; &nbsp; &nbsp; &nbsp; &nbsp; &nbsp; &nbsp; &nbsp; &nbsp; &nbsp;<\/span><\/p>\n<p style=\"margin-bottom: 0px;text-align: left\"><span style=\"font-family: \u5b8b\u4f53;font-size: 16px\">20L storge popcorn en acier inoxydable et housse ext\u00e9rieure avec une belle photo.<\/span><\/p>\n<p style=\"margin-bottom: 0px;text-align: left\"><span style=\"font-family: \u5b8b\u4f53;font-size: 16px\">La machine est \u00e9quip\u00e9e d'un syst\u00e8me de chauffage et d'un ventilateur. La transformation du ma\u00efs en pop-corn se fait rapidement, en 60 \u00e0 80 secondes seulement.<\/span><\/p>\n<p style=\"margin-bottom: 0px;text-align: left\"><span style=\"font-family: \u5b8b\u4f53;font-size: 16px\">L'int\u00e9rieur de la machine est \u00e9quip\u00e9 d'un syst\u00e8me de contr\u00f4le automatique de la chaleur.<\/span><\/p>\n<p style=\"margin-bottom: 0px;text-align: left\"><span style=\"font-family: \u5b8b\u4f53;font-size: 16px\">Le bol en aluminium transmet bien la chaleur.<\/span><\/p>\n<p style=\"margin-bottom: 0px;text-align: left\"><span style=\"font-family: \u5b8b\u4f53;font-size: 16px\">Le dessus de la machine est \u00e9quip\u00e9 d'un panneau publicitaire \u00e0 diodes \u00e9lectroluminescentes, dont les 10 couleurs peuvent \u00eatre modifi\u00e9es pour vous permettre de l'ajuster.&nbsp;&nbsp;<\/span><\/p>\n<p style=\"margin-bottom: 0px;text-align: left\"><span style=\"font-family:\u5b8b\u4f53;font-size:16px\">\u00c9conomie d'\u00e9nergie .<\/span><\/p>\n<p style=\"margin-bottom: 0px;text-align: left\"><span style=\"font-family: \u5b8b\u4f53;font-size: 16px\">Conception simple et fonctionnement pratique.<\/span><\/p>\n<p style=\"margin-bottom: 0px;margin-left: 96px;text-align: left\"><span style=\"font-family:Calibri;font-size:16px\">&nbsp;<\/span><\/p>\n<p style=\"margin-bottom: 0px;margin-left: 96px;text-align: left\"><span style=\"font-family:\u5b8b\u4f53;font-size:16px\">&nbsp; &nbsp; &nbsp; &nbsp; &nbsp; &nbsp;&nbsp;<\/span><\/p>\n<p style=\"text-align: left\"><span style=\"font-family:\u5b8b\u4f53;font-size:29px\">Avantage du produit :<\/span><\/p>\n<p><span style=\"font-family:\u5b8b\u4f53;font-size:16px\">1.<\/span><span style=\"font-family:\u5b8b\u4f53;font-size:16px\">Panneau publicitaire \u00e0 diodes \u00e9lectroluminescentes (LED), qui a 10 couleurs \u00e0 changer pour que vous puissiez l'ajuster, vous pouvez attirer plus de clients.<\/span><\/p>\n<p><img loading=\"lazy\" decoding=\"async\" src=\"https:\/\/www.hommy.com\/wp-content\/uploads\/16431838332716.jpg\" title=\"\" alt=\"produit-Hommy-img\" width=\"350\" height=\"1920\" border=\"0\" vspace=\"0\" style=\"width: 350px;height: 1920px\"><\/p>\n<p><span style=\"font-family:\u5b8b\u4f53;font-size:16px\">2.<\/span><span style=\"font-family:\u5b8b\u4f53;font-size:16px\">La machine de paiement \u00e0 l'int\u00e9rieur peut accepter des pi\u00e8ces et des jetons, vous pouvez utiliser des jetons pour faire la promotion.&nbsp;<\/span><span style=\"font-family: \u5b8b\u4f53;font-size: 16px\">votre machine .<\/span><\/p>\n<p><img loading=\"lazy\" decoding=\"async\" src=\"https:\/\/www.hommy.com\/wp-content\/uploads\/16431838925853.jpg\" title=\"\" alt=\"product-Hommy-Vending Popcorn Machine-img\" width=\"350\" height=\"960\" border=\"0\" vspace=\"0\" style=\"width: 350px;height: 960px\"><\/p>\n<p><span style=\"font-family:\u5b8b\u4f53;font-size:16px\">3.<\/span><span style=\"font-family:\u5b8b\u4f53;font-size:16px\">L'int\u00e9rieur de la machine utilise des mat\u00e9riaux r\u00e9sistants aux temp\u00e9ratures \u00e9lev\u00e9es, qui peuvent d\u00e9passer 200 degr\u00e9s. La temp\u00e9rature de fonctionnement du pot de chauffage est normalement comprise entre 90 et 110 degr\u00e9s. &nbsp;<\/span><\/p>\n<p><img loading=\"lazy\" decoding=\"async\" src=\"https:\/\/www.hommy.com\/wp-content\/uploads\/16431839165370.jpg\" title=\"\" alt=\"produit-Distributeur automatique de pop-corn-Hommy-img\" width=\"350\" height=\"1440\" border=\"0\" vspace=\"0\" style=\"width: 350px;height: 1440px\"><\/p>\n<p><span style=\"font-family:\u5b8b\u4f53;font-size:16px\">4.<\/span><span style=\"font-family:\u5b8b\u4f53;font-size:16px\">Nous pouvons d\u00e9finir diff\u00e9rentes langues pour la machine afin d'en apprendre le fonctionnement.<\/span><\/p>\n<p><span style=\"font-family:\u5b8b\u4f53;font-size:16px\"><img loading=\"lazy\" decoding=\"async\" src=\"https:\/\/www.hommy.com\/wp-content\/uploads\/16431839561330.png\" title=\"\" alt=\"produit-Hommy-img\" width=\"350\" height=\"313\" border=\"0\" vspace=\"0\" style=\"width: 350px;height: 313px\">&nbsp;&nbsp;<\/span><\/p>\n<p><span style=\"font-family:\u5b8b\u4f53;font-size:16px\">5.<\/span><span style=\"font-family:\u5b8b\u4f53;font-size:16px\">La machine \u00e0 l'int\u00e9rieur a un plus grand stock de popcorn : 20L qui peut produire environ 400pcs de sacs.<\/span><\/p>\n<p><img loading=\"lazy\" decoding=\"async\" src=\"https:\/\/www.hommy.com\/wp-content\/uploads\/16431839881374.jpg\" title=\"\" alt=\"produit-Hommy-img\" width=\"350\" height=\"750\" border=\"0\" vspace=\"0\" style=\"width: 350px;height: 750px\"><\/p>\n<p><span style=\"font-family:\u5b8b\u4f53;font-size:16px\">6.<\/span><span style=\"font-family:\u5b8b\u4f53;font-size:16px\">L'int\u00e9rieur est \u00e9quip\u00e9 d'une plus grande caisse et d'un plus grand sac en papier (environ 80 pi\u00e8ces). <\/span><\/p>\n<p><img loading=\"lazy\" decoding=\"async\" src=\"https:\/\/www.hommy.com\/wp-content\/uploads\/16431840184030.jpg\" title=\"\" alt=\"produit-Hommy-img-1\" width=\"350\" height=\"960\" border=\"0\" vspace=\"0\" style=\"width: 350px;height: 960px\"><\/p>\n<p><span style=\"font-family:\u5b8b\u4f53;font-size:29px\"><br \/><\/span><\/p>\n<h2>Ai-je besoin d'un permis pour vendre des aliments faits maison en Ontario ?<\/h2>\n<p style=\"margin-top: 5px;margin-bottom: 5px\"><\/p>\n<p style=\"margin-top: 5px;margin-bottom: 5px\">Vous vous demandez peut-\u00eatre si vous avez besoin d'un permis ou d'un certificat de pr\u00e9pos\u00e9 \u00e0 la manipulation des aliments pour vendre des aliments faits maison en Ontario. Si vous \u00eates comme moi, vous n'y avez probablement jamais pens\u00e9 auparavant. Cependant, si vous \u00eates un professionnel de la restauration, vous y avez probablement pens\u00e9 plus d'une fois.<\/p>\n<p style=\"margin-top: 5px;margin-bottom: 5px\"><\/p>\n<h2>Le pop-corn est-il une activit\u00e9 rentable ?<\/h2>\n<p style=\"margin-top: 5px;margin-bottom: 5px\"><\/p>\n<p style=\"margin-top: 5px;margin-bottom: 5px\">Le pop-corn est un aliment simple, agr\u00e9able \u00e0 manger et \u00e0 pr\u00e9parer, mais peut-il \u00eatre rentable ? Peut-on gagner de l'argent en vendant du pop-corn ?<\/p>\n<p style=\"margin-top: 5px;margin-bottom: 5px\"><\/p>\n<p style=\"margin-top: 5px;margin-bottom: 5px\">Le pop-corn est l'un des aliments que beaucoup d'entre nous aiment manger. Certains d'entre nous l'appr\u00e9cient en compagnie de leurs amis et de leur famille, d'autres l'appr\u00e9cient seul, et d'autres encore l'appr\u00e9cient en tant qu'en-cas.<\/p>\n<p style=\"margin-top: 5px;margin-bottom: 5px\"><\/p>\n<p style=\"margin-top: 5px;margin-bottom: 5px\"><\/p>\n<p style=\"margin-top: 5px;margin-bottom: 5px\">Cela d\u00e9pend de l'endroit o\u00f9 vous vivez, du prix que vous demandez et de ce que vous gagnez.<\/p>\n<p style=\"margin-top: 5px;margin-bottom: 5px\"><\/p>\n<p style=\"margin-top: 5px;margin-bottom: 5px\">La r\u00e9ponse \u00e9vidente est que vous devez facturer vos services au taux horaire habituel.<\/p>\n<p style=\"margin-top: 5px;margin-bottom: 5px\"><\/p>\n<p style=\"margin-top: 5px;margin-bottom: 5px\">Il s'agit l\u00e0 d'un point de d\u00e9part. Vous pouvez ajuster le taux en fonction du nombre de personnes que vous emmenez au cin\u00e9ma et de la r\u00e9mun\u00e9ration de votre personnel.<\/p>\n<\/p><\/div>","protected":false},"excerpt":{"rendered":"<p>Full Automatic Popcorn Machine https:\/\/youtu.be\/2y4RBREaus8 &nbsp; We can provide electric popcorn vending machine and other snack vending machines to our customers. Our electric popcorn vending machine is more energy efficient than the traditional machines. You can buy popcorn using your credit card at our vending machines. Product specificatio: Product Features: Each cup capacity :50ml that [&hellip;]<\/p>\n","protected":false},"featured_media":1965,"comment_status":"open","ping_status":"open","template":"","meta":{"_swt_meta_header_display":false,"_swt_meta_footer_display":false,"_swt_meta_site_title_display":false,"_swt_meta_sticky_header":false,"_swt_meta_transparent_header":false},"product_brand":[],"product_cat":[79,68],"product_tag":[],"class_list":{"0":"post-616","1":"product","2":"type-product","3":"status-publish","4":"has-post-thumbnail","6":"product_cat-popcorn-vending-machine","7":"product_cat-vending-machine","9":"first","10":"instock","11":"shipping-taxable","12":"product-type-simple"},"_links":{"self":[{"href":"https:\/\/www.hommy.com\/fr\/wp-json\/wp\/v2\/product\/616","targetHints":{"allow":["GET"]}}],"collection":[{"href":"https:\/\/www.hommy.com\/fr\/wp-json\/wp\/v2\/product"}],"about":[{"href":"https:\/\/www.hommy.com\/fr\/wp-json\/wp\/v2\/types\/product"}],"replies":[{"embeddable":true,"href":"https:\/\/www.hommy.com\/fr\/wp-json\/wp\/v2\/comments?post=616"}],"wp:featuredmedia":[{"embeddable":true,"href":"https:\/\/www.hommy.com\/fr\/wp-json\/wp\/v2\/media\/1965"}],"wp:attachment":[{"href":"https:\/\/www.hommy.com\/fr\/wp-json\/wp\/v2\/media?parent=616"}],"wp:term":[{"taxonomy":"product_brand","embeddable":true,"href":"https:\/\/www.hommy.com\/fr\/wp-json\/wp\/v2\/product_brand?post=616"},{"taxonomy":"product_cat","embeddable":true,"href":"https:\/\/www.hommy.com\/fr\/wp-json\/wp\/v2\/product_cat?post=616"},{"taxonomy":"product_tag","embeddable":true,"href":"https:\/\/www.hommy.com\/fr\/wp-json\/wp\/v2\/product_tag?post=616"}],"curies":[{"name":"wp","href":"https:\/\/api.w.org\/{rel}","templated":true}]}}