{"id":608,"date":"2024-07-02T14:42:29","date_gmt":"2024-07-02T14:42:29","guid":{"rendered":"http:\/\/localhost\/hommywp\/commercial-5-flavors-popcorn-vending-machine-manufacturer\/"},"modified":"2025-08-01T09:57:36","modified_gmt":"2025-08-01T09:57:36","slug":"distributeur-automatique-de-pop-corn-5-parfums","status":"publish","type":"product","link":"https:\/\/www.hommy.com\/fr\/p\/distributeur-automatique-de-pop-corn-5-parfums\/","title":{"rendered":"Fabricant de distributeurs automatiques de ma\u00efs souffl\u00e9 \u00e0 5 parfums"},"content":{"rendered":"<div>\n<p style=\"text-align: center\">\n<p><\/p>\n<div>\n<div>\n<p>Le pop-corn est devenu un produit de base dans les cin\u00e9mas du pays. Nos distributeurs automatiques de pop-corn en libre-service permettent aux clients d'acheter du pop-corn sans l'aide d'un caissier ou d'un serveur.<\/p>\n<p>Nous sommes un producteur de distributeur automatique de pop-corn en Chine et notre usine est \u00e9quip\u00e9e des machines les plus avanc\u00e9es de l'industrie. Nous sommes pr\u00e9sents sur le march\u00e9 depuis plus de 20 ans et pratiquons les prix les plus comp\u00e9titifs du secteur. En outre, nous fournissons de nombreuses grandes entreprises de produits alimentaires et de snacks aux \u00c9tats-Unis, au Royaume-Uni, au Canada, en Australie, en Europe, en Asie et en Am\u00e9rique du Sud.<\/p>\n<p>Toutes les machines automatiques sont inspect\u00e9es, test\u00e9es et r\u00e9par\u00e9es avant d'\u00eatre exp\u00e9di\u00e9es. Nous disposons d'une solide \u00e9quipe de recherche et d\u00e9veloppement, qui peut vous aider \u00e0 trouver la meilleure solution pour r\u00e9pondre \u00e0 vos besoins sp\u00e9cifiques.<\/p>\n<p>Il s'agit d'une nouvelle opportunit\u00e9 de cr\u00e9er votre propre entreprise. Il y a de nombreux clients potentiels pr\u00e8s de chez vous. Passez \u00e0 l'action d\u00e8s maintenant ! Contactez-nous pour un devis si vous \u00eates int\u00e9ress\u00e9 par notre produit.<\/p>\n<\/div>\n<\/div>\n<p><span style=\"font-family:\u5b8b\u4f53;font-size:29px\">Sp\u00e9cification du produit :<\/span><\/p>\n<p><span style=\"font-family:\u5b8b\u4f53;font-size:29px\"><img decoding=\"async\" src=\"https:\/\/www.hommy.com\/wp-content\/uploads\/16431864017723.png\" alt=\"produit-Hommy-img\" title=\"\"><\/span><\/p>\n<p><\/p>\n<p style=\"margin-bottom:0;text-align:justify\"><span style=\"font-family:\u5b8b\u4f53;font-size:29px\">Caract\u00e9ristiques du produit\uff1a<\/span><\/p>\n<p style=\"margin-bottom:0;text-align:justify\"><strong><span style=\"font-family: Calibri;font-size: 16px\">\u25cf Le couvercle ext\u00e9rieur est en acier inoxydable et envelopp\u00e9 d'une belle image.<\/span><\/strong><\/p>\n<p style=\"margin-bottom:0;text-align:justify\"><strong><span style=\"font-family: Calibri;font-size: 16px\">\u25cf \u00c9cran de commande et de publicit\u00e9 de 21,5 pouces avec syst\u00e8me andro\u00efde.<\/span><\/strong><\/p>\n<p style=\"margin-bottom:0;text-align:justify\"><strong><span style=\"font-family: Calibri;font-size: 16px\">&nbsp;-Permettre aux gens de choisir les saveurs, la quantit\u00e9 command\u00e9e et le mode de paiement<\/span><\/strong><\/p>\n<p style=\"margin-bottom:0;text-align:justify\"><strong><span style=\"font-family: Calibri;font-size: 16px\">&nbsp; -Permet \u00e0 l'op\u00e9rateur de v\u00e9rifier les donn\u00e9es de la machine, l'historique des ventes, les r\u00e9glages des ventes et de la machine, les erreurs, les alertes de stock insuffisant.<\/span><\/strong><\/p>\n<p style=\"margin-bottom:0;text-align:justify\"><strong><span style=\"font-family: Calibri;font-size: 16px\">\u25cf Les gobelets en papier descendent automatiquement. ( capacit\u00e9 de stockage de 100 gobelets en papier de 32oz \u00e0 l'int\u00e9rieur )<\/span><\/strong><\/p>\n<p style=\"margin-bottom:0;text-align:justify\"><strong><span style=\"font-family: Calibri;font-size: 16px\">\u25cf<\/span><span style=\"font-size: 16px\"><span style=\"font-family:\u5b8b\u4f53\">&nbsp;<\/span><\/span><\/strong><strong><span style=\"font-family: Calibri;font-size: 16px\">L'installation du syst\u00e8me de chauffage et du ventilateur permet de transformer le ma\u00efs en pop-corn et d'ajouter de la saveur rapidement, en 100~120 secondes environ.<\/span><\/strong><\/p>\n<p style=\"margin-bottom:0;text-align:justify\"><strong><span style=\"font-family: Calibri;font-size: 16px\">&nbsp; &nbsp;La temp\u00e9rature de chauffe de la machine peut \u00eatre r\u00e9gl\u00e9e en fonction des diff\u00e9rents types de popcorn.<\/span><\/strong><\/p>\n<p style=\"margin-bottom:0;text-align:justify\"><strong><span style=\"font-family: Calibri;font-size: 16px\">\u25cf qui ont 5 saveurs pour que vous puissiez les choisir, nous utilisons de la sauce avec du popcorn pour m\u00e9langer diff\u00e9rentes saveurs pour vous.<\/span><\/strong><\/p>\n<p style=\"margin-bottom:0;text-align:justify\"><strong><span style=\"font-family: Calibri;font-size: 16px\">\u25cf Conception ing\u00e9nieuse et facilit\u00e9 d'utilisation.<\/span><\/strong><\/p>\n<p style=\"margin-bottom:0;text-align:justify\"><strong><span style=\"font-family: Calibri;font-size: 16px\">\u25cf La cuvette en aluminium est bonne pour la transmission de la chaleur.<\/span><\/strong><\/p>\n<p style=\"margin-bottom:0;text-align:justify\"><strong><span style=\"font-family: Calibri;font-size: 16px\">\u25cf La langue de l'interface de l'\u00e9cran tactile peut \u00eatre personnalis\u00e9e.<\/span><\/strong><\/p>\n<p style=\"margin-bottom:0;text-align:justify\"><strong><span style=\"font-family: Calibri;font-size: 16px\">\u25cf Syst\u00e8me de paiement :  Accepteur de pi\u00e8ces de monnaie, accepteur de billets de banque, monnayeur, interface MDB pour lecteur de cartes.&nbsp; &nbsp;<\/span><\/strong><\/p>\n<p style=\"margin-bottom:0;text-align:justify\"><strong><span style=\"font-family: Calibri;font-size: 16px\">\u25cf Syst\u00e8me de surveillance \u00e0 distance connect\u00e9 par WiFi, l'op\u00e9rateur peut v\u00e9rifier les donn\u00e9es en ligne, rappel de stock faible.<\/span><\/strong><\/p>\n<p style=\"margin-bottom:0;text-align:justify\"><strong><span style=\"font-family: Calibri;font-size: 16px\">&nbsp; &nbsp; &nbsp;et le rappel des dysfonctionnements de la machine peuvent \u00eatre envoy\u00e9s sur le t\u00e9l\u00e9phone portable.&nbsp;&nbsp;<\/span><\/strong><\/p>\n<p style=\"margin-bottom:0;margin-left:96px;text-align:justify\"><span style=\"font-family:Calibri;font-size:16px\">&nbsp;<\/span><span style=\"font-family: \u5b8b\u4f53;font-size: 16px\">&nbsp; &nbsp; &nbsp; &nbsp; &nbsp; &nbsp;<\/span><\/p>\n<p><span style=\"font-family:\u5b8b\u4f53;font-size:29px\">Avantage du produit :<\/span><\/p>\n<p><span style=\"font-family: Calibri;font-size: 16px\">1.&nbsp;<\/span><span style=\"font-family: Calibri;font-size: 16px\">Le chauffage \u00e0 deux couches distribue la chaleur plus uniform\u00e9ment<\/span><\/p>\n<p><img loading=\"lazy\" decoding=\"async\" src=\"https:\/\/www.hommy.com\/wp-content\/uploads\/16431867316937.png\" title=\"\" alt=\"produit-Hommy-img\" width=\"350\" height=\"366\" border=\"0\" vspace=\"0\" style=\"width: 350px;height: 366px\"><\/p>\n<p><span style=\"font-family:\u5b8b\u4f53;font-size:16px\">1.&nbsp;<\/span><span style=\"font-family:\u5b8b\u4f53;font-size:16px\">La machine<\/span><span style=\"font-family:Calibri;font-size:16px\">&nbsp;Vous pouvez utiliser trois types de paiement : billets, pi\u00e8ces de monnaie et \u00e9change de pi\u00e8ces, carte de cr\u00e9dit.<\/span><span style=\"font-family:\u5b8b\u4f53;font-size:16px\">&nbsp;<\/span><\/p>\n<p><img loading=\"lazy\" decoding=\"async\" src=\"https:\/\/www.hommy.com\/wp-content\/uploads\/16431867566200.png\" title=\"\" alt=\"produit-Hommy-img\" width=\"350\" height=\"162\" border=\"0\" vspace=\"0\" style=\"width: 350px;height: 162px\"><\/p>\n<p><span style=\"font-family:\u5b8b\u4f53;font-size:16px\">2.&nbsp;<\/span><span style=\"font-family:\u5b8b\u4f53;font-size:16px\">L'int\u00e9rieur de la machine utilise des mat\u00e9riaux r\u00e9sistants aux temp\u00e9ratures \u00e9lev\u00e9es, qui peuvent d\u00e9passer 200 degr\u00e9s. La temp\u00e9rature de fonctionnement du pot de chauffage est normalement comprise entre 90 et 110 degr\u00e9s. &nbsp;<\/span><\/p>\n<p><img loading=\"lazy\" decoding=\"async\" src=\"https:\/\/www.hommy.com\/wp-content\/uploads\/16431867774526.jpg\" title=\"\" alt=\"produit-Hommy-img\" width=\"350\" height=\"1440\" border=\"0\" vspace=\"0\" style=\"width: 350px;height: 1440px\"><\/p>\n<p><span style=\"font-family:Calibri;font-size:16px\">3.&nbsp;<\/span><span style=\"font-family:Calibri;font-size:16px\">&nbsp;La machine peut contenir 100 gobelets de 32OZ. <\/span><\/p>\n<p><span style=\"font-family:\u5b8b\u4f53;font-size:16px\"><img loading=\"lazy\" decoding=\"async\" src=\"https:\/\/www.hommy.com\/wp-content\/uploads\/16431868692645.png\" title=\"\" alt=\"product-Hommy-5 flavor Vending Popcorn Machine-img\" width=\"350\" height=\"1080\" border=\"0\" vspace=\"0\" style=\"width: 350px;height: 1080px\">&nbsp;&nbsp;<\/span><\/p>\n<p><span style=\"font-family:Calibri;font-size:16px\">4.&nbsp;<\/span><span style=\"font-family:Calibri;font-size:16px\">&nbsp;La machine peut conserver \u00e0 l'int\u00e9rieur 5 saveurs de ma\u00efs au choix de l'acheteur.<\/span><\/p>\n<p><img loading=\"lazy\" decoding=\"async\" src=\"https:\/\/www.hommy.com\/wp-content\/uploads\/16431869912947.png\" title=\"\" alt=\"produit-5 saveurs Distributeur automatique de pop-corn-Hommy-img\" width=\"350\" height=\"1024\" border=\"0\" vspace=\"0\" style=\"width: 350px;height: 1024px\"><\/p>\n<div>\n<div>\n<h2 class=\"otl-heading\" style=\"text-indent: 0em;padding-left: 0em\">Les distributeurs automatiques de pop-corn peuvent-ils \u00eatre install\u00e9s dans des immeubles d'habitation ?<\/h2>\n<p>Oui, c'est possible, mais cela demande beaucoup de planification et de coordination. La chose la plus importante est de s'assurer que le distributeur automatique est plac\u00e9 dans une zone publique du b\u00e2timent (et non derri\u00e8re l'ascenseur ou \u00e0 l'int\u00e9rieur d'un bureau priv\u00e9) afin que les gens puissent l'utiliser facilement. En outre, vous devrez installer un m\u00e9canisme permettant de verrouiller le distributeur lorsqu'il n'est pas utilis\u00e9.<\/p>\n<p><\/p>\n<h2 class=\"otl-heading\" style=\"text-indent: 0em;padding-left: 0em\">Quel type d'huile utilisez-vous pour les machines \u00e0 pop-corn ?<\/h2>\n<p>Il existe diff\u00e9rents types d'huile pour les machines \u00e0 pop-corn, mais la plupart emp\u00eacheront les grains d'\u00e9clater.<\/p>\n<p>- Huile autoclav\u00e9e - recommand\u00e9e pour la plupart des machines.<\/p>\n<p>- Poly\u00e9thyl\u00e8ne glycol - il est g\u00e9n\u00e9ralement utilis\u00e9 sur les anciennes machines manuelles.<\/p>\n<p>- Huile min\u00e9rale - elle est \u00e9galement souvent utilis\u00e9e pour les machines manuelles.<\/p>\n<p>Vous pouvez \u00e9galement utiliser de l'huile d'olive, qui est recommand\u00e9e pour une plus petite quantit\u00e9 de cerneaux.<\/p>\n<p><\/p>\n<h2 class=\"otl-heading\" style=\"text-indent: 0em;padding-left: 0em\">Le pop-corn est-il une activit\u00e9 rentable ?<\/h2>\n<p>Le pop-corn est un en-cas tr\u00e8s populaire, et un nombre croissant de personnes le consid\u00e8rent comme une alternative plus saine aux en-cas traditionnels. Il devient \u00e9galement de plus en plus populaire aupr\u00e8s des cin\u00e9philes, et il est m\u00eame vendu dans certaines \u00e9piceries - c'est donc sans aucun doute une bonne id\u00e9e commerciale.<\/p>\n<p><\/p>\n<h2 class=\"otl-heading\" style=\"text-indent: 0em;padding-left: 0em\">Les complexes d'appartements sont-ils de bons emplacements pour les distributeurs automatiques de pop-corn ?<\/h2>\n<p>La r\u00e9ponse est oui. Si vous souhaitez installer un distributeur automatique de pop-corn dans un complexe d'appartements, vous devez d'abord vous renseigner sur le quartier pour savoir s'il existe des r\u00e9glementations ou des r\u00e8gles concernant les distributeurs automatiques. En outre, vous devrez trouver un emplacement relativement proche de l'entr\u00e9e de l'immeuble et tr\u00e8s fr\u00e9quent\u00e9 par les r\u00e9sidents.<\/p>\n<\/div>\n<\/div>\n<p><\/p>\n<\/p><\/div>","protected":false},"excerpt":{"rendered":"<p>Popcorn has become a staple at movie theaters across the country. Our self-service popcorn vending machines allow customers to purchase popcorn without assistance from a cashier or server. We are a Commercial Popcorn Vending Machine manufacturer in China and our factory is equipped with the most advanced machinery in the industry. We have been in [&hellip;]<\/p>\n","protected":false},"featured_media":1964,"comment_status":"open","ping_status":"open","template":"","meta":{"_swt_meta_header_display":false,"_swt_meta_footer_display":false,"_swt_meta_site_title_display":false,"_swt_meta_sticky_header":false,"_swt_meta_transparent_header":false},"product_brand":[],"product_cat":[79,68],"product_tag":[],"class_list":{"0":"post-608","1":"product","2":"type-product","3":"status-publish","4":"has-post-thumbnail","6":"product_cat-popcorn-vending-machine","7":"product_cat-vending-machine","9":"first","10":"instock","11":"shipping-taxable","12":"product-type-simple"},"_links":{"self":[{"href":"https:\/\/www.hommy.com\/fr\/wp-json\/wp\/v2\/product\/608","targetHints":{"allow":["GET"]}}],"collection":[{"href":"https:\/\/www.hommy.com\/fr\/wp-json\/wp\/v2\/product"}],"about":[{"href":"https:\/\/www.hommy.com\/fr\/wp-json\/wp\/v2\/types\/product"}],"replies":[{"embeddable":true,"href":"https:\/\/www.hommy.com\/fr\/wp-json\/wp\/v2\/comments?post=608"}],"wp:featuredmedia":[{"embeddable":true,"href":"https:\/\/www.hommy.com\/fr\/wp-json\/wp\/v2\/media\/1964"}],"wp:attachment":[{"href":"https:\/\/www.hommy.com\/fr\/wp-json\/wp\/v2\/media?parent=608"}],"wp:term":[{"taxonomy":"product_brand","embeddable":true,"href":"https:\/\/www.hommy.com\/fr\/wp-json\/wp\/v2\/product_brand?post=608"},{"taxonomy":"product_cat","embeddable":true,"href":"https:\/\/www.hommy.com\/fr\/wp-json\/wp\/v2\/product_cat?post=608"},{"taxonomy":"product_tag","embeddable":true,"href":"https:\/\/www.hommy.com\/fr\/wp-json\/wp\/v2\/product_tag?post=608"}],"curies":[{"name":"wp","href":"https:\/\/api.w.org\/{rel}","templated":true}]}}