{"id":601,"date":"2024-07-02T14:15:02","date_gmt":"2024-07-02T14:15:02","guid":{"rendered":"http:\/\/localhost\/hommywp\/commercial-automated-soft-ice-cream-machine-for-sale-hommy-brand\/"},"modified":"2025-08-01T09:57:36","modified_gmt":"2025-08-01T09:57:36","slug":"machine-a-glace-commerciale-hm701","status":"publish","type":"product","link":"https:\/\/www.hommy.com\/fr\/p\/machine-a-glace-commerciale-hm701\/","title":{"rendered":"Machine \u00e0 cr\u00e8me glac\u00e9e commerciale automatis\u00e9e pour la vente Hommy Brand"},"content":{"rendered":"<div>\n<p style=\"text-align: center\"><\/p>\n<h2 style=\"text-align: center\"><span style=\"font-size: 24px;font-family: arial, helvetica, sans-serif\"><strong><span style=\"font-size: 24px;letter-spacing: 0px\"><a name=\"Small ice cream machine\"><\/a>Petite machine \u00e0 glace<\/span><\/strong><\/span><\/h2>\n<p style=\"text-align: center\"><a href=\"#Small ice cream machine\" target=\"_self\" data-lv=\"0\" rel=\"noopener\"><span style=\"letter-spacing: 0px;font-family: arial, helvetica, sans-serif;font-size: 16px\">Petite machine \u00e0 glace<\/span><\/a><span style=\"letter-spacing: 0px;font-family: arial, helvetica, sans-serif;font-size: 16px\">|<a href=\"#PRODUCT FEATURES\" target=\"_self\" data-lv=\"0\" rel=\"noopener\">CARACT\u00c9RISTIQUES DU PRODUIT<\/a>|<a href=\"#Soft Serve Freezer Frozen Yogurt Freezer Pre-cooling\" target=\"_self\" data-lv=\"0\" rel=\"noopener\">Cong\u00e9lateur Soft Serve Cong\u00e9lateur Yogourt congel\u00e9 Pr\u00e9-refroidissement<\/a>|<a href=\"#PRODUCT SPECIFICATION\" target=\"_self\" data-lv=\"0\" rel=\"noopener\">SP\u00c9CIFICATION DU PRODUIT<\/a>|<a href=\"#PRODUCT ADVANTAGE\" target=\"_self\" data-lv=\"0\" rel=\"noopener\">AVANTAGE DU PRODUIT<\/a><\/span><\/p>\n<p style=\"text-align: center\">&nbsp;&nbsp;&nbsp;&nbsp;<\/p>\n<p style=\"text-align: center\">\n<p style=\"text-align: center\">&nbsp; &nbsp;&nbsp;<\/p>\n<p style=\"text-align: left\">Nous sommes \u00e9galement l'un des principaux fabricants et fournisseurs de <a style=\"color:blue\" href=\"\/fr\/\">Machine \u00e0 cr\u00e8me glac\u00e9e<\/a>Nous disposons d'une large gamme de machines \u00e0 cr\u00e8me glac\u00e9e disponibles aux meilleurs prix du march\u00e9. Elles peuvent m\u00eame \u00eatre disponibles \u00e0 la date de livraison de votre choix. Nous connaissons tr\u00e8s bien les sp\u00e9cifications et les exigences de qualit\u00e9 de nos clients et nous nous effor\u00e7ons de r\u00e9pondre \u00e0 chaque crit\u00e8re pour chaque machine.&nbsp;&nbsp; &nbsp; &nbsp; &nbsp; &nbsp; &nbsp; &nbsp; &nbsp;&nbsp;&nbsp; &nbsp; &nbsp;<\/p>\n<h2><span style=\"font-family: arial, helvetica, sans-serif\"><strong><span style=\"font-size: 24px\"><a name=\"PRODUCT FEATURES\"><\/a>CARACT\u00c9RISTIQUES DU PRODUIT<\/span><\/strong><\/span><br \/><\/h2>\n<p><span style=\"font-size: 22px\"><span style=\"font-family: Helvetica;font-size: 16px\"><\/span><\/span><\/p>\n<p style=\"margin-top:0;margin-right:0;margin-bottom:10px;margin-left:0;text-indent:0\"><span style=\"font-family: Helvetica;letter-spacing: 0;font-size: 16px\">Hommy dispose d'une \u00e9quipe professionnelle charg\u00e9e de la conception des produits. Des ing\u00e9nieurs sp\u00e9cialis\u00e9s dans la r\u00e9frig\u00e9ration, les logiciels et les structures garantissent la stabilit\u00e9 et la durabilit\u00e9 de la qualit\u00e9 du produit. En m\u00eame temps, la conception personnalis\u00e9e est ajout\u00e9e pour faciliter le futur service apr\u00e8s-vente. La machine \u00e0 glace Hommy est digne de confiance.<\/span><\/p>\n<p><\/p>\n<div class=\"d-tem01-graphic tem01-graphic mockup\" data-detail=\"wrap\">\n<div class=\"cont-section clearfix d-clearfix\">\n<div class=\"col-md-6 col-sm-6 col-xs-6\">\n<div class=\"right-p\">\n<div class=\"h2 heading\" style=\"text-align: center\"><img decoding=\"async\" src=\"https:\/\/www.hommy.com\/wp-content\/uploads\/16002442948830.jpg\" alt=\"produit-Hommy-img\" title=\"\" style=\"font-size: 14px\"><span style=\"font-size: 14px\">&nbsp; &nbsp; &nbsp; &nbsp; &nbsp; &nbsp; &nbsp;<\/span><\/div>\n<\/div>\n<\/div>\n<div class=\"col-md-6 col-sm-6 col-xs-6\">\n<div class=\"right-p\">\n<div class=\"h2 heading\">\n<div class=\"col-md-6 col-sm-6 col-xs-6\" style=\"width: 820px\">\n<h2 style=\"text-align: left\"><strong><span style=\"font-family: arial, helvetica, sans-serif;font-size: 24px\">&nbsp; &nbsp; &nbsp;<a name=\"Soft Serve Freezer Frozen Yogurt Freezer Pre-cooling\"><\/a>Cong\u00e9lateur pour soft serve Cong\u00e9lateur pour yaourt congel\u00e9<\/span><\/strong><\/h2>\n<\/div>\n<div class=\"col-md-6 col-sm-6 col-xs-6\" style=\"width: 820px\">\n<div class=\"right-p\" style=\"padding: 0px 0px 0px 30px\">\n<div class=\"h2 heading\" style=\"margin: 0px 0px 15px;font-size: 22px\">\n<h2 style=\"text-align: left\"><span style=\"font-size: 24px;font-family: arial, helvetica, sans-serif\"><strong><span style=\"font-size: 24px\">Pr\u00e9-refroidissement, M\u00e9langeur,<\/span><span style=\"font-size: 24px\">&nbsp;<\/span><span style=\"font-size: 24px\">Comptoir, traitement thermique, d\u00e9cong\u00e9lation, d\u00e9sinfection<\/span><\/strong><\/span><\/h2>\n<h2 style=\"text-align: left\"><strong><span style=\"font-family: arial, helvetica, sans-serif;font-size: 24px\">Caract\u00e9ristiques :<\/span><\/strong><\/h2>\n<p style=\"margin-left: 32px;text-align: left\"><span style=\"font-family: Calibri;font-size: 16px\">- Offre de produits : Proposer toutes les variantes populaires de boissons rafra\u00eechissantes, de la cr\u00e8me glac\u00e9e au yaourt glac\u00e9 \u00e0 faible teneur en mati\u00e8re grasse ou sans mati\u00e8re grasse.<\/span><\/p>\n<p style=\"margin-left: 32px;text-align: left\"><span style=\"font-family: Calibri;font-size: 16px\">- Saveur : Servir une seule saveur.<\/span><\/p>\n<p style=\"margin-left: 32px;text-align: left\"><span style=\"font-family: Calibri;font-size: 16px\">- Tr\u00e9mie de m\u00e9lange : Une tr\u00e9mie d'une capacit\u00e9 de 13 litres (13.7quart, 3.43gallons)<\/span><\/p>\n<p style=\"margin-left: 32px;text-align: left\"><span style=\"font-family: Calibri;font-size: 16px\">- Cylindre de cong\u00e9lation : Une capacit\u00e9 de 1,8 litre<\/span><\/p>\n<p style=\"text-align: left\"><span style=\"font-family: Calibri;font-size: 16px\">Contr\u00f4le \u00e9lectronique :<\/span><\/p>\n<p style=\"margin-left: 32px;text-align: left\"><span style=\"font-family: Calibri;font-size: 16px\">- Les temp\u00e9ratures dans les tr\u00e9mies ou les cylindres de cong\u00e9lation peuvent \u00eatre affich\u00e9es \u00e0 tout moment de l'op\u00e9ration.<\/span><\/p>\n<p style=\"margin-left: 32px;text-align: left\"><span style=\"font-family: Calibri;font-size: 16px\">- Fournit le niveau de viscosit\u00e9 requis pour les portions.<\/span><\/p>\n<p style=\"margin-left: 32px;text-align: left\"><span style=\"font-family: Calibri;font-size: 16px\">- Indicateur de niveau de m\u00e9lange et alarme. Lorsque le voyant de fin de m\u00e9lange clignote, la machine s'arr\u00eate automatiquement pour \u00e9viter tout dommage.<\/span><\/p>\n<p style=\"text-align: left\"><span style=\"font-family: Calibri;font-size: 16px\">Mode veille :<\/span><\/p>\n<p style=\"text-align: left\"><span style=\"font-family: Calibri;font-size: 16px\">Pendant les longues p\u00e9riodes d'inutilisation, la fonction de veille maintient des temp\u00e9ratures de produit s\u00fbres dans la tr\u00e9mie de m\u00e9lange et le cylindre de cong\u00e9lation.<\/span><\/p>\n<p style=\"margin-left: 32px;text-align: left\"><span style=\"font-family: Calibri;font-size: 16px\">- Fonction de protection de la pression pour le syst\u00e8me de refroidissement.<\/span><\/p>\n<p style=\"margin-left: 32px;text-align: left\"><span style=\"font-family: Calibri;font-size: 16px\">- La construction durable du couvercle en acier inoxydable en fait un outil de travail moderne et efficace.<\/span><span style=\"font-family: \u5b8b\u4f53;font-size: 16px\">&nbsp;<\/span><span style=\"font-family: Calibri;font-size: 16px\">un aspect ext\u00e9rieur luxueux<\/span><\/p>\n<p style=\"text-align: left\"><span style=\"font-family: Calibri;font-size: 16px\">Fonctions :<\/span><\/p>\n<p style=\"text-align: left\"><span style=\"font-family: Calibri;font-size: 16px\">Le syst\u00e8me de pr\u00e9-refroidissement maintient le m\u00e9lange \u00e0 une temp\u00e9rature inf\u00e9rieure \u00e0 5\u00b0C en mode automatique et en mode veille.<\/span><\/p>\n<p style=\"text-align: left\"><span style=\"font-family: Calibri;font-size: 16px\">Le m\u00e9langeur maintient l'uniformit\u00e9 du m\u00e9lange dans les tr\u00e9mies.<\/span><\/p>\n<p style=\"text-align: left\"><span style=\"font-family: Calibri;font-size: 16px\">Le traitement thermique permet un nettoyage quotidien afin de maintenir le produit conforme aux normes de qualit\u00e9 et de s\u00e9curit\u00e9 jusqu'\u00e0 deux semaines avant le nettoyage complet et le d\u00e9montage.<\/span><\/p>\n<p style=\"text-align: left\"><span style=\"font-family: Calibri;font-size: 16px\">D\u00e9givrage<\/span><\/p>\n<p style=\"margin-left: 32px;text-align: left\"><span style=\"font-family: Calibri;font-size: 16px\">- Le d\u00e9givrage par production fait fondre rapidement le produit dans les deux cylindres et les deux bouteilles.<\/span><span style=\"font-family: \u5b8b\u4f53;font-size: 16px\">&nbsp;<\/span><span style=\"font-family: Calibri;font-size: 16px\">et retourne ensuite en mode de production pour se reproduire.<\/span><\/p>\n<p style=\"margin-left: 32px;text-align: left\"><span style=\"font-family: Calibri;font-size: 16px\">- Le d\u00e9givrage par lavage fait fondre rapidement le produit dans les cylindres qui<\/span><span style=\"font-family: \u5b8b\u4f53;font-size: 16px\">&nbsp;<\/span><span style=\"font-family: Calibri;font-size: 16px\">r\u00e9duit consid\u00e9rablement les restes avant le nettoyage.<\/span><\/p>\n<p style=\"text-align: left\"><span style=\"font-family: Calibri;font-size: 16px\">D\u00e9sinfection<\/span><\/p>\n<p style=\"margin-left: 32px;text-align: left\"><span style=\"font-family: Calibri;font-size: 16px\">- Fonction sp\u00e9ciale qui rend le processus d'assainissement semi-automatique et facile.<\/span><\/p>\n<p style=\"text-align: left\"><span style=\"font-family: Calibri;font-size: 16px\">Il n'est pas n\u00e9cessaire de d\u00e9monter la machine pour nettoyer le bloc de la gorge, le batteur et l'unit\u00e9 d'alimentation.<\/span><span style=\"font-family: \u5b8b\u4f53;font-size: 16px\">&nbsp;<\/span><span style=\"font-family: Calibri;font-size: 16px\">cylindre.<\/span><\/p>\n<p><span style=\"font-family: Calibri;font-size: 16px\"><br \/><\/span><\/div>\n<\/div>\n<\/div>\n<p><span style=\"font-size: 14px\"><\/span><\/div>\n<\/div>\n<p>&nbsp; &nbsp; &nbsp; &nbsp; &nbsp;<\/p><\/div>\n<\/div>\n<\/div>\n<p><span style=\"font-size: 22px\"><\/span><\/p>\n<div class=\"d-tem03-graphic tem03-graphic mockup\" data-detail=\"wrap\">\n<div class=\"cont-section\">\n<h2 style=\"text-align: left\"><strong><span style=\"font-size: 24px;font-family: arial, helvetica, sans-serif\"><a name=\"PRODUCT SPECIFICATION\"><\/a>SP\u00c9CIFICATION DU PRODUIT<\/span><\/strong><\/h2>\n<p style=\"text-align: left\"><span style=\"font-size: 24px\"><\/span><\/p>\n<p style=\"text-align: left\"><span style=\"font-family: Helvetica;letter-spacing: 0px;font-size: 16px\"><\/span><\/p>\n<p style=\"text-align: left\"><span style=\"font-family: Helvetica;letter-spacing: 0;font-size: 16px\">Hommy dispose d'une \u00e9quipe professionnelle charg\u00e9e de la conception des produits. Des ing\u00e9nieurs sp\u00e9cialis\u00e9s dans la r\u00e9frig\u00e9ration, les logiciels et les structures garantissent la stabilit\u00e9 et la durabilit\u00e9 de la qualit\u00e9 du produit. En m\u00eame temps, la conception personnalis\u00e9e est ajout\u00e9e.<\/span><span style=\"font-family: \u5b8b\u4f53;letter-spacing: 0;font-size: 16px\">&nbsp;<\/span><span style=\"font-family: Helvetica;letter-spacing: 0;font-size: 16px\">pour faciliter le futur service apr\u00e8s-vente. La machine \u00e0 glace Hommy est digne de confiance.<\/span><\/p>\n<p style=\"text-align: left\"><span style=\"font-family: Helvetica;letter-spacing: 0px;font-size: 16px\"><\/span><\/p>\n<p style=\"text-align: left\"><span style=\"font-size: 24px\"><\/span><\/p>\n<p><img decoding=\"async\" src=\"https:\/\/www.hommy.com\/wp-content\/uploads\/16001606257392-1.png\" alt=\"produit-Hommy-img\" title=\"\">&nbsp; &nbsp; &nbsp;&nbsp;<\/p>\n<p style=\"text-align: left\"><\/p>\n<p style=\"text-align: left\"><span style=\"font-size: 24px\"><\/span><\/p>\n<p style=\"text-align: left\"><span style=\"font-size: 24px\"><br \/><\/span><\/p>\n<h2 style=\"text-align: left\"><strong><span style=\"font-size: 24px;font-family: arial, helvetica, sans-serif\">AVANTAGE DU PRODUIT<\/span><\/strong><\/h2>\n<p><span style=\"font-size: 24px\"><\/span><\/p>\n<p><span style=\"font-family: Helvetica;letter-spacing: 0px;font-size: 16px\"><\/span><\/p>\n<p style=\"text-align: left\"><span style=\"font-family: Helvetica;letter-spacing: 0px\">Hommy produit des machines \u00e0 glaces depuis 20 ans, les distributeurs automatiques de glaces ajoutent des fonctions de glaces douces, car il n'y a pas de personnel pour assurer le service tout le temps. Nous nous basons sur ce capteur suppl\u00e9mentaire et utilisons un logiciel pour le contr\u00f4ler, ce qui est de bonne qualit\u00e9 et de bonne fonction.<\/span><\/p>\n<p style=\"text-align: left\"><span style=\"font-family: Helvetica;letter-spacing: 0px\"><\/span><\/p>\n<p><span style=\"font-family: Helvetica;letter-spacing: 0px\"><\/span><\/div>\n<\/div>\n<div class=\"d-tem01-graphic tem01-graphic mockup\" data-detail=\"wrap\">\n<div class=\"cont-section clearfix d-clearfix\">\n<div class=\"col-md-6 col-sm-6 col-xs-6\">\n<div class=\"right-p\">\n<div class=\"h2 heading\"><span style=\"letter-spacing: 0px;font-family: Helvetica;font-weight: bold;font-size: 18px\">1.&nbsp;<\/span><strong style=\"font-family: inherit;font-size: 22px\"><span style=\"font-family: Helvetica;letter-spacing: 0px;font-size: 18px\">Tube d'expansion<\/span><\/strong><\/div>\n<p><span style=\"font-family: \u5b8b\u4f53;font-size: 16px\">La fonction du tube d'expansion est de souffler de l'air dans le cylindre et de le m\u00e9langer \u00e0 la cr\u00e8me glac\u00e9e pour augmenter le taux d'expansion de la cr\u00e8me glac\u00e9e, ce qui la rend plus moelleuse et plus d\u00e9licieuse lorsque vous la mangez. Le taux d'expansion du tube d'expansion est de 30%-45%, et il comporte trois trous diff\u00e9rents permettant aux clients de r\u00e9gler la quantit\u00e9 d'entr\u00e9e d'air, ce qui est pratique \u00e0 nettoyer et simple \u00e0 utiliser.<\/span><\/p>\n<p><span style=\"font-family: \u5b8b\u4f53;font-size: 16px\"><br \/><\/span><\/p>\n<p><span style=\"font-family: \u5b8b\u4f53;font-size: 16px\"><br \/><\/span><\/p>\n<\/div>\n<div class=\"graphic_pic animated wow bounceIn\" data-wow-delay=\".7s\">\n<p style=\"text-align:center\"><img decoding=\"async\" src=\"https:\/\/www.hommy.com\/wp-content\/uploads\/16002438458170.jpg\" alt=\"produit-Hommy-img\" title=\"\"><\/p>\n<\/div>\n<\/div>\n<div class=\"col-md-6 col-sm-6 col-xs-6\">\n<div class=\"right-p\">\n<div class=\"h2 heading\"><span style=\"font-size: 22px\">2.Laisser le capteur<\/span><\/div>\n<p><span style=\"letter-spacing: 0px;font-family: \u5b8b\u4f53;font-size: 16px\">Si vous vendez des glaces la nuit, le syst\u00e8me se r\u00e8gle automatiquement Pasteurisation : Peut tuer les bact\u00e9ries qui se produisent \u00e0 l'int\u00e9rieur de la machine de -5\u2103 \u2192 65\u2103\u2192 -5\u2103processus (d\u00e9sinfecter le cylindre de chargement et la mati\u00e8re premi\u00e8re \u00e0 l'int\u00e9rieur, puis r\u00e9frig\u00e9rer \u00e0 l'\u00e9tat de r\u00e9servation). Ainsi, vous pouvez garder la machine chaque 14 jours une fois.<\/span><span style=\"letter-spacing: 0px;font-family: \u5b8b\u4f53\">&nbsp;<\/span><\/p>\n<p><span style=\"letter-spacing: 0px;font-family: \u5b8b\u4f53\"><br \/><\/span><\/p>\n<p><span style=\"letter-spacing: 0px;font-family: \u5b8b\u4f53\"><br \/><\/span><\/p>\n<p><\/p>\n<\/div>\n<div class=\"graphic_pic animated wow bounceIn\" data-wow-delay=\".7s\">\n<p style=\"text-align:center\"><img decoding=\"async\" src=\"https:\/\/www.hommy.com\/wp-content\/uploads\/16002438718897.jpg\" alt=\"produit-HM701 machine \u00e0 glace commerciale-Hommy-img\" title=\"\"><\/p>\n<\/div>\n<\/div>\n<\/div>\n<\/div>\n<div class=\"d-tem01-graphic tem01-graphic mockup\" data-detail=\"wrap\">\n<div class=\"cont-section clearfix d-clearfix\">\n<div class=\"col-md-6 col-sm-6 col-xs-6\">\n<div class=\"right-p\">\n<div class=\"h2 heading\"><span style=\"font-size: 22px\">3. pasteurisation<\/span><\/div>\n<p><span style=\"letter-spacing: 0px;font-family: \u5b8b\u4f53;font-size: 16px\">Si vous vendez des glaces la nuit, le syst\u00e8me se r\u00e8gle automatiquement Pasteurisation : Peut tuer les bact\u00e9ries qui se produisent \u00e0 l'int\u00e9rieur de la machine de -5\u2103 \u2192 65\u2103\u2192 -5\u2103processus (d\u00e9sinfecter le cylindre de chargement et la mati\u00e8re premi\u00e8re \u00e0 l'int\u00e9rieur, puis r\u00e9frig\u00e9rer \u00e0 l'\u00e9tat de r\u00e9servation). Ainsi, vous pouvez garder la machine chaque 14 jours une fois.<\/span><span style=\"letter-spacing: 0px;font-family: \u5b8b\u4f53\">&nbsp;<\/span><\/p>\n<p><span style=\"letter-spacing: 0px;font-family: \u5b8b\u4f53\"><br \/><\/span><\/p>\n<p><span style=\"letter-spacing: 0px;font-family: \u5b8b\u4f53\">&nbsp;<\/span><\/p>\n<\/div>\n<div class=\"graphic_pic animated wow bounceIn\" data-wow-delay=\".7s\">\n<p style=\"text-align:center\"><img decoding=\"async\" src=\"https:\/\/www.hommy.com\/wp-content\/uploads\/16002438931389.jpg\" alt=\"produit-Hommy-HM701 machine \u00e0 glace commerciale-img\" title=\"\"><\/p>\n<\/div>\n<\/div>\n<div class=\"col-md-6 col-sm-6 col-xs-6\">\n<div class=\"right-p\">\n<div class=\"h2 heading\"><span style=\"font-size: 22px\">4.Contr\u00f4leur<\/span><\/div>\n<p><span style=\"letter-spacing: 0px;font-family: \u5b8b\u4f53;font-size: 16px\">Le panneau de commande indique clairement les fonctions internes de la machine. En m\u00eame temps, la machine rappelle \u00e9galement la fonction de nettoyage, ajoutant des fonctions plus humanis\u00e9es, nous sommes \u00e9galement invit\u00e9s \u00e0 faire des OEM.<\/span>&nbsp;&nbsp;<\/p>\n<p><\/p>\n<p><\/p>\n<\/div>\n<div class=\"graphic_pic animated wow bounceIn\" data-wow-delay=\".7s\">\n<p style=\"text-align:center\"><img decoding=\"async\" src=\"https:\/\/www.hommy.com\/wp-content\/uploads\/16002439163396.jpg\" alt=\"produit-Hommy-img\" title=\"\"><\/p>\n<\/div>\n<\/div>\n<\/div>\n<\/div>\n<div class=\"d-tem01-graphic tem01-graphic mockup\" data-detail=\"wrap\">\n<div class=\"cont-section clearfix d-clearfix\">\n<div class=\"col-md-6 col-sm-6 col-xs-6\">\n<div class=\"right-p\">\n<p><span style=\"font-size: 22px\">5. m\u00e9langeur dans la tr\u00e9mie<\/span><\/p>\n<p><span style=\"font-family: \u5b8b\u4f53;font-size: 16px\">M\u00e9lange uniforme. Le m\u00e9langeur \u00e0 grande vitesse dans la tr\u00e9mie maintient le mat\u00e9riau en mouvement dans la tr\u00e9mie en cas de gla\u00e7age. La cr\u00e8me glac\u00e9e sera plus lisse apr\u00e8s avoir \u00e9t\u00e9 compl\u00e8tement m\u00e9lang\u00e9e \u00e0 l'air.<\/span><\/p>\n<p><span style=\"font-family: \u5b8b\u4f53;font-size: 16px\"><br \/><\/span><\/p>\n<p><span style=\"font-family: \u5b8b\u4f53;font-size: 16px\"><br \/><\/span><\/p>\n<p><span style=\"font-family: \u5b8b\u4f53;font-size: 16px\"><br \/><\/span><\/p>\n<\/div>\n<div class=\"graphic_pic animated wow bounceIn\" data-wow-delay=\".7s\">\n<p style=\"text-align:center\"><img decoding=\"async\" src=\"https:\/\/www.hommy.com\/wp-content\/uploads\/16002439503054.jpg\" alt=\"produit-Hommy-img-1\" title=\"\"><\/p>\n<\/div>\n<\/div>\n<div class=\"col-md-6 col-sm-6 col-xs-6\">\n<div class=\"right-p\">\n<p><span style=\"font-size: 22px\">6. accessoires optionnels \u00e9chappement<\/span><\/p>\n<p><span style=\"font-family: \u5b8b\u4f53;font-size: 16px\">Installer correctement la machine \u00e0 glace. La distance entre l'orifice d'\u00e9vacuation derri\u00e8re la machine et le mur est de 1 m\u00e8tre pour la ventilation, mais en fait, il est impossible d'obtenir cette situation dans notre entrep\u00f4t. Hommy a con\u00e7u un nouveau conduit d'\u00e9vacuation pour un usage quotidien afin d'\u00e9vacuer l'air chaud. En haut, il peut satisfaire plus d'endroits sans occuper d'espace.<\/span><\/p>\n<p><span style=\"font-family: \u5b8b\u4f53;font-size: 16px\"><br \/><\/span><\/p>\n<p><span style=\"font-family: \u5b8b\u4f53;font-size: 16px\"><br \/><\/span><\/p>\n<\/div>\n<div class=\"graphic_pic animated wow bounceIn\" data-wow-delay=\".7s\">\n<p style=\"text-align:center\"><img decoding=\"async\" src=\"https:\/\/www.hommy.com\/wp-content\/uploads\/16002439846203.jpg\" alt=\"produit-Hommy-img-1\" title=\"\"><\/p>\n<\/div>\n<\/div>\n<\/div>\n<\/div>\n<p><span style=\"font-family: \u5b8b\u4f53;letter-spacing: 0px;font-size: 16px\"><\/span><\/p>\n<p>Document\uff1a<img decoding=\"async\" src=\"https:\/\/www.hommy.com\/wp-content\/uploads\/icon_pdf-30.gif\" style=\"margin-right: 2px\" alt=\"produit-Hommy-img-1\" title=\"\"><a href=\"https:\/\/img80002414.weyesimg.com\/uploads\/www.hommy.com\/addon\/16028097954416.pdf\" title=\"16028097954416.pdf\" style=\"font-size: 12px\">16028097954416.pdf<\/a><\/p>\n<h2>La glace molle est-elle de la vraie glace ?<\/h2>\n<p style=\"margin-top: 5px;margin-bottom: 5px\">La cr\u00e8me glac\u00e9e molle fait r\u00e9f\u00e9rence \u00e0 la texture molle d'une cr\u00e8me glac\u00e9e. Sa texture est diff\u00e9rente de celle de la vraie glace et de celle des produits laitiers congel\u00e9s. Dans cet article, nous verrons si la glace molle est une vraie glace.<\/p>\n<p style=\"margin-top: 5px;margin-bottom: 5px\"><\/p>\n<h2>Qu'est-ce que <a style=\"color:blue\" href=\"https:\/\/www.hommy.com\/fr\/machine-a-glace-molle\/\">machine \u00e0 glace soft serve<\/a>?<\/h2>\n<p style=\"margin-top: 5px;margin-bottom: 5px\">La machine \u00e0 glace soft serve est la deuxi\u00e8me g\u00e9n\u00e9ration de machines \u00e0 glace, la premi\u00e8re \u00e9tant la machine \u00e0 glace soft et la machine \u00e0 glace dure, qui appartiennent toutes deux \u00e0 la m\u00eame cat\u00e9gorie de machines \u00e0 glace. <a style=\"color:blue\" href=\"https:\/\/www.hommy.com\/fr\/machine-a-glace-molle\/\">Machine \u00e0 glace molle<\/a> La machine \u00e0 glace \u00e0 service doux peut m\u00e9langer, baratter, congeler et servir de la glace en quelques minutes sans aucun travail. Elle est largement utilis\u00e9e dans les restaurants, les cha\u00eenes de restauration rapide, les caf\u00e9s et autres lieux \u00e0 forte demande.<\/p>\n<p style=\"margin-top: 5px;margin-bottom: 5px\"><\/p>\n<h2>Comment fait-on de la glace molle ?\"<\/h2>\n<p style=\"margin-top: 5px;margin-bottom: 5px\">\"Mmmm. La meilleure fa\u00e7on de faire de la glace molle est d'utiliser un agent adoucissant. Le plus courant est le glyc\u00e9rol, mais il existe d'autres agents adoucissants tels que le sorbitol et le sirop de sorbitol. Le glyc\u00e9rol est ajout\u00e9 \u00e0 la cr\u00e8me glac\u00e9e lors de sa fabrication, et le sorbitol est ajout\u00e9 \u00e0 la cr\u00e8me glac\u00e9e lors de son stockage.\"<\/p>\n<\/div><\/div>","protected":false},"excerpt":{"rendered":"<p>Small ice cream machine Small ice cream machine|PRODUCT FEATURES|Soft Serve Freezer Frozen Yogurt Freezer Pre-cooling|PRODUCT SPECIFICATION|PRODUCT ADVANTAGE &nbsp;&nbsp;&nbsp;&nbsp; &nbsp; &nbsp;&nbsp; We are also one of the leading manufacturers and suppliers of Ice Cream Machines.We have a wide range of Ice Cream Machines that are available at market leading prices. They can even be availalbe as [&hellip;]<\/p>\n","protected":false},"featured_media":592,"comment_status":"open","ping_status":"open","template":"","meta":{"_swt_meta_header_display":false,"_swt_meta_footer_display":false,"_swt_meta_site_title_display":false,"_swt_meta_sticky_header":false,"_swt_meta_transparent_header":false},"product_brand":[],"product_cat":[77,78],"product_tag":[],"class_list":{"0":"post-601","1":"product","2":"type-product","3":"status-publish","4":"has-post-thumbnail","6":"product_cat-ice-cream-machine","7":"product_cat-soft-ice-cream-machine","9":"first","10":"instock","11":"shipping-taxable","12":"product-type-simple"},"_links":{"self":[{"href":"https:\/\/www.hommy.com\/fr\/wp-json\/wp\/v2\/product\/601","targetHints":{"allow":["GET"]}}],"collection":[{"href":"https:\/\/www.hommy.com\/fr\/wp-json\/wp\/v2\/product"}],"about":[{"href":"https:\/\/www.hommy.com\/fr\/wp-json\/wp\/v2\/types\/product"}],"replies":[{"embeddable":true,"href":"https:\/\/www.hommy.com\/fr\/wp-json\/wp\/v2\/comments?post=601"}],"wp:featuredmedia":[{"embeddable":true,"href":"https:\/\/www.hommy.com\/fr\/wp-json\/wp\/v2\/media\/592"}],"wp:attachment":[{"href":"https:\/\/www.hommy.com\/fr\/wp-json\/wp\/v2\/media?parent=601"}],"wp:term":[{"taxonomy":"product_brand","embeddable":true,"href":"https:\/\/www.hommy.com\/fr\/wp-json\/wp\/v2\/product_brand?post=601"},{"taxonomy":"product_cat","embeddable":true,"href":"https:\/\/www.hommy.com\/fr\/wp-json\/wp\/v2\/product_cat?post=601"},{"taxonomy":"product_tag","embeddable":true,"href":"https:\/\/www.hommy.com\/fr\/wp-json\/wp\/v2\/product_tag?post=601"}],"curies":[{"name":"wp","href":"https:\/\/api.w.org\/{rel}","templated":true}]}}