{"id":570,"date":"2024-07-02T14:14:45","date_gmt":"2024-07-02T14:14:45","guid":{"rendered":"http:\/\/localhost\/hommywp\/industrial-21-falvors-soft-serve-ice-cream-machine-manufacturer\/"},"modified":"2025-08-01T09:57:36","modified_gmt":"2025-08-01T09:57:36","slug":"2-1-falvor-soft-serve-freezer-soft-ice-cream-machine","status":"publish","type":"product","link":"https:\/\/www.hommy.com\/fr\/p\/2-1-falvor-soft-serve-freezer-soft-ice-cream-machine\/","title":{"rendered":"Machine \u00e0 cr\u00e8me glac\u00e9e industrielle 2+1 Falvors Soft Serve Fabrication"},"content":{"rendered":"<div>\n<p>&nbsp;<\/p>\n<h2 style=\"text-align: center\"><span style=\"font-family: arial, helvetica, sans-serif;font-size: 24px\"><strong><span style=\"font-family: arial, helvetica, sans-serif\"><a name=\"2 flavour + 1mix soft ice cream machine\"><\/a>Machine \u00e0 glace molle 2 parfums + 1mix<\/span><\/strong><\/span><strong><span style=\"font-size: 20px\">&nbsp;<\/span><\/strong><\/h2>\n<p style=\"text-align: center\"><a href=\"#2 flavour + 1mix soft ice cream machine\" target=\"_self\" data-lv=\"0\" rel=\"noopener\"><span style=\"font-family: arial, helvetica, sans-serif;font-size: 16px\">Machine \u00e0 glace molle 2 parfums + 1mix<\/span><\/a><span style=\"font-family: arial, helvetica, sans-serif;font-size: 16px\">|<a href=\"#Product Features\" target=\"_self\" data-lv=\"0\" rel=\"noopener\">Caract\u00e9ristiques du produit<\/a>|<a href=\"#Touch screen control\" target=\"_self\" data-lv=\"0\" rel=\"noopener\">Commande par \u00e9cran tactile<\/a>|<a href=\"#Functions|PRODUCT ADVANTAGE\" target=\"_self\" data-lv=\"0\" rel=\"noopener\">Fonctions|Avantage du produit<\/a>|<a href=\"#2+1 falvor Soft Serve Freezer\" target=\"_self\" data-lv=\"0\" rel=\"noopener\">Cong\u00e9lateur 2+1 falvor Soft Serve<\/a><\/span><strong><span style=\"font-size: 20px\"><br \/><\/span><\/strong><\/p>\n<p><strong><span style=\"font-size: 20px\"><br \/><\/span><\/strong><\/p>\n<p style=\"text-align: center\">&nbsp;<iframe loading=\"lazy\" title=\"Machine \u00e0 glace Hommy Soft HM726 \u00e0 MacDonald\" width=\"500\" height=\"281\" src=\"https:\/\/www.youtube.com\/embed\/mT-z8S6VBG0?feature=oembed\" frameborder=\"0\" allow=\"accelerometer; autoplay; clipboard-write; encrypted-media; gyroscope; picture-in-picture; web-share\" referrerpolicy=\"strict-origin-when-cross-origin\" allowfullscreen><\/iframe><\/p>\n<p>Ces machines sont largement utilis\u00e9es pour la production de glace \u00e0 l'italienne. Les <a style=\"color:blue\" href=\"https:\/\/www.hommy.com\/fr\/machine-a-glace-molle\/\">machine \u00e0 glace soft serve<\/a> Elle est \u00e9galement utilis\u00e9e pour la fabrication de cr\u00e8me glac\u00e9e dans divers types de restaurants et de caf\u00e9s. Notre machine est d\u00e9velopp\u00e9e par nos ing\u00e9nieurs exp\u00e9riment\u00e9s en conformit\u00e9 avec les standards internationaux et les normes de qualit\u00e9.<\/p>\n<h2><span style=\"font-family: arial, helvetica, sans-serif\"><strong><span style=\"font-size: 24px\"><a name=\"Product Features\"><\/a>Caract\u00e9ristiques du produit<\/span><\/strong><\/span><strong><span style=\"font-size: 24px\">&nbsp;<\/span><\/strong><\/h2>\n<p><span style=\"font-size: 16px\">Hommy dispose d'une \u00e9quipe professionnelle charg\u00e9e de la conception des produits. Des ing\u00e9nieurs sp\u00e9cialis\u00e9s dans la r\u00e9frig\u00e9ration, les logiciels et les structures garantissent la stabilit\u00e9 et la durabilit\u00e9 de la qualit\u00e9 du produit. En m\u00eame temps, la conception personnalis\u00e9e est ajout\u00e9e pour faciliter le futur service apr\u00e8s-vente. Hommy <a style=\"color:blue\" href=\"\/fr\/\">machine \u00e0 glace<\/a> est digne de confiance.<\/span><\/p>\n<div class=\"d-tem11-graphic tem11-graphic mockup\" data-detail=\"wrap\">\n<div class=\"tab_row\">\n<div class=\"img\" style=\"width: 50%\"><img decoding=\"async\" title=\"\" alt=\"produit-Hommy-img\" src=\"https:\/\/www.hommy.com\/wp-content\/uploads\/15553936786104.jpg\"><\/div>\n<div class=\"text_box\" style=\"width: 50%\">\n<div class=\"txt\">\n<p>&nbsp;<\/p>\n<h2><strong><span style=\"font-family: arial, helvetica, sans-serif;font-size: 24px\"><a name=\"Touch screen control\"><\/a>Commande par \u00e9cran tactile<\/span><\/strong><\/h2>\n<p>&nbsp;<\/p>\n<p style=\"line-height: 2em\">Le syst\u00e8me de contr\u00f4le tactile \u00e0 microprocesseur est int\u00e9gr\u00e9 dans un panneau en verre tremp\u00e9 durable.<br \/>Les temp\u00e9ratures dans les tr\u00e9mies ou les cylindres de cong\u00e9lation peuvent \u00eatre affich\u00e9es \u00e0 tout moment de l'op\u00e9ration.<br \/>Fournit le niveau de viscosit\u00e9 requis pour les portions.<br \/>Indicateur de niveau de m\u00e9lange et alarme. Lorsque le voyant de fin de m\u00e9lange clignote, la machine s'arr\u00eate automatiquement pour \u00e9viter tout dommage.<br \/>La pompe \u00e0 air envoie le m\u00e9lange avec une certaine quantit\u00e9 d'air dans les cylindres de cong\u00e9lation.<br \/>Mode veille : Pendant les longues p\u00e9riodes d'inutilisation, la fonction de veille permet de maintenir des temp\u00e9ratures de produit s\u00fbres dans la tr\u00e9mie de m\u00e9lange et le cylindre de cong\u00e9lation.<br \/>Fonction de protection de la pression pour le syst\u00e8me de refroidissement.<br \/>La construction durable avec un couvercle en acier inoxydable donne un aspect ext\u00e9rieur moderne et luxueux.<br \/><span style=\"font-size: 18px\"><strong><br \/><\/strong><\/span><\/p>\n<p style=\"line-height: 2em\"><span style=\"font-family: arial, helvetica, sans-serif;font-size: 24px\"><strong><a name=\"Functions: \"><\/a>Fonctions : <\/strong><\/span><br \/><span style=\"font-family: arial, helvetica, sans-serif;font-size: 16px\">Le syst\u00e8me de pr\u00e9-refroidissement maintient le m\u00e9lange \u00e0 une temp\u00e9rature inf\u00e9rieure \u00e0 5\u00b0C en mode automatique et en mode veille. La pompe \u00e0 air envoie le m\u00e9lange avec une certaine quantit\u00e9 d'air dans les cylindres de cong\u00e9lation. <br \/>Le m\u00e9langeur maintient l'uniformit\u00e9 du m\u00e9lange dans les tr\u00e9mies. *Le compteur permet \u00e0 l'op\u00e9rateur de visualiser le nombre de portions distribu\u00e9es.<br \/>Bruit ultra-silencieux de 50 \u00e0 55 d\u00e9cibels.<\/span> <\/p>\n<p style=\"line-height: 1.75em\">&nbsp;<\/p>\n<\/div>\n<\/div>\n<\/div>\n<\/div>\n<div class=\"text-left d-tem09-title d-interval\" data-detail=\"wrap\">\n<div class=\"title-header\">\n<h2><strong><span style=\"font-size: 24px;font-family: arial, helvetica, sans-serif\"><a name=\"PRODUCT ADVANTAGE\"><\/a>AVANTAGE DU PRODUIT<\/span><\/strong><\/h2>\n<div class=\"subtitle\"><span>En outre, des ing\u00e9nieurs hautement qualifi\u00e9s, des technologues comp\u00e9tents et un personnel bien inform\u00e9 contribuent largement au d\u00e9veloppement de l'entreprise.<\/span><\/div>\n<\/div>\n<\/div>\n<p><\/p>\n<p style=\"text-align:center\"><img decoding=\"async\" src=\"https:\/\/www.hommy.com\/wp-content\/uploads\/15553937579612.jpg\" alt=\"product-2+1 Flavors Soft Serve Machine-Hommy-img\" title=\"\"><\/p>\n<p><\/p>\n<div class=\"d-tem04-promotion d-tem01-promotion mockup\" data-detail=\"wrap\">\n<div class=\"cont-section\">\n<div class=\"main\">\n<div class=\"header text-center\">\n<h2><strong><span style=\"font-family: arial, helvetica, sans-serif;font-size: 24px\"><a name=\"2+1 falvor Soft Serve Freezer\"><\/a>Cong\u00e9lateur 2+1 falvor Soft Serve<\/span><\/strong><\/h2>\n<div class=\"subtitle\" style=\"text-align: left\">\n<p><\/p>\n<p style=\"line-height: 2em\"><strong><span><\/span><\/strong>Pompe \u00e0 air : d\u00e9passement r\u00e9glable de 20% \u00e0 80%, r\u00e9duit la production de cristaux de glace, rend le yaourt glac\u00e9 (cr\u00e8me glac\u00e9e) lisse et blanc ; r\u00e9duit l'utilisation de mati\u00e8res premi\u00e8res, augmente les profits.<\/p>\n<p style=\"line-height: 2em\"><strong><span><\/span><\/strong>La machine est \u00e9quip\u00e9e de deux syst\u00e8mes de contr\u00f4le ind\u00e9pendants. Vous pouvez utiliser une seule machine pour fabriquer deux types de produits : la glace \u00e0 l'italienne et le yaourt glac\u00e9.<\/p>\n<p style=\"line-height: 2em\"><strong><span><\/span><\/strong>La machine utilise un compresseur fabriqu\u00e9 en France et une soupape d'expansion fabriqu\u00e9e en Italie.<\/p>\n<p style=\"line-height: 2em\"><strong><span><\/span><\/strong>L'encensoir de sortie est dot\u00e9 d'une deuxi\u00e8me phase, la premi\u00e8re phase d'alarme de niveau de mat\u00e9riau manquant, la deuxi\u00e8me phase d'arr\u00eat automatique.<\/p>\n<\/div>\n<\/div>\n<\/div>\n<\/div>\n<\/div>\n<p>&nbsp;Document\uff1a<img decoding=\"async\" src=\"https:\/\/www.hommy.com\/wp-content\/uploads\/icon_pdf-27.gif\" style=\"margin-right: 2px\" alt=\"product-2+1 Flavors Soft Serve Freezersoft ice cream machine-Hommy-img\" title=\"\"><a href=\"https:\/\/img80002414.weyesimg.com\/uploads\/www.hommy.com\/addon\/16028102773329.pdf\" title=\"16028102773329.pdf\" style=\"font-size: 12px\">16028102773329.pdf<\/a><\/p>\n<h2>Quelle est la diff\u00e9rence entre la glace dure et la glace molle ?<\/h2>\n<p style=\"margin-top: 5px;margin-bottom: 5px\">Si vous aimez les glaces, vous avez probablement entendu parler de la glace dure et de la glace molle. La glace dure et la glace molle ont \u00e9t\u00e9 invent\u00e9es aux \u00c9tats-Unis dans les ann\u00e9es 1950 et 1960, et le d\u00e9bat fait rage pour savoir s'il s'agit de deux types de glace diff\u00e9rents ou du m\u00eame type de glace. Mais nous pouvons confirmer que la glace dure et la glace molle sont deux types de la m\u00eame chose : la cr\u00e8me glac\u00e9e.<\/p>\n<p style=\"margin-top: 5px;margin-bottom: 5px\"><\/p>\n<h2>La glace molle peut-elle \u00eatre recongel\u00e9e ?<\/h2>\n<p style=\"margin-top: 5px;margin-bottom: 5px\">L'un de mes parfums pr\u00e9f\u00e9r\u00e9s pour l'\u00e9t\u00e9 est la \"glace molle\". C'est ce que j'appelle ma \"glace d'\u00e9t\u00e9\", car elle est l\u00e9g\u00e8re, cr\u00e9meuse et riche et a un bon go\u00fbt sucr\u00e9 et cr\u00e9meux. Le seul probl\u00e8me est qu'elle est tr\u00e8s difficile \u00e0 conserver au cong\u00e9lateur. Je la pr\u00e9pare en faisant cuire les produits laitiers, en les refroidissant et en les fouettant pour obtenir cette texture de cr\u00e8me glac\u00e9e moelleuse.<\/p>\n<p style=\"margin-top: 5px;margin-bottom: 5px\"><\/p>\n<h2>Pourquoi McDonald's s'est-il d\u00e9barrass\u00e9 du sundae \u00e0 la fraise ?<\/h2>\n<p style=\"margin-top: 5px;margin-bottom: 5px\">Le vice-pr\u00e9sident du marketing de la soci\u00e9t\u00e9, Michael Girelli, a d\u00e9clar\u00e9 \u00e0 USA Today que la d\u00e9cision avait \u00e9t\u00e9 prise apr\u00e8s que les clients de McDonald's eurent clairement fait savoir qu'ils ne voulaient plus de la saveur fraise dans leurs sundaes.<\/p>\n<\/div><\/div>","protected":false},"excerpt":{"rendered":"<p>&nbsp; 2 flavour + 1mix soft ice cream machine&nbsp; 2 flavour + 1mix soft ice cream machine|Product Features|Touch screen control|Functions|PRODUCT ADVANTAGE|2+1 falvor Soft Serve Freezer &nbsp; These machines are widely used for the production of a soft-serve ice cream. The soft serve ice cream machine is also used in the making of soft serve ice [&hellip;]<\/p>\n","protected":false},"featured_media":567,"comment_status":"open","ping_status":"open","template":"","meta":{"_swt_meta_header_display":false,"_swt_meta_footer_display":false,"_swt_meta_site_title_display":false,"_swt_meta_sticky_header":false,"_swt_meta_transparent_header":false},"product_brand":[],"product_cat":[77,78],"product_tag":[],"class_list":{"0":"post-570","1":"product","2":"type-product","3":"status-publish","4":"has-post-thumbnail","6":"product_cat-ice-cream-machine","7":"product_cat-soft-ice-cream-machine","9":"first","10":"instock","11":"shipping-taxable","12":"product-type-simple"},"_links":{"self":[{"href":"https:\/\/www.hommy.com\/fr\/wp-json\/wp\/v2\/product\/570","targetHints":{"allow":["GET"]}}],"collection":[{"href":"https:\/\/www.hommy.com\/fr\/wp-json\/wp\/v2\/product"}],"about":[{"href":"https:\/\/www.hommy.com\/fr\/wp-json\/wp\/v2\/types\/product"}],"replies":[{"embeddable":true,"href":"https:\/\/www.hommy.com\/fr\/wp-json\/wp\/v2\/comments?post=570"}],"wp:featuredmedia":[{"embeddable":true,"href":"https:\/\/www.hommy.com\/fr\/wp-json\/wp\/v2\/media\/567"}],"wp:attachment":[{"href":"https:\/\/www.hommy.com\/fr\/wp-json\/wp\/v2\/media?parent=570"}],"wp:term":[{"taxonomy":"product_brand","embeddable":true,"href":"https:\/\/www.hommy.com\/fr\/wp-json\/wp\/v2\/product_brand?post=570"},{"taxonomy":"product_cat","embeddable":true,"href":"https:\/\/www.hommy.com\/fr\/wp-json\/wp\/v2\/product_cat?post=570"},{"taxonomy":"product_tag","embeddable":true,"href":"https:\/\/www.hommy.com\/fr\/wp-json\/wp\/v2\/product_tag?post=570"}],"curies":[{"name":"wp","href":"https:\/\/api.w.org\/{rel}","templated":true}]}}