{"id":566,"date":"2024-07-02T14:14:40","date_gmt":"2024-07-02T14:14:40","guid":{"rendered":"http:\/\/localhost\/hommywp\/popular-fruit-soft-serve-ice-cream-machine-factory-equipment\/"},"modified":"2025-08-01T09:57:36","modified_gmt":"2025-08-01T09:57:36","slug":"machines-a-creme-glacee-soft-serve","status":"publish","type":"product","link":"https:\/\/www.hommy.com\/fr\/p\/machines-a-creme-glacee-soft-serve\/","title":{"rendered":"Machine \u00e0 cr\u00e8me glac\u00e9e \u00e0 base de fruits populaires \u00c9quipement d'usine"},"content":{"rendered":"<div>\n<p>&nbsp;<\/p>\n<p><span style=\"font-size: 20px\"><\/span><\/p>\n<h2 style=\"text-align: center\"><strong><span style=\"letter-spacing: 0px;font-family: arial, helvetica, sans-serif;font-size: 24px\"><a name=\"Soft Serve Machines\"><\/a>Machines \u00e0 boissons gazeuses<\/span><\/strong><\/h2>\n<p style=\"text-align: center\"><span style=\"letter-spacing: 0px;font-family: arial, helvetica, sans-serif;font-size: 16px\"><a href=\"#Soft Serve Machines\" target=\"_self\" data-lv=\"0\" rel=\"noopener\">Machines \u00e0 boissons gazeuses<\/a>|<a href=\"#Features\" target=\"_self\" data-lv=\"0\" rel=\"noopener\">Caract\u00e9ristiques<\/a>|<a href=\"#PRODUCT ADVANTAGE\" target=\"_self\" data-lv=\"0\" rel=\"noopener\">AVANTAGE DU PRODUIT<\/a>|<a href=\"#2+1 flavor Soft Serve Freezer\" target=\"_self\" data-lv=\"0\" rel=\"noopener\">Cong\u00e9lateur 2+1 saveurs Soft Serve<\/a><\/span><\/p>\n<p style=\"text-align: center\"><\/p>\n<p>Pour r\u00e9pondre aux besoins du march\u00e9, nous fabriquons des produits de qualit\u00e9 sup\u00e9rieure. <a style=\"color:blue\" href=\"https:\/\/www.hommy.com\/fr\/machine-a-glace-molle\/\">machine \u00e0 glace soft serve<\/a> qui dispose d'une technologie avanc\u00e9e et de composants innovants. De plus, cette machine a \u00e9t\u00e9 con\u00e7ue en utilisant une technologie de pointe qui la rend plus efficace et \u00e9conome en \u00e9nergie. Ces machines sont disponibles dans diff\u00e9rentes sp\u00e9cifications en fonction des exigences des clients. De plus, ces machines sont soumises \u00e0 des tests de qualit\u00e9 rigoureux afin de garantir leurs performances.<\/p>\n<div class=\"d-tem11-graphic tem11-graphic mockup\" data-detail=\"wrap\">\n<div class=\"tab_row\">\n<div class=\"img\" style=\"width: 50%\"><img decoding=\"async\" title=\"\" alt=\"produit-Soft Serve ice cream machine Machines-Hommy-img\" src=\"https:\/\/www.hommy.com\/wp-content\/uploads\/15585041103798.jpg\"><\/div>\n<div class=\"text_box\" style=\"width: 50%\">\n<div class=\"txt\">\n<div class=\"title\">\n<h2><strong style=\"color: inherit;font-family: inherit;font-size: 30px\"><span style=\"font-family: arial, helvetica, sans-serif;font-size: 24px\"><a name=\"Features\"><\/a>Caract\u00e9ristiques<\/span><\/strong><br \/><\/h2>\n<\/div>\n<p style=\"margin-left:32px\"><span style=\"font-family:Calibri;font-size:16px\">-&nbsp;<\/span><span style=\"font-family:Calibri;font-size:16px\">Offre de produits : offre de toutes les variantes populaires de cr\u00e8me glac\u00e9e.<\/span><\/p>\n<p style=\"margin-left:32px\"><span style=\"font-family:Calibri;font-size:16px\">-&nbsp;<\/span><span style=\"font-family:Calibri;font-size:16px\">Saveur : servir deux saveurs distinctes et un twist.<\/span><\/p>\n<p style=\"margin-left:32px\"><span style=\"font-family:Calibri;font-size:16px\">-&nbsp;<\/span><span style=\"font-family:Calibri;font-size:16px\">Tr\u00e9mie de m\u00e9lange : deux tr\u00e9mies d'une capacit\u00e9 de 5,5 litres (5,81 pintes, 1,45 gallons)<\/span><\/p>\n<p style=\"margin-left:32px\"><span style=\"font-family:Calibri;font-size:16px\">-&nbsp;<\/span><span style=\"font-family:Calibri;font-size:16px\">Cylindre de cong\u00e9lation : deux cylindres de 2,1 litres (2,21 pintes, 0,55 gallons)<\/span><\/p>\n<p><span style=\"font-family:Calibri;font-size:16px\">Contr\u00f4le \u00e9lectronique :<\/span><\/p>\n<p style=\"margin-left:32px\"><span style=\"font-family:Calibri;font-size:16px\">-&nbsp;<\/span><span style=\"font-family:Calibri;font-size:16px\">La temp\u00e9rature des cylindres de cong\u00e9lation peut \u00eatre affich\u00e9e \u00e0 tout moment de l'op\u00e9ration.<\/span><\/p>\n<p style=\"margin-left:32px\"><span style=\"font-family:Calibri;font-size:16px\">-&nbsp;<\/span><span style=\"font-family:Calibri;font-size:16px\">Fournit le niveau de viscosit\u00e9 requis pour les portions.<\/span><\/p>\n<p style=\"margin-left:32px\"><span style=\"font-family:Calibri;font-size:16px\">-&nbsp;<\/span><span style=\"font-family:Calibri;font-size:16px\">Indicateur de niveau de m\u00e9lange et alarme. Lorsque le voyant de fin de m\u00e9lange clignote, la machine s'arr\u00eate automatiquement pour \u00e9viter tout dommage.<\/span><\/p>\n<p><span style=\"font-family:Calibri;font-size:16px\">Mode veille :<\/span><\/p>\n<p style=\"margin-left:32px\"><span style=\"font-family:Calibri;font-size:16px\">-&nbsp;<\/span><span style=\"font-family:Calibri;font-size:16px\">Pendant les longues p\u00e9riodes d'inutilisation, la fonction de veille maintient des temp\u00e9ratures de produit s\u00fbres dans la tr\u00e9mie de m\u00e9lange et le cylindre de cong\u00e9lation.<\/span><\/p>\n<p style=\"margin-left:32px\"><span style=\"font-family:Calibri;font-size:16px\">-&nbsp;<\/span><span style=\"font-family:Calibri;font-size:16px\">Fonction de protection de la pression pour le syst\u00e8me de refroidissement.<\/span><\/p>\n<p><span style=\"font-family:Calibri;font-size:16px\">Fonctions optionnelles :<\/span><\/p>\n<p style=\"margin-left:32px\"><span style=\"font-family:Calibri;font-size:16px\">-&nbsp;<\/span><span style=\"font-family:Calibri;font-size:16px\">Le tube d'expansion \u00e0 alimentation par gravit\u00e9 d\u00e9livre le m\u00e9lange avec un d\u00e9passement d'environ 20-30% aux cylindres de cong\u00e9lation.<\/span><\/p>\n<p><span style=\"font-family:Calibri;font-size:16px\">Le compteur permet \u00e0 l'op\u00e9rateur de visualiser le nombre de portions distribu\u00e9es.<\/span><\/p>\n<p style=\"line-height: 1.75em\">&nbsp;<\/p>\n<\/div>\n<\/div>\n<\/div>\n<\/div>\n<p>&nbsp;<\/p>\n<div class=\"text-left d-tem09-title d-interval\" data-detail=\"wrap\">\n<div class=\"title-header\">\n<h2><strong><span style=\"font-family: arial, helvetica, sans-serif;font-size: 24px\"><a name=\"PRODUCT ADVANTAGE\"><\/a>AVANTAGE DU PRODUIT<\/span><\/strong><\/h2>\n<div class=\"subtitle\"><span>En outre, des ing\u00e9nieurs hautement qualifi\u00e9s, des technologues comp\u00e9tents et un personnel bien inform\u00e9 contribuent largement au d\u00e9veloppement de l'entreprise.<\/span><\/div>\n<\/div>\n<\/div>\n<p style=\"text-align:center\"><\/p>\n<p><img decoding=\"async\" src=\"https:\/\/www.hommy.com\/wp-content\/uploads\/15585058853778.png\" alt=\"produit-Hommy-img\" title=\"\"><\/p>\n<p><strong style=\"font-size: 30px;text-align: center\"><span style=\"font-family: arial, helvetica, sans-serif;font-size: 24px\"><br \/><\/span><\/strong><\/p>\n<p><strong style=\"font-size: 30px;text-align: center\"><span style=\"font-family: arial, helvetica, sans-serif;font-size: 24px\">Cong\u00e9lateur 2+1 saveurs Soft Serve<\/span><\/strong><\/p>\n<div class=\"subtitle\">\n<p style=\"line-height: 2em\"><strong><span><\/span><\/strong>La machine est \u00e9quip\u00e9e de deux syst\u00e8mes de contr\u00f4le ind\u00e9pendants. Vous pouvez utiliser une seule machine pour fabriquer deux types de produits : la glace \u00e0 l'italienne et le yaourt glac\u00e9.<\/p>\n<p>- Indicateur de niveau de m\u00e9lange et alarme. Lorsque le voyant de fin de m\u00e9lange clignote, la machine s'arr\u00eate automatiquement pour \u00e9viter tout dommage.<\/p>\n<p>Mode veille :<\/p>\n<p>- Fonction de protection de la pression pour le syst\u00e8me de refroidissement.&nbsp;<\/p>\n<p>- Facile \u00e0 utiliser<\/p>\n<h2 style=\"font-family: sans-serif\">Faire <a style=\"color:blue\" href=\"\/fr\/\">machine \u00e0 glace<\/a>s font du soft serve ?<\/h2>\n<p style=\"margin-top: 5px;margin-bottom: 5px;font-family: sans-serif;font-size: 16px\">Est-ce qu'une machine \u00e0 glace permet de faire des desserts mous ? Je vais acheter une machine \u00e0 cr\u00e8me glac\u00e9e et je voulais savoir s'il existait des recettes de cr\u00e8me glac\u00e9e que je pourrais r\u00e9aliser avec cette machine. Je pr\u00e9vois de faire des desserts mous en 1, 2 et 4 tasses et je voudrais savoir s'il est facile de les faire avec cette machine et si la machine donne une consistance homog\u00e8ne. Merci beaucoup !<\/p>\n<p style=\"margin-top: 5px;margin-bottom: 5px;font-family: sans-serif;font-size: 16px\"><\/p>\n<h2 style=\"font-family: sans-serif\">Combien co\u00fbte un <a style=\"color:blue\" href=\"https:\/\/www.hommy.com\/fr\/machine-a-glace-molle\/\">sorbeti\u00e8re \u00e0 glace molle<\/a>?<\/h2>\n<p style=\"margin-top: 5px;margin-bottom: 5px;font-family: sans-serif;font-size: 16px\">Le terme <a style=\"color:blue\" href=\"\/fr\/\">sorbeti\u00e8re<\/a> d\u00e9signe les appareils de cuisine qui s\u00e9parent la glace du liquide d'une mani\u00e8re similaire aux bacs \u00e0 gla\u00e7ons. Lorsque la glace commence \u00e0 fondre dans le liquide de votre sorbeti\u00e8re, l'eau g\u00e8le rapidement, de sorte que la cr\u00e8me glac\u00e9e peut \u00eatre pr\u00e9par\u00e9e en quelques minutes seulement. La quantit\u00e9 de glace n\u00e9cessaire \u00e0 la fabrication de la cr\u00e8me glac\u00e9e d\u00e9pend de la vitesse de cong\u00e9lation et de d\u00e9cong\u00e9lation de la cr\u00e8me glac\u00e9e.<\/p>\n<p style=\"margin-top: 5px;margin-bottom: 5px;font-family: sans-serif;font-size: 16px\"><\/p>\n<h2 style=\"font-family: sans-serif\">Quelle est la dur\u00e9e de vie d'une glace \u00e0 l'italienne dans une machine ?<\/h2>\n<p style=\"margin-top: 5px;margin-bottom: 5px;font-family: sans-serif;font-size: 16px\">J'ai lu que la glace ne dure qu'une heure environ et qu'il est pr\u00e9f\u00e9rable de la jeter pour en refaire une nouvelle fourn\u00e9e. <a style=\"color:blue\" href=\"https:\/\/www.hommy.com\/fr\/machine-a-glace\/\">machine \u00e0 servir les boissons gazeuses<\/a> Le temps n\u00e9cessaire \u00e0 la fabrication d'une glace d\u00e9pend en grande partie de la temp\u00e9rature du cong\u00e9lateur. \u00c9tant donn\u00e9 que vous utilisez une machine \u00e0 glace, le temps de fabrication d'un lot de glace avec une machine \u00e0 glace est d\u00e9termin\u00e9 par le temps n\u00e9cessaire \u00e0 la machine \u00e0 glace pour fabriquer la glace.<\/p>\n<\/div>\n<\/div><\/div>","protected":false},"excerpt":{"rendered":"<p>&nbsp; Soft Serve Machines Soft Serve Machines|Features|PRODUCT ADVANTAGE|2+1 flavor Soft Serve Freezer To cater to the needs of the market, we are making superior quality soft serve ice cream machine that has an advanced technology with innovative components. Moreover, this machine has been designed by using advanced technology that makes it more efficient and energy-saving. [&hellip;]<\/p>\n","protected":false},"featured_media":564,"comment_status":"open","ping_status":"open","template":"","meta":{"_swt_meta_header_display":false,"_swt_meta_footer_display":false,"_swt_meta_site_title_display":false,"_swt_meta_sticky_header":false,"_swt_meta_transparent_header":false},"product_brand":[],"product_cat":[77,78],"product_tag":[],"class_list":{"0":"post-566","1":"product","2":"type-product","3":"status-publish","4":"has-post-thumbnail","6":"product_cat-ice-cream-machine","7":"product_cat-soft-ice-cream-machine","9":"first","10":"instock","11":"shipping-taxable","12":"product-type-simple"},"_links":{"self":[{"href":"https:\/\/www.hommy.com\/fr\/wp-json\/wp\/v2\/product\/566","targetHints":{"allow":["GET"]}}],"collection":[{"href":"https:\/\/www.hommy.com\/fr\/wp-json\/wp\/v2\/product"}],"about":[{"href":"https:\/\/www.hommy.com\/fr\/wp-json\/wp\/v2\/types\/product"}],"replies":[{"embeddable":true,"href":"https:\/\/www.hommy.com\/fr\/wp-json\/wp\/v2\/comments?post=566"}],"wp:featuredmedia":[{"embeddable":true,"href":"https:\/\/www.hommy.com\/fr\/wp-json\/wp\/v2\/media\/564"}],"wp:attachment":[{"href":"https:\/\/www.hommy.com\/fr\/wp-json\/wp\/v2\/media?parent=566"}],"wp:term":[{"taxonomy":"product_brand","embeddable":true,"href":"https:\/\/www.hommy.com\/fr\/wp-json\/wp\/v2\/product_brand?post=566"},{"taxonomy":"product_cat","embeddable":true,"href":"https:\/\/www.hommy.com\/fr\/wp-json\/wp\/v2\/product_cat?post=566"},{"taxonomy":"product_tag","embeddable":true,"href":"https:\/\/www.hommy.com\/fr\/wp-json\/wp\/v2\/product_tag?post=566"}],"curies":[{"name":"wp","href":"https:\/\/api.w.org\/{rel}","templated":true}]}}