{"id":560,"date":"2024-07-02T13:52:40","date_gmt":"2024-07-02T13:52:40","guid":{"rendered":"http:\/\/localhost\/hommywp\/hm-pm-62-commercial-block-ice-maker-equipment-supplier-4tons-24h\/"},"modified":"2025-08-01T09:57:36","modified_gmt":"2025-08-01T09:57:36","slug":"machine-a-fabriquer-des-blocs-de-glace-pour-la-vente","status":"publish","type":"product","link":"https:\/\/www.hommy.com\/fr\/p\/machine-a-fabriquer-des-blocs-de-glace-pour-la-vente\/","title":{"rendered":"Hm-Pm-62 Commercial Block Ice Maker Equipment Supplier 4tons\/24h"},"content":{"rendered":"<div>\n<p><\/p>\n<h2 style=\", Helvetica, Arial, sans-serif;text-align: center\"><strong><span style=\"letter-spacing: 0px;font-family: arial, helvetica, sans-serif;font-size: 24px\"><a name=\"Block ice machine\"><\/a>Machine \u00e0 glace en bloc<\/span><\/strong><\/h2>\n<p style=\"text-align: center\"><a href=\"#Block ice machine\" target=\"_self\" data-lv=\"0\" rel=\"noopener\"><span style=\"font-size: 18px;font-family: arial, helvetica, sans-serif\">Machine \u00e0 glace en bloc<\/span><\/a><span style=\"font-size: 18px;font-family: arial, helvetica, sans-serif\">|<a href=\"#Product Features\" target=\"_self\" data-lv=\"0\" rel=\"noopener\">Caract\u00e9ristiques du produit<\/a>|<a href=\"#PRODUCT SPECIFICATION\" target=\"_self\" data-lv=\"0\" rel=\"noopener\">SP\u00c9CIFICATION DU PRODUIT<\/a><a href=\"#PRODUCT SPECIFICATION\" target=\"_self\" data-lv=\"0\" rel=\"noopener\"><\/a><\/span><\/p>\n<p><\/p>\n<p><\/p>\n<p style=\"text-align: center\">\n<p>Nous sommes un fabricant, fournisseur et exportateur renomm\u00e9 de machines \u00e0 gla\u00e7ons. Cette machine \u00e0 glace commerciale est utilis\u00e9e pour fabriquer de la glace dans les zones commerciales. Cette machine a la capacit\u00e9 de produire une grande quantit\u00e9 de glace en peu de temps. De plus, cette machine a une conception efficace et avanc\u00e9e. Cette machine \u00e0 glace est disponible dans diff\u00e9rentes sp\u00e9cifications.<\/p>\n<p><\/p>\n<p>Nous sommes engag\u00e9s dans l'offre d'une excellente qualit\u00e9 de machine \u00e0 glace commerciale \u00e0 nos clients pr\u00e9cieux. Nous sommes une entreprise ax\u00e9e sur la qualit\u00e9 qui se concentre sur la qualit\u00e9 de nos produits et sur la qualit\u00e9 des services que nous fournissons \u00e0 nos clients.<\/p>\n<p style=\"text-align: center\">&nbsp;<\/p>\n<p style=\"text-align: center\">&nbsp;<\/p>\n<div class=\"d-tem11-graphic tem11-graphic mockup\" data-detail=\"wrap\">\n<div class=\"tab_row\">\n<div class=\"img\" style=\"width: 50%\">\n<p style=\"text-align:center\"><img loading=\"lazy\" decoding=\"async\" title=\"\" alt=\"produit-HM-PM-62 machine \u00e0 glace en bloc-Hommy-img\" src=\"https:\/\/www.hommy.com\/wp-content\/uploads\/16030686509068.jpg\" width=\"480\" height=\"561\" border=\"0\" vspace=\"0\" style=\"width: 480px;height: 561px\"><\/p>\n<\/div>\n<div class=\"text_box\" style=\"width: 50%\">\n<div class=\"txt\">\n<div class=\"title\">\n<h2><strong><span style=\"font-family: arial, helvetica, sans-serif;font-size: 24px\"><a name=\"Product Features\"><\/a>Caract\u00e9ristiques du produit<\/span><\/strong>&nbsp;<\/h2>\n<\/div>\n<p><span style=\"font-family: arial, helvetica, sans-serif\"><span style=\"font-size: 16px\">1.<\/span><span style=\"font-size: 16px\">La machine est d'apparence luxueuse, facile \u00e0 utiliser et peu co\u00fbteuse \u00e0 entretenir.<\/span><\/span><\/p>\n<p><span style=\"font-family: arial, helvetica, sans-serif\"><span style=\"font-family: \u5b8b\u4f53;font-size: 16px\">2.<\/span><span style=\"font-family: Calibri;font-size: 16px\">L'int\u00e9rieur du r\u00e9servoir est en acier inoxydable pur qui peut r\u00e9sister \u00e0 l'\u00e9rosion par l'acide chlorhydrique.<\/span><\/span><\/p>\n<p><span style=\"font-family: arial, helvetica, sans-serif\"><span style=\"font-family: \u5b8b\u4f53;font-size: 16px\">3.<\/span><span style=\"font-family: Calibri;font-size: 16px\">Le fonctionnement est simple.<\/span><\/span><\/p>\n<p><span style=\"font-family: arial, helvetica, sans-serif\"><span style=\"font-family: \u5b8b\u4f53;font-size: 16px\">4.<\/span><span style=\"font-family: Calibri;font-size: 16px\">Couverture \u00e9tanche \u00e0 l'air et maintien de l'utilisation du mat\u00e9riel \u00e0 long terme.<\/span><\/span><\/p>\n<p><span style=\"font-family: arial, helvetica, sans-serif\"><span style=\"font-family: \u5b8b\u4f53;font-size: 16px\">5.<\/span><span style=\"font-family: Calibri;font-size: 16px\">Faibles investissements pour une production maximale<\/span><\/span><\/p>\n<p><span style=\"font-family: arial, helvetica, sans-serif\"><span style=\"font-family: \u5b8b\u4f53;font-size: 16px\">6.<\/span><span style=\"font-family: Calibri;font-size: 16px\">Tirer profit de l'eau, un potentiel de profit incroyable.<\/span><\/span><\/p>\n<p><span style=\"font-family: arial, helvetica, sans-serif\"><span style=\"font-family: \u5b8b\u4f53;font-size: 16px\">7.<\/span><span style=\"font-family: Calibri;font-size: 16px\">Capacit\u00e9s offertes : 1 tonne\/24H , 2 tonnes\/24H ,3 tonnes\/24H , 4 tonnes\/24H , 5 tonnes\/24H .<\/span><\/span><\/p>\n<p><span style=\"font-family: arial, helvetica, sans-serif\"><span style=\"font-family: \u5b8b\u4f53;font-size: 16px\">8.<\/span><span style=\"font-family: Calibri;font-size: 16px\">Ice weight: 5kgs(130X70X630mm),10kgs(260X70X630mm),15kgs(210X100X830mm),20kgs(210X120X830mm),<\/span><\/span><\/p>\n<p style=\"text-indent:32px\"><span style=\"font-size: 16px;font-family: arial, helvetica, sans-serif\">25kgs(280X120X830mm)<\/span><\/p>\n<p><span style=\"font-family: arial, helvetica, sans-serif\"><span style=\"font-family: \u5b8b\u4f53;font-size: 16px\">9.<\/span><span style=\"font-family: Calibri;font-size: 16px\">Pas de besoin de travailleurs qualifi\u00e9s<\/span><\/span><\/p>\n<p><span style=\"font-family: arial, helvetica, sans-serif\"><span style=\"font-family: \u5b8b\u4f53;font-size: 16px\">10.<\/span><span style=\"font-family: Calibri;font-size: 16px\">Grande durabilit\u00e9, entretien minimal<\/span><\/span><\/p>\n<p><span style=\"font-family: arial, helvetica, sans-serif\"><span style=\"font-family: \u5b8b\u4f53;font-size: 16px\">11. <\/span><span style=\"font-family: Calibri;font-size: 16px\">Si la machine fonctionne avec un syst\u00e8me de refroidissement par eau, il faudra installer une pompe et une tour de refroidissement en m\u00eame temps.<\/span><\/span><\/p>\n<\/div>\n<\/div>\n<\/div>\n<\/div>\n<p>&nbsp;<\/p>\n<div class=\"text-left d-tem09-title d-interval\" data-detail=\"wrap\">\n<div class=\"title-header\">\n<h2><strong><span style=\"font-size: 24px;font-family: arial, helvetica, sans-serif\"><a name=\"PRODUCT SPECIFICATION\"><\/a>SP\u00c9CIFICATION DU PRODUIT<\/span><\/strong><strong><span style=\"font-size: 24px;font-family: arial, helvetica, sans-serif\"><\/span><\/strong><strong style=\"color: inherit;font-family: inherit\"><span style=\"font-size: 24px;font-family: arial, helvetica, sans-serif\">N<\/span><\/strong><\/h2>\n<div class=\"subtitle\" style=\"text-align: center\"><img loading=\"lazy\" decoding=\"async\" src=\"https:\/\/www.hommy.com\/wp-content\/uploads\/16030689896844.png\" title=\"\" alt=\"produit-Hommy-img\" width=\"1000\" height=\"424\" border=\"0\" vspace=\"0\" style=\"width: 1000px;height: 424px\"><\/div>\n<\/div>\n<\/div>\n<p>&nbsp;<\/p>\n<p><span><br \/><\/span><\/p>\n<p><span>Document\uff1a<\/span><img decoding=\"async\" src=\"https:\/\/www.hommy.com\/wp-content\/uploads\/icon_pdf-26.gif\" style=\"margin-right: 2px\" alt=\"produit-Hommy-img\" title=\"\"><a href=\"https:\/\/img80002414.weyesimg.com\/uploads\/www.hommy.com\/addon\/16030709006453.pdf\" title=\"16030709006453.pdf\" style=\"font-size: 12px\">16030709006453.pdf<\/a><\/p>\n<h2>Comment faire de grandes quantit\u00e9s de gla\u00e7ons ?<\/h2>\n<p style=\"margin-top: 5px;margin-bottom: 5px\"><\/p>\n<p style=\"margin-top: 5px;margin-bottom: 5px\">Dans le pass\u00e9, les gens fabriquaient des gla\u00e7ons en mettant de l'eau dans un sac en plastique et en pla\u00e7ant le sac dans un r\u00e9frig\u00e9rateur. Cependant, cette m\u00e9thode est dangereuse car les sacs en plastique peuvent exploser dans un r\u00e9frig\u00e9rateur.<\/p>\n<p style=\"margin-top: 5px;margin-bottom: 5px\"><\/p>\n<p style=\"margin-top: 5px;margin-bottom: 5px\"><\/p>\n<p style=\"margin-top: 5px;margin-bottom: 5px\">Je pr\u00e9vois de construire une remise isol\u00e9e de 8 pi x 4 pi x 4 pi. J'ai un garage de 4' x 8' x 8' que je vais utiliser pour un projet ext\u00e9rieur, mais j'ai besoin d'utiliser l'espace suppl\u00e9mentaire dans ma remise pour l'entreposage. Je pense acheter un panneau de mousse en forme de U bon march\u00e9 et le recouvrir de fibre de verre. L'isolation devrait emp\u00eacher le froid de p\u00e9n\u00e9trer, mais je me demande si la fibre de verre emp\u00eachera l'humidit\u00e9 de p\u00e9n\u00e9trer. La fibre de verre sera \u00e9galement appliqu\u00e9e \u00e0 l'int\u00e9rieur. Je me demande surtout si la fibre de verre retiendra l'humidit\u00e9 et l'emp\u00eachera de s'infiltrer dans la maison.<\/p>\n<p style=\"margin-top: 5px;margin-bottom: 5px\"><\/p>\n<h2>Pourquoi les machines \u00e0 gla\u00e7ons se cassent-elles toujours ?<\/h2>\n<p style=\"margin-top: 5px;margin-bottom: 5px\"><\/p>\n<p style=\"margin-top: 5px;margin-bottom: 5px\">Nous savons tous que les machines \u00e0 gla\u00e7ons ne sont pas parfaites. Elles se cassent, et m\u00eame avec les machines \u00e0 gla\u00e7ons les mieux con\u00e7ues et les mieux fabriqu\u00e9es, il y a toujours de la glace qui ne passe pas \u00e0 travers la machine \u00e0 gla\u00e7ons. Mais pourquoi les machines \u00e0 gla\u00e7ons se cassent-elles ?<\/p>\n<p style=\"margin-top: 5px;margin-bottom: 5px\"><\/p>\n<p style=\"margin-top: 5px;margin-bottom: 5px\">Nous avons r\u00e9cemment eu un probl\u00e8me avec notre machine \u00e0 gla\u00e7ons. Elle s'est cass\u00e9e. Ce que nous ne savions pas, c'est qu'elle allait se casser. Nous \u00e9tions en train de vendre notre maison et nous n'avions pas coup\u00e9 l'eau. Lorsque nous avons r\u00e9alis\u00e9 que notre machine \u00e0 gla\u00e7ons \u00e9tait cass\u00e9e, nous avons appel\u00e9 notre entrepreneur local. Celui-ci est venu sur place et a effectu\u00e9 quelques tests. Il a d\u00e9termin\u00e9 que<\/p>\n<\/div><\/div>","protected":false},"excerpt":{"rendered":"<p>Block ice machine Block ice machine|Product Features|PRODUCT SPECIFICATION We are a renowned manufacturer, supplier and exporter of the block ice maker. This commercial block ice maker is used for making ice in the commercial area. This machine has the ability to produce large quantity of ice in less time. Moreover, this machine has an effective [&hellip;]<\/p>\n","protected":false},"featured_media":557,"comment_status":"open","ping_status":"open","template":"","meta":{"_swt_meta_header_display":false,"_swt_meta_footer_display":false,"_swt_meta_site_title_display":false,"_swt_meta_sticky_header":false,"_swt_meta_transparent_header":false},"product_brand":[],"product_cat":[76],"product_tag":[],"class_list":{"0":"post-560","1":"product","2":"type-product","3":"status-publish","4":"has-post-thumbnail","6":"product_cat-ice-block-machine","8":"first","9":"instock","10":"shipping-taxable","11":"product-type-simple"},"_links":{"self":[{"href":"https:\/\/www.hommy.com\/fr\/wp-json\/wp\/v2\/product\/560","targetHints":{"allow":["GET"]}}],"collection":[{"href":"https:\/\/www.hommy.com\/fr\/wp-json\/wp\/v2\/product"}],"about":[{"href":"https:\/\/www.hommy.com\/fr\/wp-json\/wp\/v2\/types\/product"}],"replies":[{"embeddable":true,"href":"https:\/\/www.hommy.com\/fr\/wp-json\/wp\/v2\/comments?post=560"}],"wp:featuredmedia":[{"embeddable":true,"href":"https:\/\/www.hommy.com\/fr\/wp-json\/wp\/v2\/media\/557"}],"wp:attachment":[{"href":"https:\/\/www.hommy.com\/fr\/wp-json\/wp\/v2\/media?parent=560"}],"wp:term":[{"taxonomy":"product_brand","embeddable":true,"href":"https:\/\/www.hommy.com\/fr\/wp-json\/wp\/v2\/product_brand?post=560"},{"taxonomy":"product_cat","embeddable":true,"href":"https:\/\/www.hommy.com\/fr\/wp-json\/wp\/v2\/product_cat?post=560"},{"taxonomy":"product_tag","embeddable":true,"href":"https:\/\/www.hommy.com\/fr\/wp-json\/wp\/v2\/product_tag?post=560"}],"curies":[{"name":"wp","href":"https:\/\/api.w.org\/{rel}","templated":true}]}}