{"id":556,"date":"2024-07-02T13:52:37","date_gmt":"2024-07-02T13:52:37","guid":{"rendered":"http:\/\/localhost\/hommywp\/hm-pm-60-ice-block-making-machine-sale-for-africa-5tons-24h\/"},"modified":"2025-08-01T09:57:36","modified_gmt":"2025-08-01T09:57:36","slug":"hm-pm-60-machine-a-fabriquer-des-blocs-de-glace-pour-lafrique","status":"publish","type":"product","link":"https:\/\/www.hommy.com\/fr\/p\/hm-pm-60-machine-a-fabriquer-des-blocs-de-glace-pour-lafrique\/","title":{"rendered":"Hm-Pm-60 Machine de fabrication de blocs de glace pour l'Afrique 5tons\/24h"},"content":{"rendered":"<div>\n<p><\/p>\n<h2 style=\"text-align: center\"><strong><span style=\"letter-spacing: 0px;font-family: arial, helvetica, sans-serif;font-size: 24px\"><a name=\"ice block making machine\"><\/a>machine \u00e0 fabriquer des blocs de glace<\/span><\/strong><\/h2>\n<p style=\"text-align: center\"><a href=\"#ice block making machine\" target=\"_self\" data-lv=\"0\" rel=\"noopener\"><span style=\"letter-spacing: 0px;font-family: arial, helvetica, sans-serif;font-size: 16px\">machine \u00e0 fabriquer des blocs de glace<\/span><\/a><span style=\"letter-spacing: 0px;font-family: arial, helvetica, sans-serif;font-size: 16px\">|<a href=\"#Product Features\" target=\"_self\" data-lv=\"0\" rel=\"noopener\">Caract\u00e9ristiques du produit<\/a>|<a href=\"#Product specification\" target=\"_self\" data-lv=\"0\" rel=\"noopener\">Sp\u00e9cification du produit<\/a><\/span><\/p>\n<p><\/p>\n<p style=\"text-align: center\">&nbsp;&nbsp;&nbsp;&nbsp;<\/p>\n<p>La machine que nous proposons est utilis\u00e9e pour fabriquer des gla\u00e7ons de toutes tailles pour le grand public. En outre, la machine propos\u00e9e est d\u00e9velopp\u00e9e en utilisant des mati\u00e8res premi\u00e8res de qualit\u00e9 et des techniques avanc\u00e9es. Nos clients peuvent obtenir cette machine dans diff\u00e9rentes configurations pour r\u00e9pondre \u00e0 leurs besoins sp\u00e9cifiques.<\/p>\n<div class=\"d-tem01-graphic tem01-graphic mockup\" data-detail=\"wrap\">\n<div class=\"cont-section clearfix d-clearfix\">\n<div class=\"col-md-6 col-sm-6 col-xs-6\"><\/p>\n<div class=\"graphic_pic animated wow bounceIn\" data-wow-delay=\".7s\">\n<p style=\"text-align:center\"><img loading=\"lazy\" decoding=\"async\" src=\"https:\/\/www.hommy.com\/wp-content\/uploads\/16030866173518.jpg\" alt=\"produit-Hommy-img\" title=\"\" width=\"500\" height=\"500\" border=\"0\" vspace=\"0\" style=\"width: 500px;height: 500px\"><\/p>\n<\/div>\n<\/div>\n<div class=\"col-md-6 col-sm-6 col-xs-6\">\n<div class=\"right-p\">\n<div class=\"h2 heading\">\n<h2><strong><span style=\"font-family: arial, helvetica, sans-serif;font-size: 24px\"><span style=\"font-family: arial, helvetica, sans-serif;letter-spacing: 0px\"><a name=\"Product Features\"><\/a>Produit <\/span><span style=\"font-family: arial, helvetica, sans-serif\">Caract\u00e9ristiques<\/span><\/span><\/strong><\/h2>\n<\/div>\n<div class=\"description\">\n<p><span style=\"font-family: arial, helvetica, sans-serif;font-size: 16px\">1. la machine est construite avec une apparence luxueuse, un fonctionnement facile et un faible co\u00fbt d'entretien.<\/span><\/p>\n<p><span style=\"font-family: arial, helvetica, sans-serif\"><span style=\"font-family: \u5b8b\u4f53;font-size: 16px\">2.<\/span><span style=\"font-family: Calibri;font-size: 16px\">L'int\u00e9rieur du r\u00e9servoir est en acier inoxydable pur qui peut r\u00e9sister \u00e0 l'\u00e9rosion par l'acide chlorhydrique.<\/span><\/span><\/p>\n<p><span style=\"font-family: arial, helvetica, sans-serif\"><span style=\"font-family: \u5b8b\u4f53;font-size: 16px\">3.<\/span><span style=\"font-family: Calibri;font-size: 16px\">Le fonctionnement est simple.<\/span><\/span><\/p>\n<p><span style=\"font-family: arial, helvetica, sans-serif\"><span style=\"font-family: \u5b8b\u4f53;font-size: 16px\">4.<\/span><span style=\"font-family: Calibri;font-size: 16px\">Couverture \u00e9tanche \u00e0 l'air et maintien de l'utilisation du mat\u00e9riel \u00e0 long terme.<\/span><\/span><\/p>\n<p><span style=\"font-family: arial, helvetica, sans-serif\"><span style=\"font-family: \u5b8b\u4f53;font-size: 16px\">5.<\/span><span style=\"font-family: Calibri;font-size: 16px\">Faibles investissements pour une production maximale<\/span><\/span><\/p>\n<p><span style=\"font-family: arial, helvetica, sans-serif\"><span style=\"font-family: \u5b8b\u4f53;font-size: 16px\">6.<\/span><span style=\"font-family: Calibri;font-size: 16px\">Tirer profit de l'eau, un potentiel de profit incroyable.<\/span><\/span><\/p>\n<p><span style=\"font-family: arial, helvetica, sans-serif\"><span style=\"font-family: \u5b8b\u4f53;font-size: 16px\">7.<\/span><span style=\"font-family: Calibri;font-size: 16px\">Capacit\u00e9s offertes : 1 tonne\/24H , 2 tonnes\/24H ,3 tonnes\/24H , 4 tonnes\/24H , 5 tonnes\/24H .<\/span><\/span><\/p>\n<p><span style=\"font-family: arial, helvetica, sans-serif\"><span style=\"font-family: \u5b8b\u4f53;font-size: 16px\">8.<\/span><span style=\"font-family: Calibri;font-size: 16px\">Ice weight: 5kgs(130X70X630mm),10kgs(260X70X630mm),15kgs(210X100X830mm),20kgs(210X120X830mm),<\/span><\/span><\/p>\n<p style=\"text-indent:32px\"><span style=\"font-size: 16px;font-family: arial, helvetica, sans-serif\">25kgs(280X120X830mm)<\/span><\/p>\n<p><span style=\"font-family: arial, helvetica, sans-serif\"><span style=\"font-family: \u5b8b\u4f53;font-size: 16px\">9.<\/span><span style=\"font-family: Calibri;font-size: 16px\">Pas de besoin de travailleurs qualifi\u00e9s<\/span><\/span><\/p>\n<p><span style=\"font-family: arial, helvetica, sans-serif\"><span style=\"font-family: \u5b8b\u4f53;font-size: 16px\">10.<\/span><span style=\"font-family: Calibri;font-size: 16px\">Grande durabilit\u00e9, entretien minimal<\/span><\/span><\/p>\n<p><span style=\"font-family: arial, helvetica, sans-serif\"><span style=\"font-family: \u5b8b\u4f53;font-size: 16px\">11. <\/span><span style=\"font-family: Calibri;font-size: 16px\">Si la machine fonctionne avec un syst\u00e8me de refroidissement par eau, il faudra installer une pompe et une tour de refroidissement en m\u00eame temps.<\/span><\/span><\/p>\n<p><span>&nbsp; &nbsp; &nbsp; &nbsp; &nbsp; &nbsp;<\/span><\/p>\n<\/div>\n<\/div>\n<\/div>\n<\/div>\n<\/div>\n<h2><strong><span style=\"letter-spacing: 0px;font-family: arial, helvetica, sans-serif;font-size: 24px\"><a name=\"Product specification\"><\/a>Sp\u00e9cification du produit<\/span><\/strong><\/h2>\n<p><img loading=\"lazy\" decoding=\"async\" src=\"https:\/\/www.hommy.com\/wp-content\/uploads\/16030863868315.png\" title=\"\" alt=\"produit-Hommy-img\" width=\"1000\" height=\"424\" border=\"0\" vspace=\"0\" style=\"width: 1000px;height: 424px\"><\/p>\n<p><\/p>\n<p>Document\uff1a<img decoding=\"async\" src=\"http:\/\/admin.allweyes.com\/templates\/admin\/default\/assets\/library\/ueditor\/dialogs\/attachment\/fileTypeImages\/icon_pdf.gif\" style=\"margin-right: 2px\" alt=\"produit-HM-PM-60 machine \u00e0 fabriquer des blocs de glace pour l&#039;Afrique-Hommy-img\" title=\"\"><a href=\"https:\/\/img80002414.weyesimg.com\/uploads\/www.hommy.com\/addon\/16030865203721.pdf\" title=\"16030865203721.pdf\" style=\"font-size: 12px\">16030865203721.pdf<\/a><\/p>\n<h2 style=\"font-family: sans-serif\">Les blocs de glace sont-ils meilleurs que les gla\u00e7ons ?<\/h2>\n<p style=\"margin-top: 5px;margin-bottom: 5px;font-family: sans-serif;font-size: 16px\">Selon une enqu\u00eate r\u00e9alis\u00e9e par la National Ice Cream Association, les Am\u00e9ricains optent pour les blocs de glace comme principale friandise \u00e0 base de cr\u00e8me glac\u00e9e. En fait, la popularit\u00e9 des blocs de glace est en hausse. Le nombre de glaciers qui proposent ce nouveau parfum a augment\u00e9 de pr\u00e8s de 25 %. Au d\u00e9but des ann\u00e9es 1900, les blocs de glace \u00e9taient une nouveaut\u00e9 aux \u00c9tats-Unis.&nbsp;<\/p>\n<p style=\"margin-top: 5px;margin-bottom: 5px;font-family: sans-serif;font-size: 16px\"><\/p>\n<h2 style=\"font-family: sans-serif\">La fabrication de glace est-elle une bonne affaire ?<\/h2>\n<p style=\"margin-top: 5px;margin-bottom: 5px;font-family: sans-serif;font-size: 16px\">Depuis sa cr\u00e9ation, la glace est un \u00e9l\u00e9ment essentiel de notre vie. Dans les premiers temps de l'humanit\u00e9, elle servait \u00e0 conserver la viande et d'autres aliments. La glace est \u00e9galement utilis\u00e9e pour fabriquer des boissons telles que le vin et la bi\u00e8re, ainsi que des cr\u00e8mes glac\u00e9es. Enfin, les gla\u00e7ons sont \u00e0 l'origine de la plupart de nos boissons et aliments \u00e0 base de glace.<\/p>\n<p style=\"margin-top: 5px;margin-bottom: 5px;font-family: sans-serif;font-size: 16px\"><\/p>\n<h2 style=\"font-family: sans-serif\">Quel est le meilleur isolant pour emp\u00eacher la glace de fondre ?<\/h2>\n<p style=\"margin-top: 5px;margin-bottom: 5px;font-family: sans-serif;font-size: 16px\">Le meilleur isolant est une combinaison de plusieurs \u00e9l\u00e9ments.Tout d'abord, il doit \u00eatre un bon isolant thermique, c'est-\u00e0-dire qu'il r\u00e9sistera \u00e0 la chaleur du soleil ou autre.Si vous avez une petite surface qui n'est pas chauff\u00e9e, vous pouvez utiliser du bois pour emp\u00eacher le soleil d'entrer.Si vous avez une grande surface, vous pouvez utiliser un grand arbre.Une meilleure approche consisterait \u00e0 utiliser un bon isolant sur le toit de la maison.&nbsp;<\/p>\n<\/div><\/div>","protected":false},"excerpt":{"rendered":"<p>ice block making machine ice block making machine|Product Features|Product specification &nbsp;&nbsp;&nbsp;&nbsp; Our offered machine is used to make all sizes of ice cubes for the people. Furthermore, the offered machine is developed using quality raw material and advanced techniques. Our clients can avail the machine from us in different configurations to meet their specific needs. [&hellip;]<\/p>\n","protected":false},"featured_media":554,"comment_status":"open","ping_status":"open","template":"","meta":{"_swt_meta_header_display":false,"_swt_meta_footer_display":false,"_swt_meta_site_title_display":false,"_swt_meta_sticky_header":false,"_swt_meta_transparent_header":false},"product_brand":[],"product_cat":[76],"product_tag":[],"class_list":{"0":"post-556","1":"product","2":"type-product","3":"status-publish","4":"has-post-thumbnail","6":"product_cat-ice-block-machine","8":"first","9":"instock","10":"shipping-taxable","11":"product-type-simple"},"_links":{"self":[{"href":"https:\/\/www.hommy.com\/fr\/wp-json\/wp\/v2\/product\/556","targetHints":{"allow":["GET"]}}],"collection":[{"href":"https:\/\/www.hommy.com\/fr\/wp-json\/wp\/v2\/product"}],"about":[{"href":"https:\/\/www.hommy.com\/fr\/wp-json\/wp\/v2\/types\/product"}],"replies":[{"embeddable":true,"href":"https:\/\/www.hommy.com\/fr\/wp-json\/wp\/v2\/comments?post=556"}],"wp:featuredmedia":[{"embeddable":true,"href":"https:\/\/www.hommy.com\/fr\/wp-json\/wp\/v2\/media\/554"}],"wp:attachment":[{"href":"https:\/\/www.hommy.com\/fr\/wp-json\/wp\/v2\/media?parent=556"}],"wp:term":[{"taxonomy":"product_brand","embeddable":true,"href":"https:\/\/www.hommy.com\/fr\/wp-json\/wp\/v2\/product_brand?post=556"},{"taxonomy":"product_cat","embeddable":true,"href":"https:\/\/www.hommy.com\/fr\/wp-json\/wp\/v2\/product_cat?post=556"},{"taxonomy":"product_tag","embeddable":true,"href":"https:\/\/www.hommy.com\/fr\/wp-json\/wp\/v2\/product_tag?post=556"}],"curies":[{"name":"wp","href":"https:\/\/api.w.org\/{rel}","templated":true}]}}