{"id":549,"date":"2024-07-02T13:52:30","date_gmt":"2024-07-02T13:52:30","guid":{"rendered":"http:\/\/localhost\/hommywp\/hm-pm-50-commercial-heavy-duty-ice-block-machine-price-list\/"},"modified":"2025-08-01T09:57:34","modified_gmt":"2025-08-01T09:57:34","slug":"hm-pm-50-machine-a-fabriquer-des-blocs-de-glace","status":"publish","type":"product","link":"https:\/\/www.hommy.com\/fr\/p\/hm-pm-50-machine-a-fabriquer-des-blocs-de-glace\/","title":{"rendered":"Hm-Pm-50 Commercial Heavy Duty Ice Block Machine Price List"},"content":{"rendered":"<div>\n<p style=\"text-align: center\"><span style=\"font-family:\u5b8b\u4f53;letter-spacing:0;font-size:29px\"><br \/><\/span><\/p>\n<h2 style=\"text-align: center\"><strong><span style=\"letter-spacing: 0px;font-family: arial, helvetica, sans-serif;font-size: 24px\"><a name=\"ice block making machine\"><\/a>machine \u00e0 fabriquer des blocs de glace<\/span><\/strong><\/h2>\n<p style=\"text-align: center\"><a href=\"#ice block making machine\" target=\"_self\" data-lv=\"0\" rel=\"noopener\"><span style=\"font-size: 16px\"><span style=\"letter-spacing: 0px;font-family: arial, helvetica, sans-serif\">machine \u00e0 fabriquer des blocs de glace<\/span><\/span><\/a><span style=\"font-size: 16px\"><span style=\"letter-spacing: 0px;font-family: arial, helvetica, sans-serif\"><\/span><span style=\"letter-spacing: 0px;font-family: arial, helvetica, sans-serif\">|<a href=\"#Product Features\" target=\"_self\" data-lv=\"0\" rel=\"noopener\">Caract\u00e9ristiques du produit<\/a>|<a href=\"#Product specification\" target=\"_self\" data-lv=\"0\" rel=\"noopener\">Sp\u00e9cification du produit<\/a><\/span><\/span><\/p>\n<p><span style=\"font-size: 16px\"><br \/><\/span><\/p>\n<p style=\"text-align: center\"><span style=\"font-size: 16px\">&nbsp; &nbsp;&nbsp;<\/span><\/p>\n<p><span style=\"font-size: 16px\"><\/span><\/p>\n<p><span style=\"font-size: 16px\"><\/span><\/p>\n<p><\/p>\n<p>Notre machine est un outil hautement automatis\u00e9 qui est largement demand\u00e9 dans le monde entier. Dans nos installations modernes, nous fabriquons et concevons ces machines dans diverses sp\u00e9cifications \u00e0 des prix tr\u00e8s comp\u00e9titifs. Ces machines sont capables de fournir une qualit\u00e9 constante et uniforme, ce qui est essentiel pour la fabrication de blocs de glace. Nos machines sont fabriqu\u00e9es \u00e0 l'aide des derni\u00e8res technologies et sont hautement efficaces et robustes. Gr\u00e2ce \u00e0 leurs diverses caract\u00e9ristiques, ces <a style=\"color:blue\" href=\"https:\/\/www.hommy.com\/fr\/machine-a-blocs-de-glace\/\">machine \u00e0 blocs de glace<\/a>sont largement appr\u00e9ci\u00e9es par nos clients pour leur fiabilit\u00e9 et leur facilit\u00e9 d'utilisation. Ces machines sont fabriqu\u00e9es sous la direction d'ing\u00e9nieurs hautement qualifi\u00e9s et leurs performances sont \u00e9valu\u00e9es en fonction de divers param\u00e8tres.<\/p>\n<div class=\"d-tem01-graphic tem01-graphic mockup\" data-detail=\"wrap\">\n<div class=\"cont-section clearfix d-clearfix\">\n<div class=\"col-md-6 col-sm-6 col-xs-6\">\n<p><\/p>\n<p><\/p>\n<div class=\"graphic_pic animated wow bounceIn\" data-wow-delay=\".7s\"><img loading=\"lazy\" decoding=\"async\" src=\"https:\/\/www.hommy.com\/wp-content\/uploads\/16030772362707.jpg\" alt=\"produit-Hommy-img\" title=\"\" width=\"500\" height=\"350\" border=\"0\" vspace=\"0\" style=\"width: 500px;height: 350px\"><br \/>\n &nbsp; &nbsp; &nbsp; &nbsp; &nbsp; &nbsp;<\/div>\n<\/div>\n<div class=\"col-md-6 col-sm-6 col-xs-6\">\n<div class=\"right-p\">\n<div class=\"h2 heading\">\n<h2><strong><span style=\"font-family: arial, helvetica, sans-serif;font-size: 24px\"><span style=\"font-family: arial, helvetica, sans-serif;letter-spacing: 0px\"><a name=\"Product Features\"><\/a>Produit <\/span><span style=\"font-family: arial, helvetica, sans-serif\">Caract\u00e9ristiques<\/span><\/span><\/strong><\/h2>\n<p><span style=\"font-family: arial, helvetica, sans-serif\"><span style=\"font-size: 16px\">1.<\/span><span style=\"font-size: 16px\">La machine est d'apparence luxueuse, facile \u00e0 utiliser et peu co\u00fbteuse \u00e0 entretenir.<\/span><\/span><\/p>\n<p><span style=\"font-family: arial, helvetica, sans-serif\"><span style=\"font-family: \u5b8b\u4f53;font-size: 16px\">2.<\/span><span style=\"font-family: Calibri;font-size: 16px\">L'int\u00e9rieur du r\u00e9servoir est en acier inoxydable pur qui peut r\u00e9sister \u00e0 l'\u00e9rosion par l'acide chlorhydrique.<\/span><\/span><\/p>\n<p><span style=\"font-family: arial, helvetica, sans-serif\"><span style=\"font-family: \u5b8b\u4f53;font-size: 16px\">3.<\/span><span style=\"font-family: Calibri;font-size: 16px\">Le fonctionnement est simple.<\/span><\/span><\/p>\n<p><span style=\"font-family: arial, helvetica, sans-serif\"><span style=\"font-family: \u5b8b\u4f53;font-size: 16px\">4.<\/span><span style=\"font-family: Calibri;font-size: 16px\">Couverture \u00e9tanche \u00e0 l'air et maintien de l'utilisation du mat\u00e9riel \u00e0 long terme.<\/span><\/span><\/p>\n<p><span style=\"font-family: arial, helvetica, sans-serif\"><span style=\"font-family: \u5b8b\u4f53;font-size: 16px\">5.<\/span><span style=\"font-family: Calibri;font-size: 16px\">Faibles investissements pour une production maximale<\/span><\/span><\/p>\n<p><span style=\"font-family: arial, helvetica, sans-serif\"><span style=\"font-family: \u5b8b\u4f53;font-size: 16px\">6.<\/span><span style=\"font-family: Calibri;font-size: 16px\">Tirer profit de l'eau, un potentiel de profit incroyable.<\/span><\/span><\/p>\n<p><span style=\"font-family: arial, helvetica, sans-serif\"><span style=\"font-family: \u5b8b\u4f53;font-size: 16px\">7.<\/span><span style=\"font-family: Calibri;font-size: 16px\">Capacit\u00e9s offertes : 1 tonne\/24H , 2 tonnes\/24H ,3 tonnes\/24H , 4 tonnes\/24H , 5 tonnes\/24H .<\/span><\/span><\/p>\n<p><span style=\"font-family: arial, helvetica, sans-serif\"><span style=\"font-family: \u5b8b\u4f53;font-size: 16px\">8.<\/span><span style=\"font-family: Calibri;font-size: 16px\">Ice weight: 5kgs(130X70X630mm),10kgs(260X70X630mm),15kgs(210X100X830mm),20kgs(210X120X830mm),<\/span><\/span><\/p>\n<p style=\"text-indent: 32px\"><span style=\"font-size: 16px;font-family: arial, helvetica, sans-serif\">25kgs(280X120X830mm)<\/span><\/p>\n<p><span style=\"font-family: arial, helvetica, sans-serif\"><span style=\"font-family: \u5b8b\u4f53;font-size: 16px\">9.<\/span><span style=\"font-family: Calibri;font-size: 16px\">Pas de besoin de travailleurs qualifi\u00e9s<\/span><\/span><\/p>\n<p><span style=\"font-family: arial, helvetica, sans-serif\"><span style=\"font-family: \u5b8b\u4f53;font-size: 16px\">10.<\/span><span style=\"font-family: Calibri;font-size: 16px\">Grande durabilit\u00e9, entretien minimal<\/span><\/span><\/p>\n<p><span style=\"font-family: arial, helvetica, sans-serif\"><span style=\"font-family: \u5b8b\u4f53;font-size: 16px\">11. <\/span><span style=\"font-family: Calibri;font-size: 16px\">Si la machine fonctionne avec un syst\u00e8me de refroidissement par eau, il faudra installer une pompe et une tour de refroidissement en m\u00eame temps.<\/span><\/span><\/p>\n<p><span>&nbsp; &nbsp; &nbsp;<\/span><\/div>\n<\/div>\n<\/div>\n<\/div>\n<\/div>\n<p><\/p>\n<h2><strong><span style=\"letter-spacing: 0px;font-family: arial, helvetica, sans-serif;font-size: 24px\"><a name=\"Product specification\"><\/a>Sp\u00e9cification du produit<\/span><\/strong><\/h2>\n<p><strong><span style=\"letter-spacing: 0px;font-family: arial, helvetica, sans-serif;font-size: 24px\"><br \/><\/span><\/strong><\/p>\n<p><strong><span style=\"letter-spacing: 0px;font-family: arial, helvetica, sans-serif;font-size: 24px\"><img loading=\"lazy\" decoding=\"async\" src=\"https:\/\/www.hommy.com\/wp-content\/uploads\/16030770308566.png\" title=\"\" alt=\"produit-Hommy-img\" width=\"1000\" height=\"424\" border=\"0\" vspace=\"0\" style=\"width: 1000px;height: 424px\"><\/span><\/strong><\/p>\n<p><\/p>\n<p>Document\uff1a<img decoding=\"async\" src=\"https:\/\/www.hommy.com\/wp-content\/uploads\/icon_pdf-24.gif\" style=\"margin-right: 2px\" alt=\"produit-HM-PM-50 machine \u00e0 fabriquer des blocs de glace-Hommy-img\" title=\"\"><a href=\"https:\/\/img80002414.weyesimg.com\/uploads\/www.hommy.com\/addon\/16030773368604.pdf\" title=\"16030773368604.pdf\" style=\"font-size: 12px\">16030773368604.pdf<\/a><\/p>\n<h2 style=\"font-family: sans-serif\">Pourquoi les machines \u00e0 gla\u00e7ons co\u00fbtent-elles si cher ?<\/h2>\n<p style=\"margin-top: 5px;margin-bottom: 5px;font-family: sans-serif;font-size: 16px\">Cet article est le premier d'une s\u00e9rie de billets sur les cinq plus grandes machines \u00e0 gla\u00e7ons au monde, de la plus petite \u00e0 la plus grande.Si une connaissance de base des machines \u00e0 gla\u00e7ons est indispensable pour tous ceux qui boivent du soda, de la limonade et de l'eau aux \u00c9tats-Unis, une machine \u00e0 gla\u00e7ons ne se limite pas \u00e0 la fabrication de gla\u00e7ons.Un r\u00e9frig\u00e9rateur domestique moyen produit entre 500 et 600 livres de gla\u00e7ons par jour. La glace produite par les machines \u00e0 gla\u00e7ons n'a pas besoin d'\u00eatre aussi pure, mais les fabricants veulent produire de la glace sans bulles d'air ni autres impuret\u00e9s.<\/p>\n<h2 style=\"font-family: sans-serif\"><\/h2>\n<h2 style=\"font-family: sans-serif\">Comment faire un bon bloc de glace \u00e0 la maison ?<\/h2>\n<p style=\"margin-top: 5px;margin-bottom: 5px;font-family: sans-serif;font-size: 16px\">R : Vous avez besoin de quatre ingr\u00e9dients pour les blocs de glace : du sel, du bicarbonate de soude, de la levure chimique et du lait en poudre. Tu m\u00e9langes le tout pour obtenir une sorte de p\u00e2te molle, puis tu la laisses geler. Si vous le souhaitez, vous pouvez ajouter du cacao en poudre ou du jus de citron. Si tu laisses le m\u00e9lange de blocs de glace refroidir au cong\u00e9lateur jusqu'\u00e0 ce qu'il ait la consistance d'une p\u00e2te \u00e0 biscuits tr\u00e8s humide, il sera plus facile \u00e0 manipuler.Lorsque tu es pr\u00eat \u00e0 faire un bloc de glace, prends ta p\u00e2te et roule-la en forme de grosse boule de neige. Remets-la au cong\u00e9lateur jusqu'\u00e0 ce qu'elle soit bien fig\u00e9e. Lorsque vous \u00eates pr\u00eat \u00e0 pr\u00e9parer des friandises en blocs de glace, utilisez un couteau bien aiguis\u00e9 ou une cuill\u00e8re \u00e0 glace pour sortir la p\u00e2te du cong\u00e9lateur, lui redonner la forme d'une b\u00fbche et la d\u00e9couper en morceaux faciles \u00e0 manipuler.<\/p>\n<p style=\"margin-top: 5px;margin-bottom: 5px;font-family: sans-serif;font-size: 16px\"><\/p>\n<h2 style=\"font-family: sans-serif\">Les poches de glace sont-elles plus efficaces que la glace ?<\/h2>\n<p style=\"margin-top: 5px;margin-bottom: 5px;font-family: sans-serif;font-size: 16px\">Une recherche rapide sur Google donne une centaine de r\u00e9sultats. Il semble que de nombreuses personnes ne soient pas convaincues de l'efficacit\u00e9 des poches de glace, mais si vous \u00eates toujours \u00e0 la recherche de preuves, voici une citation de la US National Library of Medicine qui semble corroborer ce que vous observez dans votre exp\u00e9rience.<\/p>\n<\/div><\/div>","protected":false},"excerpt":{"rendered":"<p>ice block making machine ice block making machine|Product Features|Product specification &nbsp; &nbsp;&nbsp; Our machine is a highly automated tool that is widely demanded throughout the globe. In our modernized facility, we manufacture and design these machines in various specifications at most competitive prices. These machines are capable of providing consistent and uniform quality, which is [&hellip;]<\/p>\n","protected":false},"featured_media":546,"comment_status":"open","ping_status":"open","template":"","meta":{"_swt_meta_header_display":false,"_swt_meta_footer_display":false,"_swt_meta_site_title_display":false,"_swt_meta_sticky_header":false,"_swt_meta_transparent_header":false},"product_brand":[],"product_cat":[76],"product_tag":[],"class_list":{"0":"post-549","1":"product","2":"type-product","3":"status-publish","4":"has-post-thumbnail","6":"product_cat-ice-block-machine","8":"first","9":"instock","10":"shipping-taxable","11":"product-type-simple"},"_links":{"self":[{"href":"https:\/\/www.hommy.com\/fr\/wp-json\/wp\/v2\/product\/549","targetHints":{"allow":["GET"]}}],"collection":[{"href":"https:\/\/www.hommy.com\/fr\/wp-json\/wp\/v2\/product"}],"about":[{"href":"https:\/\/www.hommy.com\/fr\/wp-json\/wp\/v2\/types\/product"}],"replies":[{"embeddable":true,"href":"https:\/\/www.hommy.com\/fr\/wp-json\/wp\/v2\/comments?post=549"}],"wp:featuredmedia":[{"embeddable":true,"href":"https:\/\/www.hommy.com\/fr\/wp-json\/wp\/v2\/media\/546"}],"wp:attachment":[{"href":"https:\/\/www.hommy.com\/fr\/wp-json\/wp\/v2\/media?parent=549"}],"wp:term":[{"taxonomy":"product_brand","embeddable":true,"href":"https:\/\/www.hommy.com\/fr\/wp-json\/wp\/v2\/product_brand?post=549"},{"taxonomy":"product_cat","embeddable":true,"href":"https:\/\/www.hommy.com\/fr\/wp-json\/wp\/v2\/product_cat?post=549"},{"taxonomy":"product_tag","embeddable":true,"href":"https:\/\/www.hommy.com\/fr\/wp-json\/wp\/v2\/product_tag?post=549"}],"curies":[{"name":"wp","href":"https:\/\/api.w.org\/{rel}","templated":true}]}}