{"id":536,"date":"2024-07-02T13:45:33","date_gmt":"2024-07-02T13:45:33","guid":{"rendered":"http:\/\/localhost\/hommywp\/zj130-hand-operated-sugarcane-juice-machine-at-best-factory-prices\/"},"modified":"2025-08-01T09:57:34","modified_gmt":"2025-08-01T09:57:34","slug":"zj120-machine-a-jus-de-canne-a-sucre-manuelle","status":"publish","type":"product","link":"https:\/\/www.hommy.com\/fr\/p\/zj120-machine-a-jus-de-canne-a-sucre-manuelle\/","title":{"rendered":"Zj130 Hand Operated Sugarcane Juice Machine At Best Factory Prices (Machine \u00e0 jus de canne \u00e0 sucre manuelle aux meilleurs prix d'usine)"},"content":{"rendered":"<div>\n<p><span><\/span><\/p>\n<h2 style=\"text-align: center\"><strong><span style=\"font-family: arial, helvetica, sans-serif;font-size: 24px\"><a name=\"Sugar Cane Juice Extractor Machine by hand\"><\/a>Machine manuelle \u00e0 extraire le jus de canne \u00e0 sucre<\/span><\/strong><\/h2>\n<p style=\"text-align: center\"><span style=\"font-size: 16px;font-family: arial, helvetica, sans-serif\"><\/span><a href=\"#Sugar Cane Juice Extractor Machine by hand\" target=\"_self\" data-lv=\"0\" rel=\"noopener\"><span style=\"font-family: arial, helvetica, sans-serif\">Machine \u00e0 extraire manuellement le jus de canne \u00e0 sucre<\/span><\/a><span style=\"font-family: arial, helvetica, sans-serif\">|<a href=\"#PRODUCT FEATURES\" target=\"_self\" data-lv=\"0\" rel=\"noopener\">CARACT\u00c9RISTIQUES DU PRODUIT<\/a>|<a href=\"#Sugarcane Juice Machine by hand\" target=\"_self\" data-lv=\"0\" rel=\"noopener\">Machine \u00e0 jus de canne \u00e0 sucre manuelle<\/a>|<a href=\"#PRODUCT SPECIFICATION\" target=\"_self\" data-lv=\"0\" rel=\"noopener\">SP\u00c9CIFICATION DU PRODUIT<\/a>|<a href=\"#PRODUCT ADVANTAGE\" target=\"_self\" data-lv=\"0\" rel=\"noopener\">AVANTAGE DU PRODUIT<\/a><span style=\"font-size: 16px\"><\/span><\/span><\/p>\n<p><strong><span style=\"font-family: arial, helvetica, sans-serif;font-size: 24px\"><br \/><\/span><\/strong><\/p>\n<p style=\"text-align: center\">&nbsp;<\/p>\n<p><!-- Video start --><video poster=\"https:\/\/img80002414.weyesimg.com\/uploads\/www.hommy.com\/video\/15828715752041.mp4?vframe\/jpg\/offset\/1\" id=\"video\" preload=\"auto\" controls=\"controls\" style=\"width:100%;height:510px\"><\/video><!-- Video end --><\/p>\n<p><span style=\"font-size: 14px\"><br \/><\/span><\/p>\n<p>&nbsp;<\/p>\n<div class=\"d-tem11-graphic tem11-graphic mockup\" data-detail=\"wrap\">\n<div class=\"tab_row\">\n<div class=\"img\" style=\"width: 49.1%;height: 306px\">\n<p style=\"text-align: center\"><img decoding=\"async\" height=\"353\" style=\"width: 69.61%\" src=\"https:\/\/www.hommy.com\/wp-content\/uploads\/15828803795049-3.jpg\" alt=\"produit-ZJ130 Machine \u00e0 jus de canne \u00e0 sucre manuelle-Hommy-img\" title=\"\"><\/p>\n<\/div>\n<div class=\"text_box\" style=\"width: 50%\">\n<div class=\"txt\">\n<h2><strong><span style=\"font-family: arial, helvetica, sans-serif;font-size: 24px\"><a name=\"Sugarcane Juice Machine by hand \"><\/a>Presse-canne \u00e0 sucre Machine manuelle&nbsp;<\/span><\/strong><\/h2>\n<p>&nbsp;<\/p>\n<p style=\"line-height: 1.5em\">S\u00fbr, hygi\u00e9nique, <br \/>Proc\u00e9d\u00e9 r\u00e9volutionnaire d'extraction de la canne \u00e0 sucre.<br \/>Ext\u00e9rieur en acier inoxydable .<br \/>Facile \u00e0 utiliser .<\/p>\n<p style=\"line-height: 1.5em\"><strong><span style=\"font-size: 18px\">Rouleau<\/span><\/strong><\/p>\n<p style=\"line-height: 1.5em\">Partie int\u00e9rieure en fer<br \/>Enveloppe ext\u00e9rieure en acier inoxydable<br \/>Il n'est pas possible de l'enlever pour le nettoyer, il suffit d'utiliser de l'eau pour le rincer.&nbsp;<\/p>\n<p style=\"line-height: 1.5em\"><strong><span style=\"font-size: 18px\"><br \/><\/span><\/strong><\/p>\n<p style=\"line-height: 1.5em\"><strong><span style=\"font-size: 18px\">B\u00e2ton de pression<\/span><\/strong><\/p>\n<p style=\"line-height: 1.5em\"><span style=\"font-size: 14px\">R\u00e9gler manuellement la distance entre les barres de pression.<\/span><\/p>\n<p style=\"line-height: 1.5em\"><span style=\"font-size: 14px\">qui peut ajouter un taux de jus .<br \/><\/span><\/p>\n<p style=\"line-height: 1.5em\"><\/p>\n<p>&nbsp;<\/p>\n<\/div>\n<\/div>\n<\/div>\n<\/div>\n<p><!-- \u8517\u6c41\u673aadvantages start --><\/p>\n<p><span style=\"font-size: 24px\"><\/span><\/p>\n<h2 style=\", Helvetica, Arial, sans-serif\"><strong><span style=\"font-size: 24px;font-family: arial, helvetica, sans-serif\"><a name=\"PRODUCT FEATURES\"><\/a>CARACT\u00c9RISTIQUES DU PRODUIT<\/span><\/strong><\/h2>\n<div class=\"subtitle\" style=\"font-size: 13px;line-height: 30px\"><span><\/span><\/p>\n<p style=\"margin: 0px;padding: 0px;font-size: 12px;line-height: 30px\"><span style=\"color:#3f3f3f\">La commande manuelle <a style=\"color:blue\" href=\"https:\/\/www.hommy.com\/fr\/sugarcan-juice-machine\/\">machine \u00e0 jus de canne \u00e0 sucre<\/a> est facile \u00e0 utiliser et \u00e0 nettoyer, et elle peut extraire du jus de canne \u00e0 sucre frais en quelques minutes seulement. Commandez donc votre meilleure machine d\u00e8s aujourd'hui !<\/span><\/p>\n<p style=\"margin: 0px;padding: 0px;font-size: 12px;line-height: 30px\"><span style=\"color:#3f3f3f\"><br \/><\/span><\/p>\n<h3 style=\"margin: 0px;padding: 0px;font-size: 12px;line-height: 30px\"><span style=\"color:#3f3f3f\">FACILE \u00c0 UTILISER<\/span><\/h3>\n<h3 style=\"margin: 0px;padding: 0px;font-size: 12px;line-height: 30px\"><span style=\"color:#3f3f3f\">Ce presse-canne manuel est facile \u00e0 utiliser. Il suffit de placer la canne \u00e0 sucre dans l'extracteur et de tourner la manivelle. La machine int\u00e9gr\u00e9e de tr\u00e9filage en spirale extrait le jus de la canne \u00e0 sucre. Les machines manuelles de traitement de la canne \u00e0 sucre sont \u00e9galement con\u00e7ues pour une utilisation en milieu industriel. Elles sont durables et faciles \u00e0 utiliser, ce qui les rend id\u00e9ales pour les op\u00e9rations de traitement du jus de canne \u00e0 sucre \u00e0 grande \u00e9chelle.<\/span><\/h3>\n<p><span style=\"color:#3f3f3f\"><br \/><\/span><span style=\"color:#3f3f3f\"><br \/><\/span><\/p>\n<h3 style=\"margin: 0px;padding: 0px;font-size: 12px;line-height: 30px\"><span style=\"color:#3f3f3f\">L'ENTR\u00c9E EST LARGE ET PRATIQUE \u00c0 UTILISER<\/span><\/h3>\n<h3 style=\"margin: 0px;padding: 0px;font-size: 12px;line-height: 30px\"><span style=\"color:#3f3f3f\">L'extracteur de jus de canne \u00e0 sucre est dot\u00e9 d'une grande entr\u00e9e. Vous pouvez facilement ins\u00e9rer la canne \u00e0 sucre dans l'appareil.&nbsp;<\/span><\/h3>\n<p><span style=\"color:#3f3f3f\"><br \/><\/span><span style=\"color:#3f3f3f\"><br \/><\/span><\/p>\n<h3 style=\"margin: 0px;padding: 0px;font-size: 12px;line-height: 30px\"><span style=\"color:#3f3f3f\">ROBUSTE ET DURABLE<\/span><\/h3>\n<h3 style=\"margin: 0px;padding: 0px;font-size: 12px;line-height: 30px\"><span style=\"color:#3f3f3f\">La machine \u00e0 jus de canne \u00e0 sucre est fabriqu\u00e9e en acier inoxydable. Elle est r\u00e9sistante \u00e0 la corrosion et \u00e0 l'usure, ce qui lui assure une longue dur\u00e9e de vie.<\/span><\/h3>\n<p><span style=\"color:#3f3f3f\"><br \/><\/span><span style=\"color:#3f3f3f\"><br \/><\/span><\/p>\n<h3 style=\"margin: 0px;padding: 0px;font-size: 12px;line-height: 30px\"><span style=\"color:#3f3f3f\">FACILE \u00c0 NETTOYER<\/span><\/h3>\n<h3 style=\"margin: 0px;padding: 0px;font-size: 12px;line-height: 30px\"><span style=\"color:#3f3f3f\">Les pi\u00e8ces de l'appareil \u00e0 jus de canne \u00e0 sucre sont amovibles. Vous pouvez les nettoyer facilement \u00e0 l'eau.<\/span><\/h3>\n<p><span style=\"color:#3f3f3f\"><br \/><\/span><span style=\"color:#3f3f3f\"><br \/><\/span><\/p>\n<h3 style=\"margin: 0px;padding: 0px;font-size: 12px;line-height: 30px\"><span style=\"color:#3f3f3f\">CONVIENT \u00c0 UNE VARI\u00c9T\u00c9 DE SC\u00c9NARIOS<\/span><\/h3>\n<h3 style=\"margin: 0px;padding: 0px;font-size: 12px;line-height: 30px\"><span style=\"color:#3f3f3f\">Cette machine manuelle \u00e0 jus de canne \u00e0 sucre convient aux magasins de fruits, aux entrep\u00f4ts frigorifiques, aux herboristeries, aux restaurants, aux h\u00f4tels, aux terminaux, aux bars, aux salles de jeux, aux \u00e9coles, aux cin\u00e9mas, aux caf\u00e9s, aux parcs, aux march\u00e9s, aux zones r\u00e9sidentielles et \u00e0 d'autres endroits. Elle est assez polyvalente et peut \u00eatre utilis\u00e9e pour produire du jus de canne \u00e0 sucre fra\u00eechement press\u00e9 qui peut \u00eatre vendu sur place.<\/span><\/h3>\n<p><span style=\"font-size: 24px\"><br \/><\/span><\/div>\n<h2><strong><span style=\"font-size: 24px;font-family: arial, helvetica, sans-serif\"><a name=\"PRODUCT SPECIFICATION\"><\/a>SP\u00c9CIFICATION DU PRODUIT<\/span><\/strong><\/h2>\n<div class=\"title\"><span style=\"font-size: 14px\">L'excellence de l'exp\u00e9rience client est le point de d\u00e9part de Hommy<\/span><\/div>\n<p><span style=\"font-size: 24px\"><\/span><\/p>\n<table width=\"723\" cellspacing=\"0\" cellpadding=\"0\">\n<colgroup>\n<col width=\"72\" style=\"width: 72px\" span=\"2\" \/>\n<col width=\"80\" style=\"width: 80px\" \/>\n<col width=\"86\" style=\"width: 86px\" \/>\n<col width=\"110\" style=\"width: 110px\" \/>\n<col width=\"87\" style=\"width: 87px\" \/>\n<col width=\"72\" style=\"width: 72px\" span=\"3\" \/><\/colgroup>\n<tbody>\n<tr class=\"firstRow\" style=\"height: 32px\">\n<td width=\"72\" height=\"61\" style=\"background-color: transparent\" rowspan=\"2\"><span style=\"font-family: \u5b8b\u4f53;font-size: 16px\">Mod\u00e8le&nbsp;<\/span><\/td>\n<td width=\"152\" style=\"background-color: transparent\" rowspan=\"2\" colspan=\"2\"><span style=\"font-family: \u5b8b\u4f53;font-size: 16px\">Alimentation \u00e9lectrique<\/span><\/td>\n<td width=\"86\" style=\"background-color: transparent\" rowspan=\"2\"><span style=\"font-family: \u5b8b\u4f53;font-size: 16px\">Type<\/span><\/td>\n<td width=\"110\" style=\"background-color: transparent\" rowspan=\"2\"><span style=\"font-family: \u5b8b\u4f53;font-size: 16px\">taille du rouleau \uff08mm)<\/span><\/td>\n<td width=\"87\" style=\"background-color: transparent\" rowspan=\"2\"><span style=\"font-family: \u5b8b\u4f53;font-size: 16px\">N.W.(kg)<\/span><\/td>\n<td width=\"216\" style=\"background-color: transparent\" colspan=\"3\"><span style=\"font-family: \u5b8b\u4f53;font-size: 16px\">Dimensions nettes (mm)<\/span><\/td>\n<\/tr>\n<tr style=\"height: 29px\">\n<td style=\"background-color: transparent\"><span style=\"font-family: \u5b8b\u4f53;font-size: 16px\">largeur<\/span><\/td>\n<td style=\"background-color: transparent\"><span style=\"font-family: \u5b8b\u4f53;font-size: 16px\">profondeur<\/span><\/td>\n<td style=\"background-color: transparent\"><span style=\"font-family: \u5b8b\u4f53;font-size: 16px\">Hauteur<\/span><\/td>\n<\/tr>\n<tr style=\"height: 36px\">\n<td height=\"36\" style=\"background-color: transparent\"><span style=\"font-family: \u5b8b\u4f53;font-size: 16px\">ZJ130<\/span><\/td>\n<td style=\"background-color: transparent\" colspan=\"2\"><span style=\"font-family: \u5b8b\u4f53;font-size: 16px\">Non<\/span><\/td>\n<td style=\"background-color: transparent\"><span style=\"font-family: \u5b8b\u4f53;font-size: 16px\">table&nbsp;<\/span><\/td>\n<td style=\"background-color: transparent\"><span style=\"font-family: \u5b8b\u4f53;font-size: 16px\">100 X \u00d873<\/span><\/td>\n<td style=\"background-color: transparent\"><span style=\"font-family: \u5b8b\u4f53;font-size: 16px\">33<\/span><\/td>\n<td style=\"background-color: transparent\"><span style=\"font-family: \u5b8b\u4f53;font-size: 16px\">340<\/span><\/td>\n<td style=\"background-color: transparent\"><span style=\"font-family: \u5b8b\u4f53;font-size: 16px\">380<\/span><\/td>\n<td style=\"background-color: transparent\"><span style=\"font-family: \u5b8b\u4f53;font-size: 16px\">380<\/span><\/td>\n<\/tr>\n<tr style=\"height: 57px\">\n<td height=\"57\" style=\"background-color: transparent\"><span style=\"font-family: \u5b8b\u4f53;font-size: 16px\">ZJ140<\/span><\/td>\n<td width=\"152\" style=\"background-color: transparent\" colspan=\"2\"><span style=\"font-family: \u5b8b\u4f53;font-size: 16px\">220V, 50HZ\/60HZ, 1ph (0,75W)<\/span><\/td>\n<td style=\"background-color: transparent\"><span style=\"font-family: \u5b8b\u4f53;font-size: 16px\">Vertical<\/span><\/td>\n<td style=\"background-color: transparent\"><span style=\"font-family: \u5b8b\u4f53;font-size: 16px\">100 X \u00d873<\/span><\/td>\n<td style=\"background-color: transparent\"><span style=\"font-family: \u5b8b\u4f53;font-size: 16px\">50<\/span><\/td>\n<td style=\"background-color: transparent\"><span style=\"font-family: \u5b8b\u4f53;font-size: 16px\">350<\/span><\/td>\n<td style=\"background-color: transparent\"><span style=\"font-family: \u5b8b\u4f53;font-size: 16px\">430<\/span><\/td>\n<td style=\"background-color: transparent\"><span style=\"font-family: \u5b8b\u4f53;font-size: 16px\">920<\/span><\/td>\n<\/tr>\n<\/tbody>\n<\/table>\n<p><span style=\"font-size: 24px\"><\/span><\/p>\n<p><span style=\"font-size: 24px\"><br \/><\/span><\/p>\n<h2><strong><span style=\"font-size: 24px;font-family: arial, helvetica, sans-serif\"><a name=\"PRODUCT ADVANTAGE\"><\/a>AVANTAGE DU PRODUIT<\/span><\/strong><\/h2>\n<div class=\"text-left d-tem09-title d-interval\" data-detail=\"wrap\">\n<div class=\"title-header\">\n<div class=\"subtitle\"><span>En outre, des ing\u00e9nieurs hautement qualifi\u00e9s, des technologues comp\u00e9tents et un personnel bien inform\u00e9 contribuent largement au d\u00e9veloppement de l'entreprise.<\/span><\/div>\n<p><span><\/span><\/div>\n<\/div>\n<div class=\"d-tem01-graphic tem01-graphic mockup\" data-detail=\"wrap\">\n<div class=\"cont-section clearfix d-clearfix\">\n<div class=\"col-md-6 col-sm-6 col-xs-6\">\n<div class=\"right-p\">\n<div class=\"h2 heading\"><strong>Rouleau &nbsp;<\/strong><\/div>\n<p><strong>&nbsp;<\/strong><\/p>\n<div class=\"description\">\n<p style=\"text-align: center\"><strong><img loading=\"lazy\" decoding=\"async\" width=\"261\" height=\"239\" title=\"\" style=\"width: 247px\" alt=\"produit-Hommy-img\" src=\"https:\/\/www.hommy.com\/wp-content\/uploads\/15828745399521-6.png\"><\/strong><\/p>\n<\/div>\n<\/div>\n<p><strong>&nbsp; &nbsp; &nbsp; &nbsp; &nbsp; &nbsp;<\/strong><\/div>\n<div class=\"col-md-6 col-sm-6 col-xs-6\">\n<div class=\"right-p\">\n<div class=\"h2 heading\"><strong>&nbsp;Ajuster la pression en bar&nbsp;<\/strong><\/div>\n<\/div>\n<div class=\"graphic_pic animated wow bounceIn\" data-wow-delay=\".7s\">\n<p style=\"text-align: center\"><strong><img loading=\"lazy\" decoding=\"async\" width=\"471\" height=\"233\" title=\"\" style=\"width: 311px\" alt=\"produit-Hommy-img\" src=\"https:\/\/www.hommy.com\/wp-content\/uploads\/15828747489869-6.png\"><\/strong><\/p>\n<\/div>\n<\/div>\n<\/div>\n<\/div>\n<p>&nbsp;<\/p>\n<p><span style=\"text-align: center\"><\/span><\/p>\n<div class=\"d-tem01-graphic tem01-graphic mockup\" data-detail=\"wrap\">\n<div class=\"cont-section clearfix d-clearfix\">\n<div class=\"col-md-6 col-sm-6 col-xs-6\">\n<div class=\"right-p\">\n<div class=\"h2 heading\">\n<p style=\"margin: 0pt\"><strong><span style=\"font-family: \u5b8b\u4f53;font-size: 24px\">Poign\u00e9e<\/span><\/strong><\/p>\n<\/div>\n<p style=\"padding: 0px;text-indent: 0px;vertical-align: baseline\"><span style=\"font-family: \u5b8b\u4f53;font-size: 16px\"><br \/><\/span><\/p>\n<\/div>\n<div class=\"graphic_pic animated wow bounceIn\" data-wow-delay=\".7s\">\n<p style=\"text-align: center\"><img loading=\"lazy\" decoding=\"async\" width=\"345\" height=\"219\" title=\"\" style=\"width: 267px\" alt=\"produit-machine \u00e0 jus de canne \u00e0 sucre non \u00e9lectrique -Hommy-img\" src=\"https:\/\/www.hommy.com\/wp-content\/uploads\/15828749106493-6.png\"><\/p>\n<\/div>\n<\/div>\n<div class=\"col-md-6 col-sm-6 col-xs-6\">\n<div class=\"right-p\">\n<div class=\"h2 heading\">Sortie &nbsp;<\/div>\n<p style=\"padding: 0px;text-align: left;line-height: 17px;vertical-align: baseline\"><span style=\"letter-spacing: 0px;font-family: \u5b8b\u4f53;font-size: 16px;font-style: normal;font-weight: normal\"><br \/><\/span><\/p>\n<\/div>\n<div class=\"graphic_pic animated wow bounceIn\" data-wow-delay=\".7s\">\n<p style=\"text-align: center\"><img loading=\"lazy\" decoding=\"async\" width=\"342\" height=\"240\" title=\"\" style=\"width: 282px\" alt=\"produit-Hommy-ZJ130 Machine \u00e0 jus de canne \u00e0 sucre par hand-img\" src=\"https:\/\/www.hommy.com\/wp-content\/uploads\/15828750346126.png\"><\/p>\n<\/div>\n<\/div>\n<\/div>\n<\/div>\n<p><span style=\"text-align: center\"><\/span><\/p>\n<div class=\"d-tem01-graphic tem01-graphic mockup\" data-detail=\"wrap\">\n<div class=\"cont-section clearfix d-clearfix\">\n<div class=\"col-md-6 col-sm-6 col-xs-6\">\n<div class=\"right-p\">\n<div class=\"h2 heading\">Retirer le jus du robinet&nbsp;&nbsp;<\/div>\n<div class=\"description\"><span style=\"font-family: \u5b8b\u4f53;font-size: 14px\">Ajouter un filtre <\/span><\/div>\n<\/div>\n<div class=\"graphic_pic animated wow bounceIn\" data-wow-delay=\".7s\">\n<p style=\"text-align: center\"><img loading=\"lazy\" decoding=\"async\" width=\"201\" height=\"322\" title=\"\" style=\"width: 475px\" alt=\"produit-Hommy-machine \u00e0 jus de canne \u00e0 sucre non \u00e9lectrique -img\" src=\"https:\/\/www.hommy.com\/wp-content\/uploads\/15828751527020.png\"><\/p>\n<\/div>\n<\/div>\n<div class=\"col-md-6 col-sm-6 col-xs-6\">\n<div class=\"right-p\">\n<div class=\"h2 heading\">\n<p style=\"margin: 0pt\">Entr\u00e9e d'alimentation&nbsp;<\/p>\n<\/div>\n<div class=\"description\">Plus grande taille, facile \u00e0 utiliser pour la deuxi\u00e8me fois<\/p>\n<p style=\"text-align: center\"><img decoding=\"async\" src=\"https:\/\/www.hommy.com\/wp-content\/uploads\/15828767927922.png\" alt=\"produit-ZJ130 Machine \u00e0 jus de canne \u00e0 sucre manuelle-Hommy-img-1\" title=\"\"><\/p>\n<\/div>\n<\/div>\n<p>&nbsp;&nbsp;&nbsp;&nbsp;&nbsp;&nbsp;&nbsp;&nbsp;&nbsp;&nbsp;&nbsp;&nbsp;<\/p>\n<p style=\"text-align: center\"><span style=\"font-size: 20px\"><br \/><\/span><\/p>\n<\/div>\n<\/div>\n<\/div>\n<p><!-- \u8517\u6c41\u673aadvantages End --><\/p>\n<h2>Machine \u00e0 jus de canne \u00e0 sucre manuelle Hommy en Inde pour les magasins de fruits<\/h2>\n<h3>Cr\u00e9er une entreprise de fabrication de jus de canne \u00e0 sucre \u00e0 la main en Inde<\/h3>\n<p>La cr\u00e9ation d'une entreprise de machines \u00e0 jus de canne \u00e0 sucre manuelles en Inde est un excellent moyen de devenir son propre patron, de fixer ses propres horaires et de gagner un bon revenu.<\/p>\n<p>Tout d'abord, le march\u00e9 du jus de canne \u00e0 sucre conna\u00eet une croissance rapide en Inde. Deuxi\u00e8mement, le jus de canne \u00e0 sucre est une boisson saine et rafra\u00eechissante qui est populaire dans tous les groupes d'\u00e2ge.<\/p>\n<p>Troisi\u00e8mement, cr\u00e9er sa propre entreprise est un excellent moyen d'\u00eatre son propre patron et de gagner un bon revenu.<\/p>\n<p>Quatri\u00e8mement, avec une machine \u00e0 jus de canne \u00e0 sucre manuelle, vous pouvez d\u00e9marrer votre projet avec un investissement tr\u00e8s faible.<\/p>\n<p>Cinqui\u00e8mement, vous avez maintenant trouv\u00e9 Hommy, un fournisseur fiable de machines \u00e0 jus de canne \u00e0 sucre en Chine.<\/p>\n<p>Par cons\u00e9quent, si vous \u00eates \u00e0 la recherche d'une opportunit\u00e9 commerciale avec un bon potentiel de croissance, d\u00e9marrer un projet de machine \u00e0 jus de canne \u00e0 sucre manuelle en Inde est une excellente option pour vous.<\/p>\n<h3>Il est difficile de trouver une usine de fabrication de presse-agrumes manuels pour canne \u00e0 sucre en Inde.<\/h3>\n<p>Voici quelques points \u00e0 prendre en compte lors de la recherche d'une usine de fabrication de presse-agrumes manuels pour canne \u00e0 sucre en Inde.<\/p>\n<p>Demandez s'ils utilisent des mat\u00e9riaux certifi\u00e9s dans les machines qu'ils fabriquent. Peuvent-ils \u00eatre prouv\u00e9s ? Peut-il offrir des garanties sur son produit ? Quels types de garanties offrent-ils sur la machine ? Quel est le prix de la garantie ? Quel est le montant des frais d'exp\u00e9dition (nationaux et internationaux) ? Le site web de l'entreprise contient-il des informations sur les personnes \u00e0 contacter ? Existe-t-il une description compl\u00e8te de ses machines ? Ces machines sont-elles test\u00e9es par un laboratoire tiers afin de s'assurer qu'elles sont s\u00fbres ? Si l'entreprise propose une garantie, quelle est la proc\u00e9dure \u00e0 suivre pour renvoyer la machine si elle est d\u00e9fectueuse ? Quelle est sa politique de retour ? Peut-il produire un certificat attestant qu'il est agr\u00e9\u00e9 par le gouvernement indien pour fabriquer ces produits ? Le cas \u00e9ch\u00e9ant, peuvent-ils prouver au gouvernement local de leur usine qu'ils respectent pleinement les lois qui r\u00e9gissent les activit\u00e9s de l'usine ? L'entreprise fournit-elle des vid\u00e9os d'instruction sur l'utilisation de son mat\u00e9riel ? Combien pouvez-vous payer par article et par mois ? Quelle est la politique de paiement ? Le cr\u00e9dit est-il autoris\u00e9 ?<\/p>\n<h3>Les \u00e9l\u00e9ments \u00e0 prendre en compte lors de l'achat d'un <a style=\"color:blue\" href=\"https:\/\/www.hommy.com\/fr\/sugarcan-juice-machine\/\">extracteur de jus de canne \u00e0 sucre<\/a> \u00e0 la main<\/h3>\n<p>\u00c9quipement de fabrication de sucre de canne. De nombreux pays produisent du sucre en utilisant la canne \u00e0 sucre comme mati\u00e8re premi\u00e8re. L'Inde est l'un d'entre eux qui produit de la canne \u00e0 sucre chaque ann\u00e9e et la consomme sur son territoire. Cependant, certaines personnes cultivent la canne \u00e0 sucre uniquement pour les b\u00e9n\u00e9fices qu'elles en tirent en la vendant aux fabricants de machines de broyage de la canne \u00e0 sucre et d'autres \u00e9quipements n\u00e9cessaires. Le pays compte un grand nombre de cultivateurs de canne \u00e0 sucre qui s'emploient \u00e0 cultiver cette plante ann\u00e9e apr\u00e8s ann\u00e9e. Bien que la demande de sucre soit \u00e9lev\u00e9e dans certaines parties du monde, elle est moindre ici, car les quantit\u00e9s n\u00e9cessaires sont d\u00e9j\u00e0 consomm\u00e9es. Par cons\u00e9quent, les prix d'achat de cette machine \u00e0 broyer sont \u00e9lev\u00e9s, de l'ordre de 2 \u00e0 3 millions de roupies, sur le march\u00e9. Mais si vous souhaitez en acheter une pour vous-m\u00eame ou pour les membres de votre famille, n'oubliez pas qu'il y a beaucoup de concurrence sur le march\u00e9 aujourd'hui, ce qui a forc\u00e9 de nombreux revendeurs \u00e0 offrir des remises pour gagner le client.<\/p>\n<h3>Hommy peut vous aider \u00e0 faire fonctionner l'entreprise de fabrication de jus de canne \u00e0 sucre.<\/h3>\n<p>Nos avantages sont les suivants D\u00e9partement R&amp;D exp\u00e9riment\u00e9 : Nous disposons d'une \u00e9quipe de recherche et d\u00e9veloppement exp\u00e9riment\u00e9e qui poss\u00e8de une grande force technique pour analyser les tendances du march\u00e9 et concevoir de nouveaux produits en fonction des exigences des clients. En outre, notre \u00e9quipe de contr\u00f4le de la qualit\u00e9 applique strictement le syst\u00e8me d'inspection de la qualit\u00e9 tout au long du processus afin de garantir la qualit\u00e9 du produit. Large gamme de produits : Notre ligne de production comprend de nombreux mod\u00e8les de machines, y compris le broyeur manuel de jus de canne \u00e0 sucre, l'extracteur automatique de jus de canne \u00e0 sucre, etc. Capacit\u00e9 OEM : Nous pouvons concevoir et fabriquer toutes sortes de machines personnalis\u00e9es de diff\u00e9rentes tailles en fonction des exigences sp\u00e9cifiques des clients. Bonne situation financi\u00e8re et TQM : Notre soci\u00e9t\u00e9 a obtenu la certification du syst\u00e8me de gestion de la qualit\u00e9 ISO9001:2008 et dispose d'actifs importants, ce qui lui permet d'assurer la stabilit\u00e9 de ses activit\u00e9s. Nous pouvons vous fournir des produits de haute qualit\u00e9 et un service supr\u00eame \u00e0 un prix comp\u00e9titif !<\/p>\n<p>&nbsp; &nbsp; &nbsp; &nbsp; &nbsp; &nbsp; &nbsp; &nbsp; &nbsp; &nbsp; &nbsp; &nbsp; &nbsp; &nbsp; &nbsp; &nbsp; &nbsp; &nbsp; &nbsp; &nbsp; &nbsp; &nbsp; &nbsp; &nbsp; &nbsp; &nbsp; &nbsp; &nbsp; &nbsp; &nbsp; &nbsp;&nbsp;<\/p>\n<p>Document\uff1a<img decoding=\"async\" src=\"https:\/\/www.hommy.com\/wp-content\/uploads\/icon_pdf-22.gif\" style=\"margin-right: 2px\" alt=\"produit-Hommy-img-1\" title=\"\"><a href=\"https:\/\/img80002414.weyesimg.com\/uploads\/www.hommy.com\/addon\/16028310973207.pdf\" title=\"16028310973207.pdf\" style=\"font-size: 12px\">16028310973207.pdf<\/a><\/p>\n<p><\/p>\n<\/div><\/div>","protected":false},"excerpt":{"rendered":"<p>Hand Operated Sugar Cane Juice Extractor Machine Sugar Cane Juice Extractor Machine by hand|PRODUCT FEATURES|Sugarcane Juice Machine by hand|PRODUCT SPECIFICATION|PRODUCT ADVANTAGE &nbsp; &nbsp; Sugarcane Juicer Machine by hand&nbsp; &nbsp; Safe, Hygienic, Revolutionary sugarcane extracting process.Outside made in stainless steel&nbsp;.Easy to operation . Roller Inside part made of ironOutside wrap with Stainless steelCan not take out [&hellip;]<\/p>\n","protected":false},"featured_media":528,"comment_status":"open","ping_status":"open","template":"","meta":{"_swt_meta_header_display":false,"_swt_meta_footer_display":false,"_swt_meta_site_title_display":false,"_swt_meta_sticky_header":false,"_swt_meta_transparent_header":false},"product_brand":[],"product_cat":[75],"product_tag":[],"class_list":{"0":"post-536","1":"product","2":"type-product","3":"status-publish","4":"has-post-thumbnail","6":"product_cat-sugarcane-juice-machine","8":"first","9":"instock","10":"shipping-taxable","11":"product-type-simple"},"_links":{"self":[{"href":"https:\/\/www.hommy.com\/fr\/wp-json\/wp\/v2\/product\/536","targetHints":{"allow":["GET"]}}],"collection":[{"href":"https:\/\/www.hommy.com\/fr\/wp-json\/wp\/v2\/product"}],"about":[{"href":"https:\/\/www.hommy.com\/fr\/wp-json\/wp\/v2\/types\/product"}],"replies":[{"embeddable":true,"href":"https:\/\/www.hommy.com\/fr\/wp-json\/wp\/v2\/comments?post=536"}],"wp:featuredmedia":[{"embeddable":true,"href":"https:\/\/www.hommy.com\/fr\/wp-json\/wp\/v2\/media\/528"}],"wp:attachment":[{"href":"https:\/\/www.hommy.com\/fr\/wp-json\/wp\/v2\/media?parent=536"}],"wp:term":[{"taxonomy":"product_brand","embeddable":true,"href":"https:\/\/www.hommy.com\/fr\/wp-json\/wp\/v2\/product_brand?post=536"},{"taxonomy":"product_cat","embeddable":true,"href":"https:\/\/www.hommy.com\/fr\/wp-json\/wp\/v2\/product_cat?post=536"},{"taxonomy":"product_tag","embeddable":true,"href":"https:\/\/www.hommy.com\/fr\/wp-json\/wp\/v2\/product_tag?post=536"}],"curies":[{"name":"wp","href":"https:\/\/api.w.org\/{rel}","templated":true}]}}