{"id":53,"date":"2024-07-02T11:51:46","date_gmt":"2024-07-02T11:51:46","guid":{"rendered":"http:\/\/localhost\/hommywp\/hm160a-automatic-smoothie-vending-machine-40-second-blends\/"},"modified":"2025-08-01T09:57:26","modified_gmt":"2025-08-01T09:57:26","slug":"hm160a-distributeur-automatique-de-smoothies-40-seconds-blends","status":"publish","type":"product","link":"https:\/\/www.hommy.com\/fr\/p\/hm160a-distributeur-automatique-de-smoothies-40-seconds-blends\/","title":{"rendered":"HM160A : Distributeur automatique de smoothies (m\u00e9langes en 40 secondes !)"},"content":{"rendered":"<h2 class=\"wp-block-heading\">HM160A : Distributeur automatique de smoothies (m\u00e9langes en 40 secondes !)<\/h2>\n\n\n\n<p>Le distributeur automatique de smoothies Hommy HM160A peut vendre des smoothies d\u00e9licieux et sains en 40 secondes en utilisant de vrais fruits surgel\u00e9s.<\/p>\n\n\n\n<div class=\"wp-block-group is-content-justification-center is-nowrap is-layout-flex wp-container-core-group-is-layout-23441af8 wp-block-group-is-layout-flex\">\n<figure class=\"wp-block-image size-large\"><img decoding=\"async\" src=\"https:\/\/www.hommy.com\/wp-content\/uploads\/17105143854028.jpg\" alt=\"\" title=\"\"><\/figure>\n\n\n\n<figure class=\"wp-block-image size-large\"><img decoding=\"async\" src=\"https:\/\/www.hommy.com\/wp-content\/uploads\/17105143847413.jpg\" alt=\"\" title=\"\"><\/figure>\n\n\n\n<figure class=\"wp-block-image size-large\"><img decoding=\"async\" src=\"https:\/\/www.hommy.com\/wp-content\/uploads\/17105143852250.jpg\" alt=\"\" title=\"\"><\/figure>\n<\/div>\n\n\n\n<div style=\"height:50px\" aria-hidden=\"true\" class=\"wp-block-spacer\"><\/div>\n\n\n<p><iframe loading=\"lazy\" title=\"distributeur automatique de smoothie\" width=\"500\" height=\"281\" src=\"https:\/\/www.youtube.com\/embed\/LroJLrzqiXU?feature=oembed\" frameborder=\"0\" allow=\"accelerometer; autoplay; clipboard-write; encrypted-media; gyroscope; picture-in-picture; web-share\" referrerpolicy=\"strict-origin-when-cross-origin\" allowfullscreen><\/iframe><\/p>\n\n\n\n<div style=\"height:50px\" aria-hidden=\"true\" class=\"wp-block-spacer\"><\/div>\n\n\n\n<div class=\"wp-block-group is-vertical is-content-justification-center is-layout-flex wp-container-core-group-is-layout-ce155fab wp-block-group-is-layout-flex\">\n<h2 class=\"wp-block-heading\">Sp\u00e9cification du produit :<\/h2>\n\n\n\n<figure class=\"wp-block-image\"><img decoding=\"async\" src=\"https:\/\/www.hommy.com\/wp-content\/uploads\/17105175578638.jpg\" alt=\"sp\u00e9cifications du distributeur automatique de smoothie\" title=\"sp\u00e9cifications du distributeur automatique de smoothie\"\/><\/figure>\n<\/div>\n\n\n\n<div style=\"height:50px\" aria-hidden=\"true\" class=\"wp-block-spacer\"><\/div>\n\n\n\n<h2 class=\"wp-block-heading\">Caract\u00e9ristiques du produit :<\/h2>\n\n\n\n<p>Des ingr\u00e9dients frais, un service rapide : Un smoothie en 40 secondes !<\/p>\n\n\n\n<p>Ce distributeur automatique en libre-service peut cr\u00e9er des smoothies d\u00e9licieux et sains \u00e0 partir de vrais fruits surgel\u00e9s et les vendre. Il suffit de choisir les ingr\u00e9dients et l'appareil les m\u00e9lange automatiquement avec la quantit\u00e9 d'eau ou de lait souhait\u00e9e (100 ml \u00e0 300 ml) en moins d'une minute.<\/p>\n\n\n\n<div style=\"height:50px\" aria-hidden=\"true\" class=\"wp-block-spacer\"><\/div>\n\n\n\n<h3 class=\"wp-block-heading\">Deux \u00e9crans tactiles pour une utilisation et un contr\u00f4le faciles :<\/h3>\n\n\n\n<p>\u00c9cran tactile client de 25 pouces : Parcourez les options de smoothie, visualisez des photos de saveurs de fruits all\u00e9chantes et passez facilement votre commande.<\/p>\n\n\n\n<p>\u00c9cran tactile interne de 13,3 pouces (pour les op\u00e9rateurs) : G\u00e9rer les donn\u00e9es de m\u00e9lange comme la consommation d'eau et de lait, l'efficacit\u00e9 du nettoyage et les cycles de m\u00e9lange.<\/p>\n\n\n\n<div style=\"height:50px\" aria-hidden=\"true\" class=\"wp-block-spacer\"><\/div>\n\n\n\n<h3 class=\"wp-block-heading\">Suivi des stocks en toute simplicit\u00e9 :<\/h3>\n\n\n\n<ol class=\"wp-block-list\">\n<li><p>Scanner de code QR int\u00e9gr\u00e9 : L'appareil scanne un code QR unique sur chaque gobelet, ce qui permet un suivi pr\u00e9cis des stocks. Il est facile de savoir combien de smoothies ont \u00e9t\u00e9 vendus.<\/p><\/li>\n\n\n\n<li><p>Affichage des ventes en temps r\u00e9el : L'\u00e9cran de 13,3 pouces affiche le nombre total de smoothies distribu\u00e9s, offrant ainsi une vue d'ensemble claire et imm\u00e9diate de vos performances de vente.<\/p><\/li>\n<\/ol>\n\n\n\n<div style=\"height:50px\" aria-hidden=\"true\" class=\"wp-block-spacer\"><\/div>\n\n\n\n<h3 class=\"wp-block-heading\">Suivi des codes QR<\/h3>\n\n\n\n<p>Chaque gobelet re\u00e7oit un code QR unique qui permet de suivre la consommation d'eau, la vitesse et le temps de mixage, ainsi que le volume d'eau de nettoyage, pour un contr\u00f4le optimal de la qualit\u00e9.<\/p>\n\n\n\n<div style=\"height:50px\" aria-hidden=\"true\" class=\"wp-block-spacer\"><\/div>\n\n\n\n<h3 class=\"wp-block-heading\">Gestion \u00e0 distance des machines<\/h3>\n\n\n\n<p>Surveillez \u00e0 distance les donn\u00e9es de vente et les performances des machines pour une maintenance proactive et une gestion inform\u00e9e des stocks.<\/p>\n\n\n\n<div style=\"height:50px\" aria-hidden=\"true\" class=\"wp-block-spacer\"><\/div>\n\n\n\n<h3 class=\"wp-block-heading\">Cycle de nettoyage automatique<\/h3>\n\n\n\n<p>La machine se nettoie automatiquement apr\u00e8s chaque m\u00e9lange, ce qui garantit l'hygi\u00e8ne et la constance du go\u00fbt pour chaque client.<\/p>\n\n\n\n<div style=\"height:50px\" aria-hidden=\"true\" class=\"wp-block-spacer\"><\/div>\n\n\n\n<h3 class=\"wp-block-heading\">Options de taille de gobelet<\/h3>\n\n\n\n<p>Choisissez parmi les gobelets PET de qualit\u00e9 alimentaire de 14 ou 16 oz pour r\u00e9pondre parfaitement \u00e0 vos besoins.<\/p>\n\n\n\n<div style=\"height:50px\" aria-hidden=\"true\" class=\"wp-block-spacer\"><\/div>\n\n\n\n<h3 class=\"wp-block-heading\">Processus de fonctionnement du distributeur automatique de smoothies :<\/h3>\n\n\n\n<p>Chargez la machine : Remplir les gobelets de fruits, les fermer et y apposer les autocollants du code QR. Conservez les gobelets au cong\u00e9lateur entre -10\u00b0C et -18\u00b0C.<\/p>\n\n\n\n<p>S\u00e9lectionnez et payez : choisissez le parfum du smoothie et payez \u00e0 l'aide de l'\u00e9cran tactile.<\/p>\n\n\n\n<p>R\u00e9cup\u00e9rer le gobelet : R\u00e9cup\u00e9rer le gobelet de fruits congel\u00e9s dans l'emplacement pr\u00e9vu \u00e0 cet effet.<\/p>\n\n\n\n<p>Scannez et ouvrez : Scannez le code QR sur le gobelet pour d\u00e9verrouiller la zone de m\u00e9lange. La porte s'ouvre automatiquement.<\/p>\n\n\n\n<p>Placer et mixer : Placez la tasse dans le support situ\u00e9 sous le mixeur. La porte se ferme automatiquement.<\/p>\n\n\n\n<p>Savourez le smoothie ! Le d\u00e9licieux smoothie sera pr\u00eat en 40 secondes environ.<\/p>\n\n\n\n<p>Nettoyage automatique : La machine nettoie automatiquement les lames avec de l'eau apr\u00e8s chaque m\u00e9lange, garantissant ainsi l'hygi\u00e8ne pour le client suivant.<\/p>\n\n\n\n<div style=\"height:50px\" aria-hidden=\"true\" class=\"wp-block-spacer\"><\/div>\n\n\n\n<h3 class=\"wp-block-heading\">St\u00e9rilisation automatique par UV<\/h3>\n\n\n\n<p>L'irradiation par ultraviolets (UV) int\u00e9gr\u00e9e \u00e9limine les bact\u00e9ries et les virus \u00e0 l'int\u00e9rieur de l'appareil, garantissant ainsi les normes d'hygi\u00e8ne les plus strictes.<\/p>\n\n\n\n<div style=\"height:50px\" aria-hidden=\"true\" class=\"wp-block-spacer\"><\/div>\n\n\n\n<h3 class=\"wp-block-heading\">Cr\u00e9ez votre identit\u00e9 de marque<\/h3>\n\n\n\n<p>Concevoir des mod\u00e8les de machines personnalis\u00e9s pour correspondre \u00e0 votre marque. En outre, nous proposons des services OEM pour adapter les machines \u00e0 vos besoins sp\u00e9cifiques.<\/p>\n\n\n\n<div style=\"height:50px\" aria-hidden=\"true\" class=\"wp-block-spacer\"><\/div>\n\n\n\n<div class=\"wp-block-group is-vertical is-content-justification-center is-layout-flex wp-container-core-group-is-layout-ce155fab wp-block-group-is-layout-flex\">\n<h2 class=\"wp-block-heading\">Avantage du produit :<\/h2>\n\n\n\n<p>1.<span style=\"font-size: revert; color: initial;\">Syst\u00e8me de scanner : le syst\u00e8me de scanner reconna\u00eet les informations contenues dans le code QR (quantit\u00e9 d'eau, vitesse de mixage, temps de mixage) et pr\u00e9pare le smoothie en cons\u00e9quence. L'appareil fonctionne avec diff\u00e9rents parfums en fonction des param\u00e8tres du code QR.<\/span><\/p>\n\n\n\n<figure class=\"wp-block-image\"><img decoding=\"async\" src=\"https:\/\/www.hommy.com\/wp-content\/uploads\/17105175559625.jpg\" alt=\"scanner\" title=\"scanner\"\/><\/figure>\n\n\n\n<div style=\"height:0px\" aria-hidden=\"true\" class=\"wp-block-spacer wp-container-content-28f0cd9b\"><\/div>\n\n\n\n<p>2. syst\u00e8me \u00e0 un seul clic : L'op\u00e9rateur peut choisir d'utiliser le syst\u00e8me \u00e0 un clic, l'appareil pr\u00e9pare le smoothie en fonction des informations (quantit\u00e9 d'eau, temps de mixage, vitesse de mixage) d\u00e9finies sur l'\u00e9cran en arri\u00e8re-plan et pr\u00e9pare le smoothie en cons\u00e9quence. L'appareil ne fonctionne que pour un seul ar\u00f4me en fonction du r\u00e9glage.<\/p>\n\n\n\n<figure class=\"wp-block-image\"><img decoding=\"async\" src=\"https:\/\/www.hommy.com\/wp-content\/uploads\/17105175558461.jpg\" alt=\"Un clic\" title=\"Un clic\"\/><\/figure>\n\n\n\n<div style=\"height:0px\" aria-hidden=\"true\" class=\"wp-block-spacer wp-container-content-28f0cd9b\"><\/div>\n\n\n\n<p>3. autonettoyage : L'appareil se nettoie automatiquement apr\u00e8s chaque m\u00e9lange.<\/p>\n\n\n\n<figure class=\"wp-block-image\"><img decoding=\"async\" src=\"https:\/\/www.hommy.com\/wp-content\/uploads\/17105175531218.jpg\" alt=\"nettoyage\" title=\"nettoyage\"\/><\/figure>\n\n\n\n<div style=\"height:0px\" aria-hidden=\"true\" class=\"wp-block-spacer wp-container-content-28f0cd9b\"><\/div>\n\n\n\n<p>4.<span style=\"font-size: revert; color: initial;\">S\u00fbr : Un capteur se trouve \u00e0 l'int\u00e9rieur de l'appareil. Les lames ne se m\u00e9langent qu'une fois la porte ferm\u00e9e.<\/span><\/p>\n\n\n\n<figure class=\"wp-block-image\"><img decoding=\"async\" src=\"https:\/\/www.hommy.com\/wp-content\/uploads\/17105175522157.jpg\" alt=\"m\u00e9langeur\" title=\"m\u00e9langeur\"\/><\/figure>\n\n\n\n<div style=\"height:0px\" aria-hidden=\"true\" class=\"wp-block-spacer wp-container-content-28f0cd9b\"><\/div>\n\n\n\n<p>5. l'int\u00e9rieur de la machine est disponible en plusieurs langues : chinois, anglais, allemand, arabe, malais, tha\u00ef, espagnol, cor\u00e9en, etc...<\/p>\n\n\n\n<figure class=\"wp-block-image\"><img decoding=\"async\" src=\"https:\/\/www.hommy.com\/wp-content\/uploads\/17105175543965.jpg\" alt=\"lanugage\" title=\"lanugage\"\/><\/figure>\n\n\n\n<div style=\"height:0px\" aria-hidden=\"true\" class=\"wp-block-spacer wp-container-content-28f0cd9b\"><\/div>\n\n\n\n<p class=\"has-text-align-left\">6. la machine est \u00e9quip\u00e9e d'un r\u00e9servoir d'eau propre et d'un r\u00e9servoir d'eau us\u00e9e. Aucune conduite d'eau n'est n\u00e9cessaire. Aucun drain de sol n'est n\u00e9cessaire. Peut toujours \u00eatre d\u00e9plac\u00e9 pour une meilleure rentabilit\u00e9.<\/p>\n\n\n\n<figure class=\"wp-block-image\"><img decoding=\"async\" src=\"https:\/\/www.hommy.com\/wp-content\/uploads\/17105175576781.jpg\" alt=\"r\u00e9servoirs d&#039;eau\" title=\"r\u00e9servoirs d&#039;eau\"\/><\/figure>\n\n\n\n<div style=\"height:0px\" aria-hidden=\"true\" class=\"wp-block-spacer wp-container-content-28f0cd9b\"><\/div>\n<\/div>\n\n\n\n<h2 class=\"wp-block-heading\">FAQ<\/h2>\n\n\n\n<p>Le distributeur automatique de smoothies est-il rentable ?<\/p>\n\n\n\n<p>Un distributeur automatique de smoothies peut r\u00e9duire les co\u00fbts d'exploitation en \u00e9liminant de mani\u00e8re significative les frais de location d'un magasin et les co\u00fbts de personnel. Il suffit d'une personne pour r\u00e9approvisionner le mat\u00e9riel r\u00e9guli\u00e8rement. Notre activit\u00e9 de distributeur automatique de smoothies est donc une opportunit\u00e9 tr\u00e8s rentable et efficace en termes de co\u00fbts.<\/p>\n\n\n\n<p>Comment fonctionne un distributeur automatique de smoothies ?<\/p>\n\n\n\n<p>Gr\u00e2ce \u00e0 des technologies innovantes, le distributeur automatique de smoothie stocke les fruits surgel\u00e9s, les mixe dans la tasse et effectue automatiquement un nettoyage complet apr\u00e8s chaque tasse de smoothie. Une tasse de smoothie sain et frais peut \u00eatre pr\u00e9par\u00e9e en 1 minute.&nbsp;<\/p>\n\n\n\n<p>Quelle est la nouvelle opportunit\u00e9 d'affaires pour les distributeurs automatiques aux Etats-Unis ?<\/p>\n\n\n\n<p>De plus en plus de personnes aux \u00c9tats-Unis qui recherchent la sant\u00e9 aiment les smoothies frais. Comment peut-on d\u00e9guster un smoothie \u00e0 tout moment et en tout lieu ? Le premier distributeur automatique de smoothie \u00e0 m\u00e9langer dans une tasse a \u00e9t\u00e9 d\u00e9couvert dans un centre commercial aux \u00c9tats-Unis. Le distributeur automatique de smoothie congel\u00e9 aux vrais fruits est une nouvelle opportunit\u00e9 commerciale qui se r\u00e9pand dans le monde entier.&nbsp;<\/p>","protected":false},"excerpt":{"rendered":"<p>HM160A: Automatic Smoothie Vending Machine (40-Second Blends!) Hommy HM160A commercial automatic smoothie vending machine can sell delicious and healthy smoothies in 40 seconds using real frozen fruit. Product specification: Product Features: Fresh ingredients, fast service: Make smoothie in 40 seconds! This self-serve vending machine can create delicious and healthy smoothies using real frozen fruit and [&hellip;]<\/p>\n","protected":false},"featured_media":42,"comment_status":"closed","ping_status":"closed","template":"","meta":{"_swt_meta_header_display":false,"_swt_meta_footer_display":false,"_swt_meta_site_title_display":false,"_swt_meta_sticky_header":false,"_swt_meta_transparent_header":false},"product_brand":[],"product_cat":[69,68],"product_tag":[],"class_list":{"0":"post-53","1":"product","2":"type-product","3":"status-publish","4":"has-post-thumbnail","6":"product_cat-smoothie-vending-machine","7":"product_cat-vending-machine","9":"first","10":"instock","11":"shipping-taxable","12":"product-type-simple"},"_links":{"self":[{"href":"https:\/\/www.hommy.com\/fr\/wp-json\/wp\/v2\/product\/53","targetHints":{"allow":["GET"]}}],"collection":[{"href":"https:\/\/www.hommy.com\/fr\/wp-json\/wp\/v2\/product"}],"about":[{"href":"https:\/\/www.hommy.com\/fr\/wp-json\/wp\/v2\/types\/product"}],"replies":[{"embeddable":true,"href":"https:\/\/www.hommy.com\/fr\/wp-json\/wp\/v2\/comments?post=53"}],"wp:featuredmedia":[{"embeddable":true,"href":"https:\/\/www.hommy.com\/fr\/wp-json\/wp\/v2\/media\/42"}],"wp:attachment":[{"href":"https:\/\/www.hommy.com\/fr\/wp-json\/wp\/v2\/media?parent=53"}],"wp:term":[{"taxonomy":"product_brand","embeddable":true,"href":"https:\/\/www.hommy.com\/fr\/wp-json\/wp\/v2\/product_brand?post=53"},{"taxonomy":"product_cat","embeddable":true,"href":"https:\/\/www.hommy.com\/fr\/wp-json\/wp\/v2\/product_cat?post=53"},{"taxonomy":"product_tag","embeddable":true,"href":"https:\/\/www.hommy.com\/fr\/wp-json\/wp\/v2\/product_tag?post=53"}],"curies":[{"name":"wp","href":"https:\/\/api.w.org\/{rel}","templated":true}]}}