{"id":438,"date":"2024-07-02T13:35:55","date_gmt":"2024-07-02T13:35:55","guid":{"rendered":"http:\/\/localhost\/hommywp\/zj190d-new-instant-fresh-sugarcane-juicing-squeezing-machine\/"},"modified":"2025-08-01T09:57:32","modified_gmt":"2025-08-01T09:57:32","slug":"zj190d","status":"publish","type":"product","link":"https:\/\/www.hommy.com\/fr\/p\/zj190d\/","title":{"rendered":"Zj190d New Instant Fresh Sugarcane Juicing Squeezing Machine"},"content":{"rendered":"<div>\n<p><span style=\"font-size: 20px\"><br \/><\/span><\/p>\n<h2 style=\"text-align: center\"><strong><span style=\"font-family: arial, helvetica, sans-serif;font-size: 24px\"><a name=\"Sugar Cane Juice Extractor Machine with cooler\"><\/a>Machine \u00e0 extraire le jus de canne \u00e0 sucre avec refroidisseur<\/span><\/strong><\/h2>\n<p style=\"text-align: center\"><span style=\"font-family: arial, helvetica, sans-serif;font-size: 16px\"><a href=\"#Sugar Cane Juice Extractor Machine with cooler\" target=\"_self\" data-lv=\"0\" rel=\"noopener\">Machine \u00e0 extraire le jus de canne \u00e0 sucre avec refroidisseur<\/a>|<a href=\"#PRODUCT FEATURES\" target=\"_self\" data-lv=\"0\" rel=\"noopener\">CARACT\u00c9RISTIQUES DU PRODUIT<\/a>|<a href=\"#Sugarcane Juice Machine With Cooler and freezer\" target=\"_self\" data-lv=\"0\" rel=\"noopener\">Machine \u00e0 jus de canne \u00e0 sucre avec refroidisseur et cong\u00e9lateur<\/a>|<a href=\"#PRODUCT ADVANTAGE\" target=\"_self\" data-lv=\"0\" rel=\"noopener\">AVANTAGE DU PRODUIT<\/a><\/span><\/p>\n<p><span style=\"font-size: 20px\"><br \/><\/span><\/p>\n<p style=\"text-align: center\">&nbsp;<\/p>\n<p><!-- Video start --><video poster=\"https:\/\/img80002414.weyesimg.com\/uploads\/www.hommy.com\/video\/15828463075760.mp4?vframe\/jpg\/offset\/1\" id=\"video\" preload=\"auto\" controls=\"controls\" style=\"width:100%;height:510px\"><\/video><!-- Video end --><\/p>\n<div class=\"text-left d-tem09-title d-interval\" data-detail=\"wrap\">\n<p><\/p>\n<p>Notre machine est con\u00e7ue et fabriqu\u00e9e avec pr\u00e9cision en utilisant des composants de haute qualit\u00e9 et des technologies de pointe pour garantir qu'elle fonctionne conform\u00e9ment aux normes internationales. Ces machines sont con\u00e7ues pour offrir des r\u00e9sultats optimaux aux utilisateurs. Nos presses \u00e0 jus de canne \u00e0 sucre sont largement demand\u00e9es sur le march\u00e9 en raison de leur longue dur\u00e9e de vie, de leur fiabilit\u00e9, de leur pr\u00e9cision, de leur faible entretien, etc.<\/p>\n<h2><strong><span style=\"font-size: 24px;font-family: arial, helvetica, sans-serif\"><br \/><\/span><\/strong><\/h2>\n<h2><strong><span style=\"font-size: 24px;font-family: arial, helvetica, sans-serif\"><a name=\"PRODUCT FEATURES\"><\/a>CARACT\u00c9RISTIQUES DU PRODUIT<\/span><\/strong><\/h2>\n<div class=\"subtitle\"><span>L'usine de Hommy couvre une superficie de 30 500 m\u00e8tres carr\u00e9s dans la ville de Xinhui Jiangmen. Elle comprend des lignes de production flexibles, un laboratoire de R&amp;D, un centre d'apprentissage et un atelier \u00e9quip\u00e9 de mat\u00e9riel de pointe.<\/span><\/div>\n<p><\/p>\n<\/div>\n<p>&nbsp;<\/p>\n<div class=\"d-tem11-graphic tem11-graphic mockup\" data-detail=\"wrap\">\n<div class=\"tab_row\">\n<div class=\"img\" style=\"width: 50%\"><img decoding=\"async\" height=\"514\" title=\"\" style=\"width: 90.23%\" alt=\"produit-Hommy-img\" src=\"https:\/\/www.hommy.com\/wp-content\/uploads\/15828495889503.png\"><\/div>\n<div class=\"text_box\" style=\"width: 50%\">\n<div class=\"txt\">\n<p>&nbsp;<\/p>\n<h2><strong><span style=\"font-family: arial, helvetica, sans-serif;font-size: 24px\"><a name=\"Sugarcane Juice Machine With Cooler and freezer\"><\/a>Machine \u00e0 jus de canne \u00e0 sucre avec refroidisseur et cong\u00e9lateur<\/span><\/strong><\/h2>\n<p>&nbsp;<\/p>\n<p style=\"line-height: 1.5em\">S\u00fbr, hygi\u00e9nique, refroidisseur, distributeur de gobelets, caract\u00e9ristiques promotionnelles<br \/>Proc\u00e9d\u00e9 r\u00e9volutionnaire d'extraction de la canne \u00e0 sucre.<br \/>Conception innovante avec glaci\u00e8re et distributeur de gobelets.<br \/>Le design ext\u00e9rieur attire les clients et vous aide \u00e0 faire de la promotion.<br \/>Hygi\u00e8ne : toutes les pi\u00e8ces en contact avec le jus sont de qualit\u00e9 alimentaire. Les d\u00e9chets sont dirig\u00e9s vers la poubelle modulaire dissimul\u00e9e.<br \/>Silencieux : r\u00e9duction du bruit jusqu'\u00e0 90% par rapport \u00e0 la machine traditionnelle.<\/p>\n<p style=\"line-height: 1.5em\"><strong><span style=\"font-size: 18px\">Rouleau<\/span><\/strong><br \/>Fabriqu\u00e9 en acier inoxydable 100%.<br \/>Le rouleau se retire facilement pour \u00eatre nettoy\u00e9 \u00e0 chaque fois.<br \/>La canne \u00e0 sucre broy\u00e9e en un seul passage aboutit \u00e0 un rendement d'extraction de 85%.<\/p>\n<p style=\"line-height: 1.5em\"><strong><span style=\"font-size: 18px\">Moteur de changement de vitesse<\/span><\/strong><br \/>La vitesse du moteur est variable en fonction du diam\u00e8tre de la tige de canne \u00e0 sucre. Plus le diam\u00e8tre est important, plus la vitesse est faible pour obtenir un rendement d'extraction maximal.<br \/>1\/2HP, 400watt, monophas\u00e9.<br \/>Le rouleau est capable d'avancer et de reculer.<\/p>\n<p style=\"line-height: 1.5em\"><strong><span style=\"font-size: 18px\">Entr\u00e9e de la canne \u00e0 sucre<\/span><\/strong><br \/>S'adapte au diam\u00e8tre des tiges de canne \u00e0 sucre jusqu'\u00e0 2-1\/4\".<br \/>Syst\u00e8me de refroidissement<br \/>Le jus broy\u00e9 est finement filtr\u00e9 et rapidement refroidi.<br \/>Il peut maintenir le jus au frais de 3\u2103 \u00e0 9\u2103 .<br \/>Robinet de nettoyage<br \/>Facilite le nettoyage quotidien de la glaci\u00e8re et du tube de raccordement.<\/p>\n<p style=\"line-height: 1.5em\">&nbsp;<\/p>\n<p style=\"line-height: 1.5em\"><span style=\"font-size: 18px\"><strong>Cong\u00e9lateur<\/strong><\/span><br \/>Maintenir la temp\u00e9rature entre 3\u2103et 9\u2103. <br \/>Conserver la bo\u00eete de sucre environ 150pcs . <\/p>\n<p>&nbsp;<\/p>\n<\/div>\n<\/div>\n<\/div>\n<\/div>\n<p><!-- \u8517\u6c41\u673aadvantages start --><\/p>\n<h2><strong><span style=\"font-size: 24px;font-family: arial, helvetica, sans-serif\"><a name=\"PRODUCT ADVANTAGE\"><\/a>AVANTAGE DU PRODUIT<\/span><\/strong><\/h2>\n<div class=\"text-left d-tem09-title d-interval\" data-detail=\"wrap\">\n<div class=\"title-header\">\n<div class=\"subtitle\"><span>En outre, des ing\u00e9nieurs hautement qualifi\u00e9s, des technologues comp\u00e9tents et un personnel bien inform\u00e9 contribuent largement au d\u00e9veloppement de l'entreprise.<\/span><\/div>\n<p><span><\/span><\/div>\n<\/div>\n<div class=\"d-tem01-graphic tem01-graphic mockup\" data-detail=\"wrap\">\n<div class=\"cont-section clearfix d-clearfix\">\n<div class=\"col-md-6 col-sm-6 col-xs-6\">\n<div class=\"right-p\">\n<div class=\"h2 heading\">Facile \u00e0 nettoyer&nbsp;<\/div>\n<div class=\"description\">Le corps de la machine est fabriqu\u00e9 en acier inoxydable et un robinet d'eau est pr\u00e9vu pour faciliter l'utilisation de la machine.&nbsp;<\/div>\n<div class=\"description\">\n<p style=\"text-align: center\"><img loading=\"lazy\" decoding=\"async\" width=\"261\" height=\"244\" style=\"width: 374px\" src=\"https:\/\/www.hommy.com\/wp-content\/uploads\/15825383689650-3.png\" alt=\"produit-Hommy-ZJ190D machine \u00e0 presser la canne \u00e0 sucre avec refroidissement-img\" title=\"\"><\/p>\n<\/div>\n<\/div>\n<p>&nbsp; &nbsp; &nbsp; &nbsp; &nbsp; &nbsp;<\/p><\/div>\n<div class=\"col-md-6 col-sm-6 col-xs-6\">\n<div class=\"right-p\">\n<div class=\"h2 heading\">Toit et logo &nbsp;<\/div>\n<div class=\"description\">Le toit de plus de 2,5 m\u00e8tres est \u00e9galement \u00e9quip\u00e9 de lumi\u00e8res, ce qui peut attirer plus de clients et le logo peut faire la promotion de votre marque.&nbsp;<\/div>\n<\/div>\n<p style=\"text-align: center\"><\/p>\n<\/div>\n<p style=\"text-align: center\"><span style=\"font-size: 20px\"><img loading=\"lazy\" decoding=\"async\" width=\"851\" height=\"269\" title=\"\" style=\"width: 215px\" alt=\"produit-Hommy-petite machine \u00e0 canne \u00e0 sucre-img\" src=\"https:\/\/www.hommy.com\/wp-content\/uploads\/15828500133614.png\"><\/span><\/p>\n<\/div>\n<\/div>\n<p>&nbsp;<\/p>\n<div class=\"d-tem01-graphic tem01-graphic mockup\" data-detail=\"wrap\">\n<div class=\"cont-section clearfix d-clearfix\">\n<div class=\"col-md-6 col-sm-6 col-xs-6\">\n<div class=\"right-p\">\n<div class=\"h2 heading\">Filtre<\/div>\n<div class=\"description\">l'int\u00e9rieur de la machine comporte 3 couches de filtre et<\/div>\n<div class=\"description\">ce filtre est facile \u00e0 nettoyer tous les jours.<\/div>\n<div class=\"description\">&nbsp;&nbsp;&nbsp;&nbsp;&nbsp;&nbsp;&nbsp;&nbsp;&nbsp;&nbsp;&nbsp;&nbsp;<img loading=\"lazy\" decoding=\"async\" width=\"345\" height=\"240\" style=\"width: 274px;float: right\" src=\"https:\/\/www.hommy.com\/wp-content\/uploads\/15826146866066-3.jpg\" alt=\"produit-ZJ190D machine \u00e0 presser la canne \u00e0 sucre avec refroidissement-Hommy-img\" title=\"\"><img loading=\"lazy\" decoding=\"async\" width=\"345\" height=\"231\" title=\"\" style=\"width: 159px\" alt=\"produit-petite machine \u00e0 canne \u00e0 sucre-Hommy-img\" src=\"https:\/\/www.hommy.com\/wp-content\/uploads\/15826146868350-3.jpg\"><\/div>\n<\/div>\n<\/div>\n<div class=\"col-md-6 col-sm-6 col-xs-6\">\n<div class=\"right-p\">\n<div class=\"h2 heading\">Moteur puissant&nbsp;<\/div>\n<div class=\"description\">\n<p style=\"text-indent: 0px\"><span style=\"font-family: \u5b8b\u4f53;font-size: 14px\">La vitesse du moteur est variable en fonction du diam\u00e8tre de la tige de canne \u00e0 sucre.<\/span><span style=\"font-family: \u5b8b\u4f53;font-size: 14px\">Plus le diam\u00e8tre est grand, plus la vitesse est faible pour un rendement d'extraction maximal.<\/span><\/p>\n<p style=\"text-align: center\"><img loading=\"lazy\" decoding=\"async\" width=\"344\" height=\"166\" title=\"\" style=\"width: 208px\" alt=\"produit-Hommy-img\" src=\"https:\/\/www.hommy.com\/wp-content\/uploads\/15826148286381-3.png\"><\/p>\n<\/div>\n<\/div>\n<\/div>\n<\/div>\n<\/div>\n<p><span style=\"text-align: center\"><\/span><span style=\"text-align: center\"><span style=\"text-align: center\"><span style=\"text-align: center\"><\/span><\/span><\/span><\/p>\n<div class=\"d-tem01-graphic tem01-graphic mockup\" data-detail=\"wrap\">\n<div class=\"cont-section clearfix d-clearfix\">\n<div class=\"col-md-6 col-sm-6 col-xs-6\">\n<div class=\"right-p\">\n<div class=\"h2 heading\">\n<p style=\"margin: 0pt\"><span style=\"text-transform: none;letter-spacing: 0pt;font-family: \u5b8b\u4f53;font-size: 13.5pt;font-style: normal;font-weight: normal\">E<\/span><span style=\"font-family: Tahoma;font-size: 10.5pt\"><span>xtraction<\/span><\/span><span style=\"font-family: \u5b8b\u4f53;font-size: 10.5pt\"><span>&nbsp;taux de jus plus \u00e9lev\u00e9<\/span><\/span><\/p>\n<\/div>\n<div class=\"description\">\n<p style=\"padding: 0px;text-indent: 0px;vertical-align: baseline\"><span style=\"font-family: \u5b8b\u4f53;font-size: 16px\"><span>La machine est \u00e9quip\u00e9e d'un moteur puissant, d'une structure raisonnable et d'une bonne \u00e9tanch\u00e9it\u00e9. Une seule presse peut produire 85% de jus, sans n\u00e9cessiter de main-d'\u0153uvre. <\/span><\/span><\/p>\n<\/div>\n<\/div>\n<div class=\"graphic_pic animated wow bounceIn\" data-wow-delay=\".7s\">\n<p style=\"text-align: center\"><img loading=\"lazy\" decoding=\"async\" width=\"345\" height=\"219\" title=\"\" style=\"width: 267px\" alt=\"produit-Hommy-img-1\" src=\"https:\/\/www.hommy.com\/wp-content\/uploads\/15826153385230-3.png\"><\/p>\n<\/div>\n<\/div>\n<div class=\"col-md-6 col-sm-6 col-xs-6\">\n<div class=\"right-p\">\n<div class=\"h2 heading\">Rouleau&nbsp;<\/div>\n<div class=\"description\">\n<p style=\"padding: 0px;text-align: left;line-height: 17px;vertical-align: baseline\"><span style=\"letter-spacing: 0px;font-family: \u5b8b\u4f53;font-size: 16px;font-style: normal;font-weight: normal\">Arbre d'\u00e9crasement puissant <\/span><span style=\"letter-spacing: 0px;font-family: \u5b8b\u4f53;font-size: 16px;font-style: normal;font-weight: normal\">et 100% en acier inoxydable et facile \u00e0 nettoyer. <\/span><span style=\"letter-spacing: 0px;font-family: Tahoma;font-size: 16px;font-style: normal;font-weight: normal\">supprimer<\/span><span style=\"letter-spacing: 0px;font-family: \u5b8b\u4f53;font-size: 16px;font-style: normal;font-weight: normal\">&nbsp;clair qu'il n'est pas facile de produire des bact\u00e9ries<\/span><\/p>\n<\/div>\n<\/div>\n<div class=\"graphic_pic animated wow bounceIn\" data-wow-delay=\".7s\">\n<p style=\"text-align: center\"><img loading=\"lazy\" decoding=\"async\" width=\"342\" height=\"240\" title=\"\" style=\"width: 282px\" alt=\"product-Hommy-ZJ190D machine \u00e0 presser la canne \u00e0 sucre avec refroidissement-img-1\" src=\"https:\/\/www.hommy.com\/wp-content\/uploads\/15826154235310-3.png\"><\/p>\n<\/div>\n<\/div>\n<\/div>\n<\/div>\n<p><span style=\"text-align: center\"><span style=\"text-align: center\"><span style=\"text-align: center\"><span style=\"text-align: center\"><span style=\"text-align: center\"><span style=\"text-align: center\"><\/span><\/span><\/span><\/span><\/span><\/span><\/p>\n<div class=\"d-tem01-graphic tem01-graphic mockup\" data-detail=\"wrap\">\n<div class=\"cont-section clearfix d-clearfix\">\n<div class=\"col-md-6 col-sm-6 col-xs-6\">\n<div class=\"right-p\">\n<div class=\"h2 heading\">Cong\u00e9lateur&nbsp;<\/div>\n<div class=\"description\">la machine est \u00e9quip\u00e9e d'un cong\u00e9lateur pour conserver la canne \u00e0 sucre fra\u00eeche, qui maintient la temp\u00e9rature entre 0 et 100\u00b0C.<\/div>\n<div class=\"description\"><span style=\"font-family: \u5b8b\u4f53;font-size: 10.5pt\"><span>3<\/span><\/span><span style=\"font-family: \u5b8b\u4f53;font-size: 10.5pt\"><span>\u2103<\/span><\/span><span style=\"font-family: \u5b8b\u4f53;font-size: 10.5pt\"><span>\u00e0 9<\/span><\/span><span style=\"font-family: \u5b8b\u4f53;font-size: 10.5pt\"><span>Le cong\u00e9lateur \u00e0 l'int\u00e9rieur peut conserver environ 100-150pcs de canne \u00e0 sucre.&nbsp;<\/span><\/span><\/div>\n<\/div>\n<div class=\"graphic_pic animated wow bounceIn\" data-wow-delay=\".7s\">\n<p style=\"text-align: center\"><img loading=\"lazy\" decoding=\"async\" width=\"201\" height=\"225\" title=\"\" style=\"width: 153px\" alt=\"produit-Hommy-petite machine \u00e0 canne \u00e0 sucre-img-1\" src=\"https:\/\/www.hommy.com\/wp-content\/uploads\/15827113126299-2.png\"><\/p>\n<\/div>\n<\/div>\n<div class=\"col-md-6 col-sm-6 col-xs-6\">\n<div class=\"right-p\">\n<div class=\"h2 heading\">\n<p style=\"margin: 0pt\">Dusbin<\/p>\n<\/div>\n<div class=\"description\">L'appareil est \u00e9quip\u00e9 d'une poubelle de grande capacit\u00e9.<\/div>\n<\/div>\n<div class=\"graphic_pic animated wow bounceIn\" data-wow-delay=\".7s\">&nbsp;&nbsp;&nbsp;&nbsp;&nbsp;&nbsp;&nbsp;&nbsp;&nbsp;&nbsp;&nbsp;&nbsp;<\/p>\n<p style=\"text-align: center\"><img loading=\"lazy\" decoding=\"async\" width=\"201\" height=\"268\" title=\"\" style=\"width: 250px\" alt=\"produit-ZJ190D machine \u00e0 presser la canne \u00e0 sucre avec refroidissement-Hommy-img-1\" src=\"https:\/\/www.hommy.com\/wp-content\/uploads\/15827116982531-2.png\"><\/p>\n<\/div>\n<\/div>\n<\/div>\n<\/div>\n<p><!-- \u8517\u6c41\u673aadvantages End --><\/p>\n<p>&nbsp;&nbsp;&nbsp;&nbsp;&nbsp;&nbsp;&nbsp;&nbsp;&nbsp;&nbsp;&nbsp;&nbsp;&nbsp;&nbsp;&nbsp;&nbsp;&nbsp;&nbsp;&nbsp;&nbsp;&nbsp;&nbsp;&nbsp;&nbsp;&nbsp;&nbsp;&nbsp;&nbsp;&nbsp;&nbsp;&nbsp;&nbsp;&nbsp;&nbsp;&nbsp;&nbsp;&nbsp;&nbsp;&nbsp;&nbsp;&nbsp;&nbsp;&nbsp;&nbsp;&nbsp;&nbsp;&nbsp;&nbsp;&nbsp;&nbsp;&nbsp;&nbsp;&nbsp;&nbsp;&nbsp;&nbsp;&nbsp;&nbsp;&nbsp;&nbsp;&nbsp;&nbsp;&nbsp;&nbsp;&nbsp;&nbsp;&nbsp;&nbsp;&nbsp;&nbsp;&nbsp;&nbsp;&nbsp;&nbsp;&nbsp;<\/p>\n<p>Document\uff1a<img decoding=\"async\" src=\"https:\/\/www.hommy.com\/wp-content\/uploads\/icon_pdf-14.gif\" style=\"margin-right: 2px\" alt=\"produit-petite machine \u00e0 canne \u00e0 sucre-Hommy-img-1\" title=\"\"><a href=\"https:\/\/img80002414.weyesimg.com\/uploads\/www.hommy.com\/addon\/16028294431979.pdf\" title=\"16028294431979.pdf\" style=\"font-size: 12px\">16028294431979.pdf<\/a><\/p>\n<h2>Combien co\u00fbtent les extracteurs de jus ?<\/h2>\n<p style=\"margin-top: 5px;margin-bottom: 5px\">Le co\u00fbt moyen d'un extracteur de jus haut de gamme peut varier entre $250 et $600 en fonction des caract\u00e9ristiques du produit et du choix d'un extracteur de jus manuel ou vertical. Les prix des centrifugeuses bon march\u00e9 commencent \u00e0 $100 et vont jusqu'\u00e0 $300 et plus.<\/p>\n<p style=\"margin-top: 5px;margin-bottom: 5px\"><\/p>\n<h2>Le jus de canne \u00e0 sucre se p\u00e9rime-t-il dans 15 minutes ?<\/h2>\n<p style=\"margin-top: 5px;margin-bottom: 5px\">Le jus de canne \u00e0 sucre est un excellent compl\u00e9ment \u00e0 votre r\u00e9gime alimentaire. Il constitue une excellente source de glucides simples. C'est \u00e9galement une excellente source de prot\u00e9ines. Le jus de canne \u00e0 sucre est \u00e9galement une excellente source de vitamine C, de vitamine B6 et de folate.<\/p>\n<p style=\"margin-top: 5px;margin-bottom: 5px\"><\/p>\n<h2>Presse-agrumes Breville de la s\u00e9rie 800 : 2 550 watts<\/h2>\n<p style=\"margin-top: 5px;margin-bottom: 5px\">L'extracteur de jus Breville est l'un des meilleurs extracteurs de jus pour la canne \u00e0 sucre. L'extracteur de jus Breville de la s\u00e9rie 800 est disponible en diff\u00e9rents mod\u00e8les avec diff\u00e9rents niveaux de puissance et de production de jus. Pour l'extraction du jus, vous pouvez choisir l'extracteur de jus Breville s\u00e9rie 800 ou l'extracteur de jus Breville s\u00e9rie 700. Voici ce qu'il faut savoir sur l'extracteur de jus Breville et le processus d'extraction du jus.<\/p>\n<\/div><\/div>","protected":false},"excerpt":{"rendered":"<p>Sugar Cane Juice Extractor Machine with cooler Sugar Cane Juice Extractor Machine with cooler|PRODUCT FEATURES|Sugarcane Juice Machine With Cooler and freezer|PRODUCT ADVANTAGE &nbsp; Our machine is precisely designed and fabricated using high grade components and latest technology to ensure that it functions as per the international standards. These machines are designed to offer optimum results [&hellip;]<\/p>\n","protected":false},"featured_media":422,"comment_status":"open","ping_status":"open","template":"","meta":{"_swt_meta_header_display":false,"_swt_meta_footer_display":false,"_swt_meta_site_title_display":false,"_swt_meta_sticky_header":false,"_swt_meta_transparent_header":false},"product_brand":[],"product_cat":[75],"product_tag":[],"class_list":{"0":"post-438","1":"product","2":"type-product","3":"status-publish","4":"has-post-thumbnail","6":"product_cat-sugarcane-juice-machine","8":"first","9":"instock","10":"shipping-taxable","11":"product-type-simple"},"_links":{"self":[{"href":"https:\/\/www.hommy.com\/fr\/wp-json\/wp\/v2\/product\/438","targetHints":{"allow":["GET"]}}],"collection":[{"href":"https:\/\/www.hommy.com\/fr\/wp-json\/wp\/v2\/product"}],"about":[{"href":"https:\/\/www.hommy.com\/fr\/wp-json\/wp\/v2\/types\/product"}],"replies":[{"embeddable":true,"href":"https:\/\/www.hommy.com\/fr\/wp-json\/wp\/v2\/comments?post=438"}],"wp:featuredmedia":[{"embeddable":true,"href":"https:\/\/www.hommy.com\/fr\/wp-json\/wp\/v2\/media\/422"}],"wp:attachment":[{"href":"https:\/\/www.hommy.com\/fr\/wp-json\/wp\/v2\/media?parent=438"}],"wp:term":[{"taxonomy":"product_brand","embeddable":true,"href":"https:\/\/www.hommy.com\/fr\/wp-json\/wp\/v2\/product_brand?post=438"},{"taxonomy":"product_cat","embeddable":true,"href":"https:\/\/www.hommy.com\/fr\/wp-json\/wp\/v2\/product_cat?post=438"},{"taxonomy":"product_tag","embeddable":true,"href":"https:\/\/www.hommy.com\/fr\/wp-json\/wp\/v2\/product_tag?post=438"}],"curies":[{"name":"wp","href":"https:\/\/api.w.org\/{rel}","templated":true}]}}