{"id":399,"date":"2024-07-02T13:35:40","date_gmt":"2024-07-02T13:35:40","guid":{"rendered":"http:\/\/localhost\/hommywp\/zj150-table-top-sugarcane-juicer-desktop-juice-extractor-wholesale\/"},"modified":"2025-08-01T09:57:32","modified_gmt":"2025-08-01T09:57:32","slug":"presse-agrumes-de-table-pour-canne-a-sucre","status":"publish","type":"product","link":"https:\/\/www.hommy.com\/fr\/p\/presse-agrumes-de-table-pour-canne-a-sucre\/","title":{"rendered":"Zj150 Table Top Sugarcane Juicer Desktop Juice Extractor Wholesale (Extracteur de jus de canne \u00e0 sucre de table)"},"content":{"rendered":"<div>\n<p>&nbsp;<\/p>\n<h2 style=\"text-align: center\"><strong><span style=\"font-family: arial, helvetica, sans-serif;font-size: 24px\"><a name=\"Sugar Cane Juice Extractor Machine with cooler\"><\/a>Machine \u00e0 extraire le jus de canne \u00e0 sucre avec refroidisseur<\/span><\/strong><\/h2>\n<p style=\"text-align: center\"><span style=\"font-size: 16px\"><span style=\"font-family: arial, helvetica, sans-serif\"><a href=\"#Sugar Cane Juice Extractor Machine with cooler\" target=\"_self\" data-lv=\"0\" rel=\"noopener\">Machine \u00e0 extraire le jus de canne \u00e0 sucre avec refroidisseur<\/a>|<a href=\"#PRODUCT FEATURES\" target=\"_self\" data-lv=\"0\" rel=\"noopener\">CARACT\u00c9RISTIQUES DU PRODUIT<\/a>|<a href=\"#Sugarcane extraction process\" target=\"_self\" data-lv=\"0\" rel=\"noopener\">Processus d'extraction de la canne \u00e0 sucre<\/a>|<a href=\"#PRODUCT DETAILS\" target=\"_self\" data-lv=\"0\" rel=\"noopener\">D\u00c9TAILS DU PRODUIT<\/a>|<a href=\"#PRODUCT ADVANTAGE\" target=\"_self\" data-lv=\"0\" rel=\"noopener\">AVANTAGE DU PRODUIT<\/a><\/span><\/span><\/p>\n<p style=\"text-align: center\">&nbsp;<\/p>\n<p><!-- Video start --><video poster=\"https:\/\/img80002414.weyesimg.com\/uploads\/wij2rdgc.allweyes.com\/video\/15553140195921.mp4?vframe\/jpg\/offset\/1\" id=\"video\" preload=\"auto\" controls=\"controls\" style=\"width:100%;height:510px\"><\/video><!-- Video end --><\/p>\n<p><\/p>\n<p>Ce plateau de table <a style=\"color:blue\" href=\"https:\/\/www.hommy.com\/fr\/sugarcan-juice-machine\/\">machine \u00e0 jus de canne \u00e0 sucre<\/a> est con\u00e7u et fabriqu\u00e9 par nos experts pour vous fournir un presse-agrumes de la meilleure qualit\u00e9. Notre presse-agrumes pour canne \u00e0 sucre est \u00e9quip\u00e9 de composants de qualit\u00e9 sup\u00e9rieure qui vous fournissent un jus de la meilleure qualit\u00e9. De plus, notre presse-agrumes est \u00e9quip\u00e9 d'une tr\u00e8s faible consommation d'\u00e9nergie, ce qui le rend \u00e9conome en \u00e9nergie. Cette machine \u00e0 jus est tr\u00e8s facile \u00e0 utiliser et est disponible \u00e0 un prix tr\u00e8s raisonnable.&nbsp;<\/p>\n<div class=\"text-left d-tem09-title d-interval\" data-detail=\"wrap\">\n<div class=\"title-header\">\n<h2><strong><span style=\"font-size: 24px;font-family: arial, helvetica, sans-serif\"><a name=\"PRODUCT FEATURES\"><\/a>CARACT\u00c9RISTIQUES DU PRODUIT<\/span><\/strong><\/h2>\n<div class=\"subtitle\"><span>L'usine de Hommy couvre une superficie de 30 500 m\u00e8tres carr\u00e9s dans la ville de Xinhui Jiangmen. Elle comprend des lignes de production flexibles, un laboratoire de R&amp;D, un centre d'apprentissage et un atelier \u00e9quip\u00e9 de mat\u00e9riel de pointe.<\/span><\/div>\n<\/div>\n<\/div>\n<p>&nbsp;<\/p>\n<div class=\"d-tem11-graphic tem11-graphic mockup\" data-detail=\"wrap\">\n<div class=\"tab_row\">\n<div class=\"img\" style=\"width: 50%\"><img decoding=\"async\" title=\"\" alt=\"produit-Hommy-img\" src=\"https:\/\/www.hommy.com\/wp-content\/uploads\/15553143755100.jpg\"><\/div>\n<div class=\"text_box\" style=\"width: 50%\">\n<div class=\"txt\">\n<p>&nbsp;<\/p>\n<h2><strong><span style=\"font-family: arial, helvetica, sans-serif;font-size: 24px\"><a name=\"Sugarcane extraction process\"><\/a>Processus d'extraction de la canne \u00e0 sucre<\/span><\/strong><\/h2>\n<p>&nbsp;<\/p>\n<p style=\"line-height: 1.5em\">Silencieux, compact, durable, facile \u00e0 nettoyer, hygi\u00e9nique et s\u00fbr.<\/p>\n<p style=\"line-height: 1.5em\"><strong><span style=\"font-size: 18px\">Rouleau<\/span><\/strong><br \/>Fabriqu\u00e9 en acier inoxydable 100%.<br \/>Facile de prendre le rouleau pour d\u00e9gager \u00e0 chaque fois.<br \/>La canne \u00e0 sucre est broy\u00e9e en un seul passage avec l'extraction 85%.<\/p>\n<p style=\"line-height: 1.5em\"><strong><span style=\"font-size: 18px\">Moteur \u00e0 engrenages<\/span><\/strong><br \/>Moteur \u00e0 engrenage \u00e0 vitesse r\u00e9duite pour un couple maximum ,1\/2HP ,400watt, Monophas\u00e9.<br \/>\nTige de canne<br \/>S'adapte aux tiges de canne \u00e0 sucre jusqu'\u00e0 2-1\/4\" de diam\u00e8tre.<\/p>\n<p style=\"line-height: 1.5em\"><strong><span style=\"font-size: 18px\">Syst\u00e8me de contr\u00f4le<\/span><\/strong><br \/>Le rouleau peut fonctionner en marche avant et en marche arri\u00e8re. <br \/>S\u00e9curit\u00e9<br \/>S\u00e9curit\u00e9 par interverrouillage automatique Interrupteur<br \/>Hygi\u00e9nique<\/p>\n<p>&nbsp;<\/p>\n<\/div>\n<\/div>\n<\/div>\n<\/div>\n<p>&nbsp;<\/p>\n<div class=\"text-left d-tem09-title d-interval\" data-detail=\"wrap\">\n<div class=\"title-header\">\n<h2><strong><span style=\"font-size: 24px;font-family: arial, helvetica, sans-serif\"><a name=\"PRODUCT DETAILS\"><\/a>D\u00c9TAILS DU PRODUIT<\/span><\/strong><\/h2>\n<div class=\"subtitle\"><span>Apr\u00e8s des ann\u00e9es de d\u00e9veloppement, nous avons mis en place un r\u00e9seau de distribution \u00e0 grande \u00e9chelle dans diff\u00e9rents pays et nous recevons de bons commentaires de la part de nos clients.<\/span><\/div>\n<\/div>\n<\/div>\n<p>&nbsp;<\/p>\n<div class=\"d-tem18-graphic d-clearfix d-interval mockup clearfix\" data-detail=\"wrap\">\n<div class=\"col-lg-4 col-md-4 col-sm-4 col-xs-6\">\n<div class=\"item\">\n<div class=\"images\"><img decoding=\"async\" title=\"\" alt=\"produit-Hommy-img\" src=\"https:\/\/www.hommy.com\/wp-content\/uploads\/15553143982359.jpg\"><\/div>\n<\/div>\n<\/div>\n<div class=\"col-lg-4 col-md-4 col-sm-4 col-xs-6\">\n<div class=\"item\">\n<div class=\"images\"><img decoding=\"async\" title=\"\" alt=\"product-Hommy-ZJ150 Extracteur de jus de canne \u00e0 sucre de table-img\" src=\"https:\/\/www.hommy.com\/wp-content\/uploads\/15553144069641.jpg\"><\/div>\n<\/div>\n<\/div>\n<div class=\"col-lg-4 col-md-4 col-sm-4 col-xs-6\">\n<div class=\"item\">\n<div class=\"images\"><img decoding=\"async\" title=\"\" alt=\"produit-ZJ150 Extracteur de jus de canne \u00e0 sucre de table-Hommy-img\" src=\"https:\/\/www.hommy.com\/wp-content\/uploads\/15553144137588.jpg\"><\/div>\n<\/div>\n<\/div>\n<\/div>\n<p>&nbsp;<\/p>\n<div class=\"d-tem18-graphic d-clearfix d-interval mockup clearfix\" data-detail=\"wrap\">\n<div class=\"col-lg-4 col-md-4 col-sm-4 col-xs-6\">\n<div class=\"item\">\n<div class=\"images\"><img decoding=\"async\" title=\"\" alt=\"produit-Hommy-img\" src=\"https:\/\/www.hommy.com\/wp-content\/uploads\/15553144276886.jpg\"><\/div>\n<\/div>\n<\/div>\n<div class=\"col-lg-4 col-md-4 col-sm-4 col-xs-6\">\n<div class=\"item\">\n<div class=\"images\"><img decoding=\"async\" title=\"\" alt=\"produit-Hommy-img\" src=\"https:\/\/www.hommy.com\/wp-content\/uploads\/15553144368062.jpg\"><\/div>\n<\/div>\n<\/div>\n<div class=\"col-lg-4 col-md-4 col-sm-4 col-xs-6\">\n<div class=\"item\">\n<div class=\"images\"><img decoding=\"async\" title=\"\" alt=\"produit-Hommy-img-1\" src=\"https:\/\/www.hommy.com\/wp-content\/uploads\/15553144427240.jpg\"><\/div>\n<\/div>\n<\/div>\n<\/div>\n<p>&nbsp;<\/p>\n<div class=\"text-left d-tem09-title d-interval\" data-detail=\"wrap\">\n<div class=\"title-header\">\n<h2><span style=\"font-family: arial, helvetica, sans-serif\"><strong><span style=\"font-size: 24px\"><a name=\"Product Advantage\"><\/a>AVANTAGE DU PRODUIT<\/span><\/strong><\/span><\/h2>\n<p><span>En outre, des ing\u00e9nieurs hautement qualifi\u00e9s, des technologues comp\u00e9tents et un personnel bien inform\u00e9 contribuent largement au d\u00e9veloppement de l'entreprise.<\/span><\/p>\n<p><span><img loading=\"lazy\" decoding=\"async\" title=\"\" alt=\"produit-Hommy-img-1\" src=\"https:\/\/www.hommy.com\/wp-content\/uploads\/15553145973638.jpg\" style=\"font-size: 0px;width: 200px;height: 600px\" width=\"200\" height=\"600\" border=\"0\" vspace=\"0\"><\/span><\/p>\n<p><span><span style=\"text-align: center\"><img loading=\"lazy\" decoding=\"async\" src=\"https:\/\/www.hommy.com\/wp-content\/uploads\/15795117582501.jpg\" title=\"\" alt=\"product-Hommy-ZJ150 Extracteur de jus de canne \u00e0 sucre de table-img-1\" width=\"200\" height=\"666\" border=\"0\" vspace=\"0\" style=\"width: 200px;height: 666px\"><\/span><\/span><\/p>\n<p><span><span style=\"text-align: center\">1) Rouleau : 100% Rouleau en acier inoxydable #304 pass food grade<\/span><br style=\"text-align: center\" \/><span style=\"text-align: center\">Le rouleau peut \u00eatre facilement sorti pour \u00eatre nettoy\u00e9 tous les jours.&nbsp;<\/span><br style=\"text-align: center\" \/><span style=\"text-align: center\">Retirer le jus rater : 85%&nbsp;<\/span><\/span><\/p>\n<p><span><img loading=\"lazy\" decoding=\"async\" src=\"https:\/\/www.hommy.com\/wp-content\/uploads\/15795118756560.jpg\" title=\"\" alt=\"produit-ZJ150 Extracteur de jus de canne \u00e0 sucre de table-Hommy-img-1\" width=\"200\" height=\"498\" border=\"0\" vspace=\"0\" style=\"width: 200px;height: 498px\"><\/span><\/p>\n<p><span><br style=\"text-align: center\" \/><span style=\"text-align: center\">2. corps en acier inoxydable .<\/span><\/span><\/p>\n<\/div>\n<\/div>\n<p>Document :<img decoding=\"async\" src=\"https:\/\/www.hommy.com\/wp-content\/uploads\/icon_pdf-11.gif\" style=\"margin-right: 2px\" alt=\"produit-Hommy-img-1\" title=\"\"><a href=\"https:\/\/img80002414.weyesimg.com\/uploads\/www.hommy.com\/addon\/16028268331685.pdf\" title=\"16028268331685.pdf\" style=\"font-size: 12px\">16028268331685.pdf<\/a><\/p>\n<h2 style=\"font-family: sans-serif\">Peut-on congeler le jus de canne \u00e0 sucre ?<\/h2>\n<p style=\"margin-top: 5px;margin-bottom: 5px;font-family: sans-serif;font-size: 16px\">Oui, c'est la m\u00eame chose que de congeler de la limonade.  Ne le congelez pas trop longtemps, sinon vous aurez du sucre cristallis\u00e9 dans votre jus.  Si vous essayez simplement de le conserver, mettez-le au r\u00e9frig\u00e9rateur et il se conservera pendant une semaine.<\/p>\n<p style=\"margin-top: 5px;margin-bottom: 5px;font-family: sans-serif;font-size: 16px\"><\/p>\n<h2 style=\"font-family: sans-serif\">Combien de tonnes de canne \u00e0 sucre poussent sur un hectare ?<\/h2>\n<p style=\"margin-top: 5px;margin-bottom: 5px;font-family: sans-serif;font-size: 16px\">Selon l'USDA, une tonne de canne \u00e0 sucre repr\u00e9sente 2 224 livres ou 1 000 kilogrammes. C'est le rendement moyen des producteurs commerciaux de canne \u00e0 sucre aux \u00c9tats-Unis. En 2014, l'USDA a indiqu\u00e9 que le rendement moyen de tous les producteurs de canne \u00e0 sucre \u00e9tait de 5 383 tonnes de canne \u00e0 sucre par acre. Ce chiffre inclut tous les types de canne \u00e0 sucre, y compris la canne s\u00e8che et la canne humide.<\/p>\n<p style=\"margin-top: 5px;margin-bottom: 5px;font-family: sans-serif;font-size: 16px\"><\/p>\n<h2 style=\"font-family: sans-serif\">Quelle est la dur\u00e9e de vie du jus de canne \u00e0 sucre ?<\/h2>\n<p style=\"margin-top: 5px;margin-bottom: 5px;font-family: sans-serif;font-size: 16px\">Bien que je n'aie pas effectu\u00e9 d'\u00e9tudes \u00e0 long terme sur le jus de canne \u00e0 sucre, je crois savoir que le jus de canne \u00e0 sucre est meilleur lorsqu'il est consomm\u00e9 imm\u00e9diatement apr\u00e8s sa fabrication.&nbsp;<\/p>\n<\/div><\/div>","protected":false},"excerpt":{"rendered":"<p>&nbsp; Sugar Cane Juice Extractor Machine with cooler Sugar Cane Juice Extractor Machine with cooler|PRODUCT FEATURES|Sugarcane extraction process|PRODUCT DETAILS|PRODUCT ADVANTAGE &nbsp; This Table top sugarcane juicer machine is designed and manufactured by our experts to provide you the best quality juicer. Our sugarcane juicer machine is equipped with top grade components that provide you the [&hellip;]<\/p>\n","protected":false},"featured_media":388,"comment_status":"open","ping_status":"open","template":"","meta":{"_swt_meta_header_display":false,"_swt_meta_footer_display":false,"_swt_meta_site_title_display":false,"_swt_meta_sticky_header":false,"_swt_meta_transparent_header":false},"product_brand":[],"product_cat":[75],"product_tag":[],"class_list":{"0":"post-399","1":"product","2":"type-product","3":"status-publish","4":"has-post-thumbnail","6":"product_cat-sugarcane-juice-machine","8":"first","9":"instock","10":"shipping-taxable","11":"product-type-simple"},"_links":{"self":[{"href":"https:\/\/www.hommy.com\/fr\/wp-json\/wp\/v2\/product\/399","targetHints":{"allow":["GET"]}}],"collection":[{"href":"https:\/\/www.hommy.com\/fr\/wp-json\/wp\/v2\/product"}],"about":[{"href":"https:\/\/www.hommy.com\/fr\/wp-json\/wp\/v2\/types\/product"}],"replies":[{"embeddable":true,"href":"https:\/\/www.hommy.com\/fr\/wp-json\/wp\/v2\/comments?post=399"}],"wp:featuredmedia":[{"embeddable":true,"href":"https:\/\/www.hommy.com\/fr\/wp-json\/wp\/v2\/media\/388"}],"wp:attachment":[{"href":"https:\/\/www.hommy.com\/fr\/wp-json\/wp\/v2\/media?parent=399"}],"wp:term":[{"taxonomy":"product_brand","embeddable":true,"href":"https:\/\/www.hommy.com\/fr\/wp-json\/wp\/v2\/product_brand?post=399"},{"taxonomy":"product_cat","embeddable":true,"href":"https:\/\/www.hommy.com\/fr\/wp-json\/wp\/v2\/product_cat?post=399"},{"taxonomy":"product_tag","embeddable":true,"href":"https:\/\/www.hommy.com\/fr\/wp-json\/wp\/v2\/product_tag?post=399"}],"curies":[{"name":"wp","href":"https:\/\/api.w.org\/{rel}","templated":true}]}}