{"id":367,"date":"2024-07-02T13:06:07","date_gmt":"2024-07-02T13:06:07","guid":{"rendered":"http:\/\/localhost\/hommywp\/pa-c5b-auto-touch-screen-hot-dog-lunch-vending-machine\/"},"modified":"2025-08-01T09:57:32","modified_gmt":"2025-08-01T09:57:32","slug":"pa-c5b-distributeur-automatique-de-produits-chauds-et-surgeles","status":"publish","type":"product","link":"https:\/\/www.hommy.com\/fr\/p\/pa-c5b-distributeur-automatique-de-produits-chauds-et-surgeles\/","title":{"rendered":"Pa-C5b Auto Touch Screen Hot Dog Lunch Vending Machine"},"content":{"rendered":"<div>\n<h1 style=\"text-align: center\"><strong><span style=\"letter-spacing: 0px;font-family: arial, helvetica, sans-serif;font-size: 24px\"><a name=\"Hot meal vending machine in 24 hours\"><\/a>Distributeur automatique de repas chauds en 24 heures<\/span><\/strong><\/h1>\n<p style=\"text-align: center\"><a href=\"#Hot meal vending machine in 24 hours\" target=\"_self\" data-lv=\"0\" rel=\"noopener\"><span style=\"letter-spacing: 0px;font-family: arial, helvetica, sans-serif;font-size: 18px\">Distributeur automatique de repas chauds en 24 heures<\/span><\/a><span style=\"letter-spacing: 0px;font-family: arial, helvetica, sans-serif;font-size: 18px\">|<a href=\"#Product Features\" target=\"_self\" data-lv=\"0\" rel=\"noopener\">Caract\u00e9ristiques du produit<\/a>|<a href=\"#Product specification\" target=\"_self\" data-lv=\"0\" rel=\"noopener\">Sp\u00e9cification du produit<\/a>|<a href=\"#Product Advantage\" target=\"_self\" data-lv=\"0\" rel=\"noopener\">Avantages du produit<\/a><\/span><\/p>\n<p><strong><span style=\"letter-spacing: 0px;font-family: arial, helvetica, sans-serif;font-size: 24px\"><br \/><\/span><\/strong><\/p>\n<p><\/p>\n<p style=\"text-align: center\">&nbsp;&nbsp;&nbsp;&nbsp;<\/p>\n<p><span style=\"font-family:\u5b8b\u4f53;letter-spacing:0;font-size:29px\">C'est ce que nous faisons depuis plusieurs ann\u00e9es. Nos distributeurs automatiques de hot-dogs sont con\u00e7us pour vous faire gagner de l'argent. Les distributeurs automatiques de hot-dogs sont connus pour \u00eatre les produits alimentaires les plus populaires sur le march\u00e9 aujourd'hui. Il existe de nombreux autres produits alimentaires qui sont \u00e9galement vendus sur le march\u00e9 aujourd'hui. Nos distributeurs automatiques de hot-dogs sont sp\u00e9cialement con\u00e7us pour vous permettre de gagner de l'argent en vendant des hot-dogs sur le march\u00e9. Les distributeurs automatiques de hot-dogs peuvent \u00eatre install\u00e9s sur le march\u00e9 afin que les clients puissent passer leurs commandes facilement. Les distributeurs automatiques de hot-dogs sont tr\u00e8s faciles \u00e0 utiliser et \u00e0 installer.<\/span><\/p>\n<p><span style=\"font-family:\u5b8b\u4f53;letter-spacing:0;font-size:29px\"><\/span><\/p>\n<div class=\"d-tem01-graphic tem01-graphic mockup\" data-detail=\"wrap\">\n<div class=\"cont-section clearfix d-clearfix\">\n<div class=\"col-md-6 col-sm-6 col-xs-6\">\n<p><\/p>\n<p><\/p>\n<p><\/p>\n<p><\/p>\n<div class=\"graphic_pic animated wow bounceIn\" data-wow-delay=\".7s\">\n<p style=\"text-align:center\"><img loading=\"lazy\" decoding=\"async\" src=\"https:\/\/www.hommy.com\/wp-content\/uploads\/16103279005601.jpg\" alt=\"product-Hommy-PA-C5B Distributeur automatique de produits chauds et surgel\u00e9s-img\" title=\"\" width=\"550\" height=\"500\" border=\"0\" vspace=\"0\" style=\"width: 550px;height: 500px\"><\/p>\n<\/div>\n<\/div>\n<div class=\"col-md-6 col-sm-6 col-xs-6\">\n<div class=\"right-p\">\n<div class=\"h2 heading\">\n<p><span style=\"font-family:Calibri;font-size:21px\"><\/span><\/p>\n<h1><span style=\"font-size: 24px\"><strong><span style=\"letter-spacing: 0px;font-family: arial, helvetica, sans-serif\"><a name=\"Product Features\"><\/a>Caract\u00e9ristiques du produit<\/span><\/strong><\/span><\/h1>\n<p><span style=\"font-size: 24px\"><strong><span style=\"letter-spacing: 0px;font-family: arial, helvetica, sans-serif\"><br \/><\/span><\/strong><\/span><\/p>\n<p><span style=\"font-family: arial, helvetica, sans-serif;font-size: 18px\">1. \u00c9cran tactile de 32 pouces pour la promotion et l'exploitation. Syst\u00e8me de gestion de la plateforme cloud. <br \/><\/span><\/p>\n<p style=\"margin: 0 0 17px;text-indent: 0;padding: 0;line-height: 18px\"><span style=\"font-family: arial, helvetica, sans-serif;font-size: 18px\">2. Fen\u00eatre visuelle du produit. La porte est compos\u00e9e de deux couches de verre visuel enti\u00e8rement scell\u00e9 et d'une couche de film de verre avec fonction de d\u00e9givrage automatique \u00e0 l'ext\u00e9rieur.<\/span><\/p>\n<p style=\"margin: 0 0 17px;text-indent: 0;padding: 0;line-height: 18px\"><span style=\"font-family: arial, helvetica, sans-serif;font-size: 18px\">3. Syst\u00e8me de paiement<span style=\"font-family: arial, helvetica, sans-serif;font-size: 21px\">\uff1a<\/span><\/span><\/p>\n<p style=\"margin: 0 0 17px;text-indent: 0;padding: 0\"><span style=\"font-family: arial, helvetica, sans-serif;font-size: 18px\">4. La machine peut contenir 81 repas scell\u00e9s. Taille des repas scell\u00e9s : 8\"(L)x5 1\/8\"(L)*1 3\/8\"(H). <\/span><\/p>\n<p style=\"margin-left:0;text-indent:0\"><span style=\"font-family: arial, helvetica, sans-serif;font-size: 18px\">5. Il y a 1 \u00e0 27 types d'aliments disponibles \u00e0 la vente, et le prix et le temps de chauffage de chaque article peuvent \u00eatre r\u00e9gl\u00e9s s\u00e9par\u00e9ment.<\/span><\/p>\n<p style=\"margin-left:0;text-indent:0\"><span style=\"font-family: arial, helvetica, sans-serif;font-size: 18px\">6. La temp\u00e9rature de la salle de stockage est de 0\u2103\uff5e4\u2103. Elle peut \u00eatre configur\u00e9e en fonction des diff\u00e9rents produits.<\/span><\/p>\n<p style=\"margin-left:0;text-indent:0\"><span style=\"font-size: 18px;font-family: arial, helvetica, sans-serif\"><span style=\"font-size: 18px\">7. Temp\u00e9rature de chauffage : &nbsp;<\/span>60\u2103\uff5e90\u2103. N<span style=\"font-size: 18px;letter-spacing: 0px\">Il faut 45 secondes pour cuire un repas scell\u00e9 (frais, jamais congel\u00e9).<\/span><span style=\"font-size: 18px;letter-spacing: 0px\">&nbsp;<\/span><span style=\"font-size: 18px\">Le temps de chauffage peut \u00eatre ajust\u00e9 en fonction des mat\u00e9riaux.&nbsp;<\/span><\/span><\/p>\n<p style=\"margin-left:0;text-indent:0\"><span style=\"font-family: arial, helvetica, sans-serif;font-size: 18px\">8. M\u00e9thode de chauffage : four \u00e0 micro-ondes commercial brevet\u00e9 (puissance du four \u00e0 micro-ondes : 3000W) <\/span><\/p>\n<p style=\"margin-left:0;text-indent:0\"><span style=\"font-family: arial, helvetica, sans-serif;font-size: 18px\">9. Vitesse de livraison de la barre de pouss\u00e9e : 60\uff5e90 secondes. La vitesse varie en fonction des diff\u00e9rentes couches de palettes. <\/span><\/p>\n<p style=\"margin-left:0;text-indent:0\"><span style=\"font-family: arial, helvetica, sans-serif;font-size: 18px\">10. Mat\u00e9riau du corps de la machine : moulage en mousse de l'ensemble de la machine, bonne isolation thermique. &nbsp;<\/span><\/p>\n<p style=\"margin-left:0;text-indent:0\"><span style=\"font-family: arial, helvetica, sans-serif;font-size: 18px\">11. Compresseur : puissance 550W, marque Embraco\uff0cR\u00e9frig\u00e9rant 134A<\/span><\/p>\n<\/div>\n<\/div>\n<p>&nbsp; &nbsp; &nbsp; &nbsp; &nbsp; &nbsp;<\/p><\/div>\n<\/div>\n<\/div>\n<h1><span style=\"font-size: 24px;font-family: arial, helvetica, sans-serif\"><strong><span style=\"font-size: 24px;letter-spacing: 0px\"><br \/><\/span><\/strong><\/span><\/h1>\n<h1><span style=\"font-size: 24px;font-family: arial, helvetica, sans-serif\"><strong><span style=\"font-size: 24px;letter-spacing: 0px\"><a name=\"Product specification\"><\/a>Sp\u00e9cification du produit<\/span><\/strong><\/span><\/h1>\n<p><span style=\"font-size: 24px;font-family: arial, helvetica, sans-serif\"><strong><span style=\"font-size: 24px;letter-spacing: 0px\"><br \/><\/span><\/strong><\/span><\/p>\n<p><span style=\"font-size: 24px;font-family: arial, helvetica, sans-serif\"><strong><span style=\"font-size: 24px;letter-spacing: 0px\"><img decoding=\"async\" src=\"https:\/\/www.hommy.com\/wp-content\/uploads\/16103283228193.png\" alt=\"produit-Hommy-img\" title=\"\"><\/span><\/strong><\/span><\/p>\n<h1><span style=\"font-family: arial, helvetica, sans-serif;font-size: 24px\"><strong><span style=\"font-family: arial, helvetica, sans-serif;letter-spacing: 0px\"><br \/><\/span><\/strong><\/span><\/h1>\n<h1><span style=\"font-family: arial, helvetica, sans-serif;font-size: 24px\"><strong><span style=\"font-family: arial, helvetica, sans-serif;letter-spacing: 0px\"><a name=\"Product Advantage\"><\/a>Avantages du produit<\/span><\/strong><\/span><\/h1>\n<p><span style=\"font-family: arial, helvetica, sans-serif;font-size: 24px\"><strong><span style=\"font-family: arial, helvetica, sans-serif;letter-spacing: 0px\"><\/span><\/strong><\/span><\/p>\n<div class=\"d-tem01-graphic tem01-graphic mockup\" data-detail=\"wrap\">\n<div class=\"cont-section clearfix d-clearfix\">\n<div class=\"col-md-6 col-sm-6 col-xs-6\">\n<div class=\"right-p\">\n<div class=\"h2 heading\">\n<p style=\"margin-top: 0;margin-right: 0;margin-bottom: 0;padding: 0;vertical-align: baseline\"><span style=\"letter-spacing: 0px;font-family: arial, helvetica, sans-serif;font-size: 18px\">1. Manipulateur intelligent Sortie de l'axe XY et livraison de l'ascenseur&nbsp;<\/span><\/p>\n<p style=\"margin-top: 0;margin-right: 0;margin-bottom: 0;padding: 0;vertical-align: baseline\"><span style=\"letter-spacing: 0px;font-family: arial, helvetica, sans-serif;font-size: 18px\"><br \/><\/span><\/p>\n<p style=\"margin-top: 0;margin-right: 0;margin-bottom: 0;padding: 0;vertical-align: baseline\"><span style=\"letter-spacing: 0px;font-family: arial, helvetica, sans-serif;font-size: 18px\"><br \/><\/span><\/p>\n<\/div>\n<\/div>\n<div class=\"graphic_pic animated wow bounceIn\" data-wow-delay=\".7s\">\n<p style=\"text-align:center\"><img loading=\"lazy\" decoding=\"async\" src=\"https:\/\/www.hommy.com\/wp-content\/uploads\/16103285159669.jpg\" alt=\"produit-Hommy-img\" title=\"\" width=\"350\" height=\"500\" border=\"0\" vspace=\"0\" style=\"width: 350px;height: 500px\"><\/p>\n<\/div>\n<\/div>\n<div class=\"col-md-6 col-sm-6 col-xs-6\">\n<div class=\"right-p\">\n<div class=\"h2 heading\">\n<p style=\"text-indent: 0;padding: 0;vertical-align: baseline\"><span style=\"letter-spacing: 0px;font-size: 18px;font-family: arial, helvetica, sans-serif\">2. Plus grande capacit\u00e9 d'environ 81 pi\u00e8ces : 3 couloirs de pi\u00e8ces par couche X 3 bo\u00eetes\/couloir de cargaison X 9 couches=81<\/span><\/p>\n<p style=\"text-indent: 0;padding: 0;vertical-align: baseline\"><span style=\"letter-spacing: 0px;font-size: 18px;font-family: arial, helvetica, sans-serif\"><br \/><\/span><\/p>\n<\/div>\n<\/div>\n<div class=\"graphic_pic animated wow bounceIn\" data-wow-delay=\".7s\">\n<p style=\"text-align:center\"><img loading=\"lazy\" decoding=\"async\" src=\"https:\/\/www.hommy.com\/wp-content\/uploads\/16103285488561.png\" alt=\"product-PA-C5B Distributeur automatique de produits chauds et surgel\u00e9s-Hommy-img\" title=\"\" width=\"350\" height=\"500\" border=\"0\" vspace=\"0\" style=\"width: 350px;height: 500px\"><\/p>\n<\/div>\n<\/div>\n<\/div>\n<\/div>\n<p><span style=\"font-family: arial, helvetica, sans-serif;font-size: 24px\"><strong><span style=\"font-family: arial, helvetica, sans-serif;letter-spacing: 0px\"><\/span><\/strong><\/span><\/p>\n<div class=\"d-tem01-graphic tem01-graphic mockup\" data-detail=\"wrap\">\n<div class=\"cont-section clearfix d-clearfix\">\n<div class=\"col-md-6 col-sm-6 col-xs-6\">\n<div class=\"right-p\">\n<div class=\"h2 heading\">\n<p><span style=\"font-family: arial, helvetica, sans-serif;font-size: 18px\"><span style=\"font-family: arial, helvetica, sans-serif;letter-spacing: 0px\">3.&nbsp;<\/span><span style=\"font-family: arial, helvetica, sans-serif\">Le syst\u00e8me de paiement accepte les pi\u00e8ces de monnaie, les billets, les pi\u00e8ces de monnaie Exchang, les cartes de cr\u00e9dit.<\/span><\/span><\/p>\n<\/div>\n<\/div>\n<div class=\"graphic_pic animated wow bounceIn\" data-wow-delay=\".7s\">\n<p style=\"text-align:center\"><img loading=\"lazy\" decoding=\"async\" src=\"https:\/\/www.hommy.com\/wp-content\/uploads\/16103285763964.png\" alt=\"produit-Hommy-img\" title=\"\" width=\"350\" height=\"500\" border=\"0\" vspace=\"0\" style=\"width: 350px;height: 500px\"><\/p>\n<\/div>\n<\/div>\n<div class=\"col-md-6 col-sm-6 col-xs-6\">\n<div class=\"right-p\">\n<div class=\"h2 heading\">\n<p><span style=\"font-size: 18px;font-family: arial, helvetica, sans-serif\">4. Syst\u00e8me de gestion \u00e0 distance par ordinateur : interrogation des d\u00e9tails des ventes, rappel des p\u00e9nuries, rappel des pannes de machine.<\/span><\/p>\n<\/div>\n<\/div>\n<div class=\"graphic_pic animated wow bounceIn\" data-wow-delay=\".7s\">\n<p style=\"text-align:center\"><img loading=\"lazy\" decoding=\"async\" src=\"https:\/\/www.hommy.com\/wp-content\/uploads\/16103286021739.jpg\" alt=\"produit-Hommy-img\" title=\"\" width=\"350\" height=\"500\" border=\"0\" vspace=\"0\" style=\"width: 350px;height: 500px\"><\/p>\n<\/div>\n<\/div>\n<\/div>\n<\/div>\n<h2>Quelle est la ville qui compte le plus de distributeurs automatiques ?<\/h2>\n<p style=\"margin-top: 5px;margin-bottom: 5px\"><\/p>\n<p style=\"margin-top: 5px;margin-bottom: 5px\">Voici quelques-unes des r\u00e9ponses les plus populaires \u00e0 cette question.<\/p>\n<p style=\"margin-top: 5px;margin-bottom: 5px\"><\/p>\n<p style=\"margin-top: 5px;margin-bottom: 5px\">La ville qui compte le plus grand nombre de distributeurs automatiques au monde ?<\/p>\n<p style=\"margin-top: 5px;margin-bottom: 5px\"><\/p>\n<p style=\"margin-top: 5px;margin-bottom: 5px\">Selon une nouvelle \u00e9tude de l'Universit\u00e9 de Californie \u00e0 San Diego (UCSD), c'est \u00e0 Los Angeles que l'on trouve le plus grand nombre de distributeurs automatiques au monde.<\/p>\n<p style=\"margin-top: 5px;margin-bottom: 5px\"><\/p>\n<p style=\"margin-top: 5px;margin-bottom: 5px\">L'\u00e9tude a \u00e9galement r\u00e9v\u00e9l\u00e9 qu'il y a plus d'un distributeur automatique pour 1 000 habitants dans la ville, mais qu'il y en a toujours plus de deux fois plus que dans la deuxi\u00e8me ville la plus peupl\u00e9e, New York.<\/p>\n<p style=\"margin-top: 5px;margin-bottom: 5px\"><\/p>\n<h2>Les distributeurs automatiques en ligne sont-ils rentables ?<\/h2>\n<p style=\"margin-top: 5px;margin-bottom: 5px\"><\/p>\n<p style=\"margin-top: 5px;margin-bottom: 5px\">En bref, les distributeurs automatiques en ligne sont une solution en ligne au probl\u00e8me de la fourniture de biens aux consommateurs. Les distributeurs automatiques en ligne sont l'\u00e9quivalent en ligne d'un distributeur automatique, sauf qu'ils sont bas\u00e9s sur le web.<\/p>\n<p style=\"margin-top: 5px;margin-bottom: 5px\"><\/p>\n<p style=\"margin-top: 5px;margin-bottom: 5px\">Le distributeur automatique en ligne permet \u00e0 une entreprise de vendre des produits en ligne, sans avoir \u00e0 se pr\u00e9occuper de la logistique physique d'un produit. Les distributeurs automatiques en ligne se chargent de l'ex\u00e9cution des commandes.<\/p>\n<p style=\"margin-top: 5px;margin-bottom: 5px\"><\/p>\n<p style=\"margin-top: 5px;margin-bottom: 5px\"><\/p>\n<p style=\"margin-top: 5px;margin-bottom: 5px\">Qu'est-ce qui se vend le mieux dans un distributeur automatique ? L'une des r\u00e9ponses les plus int\u00e9ressantes provient d'une interview r\u00e9cente de l'inventeur du \"Tootsie Pop\" et de l'inventeur de la barre chocolat\u00e9e moderne, Forrest Mars, \u00e0 qui l'on a demand\u00e9 ce qu'il mettrait dans un distributeur automatique.<\/p>\n<\/p><\/div>","protected":false},"excerpt":{"rendered":"<p>Hot meal vending machine in 24 hours Hot meal vending machine in 24 hours|Product Features|Product specification|Product Advantage &nbsp;&nbsp;&nbsp;&nbsp; We have been doing this for the past several years. Our hot dog vending machines are designed to make you money. The hot dog vending machines are known to be the most popular food items in the [&hellip;]<\/p>\n","protected":false},"featured_media":361,"comment_status":"open","ping_status":"open","template":"","meta":{"_swt_meta_header_display":false,"_swt_meta_footer_display":false,"_swt_meta_site_title_display":false,"_swt_meta_sticky_header":false,"_swt_meta_transparent_header":false},"product_brand":[],"product_cat":[74,68],"product_tag":[],"class_list":{"0":"post-367","1":"product","2":"type-product","3":"status-publish","4":"has-post-thumbnail","6":"product_cat-hot-food-vending-machine","7":"product_cat-vending-machine","9":"first","10":"instock","11":"shipping-taxable","12":"product-type-simple"},"_links":{"self":[{"href":"https:\/\/www.hommy.com\/fr\/wp-json\/wp\/v2\/product\/367","targetHints":{"allow":["GET"]}}],"collection":[{"href":"https:\/\/www.hommy.com\/fr\/wp-json\/wp\/v2\/product"}],"about":[{"href":"https:\/\/www.hommy.com\/fr\/wp-json\/wp\/v2\/types\/product"}],"replies":[{"embeddable":true,"href":"https:\/\/www.hommy.com\/fr\/wp-json\/wp\/v2\/comments?post=367"}],"wp:featuredmedia":[{"embeddable":true,"href":"https:\/\/www.hommy.com\/fr\/wp-json\/wp\/v2\/media\/361"}],"wp:attachment":[{"href":"https:\/\/www.hommy.com\/fr\/wp-json\/wp\/v2\/media?parent=367"}],"wp:term":[{"taxonomy":"product_brand","embeddable":true,"href":"https:\/\/www.hommy.com\/fr\/wp-json\/wp\/v2\/product_brand?post=367"},{"taxonomy":"product_cat","embeddable":true,"href":"https:\/\/www.hommy.com\/fr\/wp-json\/wp\/v2\/product_cat?post=367"},{"taxonomy":"product_tag","embeddable":true,"href":"https:\/\/www.hommy.com\/fr\/wp-json\/wp\/v2\/product_tag?post=367"}],"curies":[{"name":"wp","href":"https:\/\/api.w.org\/{rel}","templated":true}]}}