{"id":360,"date":"2024-07-02T13:06:03","date_gmt":"2024-07-02T13:06:03","guid":{"rendered":"http:\/\/localhost\/hommywp\/pa-c5a-buy-china-popular-intelligent-hamburger-vending-machine\/"},"modified":"2025-08-01T09:57:32","modified_gmt":"2025-08-01T09:57:32","slug":"distributeur-automatique-de-hamburgers-pa-c5a","status":"publish","type":"product","link":"https:\/\/www.hommy.com\/fr\/p\/distributeur-automatique-de-hamburgers-pa-c5a\/","title":{"rendered":"Pa-C5A Buy China Popular Intelligent Hamburger Vending Machine"},"content":{"rendered":"<div>\n<p style=\"margin: 0px;text-align: center\"><\/p>\n<h1 style=\"margin: 0px;text-align: center\"><strong><span style=\"letter-spacing: 0px;font-family: arial, helvetica, sans-serif;font-size: 24px\"><a name=\"Hot and Freeze vending machine 24hours\"><\/a>Distributeur automatique de boissons chaudes et froides 24 heures sur 24<\/span><\/strong><br \/><\/h1>\n<p style=\"text-align: center\"><a href=\"#Hot and Freeze vending machine 24hours\" target=\"_self\" data-lv=\"0\" rel=\"noopener\"><span style=\"letter-spacing: 0px;font-family: arial, helvetica, sans-serif;font-size: 18px\">Distributeur automatique de boissons chaudes et froides 24 heures sur 24<\/span><\/a><span style=\"letter-spacing: 0px;font-family: arial, helvetica, sans-serif;font-size: 18px\">|<a href=\"#Product Features\" target=\"_self\" data-lv=\"0\" rel=\"noopener\">Caract\u00e9ristiques du produit<\/a>|<a href=\"#Product specification\" target=\"_self\" data-lv=\"0\" rel=\"noopener\">Sp\u00e9cification du produit<\/a>|<a href=\"#Product Advantage\" target=\"_self\" data-lv=\"0\" rel=\"noopener\">Avantages du produit<\/a><\/span><\/p>\n<p><\/p>\n<p style=\"text-align: center\">&nbsp;&nbsp;&nbsp;&nbsp;<\/p>\n<p>Notre client\u00e8le se compose de grandes cha\u00eenes de magasins dans tout le pays. Ces machines contribuent \u00e0 am\u00e9liorer les ventes de leur marque et la satisfaction de leurs clients. Elles sont utilis\u00e9es pour la distribution de hamburgers dans les restaurants, les coll\u00e8ges, les clubs, les universit\u00e9s, les bureaux et les centres commerciaux. Ces machines sont \u00e9galement con\u00e7ues et fabriqu\u00e9es par nos concepteurs comp\u00e9tents qui utilisent des mati\u00e8res premi\u00e8res d'excellente qualit\u00e9 et une technologie avanc\u00e9e.<\/p>\n<p><\/p>\n<p>Ces distributeurs automatiques de produits alimentaires permettent aux clients de choisir des hamburgers en fonction de leurs pr\u00e9f\u00e9rences. Nous pouvons personnaliser ces machines selon le choix de nos clients. Ces machines peuvent \u00eatre personnalis\u00e9es en fonction des exigences de nos clients. Vous pouvez \u00e9galement personnaliser ces machines en fonction du choix de vos clients.<\/p>\n<p><span style=\"font-family:\u5b8b\u4f53;letter-spacing:0;font-size:29px\"><\/span><\/p>\n<div class=\"d-tem01-graphic tem01-graphic mockup\" data-detail=\"wrap\">\n<div class=\"cont-section clearfix d-clearfix\">\n<div class=\"col-md-6 col-sm-6 col-xs-6\"><\/p>\n<div class=\"graphic_pic animated wow bounceIn\" data-wow-delay=\".7s\">\n<p style=\"text-align:center\"><img decoding=\"async\" src=\"https:\/\/www.hommy.com\/wp-content\/uploads\/16103263443281.jpg\" alt=\"product-Hommy-PA-C5A Hamburgers Vending Machine-img\" title=\"\"><\/p>\n<\/div>\n<\/div>\n<div class=\"col-md-6 col-sm-6 col-xs-6\">\n<div class=\"right-p\">\n<div class=\"h2 heading\">\n<h1 style=\"margin: 0px;text-indent: 0px;text-align: justify\"><strong><span style=\"letter-spacing: 0px;font-family: arial, helvetica, sans-serif;font-size: 24px\"><a name=\"Product Features\"><\/a>Caract\u00e9ristiques du produit<\/span><\/strong><\/h1>\n<p style=\"margin-top:0;margin-right:0;margin-bottom:0;margin-left:0;text-indent:0;text-align:justify\"><span style=\"letter-spacing: 0px;font-family: arial, helvetica, sans-serif;font-size: 18px\"><br \/><\/span><\/p>\n<p><span style=\"font-size: 18px;font-family: arial, helvetica, sans-serif\">1. \u00c9cran tactile de 32 pouces pour la promotion et l'exploitation. Syst\u00e8me de gestion de la plateforme cloud. <\/span><\/p>\n<p style=\"margin-left:0;text-indent:0\"><span style=\"font-size: 18px;font-family: arial, helvetica, sans-serif\">2. Syst\u00e8me de paiement : Pi\u00e8ce de monnaie, billet, carte de cr\u00e9dit fournit une interface (port MDB), pi\u00e8ces de monnaie retourn\u00e9es. &nbsp;<\/span><\/p>\n<p style=\"margin-left:0;text-indent:0\"><span style=\"font-size: 18px;font-family: arial, helvetica, sans-serif\">3. La machine peut contenir 54 hamburgers. Taille des bo\u00eetes : (L)220mm*(L)180mm*(H)40\uff5e70mm. Le stockage peut \u00eatre de 81 bo\u00eetes si la largeur de la bo\u00eete est de 150 mm.<\/span><\/p>\n<p style=\"margin-left:0;text-indent:0\"><span style=\"font-size: 18px;font-family: arial, helvetica, sans-serif\">4. La temp\u00e9rature de la zone de stockage peut \u00eatre ajust\u00e9e de 5\u2103\uff5e10\u2103. Il peut \u00eatre configur\u00e9 en fonction de diff\u00e9rents produits.<\/span><\/p>\n<p style=\"margin-left:0;text-indent:0\"><span style=\"font-size: 18px;font-family: arial, helvetica, sans-serif\"><span style=\"font-family: Calibri;font-size: 21px\">5. Temp\u00e9rature de chauffage :<\/span><span style=\"font-size: 18px;font-family: arial, helvetica, sans-serif\"><span style=\"font-size: 21px\"> &nbsp;60\u2103\uff5e90\u2103. N<\/span><span style=\"letter-spacing: 0px;font-size: 21px\">eed 30 <\/span><\/span><span style=\"font-family: arial, helvetica, sans-serif;letter-spacing: 0px;font-size: 21px\">secondes pour la cuisson d'un<\/span><span style=\"font-family: \u5b8b\u4f53;letter-spacing: 0px;font-size: 21px\"> <\/span><span style=\"font-family: Calibri;letter-spacing: 0px;font-size: 21px\">hamburger<\/span><span style=\"font-family: \u5b8b\u4f53;letter-spacing: 0px;font-size: 21px\">.<\/span><span style=\"font-family: Calibri;letter-spacing: 0px;font-size: 21px\">&nbsp;<\/span><span style=\"font-family: Calibri;font-size: 21px\">Le temps de chauffage peut \u00eatre ajust\u00e9 en fonction des mat\u00e9riaux.&nbsp;<\/span><\/span><\/p>\n<p style=\"margin-left:0;text-indent:0\"><span style=\"font-size: 18px;font-family: arial, helvetica, sans-serif\">6. Vitesse de livraison de la barre de pouss\u00e9e : 60\uff5e90 secondes. La vitesse varie en fonction des diff\u00e9rentes couches de palettes. <\/span><\/p>\n<p style=\"margin-left:0;text-indent:0\"><span style=\"font-size: 18px;font-family: arial, helvetica, sans-serif\">7. M\u00e9thode de chauffage : four \u00e0 micro-ondes commercial brevet\u00e9 (1600W)<\/span><\/p>\n<p style=\"margin-left:0;text-indent:0\"><span style=\"font-size: 18px;font-family: arial, helvetica, sans-serif\">8. Types d'aliments disponibles : 1-27 types, le prix de chaque produit et le temps de chauffage peuvent \u00eatre configur\u00e9s. <\/span><\/p>\n<p style=\"margin-left:0;text-indent:0\"><span style=\"font-size: 18px;font-family: arial, helvetica, sans-serif\">9. Mat\u00e9riau du corps de la machine : moulage en mousse de l'ensemble de la machine, bonne isolation thermique. &nbsp;<\/span><\/p>\n<p style=\"margin-left:0;text-indent:0\"><span style=\"font-size: 18px;font-family: arial, helvetica, sans-serif\">10. Compresseur : puissance 550W, marque Embraco\uff0cR\u00e9frig\u00e9rant 134A<\/span><\/p>\n<\/div>\n<\/div>\n<p><span style=\"font-family: arial, helvetica, sans-serif;font-size: 18px\"><br \/>\n &nbsp; &nbsp; &nbsp; &nbsp; &nbsp; &nbsp;<\/span><\/div>\n<\/div>\n<\/div>\n<h1><span style=\"font-family: arial, helvetica, sans-serif\"><strong><span style=\"letter-spacing: 0px;font-size: 24px\"><a name=\"Product specification\"><\/a>Sp\u00e9cification du produit<\/span><\/strong><\/span><\/h1>\n<p><span style=\"font-family: arial, helvetica, sans-serif\"><strong><span style=\"letter-spacing: 0px;font-size: 24px\"><br \/><\/span><\/strong><\/span><\/p>\n<p><span style=\"font-family: arial, helvetica, sans-serif\"><strong><span style=\"letter-spacing: 0px;font-size: 24px\"><img decoding=\"async\" src=\"https:\/\/www.hommy.com\/wp-content\/uploads\/16103258145399.png\" alt=\"produit-Hommy-img\" title=\"\"><\/span><\/strong><\/span><\/p>\n<p><\/p>\n<h1><strong><span style=\"letter-spacing: 0px;font-family: arial, helvetica, sans-serif;font-size: 24px\"><a name=\"Product Advantage\"><\/a>Avantages du produit<\/span><\/strong><\/h1>\n<p><strong><span style=\"letter-spacing: 0px;font-family: arial, helvetica, sans-serif;font-size: 24px\"><\/span><\/strong><\/p>\n<div class=\"d-tem01-graphic tem01-graphic mockup\" data-detail=\"wrap\">\n<div class=\"cont-section clearfix d-clearfix\">\n<div class=\"col-md-6 col-sm-6 col-xs-6\">\n<div class=\"right-p\">\n<div class=\"h2 heading\">\n<p><span style=\"letter-spacing: 0px;font-family: arial, helvetica, sans-serif;font-size: 18px\">1. Manipulateur intelligent Sortie de l'axe XY et livraison de l'ascenseur<\/span><\/p>\n<p><span style=\"font-family: \u5b8b\u4f53;letter-spacing: 0;font-size: 20px\"><br \/><\/span><\/p>\n<\/div>\n<\/div>\n<div class=\"graphic_pic animated wow bounceIn\" data-wow-delay=\".7s\">\n<p style=\"text-align:center\"><img loading=\"lazy\" decoding=\"async\" src=\"https:\/\/www.hommy.com\/wp-content\/uploads\/16103259329622.jpg\" alt=\"produit-Hommy-img\" title=\"\" width=\"350\" height=\"500\" border=\"0\" vspace=\"0\" style=\"width: 350px;height: 500px\"><\/p>\n<\/div>\n<\/div>\n<div class=\"col-md-6 col-sm-6 col-xs-6\">\n<div class=\"right-p\">\n<div class=\"h2 heading\">\n<p style=\"text-indent: 0;padding: 0;vertical-align: baseline\"><span style=\"letter-spacing: 0px;font-family: arial, helvetica, sans-serif;font-size: 18px\">2. Plus grande capacit\u00e9 d'environ 81 pi\u00e8ces : 3 couloirs de pi\u00e8ces par couche X 3 bo\u00eetes\/couloir de cargaison X 9 couches=81<\/span><\/p>\n<p style=\"text-indent: 0;padding: 0;vertical-align: baseline\"><span style=\"font-family: \u5b8b\u4f53;letter-spacing: 0;font-size: 20px\"><br \/><\/span><\/p>\n<\/div>\n<\/div>\n<div class=\"graphic_pic animated wow bounceIn\" data-wow-delay=\".7s\">\n<p style=\"text-align:center\"><img loading=\"lazy\" decoding=\"async\" src=\"https:\/\/www.hommy.com\/wp-content\/uploads\/16103259613183.png\" alt=\"product-PA-C5A Distributeur automatique de hamburgers-Hommy-img\" title=\"\" width=\"350\" height=\"500\" border=\"0\" vspace=\"0\" style=\"width: 350px;height: 500px\"><\/p>\n<\/div>\n<\/div>\n<\/div>\n<\/div>\n<p><span style=\"font-family: arial, helvetica, sans-serif\"><strong><span style=\"letter-spacing: 0px;font-size: 24px\"><\/span><\/strong><\/span><\/p>\n<div class=\"d-tem01-graphic tem01-graphic mockup\" data-detail=\"wrap\">\n<div class=\"cont-section clearfix d-clearfix\">\n<div class=\"col-md-6 col-sm-6 col-xs-6\">\n<div class=\"right-p\">\n<div class=\"h2 heading\">\n<p><span style=\"font-family: arial, helvetica, sans-serif;font-size: 18px\"><span style=\"font-family: arial, helvetica, sans-serif;letter-spacing: 0px\">3.&nbsp;<\/span><span style=\"font-family: arial, helvetica, sans-serif\">Le syst\u00e8me de paiement accepte les pi\u00e8ces de monnaie, les billets, les pi\u00e8ces de monnaie Exchang, les cartes de cr\u00e9dit.<\/span><\/span><\/p>\n<p><span style=\"font-family:Calibri;font-size:21px\"><br \/><\/span><\/p>\n<\/div>\n<\/div>\n<div class=\"graphic_pic animated wow bounceIn\" data-wow-delay=\".7s\">\n<p style=\"text-align:center\"><img loading=\"lazy\" decoding=\"async\" src=\"https:\/\/www.hommy.com\/wp-content\/uploads\/16103261329674.png\" alt=\"produit-Hommy-img\" title=\"\" width=\"350\" height=\"500\" border=\"0\" vspace=\"0\" style=\"width: 350px;height: 500px\"><\/p>\n<\/div>\n<\/div>\n<div class=\"col-md-6 col-sm-6 col-xs-6\">\n<div class=\"right-p\">\n<div class=\"h2 heading\">\n<p><span style=\"font-family: arial, helvetica, sans-serif;font-size: 18px\">4. Syst\u00e8me de gestion \u00e0 distance par ordinateur : interrogation des d\u00e9tails des ventes, rappel des p\u00e9nuries, rappel des pannes de machine.<\/span><\/p>\n<\/div>\n<\/div>\n<div class=\"graphic_pic animated wow bounceIn\" data-wow-delay=\".7s\">\n<p style=\"text-align:center\"><img loading=\"lazy\" decoding=\"async\" src=\"https:\/\/www.hommy.com\/wp-content\/uploads\/16103261597199.jpg\" alt=\"produit-Hommy-img\" title=\"\" width=\"400\" height=\"350\" border=\"0\" vspace=\"0\" style=\"width: 400px;height: 350px\"><\/p>\n<\/div>\n<\/div>\n<\/div>\n<\/div>\n<p><span style=\"font-family:\u5b8b\u4f53;letter-spacing:0;font-size:29px\"><\/span><\/p>\n<h2>Comment devenir propri\u00e9taire d'un distributeur automatique en Floride ?<\/h2>\n<p style=\"margin-top: 5px;margin-bottom: 5px\">En Floride, les r\u00e8gles et r\u00e9glementations relatives aux distributeurs automatiques sont contr\u00f4l\u00e9es par le Florida Office of the State Comptroller, et vous devez \u00eatre titulaire d'une licence. Il existe trois types de licences de distributeurs automatiques : Les distributeurs automatiques, les d\u00e9tenteurs de licences de distribution automatique et les licences de distribution automatique pour les magasins de d\u00e9tail. Les r\u00e8gles relatives \u00e0 l'achat d'une licence de distribution automatique sont totalement diff\u00e9rentes de celles qui s'appliquent aux distributeurs automatiques. Voici comment obtenir une licence de distribution automatique en Floride et le montant de la licence.<\/p>\n<p style=\"margin-top: 5px;margin-bottom: 5px\"><\/p>\n<h2>Puis-je installer un distributeur automatique n'importe o\u00f9 au Royaume-Uni ?<\/h2>\n<p style=\"margin-top: 5px;margin-bottom: 5px\">Les distributeurs automatiques, \u00e9galement appel\u00e9s unit\u00e9s automatis\u00e9es, libre-service et self-service, sont des services de restauration qui permettent aux utilisateurs d'acheter des produits ou des services, g\u00e9n\u00e9ralement aupr\u00e8s d'un fournisseur, sans interagir avec un pr\u00e9pos\u00e9 ou une personne charg\u00e9e du service. L'utilisation de distributeurs automatiques est particuli\u00e8rement courante dans les lieux publics, tels que les syst\u00e8mes de transport, les biblioth\u00e8ques, les bureaux, les \u00e9tablissements d'enseignement et les entreprises.<\/p>\n<p style=\"margin-top: 5px;margin-bottom: 5px\"><\/p>\n<h2>Combien p\u00e8se un distributeur automatique ?<\/h2>\n<p style=\"margin-top: 5px;margin-bottom: 5px\">Une m\u00e9thode simple et courante pour d\u00e9terminer le poids d'un distributeur automatique consiste \u00e0 l'ouvrir et \u00e0 compter les pi\u00e8ces de monnaie dans le compartiment (ou les bacs s'il y a plus d'un compartiment). Cette m\u00e9thode n'est pas parfaite, surtout s'il y a plusieurs compartiments ou si les compartiments sont remplis \u00e0 ras bord. Ce site web vous indique le poids d'un distributeur automatique et calcule ensuite votre monnaie.<\/p>\n<\/p><\/div>","protected":false},"excerpt":{"rendered":"<p>Hot and Freeze vending machine 24hours Hot and Freeze vending machine 24hours|Product Features|Product specification|Product Advantage &nbsp;&nbsp;&nbsp;&nbsp; Our clientele consists of leading retail chains across the country. This machines helps in improving sales of their brand, and their customers\u2019 satisfaction. They are used for vending burgers at restaurants, colleges, clubs, universities, offices, and malls. These are [&hellip;]<\/p>\n","protected":false},"featured_media":354,"comment_status":"open","ping_status":"open","template":"","meta":{"_swt_meta_header_display":false,"_swt_meta_footer_display":false,"_swt_meta_site_title_display":false,"_swt_meta_sticky_header":false,"_swt_meta_transparent_header":false},"product_brand":[],"product_cat":[74,68],"product_tag":[],"class_list":{"0":"post-360","1":"product","2":"type-product","3":"status-publish","4":"has-post-thumbnail","6":"product_cat-hot-food-vending-machine","7":"product_cat-vending-machine","9":"first","10":"instock","11":"shipping-taxable","12":"product-type-simple"},"_links":{"self":[{"href":"https:\/\/www.hommy.com\/fr\/wp-json\/wp\/v2\/product\/360","targetHints":{"allow":["GET"]}}],"collection":[{"href":"https:\/\/www.hommy.com\/fr\/wp-json\/wp\/v2\/product"}],"about":[{"href":"https:\/\/www.hommy.com\/fr\/wp-json\/wp\/v2\/types\/product"}],"replies":[{"embeddable":true,"href":"https:\/\/www.hommy.com\/fr\/wp-json\/wp\/v2\/comments?post=360"}],"wp:featuredmedia":[{"embeddable":true,"href":"https:\/\/www.hommy.com\/fr\/wp-json\/wp\/v2\/media\/354"}],"wp:attachment":[{"href":"https:\/\/www.hommy.com\/fr\/wp-json\/wp\/v2\/media?parent=360"}],"wp:term":[{"taxonomy":"product_brand","embeddable":true,"href":"https:\/\/www.hommy.com\/fr\/wp-json\/wp\/v2\/product_brand?post=360"},{"taxonomy":"product_cat","embeddable":true,"href":"https:\/\/www.hommy.com\/fr\/wp-json\/wp\/v2\/product_cat?post=360"},{"taxonomy":"product_tag","embeddable":true,"href":"https:\/\/www.hommy.com\/fr\/wp-json\/wp\/v2\/product_tag?post=360"}],"curies":[{"name":"wp","href":"https:\/\/api.w.org\/{rel}","templated":true}]}}