{"id":353,"date":"2024-07-02T13:05:59","date_gmt":"2024-07-02T13:05:59","guid":{"rendered":"http:\/\/localhost\/hommywp\/pa-c5b-automatic-smart-hot-and-frozen-food-vending-machine\/"},"modified":"2025-08-01T09:57:32","modified_gmt":"2025-08-01T09:57:32","slug":"pa-c5b-distributeur-automatique-de-produits-chauds-et-surgeles-1","status":"publish","type":"product","link":"https:\/\/www.hommy.com\/fr\/p\/pa-c5b-distributeur-automatique-de-produits-chauds-et-surgeles-1\/","title":{"rendered":"Pa-C5b Distributeur automatique intelligent d'aliments chauds et surgel\u00e9s"},"content":{"rendered":"<div>\n<p style=\"text-align: center\">\n<p>Le distributeur automatique de produits alimentaires que nous fournissons est fabriqu\u00e9 \u00e0 partir de composants de premi\u00e8re qualit\u00e9 que nous nous procurons aupr\u00e8s des vendeurs authentiques du march\u00e9 et des derni\u00e8res technologies en conformit\u00e9 avec les normes \u00e9tablies par l'industrie.<\/p>\n<p>Le distributeur automatique de produits alimentaires que nous proposons est con\u00e7u pour offrir un moyen s\u00fbr et pratique de vendre une vari\u00e9t\u00e9 de snacks et de boissons au public.<\/p>\n<p><\/p>\n<p>Nous vous apportons notre expertise dans la fourniture et l'installation de distributeurs automatiques de produits alimentaires qui vous permettront de r\u00e9pondre aux besoins d'une large client\u00e8le. Ces distributeurs automatiques de produits alimentaires sont faciles \u00e0 utiliser et \u00e0 entretenir.<\/p>\n<p><span style=\"font-family:\u5b8b\u4f53;font-size:29px\">Produit <\/span><span style=\"font-family:\u5b8b\u4f53;font-size:29px\">sp\u00e9cification :<\/span><\/p>\n<p><img decoding=\"async\" src=\"https:\/\/www.hommy.com\/wp-content\/uploads\/16429868956703.png\" alt=\"produit-Hommy-img\" title=\"\"><\/p>\n<p><img decoding=\"async\" src=\"https:\/\/www.hommy.com\/wp-content\/uploads\/16429869202673.jpg\" alt=\"produit-Hommy-img\" title=\"\"><\/p>\n<p style=\"margin-bottom:0;text-align:justify\"><span style=\"font-family:\u5b8b\u4f53;font-size:29px\"><br \/><\/span><\/p>\n<p style=\"margin-bottom:0;text-align:justify\"><span style=\"font-family:\u5b8b\u4f53;font-size:29px\">Caract\u00e9ristiques du produit : <\/span><\/p>\n<p><span style=\"font-family:Calibri;font-size:21px\">1.&nbsp;<\/span><span style=\"font-family:Calibri;font-size:21px\">21<\/span><span style=\"font-family:\u7b49\u7ebf;font-size:21px\">.<\/span><span style=\"font-family:Calibri;font-size:21px\">Touche \"5<\/span><span style=\"font-family:Calibri;font-size:21px\">&nbsp;\u00e9cran pour la promotion et l'exploitation<\/span><span style=\"font-family:Calibri;font-size:21px\">. Syst\u00e8me de gestion de la plateforme cloud. <\/span><\/p>\n<p style=\"margin-bottom: 17px;line-height: 18px\"><span style=\"font-family:\u5b8b\u4f53;font-size:21px\">2.<\/span><span style=\"font-family:\u5b8b\u4f53;font-size:21px\">Fen\u00eatre visuelle du produit<\/span><span style=\"font-family:Calibri;font-size:21px\">. La porte est fabriqu\u00e9e en<\/span><span style=\"font-family:\u5b8b\u4f53;font-size:21px\">&nbsp;deux couches de verre visuel enti\u00e8rement scell\u00e9 et <\/span><span style=\"font-family:Calibri;font-size:21px\">\u00e0 l'ext\u00e9rieur avec <\/span><span style=\"font-family:\u5b8b\u4f53;font-size:21px\">une couche de film de verre<\/span><span style=\"font-family:Calibri;font-size:21px\">&nbsp;avec <\/span><span style=\"font-family:\u5b8b\u4f53;font-size:21px\">automatique <\/span><span style=\"font-family:Calibri;font-size:21px\">de<\/span><span style=\"font-family:\u5b8b\u4f53;font-size:21px\">givre<\/span><span style=\"font-family:Calibri;font-size:21px\">fonction de l'entreprise.<\/span><\/p>\n<p style=\"margin-bottom: 17px;line-height: 18px\"><span style=\"font-family:Calibri;font-size:21px\">3.&nbsp;<\/span><span style=\"font-family:Calibri;font-size:21px\">Syst\u00e8me de paiement<\/span><span style=\"font-family:Calibri;font-size:21px\">\uff1a<\/span><span style=\"font-family:\u7b49\u7ebf;font-size:21px\">b<\/span><span style=\"font-family:Calibri;font-size:21px\">ill, monnaie et \u00e9change de monnaie, interface de carte de cr\u00e9dit .<\/span><\/p>\n<p style=\"margin-bottom: 17px\"><span style=\"font-family:Calibri;font-size:21px\">4.&nbsp;<\/span><span style=\"font-family:Calibri;font-size:21px\">Le<\/span><span style=\"font-family:Calibri;font-size:21px\">&nbsp;machine \u00e0 l'int\u00e9rieur <\/span><span style=\"font-family:Calibri;font-size:21px\">peut garder <\/span><span style=\"font-family:Calibri;font-size:21px\">72<\/span><span style=\"font-family:Calibri;font-size:21px\">pcs <\/span><span style=\"font-family:Calibri;font-size:21px\">repas scell\u00e9, taille du repas scell\u00e9 : 8\"(L)x5 1\/8\"(L)<\/span><span style=\"font-family:Calibri;font-size:21px\">*<\/span><span style=\"font-family:Calibri;font-size:21px\">1 3\/8\"(H).<\/span><span style=\"font-family: Calibri;font-size: 21px\">La quantit\u00e9 de bo\u00eetes est d\u00e9termin\u00e9e en fonction de votre taille.<\/span><\/p>\n<p style=\"margin-bottom: 17px\"><span style=\"font-family:Calibri;font-size:21px\">5.&nbsp;<\/span><span style=\"font-family:Calibri;font-size:21px\">Il existe 1 \u00e0 27 types d'aliments disponibles \u00e0 la vente, et le prix et le temps de chauffage de chaque article peuvent \u00eatre r\u00e9gl\u00e9s s\u00e9par\u00e9ment.<\/span><span style=\"font-family:Calibri;font-size:21px\">.<\/span><\/p>\n<p><span style=\"font-family:Calibri;font-size:21px\">6.&nbsp;<\/span><span style=\"font-family:Calibri;font-size:21px\">Le <\/span><span style=\"font-family:Calibri;font-size:21px\">temp\u00e9rature<\/span><span style=\"font-family:Calibri;font-size:21px\">&nbsp;d'espace de stockage disponible <\/span><span style=\"font-family:Calibri;font-size:21px\">de <\/span><span style=\"font-family:Calibri;font-size:21px\">0<\/span><span style=\"font-family:Calibri;font-size:21px\">\u2103\uff5e<\/span><span style=\"font-family:Calibri;font-size:21px\">4<\/span><span style=\"font-family:Calibri;font-size:21px\">\u2103. <\/span><span style=\"font-family:Calibri;font-size:21px\">Il peut <\/span><span style=\"font-family:Calibri;font-size:21px\">de l'entreprise en fonction des diff\u00e9rents produits.<\/span><span style=\"font-family:Calibri;font-size:21px\">cts.<\/span><\/p>\n<p><span style=\"font-family:Calibri;font-size:21px\">7.&nbsp;<\/span><span style=\"font-family:Calibri;font-size:21px\">Temp\u00e9rature de chauffage : <\/span><span style=\"font-family:Calibri;font-size:21px\">&nbsp;60\u2103\uff5e90\u2103<\/span><span style=\"font-family:Calibri;font-size:21px\">. N<\/span><span style=\"font-family:\u5b8b\u4f53;font-size:21px\">eed 45 seconde<\/span><span style=\"font-family:Calibri;font-size:21px\">s<\/span><span style=\"font-family:\u5b8b\u4f53;font-size:21px\">&nbsp;pour bak<\/span><span style=\"font-family:Calibri;font-size:21px\">ingurgiter<\/span><span style=\"font-family:\u5b8b\u4f53;font-size:21px\">&nbsp;un repas scell\u00e9 (frais, jamais congel\u00e9) .<\/span><span style=\"font-family:Calibri;font-size:21px\">&nbsp;<\/span><span style=\"font-family:Calibri;font-size:21px\">Le temps de chauffage peut \u00eatre ajust\u00e9 en fonction des mat\u00e9riaux.<\/span><span style=\"font-family:Calibri;font-size:21px\">&nbsp;<\/span><\/p>\n<p><span style=\"font-family:Calibri;font-size:21px\">8.&nbsp;<\/span><span style=\"font-family:Calibri;font-size:21px\">M\u00e9thode de chauffage : four \u00e0 micro-ondes commercial brevet\u00e9<\/span><span style=\"font-family:Calibri;font-size:21px\">(puissance du four \u00e0 micro-ondes :3000W ) <\/span><\/p>\n<p><span style=\"font-family:Calibri;font-size:21px\">9.&nbsp;<\/span><span style=\"font-family:Calibri;font-size:21px\">Vitesse de sortie de la tige de pouss\u00e9e : <\/span><span style=\"font-family:Calibri;font-size:21px\">60\uff5e90<\/span><span style=\"font-family:Calibri;font-size:21px\">&nbsp;secondes. La vitesse varie en fonction des diff\u00e9rentes couches de palettes. <\/span><\/p>\n<p><span style=\"font-family:Calibri;font-size:21px\">10.&nbsp;<\/span><span style=\"font-family:Calibri;font-size:21px\">Mat\u00e9riau du corps de la machine : moulage en mousse de l'ensemble de la machine, bonne isolation thermique. &nbsp;<\/span><\/p>\n<p><span style=\"font-family:Calibri;font-size:21px\">11.&nbsp;<\/span><span style=\"font-family:Calibri;font-size:21px\">Compresseur : puissance 550W, marque Embraco\uff0cR\u00e9frig\u00e9rant 134A<\/span><\/p>\n<p><span style=\"font-family:Calibri;font-size:21px\">&nbsp;<\/span><\/p>\n<p style=\"margin-bottom:0;text-align:justify\"><span style=\"font-family:\u5b8b\u4f53;font-size:29px\">&nbsp;<\/span><\/p>\n<p style=\"margin-bottom:0;text-align:justify\"><span style=\"font-family:\u5b8b\u4f53;font-size:29px\">&nbsp;<\/span><\/p>\n<p style=\"margin-bottom:0;text-align:justify\"><span style=\"font-family:\u5b8b\u4f53;font-size:29px\">Avantage du produit :<\/span><\/p>\n<p style=\"vertical-align: baseline\"><span style=\"font-family: \u5b8b\u4f53;font-size: 20px\">1.&nbsp;<\/span><span style=\"font-family: \u5b8b\u4f53;font-size: 20px\">Manipulateur intelligent Sortie de l'axe XY et livraison de l'ascenseur<\/span><\/p>\n<p style=\"vertical-align: baseline\"><span style=\"font-family: \u5b8b\u4f53;font-size: 20px\"><img decoding=\"async\" src=\"https:\/\/www.hommy.com\/wp-content\/uploads\/16429869909431.jpg\" alt=\"product-Hommy-PA-C5B Distributeur automatique de produits chauds et surgel\u00e9s-img\" title=\"\"><\/span><\/p>\n<p style=\"vertical-align: baseline\"><span style=\"font-family: \u5b8b\u4f53;font-size: 20px\">2.<\/span><span style=\"font-family: \u5b8b\u4f53;font-size: 20px\">Plus grande capacit\u00e9 d'environ <\/span><span style=\"font-family: Calibri;font-size: 20px\">72<\/span><span style=\"font-family: \u5b8b\u4f53;font-size: 20px\">pcs : 3 couloirs de pcs par couche X 3 bo\u00eetes\/couloir de cargaison X <\/span><span style=\"font-family: Calibri;font-size: 20px\">8<\/span><span style=\"font-family: \u5b8b\u4f53;font-size: 20px\">&nbsp;couches=<\/span><span style=\"font-family: Calibri;font-size: 20px\">72<\/span><\/p>\n<p style=\"vertical-align: baseline\"><img loading=\"lazy\" decoding=\"async\" src=\"https:\/\/www.hommy.com\/wp-content\/uploads\/16429870106983.png\" title=\"\" alt=\"produit-Hommy-img\" width=\"350\" height=\"617\" border=\"0\" vspace=\"0\" style=\"width: 350px;height: 617px\"><\/p>\n<p><span style=\"font-family: \u5b8b\u4f53;font-size: 20px\">3.<\/span><span style=\"font-family:Calibri;font-size:21px\">Le syst\u00e8me de paiement accepte les pi\u00e8ces de monnaie, les billets, les pi\u00e8ces de monnaie Exchang, les cartes de cr\u00e9dit.<\/span><\/p>\n<p style=\"vertical-align: baseline\"><img loading=\"lazy\" decoding=\"async\" src=\"https:\/\/www.hommy.com\/wp-content\/uploads\/16429870508135.png\" title=\"\" alt=\"produit-Hommy-img\" width=\"350\" height=\"546\" border=\"0\" vspace=\"0\" style=\"width: 350px;height: 546px\"><\/p>\n<p><span style=\"font-family:Calibri;font-size:21px\">4.<\/span><span style=\"font-family:Calibri;font-size:21px\">Syst\u00e8me informatique de gestion \u00e0 distance : interrogation des d\u00e9tails des ventes, rappel des p\u00e9nuries, rappel des pannes de machine.<\/span><\/p>\n<p style=\"vertical-align: baseline\"><img decoding=\"async\" src=\"https:\/\/www.hommy.com\/wp-content\/uploads\/16429870792380.jpg\" alt=\"product-PA-C5B Distributeur automatique de produits chauds et surgel\u00e9s-Hommy-img\" title=\"\"><\/p>\n<h2>Combien de snacks peut-on mettre dans un distributeur automatique ?<\/h2>\n<p><\/p>\n<p>Je suis curieux de savoir quel est, selon vous, le nombre maximum de produits alimentaires qu'un distributeur automatique peut contenir ? S'agit-il uniquement de snacks ou peut-il contenir d'autres aliments comme des sandwichs et m\u00eame des boissons ? Est-ce qu'il y a une limite fixe \u00e0 la quantit\u00e9 de nourriture que l'on peut mettre dans un distributeur automatique, ou est-ce que c'est juste la limite fix\u00e9e par le fabricant ?<\/p>\n<p><\/p>\n<p>C'est le principal reproche que je fais \u00e0 mon distributeur automatique au travail. Il ne peut contenir qu'un maximum de 13 sandwichs \u00e0 la fois et un maximum de 5 boissons (pas de canettes). Et c'est sans compter les condiments. Lorsque je travaille, je n'ai pas le temps de manger et de me procurer de la nourriture, alors j'essaie toujours de faire autre chose ou de payer pour qu'on m'apporte quelque chose. Je finis donc g\u00e9n\u00e9ralement par prendre 5 ou 6 sandwichs \u00e0 la fois, et peut-\u00eatre<\/p>\n<p><\/p>\n<h2>Combien co\u00fbte un distributeur automatique ?<\/h2>\n<p><\/p>\n<p>R : Un distributeur automatique est un appareil \u00e9lectrom\u00e9canique ou \u00e9lectrique qui est programm\u00e9 pour distribuer un produit choisi parmi une s\u00e9lection de produits. Le produit \u00e9lectrom\u00e9canique est un type de machine o\u00f9 un moteur ou un sol\u00e9no\u00efde est utilis\u00e9 pour distribuer un ou plusieurs produits. La distribution a lieu lorsque le moteur est actionn\u00e9 par un microprocesseur pour acheminer le produit s\u00e9lectionn\u00e9 vers une goulotte ou une ouverture o\u00f9 il est retir\u00e9 par l'utilisateur.<\/p>\n<p><\/p>\n<h2>Q : Pouvez-vous proposer des offres sp\u00e9ciales pour les distributeurs automatiques ?<\/h2>\n<p><\/p>\n<p>R : Cela varie d'un fabricant \u00e0 l'autre. Certaines machines vous permettent de combiner des produits pour r\u00e9duire le prix, tandis que d'autres sont programm\u00e9es pour livrer le produit de l'emplacement le moins cher.<\/p>\n<p><\/p>\n<h2>Q : Puis-je commander mon nouveau distributeur automatique en ligne ?<\/h2>\n<p><\/p>\n<p>R : Cela varie d'un fabricant \u00e0 l'autre. Certains exigent que vous visitiez le site web du fabricant pour commander votre machine, tandis que d'autres peuvent \u00eatre command\u00e9s aupr\u00e8s de leur repr\u00e9sentant local. Vous devez toujours vous renseigner sur les distributeurs automatiques que vous achetez afin de d\u00e9terminer s'ils<\/p>\n<p><\/p>\n<h2>Combien p\u00e8se un distributeur automatique ? La r\u00e9ponse n'est pas si simple.<\/h2>\n<p><\/p>\n<p>La plupart des gens ont leur opinion sur le poids d'un distributeur automatique, mais la r\u00e9alit\u00e9 est que les poids varient d'un endroit \u00e0 l'autre. Par exemple, le poids d'un distributeur automatique peut \u00eatre de 10 livres \u00e0 Seattle et de 40 livres \u00e0 Chicago. Et non, ce n'est pas parce qu'il s'agit du poids r\u00e9el du distributeur automatique ; c'est en raison de la densit\u00e9 de la ville et des types de produits vendus dans les distributeurs automatiques. C'est parce que la composition d'un distributeur automatique varie et que cela influe sur son poids.<\/p>\n<p><\/p>\n<\/p><\/div>","protected":false},"excerpt":{"rendered":"<p>Automatic Food Vending Machine provided by us is manufactured from the premium quality components that we procure from the genuine vendors of the market and the latest technology in compliance with industry set standards. The Automatic Food Vending Machine offered by us is designed to offer safe and convenient way to vend a variety of [&hellip;]<\/p>\n","protected":false},"featured_media":1956,"comment_status":"open","ping_status":"open","template":"","meta":{"_swt_meta_header_display":false,"_swt_meta_footer_display":false,"_swt_meta_site_title_display":false,"_swt_meta_sticky_header":false,"_swt_meta_transparent_header":false},"product_brand":[],"product_cat":[74,68],"product_tag":[],"class_list":{"0":"post-353","1":"product","2":"type-product","3":"status-publish","4":"has-post-thumbnail","6":"product_cat-hot-food-vending-machine","7":"product_cat-vending-machine","9":"first","10":"instock","11":"shipping-taxable","12":"product-type-simple"},"_links":{"self":[{"href":"https:\/\/www.hommy.com\/fr\/wp-json\/wp\/v2\/product\/353","targetHints":{"allow":["GET"]}}],"collection":[{"href":"https:\/\/www.hommy.com\/fr\/wp-json\/wp\/v2\/product"}],"about":[{"href":"https:\/\/www.hommy.com\/fr\/wp-json\/wp\/v2\/types\/product"}],"replies":[{"embeddable":true,"href":"https:\/\/www.hommy.com\/fr\/wp-json\/wp\/v2\/comments?post=353"}],"wp:featuredmedia":[{"embeddable":true,"href":"https:\/\/www.hommy.com\/fr\/wp-json\/wp\/v2\/media\/1956"}],"wp:attachment":[{"href":"https:\/\/www.hommy.com\/fr\/wp-json\/wp\/v2\/media?parent=353"}],"wp:term":[{"taxonomy":"product_brand","embeddable":true,"href":"https:\/\/www.hommy.com\/fr\/wp-json\/wp\/v2\/product_brand?post=353"},{"taxonomy":"product_cat","embeddable":true,"href":"https:\/\/www.hommy.com\/fr\/wp-json\/wp\/v2\/product_cat?post=353"},{"taxonomy":"product_tag","embeddable":true,"href":"https:\/\/www.hommy.com\/fr\/wp-json\/wp\/v2\/product_tag?post=353"}],"curies":[{"name":"wp","href":"https:\/\/api.w.org\/{rel}","templated":true}]}}