{"id":346,"date":"2024-07-02T13:05:55","date_gmt":"2024-07-02T13:05:55","guid":{"rendered":"http:\/\/localhost\/hommywp\/pa-c5-e-24-7-baked-fresh-food-vending-machine-with-kiosk\/"},"modified":"2025-08-01T09:57:32","modified_gmt":"2025-08-01T09:57:32","slug":"pa-c5-e-baked-kiosk-vending-machine","status":"publish","type":"product","link":"https:\/\/www.hommy.com\/fr\/p\/pa-c5-e-baked-kiosk-vending-machine\/","title":{"rendered":"Pa-C5-E Distributeur automatique d'aliments frais cuits au four 24\/7 avec kiosque"},"content":{"rendered":"<div>\n<p style=\"text-align: center\"><span style=\"font-family:Calibri;font-size:29px\">Kiosque \u00e0 p\u00e2tisseries Distributeur automatique 24 heures sur 24 <\/span><span style=\"font-family:\u5b8b\u4f53;font-size:29px\">&nbsp;&nbsp;&nbsp;<\/span><span style=\"font-family:\u5b8b\u4f53;font-size:29px\">&nbsp;<\/span><\/p>\n<p><span style=\"font-family:\u5b8b\u4f53;font-size:29px\">Nous sommes l'un des principaux fabricants, fournisseurs et exportateurs de ce produit. Nous sommes un nom renomm\u00e9 dans cette industrie qui a acquis une grande r\u00e9putation sur le march\u00e9 pour la fabrication, la fourniture et l'exportation de ce produit. Le distributeur automatique de produits alimentaires propos\u00e9 est largement demand\u00e9 sur le march\u00e9 pour sa durabilit\u00e9, sa facilit\u00e9 d'installation et sa compacit\u00e9.&nbsp;&nbsp;&nbsp;&nbsp;&nbsp;&nbsp;&nbsp;&nbsp;&nbsp;&nbsp;&nbsp;&nbsp;&nbsp;&nbsp;&nbsp;&nbsp;<\/span><span style=\"font-family:Calibri;font-size:29px\">&nbsp;<\/span><\/p>\n<p><span style=\"font-family:\u5b8b\u4f53;font-size:29px\">&nbsp; &nbsp; &nbsp; &nbsp; &nbsp; &nbsp; &nbsp; &nbsp; &nbsp; &nbsp; &nbsp;<\/span><\/p>\n<p><span style=\"font-family:\u5b8b\u4f53;font-size:29px\">Produit <\/span><span style=\"font-family:\u5b8b\u4f53;font-size:29px\">sp\u00e9cification :<\/span><\/p>\n<p><span style=\"font-family:\u5b8b\u4f53;font-size:29px\"><img decoding=\"async\" src=\"https:\/\/www.hommy.com\/wp-content\/uploads\/16432479186040.png\" alt=\"produit-Hommy-img\" title=\"\"><\/span><\/p>\n<p><\/p>\n<p style=\"margin-bottom:0;text-align:justify\"><img decoding=\"async\" src=\"https:\/\/www.hommy.com\/wp-content\/uploads\/16432479979159.png\" alt=\"product-PA-C5-E Kiosque \u00e0 p\u00e2tisseries Distributeur automatique-Hommy-img\" title=\"\"><\/p>\n<p style=\"margin-bottom:0;text-align:justify\"><span style=\"font-family:\u5b8b\u4f53;font-size:29px\"><br \/><\/span><\/p>\n<p style=\"margin-bottom:0;text-align:justify\"><span style=\"font-family:\u5b8b\u4f53;font-size:29px\">Caract\u00e9ristiques du produit : <\/span><\/p>\n<p><span style=\"font-family:Calibri;font-size:21px\">1.&nbsp;<\/span><span style=\"font-family:Calibri;font-size:21px\">21<\/span><span style=\"font-family:\u7b49\u7ebf;font-size:21px\">.<\/span><span style=\"font-family:Calibri;font-size:21px\">Touche \"5<\/span><span style=\"font-family:Calibri;font-size:21px\">&nbsp;\u00e9cran pour la promotion et l'exploitation<\/span><span style=\"font-family:Calibri;font-size:21px\">. Syst\u00e8me de gestion de la plateforme cloud. <\/span><\/p>\n<p style=\"margin-bottom: 17px;line-height: 18px\"><span style=\"font-family:\u5b8b\u4f53;font-size:21px\">2.&nbsp;<\/span><span style=\"font-family:\u5b8b\u4f53;font-size:21px\">Fen\u00eatre visuelle du produit<\/span><span style=\"font-family:Calibri;font-size:21px\">. La porte est fabriqu\u00e9e en<\/span><span style=\"font-family:\u5b8b\u4f53;font-size:21px\">&nbsp;deux couches de verre visuel enti\u00e8rement scell\u00e9 et <\/span><span style=\"font-family:Calibri;font-size:21px\">\u00e0 l'ext\u00e9rieur avec <\/span><span style=\"font-family:\u5b8b\u4f53;font-size:21px\">une couche de film de verre<\/span><span style=\"font-family:Calibri;font-size:21px\">&nbsp;avec <\/span><span style=\"font-family:\u5b8b\u4f53;font-size:21px\">automatique <\/span><span style=\"font-family:Calibri;font-size:21px\">de<\/span><span style=\"font-family:\u5b8b\u4f53;font-size:21px\">givre<\/span><span style=\"font-family:Calibri;font-size:21px\">fonction de l'entreprise.<\/span><\/p>\n<p style=\"margin-bottom: 17px;line-height: 18px\"><span style=\"font-family:Calibri;font-size:21px\">3.&nbsp;<\/span><span style=\"font-family:Calibri;font-size:21px\">Syst\u00e8me de paiement<\/span><span style=\"font-family:Calibri;font-size:21px\">\uff1a<\/span><span style=\"font-family:\u7b49\u7ebf;font-size:21px\">b<\/span><span style=\"font-family:Calibri;font-size:21px\">ill, monnaie et \u00e9change de monnaie, interface de carte de cr\u00e9dit .<\/span><\/p>\n<p style=\"margin-bottom: 17px\"><span style=\"font-family:Calibri;font-size:21px\">4.&nbsp;<\/span><span style=\"font-family:Calibri;font-size:21px\">Le<\/span><span style=\"font-family:Calibri;font-size:21px\">&nbsp;machine \u00e0 l'int\u00e9rieur <\/span><span style=\"font-family:Calibri;font-size:21px\">peut garder <\/span><span style=\"font-family:Calibri;font-size:21px\">72<\/span><span style=\"font-family:Calibri;font-size:21px\">pcs <\/span><span style=\"font-family:Calibri;font-size:21px\">repas scell\u00e9, taille du repas scell\u00e9 : 8\"(L)x5 1\/8\"(L)<\/span><span style=\"font-family:Calibri;font-size:21px\">*<\/span><span style=\"font-family:Calibri;font-size:21px\">1 3\/8\"(H). <\/span><\/p>\n<p style=\"margin-bottom: 17px\"><span style=\"font-family:\u7b49\u7ebf;font-size:21px\">&nbsp;<\/span><span style=\"font-family:Calibri;font-size:21px\">&nbsp;La quantit\u00e9 de bo\u00eetes est d\u00e9termin\u00e9e en fonction de votre taille.<\/span><\/p>\n<p style=\"margin-bottom: 17px\"><span style=\"font-family:Calibri;font-size:21px\">5.&nbsp;<\/span><span style=\"font-family:Calibri;font-size:21px\">Il existe 1 \u00e0 27 types d'aliments disponibles \u00e0 la vente, et le prix et le temps de chauffage de chaque article peuvent \u00eatre r\u00e9gl\u00e9s s\u00e9par\u00e9ment.<\/span><span style=\"font-family:Calibri;font-size:21px\">.<\/span><\/p>\n<p><span style=\"font-family:Calibri;font-size:21px\">6.&nbsp;<\/span><span style=\"font-family:Calibri;font-size:21px\">Le <\/span><span style=\"font-family:Calibri;font-size:21px\">temp\u00e9rature<\/span><span style=\"font-family:Calibri;font-size:21px\">&nbsp;d'espace de stockage disponible <\/span><span style=\"font-family:Calibri;font-size:21px\">de <\/span><span style=\"font-family:Calibri;font-size:21px\">0<\/span><span style=\"font-family:Calibri;font-size:21px\">\u2103\uff5e<\/span><span style=\"font-family:Calibri;font-size:21px\">4<\/span><span style=\"font-family:Calibri;font-size:21px\">\u2103. <\/span><span style=\"font-family:Calibri;font-size:21px\">Il peut <\/span><span style=\"font-family:Calibri;font-size:21px\">de l'entreprise en fonction des diff\u00e9rents produits.<\/span><span style=\"font-family:Calibri;font-size:21px\">cts.<\/span><\/p>\n<p><span style=\"font-family:Calibri;font-size:21px\">7.&nbsp;<\/span><span style=\"font-family:Calibri;font-size:21px\">Temp\u00e9rature de chauffage : <\/span><span style=\"font-family:Calibri;font-size:21px\">&nbsp;60\u2103\uff5e90\u2103<\/span><span style=\"font-family:Calibri;font-size:21px\">. N<\/span><span style=\"font-family:\u5b8b\u4f53;font-size:21px\">eed 45 seconde<\/span><span style=\"font-family:Calibri;font-size:21px\">s<\/span><span style=\"font-family:\u5b8b\u4f53;font-size:21px\">&nbsp;pour bak<\/span><span style=\"font-family:Calibri;font-size:21px\">ingurgiter<\/span><span style=\"font-family:\u5b8b\u4f53;font-size:21px\">&nbsp;un repas scell\u00e9 (frais, jamais congel\u00e9) .<\/span><span style=\"font-family:Calibri;font-size:21px\">&nbsp;<\/span><span style=\"font-family:Calibri;font-size:21px\">Le temps de chauffage peut \u00eatre ajust\u00e9 en fonction des mat\u00e9riaux.<\/span><span style=\"font-family:Calibri;font-size:21px\">&nbsp;<\/span><\/p>\n<p><span style=\"font-family:Calibri;font-size:21px\">8.&nbsp;<\/span><span style=\"font-family:Calibri;font-size:21px\">M\u00e9thode de chauffage : four \u00e0 micro-ondes commercial brevet\u00e9<\/span><span style=\"font-family:Calibri;font-size:21px\">(puissance du four \u00e0 micro-ondes :3000W ) <\/span><\/p>\n<p><span style=\"font-family:Calibri;font-size:21px\">9.&nbsp;<\/span><span style=\"font-family:Calibri;font-size:21px\">Vitesse de sortie de la tige de pouss\u00e9e : <\/span><span style=\"font-family:Calibri;font-size:21px\">60\uff5e90<\/span><span style=\"font-family:Calibri;font-size:21px\">&nbsp;secondes. La vitesse varie en fonction des diff\u00e9rentes couches de palettes. <\/span><\/p>\n<p><span style=\"font-family:Calibri;font-size:21px\">10.&nbsp;<\/span><span style=\"font-family:Calibri;font-size:21px\">Mat\u00e9riau du corps de la machine : moulage en mousse de l'ensemble de la machine, bonne isolation thermique. &nbsp;<\/span><\/p>\n<p><span style=\"font-family:Calibri;font-size:21px\">11.&nbsp;<\/span><span style=\"font-family:Calibri;font-size:21px\">Compresseur : puissance 550W, marque Embraco\uff0cR\u00e9frig\u00e9rant 134A<\/span><\/p>\n<p><span style=\"font-family:Calibri;font-size:21px\"><br \/><\/span><\/p>\n<p><span style=\"font-family:Calibri;font-size:21px\"><\/span><\/p>\n<p style=\"margin-bottom:0;text-align:justify\"><span style=\"font-family:\u5b8b\u4f53;font-size:29px\">Avantage du produit :<\/span><\/p>\n<p style=\"vertical-align: baseline\"><span style=\"font-family: \u5b8b\u4f53;font-size: 20px\">1.<\/span><span style=\"font-family: \u5b8b\u4f53;font-size: 20px\">Manipulateur intelligent Sortie de l'axe XY et livraison de l'ascenseur<\/span><\/p>\n<p style=\"vertical-align: baseline\"><span style=\"font-family: \u5b8b\u4f53;font-size: 20px\"><img loading=\"lazy\" decoding=\"async\" src=\"https:\/\/www.hommy.com\/wp-content\/uploads\/16432481569558.png\" title=\"\" alt=\"produit-Hommy-img\" width=\"350\" height=\"625\" border=\"0\" vspace=\"0\" style=\"width: 350px;height: 625px\"><\/span><\/p>\n<p style=\"vertical-align: baseline\"><span style=\"font-family: \u5b8b\u4f53;font-size: 20px\">2.<\/span><span style=\"font-family: \u5b8b\u4f53;font-size: 20px\">Plus grande capacit\u00e9 d'environ <\/span><span style=\"font-family: Calibri;font-size: 20px\">72<\/span><span style=\"font-family: \u5b8b\u4f53;font-size: 20px\">pcs : 3 couloirs de pcs par couche X 3 bo\u00eetes\/couloir de cargaison X <\/span><span style=\"font-family: Calibri;font-size: 20px\">8<\/span><span style=\"font-family: \u5b8b\u4f53;font-size: 20px\">&nbsp;couches=<\/span><span style=\"font-family: Calibri;font-size: 20px\">72<\/span><\/p>\n<p style=\"vertical-align: baseline\"><img loading=\"lazy\" decoding=\"async\" src=\"https:\/\/www.hommy.com\/wp-content\/uploads\/16432481748716.jpg\" title=\"\" alt=\"produit-Hommy-img\" width=\"350\" height=\"1706\" border=\"0\" vspace=\"0\" style=\"width: 350px;height: 1706px\"><\/p>\n<p><span style=\"font-family: \u5b8b\u4f53;font-size: 20px\">3.<\/span><span style=\"font-family:Calibri;font-size:21px\">Le syst\u00e8me de paiement accepte les pi\u00e8ces de monnaie, les billets, les pi\u00e8ces de monnaie Exchang, les cartes de cr\u00e9dit.<\/span><\/p>\n<p style=\"vertical-align: baseline\"><img loading=\"lazy\" decoding=\"async\" src=\"https:\/\/www.hommy.com\/wp-content\/uploads\/16432481982026.jpg\" title=\"\" alt=\"produit-Hommy-img\" width=\"350\" height=\"1167\" border=\"0\" vspace=\"0\" style=\"width: 350px;height: 1167px\"><\/p>\n<p><span style=\"font-family:Calibri;font-size:21px\">4.<\/span><span style=\"font-family:Calibri;font-size:21px\">Syst\u00e8me informatique de gestion \u00e0 distance : interrogation des d\u00e9tails des ventes, rappel des p\u00e9nuries, rappel des pannes de machine.<\/span><\/p>\n<p style=\"vertical-align: baseline\"><img decoding=\"async\" src=\"https:\/\/www.hommy.com\/wp-content\/uploads\/16432482259182.jpg\" alt=\"product-Hommy-PA-C5-E Baked kiosk Vending Machine-img\" title=\"\"><\/p>\n<p><span style=\"font-family:Calibri;font-size:21px\"><\/span><\/p>\n<h2>Combien co\u00fbte un distributeur automatique r\u00e9frig\u00e9r\u00e9 ?&nbsp;<\/h2>\n<p style=\"margin-top: 5px;margin-bottom: 5px\">La r\u00e9ponse \u00e0 ces questions n'est pas simple. Bien qu'un distributeur automatique puisse \u00eatre exploit\u00e9 avec un b\u00e9n\u00e9fice substantiel, il y a beaucoup d'autres co\u00fbts li\u00e9s \u00e0 la possession d'un distributeur automatique. Dans ce billet, j'examinerai certains de ces co\u00fbts et j'expliquerai dans quelle mesure ils contribuent \u00e0 la rentabilit\u00e9 des distributeurs automatiques.<\/p>\n<p style=\"margin-top: 5px;margin-bottom: 5px\"><\/p>\n<h2>Quelle est la consommation d'\u00e9lectricit\u00e9 d'un distributeur de snacks ?<\/h2>\n<p style=\"margin-top: 5px;margin-bottom: 5px\">La consommation \u00e9lectrique des distributeurs de friandises est calcul\u00e9e en fonction d'un certain nombre de caract\u00e9ristiques, telles que la taille, le type, la puissance du moteur \u00e9lectrique du distributeur, la capacit\u00e9 de l'appareil, la fr\u00e9quence des achats, le prix, etc. Le tableau suivant a pour but de vous aider \u00e0 choisir un distributeur de friandises ayant le meilleur rendement \u00e9nerg\u00e9tique (c'est-\u00e0-dire la consommation d'\u00e9nergie la plus \u00e9lev\u00e9e par unit\u00e9 de friandises achet\u00e9es).<\/p>\n<p style=\"margin-top: 5px;margin-bottom: 5px\"><\/p>\n<h2>Quels sont les aliments contenus dans un distributeur automatique ?<\/h2>\n<p style=\"margin-top: 5px;margin-bottom: 5px\">Une machine pour certains, un endroit o\u00f9 trouver un en-cas ou un repas rapide pour d'autres. C'est une n\u00e9cessit\u00e9 pour beaucoup, m\u00eame si elle a pris le r\u00f4le d'un centre de divertissement. Certaines machines sont con\u00e7ues pour tenter les visiteurs avec une vari\u00e9t\u00e9 d'en-cas et de repas, comme un lieu de ravitaillement, une occasion de prendre un repas rapide, ou parfois, comme une aire de jeux amusante pour les enfants. Quels types d'aliments trouve-t-on dans les machines ? Il y en a beaucoup, du hot-dog au burrito, en passant par une vari\u00e9t\u00e9 de sucreries et d'en-cas faciles \u00e0 attraper et \u00e0 utiliser sur le pouce.<\/p>\n<\/p><\/div>","protected":false},"excerpt":{"rendered":"<p>Baked kiosk Vending Machine 24hours &nbsp;&nbsp;&nbsp;&nbsp; We are one of the leading manufacturers, suppliers and exporters of this product.We are a renowned name in this industry that has earned a great reputation in the market for manufacturing, supplying and exporting this product. The offered Food Vending Machine is widely demanded in the market for its [&hellip;]<\/p>\n","protected":false},"featured_media":1955,"comment_status":"open","ping_status":"open","template":"","meta":{"_swt_meta_header_display":false,"_swt_meta_footer_display":false,"_swt_meta_site_title_display":false,"_swt_meta_sticky_header":false,"_swt_meta_transparent_header":false},"product_brand":[],"product_cat":[74,68],"product_tag":[],"class_list":{"0":"post-346","1":"product","2":"type-product","3":"status-publish","4":"has-post-thumbnail","6":"product_cat-hot-food-vending-machine","7":"product_cat-vending-machine","9":"first","10":"instock","11":"shipping-taxable","12":"product-type-simple"},"_links":{"self":[{"href":"https:\/\/www.hommy.com\/fr\/wp-json\/wp\/v2\/product\/346","targetHints":{"allow":["GET"]}}],"collection":[{"href":"https:\/\/www.hommy.com\/fr\/wp-json\/wp\/v2\/product"}],"about":[{"href":"https:\/\/www.hommy.com\/fr\/wp-json\/wp\/v2\/types\/product"}],"replies":[{"embeddable":true,"href":"https:\/\/www.hommy.com\/fr\/wp-json\/wp\/v2\/comments?post=346"}],"wp:featuredmedia":[{"embeddable":true,"href":"https:\/\/www.hommy.com\/fr\/wp-json\/wp\/v2\/media\/1955"}],"wp:attachment":[{"href":"https:\/\/www.hommy.com\/fr\/wp-json\/wp\/v2\/media?parent=346"}],"wp:term":[{"taxonomy":"product_brand","embeddable":true,"href":"https:\/\/www.hommy.com\/fr\/wp-json\/wp\/v2\/product_brand?post=346"},{"taxonomy":"product_cat","embeddable":true,"href":"https:\/\/www.hommy.com\/fr\/wp-json\/wp\/v2\/product_cat?post=346"},{"taxonomy":"product_tag","embeddable":true,"href":"https:\/\/www.hommy.com\/fr\/wp-json\/wp\/v2\/product_tag?post=346"}],"curies":[{"name":"wp","href":"https:\/\/api.w.org\/{rel}","templated":true}]}}