{"id":339,"date":"2024-07-02T13:05:47","date_gmt":"2024-07-02T13:05:47","guid":{"rendered":"http:\/\/localhost\/hommywp\/pa-c5-a-automat-hamburgers-vending-machine-for-sale-price\/"},"modified":"2025-08-01T09:57:32","modified_gmt":"2025-08-01T09:57:32","slug":"pa-c5-a-hamburgers-distributeur-automatique","status":"publish","type":"product","link":"https:\/\/www.hommy.com\/fr\/p\/pa-c5-a-hamburgers-distributeur-automatique\/","title":{"rendered":"Pa-C5-A Automat Hamburgers Vending Machine For Sale Price"},"content":{"rendered":"<div>\n<p style=\"text-align: center\"><span style=\"font-size: 29px;font-family: Helvetica\">Distributeur automatique de boissons chaudes et froides 24 heures sur 24<\/span><\/p>\n<p style=\"text-align: center\"><span style=\"font-size: 29px;font-family: Helvetica\">https:\/\/youtu.be\/fjqlShughpQ&nbsp; <\/span><span style=\"font-family:\u5b8b\u4f53;font-size:29px\">&nbsp;<\/span><\/p>\n<p><span style=\"font-family: Helvetica;font-size: 16px\">Fabricant, fournisseur, exportateur, distributeur de distributeurs automatiques de hamburgers. Nous disposons de notre propre unit\u00e9 de fabrication et avons nou\u00e9 des liens avec divers fabricants r\u00e9put\u00e9s afin d'\u00eatre en mesure de proposer des machines de haute qualit\u00e9. Nos offres comprennent des machines compl\u00e8tes, y compris l'unit\u00e9, le dispositif de r\u00e9frig\u00e9ration et le syst\u00e8me de distribution. Nous proposons des machines de haute qualit\u00e9.<\/span><\/p>\n<p><span style=\"font-size: 29px;font-family: Helvetica\">Sp\u00e9cification du produit\uff1a<\/span><\/p>\n<p><span style=\"font-family:\u5b8b\u4f53;font-size:29px\"><img decoding=\"async\" src=\"https:\/\/www.hommy.com\/wp-content\/uploads\/16429863857179.png\" alt=\"produit-Hommy-img\" title=\"\"><\/span><\/p>\n<p><\/p>\n<p style=\"margin-bottom:0;text-align:justify\"><span style=\"font-family:\u5b8b\u4f53;font-size:29px\">Caract\u00e9ristiques du produit : <\/span><\/p>\n<p><span style=\"font-family:Calibri;font-size:21px\">1. 21<\/span><span style=\"font-family:\u7b49\u7ebf;font-size:21px\">.<\/span><span style=\"font-family:Calibri;font-size:21px\">\u00c9cran tactile de 5 pouces pour la promotion et l'utilisation. Syst\u00e8me de gestion de la plateforme cloud. <\/span><\/p>\n<p><span style=\"font-family:Calibri;font-size:21px\">2. Syst\u00e8me de paiement : Pi\u00e8ce de monnaie, billet, carte de cr\u00e9dit fournit une interface (port MDB), pi\u00e8ces de monnaie retourn\u00e9es. &nbsp;<\/span><\/p>\n<p><span style=\"font-family:Calibri;font-size:21px\">3. La machine peut contenir 72 hamburgers. Taille des bo\u00eetes : (L)220mm*(L)180mm*(H)40\uff5e70mm. Le stockage peut \u00eatre de 81 bo\u00eetes si la largeur de la bo\u00eete est de 150 mm.<\/span><span style=\"font-family:\u5b8b\u4f53;font-size:21px\"><span style=\"font-family:\u5b8b\u4f53\">\uff08<\/span>base sur votre bo\u00eete pour l'ajuster \uff09.<\/span><\/p>\n<p><span style=\"font-family:Calibri;font-size:21px\">4. La temp\u00e9rature de la zone de stockage peut \u00eatre ajust\u00e9e de 5\u2103\uff5e10\u2103. Il peut \u00eatre configur\u00e9 en fonction de diff\u00e9rents produits.<\/span><\/p>\n<p><span style=\"font-family:Calibri;font-size:21px\">5. Temp\u00e9rature de chauffage : 60\u2103\uff5e90\u2103. N<\/span><span style=\"font-family:\u5b8b\u4f53;font-size:21px\">eed 30 secondes<\/span><span style=\"font-family:Calibri;font-size:21px\">s<\/span><span style=\"font-family:\u5b8b\u4f53;font-size:21px\">&nbsp;pour bak<\/span><span style=\"font-family:Calibri;font-size:21px\">ingurgiter<\/span><span style=\"font-family:\u5b8b\u4f53;font-size:21px\">&nbsp;un <\/span><span style=\"font-family:Calibri;font-size:21px\">hamburger<\/span><span style=\"font-family:\u5b8b\u4f53;font-size:21px\">.<\/span><span style=\"font-family:Calibri;font-size:21px\">&nbsp;Le temps de chauffage peut \u00eatre ajust\u00e9 en fonction des mat\u00e9riaux.&nbsp;<\/span><\/p>\n<p><span style=\"font-family:Calibri;font-size:21px\">6. Vitesse de livraison de la barre de pouss\u00e9e : 60\uff5e90 secondes. La vitesse varie en fonction des diff\u00e9rentes couches de palettes. <\/span><\/p>\n<p><span style=\"font-family:Calibri;font-size:21px\">7. M\u00e9thode de chauffage : four \u00e0 micro-ondes commercial brevet\u00e9 ( 2000W )<\/span><\/p>\n<p><span style=\"font-family:Calibri;font-size:21px\">8. Types d'aliments disponibles : 1-27 types, le prix de chaque produit et le temps de chauffage peuvent \u00eatre configur\u00e9s. <\/span><\/p>\n<p><span style=\"font-family:Calibri;font-size:21px\">9. Mat\u00e9riau du corps de la machine : moulage en mousse de l'ensemble de la machine, bonne isolation thermique. &nbsp;<\/span><\/p>\n<p><span style=\"font-family:Calibri;font-size:21px\">10. Compresseur : puissance 550W, marque Embraco\uff0cR\u00e9frig\u00e9rant 134A<\/span><\/p>\n<p style=\"margin-bottom:0;text-align:justify\"><\/p>\n<p style=\"margin-bottom:0;text-align:justify\"><span style=\"font-family:\u5b8b\u4f53;font-size:29px\">Avantage du produit :<\/span><\/p>\n<p style=\"margin-bottom:0;text-align:justify\"><span style=\"font-family: Calibri;font-size: 16px\">1.&nbsp;<\/span><span style=\"font-family: \u5b8b\u4f53;font-size: 20px\">Manipulateur intelligent Sortie de l'axe XY et livraison de l'ascenseur<\/span><\/p>\n<p style=\"margin-bottom:0;text-align:justify\"><span style=\"font-family: \u5b8b\u4f53;font-size: 20px\"><img decoding=\"async\" src=\"https:\/\/www.hommy.com\/wp-content\/uploads\/16429864739993.jpg\" alt=\"produit-Hommy-img\" title=\"\"><\/span><\/p>\n<p style=\"vertical-align: baseline\"><span style=\"font-family: Calibri;font-size: 20px\">2<\/span><span style=\"font-family: \u5b8b\u4f53;font-size: 20px\">Plus grande capacit\u00e9 d'environ <\/span><span style=\"font-family: Calibri;font-size: 20px\">72<\/span><span style=\"font-family: \u5b8b\u4f53;font-size: 20px\">pcs : 3 couloirs de pcs par couche X 3 bo\u00eetes\/couloir de cargaison X <\/span><span style=\"font-family: Calibri;font-size: 20px\">8<\/span><span style=\"font-family: \u5b8b\u4f53;font-size: 20px\">&nbsp;couches=<\/span><span style=\"font-family: Calibri;font-size: 20px\">72<\/span><\/p>\n<p style=\"vertical-align: baseline\"><img loading=\"lazy\" decoding=\"async\" src=\"https:\/\/www.hommy.com\/wp-content\/uploads\/16429864907681.jpg\" title=\"\" alt=\"produit-Hommy-img\" width=\"350\" height=\"1440\" border=\"0\" vspace=\"0\" style=\"width: 350px;height: 1440px\"><\/p>\n<p><span style=\"font-family: \u5b8b\u4f53;font-size: 20px\">3.<\/span><span style=\"font-family:Calibri;font-size:21px\">Le syst\u00e8me de paiement accepte les pi\u00e8ces de monnaie, les billets, les pi\u00e8ces de monnaie Exchang, les cartes de cr\u00e9dit.<\/span><\/p>\n<p style=\"vertical-align: baseline\"><img loading=\"lazy\" decoding=\"async\" src=\"https:\/\/www.hommy.com\/wp-content\/uploads\/16429865163876.png\" title=\"\" alt=\"produit-Hommy-img\" width=\"350\" height=\"546\" border=\"0\" vspace=\"0\" style=\"width: 350px;height: 546px\"><\/p>\n<p><span style=\"font-family:Calibri;font-size:21px\">4. syst\u00e8me de gestion \u00e0 distance par ordinateur : interrogation des d\u00e9tails des ventes, rappel des p\u00e9nuries, rappel des pannes de machine.<\/span><\/p>\n<p style=\"vertical-align: baseline\"><img decoding=\"async\" src=\"https:\/\/www.hommy.com\/wp-content\/uploads\/16429865641427.jpg\" alt=\"product-PA-C5-A Distributeur automatique de hamburgers-Hommy-img\" title=\"\"><\/p>\n<p><span style=\"font-family:\u5b8b\u4f53;font-size:29px\"><\/span><\/p>\n<h2 style=\"font-family: sans-serif\">Quels sont les aliments contenus dans un distributeur automatique ?<\/h2>\n<p style=\"margin-top: 5px;margin-bottom: 5px;font-family: sans-serif;font-size: 16px\">La plupart des distributeurs automatiques proposent diff\u00e9rents types d'articles, mais chacun d'entre eux a une fonction diff\u00e9rente. Certains sont destin\u00e9s aux personnes disposant d'un budget limit\u00e9, d'autres aux employ\u00e9s de bureau qui n'ont pas le temps d'aller chercher un en-cas ou une boisson.<\/p>\n<p style=\"margin-top: 5px;margin-bottom: 5px;font-family: sans-serif;font-size: 16px\"><\/p>\n<h2 style=\"font-family: sans-serif\">Que puis-je vendre dans un distributeur automatique ?<\/h2>\n<p style=\"margin-top: 5px;margin-bottom: 5px;font-family: sans-serif;font-size: 16px\">Cette r\u00e9ponse n'est pas sp\u00e9cifique aux distributeurs automatiques et n'a pas l'intention d'\u00eatre une liste compl\u00e8te ou exhaustive. En r\u00e8gle g\u00e9n\u00e9rale, vous devez trouver les articles qu'un distributeur automatique est \u00e9quip\u00e9 pour accepter, puis les articles qu'un distributeur automatique est \u00e9quip\u00e9 pour vendre. Par exemple, un distributeur automatique qui accepte de l'argent, des bouteilles de boisson et des bonbons est plus susceptible d'accepter (ou au moins de pouvoir accepter) les deux premiers articles, mais n'acceptera probablement pas et ne vendra tr\u00e8s probablement pas le troisi\u00e8me. Un distributeur automatique qui accepte de l'argent, des bouteilles de boisson et des bonbons a plus de chances de vendre les deux premi\u00e8res choses et de vendre la troisi\u00e8me. Un distributeur automatique qui accepte de l'argent, uniquement des bouteilles de boisson et uniquement des bonbons a moins de chances d'accepter l'un ou l'autre de ces produits et a plus de chances de n'en accepter aucun. Un distributeur automatique qui n'accepte que l'argent et les bonbons n'en acceptera probablement aucun et n'en vendra probablement aucun.<\/p>\n<p style=\"margin-top: 5px;margin-bottom: 5px;font-family: sans-serif;font-size: 16px\"><\/p>\n<h2 style=\"font-family: sans-serif\">Combien de snacks peut-on mettre dans un distributeur automatique ?<\/h2>\n<p style=\"margin-top: 5px;margin-bottom: 5px;font-family: sans-serif;font-size: 16px\">La plupart des distributeurs automatiques, et certainement ceux dont nous parlons ici, ont un nombre maximum d'articles pouvant \u00eatre stock\u00e9s dans la machine. Dans certains cas, le nombre maximum est fix\u00e9 comme le dernier chiffre d'un compte \u00e0 rebours. Dans d'autres, il s'agit de la capacit\u00e9 de la machine. L'exemple le plus \u00e9vident est le nombre de boutons que l'on peut presser sur une machine \u00e0 perforer ou un clavier. Certaines machines ont un nombre maximum bas\u00e9 sur le poids des objets que l'on peut y d\u00e9poser, bien que ces machines ne soient g\u00e9n\u00e9ralement utilis\u00e9es que pour d\u00e9tecter les objets vol\u00e9s ou falsifi\u00e9s.<\/p>\n<\/p><\/div>","protected":false},"excerpt":{"rendered":"<p>Hot and Freeze vending machine 24hours https:\/\/youtu.be\/fjqlShughpQ&nbsp; &nbsp; Manufacturer, Supplier, Exporter, Distributor of Hamburgers Vending Machine. We have our own manufacturing unit and have tie-ups with various reputed manufacturers to ensure that we are able to offer high quality machines. Our offerings comprise of complete machines including the unit, the refrigeration device and the vending [&hellip;]<\/p>\n","protected":false},"featured_media":1954,"comment_status":"open","ping_status":"open","template":"","meta":{"_swt_meta_header_display":false,"_swt_meta_footer_display":false,"_swt_meta_site_title_display":false,"_swt_meta_sticky_header":false,"_swt_meta_transparent_header":false},"product_brand":[],"product_cat":[74,68],"product_tag":[],"class_list":{"0":"post-339","1":"product","2":"type-product","3":"status-publish","4":"has-post-thumbnail","6":"product_cat-hot-food-vending-machine","7":"product_cat-vending-machine","9":"first","10":"instock","11":"shipping-taxable","12":"product-type-simple"},"_links":{"self":[{"href":"https:\/\/www.hommy.com\/fr\/wp-json\/wp\/v2\/product\/339","targetHints":{"allow":["GET"]}}],"collection":[{"href":"https:\/\/www.hommy.com\/fr\/wp-json\/wp\/v2\/product"}],"about":[{"href":"https:\/\/www.hommy.com\/fr\/wp-json\/wp\/v2\/types\/product"}],"replies":[{"embeddable":true,"href":"https:\/\/www.hommy.com\/fr\/wp-json\/wp\/v2\/comments?post=339"}],"wp:featuredmedia":[{"embeddable":true,"href":"https:\/\/www.hommy.com\/fr\/wp-json\/wp\/v2\/media\/1954"}],"wp:attachment":[{"href":"https:\/\/www.hommy.com\/fr\/wp-json\/wp\/v2\/media?parent=339"}],"wp:term":[{"taxonomy":"product_brand","embeddable":true,"href":"https:\/\/www.hommy.com\/fr\/wp-json\/wp\/v2\/product_brand?post=339"},{"taxonomy":"product_cat","embeddable":true,"href":"https:\/\/www.hommy.com\/fr\/wp-json\/wp\/v2\/product_cat?post=339"},{"taxonomy":"product_tag","embeddable":true,"href":"https:\/\/www.hommy.com\/fr\/wp-json\/wp\/v2\/product_tag?post=339"}],"curies":[{"name":"wp","href":"https:\/\/api.w.org\/{rel}","templated":true}]}}