{"id":333,"date":"2024-07-02T13:05:42","date_gmt":"2024-07-02T13:05:42","guid":{"rendered":"http:\/\/localhost\/hommywp\/pa-c5-d-fast-hot-food-dinner-vending-machine-manufacturers-cost\/"},"modified":"2025-08-01T09:57:30","modified_gmt":"2025-08-01T09:57:30","slug":"distributeur-automatique-daliments-chauds-pa-c5-d","status":"publish","type":"product","link":"https:\/\/www.hommy.com\/fr\/p\/distributeur-automatique-daliments-chauds-pa-c5-d\/","title":{"rendered":"Pa-C5-D Fast Hot Food Dinner Vending Machine Cost Manufacturers"},"content":{"rendered":"<div>\n<p style=\"text-align: center\"><strong><span style=\"font-family: Helvetica\"><span style=\"font-size: 29px\">Distributeur automatique de produits surgel\u00e9s <\/span><span style=\"font-size: 29px\">&nbsp;&nbsp;<\/span><\/span><\/strong><\/p>\n<p style=\"text-align: center\"><span style=\"font-family:Calibri;font-size:29px\"><a href=\"https:\/\/youtu.be\/BHUP1KlKXJ8\" style=\"font-size: 20px;text-decoration: underline\" rel=\"nofollow noopener\" target=\"_blank\"><span style=\"font-family: Calibri;font-size: 20px\">https:\/\/youtu.be\/BHUP1KlKXJ8<\/span><\/a><\/span><\/p>\n<p>Nous sommes \u00e9galement un fournisseur de ce distributeur automatique de repas dans n'importe quelle capacit\u00e9 que vous pourriez souhaiter. Nos professionnels s'assurent de fabriquer des \u00e9quipements de la meilleure qualit\u00e9 de mani\u00e8re efficace et rentable. Cet \u00e9quipement trouve son application dans des secteurs vari\u00e9s tels que les h\u00f4pitaux, les \u00e9tablissements d'enseignement et les h\u00f4tels. Il poss\u00e8de diverses caract\u00e9ristiques qui le rendent compatible avec diff\u00e9rents syst\u00e8mes d'exploitation et il est tr\u00e8s durable. En outre, notre \u00e9quipe propose \u00e9galement des services apr\u00e8s-vente et une garantie d'un an. Alors, contactez-nous et faites-nous part de vos demandes personnalis\u00e9es.<\/p>\n<p><span style=\"font-size: 29px;font-family: Helvetica\">Sp\u00e9cification du produit :<\/span><span style=\"font-family:\u5b8b\u4f53;font-size:29px\"> <\/span><\/p>\n<p><img decoding=\"async\" src=\"https:\/\/www.hommy.com\/wp-content\/uploads\/16429885749685.png\" alt=\"produit-Hommy-img\" title=\"\"><\/p>\n<p style=\"margin-bottom:0;text-align:justify\"><span style=\"font-family:\u5b8b\u4f53;font-size:29px\">Caract\u00e9ristiques du produit :<\/span><\/p>\n<p style=\"margin-bottom:0;text-align:justify\"><span style=\"font-family:\u5b8b\u4f53;font-size:29px\"><img decoding=\"async\" src=\"https:\/\/www.hommy.com\/wp-content\/uploads\/16429886114114.png\" alt=\"produit-PA-C5-D distributeur automatique de repas chauds-Hommy-img\" title=\"\"><\/span><\/p>\n<p style=\"margin-bottom:0;text-align:justify\"><span style=\"font-family:\u5b8b\u4f53;font-size:29px\"><\/span><\/p>\n<p><span style=\"font-family:Calibri;font-size:21px\">1.&nbsp;<\/span><span style=\"font-family:Calibri;font-size:21px\">21.5\"<\/span><span style=\"font-family:Calibri;font-size:21px\">&nbsp;\u00e9cran de promotion et d'exploitation .<\/span><\/p>\n<p><span style=\"font-family:\u5b8b\u4f53;font-size:21px\">2.<\/span><span style=\"font-family:Calibri;font-size:21px\">Le syst\u00e8me de paiement accepte les pi\u00e8ces de monnaie, les billets, les pi\u00e8ces de monnaie Exchang, les cartes de cr\u00e9dit.<\/span><\/p>\n<p style=\"margin-bottom: 17px\"><span style=\"font-family:Calibri;font-size:21px\">3. Les<\/span><span style=\"font-family:Calibri;font-size:21px\">&nbsp;machine \u00e0 l'int\u00e9rieur <\/span><span style=\"font-family:Calibri;font-size:21px\">peut garder <\/span><span style=\"font-family:Calibri;font-size:21px\">environ 60<\/span><span style=\"font-family:Calibri;font-size:21px\">pcs <\/span><span style=\"font-family:Calibri;font-size:21px\">bo\u00eetes ,<\/span><span style=\"font-family:Calibri;font-size:21px\">&nbsp;La quantit\u00e9 de bo\u00eetes est d\u00e9termin\u00e9e en fonction de votre taille.<\/span><\/p>\n<p><span style=\"font-family:Calibri;font-size:21px\">&nbsp;qui sera plus quantitatif et qui maintiendra la temp\u00e9rature de -<\/span><span style=\"font-family:Calibri;font-size:21px\">10<\/span><span style=\"font-family:\u5b8b\u4f53;font-size:21px\">\u2103<\/span><span style=\"font-family:Calibri;font-size:21px\">&nbsp;\u00e0 <\/span><span style=\"font-family:Calibri;font-size:21px\">-18<\/span><span style=\"font-family:\u5b8b\u4f53;font-size:21px\">\u2103<\/span><span style=\"font-family:Calibri;font-size:21px\">. <\/span><\/p>\n<p><span style=\"font-family:Calibri;font-size:21px\">4. Carte de contr\u00f4le PC avanc\u00e9e, fonction bien programm\u00e9e et fonctionnement stable.<\/span><\/p>\n<p><span style=\"font-family:Calibri;font-size:21px\">5. <\/span><span style=\"font-family:Calibri;font-size:21px\">Le chauffage fonctionne avec 2 unit\u00e9s de micro-ondes 3000W pour le faire fonctionner. &nbsp;&nbsp;<\/span><\/p>\n<p><span style=\"font-family:Calibri;font-size:21px\">6. <\/span><span style=\"font-family:Calibri;font-size:21px\">La temp\u00e9rature du cong\u00e9lateur peut \u00eatre r\u00e9gl\u00e9e en fonction de diff\u00e9rents produits.<\/span><span style=\"font-family:Calibri;font-size:21px\">t<\/span><span style=\"font-family:Calibri;font-size:21px\">L'appareil est \u00e9quip\u00e9 d'une fonction de d\u00e9givrage automatique qui garantit un fonctionnement normal de l'appareil en cas de temp\u00e9ratures et d'humidit\u00e9 \u00e9lev\u00e9es. <\/span><span style=\"font-family:Calibri;font-size:21px\">.<\/span><\/p>\n<p><span style=\"font-family:Calibri;font-size:21px\">7<\/span><span style=\"font-family:Calibri;font-size:21px\">. Il existe une fonction de protection contre les pannes de courant, la machine indique toujours l'\u00e9tat d'alimentation, poss\u00e8de la fonction de m\u00e9moire, la fonction de protection contre les fuites en cas de surcharge, ce qui garantit un fonctionnement s\u00fbr de la machine. <\/span><\/p>\n<p style=\"margin-bottom:0;text-align:justify\"><span style=\"font-family:Calibri;font-size:21px\">8<\/span><span style=\"font-family:\u5b8b\u4f53;font-size:21px\">. La langue est l'anglais. &nbsp;<\/span><\/p>\n<p><span style=\"font-family:Calibri;font-size:21px\">9<\/span><span style=\"font-family:Calibri;font-size:21px\">. Syst\u00e8me de t\u00e9l\u00e9gestion par ordinateur : interrogation des donn\u00e9es de vente, rappel des p\u00e9nuries, rappel des pannes de machine.<\/span><\/p>\n<p style=\"margin-bottom:0;text-align:justify\"><\/p>\n<p style=\"margin-bottom:0;text-align:justify\"><span style=\"font-family:\u5b8b\u4f53;font-size:29px\">Avantage du produit :<\/span><\/p>\n<p><span style=\"font-family:Calibri;font-size:21px\">2.&nbsp;<\/span><span style=\"font-family:Calibri;font-size:21px\">21.5\"<\/span><span style=\"font-family:Calibri;font-size:21px\">&nbsp;\u00e9cran de promotion et d'exploitation .<\/span><\/p>\n<p style=\"vertical-align: baseline\"><img loading=\"lazy\" decoding=\"async\" src=\"https:\/\/www.hommy.com\/wp-content\/uploads\/16429886899474.png\" title=\"\" alt=\"produit-Hommy-img\" width=\"350\" height=\"600\" border=\"0\" vspace=\"0\" style=\"width: 350px;height: 600px\"><\/p>\n<p style=\"margin-bottom:0;text-align:justify\"><span style=\"font-family:Calibri;font-size:21px\">1.&nbsp;<\/span><span style=\"font-family:Calibri;font-size:21px\">La machine fonctionne avec 2 unit\u00e9s de micro-ondes qui seront rapidement \u00e9puis\u00e9es. <\/span><\/p>\n<p style=\"vertical-align: baseline\"><img loading=\"lazy\" decoding=\"async\" src=\"https:\/\/www.hommy.com\/wp-content\/uploads\/16429887131008.jpg\" title=\"\" alt=\"produit-Hommy-PA-C5-D distributeur automatique de repas chauds-img\" width=\"350\" height=\"1440\" border=\"0\" vspace=\"0\" style=\"width: 350px;height: 1440px\"><\/p>\n<p style=\"vertical-align: baseline\"><span style=\"font-family: Calibri;font-size: 20px\">2.&nbsp;<\/span><span style=\"font-family: Calibri;font-size: 20px\">Le canal int\u00e9rieur de la bo\u00eete de cong\u00e9lation peut \u00eatre l\u00e9g\u00e8rement ajust\u00e9 en fonction de la taille de la bo\u00eete.<\/span><\/p>\n<p style=\"vertical-align: baseline\"><span style=\"font-family: Calibri;font-size: 20px\">&nbsp;<img loading=\"lazy\" decoding=\"async\" src=\"https:\/\/www.hommy.com\/wp-content\/uploads\/16429887421050.png\" title=\"\" alt=\"produit-Hommy-img\" width=\"350\" height=\"630\" border=\"0\" vspace=\"0\" style=\"width: 350px;height: 630px\"><\/span><\/p>\n<p><span style=\"font-family: \u5b8b\u4f53;font-size: 20px\">3.<\/span><span style=\"font-family:Calibri;font-size:21px\">Le syst\u00e8me de paiement accepte les pi\u00e8ces de monnaie, les billets, les pi\u00e8ces de monnaie Exchang, les cartes de cr\u00e9dit.<\/span><\/p>\n<p style=\"vertical-align: baseline\"><img loading=\"lazy\" decoding=\"async\" src=\"https:\/\/www.hommy.com\/wp-content\/uploads\/16429887821275.png\" title=\"\" alt=\"produit-Hommy-img\" width=\"350\" height=\"546\" border=\"0\" vspace=\"0\" style=\"width: 350px;height: 546px\"><\/p>\n<p><span style=\"font-family:Calibri;font-size:21px\">4.<\/span><span style=\"font-family:Calibri;font-size:21px\">Syst\u00e8me informatique de gestion \u00e0 distance : interrogation des d\u00e9tails des ventes, rappel des p\u00e9nuries, rappel des pannes de machine.<\/span><\/p>\n<p style=\"vertical-align: baseline\"><img decoding=\"async\" src=\"https:\/\/www.hommy.com\/wp-content\/uploads\/16429888126916.jpg\" alt=\"produit-Hommy-img-1\" title=\"\"><\/p>\n<p style=\"margin-bottom:0;text-align:justify\"><\/p>\n<h2 style=\"font-family: sans-serif\">Les distributeurs automatiques en ligne sont-ils rentables ?<\/h2>\n<p style=\"margin-top: 5px;margin-bottom: 5px;font-family: sans-serif;font-size: 16px\">Les distributeurs automatiques, ou machines de vente au d\u00e9tail en libre-service, sont des machines de vente au d\u00e9tail qui vendent des produits \u00e0 un client, sans l'intervention d'un membre du personnel. On les trouve dans un grand nombre d'\u00e9tablissements, tels que les cha\u00eenes de restauration rapide, les h\u00f4tels, les supermarch\u00e9s et les magasins de proximit\u00e9.<\/p>\n<p style=\"margin-top: 5px;margin-bottom: 5px;font-family: sans-serif;font-size: 16px\"><\/p>\n<h2 style=\"font-family: sans-serif\">Quelle est la consommation d'\u00e9lectricit\u00e9 d'un distributeur de snacks ?<\/h2>\n<p style=\"margin-top: 5px;margin-bottom: 5px;font-family: sans-serif;font-size: 16px\">Vous serez peut-\u00eatre surpris d'apprendre que c'est en fait beaucoup.La quantit\u00e9 d'\u00e9lectricit\u00e9 utilis\u00e9e pour faire fonctionner un distributeur automatique est assez importante.Le distributeur automatique moyen en Australie consomme jusqu'\u00e0 2,5 kilowattheures d'\u00e9lectricit\u00e9 par mois, par machine.Cela \u00e9quivaut \u00e0 faire fonctionner le climatiseur de votre maison pendant plus d'un mois.<\/p>\n<p style=\"margin-top: 5px;margin-bottom: 5px;font-family: sans-serif;font-size: 16px\"><\/p>\n<h2 style=\"font-family: sans-serif\">Qu'est-ce qu'un itin\u00e9raire de distribution automatique ?<\/h2>\n<p style=\"margin-top: 5px;margin-bottom: 5px;font-family: sans-serif;font-size: 16px\">Les itin\u00e9raires de distribution sont l'unit\u00e9 de base utilis\u00e9e pour d\u00e9crire la structure d'un groupe de distributeurs automatiques dans un point de vente. Chaque groupe de distributeurs automatiques, ou cluster, peut avoir un ou plusieurs itin\u00e9raires qui correspondent \u00e0 la s\u00e9quence d'arr\u00eats effectu\u00e9s \u00e0 partir de chaque distributeur. La s\u00e9quence d'arr\u00eats peut \u00eatre r\u00e9p\u00e9t\u00e9e, le mod\u00e8le d'arr\u00eat utilis\u00e9 pour un groupe de distributeurs \u00e9tant parfois appel\u00e9 itin\u00e9raire. Par exemple, l'itin\u00e9raire 1 d'un groupe de distributeurs automatiques peut \u00eatre compos\u00e9 des itin\u00e9raires 1, 2, 3 et 4.<\/p>\n<\/p><\/div>","protected":false},"excerpt":{"rendered":"<p>Frozen food vending machine &nbsp;&nbsp; https:\/\/youtu.be\/BHUP1KlKXJ8 We are also a supplier of this Dinner Vending Machine in any capacity you might want it in. Our professionals ensure to fabricate the best quality equipment in an efficient and cost-effective manner. This equipment finds application in varied sectors like hospitals, educational institutions, and hotels. It has various [&hellip;]<\/p>\n","protected":false},"featured_media":326,"comment_status":"open","ping_status":"open","template":"","meta":{"_swt_meta_header_display":false,"_swt_meta_footer_display":false,"_swt_meta_site_title_display":false,"_swt_meta_sticky_header":false,"_swt_meta_transparent_header":false},"product_brand":[],"product_cat":[74,68],"product_tag":[],"class_list":{"0":"post-333","1":"product","2":"type-product","3":"status-publish","4":"has-post-thumbnail","6":"product_cat-hot-food-vending-machine","7":"product_cat-vending-machine","9":"first","10":"instock","11":"shipping-taxable","12":"product-type-simple"},"_links":{"self":[{"href":"https:\/\/www.hommy.com\/fr\/wp-json\/wp\/v2\/product\/333","targetHints":{"allow":["GET"]}}],"collection":[{"href":"https:\/\/www.hommy.com\/fr\/wp-json\/wp\/v2\/product"}],"about":[{"href":"https:\/\/www.hommy.com\/fr\/wp-json\/wp\/v2\/types\/product"}],"replies":[{"embeddable":true,"href":"https:\/\/www.hommy.com\/fr\/wp-json\/wp\/v2\/comments?post=333"}],"wp:featuredmedia":[{"embeddable":true,"href":"https:\/\/www.hommy.com\/fr\/wp-json\/wp\/v2\/media\/326"}],"wp:attachment":[{"href":"https:\/\/www.hommy.com\/fr\/wp-json\/wp\/v2\/media?parent=333"}],"wp:term":[{"taxonomy":"product_brand","embeddable":true,"href":"https:\/\/www.hommy.com\/fr\/wp-json\/wp\/v2\/product_brand?post=333"},{"taxonomy":"product_cat","embeddable":true,"href":"https:\/\/www.hommy.com\/fr\/wp-json\/wp\/v2\/product_cat?post=333"},{"taxonomy":"product_tag","embeddable":true,"href":"https:\/\/www.hommy.com\/fr\/wp-json\/wp\/v2\/product_tag?post=333"}],"curies":[{"name":"wp","href":"https:\/\/api.w.org\/{rel}","templated":true}]}}