{"id":325,"date":"2024-07-02T13:05:36","date_gmt":"2024-07-02T13:05:36","guid":{"rendered":"http:\/\/localhost\/hommywp\/pa-c5-c-18-degree-hot-frozen-vending-machine-coin-operated\/"},"modified":"2025-08-01T09:57:30","modified_gmt":"2025-08-01T09:57:30","slug":"distributeur-automatique-daliments-chauds-pa-c5-c-18degree","status":"publish","type":"product","link":"https:\/\/www.hommy.com\/fr\/p\/distributeur-automatique-daliments-chauds-pa-c5-c-18degree\/","title":{"rendered":"Pa-C5-C -18 Degree Hot Frozen Vending Machine Coin Operated"},"content":{"rendered":"<div>\n<p style=\"text-align: center\"><span style=\"font-family:Calibri;font-size:29px\">&nbsp; &nbsp; &nbsp; &nbsp; &nbsp;Sceller les distributeurs automatiques de produits surgel\u00e9s <\/span><span style=\"font-family:\u5b8b\u4f53;font-size:29px\">&nbsp;<\/span><span style=\"font-family:\u5b8b\u4f53;font-size:29px\">&nbsp;<\/span><\/p>\n<p style=\"text-align: center\"><span style=\"font-family:Calibri;font-size:29px\"><a href=\"https:\/\/youtu.be\/mGrWMrU2t1E\" rel=\"nofollow noopener\" target=\"_blank\">https:\/\/youtu.be\/mGrWMrU2t1E<\/a> <\/span><\/p>\n<p>Nous sommes un fournisseur de confiance de distributeurs automatiques de produits surgel\u00e9s pour tous nos clients. Gr\u00e2ce \u00e0 notre vaste exp\u00e9rience dans l'industrie, nous sommes en mesure de fournir ces machines dans une vari\u00e9t\u00e9 de sp\u00e9cifications et de conceptions. En outre, nous nous assurons \u00e9galement que notre gamme de machines est disponible en diff\u00e9rentes couleurs et finitions \u00e0 un prix tr\u00e8s comp\u00e9titif. En outre, nos machines \u00e0 refroidir sont disponibles avec une garantie d'un an.<\/p>\n<p><span style=\"font-size: 29px;font-family: Helvetica\">Sp\u00e9cification du produit :<\/span><\/p>\n<p><img decoding=\"async\" src=\"https:\/\/www.hommy.com\/wp-content\/uploads\/16429880106386.png\" alt=\"produit-Hommy-img\" title=\"\"><\/p>\n<p style=\"margin-bottom:0;text-align:justify\"><span style=\"font-family:\u5b8b\u4f53;font-size:29px\">Caract\u00e9ristiques du produit : <\/span><\/p>\n<p><span style=\"font-family:Calibri;font-size:21px\">1.&nbsp;<\/span><span style=\"font-family:Calibri;font-size:21px\">21.5\"<\/span><span style=\"font-family:Calibri;font-size:21px\">&nbsp;\u00e9cran de promotion et d'exploitation .<\/span><\/p>\n<p><span style=\"font-family:\u5b8b\u4f53;font-size:21px\">2.<\/span><span style=\"font-family:Calibri;font-size:21px\">&nbsp;Le syst\u00e8me de paiement accepte les pi\u00e8ces de monnaie, les billets, les pi\u00e8ces de monnaie Exchang, les cartes de cr\u00e9dit.<\/span><\/p>\n<p style=\"margin-bottom: 17px\"><span style=\"font-family:Calibri;font-size:21px\">3. Les<\/span><span style=\"font-family:Calibri;font-size:21px\">&nbsp;machine \u00e0 l'int\u00e9rieur <\/span><span style=\"font-family:Calibri;font-size:21px\">peut garder <\/span><span style=\"font-family:Calibri;font-size:21px\">environ 60<\/span><span style=\"font-family:Calibri;font-size:21px\">pcs <\/span><span style=\"font-family:Calibri;font-size:21px\">bo\u00eetes ,<\/span><span style=\"font-family:Calibri;font-size:21px\">&nbsp;La quantit\u00e9 de bo\u00eetes est d\u00e9termin\u00e9e en fonction de votre taille.<\/span><\/p>\n<p><span style=\"font-family:Calibri;font-size:21px\">qui sera plus quantitatif et qui maintiendra la temp\u00e9rature de -<\/span><span style=\"font-family:Calibri;font-size:21px\">10<\/span><span style=\"font-family:\u5b8b\u4f53;font-size:21px\">\u2103<\/span><span style=\"font-family:Calibri;font-size:21px\">&nbsp;\u00e0 <\/span><span style=\"font-family:Calibri;font-size:21px\">-18<\/span><span style=\"font-family:\u5b8b\u4f53;font-size:21px\">\u2103<\/span><span style=\"font-family:Calibri;font-size:21px\">. <\/span><\/p>\n<p><span style=\"font-family:Calibri;font-size:21px\">4. Carte de contr\u00f4le PC avanc\u00e9e, fonction bien programm\u00e9e et fonctionnement stable.<\/span><\/p>\n<p><span style=\"font-family:Calibri;font-size:21px\">5. <\/span><span style=\"font-family:Calibri;font-size:21px\">Le chauffage fonctionne avec un micro-ondes de 3000W pour le faire fonctionner. &nbsp;&nbsp;<\/span><\/p>\n<p><span style=\"font-family:Calibri;font-size:21px\">6. <\/span><span style=\"font-family:Calibri;font-size:21px\">La temp\u00e9rature du cong\u00e9lateur peut \u00eatre r\u00e9gl\u00e9e en fonction de diff\u00e9rents produits.<\/span><span style=\"font-family:Calibri;font-size:21px\">t<\/span><span style=\"font-family:Calibri;font-size:21px\">L'appareil est \u00e9quip\u00e9 d'une fonction de d\u00e9givrage automatique qui garantit un fonctionnement normal de l'appareil en cas de temp\u00e9ratures et d'humidit\u00e9 \u00e9lev\u00e9es. <\/span><span style=\"font-family:Calibri;font-size:21px\">.<\/span><\/p>\n<p><span style=\"font-family:Calibri;font-size:21px\">7<\/span><span style=\"font-family:Calibri;font-size:21px\">. Il existe une fonction de protection contre les pannes de courant, la machine indique toujours l'\u00e9tat d'alimentation, poss\u00e8de la fonction de m\u00e9moire, la fonction de protection contre les fuites en cas de surcharge, ce qui garantit un fonctionnement s\u00fbr de la machine. <\/span><\/p>\n<p style=\"margin-bottom:0;text-align:justify\"><span style=\"font-family:Calibri;font-size:21px\">8<\/span><span style=\"font-family:\u5b8b\u4f53;font-size:21px\">. La langue est l'anglais. &nbsp;<\/span><\/p>\n<p><span style=\"font-family:Calibri;font-size:21px\">9<\/span><span style=\"font-family:Calibri;font-size:21px\">. Syst\u00e8me de t\u00e9l\u00e9gestion par ordinateur : interrogation des donn\u00e9es de vente, rappel des p\u00e9nuries, rappel des pannes de machine.<\/span><\/p>\n<p style=\"margin-bottom:0;text-align:justify\"><\/p>\n<p style=\"margin-bottom:0;text-align:justify\"><span style=\"font-family:\u5b8b\u4f53;font-size:29px\">Avantage du produit :<\/span><\/p>\n<p><span style=\"font-family:Calibri;font-size:21px\">2.&nbsp;<\/span><span style=\"font-family:Calibri;font-size:21px\">21.5\"<\/span><span style=\"font-family:Calibri;font-size:21px\">&nbsp;\u00e9cran de promotion et d'exploitation .<\/span><\/p>\n<p style=\"vertical-align: baseline\"><img loading=\"lazy\" decoding=\"async\" src=\"https:\/\/www.hommy.com\/wp-content\/uploads\/16429880684263.png\" title=\"\" alt=\"produit-Hommy-img\" width=\"450\" height=\"600\" border=\"0\" vspace=\"0\" style=\"width: 450px;height: 600px\"><\/p>\n<p style=\"margin-bottom:0;text-align:justify\"><span style=\"font-family:Calibri;font-size:21px\">1.&nbsp;<\/span><span style=\"font-family:Calibri;font-size:21px\">La machine fonctionne avec des micro-ondes. <\/span><\/p>\n<p style=\"vertical-align: baseline\"><img loading=\"lazy\" decoding=\"async\" src=\"https:\/\/www.hommy.com\/wp-content\/uploads\/16429880974892.jpg\" title=\"\" alt=\"produit-Hommy-PA-C5-C -18degree hot food vending machine-img\" width=\"350\" height=\"1440\" border=\"0\" vspace=\"0\" style=\"width: 350px;height: 1440px\"><\/p>\n<p style=\"vertical-align: baseline\"><span style=\"font-family: Calibri;font-size: 20px\">2.&nbsp;<\/span><span style=\"font-family: Calibri;font-size: 20px\">Le canal int\u00e9rieur de la bo\u00eete de cong\u00e9lation peut \u00eatre l\u00e9g\u00e8rement ajust\u00e9 en fonction de la taille de la bo\u00eete.<\/span><\/p>\n<p style=\"vertical-align: baseline\"><span style=\"font-family: Calibri;font-size: 20px\">&nbsp;<img loading=\"lazy\" decoding=\"async\" src=\"https:\/\/www.hommy.com\/wp-content\/uploads\/16429881268233.png\" title=\"\" alt=\"produit-Hommy-img\" width=\"350\" height=\"630\" border=\"0\" vspace=\"0\" style=\"width: 350px;height: 630px\"><\/span><\/p>\n<p><span style=\"font-family: \u5b8b\u4f53;font-size: 20px\">3.<\/span><span style=\"font-family:Calibri;font-size:21px\">Le syst\u00e8me de paiement accepte les pi\u00e8ces de monnaie, les billets, les pi\u00e8ces de monnaie Exchang, les cartes de cr\u00e9dit.<\/span><\/p>\n<p style=\"vertical-align: baseline\"><img loading=\"lazy\" decoding=\"async\" src=\"https:\/\/www.hommy.com\/wp-content\/uploads\/16429881522399.png\" title=\"\" alt=\"produit-Hommy-img\" width=\"350\" height=\"546\" border=\"0\" vspace=\"0\" style=\"width: 350px;height: 546px\"><\/p>\n<p><span style=\"font-family:Calibri;font-size:21px\">4.<\/span><span style=\"font-family:Calibri;font-size:21px\">Syst\u00e8me informatique de gestion \u00e0 distance : interrogation des d\u00e9tails des ventes, rappel des p\u00e9nuries, rappel des pannes de machine.<\/span><\/p>\n<p style=\"vertical-align: baseline\"><img decoding=\"async\" src=\"https:\/\/www.hommy.com\/wp-content\/uploads\/16429881852523.jpg\" alt=\"produit-PA-C5-C -18degree hot food vending machine-Hommy-img\" title=\"\"><\/p>\n<h2 style=\"font-family: sans-serif\">Quelle est la ville qui compte le plus de distributeurs automatiques ?<\/h2>\n<p style=\"margin-top: 5px;margin-bottom: 5px;font-family: sans-serif;font-size: 16px\">D'une certaine mani\u00e8re, les distributeurs automatiques sont les enfants oubli\u00e9s du consommateur. Nous les consid\u00e9rons comme des solutions pratiques et rapides, mais nous les envisageons rarement comme une option viable. Pourtant, les chiffres disent le contraire. Les distributeurs automatiques sont utilis\u00e9s et le nombre d'achats montre que leur popularit\u00e9 ne cesse de cro\u00eetre. La r\u00e9ponse semble \u00eatre qu'il y a environ 12 000 distributeurs dans tout le Japon, comme l'a r\u00e9v\u00e9l\u00e9 un article de magazine en 2005, alors qu'il n'y avait qu'environ 7 500 distributeurs au Japon.<\/p>\n<p style=\"margin-top: 5px;margin-bottom: 5px;font-family: sans-serif;font-size: 16px\"><\/p>\n<h2 style=\"font-family: sans-serif\">Quelle est la qualit\u00e9 de l'activit\u00e9 des distributeurs automatiques ?<\/h2>\n<p style=\"margin-top: 5px;margin-bottom: 5px;font-family: sans-serif;font-size: 16px\">Les distributeurs automatiques existent depuis de nombreuses ann\u00e9es. Ils existent aussi bien dans les restaurants que dans les magasins de proximit\u00e9. Avec l'av\u00e8nement de l'\u00e8re moderne, les distributeurs automatiques sont devenus l'une des m\u00e9thodes les plus efficaces pour vendre vos produits. Avec la popularit\u00e9 des soci\u00e9t\u00e9s de distributeurs automatiques, il est facile de trouver des soci\u00e9t\u00e9s de distributeurs automatiques de qualit\u00e9 et d'en faire installer un dans votre entreprise. Dans l'article ci-dessous, vous trouverez des conseils \u00e0 suivre pour trouver la meilleure soci\u00e9t\u00e9 de distributeurs automatiques.<\/p>\n<p style=\"margin-top: 5px;margin-bottom: 5px;font-family: sans-serif;font-size: 16px\"><\/p>\n<h2 style=\"font-family: sans-serif\">Comment fonctionnent les distributeurs automatiques de produits alimentaires ?<\/h2>\n<p style=\"margin-top: 5px;margin-bottom: 5px;font-family: sans-serif;font-size: 16px\">Les distributeurs automatiques de produits alimentaires sont compos\u00e9s de deux parties. La premi\u00e8re est un distributeur m\u00e9canique, c'est-\u00e0-dire la partie qui vous livre un seul type d'aliment. Cette machine ne change pas la nourriture, mais elle change le type de nourriture que vous recevez. En g\u00e9n\u00e9ral, les distributeurs automatiques de produits alimentaires sont plus courants dans les grandes villes ou les centres commerciaux, mais ce n'est pas toujours le cas. Il n'est pas rare non plus qu'une seule \u00e9picerie dispose de ses propres distributeurs. La plupart des \u00e9piceries disposent de distributeurs automatiques de produits alimentaires. Ce sont les machines qui vous livrent votre nourriture lorsque vous entrez dans le magasin. Il existe diff\u00e9rents types de distributeurs automatiques qui fournissent diff\u00e9rents types d'aliments. Certains ne distribuent qu'un seul type d'aliment, comme des pizzas surgel\u00e9es. D'autres peuvent proposer deux types d'aliments, comme des sandwichs et des sodas. Enfin, il existe parfois des machines qui combinent deux types d'aliments, comme un hot-dog avec un soda ou un sandwich au fromage grill\u00e9.Chaque distributeur automatique se voit attribuer un code qui indique la quantit\u00e9 qu'il distribue. Certains distributeurs distribuent la bonne quantit\u00e9, tandis que d'autres vous donneront beaucoup plus ou moins que ce dont vous avez besoin.<\/p>\n<\/p><\/div>","protected":false},"excerpt":{"rendered":"<p>&nbsp; &nbsp; &nbsp; &nbsp; &nbsp;Sealing frozen food vending machine &nbsp;&nbsp; https:\/\/youtu.be\/mGrWMrU2t1E We are a trusted supplier of Frozen Vending Machines to all of our clients. With our vast industry experience, we are able to provide these machines in a variety of specifications and designs. Apart from this, we also ensure that our range of machines [&hellip;]<\/p>\n","protected":false},"featured_media":1953,"comment_status":"open","ping_status":"open","template":"","meta":{"_swt_meta_header_display":false,"_swt_meta_footer_display":false,"_swt_meta_site_title_display":false,"_swt_meta_sticky_header":false,"_swt_meta_transparent_header":false},"product_brand":[],"product_cat":[74,68],"product_tag":[],"class_list":{"0":"post-325","1":"product","2":"type-product","3":"status-publish","4":"has-post-thumbnail","6":"product_cat-hot-food-vending-machine","7":"product_cat-vending-machine","9":"first","10":"instock","11":"shipping-taxable","12":"product-type-simple"},"_links":{"self":[{"href":"https:\/\/www.hommy.com\/fr\/wp-json\/wp\/v2\/product\/325","targetHints":{"allow":["GET"]}}],"collection":[{"href":"https:\/\/www.hommy.com\/fr\/wp-json\/wp\/v2\/product"}],"about":[{"href":"https:\/\/www.hommy.com\/fr\/wp-json\/wp\/v2\/types\/product"}],"replies":[{"embeddable":true,"href":"https:\/\/www.hommy.com\/fr\/wp-json\/wp\/v2\/comments?post=325"}],"wp:featuredmedia":[{"embeddable":true,"href":"https:\/\/www.hommy.com\/fr\/wp-json\/wp\/v2\/media\/1953"}],"wp:attachment":[{"href":"https:\/\/www.hommy.com\/fr\/wp-json\/wp\/v2\/media?parent=325"}],"wp:term":[{"taxonomy":"product_brand","embeddable":true,"href":"https:\/\/www.hommy.com\/fr\/wp-json\/wp\/v2\/product_brand?post=325"},{"taxonomy":"product_cat","embeddable":true,"href":"https:\/\/www.hommy.com\/fr\/wp-json\/wp\/v2\/product_cat?post=325"},{"taxonomy":"product_tag","embeddable":true,"href":"https:\/\/www.hommy.com\/fr\/wp-json\/wp\/v2\/product_tag?post=325"}],"curies":[{"name":"wp","href":"https:\/\/api.w.org\/{rel}","templated":true}]}}