{"id":318,"date":"2024-07-02T12:48:38","date_gmt":"2024-07-02T12:48:38","guid":{"rendered":"http:\/\/localhost\/hommywp\/pa-c8-french-fries-vending-machine\/"},"modified":"2025-08-01T09:57:30","modified_gmt":"2025-08-01T09:57:30","slug":"distributeur-automatique-de-frites-pa-c8","status":"publish","type":"product","link":"https:\/\/www.hommy.com\/fr\/p\/distributeur-automatique-de-frites-pa-c8\/","title":{"rendered":"PA-C8 Distributeur automatique de frites"},"content":{"rendered":"<div>\n<h1 style=\"text-align: center\"><strong><span style=\"letter-spacing: 0px;font-family: arial, helvetica, sans-serif;font-size: 24px\"><a name=\"Fries vending machine\"><\/a>Distributeur automatique de frites<\/span><\/strong><\/h1>\n<p style=\"text-align: center\"><a href=\"#Fries vending machine\" target=\"_self\" data-lv=\"0\" rel=\"noopener\"><span style=\"letter-spacing: 0px;font-family: arial, helvetica, sans-serif;font-size: 18px\">Distributeur automatique de frites<\/span><\/a><span style=\"letter-spacing: 0px;font-family: arial, helvetica, sans-serif;font-size: 18px\">|<a href=\"#Product Features\" target=\"_self\" data-lv=\"0\" rel=\"noopener\">Caract\u00e9ristiques du produit<\/a>|<a href=\"#Product specification\" target=\"_self\" data-lv=\"0\" rel=\"noopener\">Sp\u00e9cification du produit<\/a>|<a href=\"#Product Advantage\" target=\"_self\" data-lv=\"0\" rel=\"noopener\">Avantages du produit<\/a><\/span><\/p>\n<p><strong><span style=\"letter-spacing: 0px;font-family: arial, helvetica, sans-serif;font-size: 24px\"><br \/><\/span><\/strong><\/p>\n<p><strong><span style=\"letter-spacing: 0px;font-family: arial, helvetica, sans-serif;font-size: 24px\"><br \/><\/span><\/strong><\/p>\n<p><\/p>\n<p style=\"text-align: center\">&nbsp;&nbsp;&nbsp;&nbsp;<\/p>\n<p><\/p>\n<p><span style=\"font-family:\u5b8b\u4f53;letter-spacing:0;font-size:29px\"><\/span><\/p>\n<div class=\"d-tem01-graphic tem01-graphic mockup\" data-detail=\"wrap\">\n<div class=\"cont-section clearfix d-clearfix\">\n<div class=\"col-md-6 col-sm-6 col-xs-6\"><\/p>\n<p><\/p>\n<p><\/p>\n<p><\/p>\n<p style=\"text-align:center\"><img loading=\"lazy\" decoding=\"async\" src=\"https:\/\/www.hommy.com\/wp-content\/uploads\/16841138152247.png\" alt=\"product-Hommy-PA-C8 Distributeur automatique de frites-img\" title=\"\" width=\"700\" height=\"551\" border=\"0\" vspace=\"0\" style=\"width: 700px;height: 551px\"><\/p>\n<p>&nbsp; &nbsp; &nbsp; &nbsp; &nbsp; &nbsp;<\/p>\n<\/div>\n<div class=\"col-md-6 col-sm-6 col-xs-6\">\n<div class=\"right-p\">\n<div class=\"h2 heading\">\n<h1 style=\"margin: 0px;text-indent: 0px;text-align: justify\"><span style=\"font-size: 24px\"><strong><span style=\"letter-spacing: 0px;font-family: arial, helvetica, sans-serif\"><a name=\"Product Features\"><\/a>Caract\u00e9ristiques du produit<\/span><\/strong><\/span><\/h1>\n<p style=\"margin-top:0;margin-right:0;margin-bottom:0;margin-left:0;text-indent:0;text-align:justify\"><span style=\"letter-spacing: 0px;font-family: arial, helvetica, sans-serif;font-size: 18px\"><br \/><\/span><\/p>\n<p><span style=\"font-size: 18px;font-family: arial, helvetica, sans-serif\">1 : l'\u00e9cran publicitaire de 42 pouces devant la machine&nbsp;<\/span><\/p>\n<p><span style=\"font-size: 18px;font-family: arial, helvetica, sans-serif\">2 : Temps de friture : 90-145 secondes r\u00e9glable<\/span><\/p>\n<p><span style=\"font-family: arial, helvetica, sans-serif;font-size: 18px\"><span style=\"font-family: arial, helvetica, sans-serif\">3 : Temp\u00e9rature de cuisson : 175<\/span><span style=\"font-family: arial, helvetica, sans-serif\">\u2103<\/span><span style=\"font-family: arial, helvetica, sans-serif\">-185<\/span><span style=\"font-family: arial, helvetica, sans-serif\">\u2103<\/span><span style=\"font-family: arial, helvetica, sans-serif\">.<\/span><\/span><\/p>\n<p><span style=\"font-family: arial, helvetica, sans-serif;font-size: 18px\"><span style=\"font-family: arial, helvetica, sans-serif\">4 : garder la friterie garder la <\/span><span style=\"font-family: arial, helvetica, sans-serif\">temp\u00e9rature : -7\u2103-0\u2103 .<\/span><span style=\"font-family: arial, helvetica, sans-serif\">&nbsp;<\/span><\/span><\/p>\n<p><span style=\"font-size: 18px;font-family: arial, helvetica, sans-serif\">5 : La machine peut utiliser de l'huile v\u00e9g\u00e9tale ou de la graisse de b\u0153uf, le bol chauff\u00e9 contient 5,6 litres d'huile. <\/span><span style=\"font-family: arial, helvetica, sans-serif;font-size: 18px\"><span style=\"font-family: Calibri\"><br \/><\/span><span style=\"font-family: arial, helvetica, sans-serif\"><span style=\"font-family: arial, helvetica, sans-serif\">6 : Stock de frites surgel\u00e9es : 25kg, <\/span><span style=\"font-family: arial, helvetica, sans-serif\">environ 110 <\/span><span style=\"font-family: arial, helvetica, sans-serif\">portions (6 sachets)<\/span><\/span><\/span><span style=\"font-family: Calibri;font-size: 20px\"> <\/span><\/p>\n<p><span style=\"font-size: 18px;font-family: arial, helvetica, sans-serif\">7 : La machine peut \u00eatre utilis\u00e9e \u00e0 l'int\u00e9rieur ou \u00e0 l'ext\u00e9rieur, l'ext\u00e9rieur n\u00e9cessitant l'ajout d'un toit.<\/span><\/p>\n<p><span style=\"font-size: 18px;font-family: arial, helvetica, sans-serif\">8 : Pas d'huile, pas de fum\u00e9e, pas d'odeur<br \/>9 : Connecteur avec syst\u00e8me de paiement : billet de banque, pi\u00e8ce de monnaie, pi\u00e8ce de change, carte de cr\u00e9dit uniquement Interface MDB.<\/span><\/p>\n<p><span style=\"font-size: 18px;font-family: arial, helvetica, sans-serif\">10:Tous les 16 jours, vous devez retirer la friteuse et la nettoyer.<\/span><\/p>\n<p><span style=\"font-size: 18px;font-family: arial, helvetica, sans-serif\">11. la machine dispose d'une fonction \u00e0 distance, vous pouvez voir chaque jour le rapport de vente et la machine dispose \u00e9galement d'une fonction de rappel. &nbsp;<\/span><\/p>\n<p><span style=\"font-size: 18px;font-family: arial, helvetica, sans-serif\">12. Tous les 400 portions ou 4 jours de travail, l'huile doit \u00eatre chang\u00e9e.<\/span><\/p>\n<p><span style=\"font-size: 18px;font-family: arial, helvetica, sans-serif\">13 : cette machine contient 3 types de jus de fruits au choix. <\/span><\/p>\n<p><span style=\"font-size: 18px;font-family: arial, helvetica, sans-serif\">14 : Pr\u00e9vention des incendies et s\u00e9curit\u00e9 alimentaire<\/span><\/p>\n<p><span style=\"font-family: arial, helvetica, sans-serif;font-size: 18px\"><span style=\"font-family: arial, helvetica, sans-serif\">A :<\/span><span style=\"font-family: arial, helvetica, sans-serif\">&nbsp;Il y a 2 capteurs dans l'huile pour d\u00e9tecter la temp\u00e9rature de l'huile. Pendant la d\u00e9tection, ils se comparent l'un \u00e0 l'autre. Si un capteur d\u00e9tecte une temp\u00e9rature trop \u00e9lev\u00e9e, la machine s'arr\u00eate.<\/span><\/span><\/p>\n<p><span style=\"font-family: arial, helvetica, sans-serif;font-size: 18px\"><span style=\"font-family: \u5b8b\u4f53;font-size: 20px\">B :<\/span><span style=\"font-family: Calibri;font-size: 20px\">Sur la face arri\u00e8re de la friteuse, il y a deux capteurs de surchauffe.<\/span><\/span><\/p>\n<p><span style=\"font-size: 18px;font-family: arial, helvetica, sans-serif\">C : la friteuse de la machine est compl\u00e8tement \u00e9tanche, m\u00eame si l'huile br\u00fble, c'est uniquement \u00e0 l'int\u00e9rieur de la friteuse, le feu ne sortira jamais pour causer des dommages. <\/span><\/p>\n<p><span style=\"font-family: arial, helvetica, sans-serif;font-size: 18px\">15:La machine est dot\u00e9e d'une fonction de contr\u00f4le de la s\u00e9curit\u00e9 alimentaire :<\/span><\/p>\n<p><span style=\"font-family: arial, helvetica, sans-serif;font-size: 18px\">La machine dispose d'une fonction de rappel, nous rappelons r\u00e9guli\u00e8rement au personnel de changer r\u00e9guli\u00e8rement l'huile afin de garantir la s\u00e9curit\u00e9 alimentaire.<\/span><\/p>\n<p><span style=\"font-family: arial, helvetica, sans-serif;font-size: 18px\">R : La machine peut calculer le temps de chauffage de l'huile, apr\u00e8s 48 heures, la machine informera l'op\u00e9rateur de remplacer l'huile par SMS, si l'op\u00e9rateur ne remplace pas l'huile \u00e0 temps, la machine s'arr\u00eatera automatiquement.<\/span><\/p>\n<p><span style=\"font-family: arial, helvetica, sans-serif;font-size: 18px\">B : si l'appareil constate que la temp\u00e9rature du r\u00e9frig\u00e9rateur reste sup\u00e9rieure \u00e0 0 Celsius pendant 2 heures, il en informe l'op\u00e9rateur.<\/span><\/p>\n<p><span style=\"font-family: arial, helvetica, sans-serif;font-size: 18px\">16 : Puissance : 2800W lorsque la friteuse est en marche. La puissance moyenne est de 1000W.<\/span><\/p>\n<p><span style=\"font-size: 18px\"><span style=\"font-family: arial, helvetica, sans-serif\">17\uff1aSize\uff1a<\/span><span style=\"font-family: Calibri\"><span style=\"font-family: Calibri\"><\/span><span style=\"font-family: arial, helvetica, sans-serif\">1050mm * 833mm * 1998mm<\/span><\/span><\/span><\/p>\n<\/div>\n<\/div>\n<p>&nbsp; &nbsp; &nbsp; &nbsp; &nbsp; &nbsp;<\/p><\/div>\n<\/div>\n<\/div>\n<h1><strong><span style=\"letter-spacing: 0px;font-size: 24px;font-family: arial, helvetica, sans-serif\"><a name=\"Product specification\"><\/a>Sp\u00e9cification du produit<\/span><\/strong><\/h1>\n<p><img decoding=\"async\" src=\"https:\/\/www.hommy.com\/wp-content\/uploads\/16841138634873.jpg\" alt=\"produit-Hommy-img\" title=\"\"><\/p>\n<p><\/p>\n<p><span style=\"font-family:\u5b8b\u4f53;letter-spacing:0;font-size:29px\"><\/span><\/p>\n<h1><span style=\"font-family: arial, helvetica, sans-serif;font-size: 24px\"><strong><span style=\"font-family: arial, helvetica, sans-serif;letter-spacing: 0px\"><a name=\"Product Advantage\"><\/a>Avantages du produit<\/span><\/strong><\/span><\/h1>\n<p><span style=\"font-family: arial, helvetica, sans-serif;font-size: 24px\"><strong><span style=\"font-family: arial, helvetica, sans-serif;letter-spacing: 0px\"><\/span><\/strong><\/span><\/p>\n<div class=\"d-tem01-graphic tem01-graphic mockup\" data-detail=\"wrap\">\n<div class=\"cont-section clearfix d-clearfix\">\n<div class=\"col-md-6 col-sm-6 col-xs-6\">\n<div class=\"right-p\">\n<div class=\"h2 heading\">\n<p style=\"margin-top: 0;margin-right: 0;margin-bottom: 0;padding: 0;vertical-align: baseline\"><span style=\"letter-spacing: 0px;font-family: arial, helvetica, sans-serif;font-size: 18px\">1. L'int\u00e9rieur de la machine propose 3 types de jus de fruits, la bo\u00eete de jus de fruits peut \u00eatre aromatis\u00e9e en fonction de votre march\u00e9.&nbsp;<\/span><span style=\"font-family: \u5b8b\u4f53;letter-spacing: 0;font-size: 20px\">&nbsp;<\/span><\/p>\n<\/div>\n<\/div>\n<div class=\"graphic_pic animated wow bounceIn\" data-wow-delay=\".7s\">\n<p style=\"text-align:center\"><img loading=\"lazy\" decoding=\"async\" src=\"https:\/\/www.hommy.com\/wp-content\/uploads\/16104273736605.png\" alt=\"produit-Hommy-img\" title=\"\" width=\"350\" height=\"500\" border=\"0\" vspace=\"0\" style=\"width: 350px;height: 500px\"><\/p>\n<\/div>\n<\/div>\n<div class=\"col-md-6 col-sm-6 col-xs-6\">\n<div class=\"right-p\">\n<div class=\"h2 heading\">\n<p style=\"text-indent: 0;padding: 0;vertical-align: baseline\"><span style=\"letter-spacing: 0px;font-family: arial, helvetica, sans-serif;font-size: 18px\">2.  Le syst\u00e8me de distribution quantitative de la machine est actionn\u00e9 par une tige pour garantir que les aliquotes sont similaires \u00e0 chaque fois.<\/span><\/p>\n<p style=\"text-indent: 0;padding: 0;vertical-align: baseline\"><span style=\"letter-spacing: 0px;font-family: arial, helvetica, sans-serif;font-size: 18px\"><br \/><\/span><\/p>\n<\/div>\n<\/div>\n<div class=\"graphic_pic animated wow bounceIn\" data-wow-delay=\".7s\">\n<p style=\"text-align:center\"><img loading=\"lazy\" decoding=\"async\" src=\"https:\/\/www.hommy.com\/wp-content\/uploads\/16104279021623.png\" alt=\"product-Hommy-PA-C8 Distributeur automatique de frites-img\" title=\"\" width=\"350\" height=\"436\" border=\"0\" vspace=\"0\" style=\"width: 350px;height: 436px\"><\/p>\n<\/div>\n<\/div>\n<\/div>\n<\/div>\n<p><span style=\"font-family: arial, helvetica, sans-serif;font-size: 24px\"><strong><span style=\"font-family: arial, helvetica, sans-serif;letter-spacing: 0px\"><\/span><\/strong><\/span><\/p>\n<div class=\"d-tem01-graphic tem01-graphic mockup\" data-detail=\"wrap\">\n<div class=\"cont-section clearfix d-clearfix\">\n<div class=\"col-md-6 col-sm-6 col-xs-6\">\n<div class=\"right-p\">\n<div class=\"h2 heading\">\n<p><span style=\"font-family: arial, helvetica, sans-serif;font-size: 18px\"><span style=\"font-family: arial, helvetica, sans-serif;letter-spacing: 0px\">3.&nbsp;<\/span><span style=\"font-family: arial, helvetica, sans-serif\">Le syst\u00e8me de paiement accepte les pi\u00e8ces de monnaie, les billets, les pi\u00e8ces de monnaie Exchang, les cartes de cr\u00e9dit.<\/span><\/span><\/p>\n<p><span style=\"font-family: arial, helvetica, sans-serif;font-size: 18px\"><span style=\"font-family: arial, helvetica, sans-serif\"><br \/><\/span><\/span><\/p>\n<\/div>\n<\/div>\n<div class=\"graphic_pic animated wow bounceIn\" data-wow-delay=\".7s\">\n<p style=\"text-align:center\"><img loading=\"lazy\" decoding=\"async\" src=\"https:\/\/www.hommy.com\/wp-content\/uploads\/16104282731690.png\" alt=\"produit-Hommy-img\" title=\"\" width=\"350\" height=\"500\" border=\"0\" vspace=\"0\" style=\"width: 350px;height: 500px\"><\/p>\n<\/div>\n<\/div>\n<div class=\"col-md-6 col-sm-6 col-xs-6\">\n<div class=\"right-p\">\n<div class=\"h2 heading\">\n<p><span style=\"font-family: arial, helvetica, sans-serif;font-size: 18px\">4. Syst\u00e8me de gestion \u00e0 distance par ordinateur : interrogation des d\u00e9tails des ventes, rappel des p\u00e9nuries, rappel des pannes de machine.<\/span><\/p>\n<\/div>\n<\/div>\n<div class=\"graphic_pic animated wow bounceIn\" data-wow-delay=\".7s\">\n<p style=\"text-align:center\"><img loading=\"lazy\" decoding=\"async\" src=\"https:\/\/www.hommy.com\/wp-content\/uploads\/16104281316072.jpg\" alt=\"product-PA-C8 Distributeur automatique de frites-Hommy-img\" title=\"\" width=\"350\" height=\"500\" border=\"0\" vspace=\"0\" style=\"width: 350px;height: 500px\"><\/p>\n<\/div>\n<\/div>\n<\/div>\n<\/div>\n<p><span style=\"font-family:\u5b8b\u4f53;letter-spacing:0;font-size:29px\"><\/span><\/p>\n<p><\/p>\n<\/p><\/div>","protected":false},"excerpt":{"rendered":"<p>Fries vending machine Fries vending machine|Product Features|Product specification|Product Advantage &nbsp;&nbsp;&nbsp;&nbsp; &nbsp; &nbsp; &nbsp; &nbsp; &nbsp; &nbsp; Product Features 1:&nbsp;the 42&quot; advertising screen in front of the machine&nbsp; 2: Frying time: 90-145 Seconds adjustable 3: Frying&nbsp;temperature: 175\u2103-185\u2103. 4: keep french fried store keep the temperature :&nbsp;-7\u2103&#8211;0\u2103&nbsp;.&nbsp; 5:&nbsp;Machine can use vegetable oil or beef fat, fired bowl [&hellip;]<\/p>\n","protected":false},"featured_media":312,"comment_status":"open","ping_status":"open","template":"","meta":{"_swt_meta_header_display":false,"_swt_meta_footer_display":false,"_swt_meta_site_title_display":false,"_swt_meta_sticky_header":false,"_swt_meta_transparent_header":false},"product_brand":[],"product_cat":[73,68],"product_tag":[],"class_list":{"0":"post-318","1":"product","2":"type-product","3":"status-publish","4":"has-post-thumbnail","6":"product_cat-french-fries-vending-machine","7":"product_cat-vending-machine","9":"first","10":"instock","11":"shipping-taxable","12":"product-type-simple"},"_links":{"self":[{"href":"https:\/\/www.hommy.com\/fr\/wp-json\/wp\/v2\/product\/318","targetHints":{"allow":["GET"]}}],"collection":[{"href":"https:\/\/www.hommy.com\/fr\/wp-json\/wp\/v2\/product"}],"about":[{"href":"https:\/\/www.hommy.com\/fr\/wp-json\/wp\/v2\/types\/product"}],"replies":[{"embeddable":true,"href":"https:\/\/www.hommy.com\/fr\/wp-json\/wp\/v2\/comments?post=318"}],"wp:featuredmedia":[{"embeddable":true,"href":"https:\/\/www.hommy.com\/fr\/wp-json\/wp\/v2\/media\/312"}],"wp:attachment":[{"href":"https:\/\/www.hommy.com\/fr\/wp-json\/wp\/v2\/media?parent=318"}],"wp:term":[{"taxonomy":"product_brand","embeddable":true,"href":"https:\/\/www.hommy.com\/fr\/wp-json\/wp\/v2\/product_brand?post=318"},{"taxonomy":"product_cat","embeddable":true,"href":"https:\/\/www.hommy.com\/fr\/wp-json\/wp\/v2\/product_cat?post=318"},{"taxonomy":"product_tag","embeddable":true,"href":"https:\/\/www.hommy.com\/fr\/wp-json\/wp\/v2\/product_tag?post=318"}],"curies":[{"name":"wp","href":"https:\/\/api.w.org\/{rel}","templated":true}]}}