{"id":311,"date":"2024-07-02T12:41:30","date_gmt":"2024-07-02T12:41:30","guid":{"rendered":"http:\/\/localhost\/hommywp\/hm-aj02-drinks-vending-machines\/"},"modified":"2025-08-01T09:57:30","modified_gmt":"2025-08-01T09:57:30","slug":"hm-aj02-distributeurs-automatiques-de-boissons","status":"publish","type":"product","link":"https:\/\/www.hommy.com\/fr\/p\/hm-aj02-distributeurs-automatiques-de-boissons\/","title":{"rendered":"HM-AJ02 Distributeurs automatiques de boissons"},"content":{"rendered":"<div>\n<p style=\"text-align: center\"><span style=\"font-family:Calibri;font-size:29px\">Fabricants de distributeurs automatiques de soda<\/span><\/p>\n<p style=\"text-align: center\"><span style=\"font-family: Calibri;font-size: 29px\">&nbsp; &nbsp; &nbsp; &nbsp; &nbsp; &nbsp; &nbsp; &nbsp; &nbsp; &nbsp; &nbsp; &nbsp; &nbsp; &nbsp; &nbsp; &nbsp; &nbsp; &nbsp; &nbsp; &nbsp; &nbsp; &nbsp; &nbsp; &nbsp; &nbsp; &nbsp; &nbsp; https:\/\/youtu.be\/r5pGq47GZRk<\/span><span style=\"font-family: \u5b8b\u4f53;font-size: 29px\">&nbsp;<\/span><\/p>\n<p><span style=\"font-family: \u5b8b\u4f53;font-size: 29px\">&nbsp;&nbsp; &nbsp; &nbsp; &nbsp; &nbsp; &nbsp; &nbsp; &nbsp;<\/span><\/p>\n<p><span style=\"font-family:\u5b8b\u4f53;font-size:29px\">Produit <\/span><span style=\"font-family:\u5b8b\u4f53;font-size:29px\">sp\u00e9cification :<\/span><\/p>\n<p><span style=\"font-family:\u5b8b\u4f53;font-size:29px\"><\/span><\/p>\n<p><img decoding=\"async\" src=\"https:\/\/www.hommy.com\/wp-content\/uploads\/16431817002770.png\" alt=\"produit-Hommy-img\" title=\"\"><\/p>\n<p><img decoding=\"async\" src=\"https:\/\/www.hommy.com\/wp-content\/uploads\/16431817051742.png\" alt=\"produit-Hommy-img\" title=\"\"><\/p>\n<p><img decoding=\"async\" src=\"https:\/\/www.hommy.com\/wp-content\/uploads\/16431817134316.png\" alt=\"produit-Hommy-img\" title=\"\"><\/p>\n<p><img decoding=\"async\" src=\"https:\/\/www.hommy.com\/wp-content\/uploads\/16431819938817.png\" alt=\"produit-HM-AJ02 distributeurs automatiques de boissons-Hommy-img\" title=\"\"><\/p>\n<p style=\"margin-bottom:0;text-align:justify\"><span style=\"font-family:\u5b8b\u4f53;font-size:29px\">Caract\u00e9ristiques du produit : <\/span><\/p>\n<p style=\"margin-bottom:0;text-align:justify\"><span style=\"font-family:Arial;font-size:21px\">1.&nbsp;<\/span><span style=\"font-family:Arial;font-size:21px\">\u00c9cran de 21'' pour la publicit\u00e9 et les op\u00e9rations.<\/span><\/p>\n<p style=\"margin-bottom:0;text-align:justify\"><span style=\"font-family:Arial;font-size:21px\">2.&nbsp;<\/span><span style=\"font-family:Arial;font-size:21px\">Syst\u00e8me de paiement : pi\u00e8ces, billets et retour de pi\u00e8ces, interface MDB pour carte de cr\u00e9dit. <\/span><\/p>\n<p style=\"margin-bottom:0;text-align:justify\"><span style=\"font-family:Arial;font-size:21px\">3.&nbsp;<\/span><span style=\"font-family:Arial;font-size:21px\">Il y a 36 parfums au choix, c'est-\u00e0-dire des sodas avec des gla\u00e7ons, <\/span><span style=\"font-family:\u7b49\u7ebf;font-size:21px\">Te<\/span><span style=\"font-family:\u7b49\u7ebf;font-size:21px\">a <\/span><span style=\"font-family:Arial;font-size:21px\">boisson avec de la glace, jus avec de la glace ou sans glace, m\u00e9lange de jus avec de la glace ou sans glace. &nbsp;<\/span><\/p>\n<p style=\"margin-bottom:0;text-align:justify\"><span style=\"font-family:Arial;font-size:21px\">4.&nbsp;<\/span><span style=\"font-family:Arial;font-size:21px\">La temp\u00e9rature de refroidissement pour les boissons non alcoolis\u00e9es peut \u00eatre comprise entre 0 et 5\u02daC.<\/span><\/p>\n<p style=\"margin-bottom:0;text-align:justify\"><span style=\"font-family:Arial;font-size:21px\">5.&nbsp;<\/span><span style=\"font-family:Arial;font-size:21px\">La machine produit automatiquement des gla\u00e7ons. Temp\u00e9rature de refroidissement -5~0\u02daC.<\/span><\/p>\n<p style=\"margin-bottom:0;text-align:justify\"><span style=\"font-family:Arial;font-size:21px\">6.&nbsp;<\/span><span style=\"font-family:Arial;font-size:21px\">Pour le remplissage de l'eau, vous pouvez raccorder la machine \u00e0 l'eau du robinet ou remplir l'eau \u00e0 l'aide d'un tonneau d'eau. Nous vous conseillons toutefois d'utiliser l'eau du robinet afin d'\u00e9viter les remplissages fr\u00e9quents. <\/span><\/p>\n<p style=\"margin-bottom:0;text-align:justify\"><span style=\"font-family:Arial;font-size:21px\">7.&nbsp;<\/span><span style=\"font-family:Arial;font-size:21px\">Stockage de 100 gobelets en papier de 500ml (=16oz).<\/span><\/p>\n<p style=\"margin-bottom:0;text-align:justify\"><span style=\"font-family:Arial;font-size:21px\">8.&nbsp;<\/span><span style=\"font-family:Arial;font-size:21px\">Toutes les langues principales sont disponibles. <\/span><\/p>\n<p style=\"margin-bottom:0;text-align:justify\"><span style=\"font-family:Arial;font-size:21px\">9.&nbsp;<\/span><span style=\"font-family:Arial;font-size:21px\">Le logiciel de surveillance et de gestion \u00e0 distance vous permet de g\u00e9rer les donn\u00e9es de vente, de v\u00e9rifier l'\u00e9tat en temps r\u00e9el de la machine, le volume des ventes, la situation du mat\u00e9riel, le message d'alarme de r\u00e9approvisionnement du mat\u00e9riel sur le t\u00e9l\u00e9phone portable. D\u00e9couvrez \u00e0 temps les d\u00e9faillances de la machine et envoyez directement un diagnostic de travail au centre de surveillance de l'usine pour r\u00e9soudre le probl\u00e8me plus rapidement.<\/span><\/p>\n<p style=\"margin-bottom:0;text-align:justify\"><span style=\"font-family:Arial;font-size:21px\">10.&nbsp;<\/span><span style=\"font-family:Arial;font-size:21px\">Taille de la machine : 933X839X1929mm <\/span><\/p>\n<p style=\"margin-bottom:0;text-align:justify\"><span style=\"font-family:\u5b8b\u4f53;font-size:29px\">&nbsp;<\/span><\/p>\n<p style=\"margin-bottom:0;text-align:justify\"><span style=\"font-family:\u5b8b\u4f53;font-size:29px\">Avantage du produit :<\/span><\/p>\n<p style=\"vertical-align: baseline\"><span style=\"font-family: Calibri;font-size: 20px\">1.&nbsp;<\/span><span style=\"font-family: Calibri;font-size: 20px\">Cong\u00e9lateur plus grand pour conserver 2 bo\u00eetes d'emballage pour les sauces sodas et 6 jus de fruits. La temp\u00e9rature est maintenue entre 3 et 8 degr\u00e9s. <\/span><span style=\"font-family: \u5b8b\u4f53;font-size: 20px\">&nbsp;&nbsp;<\/span><\/p>\n<p style=\"vertical-align: baseline\"><span style=\"font-family: \u5b8b\u4f53;font-size: 20px\"><img loading=\"lazy\" decoding=\"async\" src=\"https:\/\/www.hommy.com\/wp-content\/uploads\/16431820291701.png\" title=\"\" alt=\"produit-Hommy-HM-AJ02 distributeurs de boissons-img\" width=\"350\" height=\"504\" border=\"0\" vspace=\"0\" style=\"width: 350px;height: 504px\"><\/span><\/p>\n<p style=\"margin-bottom:0;text-align:justify\"><span style=\"font-family: Calibri;font-size: 20px\">2.&nbsp;<\/span><span style=\"font-family: Calibri;font-size: 20px\">Stockage de 100 gobelets en papier de 500ml=16OZ.<\/span><\/p>\n<p style=\"margin-bottom:0;text-align:justify\"><img loading=\"lazy\" decoding=\"async\" src=\"https:\/\/www.hommy.com\/wp-content\/uploads\/16431821757393.png\" title=\"\" alt=\"produit-Hommy-img\" width=\"350\" height=\"737\" border=\"0\" vspace=\"0\" style=\"width: 350px;height: 737px\"><\/p>\n<p><span style=\"font-family: \u5b8b\u4f53;font-size: 20px\">3.<\/span><span style=\"font-family:Calibri;font-size:21px\">Le syst\u00e8me de paiement accepte les pi\u00e8ces de monnaie, les billets, les pi\u00e8ces de monnaie Exchang, les cartes de cr\u00e9dit.<\/span><\/p>\n<p style=\"vertical-align: baseline\"><img loading=\"lazy\" decoding=\"async\" src=\"https:\/\/www.hommy.com\/wp-content\/uploads\/16431822358936.png\" title=\"\" alt=\"produit-Hommy-img-1\" width=\"350\" height=\"546\" border=\"0\" vspace=\"0\" style=\"width: 350px;height: 546px\"><\/p>\n<p><span style=\"font-family:Calibri;font-size:21px\">4.<\/span><span style=\"font-family:Calibri;font-size:21px\">Syst\u00e8me informatique de gestion \u00e0 distance : interrogation des d\u00e9tails des ventes, rappel des p\u00e9nuries, rappel des pannes de machine.<\/span><\/p>\n<p style=\"vertical-align: baseline\"><img decoding=\"async\" src=\"https:\/\/www.hommy.com\/wp-content\/uploads\/16431822849546.jpg\" alt=\"produit-Hommy-img-1\" title=\"\"><\/p>\n<p style=\"vertical-align: baseline\"><span style=\"font-family: \u5b8b\u4f53;font-size: 20px\">5<\/span><span style=\"font-family: Calibri;font-size: 20px\">. la machine est dot\u00e9e d'un syst\u00e8me d'effacement automatique, vous pouvez vous baser sur les exigences du client pour d\u00e9terminer la dur\u00e9e de l'effacement. <\/span><\/p>\n<p style=\"vertical-align: baseline\"><span style=\"font-family: \u5b8b\u4f53;font-size: 20px\">&nbsp;<\/span><span style=\"font-family: Calibri;font-size: 20px\">&nbsp;&nbsp;Automatique pour d\u00e9gager une fois la machine . <\/span><\/p>\n<p style=\"vertical-align: baseline\"><img loading=\"lazy\" decoding=\"async\" src=\"https:\/\/www.hommy.com\/wp-content\/uploads\/16431823398318.png\" title=\"\" alt=\"produit-Hommy-img-1\" width=\"350\" height=\"712\" border=\"0\" vspace=\"0\" style=\"width: 350px;height: 712px\"><\/p>\n<p><\/p>\n<\/p><\/div>","protected":false},"excerpt":{"rendered":"<p>Soda vending machine manufacturers &nbsp; &nbsp; &nbsp; &nbsp; &nbsp; &nbsp; &nbsp; &nbsp; &nbsp; &nbsp; &nbsp; &nbsp; &nbsp; &nbsp; &nbsp; &nbsp; &nbsp; &nbsp; &nbsp; &nbsp; &nbsp; &nbsp; &nbsp; &nbsp; &nbsp; &nbsp; &nbsp; https:\/\/youtu.be\/r5pGq47GZRk&nbsp; &nbsp;&nbsp; &nbsp; &nbsp; &nbsp; &nbsp; &nbsp; &nbsp; &nbsp; Product specification: Product Features: 1.&nbsp;21&#039;&#039; screen for advertisement and operation. 2.&nbsp;Payment system: coin, bill and [&hellip;]<\/p>\n","protected":false},"featured_media":1971,"comment_status":"open","ping_status":"open","template":"","meta":{"_swt_meta_header_display":false,"_swt_meta_footer_display":false,"_swt_meta_site_title_display":false,"_swt_meta_sticky_header":false,"_swt_meta_transparent_header":false},"product_brand":[],"product_cat":[72,68],"product_tag":[],"class_list":{"0":"post-311","1":"product","2":"type-product","3":"status-publish","4":"has-post-thumbnail","6":"product_cat-soda-drink-vending-machine","7":"product_cat-vending-machine","9":"first","10":"instock","11":"shipping-taxable","12":"product-type-simple"},"_links":{"self":[{"href":"https:\/\/www.hommy.com\/fr\/wp-json\/wp\/v2\/product\/311","targetHints":{"allow":["GET"]}}],"collection":[{"href":"https:\/\/www.hommy.com\/fr\/wp-json\/wp\/v2\/product"}],"about":[{"href":"https:\/\/www.hommy.com\/fr\/wp-json\/wp\/v2\/types\/product"}],"replies":[{"embeddable":true,"href":"https:\/\/www.hommy.com\/fr\/wp-json\/wp\/v2\/comments?post=311"}],"wp:featuredmedia":[{"embeddable":true,"href":"https:\/\/www.hommy.com\/fr\/wp-json\/wp\/v2\/media\/1971"}],"wp:attachment":[{"href":"https:\/\/www.hommy.com\/fr\/wp-json\/wp\/v2\/media?parent=311"}],"wp:term":[{"taxonomy":"product_brand","embeddable":true,"href":"https:\/\/www.hommy.com\/fr\/wp-json\/wp\/v2\/product_brand?post=311"},{"taxonomy":"product_cat","embeddable":true,"href":"https:\/\/www.hommy.com\/fr\/wp-json\/wp\/v2\/product_cat?post=311"},{"taxonomy":"product_tag","embeddable":true,"href":"https:\/\/www.hommy.com\/fr\/wp-json\/wp\/v2\/product_tag?post=311"}],"curies":[{"name":"wp","href":"https:\/\/api.w.org\/{rel}","templated":true}]}}