{"id":291,"date":"2024-07-02T12:32:25","date_gmt":"2024-07-02T12:32:25","guid":{"rendered":"http:\/\/localhost\/hommywp\/hm160a-automated-milkshake-vending-machine-for-sale-price\/"},"modified":"2025-08-01T09:57:30","modified_gmt":"2025-08-01T09:57:30","slug":"distributeur-automatique-de-lait-frappe","status":"publish","type":"product","link":"https:\/\/www.hommy.com\/fr\/p\/distributeur-automatique-de-lait-frappe\/","title":{"rendered":"HM160A Distributeur automatique de milk-shake Prix de vente"},"content":{"rendered":"<p style=\"text-align: center\"><\/p>\n<h2 style=\"text-align: center\">&nbsp;<strong><span style=\"line-height: 1.42857;font-family: arial, helvetica, sans-serif;font-size: 24px\"><a name=\"http:\/\/wij2rdgc.allweyes.com\/table-top-vending-ice-cream-machine\"><\/a>Distributeur automatique de milkshakes<\/span><\/strong><\/h2>\n<p style=\"text-align: center\"><span style=\"font-size: 16px\"><span style=\"line-height: 1.42857;font-family: arial, helvetica, sans-serif\"><a href=\"#PRODUCT FEATURES\" target=\"_self\" data-lv=\"0\" rel=\"noopener\">CARACT\u00c9RISTIQUES DU PRODUIT<\/a>|<a href=\"#Vending milkshake machine\" target=\"_self\" data-lv=\"0\" rel=\"noopener\">Distributeur automatique de milkshakes<\/a>|<a href=\"#PRODUCT SPECIFICATION\" target=\"_self\" data-lv=\"0\" rel=\"noopener\">SP\u00c9CIFICATION DU PRODUIT<\/a>|<a href=\"#PRODUCT ADVANTAG\" target=\"_self\" data-lv=\"0\" rel=\"noopener\">AVANTAGE DU PRODUIT<\/a><\/span><\/span><\/p>\n<p><\/p>\n<p><!-- Video start --><video poster=\"https:\/\/img80002414.weyesimg.com\/uploads\/www.hommy.com\/video\/15866853031191.mp4?vframe\/jpg\/offset\/1\" id=\"video\" preload=\"auto\" controls=\"controls\" style=\"width:100%;height:510px\"><\/video><!-- Video end --><\/p>\n<p>Les distributeurs automatiques de milkshakes sont l'un des distributeurs les plus courants et les plus fiables dans les supermarch\u00e9s, les grandes cha\u00eenes de magasins et m\u00eame les cha\u00eenes de restauration rapide. Le distributeur automatique de milkshakes est un distributeur qui produit des milkshakes frais et rassasiants, parfaits pour l'\u00e9t\u00e9. Lorsque vous achetez un milkshake dans le distributeur, vous pouvez choisir vos parfums pr\u00e9f\u00e9r\u00e9s (vanille, chocolat, fraise, etc.), puis payer, attendre un peu et obtenir le milkshake dont vous avez besoin.<\/p>\n<p><\/p>\n<p>Si vous avez toujours voulu poss\u00e9der votre propre entreprise, mais que vous ne voulez pas vous encombrer d'un magasin de briques et de mortier, alors une entreprise de distributeurs automatiques de laits frapp\u00e9s pourrait \u00eatre parfaite pour vous ! Avec des frais g\u00e9n\u00e9raux minimes et aucun stock \u00e0 g\u00e9rer, ce type d'entreprise est parfait pour les entrepreneurs occup\u00e9s. De plus, qui n'aime pas les laits frapp\u00e9s !<\/p>\n<p>Avec nos distributeurs automatiques, vous pouvez offrir \u00e0 vos clients un d\u00e9licieux milkshake qu'ils peuvent d\u00e9guster \u00e0 tout moment. De plus, nos machines sont faciles \u00e0 utiliser et ne n\u00e9cessitent qu'un minimum d'entretien, ce qui vous permet de vous concentrer sur la gestion de votre entreprise.<\/p>\n<h2><strong><span style=\"font-size: 24px;font-family: arial, helvetica, sans-serif\"><a name=\"PRODUCT FEATURES\"><\/a>CARACT\u00c9RISTIQUES DU PRODUIT<\/span><\/strong><\/h2>\n<div class=\"text-left d-tem09-title d-interval\" data-detail=\"wrap\">\n<div class=\"title-header\">\n<p style=\"margin: 0px;text-align: justify;text-indent: 0px\"><span style=\"letter-spacing: 0px;font-family: Calibri;font-size: 16px\">Le distributeur automatique de milkshake Hommy a des fonctions plus humanis\u00e9es : \u00e0 l'int\u00e9rieur, il y a 3 saveurs au choix, conservation de la fra\u00eecheur, m\u00e9langeur dans la tr\u00e9mie, d\u00e9cong\u00e9lation, pasteurisation, t\u00e9l\u00e9commande, rapport de vente, rappel, <\/span><span style=\"letter-spacing: 0px;font-family: \u5b8b\u4f53;font-size: 16px\">diff\u00e9rentes langues au choix. nous acceptons \u00e9galement les OEM et ODM.&nbsp;<\/span><\/p>\n<\/div>\n<\/div>\n<p>&nbsp;<\/p>\n<div class=\"d-tem11-graphic tem11-graphic mockup\" data-detail=\"wrap\">\n<div class=\"tab_row\">\n<div class=\"img\" style=\"width: 50%\"><img loading=\"lazy\" decoding=\"async\" width=\"563\" height=\"747\" title=\"\" style=\"width: 563px;height: 747px\" alt=\"produit-Hommy-img\" src=\"https:\/\/www.hommy.com\/wp-content\/uploads\/15866853985802.png\" border=\"0\" vspace=\"0\"><\/div>\n<div class=\"text_box\" style=\"width: 50%\">\n<div class=\"txt\">\n<div class=\"title\">\n<h2>&nbsp;<strong><span style=\"font-size: 24px;font-family: arial, helvetica, sans-serif\"><a name=\"Vending milkshake machine\"><\/a>Distributeur automatique de milkshakes<\/span><\/strong><\/h2>\n<\/div>\n<p>&nbsp;<\/p>\n<p style=\"line-height: 1.75em\">Contr\u00f4leur de type tablette \u00e0 \u00e9cran tactile de 10,1 pouces avec syst\u00e8me Android&nbsp;<\/p>\n<p style=\"line-height: 1.75em\">\u00c9tats de la machine (temp\u00e9rature de la tr\u00e9mie et du cylindre, r\u00e9glage rationn\u00e9, processus de production, erreur, alerte sur le niveau de mat\u00e9riau, prix) <\/p>\n<p style=\"line-height: 1.75em\">V\u00e9rification des donn\u00e9es (volume des ventes) <\/p>\n<p style=\"line-height: 1.75em\">Contr\u00f4le de la distribution <\/p>\n<p style=\"line-height: 1.75em\">R\u00e9glages de la machine <\/p>\n<p style=\"line-height: 1.75em\">Fonctionnement intelligent <\/p>\n<p style=\"line-height: 1.75em\">Fonction d'envoi d'une alerte au t\u00e9l\u00e9phone portable <\/p>\n<p style=\"line-height: 1.75em\">L'int\u00e9rieur de la machine a plus de fonctions, ce qui peut vous aider \u00e0 \u00e9conomiser plus de co\u00fbts artificiels :<\/p>\n<p style=\"line-height: 1.75em\">Le syst\u00e8me de pr\u00e9-refroidissement maintient le m\u00e9lange en dessous de 5\u2103 en mode automatique et en mode veille. <\/p>\n<p style=\"line-height: 1.75em\">La pompe \u00e0 air envoie le m\u00e9lange avec une certaine quantit\u00e9 d'air dans les cylindres de cong\u00e9lation. <\/p>\n<p style=\"line-height: 1.75em\">Le m\u00e9langeur maintient l'uniformit\u00e9 du m\u00e9lange dans les tr\u00e9mies. <\/p>\n<p style=\"line-height: 1.75em\">Le traitement thermique permet un nettoyage quotidien afin de maintenir le produit conforme aux normes de qualit\u00e9 et de s\u00e9curit\u00e9 jusqu'\u00e0 deux semaines avant le nettoyage complet et le d\u00e9montage. <\/p>\n<p style=\"line-height: 1.75em\"><span style=\"font-size: 18px\"><strong><br \/><\/strong><\/span><\/p>\n<p style=\"line-height: 1.75em\"><span style=\"font-size: 18px\"><strong>D\u00e9givrage <\/strong><\/span><\/p>\n<p style=\"line-height: 1.75em\">La d\u00e9cong\u00e9lation de production fait fondre rapidement le produit dans les deux cylindres, puis repasse en mode production pour reproduire. <\/p>\n<p style=\"line-height: 1.75em\">Le lavage d\u00e9cong\u00e9lation fait fondre rapidement le produit dans les cylindres, ce qui r\u00e9duit consid\u00e9rablement les restes avant le nettoyage. <\/p>\n<p style=\"line-height: 1.75em\"><strong><span style=\"font-size: 18px\"><br \/><\/span><\/strong><\/p>\n<p style=\"line-height: 1.75em\"><strong><span style=\"font-size: 18px\">D\u00e9sinfection <\/span><\/strong><\/p>\n<p style=\"line-height: 1.75em\">Fonction sp\u00e9ciale qui rend le processus d'assainissement semi-automatique et facile. <\/p>\n<p style=\"line-height: 1.75em\">Il n'est pas n\u00e9cessaire de d\u00e9monter la machine pour nettoyer le bloc de la gorge, la pompe \u00e0 air, le batteur et le cylindre.<br \/>\nLe compteur permet \u00e0 l'op\u00e9rateur de visualiser le nombre de portions distribu\u00e9es. <\/p>\n<p style=\"line-height: 1.75em\">&nbsp;<\/p>\n<\/div>\n<\/div>\n<\/div>\n<\/div>\n<p>&nbsp;<\/p>\n<div class=\"text-left d-tem09-title d-interval\" data-detail=\"wrap\">\n<div class=\"title-header\">\n<h2><strong><span style=\"font-size: 24px;font-family: arial, helvetica, sans-serif\"><a name=\"PRODUCT SPECIFICATION\"><\/a>SP\u00c9CIFICATION DU PRODUIT<\/span><\/strong><\/h2>\n<p><span>L'excellence de l'exp\u00e9rience client est le point de d\u00e9part de Hommy.<\/span><\/p>\n<p><span><\/span><\/p>\n<p><span><br \/><img decoding=\"async\" src=\"https:\/\/www.hommy.com\/wp-content\/uploads\/15866860778248.png\" title=\"uploads\/www.hommy.com\/images\/https:\/\/www.hommy.com\/wp-content\/uploads\/15866860778248.png\" alt=\"image.png\" \/><\/span><\/p>\n<p><span><br \/><\/span><\/p>\n<h2><strong><span style=\"font-size: 24px;font-family: arial, helvetica, sans-serif\"><a name=\"PRODUCT ADVANTAG\"><\/a>AVANTAGE DU PRODUIT<\/span><\/strong><br \/><\/h2>\n<\/div>\n<\/div>\n<div class=\"text-left d-tem09-title d-interval\" data-detail=\"wrap\">\n<div class=\"title-header\">\n<p>Hommy a produit <a style=\"color:blue\" href=\"\/fr\/\">machine \u00e0 glace<\/a> Depuis 20 ans, les distributeurs automatiques de glaces sont dot\u00e9s d'une fonction suppl\u00e9mentaire pour les glaces douces, car il n'y a pas de personnel pour assurer le service en permanence. Nous nous basons sur ce capteur suppl\u00e9mentaire et utilisons un logiciel pour le contr\u00f4ler.<\/p>\n<\/div>\n<\/div>\n<div class=\"d-tem01-graphic tem01-graphic mockup\" data-detail=\"wrap\">\n<div class=\"cont-section clearfix d-clearfix\">\n<div class=\"col-md-6 col-sm-6 col-xs-6\">\n<div class=\"right-p\">\n<div class=\"h2 heading\">Pasteurisation&nbsp;<\/div>\n<div class=\"description\"><span style=\"letter-spacing: 0px;font-family: \u5b8b\u4f53;font-size: 16px\">Si vous vendez des glaces la nuit, le syst\u00e8me se d\u00e9clenche automatiquement Pasteurisation : peut tuer <\/span><span style=\"font-family: Calibri;font-size: 16px\">les bact\u00e9ries <\/span><span style=\"font-family: \u5b8b\u4f53;font-size: 16px\">que <\/span><span style=\"font-family: Calibri;font-size: 16px\">produire<\/span><span style=\"font-family: \u5b8b\u4f53;font-size: 16px\">&nbsp;<\/span><span style=\"font-family: Calibri;font-size: 16px\">\u00e0 l'int\u00e9rieur de la machine<\/span><span style=\"font-family: \u5b8b\u4f53;font-size: 16px\">&nbsp;de -5<\/span><span style=\"font-family: \u5b8b\u4f53;font-size: 16px\">\u2103<\/span><span style=\"font-family: \u5b8b\u4f53;font-size: 16px\">&nbsp;<\/span><span style=\"font-family: Arial;font-size: 16px\">\u2192<\/span><span style=\"font-family: \u5b8b\u4f53;font-size: 16px\">&nbsp;<\/span><span style=\"font-family: \u5b8b\u4f53;font-size: 16px\">65<\/span><span style=\"font-family: \u5b8b\u4f53;font-size: 16px\">\u2103<\/span><span style=\"font-family: Arial;font-size: 16px\">\u2192<\/span><span style=\"font-family: \u5b8b\u4f53;font-size: 16px\">&nbsp;-5<\/span><span style=\"font-family: \u5b8b\u4f53;font-size: 16px\">\u2103<\/span><span style=\"font-family: Calibri;font-size: 16px\">processus<\/span><span style=\"font-family: \u5b8b\u4f53;font-size: 16px\">&nbsp;(d\u00e9sinfecter le cylindre de chargement et la mati\u00e8re premi\u00e8re \u00e0 l'int\u00e9rieur, puis r\u00e9frig\u00e9rer jusqu'\u00e0 l'\u00e9tat de r\u00e9servation). Vous pouvez donc conserver la machine pendant 14 jours en une seule fois.&nbsp;<\/span>&nbsp;&nbsp;&nbsp;&nbsp;&nbsp;&nbsp;&nbsp;&nbsp;&nbsp;&nbsp;&nbsp;&nbsp;<\/p>\n<p style=\"text-align: center\"><img decoding=\"async\" title=\"\" alt=\"produit-milkshake machine -Hommy-img\" src=\"https:\/\/www.hommy.com\/wp-content\/uploads\/15787019009152-5.png\"><\/p>\n<\/div>\n<\/div>\n<\/div>\n<div class=\"col-md-6 col-sm-6 col-xs-6\">\n<div class=\"right-p\">\n<div class=\"h2 heading\">Laisser le capteur<\/div>\n<div class=\"description\"><span style=\"font-family: \u5b8b\u4f53;font-size: 16px\">Laisser le capteur avoir <\/span><span style=\"font-family: Calibri;font-size: 16px\">Deuxi\u00e8me \u00e9tape, la premi\u00e8re \u00e9tape de l'alarme de niveau de mat\u00e9riau manquant, la deuxi\u00e8me \u00e9tape de l'arr\u00eat automatique.<\/span><span style=\"font-family: \u5b8b\u4f53;font-size: 16px\">&nbsp;Lorsque vous recevez le premier message, vous avez un peu de temps pour ajouter du mat\u00e9riel, il n'est pas n\u00e9cessaire d'arr\u00eater la machine pour la faire fonctionner. <\/span><\/div>\n<\/div>\n<div class=\"graphic_pic animated wow bounceIn\" data-wow-delay=\".7s\">\n<p style=\"text-align: center\"><img loading=\"lazy\" decoding=\"async\" width=\"473\" height=\"306\" title=\"\" style=\"width: 203px\" alt=\"produit-Hommy-milkshake machine -img\" src=\"https:\/\/www.hommy.com\/wp-content\/uploads\/15788874673345-5.jpg\"><\/p>\n<\/div>\n<\/div>\n<\/div>\n<\/div>\n<p><\/p>\n<p>&nbsp;<\/p>\n<div class=\"d-tem01-graphic tem01-graphic mockup\" data-detail=\"wrap\">\n<div class=\"cont-section clearfix d-clearfix\">\n<div class=\"col-md-6 col-sm-6 col-xs-6\">\n<div class=\"right-p\">\n<div class=\"h2 heading\">Fonction de promotion<\/div>\n<div class=\"description\">\n<p style=\"font-family: Calibri;font-size: 16px;font-style: normal;font-weight: normal;margin-top: 0px;margin-bottom: 0px\"><span style=\"font-family: \u5b8b\u4f53;font-size: 16px\">La machine \u00e0 l'int\u00e9rieur a une fonction de promotion, vous pouvez configurer la promotion \u00e0 n'importe quel moment du jour \u00e0 l'heure. Vous pouvez configurer la deuxi\u00e8me cr\u00e8me glac\u00e9e \u00e0 moiti\u00e9 prix, ce qui permet au client de b\u00e9n\u00e9ficier d'une r\u00e9duction plus importante. <\/span><\/p>\n<p style=\"margin: 1em 0px 13px\"><span style=\"font-family: \u5b8b\u4f53;font-size: 16px\"><span>&nbsp;&nbsp;&nbsp;Cela peut vous aider \u00e0 ajouter des quantit\u00e9s \u00e0 vendre.<\/span><\/span><\/p>\n<\/div>\n<\/div>\n<div class=\"graphic_pic animated wow bounceIn\" data-wow-delay=\".7s\">\n<p style=\"text-align: center\"><img decoding=\"async\" title=\"\" alt=\"produit-HM160A Distributeur automatique de milkshakes-Hommy-img\" src=\"https:\/\/www.hommy.com\/wp-content\/uploads\/15788858121941-5.png\"><\/p>\n<\/div>\n<\/div>\n<div class=\"col-md-6 col-sm-6 col-xs-6\">\n<div class=\"right-p\">\n<div class=\"h2 heading\">Une langue diff\u00e9rente<\/div>\n<div class=\"description\">\n<p style=\"font-family: Calibri;font-size: 16px;font-style: normal;font-weight: normal;margin-top: 0px;margin-bottom: 0px\"><span style=\"font-family: \u5b8b\u4f53;font-size: 16px\">L'int\u00e9rieur de la machine est disponible en plusieurs langues : chinois, anglais, polonais, arabe saoudien, malaisien, tha\u00eflandais, espagnol.<\/span><\/p>\n<p>.<\/p><\/div>\n<\/div>\n<div class=\"graphic_pic animated wow bounceIn\" data-wow-delay=\".7s\">\n<p style=\"text-align: center\"><img loading=\"lazy\" decoding=\"async\" width=\"404\" height=\"209\" title=\"\" style=\"width: 271px\" alt=\"produit-Hommy-HM160A Distributeur automatique de milkshakes-img\" src=\"https:\/\/www.hommy.com\/wp-content\/uploads\/15788858317746-5.png\"><\/p>\n<\/div>\n<\/div>\n<\/div>\n<\/div>\n<p style=\"text-align: center\"><\/p>\n<p>Document\uff1a<img decoding=\"async\" src=\"https:\/\/www.hommy.com\/wp-content\/uploads\/icon_pdf-9.gif\" style=\"margin-right: 2px\" alt=\"produit-Hommy-img-1\" title=\"\"><a href=\"https:\/\/img80002414.weyesimg.com\/uploads\/www.hommy.com\/addon\/16028350847689.pdf\" title=\"16028350847689.pdf\" style=\"font-size: 12px\">16028350847689.pdf<\/a><\/p>\n<h2 style=\"font-family: sans-serif\">Comment fonctionne un distributeur automatique de milkshakes ?<\/h2>\n<p style=\"margin-top: 5px;margin-bottom: 5px;font-family: sans-serif;font-size: 16px\">Le processus d'achat est tr\u00e8s simple, il suffit de s\u00e9lectionner le parfum et la quantit\u00e9 de milkshake souhait\u00e9s dans le menu affich\u00e9, puis de payer avec une facture ou une carte de cr\u00e9dit, d'attendre que le milkshake soit distribu\u00e9, puis de le prendre et de le d\u00e9guster.<\/p>\n<p style=\"margin-top: 5px;margin-bottom: 5px;font-family: sans-serif;font-size: 16px\"><\/p>\n<h2 style=\"font-family: sans-serif\">Les distributeurs automatiques de milkshakes sont-ils une activit\u00e9 rentable ?<\/h2>\n<p style=\"margin-top: 5px;margin-bottom: 5px;font-family: sans-serif;font-size: 16px\">C'est un fait que le commerce des milkshakes gagne en popularit\u00e9 dans de nombreuses r\u00e9gions du monde. De nombreux caf\u00e9s, restaurants, fast-foods et m\u00eame \u00e9piceries ajoutent d\u00e9sormais des distributeurs automatiques de milkshakes \u00e0 leurs services. Si vous envisagez de vous lancer dans le commerce des distributeurs automatiques de milkshakes, sachez qu'il s'agit d'une activit\u00e9 tr\u00e8s rentable.<\/p>\n<\/p><\/div>","protected":false},"excerpt":{"rendered":"<p>&nbsp;Vending milkshake machine PRODUCT FEATURES|Vending milkshake machine|PRODUCT SPECIFICATION|PRODUCT ADVANTAG Milkshake vending machines are one of the most common and reliable vending machines in supermarkets, large chain stores and even fast food chains. The Milkshake Vending Machine is a vending machine that makes cool and satisfying milkshakes, perfect for summer. When you buy a milkshake from [&hellip;]<\/p>\n","protected":false},"featured_media":284,"comment_status":"open","ping_status":"open","template":"","meta":{"_swt_meta_header_display":false,"_swt_meta_footer_display":false,"_swt_meta_site_title_display":false,"_swt_meta_sticky_header":false,"_swt_meta_transparent_header":false},"product_brand":[],"product_cat":[71,68],"product_tag":[],"class_list":{"0":"post-291","1":"product","2":"type-product","3":"status-publish","4":"has-post-thumbnail","6":"product_cat-ice-cream-vending-machine","7":"product_cat-vending-machine","9":"first","10":"instock","11":"shipping-taxable","12":"product-type-simple"},"_links":{"self":[{"href":"https:\/\/www.hommy.com\/fr\/wp-json\/wp\/v2\/product\/291","targetHints":{"allow":["GET"]}}],"collection":[{"href":"https:\/\/www.hommy.com\/fr\/wp-json\/wp\/v2\/product"}],"about":[{"href":"https:\/\/www.hommy.com\/fr\/wp-json\/wp\/v2\/types\/product"}],"replies":[{"embeddable":true,"href":"https:\/\/www.hommy.com\/fr\/wp-json\/wp\/v2\/comments?post=291"}],"wp:featuredmedia":[{"embeddable":true,"href":"https:\/\/www.hommy.com\/fr\/wp-json\/wp\/v2\/media\/284"}],"wp:attachment":[{"href":"https:\/\/www.hommy.com\/fr\/wp-json\/wp\/v2\/media?parent=291"}],"wp:term":[{"taxonomy":"product_brand","embeddable":true,"href":"https:\/\/www.hommy.com\/fr\/wp-json\/wp\/v2\/product_brand?post=291"},{"taxonomy":"product_cat","embeddable":true,"href":"https:\/\/www.hommy.com\/fr\/wp-json\/wp\/v2\/product_cat?post=291"},{"taxonomy":"product_tag","embeddable":true,"href":"https:\/\/www.hommy.com\/fr\/wp-json\/wp\/v2\/product_tag?post=291"}],"curies":[{"name":"wp","href":"https:\/\/api.w.org\/{rel}","templated":true}]}}