{"id":283,"date":"2024-07-02T12:32:18","date_gmt":"2024-07-02T12:32:18","guid":{"rendered":"http:\/\/localhost\/hommywp\/hm116c-table-top-frozen-yogurt-ice-cream-vending-machine-for-shop\/"},"modified":"2025-08-01T09:57:30","modified_gmt":"2025-08-01T09:57:30","slug":"hm116c-table-top-vending-ice-cream-machine","status":"publish","type":"product","link":"https:\/\/www.hommy.com\/fr\/p\/hm116c-table-top-vending-ice-cream-machine\/","title":{"rendered":"Hm116c Table Top Frozen Yogurt Ice Cream Vending Machine For Shop"},"content":{"rendered":"<p>&nbsp;<\/p>\n<h2 style=\"text-align: center\"><strong><span style=\"font-family: arial, helvetica, sans-serif;font-size: 24px\"><a name=\"Tablet top Semi-Automatic Vending ice cream machine\"><\/a>Distributeur automatique de glaces semi-automatique \u00e0 tablettes<\/span><\/strong><\/h2>\n<p style=\"text-align: center\"><a href=\"#Tablet top Semi-Automatic Vending ice cream machine\" target=\"_self\" data-lv=\"0\" rel=\"noopener\"><span style=\"font-size: 16px;font-family: arial, helvetica, sans-serif\">Distributeur automatique de glaces semi-automatique \u00e0 tablettes<\/span><\/a><span style=\"font-size: 16px;font-family: arial, helvetica, sans-serif\">|<a href=\"#PRODUCT FEATURES\" target=\"_self\" data-lv=\"0\" rel=\"noopener\">CARACT\u00c9RISTIQUES DU PRODUIT<\/a>|<a href=\"#One flavour Semi-Automatic Vending ice cream machine\" target=\"_self\" data-lv=\"0\" rel=\"noopener\">Distributeur automatique de glaces semi-automatique \u00e0 un parfum<\/a>|<a href=\"#PRODUCT SPECIFICATION\" target=\"_self\" data-lv=\"0\" rel=\"noopener\">SP\u00c9CIFICATION DU PRODUIT<\/a><\/span><\/p>\n<p><span style=\"font-size: 20px\"><br \/><\/span><\/p>\n<p><!-- Video start --><video poster=\"https:\/\/img80002414.weyesimg.com\/uploads\/www.hommy.com\/video\/15866891701789.mp4?vframe\/jpg\/offset\/1\" id=\"video\" preload=\"auto\" controls=\"controls\" style=\"width:100%;height:510px\"><\/video><!-- Video end --><\/p>\n<p><!-- Video start --><video poster=\"https:\/\/img80002414.weyesimg.com\/uploads\/www.hommy.com\/video\/15866892228873.mp4?vframe\/jpg\/offset\/1\" id=\"video\" preload=\"auto\" controls=\"controls\" style=\"width:100%;height:510px\"><\/video><!-- Video end --><\/p>\n<div class=\"text-left d-tem09-title d-interval\" data-detail=\"wrap\">\n<div class=\"title-header\">\n<p>Notre usine de fabrication est situ\u00e9e dans une base de production avanc\u00e9e. Elle est \u00e9quip\u00e9e de technologies modernes et des meilleures machines pour livrer notre gamme de machines aux clients. En outre, nous nous occupons \u00e9galement de l'emballage personnalis\u00e9 de notre gamme. Les machines propos\u00e9es peuvent \u00eatre achet\u00e9es chez nous \u00e0 un prix abordable.<\/p>\n<h2><strong><span style=\"font-size: 24px;font-family: arial, helvetica, sans-serif\"><a name=\"PRODUCT FEATURES\"><\/a>CARACT\u00c9RISTIQUES DU PRODUIT<\/span><\/strong><\/h2>\n<div class=\"subtitle\"><span>L'usine de Hommy couvre une superficie de 30 500 m\u00e8tres carr\u00e9s dans la ville de Xinhui Jiangmen. Elle comprend des lignes de production flexibles, un laboratoire de R&amp;D, un centre d'apprentissage et un atelier \u00e9quip\u00e9 de mat\u00e9riel de pointe.<\/span><\/div>\n<\/div>\n<\/div>\n<p>&nbsp;<\/p>\n<div class=\"d-tem11-graphic tem11-graphic mockup\" data-detail=\"wrap\">\n<div class=\"tab_row\">\n<div class=\"img\" style=\"width: 50%\"><img loading=\"lazy\" decoding=\"async\" title=\"\" alt=\"produit-Hommy-img\" src=\"https:\/\/www.hommy.com\/wp-content\/uploads\/15866897447758.png\" width=\"747\" height=\"1205\" border=\"0\" vspace=\"0\" style=\"width: 747px;height: 1205px\"><\/div>\n<div class=\"text_box\" style=\"width: 50%\">\n<div class=\"txt\">\n<div class=\"title\">\n<h2><strong><span style=\"font-family: arial, helvetica, sans-serif;font-size: 24px\"><a name=\"One flavour Semi-Automatic Vending ice cream machine\"><\/a>Distributeur automatique de glaces semi-automatique \u00e0 un parfum<\/span><\/strong><\/h2>\n<p><\/p>\n<p>vous pouvez choisir un distributeur de gobelets ou de c\u00f4nes pour la machine&nbsp;<span style=\"font-size: 14px\">&nbsp;<\/span><\/p>\n<\/div>\n<p style=\"line-height: 2em\">Contr\u00f4leur de type tablette \u00e0 \u00e9cran tactile de 10,1 pouces avec syst\u00e8me Android<br \/>\u00c9tats de la machine (temp\u00e9rature de la tr\u00e9mie et du cylindre, r\u00e9glage rationn\u00e9, processus de production, erreur, alerte sur le niveau de mat\u00e9riau, prix)<br \/>V\u00e9rification des donn\u00e9es (volume des ventes)<br \/>Contr\u00f4le de la distribution<br \/>R\u00e9glages de la machine<br \/>Fonctionnement intelligent<br \/>Fonction d'envoi d'une alerte au t\u00e9l\u00e9phone portable<br \/>L'int\u00e9rieur de la machine a plus de fonctions, ce qui peut vous aider \u00e0 \u00e9conomiser plus de co\u00fbts artificiels : <br \/>Le syst\u00e8me de pr\u00e9-refroidissement maintient le m\u00e9lange en dessous de 5\u2103 en mode automatique et en mode veille.<br \/>La pompe \u00e0 air envoie le m\u00e9lange avec une certaine quantit\u00e9 d'air dans les cylindres de cong\u00e9lation.<br \/>Le m\u00e9langeur maintient l'uniformit\u00e9 du m\u00e9lange dans les tr\u00e9mies.<br \/>Le traitement thermique permet un nettoyage quotidien afin de maintenir le produit conforme aux normes de qualit\u00e9 et de s\u00e9curit\u00e9 jusqu'\u00e0 deux semaines avant le nettoyage complet et le d\u00e9montage.<br \/><span style=\"font-size: 18px\"><strong><br \/><\/strong><\/span><\/p>\n<p style=\"line-height: 2em\"><span style=\"font-size: 18px\"><strong>D\u00e9givrage <\/strong><\/span><br \/>La d\u00e9cong\u00e9lation de production fait fondre rapidement le produit dans les deux cylindres, puis repasse en mode production pour reproduire. <br \/>Le lavage d\u00e9cong\u00e9lation fait fondre rapidement le produit dans les cylindres, ce qui r\u00e9duit consid\u00e9rablement les restes avant le nettoyage. <br \/><strong><span style=\"font-size: 18px\"><br \/><\/span><\/strong><\/p>\n<p style=\"line-height: 2em\"><strong><span style=\"font-size: 18px\">D\u00e9sinfection<\/span><\/strong><br \/>Fonction sp\u00e9ciale qui rend le processus d'assainissement semi-automatique et facile.<br \/>Il n'est pas n\u00e9cessaire de d\u00e9monter la machine pour nettoyer le bloc de la gorge, la pompe \u00e0 air, le batteur et le cylindre. <\/p>\n<p>&nbsp;<\/p>\n<\/div>\n<\/div>\n<\/div>\n<\/div>\n<p>&nbsp;<\/p>\n<div class=\"text-left d-tem09-title d-interval\" data-detail=\"wrap\">\n<div class=\"title-header\">\n<p><span style=\"font-size: 24px\"><br \/><\/span><\/p>\n<p><span style=\"font-size: 24px\"><\/span><\/p>\n<h2><strong><span style=\"font-size: 24px;font-family: arial, helvetica, sans-serif\"><a name=\"PRODUCT SPECIFICATION\"><\/a>SP\u00c9CIFICATION DU PRODUIT<\/span><\/strong><\/h2>\n<p><span>L'excellence de l'exp\u00e9rience client est le point de d\u00e9part de Hommy.<\/span><\/p>\n<p><span><br \/><img decoding=\"async\" src=\"https:\/\/www.hommy.com\/wp-content\/uploads\/15866898582668.png\" title=\"uploads\/www.hommy.com\/images\/https:\/\/www.hommy.com\/wp-content\/uploads\/15866898582668.png\" alt=\"image.png\" \/><\/span><\/p>\n<p><span style=\"font-size: 24px\"><br \/><\/span><\/p>\n<h2><strong><span style=\"font-size: 24px;font-family: arial, helvetica, sans-serif\"><a name=\"PRODUCT ADVANTAGE\"><\/a>AVANTAGE DU PRODUIT<\/span><\/strong><\/h2>\n<\/div>\n<\/div>\n<div class=\"text-left d-tem09-title d-interval\" data-detail=\"wrap\">\n<div class=\"title-header\">\n<p>Hommy a produit <a style=\"color:blue\" href=\"\/fr\/\">machine \u00e0 glace<\/a> Depuis 20 ans, les distributeurs automatiques de glaces sont dot\u00e9s d'une fonction suppl\u00e9mentaire pour les glaces douces, car il n'y a pas de personnel pour assurer le service en permanence. Nous nous basons sur ce capteur suppl\u00e9mentaire et utilisons un logiciel pour le contr\u00f4ler.<\/p>\n<\/div>\n<\/div>\n<div class=\"d-tem01-graphic tem01-graphic mockup\" data-detail=\"wrap\">\n<div class=\"cont-section clearfix d-clearfix\">\n<div class=\"col-md-6 col-sm-6 col-xs-6\" style=\"width: 501px\">\n<div class=\"right-p\">\n<div class=\"h2 heading\">D\u00e9givrage&nbsp;<\/div>\n<p><\/p>\n<p><span style=\"letter-spacing: 0px;font-family: \u5b8b\u4f53;font-size: 16px\">Lorsque la machine fonctionne pendant une heure, il n'y a pas de vente de glace, le cylindre est parfois bloqu\u00e9, nous avons mis en place un syst\u00e8me de d\u00e9givrage automatique, de sorte que la machine peut encore fonctionner et d\u00e9givrer la glace \u00e0 l'int\u00e9rieur et produire une glace de bonne qualit\u00e9 ou un yaourt glac\u00e9.&nbsp;<\/span><\/p>\n<\/div>\n<div class=\"graphic_pic animated wow bounceIn\" data-wow-delay=\".7s\">\n<p style=\"text-align: center\"><img loading=\"lazy\" decoding=\"async\" width=\"393\" height=\"211\" title=\"\" alt=\"product-HM116C table top vending ice cream machine-Hommy-img\" src=\"https:\/\/www.hommy.com\/wp-content\/uploads\/15788853994504-4.png\" style=\"width: 415px\"><\/p>\n<p><\/p>\n<p>&nbsp; &nbsp; &nbsp; &nbsp; &nbsp; &nbsp;<\/p><\/div>\n<\/div>\n<div class=\"col-md-6 col-sm-6 col-xs-6\" style=\"width: 501px\">\n<div class=\"right-p\">\n<div class=\"h2 heading\">Distributeur de c\u00f4nes de gaufre et de coupes de cr\u00e8me glac\u00e9e&nbsp;&nbsp;<\/div>\n<p><\/p>\n<p>Le HM116T est associ\u00e9 \u00e0 un distributeur de c\u00f4nes ou de gobelets pour former le HM116C, qui peut \u00eatre plac\u00e9 dans un magasin sans surveillance 24 heures sur 24 ou \u00e0 l'ext\u00e9rieur du magasin.<\/p>\n<p><\/p>\n<\/div>\n<div class=\"graphic_pic animated wow bounceIn\" data-wow-delay=\".7s\"><img loading=\"lazy\" decoding=\"async\" width=\"473\" height=\"228\" title=\"\" alt=\"product-Hommy-HM116C table top vending ice cream machine-img\" src=\"https:\/\/www.hommy.com\/wp-content\/uploads\/15866909545893.jpg\" style=\"width: 473px\">&nbsp; &nbsp; &nbsp; &nbsp; &nbsp; &nbsp; &nbsp;&nbsp;<\/div>\n<\/div>\n<\/div>\n<\/div>\n<div class=\"d-tem01-graphic tem01-graphic mockup\" data-detail=\"wrap\">\n<div class=\"cont-section clearfix d-clearfix\">\n<div class=\"col-md-6 col-sm-6 col-xs-6\" style=\"width: 501px\">\n<div class=\"right-p\">\n<div class=\"h2 heading\">Pasteurisation&nbsp;<\/div>\n<div class=\"description\" style=\"line-height: 24.5px\"><span style=\"letter-spacing: 0px;font-family: \u5b8b\u4f53;font-size: 16px\">Si vous vendez des glaces la nuit, le syst\u00e8me se d\u00e9clenche automatiquement Pasteurisation : peut tuer&nbsp;<\/span><span style=\"font-family: Calibri;font-size: 16px\">les bact\u00e9ries&nbsp;<\/span><span style=\"font-family: \u5b8b\u4f53;font-size: 16px\">que&nbsp;<\/span><span style=\"font-family: Calibri;font-size: 16px\">produire<\/span><span style=\"font-family: \u5b8b\u4f53;font-size: 16px\">&nbsp;<\/span><span style=\"font-family: Calibri;font-size: 16px\">\u00e0 l'int\u00e9rieur de la machine<\/span><span style=\"font-family: \u5b8b\u4f53;font-size: 16px\">&nbsp;de -5<\/span><span style=\"font-family: \u5b8b\u4f53;font-size: 16px\">\u2103<\/span><span style=\"font-family: \u5b8b\u4f53;font-size: 16px\">&nbsp;<\/span><span style=\"font-family: Arial;font-size: 16px\">\u2192<\/span><span style=\"font-family: \u5b8b\u4f53;font-size: 16px\">&nbsp;<\/span><span style=\"font-family: \u5b8b\u4f53;font-size: 16px\">65<\/span><span style=\"font-family: \u5b8b\u4f53;font-size: 16px\">\u2103<\/span><span style=\"font-family: Arial;font-size: 16px\">\u2192<\/span><span style=\"font-family: \u5b8b\u4f53;font-size: 16px\">&nbsp;-5<\/span><span style=\"font-family: \u5b8b\u4f53;font-size: 16px\">\u2103<\/span><span style=\"font-family: Calibri;font-size: 16px\">processus<\/span><span style=\"font-family: \u5b8b\u4f53;font-size: 16px\">&nbsp;(d\u00e9sinfecter le cylindre de chargement et la mati\u00e8re premi\u00e8re \u00e0 l'int\u00e9rieur, puis r\u00e9frig\u00e9rer jusqu'\u00e0 l'\u00e9tat de r\u00e9servation). Vous pouvez donc conserver la machine pendant 14 jours en une seule fois.&nbsp;<\/span>&nbsp;&nbsp;&nbsp;&nbsp;&nbsp;&nbsp;&nbsp;&nbsp;&nbsp;&nbsp;&nbsp;&nbsp;<\/p>\n<p style=\"text-align: center\"><img decoding=\"async\" title=\"\" alt=\"produit-Hommy-img\" src=\"https:\/\/www.hommy.com\/wp-content\/uploads\/15787019009152-4.png\"><\/p>\n<\/div>\n<\/div>\n<\/div>\n<div class=\"col-md-6 col-sm-6 col-xs-6\" style=\"width: 501px\">\n<div class=\"right-p\">\n<div class=\"h2 heading\">Laisser le capteur<\/div>\n<div class=\"description\" style=\"line-height: 24.5px\"><span style=\"font-family: \u5b8b\u4f53;font-size: 16px\">Laisser le capteur avoir&nbsp;<\/span><span style=\"font-family: Calibri;font-size: 16px\">Deuxi\u00e8me \u00e9tape, la premi\u00e8re \u00e9tape de l'alarme de niveau de mat\u00e9riau manquant, la deuxi\u00e8me \u00e9tape de l'arr\u00eat automatique.<\/span><span style=\"font-family: \u5b8b\u4f53;font-size: 16px\">&nbsp;Lorsque vous recevez le premier message, vous avez un peu de temps pour ajouter du mat\u00e9riel, il n'est pas n\u00e9cessaire d'arr\u00eater la machine pour la faire fonctionner.<\/span><\/div>\n<\/div>\n<div class=\"graphic_pic animated wow bounceIn\" data-wow-delay=\".7s\">\n<p style=\"text-align: center\"><img loading=\"lazy\" decoding=\"async\" width=\"473\" height=\"306\" title=\"\" alt=\"produit-Hommy-distributeur automatique de glaces -img\" src=\"https:\/\/www.hommy.com\/wp-content\/uploads\/15788874673345-4.jpg\" style=\"width: 203px\"><\/p>\n<\/div>\n<\/div>\n<\/div>\n<\/div>\n<p>&nbsp;<\/p>\n<div class=\"d-tem01-graphic tem01-graphic mockup\" data-detail=\"wrap\">\n<div class=\"cont-section clearfix d-clearfix\">\n<div class=\"col-md-6 col-sm-6 col-xs-6\" style=\"width: 501px\">\n<div class=\"right-p\">\n<div class=\"h2 heading\">Fonction de promotion<\/div>\n<div class=\"description\" style=\"line-height: 24.5px\">\n<p style=\"margin-bottom: 0px;font-family: Calibri;font-size: 16px\"><span style=\"font-family: \u5b8b\u4f53\">La machine \u00e0 l'int\u00e9rieur a une fonction de promotion, vous pouvez configurer la promotion \u00e0 n'importe quel moment du jour \u00e0 l'heure. Vous pouvez configurer la deuxi\u00e8me cr\u00e8me glac\u00e9e \u00e0 moiti\u00e9 prix, ce qui permet au client de b\u00e9n\u00e9ficier d'une r\u00e9duction plus importante.<\/span><\/p>\n<p style=\"margin-top: 1em;margin-bottom: 13px\"><span style=\"font-family: \u5b8b\u4f53;font-size: 16px\"><span>&nbsp;&nbsp;&nbsp;Cela peut vous aider \u00e0 ajouter des quantit\u00e9s \u00e0 vendre.<\/span><\/span><\/p>\n<\/div>\n<\/div>\n<div class=\"graphic_pic animated wow bounceIn\" data-wow-delay=\".7s\">\n<p style=\"text-align: center\"><img decoding=\"async\" title=\"\" alt=\"produit-Hommy-img-1\" src=\"https:\/\/www.hommy.com\/wp-content\/uploads\/15788858121941-4.png\"><\/p>\n<\/div>\n<\/div>\n<div class=\"col-md-6 col-sm-6 col-xs-6\" style=\"width: 501px\">\n<div class=\"right-p\">\n<div class=\"h2 heading\">Une langue diff\u00e9rente<\/div>\n<div class=\"description\" style=\"line-height: 24.5px\">\n<p style=\"margin-bottom: 0px;font-family: Calibri;font-size: 16px\"><span style=\"font-family: \u5b8b\u4f53\">L'int\u00e9rieur de la machine est disponible en plusieurs langues : chinois, anglais, polonais, arabe saoudien, malaisien, tha\u00eflandais, espagnol.<\/span><\/p>\n<p>.<\/p><\/div>\n<\/div>\n<div class=\"graphic_pic animated wow bounceIn\" data-wow-delay=\".7s\">\n<p style=\"text-align: center\"><img loading=\"lazy\" decoding=\"async\" width=\"404\" height=\"209\" title=\"\" alt=\"produit-distributeur de glaces -Hommy-img-1\" src=\"https:\/\/www.hommy.com\/wp-content\/uploads\/15788858317746-4.png\" style=\"width: 271px\"><\/p>\n<\/div>\n<\/div>\n<\/div>\n<\/div>\n<p> &nbsp; &nbsp; &nbsp; &nbsp; &nbsp; &nbsp; &nbsp; &nbsp; &nbsp; &nbsp; &nbsp; &nbsp; &nbsp; &nbsp; &nbsp; &nbsp; &nbsp; &nbsp; &nbsp; &nbsp; &nbsp; &nbsp; &nbsp; &nbsp; &nbsp; &nbsp; &nbsp; &nbsp; &nbsp; &nbsp; &nbsp; &nbsp; &nbsp; &nbsp; &nbsp; &nbsp; &nbsp; &nbsp;<\/p>\n<p>Document\uff1a<img decoding=\"async\" src=\"https:\/\/www.hommy.com\/wp-content\/uploads\/icon_pdf-8.gif\" style=\"margin-right: 2px\" alt=\"product-HM116C table top vending ice cream machine-Hommy-img-1\" title=\"\"><a href=\"https:\/\/img80002414.weyesimg.com\/uploads\/www.hommy.com\/addon\/16028360706859.pdf\" title=\"16028360706859.pdf\" style=\"font-size: 12px\">16028360706859.pdf<\/a><\/p>\n<h2 style=\"font-family: sans-serif\">Comment fonctionnent les distributeurs automatiques de ramen ?<\/h2>\n<p style=\"margin-top: 5px;margin-bottom: 5px;font-family: sans-serif;font-size: 16px\">Il existe de nombreux mod\u00e8les diff\u00e9rents de distributeurs automatiques de ramen sur le march\u00e9, mais les principes de base sont les m\u00eames : il s'agit d'un grand meuble ferm\u00e9 dans lequel le client d\u00e9pose des produits alimentaires et dont le m\u00e9canisme de distribution est activ\u00e9 au moyen d'une pi\u00e8ce de monnaie ou d'une cl\u00e9.<\/p>\n<p style=\"margin-top: 5px;margin-bottom: 5px;font-family: sans-serif;font-size: 16px\"><\/p>\n<h2 style=\"font-family: sans-serif\">Comment fonctionne yo Kai Express ?<\/h2>\n<p style=\"margin-top: 5px;margin-bottom: 5px;font-family: sans-serif;font-size: 16px\">Le mode d'action du produit est le suivant : vous placez le produit sur votre langue pour d\u00e9livrer l'ingr\u00e9dient actif. En cons\u00e9quence, vous avalez de l'eau et votre syst\u00e8me digestif dissout le produit et traite l'eau, ce qui permet \u00e0 l'ingr\u00e9dient actif d'arriver l\u00e0 o\u00f9 il est cens\u00e9 \u00eatre.<\/p>\n<p style=\"margin-top: 5px;margin-bottom: 5px;font-family: sans-serif;font-size: 16px\"><\/p>\n<h2 style=\"font-family: sans-serif\">Les distributeurs de glace en valent-ils la peine ?<\/h2>\n<p style=\"margin-top: 5px;margin-bottom: 5px;font-family: sans-serif;font-size: 16px\">La technologie des machines \u00e0 gla\u00e7ons ne cesse d'\u00e9voluer, apportant des innovations qui changent la fa\u00e7on dont nous consommons la glace. Nous avons parcouru un long chemin depuis les premi\u00e8res machines qui utilisaient un tuyau sous vide pour aspirer l'eau d'un gros bloc de glace. Aujourd'hui, nous disposons de machines qui distribuent et servent de la glace au moins partiellement congel\u00e9e.<\/p>\n<\/p><\/div>","protected":false},"excerpt":{"rendered":"<p>&nbsp; Tablet top Semi-Automatic Vending ice cream machine Tablet top Semi-Automatic Vending ice cream machine|PRODUCT FEATURES|One flavour Semi-Automatic Vending ice cream machine|PRODUCT SPECIFICATION Our manufacturing facility is located in an advanced production base. It is well equipped with modern technology and the best-in-class machines to deliver our range of machines at clients&#039; end. Apart from [&hellip;]<\/p>\n","protected":false},"featured_media":274,"comment_status":"open","ping_status":"open","template":"","meta":{"_swt_meta_header_display":false,"_swt_meta_footer_display":false,"_swt_meta_site_title_display":false,"_swt_meta_sticky_header":false,"_swt_meta_transparent_header":false},"product_brand":[],"product_cat":[71,68],"product_tag":[],"class_list":{"0":"post-283","1":"product","2":"type-product","3":"status-publish","4":"has-post-thumbnail","6":"product_cat-ice-cream-vending-machine","7":"product_cat-vending-machine","9":"first","10":"instock","11":"shipping-taxable","12":"product-type-simple"},"_links":{"self":[{"href":"https:\/\/www.hommy.com\/fr\/wp-json\/wp\/v2\/product\/283","targetHints":{"allow":["GET"]}}],"collection":[{"href":"https:\/\/www.hommy.com\/fr\/wp-json\/wp\/v2\/product"}],"about":[{"href":"https:\/\/www.hommy.com\/fr\/wp-json\/wp\/v2\/types\/product"}],"replies":[{"embeddable":true,"href":"https:\/\/www.hommy.com\/fr\/wp-json\/wp\/v2\/comments?post=283"}],"wp:featuredmedia":[{"embeddable":true,"href":"https:\/\/www.hommy.com\/fr\/wp-json\/wp\/v2\/media\/274"}],"wp:attachment":[{"href":"https:\/\/www.hommy.com\/fr\/wp-json\/wp\/v2\/media?parent=283"}],"wp:term":[{"taxonomy":"product_brand","embeddable":true,"href":"https:\/\/www.hommy.com\/fr\/wp-json\/wp\/v2\/product_brand?post=283"},{"taxonomy":"product_cat","embeddable":true,"href":"https:\/\/www.hommy.com\/fr\/wp-json\/wp\/v2\/product_cat?post=283"},{"taxonomy":"product_tag","embeddable":true,"href":"https:\/\/www.hommy.com\/fr\/wp-json\/wp\/v2\/product_tag?post=283"}],"curies":[{"name":"wp","href":"https:\/\/api.w.org\/{rel}","templated":true}]}}