{"id":273,"date":"2024-07-02T12:32:11","date_gmt":"2024-07-02T12:32:11","guid":{"rendered":"http:\/\/localhost\/hommywp\/china-froyo-ice-cream-self-serve-vending-machine-suppliers\/"},"modified":"2025-08-01T09:57:30","modified_gmt":"2025-08-01T09:57:30","slug":"distributeur-automatique-de-yaourts-frozn","status":"publish","type":"product","link":"https:\/\/www.hommy.com\/fr\/p\/distributeur-automatique-de-yaourts-frozn\/","title":{"rendered":"Distributeur automatique de cr\u00e8me glac\u00e9e Froyo en Chine Fournisseurs"},"content":{"rendered":"<p style=\"text-align: center\">&nbsp;<\/p>\n<h2 style=\"text-align: center\"><strong><span style=\"line-height: 1.42857;font-family: arial, helvetica, sans-serif;font-size: 24px\"><a name=\"Automatic vending frozn Yogurt\"><\/a>Distributeur automatique de yaourts et de glaces frozn<\/span><\/strong><\/h2>\n<p style=\"text-align: center\"><a href=\"#Automatic vending frozn Yogurt\" target=\"_self\" data-lv=\"0\" rel=\"noopener\"><span style=\"font-size: 16px\"><span style=\"line-height: 1.42857;font-family: arial, helvetica, sans-serif\">Distributeur automatique de yaourts frozn<\/span><\/span><\/a><span style=\"font-size: 16px\"><span style=\"line-height: 1.42857;font-family: arial, helvetica, sans-serif\">|<a href=\"#PRODUCT FEATURES\" target=\"_self\" data-lv=\"0\" rel=\"noopener\">CARACT\u00c9RISTIQUES DU PRODUIT<\/a>|<a href=\"#HM931 Vending Frozen Yogurt\" target=\"_self\" data-lv=\"0\" rel=\"noopener\">HM931 Distributeur automatique de yaourt glac\u00e9<\/a>|<a href=\"#PRODUCT DETAILS\" target=\"_self\" data-lv=\"0\" rel=\"noopener\">D\u00c9TAILS DU PRODUIT<\/a>|<a href=\"#PRODUCT ADVANTAGE\" target=\"_self\" data-lv=\"0\" rel=\"noopener\">AVANTAGE DU PRODUIT<\/a>|<a href=\"#Automatic vending frozn Yogurt machine\" target=\"_self\" data-lv=\"0\" rel=\"noopener\">Distributeur automatique de yaourts frozn<\/a><\/span><\/span><\/p>\n<p><strong><span style=\"line-height: 1.42857;font-family: arial, helvetica, sans-serif;font-size: 24px\"><br \/><\/span><\/strong><\/p>\n<p><span style=\"font-size: 20px;line-height: 1.42857\"><br \/><\/span><\/p>\n<p><!-- Video start --><video poster=\"https:\/\/img80002414.weyesimg.com\/uploads\/wij2rdgc.allweyes.com\/video\/15553826498991.mp4?vframe\/jpg\/offset\/1\" id=\"video\" preload=\"auto\" controls=\"controls\" style=\"width:100%;height:510px\"><\/video><!-- Video end --><\/p>\n<p>&nbsp;Les distributeurs automatiques de cr\u00e8me glac\u00e9e sont les produits les plus populaires parmi les clients. Nous proposons <a style=\"color:blue\" href=\"https:\/\/www.hommy.com\/fr\/distributeur-automatique\/\">distributeur automatique de glaces<\/a>\u00e0 nos clients \u00e0 un prix tr\u00e8s abordable. Ces machines sont tr\u00e8s simples \u00e0 installer et peuvent \u00eatre utilis\u00e9es tr\u00e8s facilement. Elles constituent le meilleur moyen de servir la glace aux clients.<\/p>\n<div class=\"text-left d-tem09-title d-interval\" data-detail=\"wrap\">\n<div class=\"title-header\">\n<h2><strong><span style=\"font-size: 24px;font-family: arial, helvetica, sans-serif\"><a name=\"PRODUCT FEATURES\"><\/a>CARACT\u00c9RISTIQUES DU PRODUIT<\/span><\/strong><\/h2>\n<div class=\"subtitle\"><span>L'usine de Hommy couvre une superficie de 30 500 m\u00e8tres carr\u00e9s dans la ville de Xinhui Jiangmen. Elle comprend des lignes de production flexibles, un laboratoire de R&amp;D, un centre d'apprentissage et un atelier \u00e9quip\u00e9 de mat\u00e9riel de pointe.<\/span><\/div>\n<\/div>\n<\/div>\n<p>&nbsp;<\/p>\n<div class=\"d-tem11-graphic tem11-graphic mockup\" data-detail=\"wrap\">\n<div class=\"tab_row\">\n<div class=\"img\" style=\"width: 50%\">\n<p style=\"text-align:center\"><img decoding=\"async\" title=\"\" alt=\"produit-HM931 Distributeur automatique de glaces semi-automatique-Hommy-img\" src=\"https:\/\/www.hommy.com\/wp-content\/uploads\/15865900183784.jpg\"><\/p>\n<\/div>\n<div class=\"text_box\" style=\"width: 50%\">\n<div class=\"txt\">\n<p><strong style=\"font-family: arial, helvetica, sans-serif;font-size: 24px;color: inherit\"><a name=\"HM931 Vending Frozen Yogurt\"><\/a>HM931 Distributeur automatique de yaourts glac\u00e9s et de glaces fra\u00eeches&nbsp;<\/strong><\/p>\n<p>&nbsp;<\/p>\n<p style=\"line-height: 2em\">Contr\u00f4leur de type tablette \u00e0 \u00e9cran tactile de 10,1 pouces avec syst\u00e8me Android<br \/>\u00c9tats de la machine (temp\u00e9rature de la tr\u00e9mie et du cylindre, r\u00e9glage rationn\u00e9, processus de production, erreur, alerte sur le niveau de mat\u00e9riau, prix)<br \/>V\u00e9rification des donn\u00e9es (volume des ventes)<br \/>Contr\u00f4le de la distribution<br \/>R\u00e9glages de la machine<br \/>Fonctionnement intelligent<br \/>Fonction d'envoi d'une alerte au t\u00e9l\u00e9phone portable<br \/>L'int\u00e9rieur de la machine a plus de fonctions, ce qui peut vous aider \u00e0 \u00e9conomiser plus de co\u00fbts artificiels : <br \/>Le syst\u00e8me de pr\u00e9-refroidissement maintient le m\u00e9lange en dessous de 5\u2103 en mode automatique et en mode veille.<br \/>La pompe \u00e0 air envoie le m\u00e9lange avec une certaine quantit\u00e9 d'air dans les cylindres de cong\u00e9lation.<br \/>Le m\u00e9langeur maintient l'uniformit\u00e9 du m\u00e9lange dans les tr\u00e9mies.<br \/>Le traitement thermique permet un nettoyage quotidien afin de maintenir le produit conforme aux normes de qualit\u00e9 et de s\u00e9curit\u00e9 jusqu'\u00e0 deux semaines avant le nettoyage complet et le d\u00e9montage.<br \/><span style=\"font-size: 18px\"><strong><br \/><\/strong><\/span><\/p>\n<p style=\"line-height: 2em\"><span style=\"font-size: 18px\"><strong>D\u00e9givrage <\/strong><\/span><br \/>La d\u00e9cong\u00e9lation de production fait fondre rapidement le produit dans les deux cylindres, puis repasse en mode production pour reproduire. <br \/>Le lavage d\u00e9cong\u00e9lation fait fondre rapidement le produit dans les cylindres, ce qui r\u00e9duit consid\u00e9rablement les restes avant le nettoyage. <br \/><strong><span style=\"font-size: 18px\"><br \/><\/span><\/strong><\/p>\n<p style=\"line-height: 2em\"><strong><span style=\"font-size: 18px\">D\u00e9sinfection<\/span><\/strong><br \/>Fonction sp\u00e9ciale qui rend le processus d'assainissement semi-automatique et facile.<br \/>Il n'est pas n\u00e9cessaire de d\u00e9monter la machine pour nettoyer le bloc de la gorge, la pompe \u00e0 air, le batteur et le cylindre. <br \/>Le compteur permet \u00e0 l'op\u00e9rateur de visualiser le nombre de portions distribu\u00e9es.<\/p>\n<p>&nbsp;<\/p>\n<\/div>\n<\/div>\n<\/div>\n<\/div>\n<p>&nbsp;<\/p>\n<div class=\"text-left d-tem09-title d-interval\" data-detail=\"wrap\">\n<div class=\"title-header\">\n<h2><strong><span style=\"font-size: 24px;font-family: arial, helvetica, sans-serif\"><a name=\"PRODUCT DETAILS\"><\/a>D\u00c9TAILS DU PRODUIT<\/span><\/strong><\/h2>\n<p><span>Apr\u00e8s des ann\u00e9es de d\u00e9veloppement, nous avons mis en place un r\u00e9seau de distribution \u00e0 grande \u00e9chelle dans diff\u00e9rents pays et nous recevons de bons commentaires de la part de nos clients.<\/span><\/p>\n<p><span><img decoding=\"async\" src=\"https:\/\/www.hommy.com\/wp-content\/uploads\/15865889343417.png\" title=\"uploads\/www.hommy.com\/images\/https:\/\/www.hommy.com\/wp-content\/uploads\/15865889343417.png\" alt=\"image.png\" \/><\/span><\/p>\n<\/div>\n<\/div>\n<p>&nbsp;<\/p>\n<div class=\"d-tem18-graphic d-clearfix d-interval mockup clearfix\" data-detail=\"wrap\">\n<div class=\"col-md-3 col-sm-6 col-xs-6\">\n<div class=\"item\">\n<div class=\"images\"><img decoding=\"async\" title=\"\" alt=\"produit-distributeur automatique de glaces -Hommy-img\" src=\"https:\/\/www.hommy.com\/wp-content\/uploads\/15553836668919.jpg\"><\/div>\n<\/div>\n<\/div>\n<div class=\"col-md-3 col-sm-6 col-xs-6\">\n<div class=\"item\">\n<div class=\"images\"><img decoding=\"async\" title=\"\" alt=\"produit-Hommy-img\" src=\"https:\/\/www.hommy.com\/wp-content\/uploads\/15553836743956.jpg\"><\/div>\n<\/div>\n<\/div>\n<div class=\"col-md-3 col-sm-6 col-xs-6\">\n<div class=\"item\">\n<div class=\"images\"><img decoding=\"async\" title=\"\" alt=\"produit-Hommy-distributeur automatique de glaces -img\" src=\"https:\/\/www.hommy.com\/wp-content\/uploads\/15553836824820.jpg\"><\/div>\n<\/div>\n<\/div>\n<div class=\"col-md-3 col-sm-6 col-xs-6\">\n<div class=\"item\">\n<div class=\"images\"><img decoding=\"async\" title=\"\" alt=\"product-Hommy-HM931 Distributeur automatique de glaces semi-automatique-img\" src=\"https:\/\/www.hommy.com\/wp-content\/uploads\/15553836974995.jpg\"><\/div>\n<\/div>\n<\/div>\n<\/div>\n<p>&nbsp;<\/p>\n<div class=\"d-tem18-graphic d-clearfix d-interval mockup clearfix\" data-detail=\"wrap\">\n<div class=\"col-md-3 col-sm-6 col-xs-6\">\n<div class=\"item\">\n<div class=\"images\"><img decoding=\"async\" title=\"\" alt=\"produit-HM931 Distributeur automatique de glaces semi-automatique-Hommy-img-1\" src=\"https:\/\/www.hommy.com\/wp-content\/uploads\/15553837083520.jpg\"><\/div>\n<\/div>\n<\/div>\n<div class=\"col-md-3 col-sm-6 col-xs-6\">\n<div class=\"item\">\n<div class=\"images\"><img decoding=\"async\" title=\"\" alt=\"produit-Hommy-img-1\" src=\"https:\/\/www.hommy.com\/wp-content\/uploads\/15553837173715.jpg\"><\/div>\n<\/div>\n<\/div>\n<div class=\"col-md-3 col-sm-6 col-xs-6\">\n<div class=\"item\">\n<div class=\"images\"><img decoding=\"async\" title=\"\" alt=\"produit-distributeur de glaces -Hommy-img-1\" src=\"https:\/\/www.hommy.com\/wp-content\/uploads\/15553837259830.jpg\"><\/div>\n<\/div>\n<\/div>\n<div class=\"col-md-3 col-sm-6 col-xs-6\">\n<div class=\"item\">\n<div class=\"images\"><img decoding=\"async\" title=\"\" alt=\"produit-Hommy-img-1\" src=\"https:\/\/www.hommy.com\/wp-content\/uploads\/15553837338758.jpg\"><\/div>\n<\/div>\n<\/div>\n<\/div>\n<p>&nbsp;<\/p>\n<div class=\"text-left d-tem09-title d-interval\" data-detail=\"wrap\">\n<div class=\"title-header\">\n<h2><strong><span style=\"font-size: 24px;font-family: arial, helvetica, sans-serif\"><a name=\"PRODUCT ADVANTAGE\"><\/a>AVANTAGE DU PRODUIT<\/span><\/strong><\/h2>\n<div class=\"subtitle\">\n<p><span>En outre, des ing\u00e9nieurs hautement qualifi\u00e9s, des technologues comp\u00e9tents et un personnel bien inform\u00e9 contribuent largement au d\u00e9veloppement de l'entreprise.<\/span><\/p>\n<p><span><br \/><\/span><\/p>\n<\/div>\n<\/div>\n<\/div>\n<p style=\"text-align:center\"><img decoding=\"async\" src=\"https:\/\/www.hommy.com\/wp-content\/uploads\/15553838159494.jpg\" alt=\"produit-Hommy-distributeur automatique de glaces -img-1\" title=\"\"><\/p>\n<p><\/p>\n<div class=\"d-tem04-promotion d-tem01-promotion mockup\" data-detail=\"wrap\">\n<div class=\"cont-section\">\n<div class=\"main\">\n<div class=\"header text-center\">\n<h2><strong><span style=\"font-family: arial, helvetica, sans-serif;font-size: 24px\"><a name=\"Automatic vending frozn Yogurt machine\"><\/a>Distributeur automatique de yaourts frozn<\/span><\/strong><\/h2>\n<div class=\"subtitle\" style=\"text-align: left\">\n<p><\/p>\n<p style=\"line-height: 2em\"><strong><span><\/span><\/strong>D\u00e9cong\u00e9lation : lorsque la machine fonctionne pendant une heure et qu'il n'y a pas de vente de glace, le cylindre sera bloqu\u00e9 pendant un certain temps, nous avons mis en place un syst\u00e8me de d\u00e9cong\u00e9lation automatique, de sorte que la machine puisse continuer \u00e0 fonctionner et \u00e0 d\u00e9congeler la glace \u00e0 l'int\u00e9rieur et produire une glace ou un yaourt glac\u00e9 de bonne qualit\u00e9.<\/p>\n<p style=\"line-height: 2em\"><strong><span><\/span><\/strong>Pompe \u00e0 air : d\u00e9passement r\u00e9glable de 20% \u00e0 80%, r\u00e9duit la production de cristaux de glace, rend le yaourt glac\u00e9 (cr\u00e8me glac\u00e9e) lisse et blanc ; r\u00e9duit l'utilisation de mati\u00e8res premi\u00e8res, augmente les profits.<\/p>\n<p style=\"line-height: 2em\"><strong><span><\/span><\/strong>L'encenseur de sortie a une deuxi\u00e8me phase, la premi\u00e8re phase d'alarme de niveau de mat\u00e9riau manquant, la deuxi\u00e8me phase d'arr\u00eat automatique. Lorsque vous recevez le premier message, vous avez un peu de temps pour ajouter du mat\u00e9riel, il n'est pas n\u00e9cessaire d'arr\u00eater la machine pour la faire fonctionner.<\/p>\n<p style=\"line-height: 2em\"><strong><span><\/span><\/strong>La machine \u00e0 l'int\u00e9rieur a une fonction de promotion, vous pouvez configurer du lundi au vendredi de 10:00 \u00e0 12:00 acheter des glaces avec une certaine r\u00e9duction.<br \/>\nCela peut vous aider \u00e0 ajouter des quantit\u00e9s \u00e0 vendre.<\/p>\n<p style=\"line-height: 2em\"><strong><span><\/span><\/strong>L'int\u00e9rieur de la machine est disponible en plusieurs langues : chinois, anglais, polonais, arabe saoudien, malaisien, tha\u00eflandais, espagnol.<\/p>\n<p style=\"line-height: 2em\"><strong><span><\/span><\/strong>L'int\u00e9rieur de la machine a 3 nappes pour que le client puisse les choisir.<\/p>\n<\/div>\n<\/div>\n<\/div>\n<\/div>\n<\/div>\n<p>&nbsp;Document\uff1a<img decoding=\"async\" src=\"https:\/\/www.hommy.com\/wp-content\/uploads\/icon_pdf-7.gif\" style=\"margin-right: 2px\" alt=\"product-Hommy-HM931 Distributeur automatique de glaces semi-automatique-img-1\" title=\"\"><a href=\"https:\/\/img80002414.weyesimg.com\/uploads\/www.hommy.com\/addon\/16028336929840.pdf\" title=\"16028336929840.pdf\" style=\"font-size: 12px\">16028336929840.pdf<\/a><\/p>\n<h2>Comment un distributeur automatique lit-il l'argent ?<\/h2>\n<p style=\"margin-top: 5px;margin-bottom: 5px\">Un distributeur automatique est une petite bo\u00eete dans laquelle vous mettez une pi\u00e8ce et appuyez sur un bouton. Il distribue alors ce que vous avez demand\u00e9. Par exemple, je peux appuyer sur un bouton pour obtenir un caf\u00e9, et la machine distribuera un caf\u00e9 dans une tasse.<\/p>\n<p style=\"margin-top: 5px;margin-bottom: 5px\"><\/p>\n<h2>Combien co\u00fbte l'achat d'un distributeur automatique de glace ?<\/h2>\n<p style=\"margin-top: 5px;margin-bottom: 5px\">Les distributeurs automatiques de glace sont utilis\u00e9s dans une grande vari\u00e9t\u00e9 de contextes et \u00e0 des fins diff\u00e9rentes. Le co\u00fbt des distributeurs automatiques de glace d\u00e9pend fortement de la quantit\u00e9 de glace et d'eau n\u00e9cessaire, de l'espace requis, du co\u00fbt de la machine et d'autres facteurs.<\/p>\n<p style=\"margin-top: 5px;margin-bottom: 5px\"><\/p>\n<h2>Comment les Japonais utilisent-ils les distributeurs automatiques ?<\/h2>\n<p style=\"margin-top: 5px;margin-bottom: 5px\">Dans cet article, nous allons examiner les diff\u00e9rents types de distributeurs automatiques, leur fonctionnement et les diff\u00e9rentes fa\u00e7ons dont les gens les utilisent.<\/p>\n<\/p><\/div>","protected":false},"excerpt":{"rendered":"<p>&nbsp; Automatic vending frozn Yogurt &amp; soft ice cream machine Automatic vending frozn Yogurt|PRODUCT FEATURES|HM931 Vending Frozen Yogurt|PRODUCT DETAILS|PRODUCT ADVANTAGE|Automatic vending frozn Yogurt machine &nbsp;Ice Cream Self Serve Vending Machines are the most popular product among the customers. We are offering ice cream vending machines to our customers at a very affordable price. These machines [&hellip;]<\/p>\n","protected":false},"featured_media":261,"comment_status":"open","ping_status":"open","template":"","meta":{"_swt_meta_header_display":false,"_swt_meta_footer_display":false,"_swt_meta_site_title_display":false,"_swt_meta_sticky_header":false,"_swt_meta_transparent_header":false},"product_brand":[],"product_cat":[71,68],"product_tag":[],"class_list":{"0":"post-273","1":"product","2":"type-product","3":"status-publish","4":"has-post-thumbnail","6":"product_cat-ice-cream-vending-machine","7":"product_cat-vending-machine","9":"first","10":"instock","11":"shipping-taxable","12":"product-type-simple"},"_links":{"self":[{"href":"https:\/\/www.hommy.com\/fr\/wp-json\/wp\/v2\/product\/273","targetHints":{"allow":["GET"]}}],"collection":[{"href":"https:\/\/www.hommy.com\/fr\/wp-json\/wp\/v2\/product"}],"about":[{"href":"https:\/\/www.hommy.com\/fr\/wp-json\/wp\/v2\/types\/product"}],"replies":[{"embeddable":true,"href":"https:\/\/www.hommy.com\/fr\/wp-json\/wp\/v2\/comments?post=273"}],"wp:featuredmedia":[{"embeddable":true,"href":"https:\/\/www.hommy.com\/fr\/wp-json\/wp\/v2\/media\/261"}],"wp:attachment":[{"href":"https:\/\/www.hommy.com\/fr\/wp-json\/wp\/v2\/media?parent=273"}],"wp:term":[{"taxonomy":"product_brand","embeddable":true,"href":"https:\/\/www.hommy.com\/fr\/wp-json\/wp\/v2\/product_brand?post=273"},{"taxonomy":"product_cat","embeddable":true,"href":"https:\/\/www.hommy.com\/fr\/wp-json\/wp\/v2\/product_cat?post=273"},{"taxonomy":"product_tag","embeddable":true,"href":"https:\/\/www.hommy.com\/fr\/wp-json\/wp\/v2\/product_tag?post=273"}],"curies":[{"name":"wp","href":"https:\/\/api.w.org\/{rel}","templated":true}]}}