{"id":260,"date":"2024-07-02T12:32:04","date_gmt":"2024-07-02T12:32:04","guid":{"rendered":"http:\/\/localhost\/hommywp\/hm931s-sundae-ice-cream-self-vending-machine-factory-cheap-cost\/"},"modified":"2025-08-01T09:57:30","modified_gmt":"2025-08-01T09:57:30","slug":"distributeur-automatique-de-glaces-hm931s","status":"publish","type":"product","link":"https:\/\/www.hommy.com\/fr\/p\/distributeur-automatique-de-glaces-hm931s\/","title":{"rendered":"Hm931s Sundae Ice Cream Self Vending Machine Factory Cheap Cost"},"content":{"rendered":"<p style=\"text-align: center\"><\/p>\n<h2 style=\"text-align: center\">&nbsp;<strong><span style=\"line-height: 1.42857;font-family: arial, helvetica, sans-serif;font-size: 24px\"><a name=\"Vending sundae ice cream machine\"><\/a>Distributeur automatique de glaces<\/span><\/strong><\/h2>\n<p style=\"text-align: center\"><span style=\"font-size: 16px\"><span style=\"line-height: 1.42857;font-family: arial, helvetica, sans-serif\"><a href=\"#Vending sundae ice cream machine\" target=\"_self\" data-lv=\"0\" rel=\"noopener\">Distributeur automatique de glaces<\/a>|<a href=\"#RODUCT FEATURES\" target=\"_self\" data-lv=\"0\" rel=\"noopener\">CARACT\u00c9RISTIQUES DU PRODUIT<\/a>|<a href=\"#Vending Sundae ice cream machine\" target=\"_self\" data-lv=\"0\" rel=\"noopener\">Distributeur automatique de glaces Sundae<\/a>|<a href=\"#PRODUCT SPECIFICATION\" target=\"_self\" data-lv=\"0\" rel=\"noopener\">SP\u00c9CIFICATION DU PRODUIT<\/a>|<a href=\"#PRODUCT SPECIFICATION\" target=\"_self\" data-lv=\"0\" rel=\"noopener\">SP\u00c9CIFICATION DU PRODUIT<\/a><\/span><\/span><\/p>\n<p><span style=\"font-size: 20px;line-height: 1.42857\"><br \/><\/span><\/p>\n<p><!-- Video start --><video poster=\"https:\/\/img80002414.weyesimg.com\/uploads\/www.hommy.com\/video\/15865859723575.mp4?vframe\/jpg\/offset\/1\" id=\"video\" preload=\"auto\" controls=\"controls\" style=\"width:100%;height:510px\"><\/video><!-- Video end --><\/p>\n<p>Notre large gamme de distributeurs automatiques de cr\u00e8mes glac\u00e9es, dont la qualit\u00e9 est approuv\u00e9e, garantit que les cr\u00e8mes glac\u00e9es et les milk-shakes produits sont d'une qualit\u00e9 in\u00e9gal\u00e9e et que vous pouvez \u00eatre certain de leur go\u00fbt, de leur texture et de leur ar\u00f4me. Notre production de distributeurs automatiques de cr\u00e8mes glac\u00e9es est largement applaudie pour ses caract\u00e9ristiques uniques telles que la production de z\u00e9ro d\u00e9chet, z\u00e9ro \u00e9mission, des op\u00e9rations respectueuses de l'environnement et des co\u00fbts d'entretien nuls.<\/p>\n<p><span style=\"font-size: 24px\"><br \/><\/span><\/p>\n<h2><strong><span style=\"font-family: arial, helvetica, sans-serif;font-size: 24px\"><a name=\"RODUCT FEATURES\"><\/a>CARACT\u00c9RISTIQUES DU PRODUIT<\/span><\/strong><\/h2>\n<div class=\"text-left d-tem09-title d-interval\" data-detail=\"wrap\">\n<div class=\"title-header\">\n<p style=\"margin: 0px;text-align: justify;text-indent: 0px\"><span style=\"letter-spacing: 0px;font-family: Calibri;font-size: 16px\">Distribution automatique Hommy <a style=\"color:blue\" href=\"\/fr\/\">machine \u00e0 glace<\/a> ont des fonctions plus humanis\u00e9es : maintien de la fra\u00eecheur, pompe \u00e0 air, m\u00e9lange dans la tr\u00e9mie, d\u00e9cong\u00e9lation, pasteurisation, t\u00e9l\u00e9commande, rapport de vente, rappel, <\/span><span style=\"letter-spacing: 0px;font-family: \u5b8b\u4f53;font-size: 16px\">diff\u00e9rentes langues au choix. nous acceptons \u00e9galement les OEM et ODM.&nbsp;<\/span><\/p>\n<\/div>\n<\/div>\n<p>&nbsp;<\/p>\n<div class=\"d-tem11-graphic tem11-graphic mockup\" data-detail=\"wrap\">\n<div class=\"tab_row\">\n<div class=\"img\" style=\"width: 50%\"><img loading=\"lazy\" decoding=\"async\" width=\"563\" height=\"682\" title=\"\" style=\"width: 563px;height: 682px\" alt=\"produit-Hommy-img\" src=\"https:\/\/www.hommy.com\/wp-content\/uploads\/15865861187157.png\" border=\"0\" vspace=\"0\"><\/div>\n<div class=\"text_box\" style=\"width: 50%\">\n<div class=\"txt\">\n<div class=\"title\">\n<h2><strong><span style=\"font-family: arial, helvetica, sans-serif;font-size: 24px\"><a name=\"Vending Sundae ice cream machine\"><\/a>Distributeur automatique de glaces Sundae<\/span><\/strong><\/h2>\n<\/div>\n<p>&nbsp;<\/p>\n<p style=\"margin-top:0;margin-right:0;margin-bottom:0;margin-left:0;text-indent:0;text-align:justify\"><span style=\"font-family:\u5b8b\u4f53;letter-spacing:0;font-size:14px\">1.3 parfums de cr\u00e8me glac\u00e9e au choix.<\/span><\/p>\n<p style=\"margin-top:0;margin-right:0;margin-bottom:0;margin-left:0;text-indent:0;text-align:justify\"><span style=\"font-family:\u5b8b\u4f53;letter-spacing:0;font-size:14px\">2. l'int\u00e9rieur peut contenir environ 70pcs de gobelets et 70pcs de cuill\u00e8res.<\/span><\/p>\n<p style=\"margin-top:0;margin-right:0;margin-bottom:0;margin-left:0;text-indent:0;text-align:justify\"><span style=\"font-family:\u5b8b\u4f53;letter-spacing:0;font-size:14px\">3. syst\u00e8me de paiement : En monnaie locale - esp\u00e8ces \/ pi\u00e8ces de monnaie \/ pi\u00e8ces de change \/ carte de cr\u00e9dit \/ paiement en ligne .<\/span><\/p>\n<p style=\"margin-top:0;margin-right:0;margin-bottom:0;margin-left:0;text-indent:0;text-align:justify\"><span style=\"font-family:\u5b8b\u4f53;letter-spacing:0;font-size:14px\">4.<\/span><span style=\"font-family: Calibri;letter-spacing: 0px\">Contr\u00f4leur \u00e0 \u00e9cran tactile de 10,1 pouces ressemblant \u00e0 une tablette avec<\/span><span style=\"font-family: \u5b8b\u4f53;letter-spacing: 0px\">&nbsp;<\/span><span style=\"font-family: Calibri;letter-spacing: 0px\">Syst\u00e8me Android<\/span><\/p>\n<p style=\"margin-top:0;margin-right:0;margin-bottom:0;margin-left:0;text-indent:0;text-align:justify\"><span style=\"font-family:Calibri;letter-spacing:0;font-size:14px\">5. \u00c9tats de la machine (temp\u00e9rature de la tr\u00e9mie et du cylindre)<\/span><span style=\"font-family:\u5b8b\u4f53;letter-spacing:0;font-size:14px\">&nbsp;,<\/span><span style=\"font-family:Calibri;letter-spacing:0;font-size:14px\">Param\u00e9trage rationn\u00e9, processus de production, erreur, alerte sur le niveau des mat\u00e9riaux, prix<\/span><span style=\"font-family:\u5b8b\u4f53;letter-spacing:0;font-size:14px\">)<\/span><\/p>\n<p style=\"margin-top:0;margin-right:0;margin-bottom:0;margin-left:0;text-indent:0;text-align:justify\"><span style=\"font-family:Calibri;letter-spacing:0;font-size:14px\">V\u00e9rification des donn\u00e9es (volume des ventes) ,&nbsp;<\/span><span style=\"font-family: Calibri;letter-spacing: 0px\">Contr\u00f4le de la distribution,&nbsp;<\/span><span style=\"font-family: Calibri;letter-spacing: 0px\">R\u00e9glages de la machine&nbsp;<\/span><span style=\"font-family: Calibri;letter-spacing: 0px\">Fonctionnement intelligent<\/span><span style=\"font-family: Calibri;letter-spacing: 0px\">Fonction d'envoi d'une alerte sur le t\u00e9l\u00e9phone portable.<\/span><\/p>\n<p style=\"line-height: 1.75em\">6. l'int\u00e9rieur de la machine a plus de fonctions, ce qui peut vous aider \u00e0 \u00e9conomiser plus de co\u00fbts artificiels :<\/p>\n<p style=\"line-height: 1.75em\"><span style=\"text-align: justify;font-family: \u5b8b\u4f53;letter-spacing: 0px;font-size: 16px\">-<\/span><span style=\"text-align: justify;font-family: Calibri;letter-spacing: 0px;font-size: 16px\">Le syst\u00e8me de pr\u00e9-refroidissement maintient le m\u00e9lange en dessous de 5<\/span><span style=\"text-align: justify;font-family: \u5b8b\u4f53;letter-spacing: 0px;font-size: 16px\">\u2103<\/span><span style=\"text-align: justify;font-family: Calibri;letter-spacing: 0px;font-size: 16px\">&nbsp;en mode automatique et en mode veille.<\/span><\/p>\n<p style=\"margin-top:0;margin-right:0;margin-bottom:0;margin-left:0;text-indent:0;text-align:justify\"><span style=\"font-family:\u5b8b\u4f53;letter-spacing:0;font-size:16px\">-<\/span><span style=\"font-family:Calibri;letter-spacing:0;font-size:16px\">La pompe \u00e0 air envoie le m\u00e9lange avec une certaine quantit\u00e9 d'air dans les cylindres de cong\u00e9lation.<\/span><\/p>\n<p style=\"margin-top:0;margin-right:0;margin-bottom:0;margin-left:0;text-indent:0;text-align:justify\"><span style=\"font-family:\u5b8b\u4f53;letter-spacing:0;font-size:16px\">-<\/span><span style=\"font-family:Calibri;letter-spacing:0;font-size:16px\">Le m\u00e9langeur maintient l'uniformit\u00e9 du m\u00e9lange dans les tr\u00e9mies.<\/span><\/p>\n<p style=\"margin-top:0;margin-right:0;margin-bottom:0;margin-left:0;text-indent:0;text-align:justify\"><span style=\"font-family:\u5b8b\u4f53;letter-spacing:0;font-size:16px\">-<\/span><span style=\"font-family:Calibri;letter-spacing:0;font-size:16px\">Le traitement thermique permet un nettoyage quotidien afin de maintenir le produit conforme aux normes de qualit\u00e9 et de s\u00e9curit\u00e9 jusqu'\u00e0 deux semaines avant le nettoyage complet et le d\u00e9montage.<\/span><\/p>\n<p style=\"margin-top:0;margin-right:0;margin-bottom:0;margin-left:0;text-indent:0;text-align:justify\"><span style=\"font-family:\u5b8b\u4f53;letter-spacing:0;font-size:16px\">-<\/span><span style=\"font-family:Calibri;letter-spacing:0;font-size:16px\">D\u00e9givrage <\/span><\/p>\n<p style=\"margin-top:0;margin-right:0;margin-bottom:0;margin-left:0;text-indent:0;text-align:justify\"><span style=\"font-family:Calibri;letter-spacing:0;font-size:16px\">- La d\u00e9cong\u00e9lation de production fait fondre rapidement le produit dans les deux cylindres, puis repasse en mode production pour reproduire. <\/span><\/p>\n<p style=\"margin-top:0;margin-right:0;margin-bottom:0;margin-left:0;text-indent:0;text-align:justify\"><span style=\"font-family:Calibri;letter-spacing:0;font-size:16px\">- Le lavage d\u00e9cong\u00e9lation fait fondre rapidement le produit dans les cylindres, ce qui r\u00e9duit consid\u00e9rablement les restes avant le nettoyage. <\/span><\/p>\n<p style=\"margin-top:0;margin-right:0;margin-bottom:0;margin-left:0;text-indent:0;text-align:justify\"><span style=\"font-family:\u5b8b\u4f53;letter-spacing:0;font-size:16px\">-<\/span><span style=\"font-family:Calibri;letter-spacing:0;font-size:16px\">D\u00e9sinfection<\/span><\/p>\n<p style=\"margin-top:0;margin-right:0;margin-bottom:0;margin-left:0;text-indent:0;text-align:justify\"><span style=\"font-family:Calibri;letter-spacing:0;font-size:16px\">- Fonction sp\u00e9ciale qui rend le processus d'assainissement semi-automatique et facile.<\/span><\/p>\n<p style=\"margin-top:0;margin-right:0;margin-bottom:0;margin-left:0;text-indent:0;text-align:justify\"><span style=\"font-family:Calibri;letter-spacing:0;font-size:16px\">- Il n'est pas n\u00e9cessaire de d\u00e9monter la machine pour nettoyer le bloc de la gorge, la pompe \u00e0 air, le batteur et le cylindre. <\/span><\/p>\n<p style=\"margin-top:0;margin-right:0;margin-bottom:0;margin-left:0;text-indent:0;text-align:justify\"><span style=\"font-family:\u5b8b\u4f53;letter-spacing:0;font-size:16px\">-<\/span><span style=\"font-family:Calibri;letter-spacing:0;font-size:16px\">Le compteur permet \u00e0 l'op\u00e9rateur de visualiser le nombre de portions distribu\u00e9es.<\/span><\/p>\n<p style=\"line-height: 1.75em\"><span style=\"font-size: 18px\"><strong><br \/><\/strong><\/span><\/p>\n<p style=\"line-height: 1.75em\"><\/p>\n<p style=\"line-height: 1.75em\">&nbsp;<\/p>\n<\/div>\n<\/div>\n<\/div>\n<\/div>\n<p>&nbsp;<\/p>\n<div class=\"text-left d-tem09-title d-interval\" data-detail=\"wrap\">\n<div class=\"title-header\">\n<h2><strong><span style=\"font-family: arial, helvetica, sans-serif;font-size: 24px\"><a name=\"PRODUCT SPECIFICATION\"><\/a>SP\u00c9CIFICATION DU PRODUIT<\/span><\/strong><\/h2>\n<p><span>L'excellence de l'exp\u00e9rience client est le point de d\u00e9part de Hommy.<\/span><\/p>\n<p><span><img decoding=\"async\" src=\"https:\/\/www.hommy.com\/wp-content\/uploads\/15865866043625.png\" title=\"uploads\/www.hommy.com\/images\/https:\/\/www.hommy.com\/wp-content\/uploads\/15865866043625.png\" alt=\"image.png\" \/><\/span><\/p>\n<p><span><br \/><\/span><\/p>\n<h2><strong><span style=\"font-size: 24px;font-family: arial, helvetica, sans-serif\"><a name=\"PRODUCT SPECIFICATION\"><\/a>SP\u00c9CIFICATION DU PRODUIT<\/span><\/strong><br \/><\/h2>\n<p><\/p>\n<p>Hommy produit des machines \u00e0 glaces depuis 20 ans, les distributeurs automatiques de glaces ajoutent des fonctions de glaces douces, car il n'y a pas de personnel pour assurer le service tout le temps. Nous nous basons sur ce capteur suppl\u00e9mentaire et utilisons un logiciel pour le contr\u00f4ler, ce qui est de bonne qualit\u00e9 et de bonne fonction.<\/p>\n<\/div>\n<\/div>\n<div class=\"d-tem01-graphic tem01-graphic mockup\" data-detail=\"wrap\">\n<div class=\"cont-section clearfix d-clearfix\">\n<div class=\"col-md-6 col-sm-6 col-xs-6\">\n<div class=\"right-p\">\n<div class=\"h2 heading\">D\u00e9givrage&nbsp;<\/div>\n<p><\/p>\n<p><span style=\"letter-spacing: 0px;font-family: \u5b8b\u4f53;font-size: 16px\">Lorsque la machine fonctionne pendant une heure, il n'y a pas de vente de glace, le cylindre est parfois bloqu\u00e9, nous avons mis en place un syst\u00e8me de d\u00e9givrage automatique, de sorte que la machine peut encore fonctionner et d\u00e9givrer la glace \u00e0 l'int\u00e9rieur et produire une glace de bonne qualit\u00e9 ou un yaourt glac\u00e9.&nbsp;<\/span><\/p>\n<\/div>\n<div class=\"graphic_pic animated wow bounceIn\" data-wow-delay=\".7s\">\n<p style=\"text-align: center\"><img loading=\"lazy\" decoding=\"async\" width=\"393\" height=\"211\" title=\"\" style=\"width: 415px\" alt=\"produit-distributeur automatique -img\" src=\"https:\/\/www.hommy.com\/wp-content\/uploads\/15788853994504-3.png\"><\/p>\n<p><\/p>\n<p>&nbsp; &nbsp; &nbsp; &nbsp; &nbsp; &nbsp;<\/p><\/div>\n<\/div>\n<div class=\"col-md-6 col-sm-6 col-xs-6\">\n<div class=\"right-p\">\n<div class=\"h2 heading\">Pompe \u00e0 air&nbsp;<\/div>\n<div class=\"description\">\n<p><span style=\"letter-spacing: 0px;font-family: \u5b8b\u4f53;font-size: 16px\">D\u00e9passement r\u00e9glable de 20% \u00e0 80%, r\u00e9duit la production de cristaux de glace, donne au yaourt glac\u00e9 (cr\u00e8me glac\u00e9e) un go\u00fbt lisse et un aspect blanc ; r\u00e9duit l'utilisation de mati\u00e8res premi\u00e8res, augmente les profits.<\/span><\/p>\n<p>.<\/p><\/div>\n<\/div>\n<div class=\"graphic_pic animated wow bounceIn\" data-wow-delay=\".7s\"><img loading=\"lazy\" decoding=\"async\" width=\"473\" height=\"228\" title=\"\" style=\"width: 473px\" alt=\"distributeur automatique de produits -Hommy-img\" src=\"https:\/\/www.hommy.com\/wp-content\/uploads\/15787019643805-3.png\"><br \/>\n &nbsp; &nbsp; &nbsp; &nbsp; &nbsp; &nbsp;<\/div>\n<\/div>\n<\/div>\n<\/div>\n<p>&nbsp;<\/p>\n<p>&nbsp;<\/p>\n<div class=\"d-tem01-graphic tem01-graphic mockup\" data-detail=\"wrap\">\n<div class=\"cont-section clearfix d-clearfix\">\n<div class=\"col-md-6 col-sm-6 col-xs-6\">\n<div class=\"right-p\">\n<div class=\"h2 heading\">Pasteurisation&nbsp;<\/div>\n<div class=\"description\"><span style=\"letter-spacing: 0px;font-family: \u5b8b\u4f53;font-size: 16px\">Si vous vendez des glaces la nuit, le syst\u00e8me se d\u00e9clenche automatiquement Pasteurisation : peut tuer <\/span><span style=\"font-family: Calibri;font-size: 16px\">les bact\u00e9ries <\/span><span style=\"font-family: \u5b8b\u4f53;font-size: 16px\">que <\/span><span style=\"font-family: Calibri;font-size: 16px\">produire<\/span><span style=\"font-family: \u5b8b\u4f53;font-size: 16px\">&nbsp;<\/span><span style=\"font-family: Calibri;font-size: 16px\">\u00e0 l'int\u00e9rieur de la machine<\/span><span style=\"font-family: \u5b8b\u4f53;font-size: 16px\">&nbsp;de -5<\/span><span style=\"font-family: \u5b8b\u4f53;font-size: 16px\">\u2103<\/span><span style=\"font-family: \u5b8b\u4f53;font-size: 16px\">&nbsp;<\/span><span style=\"font-family: Arial;font-size: 16px\">\u2192<\/span><span style=\"font-family: \u5b8b\u4f53;font-size: 16px\">&nbsp;<\/span><span style=\"font-family: \u5b8b\u4f53;font-size: 16px\">65<\/span><span style=\"font-family: \u5b8b\u4f53;font-size: 16px\">\u2103<\/span><span style=\"font-family: Arial;font-size: 16px\">\u2192<\/span><span style=\"font-family: \u5b8b\u4f53;font-size: 16px\">&nbsp;-5<\/span><span style=\"font-family: \u5b8b\u4f53;font-size: 16px\">\u2103<\/span><span style=\"font-family: Calibri;font-size: 16px\">processus<\/span><span style=\"font-family: \u5b8b\u4f53;font-size: 16px\">&nbsp;(d\u00e9sinfecter le cylindre de chargement et la mati\u00e8re premi\u00e8re \u00e0 l'int\u00e9rieur, puis r\u00e9frig\u00e9rer jusqu'\u00e0 l'\u00e9tat de r\u00e9servation). Vous pouvez donc conserver la machine pendant 14 jours en une seule fois.&nbsp;<\/span>&nbsp;&nbsp;&nbsp;&nbsp;&nbsp;&nbsp;&nbsp;&nbsp;&nbsp;&nbsp;&nbsp;&nbsp;<\/p>\n<p style=\"text-align: center\"><img decoding=\"async\" title=\"\" alt=\"produit-HM931S distributeur automatique de cr\u00e8mes glac\u00e9es-Hommy-img\" src=\"https:\/\/www.hommy.com\/wp-content\/uploads\/15787019009152-3.png\"><\/p>\n<\/div>\n<\/div>\n<\/div>\n<div class=\"col-md-6 col-sm-6 col-xs-6\">\n<div class=\"right-p\">\n<div class=\"h2 heading\">Laisser le capteur<\/div>\n<div class=\"description\"><span style=\"font-family: \u5b8b\u4f53;font-size: 16px\">Laisser le capteur avoir <\/span><span style=\"font-family: Calibri;font-size: 16px\">Deuxi\u00e8me \u00e9tape, la premi\u00e8re \u00e9tape de l'alarme de niveau de mat\u00e9riau manquant, la deuxi\u00e8me \u00e9tape de l'arr\u00eat automatique.<\/span><span style=\"font-family: \u5b8b\u4f53;font-size: 16px\">&nbsp;Lorsque vous recevez le premier message, vous avez un peu de temps pour ajouter du mat\u00e9riel, il n'est pas n\u00e9cessaire d'arr\u00eater la machine pour la faire fonctionner. <\/span><\/div>\n<\/div>\n<div class=\"graphic_pic animated wow bounceIn\" data-wow-delay=\".7s\">\n<p style=\"text-align: center\"><img loading=\"lazy\" decoding=\"async\" width=\"473\" height=\"306\" title=\"\" style=\"width: 203px\" alt=\"produit-Hommy-img\" src=\"https:\/\/www.hommy.com\/wp-content\/uploads\/15788874673345-3.jpg\"><\/p>\n<\/div>\n<\/div>\n<\/div>\n<\/div>\n<p><\/p>\n<p>&nbsp;<\/p>\n<div class=\"d-tem01-graphic tem01-graphic mockup\" data-detail=\"wrap\">\n<div class=\"cont-section clearfix d-clearfix\">\n<div class=\"col-md-6 col-sm-6 col-xs-6\">\n<div class=\"right-p\">\n<div class=\"h2 heading\">Fonction de promotion<\/div>\n<div class=\"description\">\n<p style=\"font-family: Calibri;font-size: 16px;font-style: normal;font-weight: normal;margin-top: 0px;margin-bottom: 0px\"><span style=\"font-family: \u5b8b\u4f53;font-size: 16px\">La machine \u00e0 l'int\u00e9rieur a une fonction de promotion, vous pouvez configurer la promotion \u00e0 n'importe quel moment du jour \u00e0 l'heure. Vous pouvez configurer la deuxi\u00e8me cr\u00e8me glac\u00e9e \u00e0 moiti\u00e9 prix, ce qui permet au client de b\u00e9n\u00e9ficier d'une r\u00e9duction plus importante. <\/span><\/p>\n<p style=\"margin: 1em 0px 13px\"><span style=\"font-family: \u5b8b\u4f53;font-size: 16px\"><span>&nbsp;&nbsp;&nbsp;Cela peut vous aider \u00e0 ajouter des quantit\u00e9s \u00e0 vendre.<\/span><\/span><\/p>\n<\/div>\n<\/div>\n<div class=\"graphic_pic animated wow bounceIn\" data-wow-delay=\".7s\">\n<p style=\"text-align: center\"><img decoding=\"async\" title=\"\" alt=\"produit-Hommy-img-1\" src=\"https:\/\/www.hommy.com\/wp-content\/uploads\/15788858121941-3.png\"><\/p>\n<\/div>\n<\/div>\n<div class=\"col-md-6 col-sm-6 col-xs-6\">\n<div class=\"right-p\">\n<div class=\"h2 heading\">Une langue diff\u00e9rente<\/div>\n<div class=\"description\">\n<p style=\"font-family: Calibri;font-size: 16px;font-style: normal;font-weight: normal;margin-top: 0px;margin-bottom: 0px\"><span style=\"font-family: \u5b8b\u4f53;font-size: 16px\">L'int\u00e9rieur de la machine est disponible en plusieurs langues : chinois, anglais, polonais, arabe saoudien, malaisien, tha\u00eflandais, espagnol.<\/span><\/p>\n<p>.<\/p><\/div>\n<\/div>\n<div class=\"graphic_pic animated wow bounceIn\" data-wow-delay=\".7s\">\n<p style=\"text-align: center\"><img loading=\"lazy\" decoding=\"async\" width=\"404\" height=\"209\" title=\"\" style=\"width: 271px\" alt=\"produit-Hommy-HM931S distributeur automatique de glace-img-1\" src=\"https:\/\/www.hommy.com\/wp-content\/uploads\/15788858317746-3.png\"><\/p>\n<\/div>\n<\/div>\n<\/div>\n<\/div>\n<p>Document\uff1a<img decoding=\"async\" src=\"https:\/\/www.hommy.com\/wp-content\/uploads\/icon_pdf-6.gif\" style=\"margin-right: 2px\" alt=\"produit-distributeur automatique -img-1\" title=\"\"><a href=\"https:\/\/img80002414.weyesimg.com\/uploads\/www.hommy.com\/addon\/16028339783025.pdf\" title=\"16028339783025.pdf\" style=\"font-size: 12px\">16028339783025.pdf<\/a><\/p>\n<h2>Est <a style=\"color:blue\" href=\"\/fr\/\">sorbeti\u00e8re<\/a> en vaut-il la peine ?<\/h2>\n<p style=\"margin-top: 5px;margin-bottom: 5px\">Mon fils est un grand amateur de cr\u00e8me glac\u00e9e. Il l'aime parce qu'elle a le go\u00fbt de la glace et parce qu'il peut la garnir. Lorsque nous allons au magasin, il demande toujours de la glace \u00e0 la vanille avec des p\u00e9pites de chocolat, du sirop de chocolat et des \u00e9clats de chocolat. Je pense que ce serait g\u00e9nial de pouvoir faire mes propres glaces ou de faire les siennes.<\/p>\n<p style=\"margin-top: 5px;margin-bottom: 5px\"><\/p>\n<h2>Combien cela co\u00fbte-t-il de fabriquer sa propre glace ?<\/h2>\n<p style=\"margin-top: 5px;margin-bottom: 5px\">La glace est un excellent moyen de refroidir les boissons et les aliments. La plupart du temps, les gens utilisent une machine qui fait le travail \u00e0 leur place. Il existe de nombreux types de machines \u00e0 gla\u00e7ons qui peuvent \u00eatre utilis\u00e9es pour produire de la glace, notamment les machines \u00e0 gla\u00e7ons domestiques, que l'on peut acheter ou construire soi-m\u00eame. La plupart de ces machines produisent de grandes quantit\u00e9s de glace \u00e0 la fois. C'est id\u00e9al pour les f\u00eates et les rassemblements. Si vous voulez fabriquer votre propre glace \u00e0 la maison, c'est facile \u00e0 faire et il existe de nombreux tutoriels sur la fa\u00e7on de proc\u00e9der.<\/p>\n<p style=\"margin-top: 5px;margin-bottom: 5px\"><\/p>\n<h2>Sont <a style=\"color:blue\" href=\"https:\/\/www.hommy.com\/fr\/distributeur-automatique\/\">distributeur automatique de glaces<\/a>rentable ?<\/h2>\n<p style=\"margin-top: 5px;margin-bottom: 5px\">Les distributeurs automatiques de glaces sont tr\u00e8s rentables pour leurs propri\u00e9taires. Les gens aiment les glaces et sont pr\u00eats \u00e0 payer pour en avoir. Les marges b\u00e9n\u00e9ficiaires de ces machines sont plus \u00e9lev\u00e9es que celles des autres machines. Les distributeurs automatiques de glaces sont utilis\u00e9s par les masses pour satisfaire leurs envies de glaces. Ces machines sont capables de fournir toutes sortes de parfums de cr\u00e8me glac\u00e9e que les gens peuvent d\u00e9guster chez eux. Ces machines sont largement utilis\u00e9es dans les universit\u00e9s, les a\u00e9roports, les caf\u00e9s et les magasins de proximit\u00e9. Les distributeurs automatiques de glaces sont \u00e9quip\u00e9s de diff\u00e9rents parfums de glaces et d'autres types de produits.<\/p>\n<\/p><\/div>","protected":false},"excerpt":{"rendered":"<p>&nbsp;Vending sundae ice cream machine Vending sundae ice cream machine|RODUCT FEATURES|Vending Sundae ice cream machine|PRODUCT SPECIFICATION|PRODUCT SPECIFICATION Our wide range of quality-approved Ice Cream Self Vending Machine ensures that the produced ice creams, milk shakes, are of unmatched quality and that you can be certain of their taste, texture, and aroma. Our production of Ice [&hellip;]<\/p>\n","protected":false},"featured_media":251,"comment_status":"open","ping_status":"open","template":"","meta":{"_swt_meta_header_display":false,"_swt_meta_footer_display":false,"_swt_meta_site_title_display":false,"_swt_meta_sticky_header":false,"_swt_meta_transparent_header":false},"product_brand":[],"product_cat":[71,68],"product_tag":[],"class_list":{"0":"post-260","1":"product","2":"type-product","3":"status-publish","4":"has-post-thumbnail","6":"product_cat-ice-cream-vending-machine","7":"product_cat-vending-machine","9":"first","10":"instock","11":"shipping-taxable","12":"product-type-simple"},"_links":{"self":[{"href":"https:\/\/www.hommy.com\/fr\/wp-json\/wp\/v2\/product\/260","targetHints":{"allow":["GET"]}}],"collection":[{"href":"https:\/\/www.hommy.com\/fr\/wp-json\/wp\/v2\/product"}],"about":[{"href":"https:\/\/www.hommy.com\/fr\/wp-json\/wp\/v2\/types\/product"}],"replies":[{"embeddable":true,"href":"https:\/\/www.hommy.com\/fr\/wp-json\/wp\/v2\/comments?post=260"}],"wp:featuredmedia":[{"embeddable":true,"href":"https:\/\/www.hommy.com\/fr\/wp-json\/wp\/v2\/media\/251"}],"wp:attachment":[{"href":"https:\/\/www.hommy.com\/fr\/wp-json\/wp\/v2\/media?parent=260"}],"wp:term":[{"taxonomy":"product_brand","embeddable":true,"href":"https:\/\/www.hommy.com\/fr\/wp-json\/wp\/v2\/product_brand?post=260"},{"taxonomy":"product_cat","embeddable":true,"href":"https:\/\/www.hommy.com\/fr\/wp-json\/wp\/v2\/product_cat?post=260"},{"taxonomy":"product_tag","embeddable":true,"href":"https:\/\/www.hommy.com\/fr\/wp-json\/wp\/v2\/product_tag?post=260"}],"curies":[{"name":"wp","href":"https:\/\/api.w.org\/{rel}","templated":true}]}}