{"id":250,"date":"2024-07-02T12:21:26","date_gmt":"2024-07-02T12:21:26","guid":{"rendered":"http:\/\/localhost\/hommywp\/hm116t-hot-sale-types-of-soft-ice-cream-vending-machines-wholesale\/"},"modified":"2025-08-01T09:57:30","modified_gmt":"2025-08-01T09:57:30","slug":"distributeur-automatique-de-glaces-de-table","status":"publish","type":"product","link":"https:\/\/www.hommy.com\/fr\/p\/distributeur-automatique-de-glaces-de-table\/","title":{"rendered":"HM116T Distributeurs automatiques de cr\u00e8mes glac\u00e9es vendues \u00e0 chaud Wholesale"},"content":{"rendered":"<div>\n<p style=\"text-align: center\"><span style=\"font-size: 20px\"><br \/><\/span><\/p>\n<h2 style=\"text-align: center\"><strong><span style=\"font-family: arial, helvetica, sans-serif;font-size: 24px\">Distribution automatique de table <a style=\"color:blue\" href=\"\/fr\/\">machine \u00e0 glace<\/a><\/span><\/strong><\/h2>\n<p style=\"text-align: center\"><span style=\"font-size: 16px;font-family: arial, helvetica, sans-serif\"><a href=\"#PRODUCT FEATURES\" target=\"_self\" data-lv=\"0\" rel=\"noopener\">CARACT\u00c9RISTIQUES DU PRODUIT<\/a>|<a href=\"#Table top vending ice cream machine\" target=\"_self\" data-lv=\"0\" rel=\"noopener\">Distributeur automatique de glaces de table<\/a>|<a href=\"#PRODUCT SPECIFICATION\" target=\"_self\" data-lv=\"0\" rel=\"noopener\">SP\u00c9CIFICATION DU PRODUIT<\/a>|<a href=\"#PRODUCT ADVANTAGE\" target=\"_self\" data-lv=\"0\" rel=\"noopener\">AVANTAGE DU PRODUIT<\/a>|<a href=\"#Table top vending ice cream machine\" target=\"_self\" data-lv=\"0\" rel=\"noopener\">Distributeur automatique de glaces de table<\/a><\/span><\/p>\n<p><span style=\"font-size: 20px\"><br \/><\/span><\/p>\n<p><!-- Video start --><video poster=\"https:\/\/img80002414.weyesimg.com\/uploads\/wij2rdgc.allweyes.com\/video\/15553973509836.mp4?vframe\/jpg\/offset\/1\" id=\"video\" preload=\"auto\" controls=\"controls\" style=\"width:100%;height:510px\"><\/video><!-- Video end --><\/p>\n<p><!-- Video start --><video poster=\"https:\/\/img80002414.weyesimg.com\/uploads\/wij2rdgc.allweyes.com\/video\/15553974149008.mp4?vframe\/jpg\/offset\/1\" id=\"video\" preload=\"auto\" controls=\"controls\" style=\"width:100%;height:510px\"><\/video><!-- Video end --><\/p>\n<div class=\"text-left d-tem09-title d-interval\" data-detail=\"wrap\">\n<p><h2><strong><span style=\"font-size: 24px;font-family: arial, helvetica, sans-serif\"><\/span><\/strong><\/h2>\n<p>Si vous aimez les glaces molles mais que vous d\u00e9testez les longues files d'attente chez votre glacier pr\u00e9f\u00e9r\u00e9, vous avez besoin d'une glace molle de table. <a style=\"color:blue\" href=\"https:\/\/www.hommy.com\/fr\/distributeur-automatique\/\">distributeur automatique de glaces<\/a> de notre activit\u00e9.<\/p>\n<p>Que vous recherchiez un mod\u00e8le de table pour votre magasin de cr\u00e8me glac\u00e9e ou un mod\u00e8le de sol pour votre d\u00e9panneur, nous avons ce qu'il vous faut. Nous proposons une grande vari\u00e9t\u00e9 de distributeurs automatiques de glaces molles, vous \u00eates donc s\u00fbr de trouver celui qui convient le mieux \u00e0 votre entreprise.<\/p>\n<p>Nos mod\u00e8les de table sont parfaits pour les marchands de glaces, les stands de concession et autres entreprises disposant d'un espace limit\u00e9. Si votre entreprise est plus grande ou si vous recherchez une machine capable de traiter un plus grand nombre de clients, nos mod\u00e8les sur pied sont une excellente option. Quel que soit le mod\u00e8le que vous choisissez, vous pouvez \u00eatre s\u00fbr de disposer d'une machine fiable et de grande qualit\u00e9. Pour plus d'informations sur la fa\u00e7on dont nos distributeurs automatiques peuvent vous aider \u00e0 augmenter vos ventes, contactez-nous d\u00e8s aujourd'hui.<\/p>\n<h2><strong><span style=\"font-size: 24px;font-family: arial, helvetica, sans-serif\"><a name=\"PRODUCT FEATURES\"><\/a>CARACT\u00c9RISTIQUES DU PRODUIT<\/span><\/strong><\/h2>\n<div class=\"subtitle\"><span>L'usine de Hommy couvre une superficie de 30 500 m\u00e8tres carr\u00e9s dans la ville de Xinhui Jiangmen. Elle comprend des lignes de production flexibles, un laboratoire de R&amp;D, un centre d'apprentissage et un atelier \u00e9quip\u00e9 de mat\u00e9riel de pointe.<\/span><\/div>\n<\/p>\n<\/div>\n<p>&nbsp;<\/p>\n<div class=\"d-tem11-graphic tem11-graphic mockup\" data-detail=\"wrap\">\n<div class=\"tab_row\">\n<div class=\"img\" style=\"width: 50%\"><img decoding=\"async\" title=\"\" alt=\"product-HM116T Distributeur automatique de glaces de table-Hommy-img\" src=\"https:\/\/www.hommy.com\/wp-content\/uploads\/15553978716753.jpg\"><\/div>\n<div class=\"text_box\" style=\"width: 50%\">\n<div class=\"txt\">\n<p><strong style=\"color: inherit;font-family: inherit;font-size: 30px\"><span style=\"font-family: arial, helvetica, sans-serif;font-size: 24px\"><a name=\"Table top vending ice cream machine\"><\/a>Distributeur automatique de glaces de table<\/span><\/strong><\/p>\n<p>&nbsp;<\/p>\n<p style=\"line-height: 1.5em\">Contr\u00f4leur de type tablette \u00e0 \u00e9cran tactile de 10,1 pouces avec syst\u00e8me Android<br \/>\u00c9tats de la machine (temp\u00e9rature de la tr\u00e9mie et du cylindre, r\u00e9glage rationn\u00e9, processus de production, erreur, alerte sur le niveau de mat\u00e9riau, prix)<br \/>V\u00e9rification des donn\u00e9es (volume des ventes)<br \/>Contr\u00f4le de la distribution<br \/>R\u00e9glages de la machine<br \/>Fonctionnement intelligent<br \/>Fonction d'envoi d'une alerte au t\u00e9l\u00e9phone portable<br \/>L'int\u00e9rieur de la machine a plus de fonctions, ce qui peut vous aider \u00e0 \u00e9conomiser plus de co\u00fbts artificiels : <br \/>Le syst\u00e8me de pr\u00e9-refroidissement maintient le m\u00e9lange en dessous de 5\u2103 en mode automatique et en mode veille.<br \/>Le m\u00e9langeur maintient l'uniformit\u00e9 du m\u00e9lange dans les tr\u00e9mies.<br \/>Le traitement thermique permet un nettoyage quotidien afin de maintenir le produit conforme aux normes de qualit\u00e9 et de s\u00e9curit\u00e9 jusqu'\u00e0 deux semaines avant le nettoyage complet et le d\u00e9montage.<br \/><span style=\"font-size: 18px\"><strong><br \/><\/strong><\/span><\/p>\n<p style=\"line-height: 1.5em\"><span style=\"font-size: 18px\"><strong>D\u00e9givrage<\/strong><\/span> <br \/>La d\u00e9cong\u00e9lation de production fait fondre rapidement le produit dans les deux cylindres, puis repasse en mode production pour reproduire. <br \/>Le lavage d\u00e9cong\u00e9lation fait fondre rapidement le produit dans les cylindres, ce qui r\u00e9duit consid\u00e9rablement les restes avant le nettoyage. <br \/><span style=\"font-size: 18px\"><strong><br \/><\/strong><\/span><\/p>\n<p style=\"line-height: 1.5em\"><span style=\"font-size: 18px\"><strong>D\u00e9sinfection<\/strong><\/span><br \/>Fonction sp\u00e9ciale qui rend le processus d'assainissement semi-automatique et facile.<br \/>Il n'est pas n\u00e9cessaire de d\u00e9monter la machine pour nettoyer le bloc de la gorge, la pompe \u00e0 air, le batteur et le cylindre. <br \/>Le compteur permet \u00e0 l'op\u00e9rateur de visualiser le nombre de portions distribu\u00e9es.<\/p>\n<p>&nbsp;<\/p>\n<\/div>\n<\/div>\n<\/div>\n<\/div>\n<p>&nbsp; &nbsp; &nbsp; &nbsp;<\/p>\n<p>&nbsp; &nbsp; &nbsp;<\/p>\n<h2><span style=\"font-size: 24px\">&nbsp; &nbsp;<strong><span style=\"font-family: arial, helvetica, sans-serif;font-size: 24px\"><a name=\"PRODUCT SPECIFICATION\"><\/a>SP\u00c9CIFICATION DU PRODUIT<\/span><\/strong><\/span><\/h2>\n<p><span>&nbsp; &nbsp; &nbsp;L'excellence de l'exp\u00e9rience client est le point de d\u00e9part de Hommy.<\/span><\/p>\n<div class=\"text-left d-tem09-title d-interval\" data-detail=\"wrap\">\n<div class=\"title-header\">\n<p><span style=\"font-size: 24px\"><img decoding=\"async\" src=\"https:\/\/www.hommy.com\/wp-content\/uploads\/15866026037065.png\" title=\"uploads\/www.hommy.com\/images\/https:\/\/www.hommy.com\/wp-content\/uploads\/15866026037065.png\" alt=\"image.png\" \/><\/span><\/p>\n<p><span style=\"font-size: 24px\"><br \/><\/span><\/p>\n<h2><strong><span style=\"font-size: 24px;font-family: arial, helvetica, sans-serif\"><a name=\"PRODUCT ADVANTAGE\"><\/a>AVANTAGE DU PRODUIT<\/span><\/strong><br \/><\/h2>\n<div class=\"subtitle\"><span>En outre, des ing\u00e9nieurs hautement qualifi\u00e9s, des technologues comp\u00e9tents et un personnel bien inform\u00e9 contribuent largement au d\u00e9veloppement de l'entreprise.<\/span><\/div>\n<\/div>\n<\/div>\n<p><\/p>\n<div class=\"d-tem04-promotion d-tem01-promotion mockup\" data-detail=\"wrap\">\n<div class=\"cont-section\">\n<div class=\"main\">\n<div class=\"header text-center\">\n<h2><strong><span style=\"font-family: arial, helvetica, sans-serif;font-size: 24px\"><a name=\"Table top vending ice cream machine\"><\/a>Distributeur automatique de glaces de table<\/span><\/strong><\/h2>\n<div class=\"subtitle\" style=\"text-align: left\">\n<p><\/p>\n<p style=\"line-height: 2em\"><strong><span><\/span><\/strong>D\u00e9cong\u00e9lation : lorsque la machine fonctionne pendant une heure et qu'il n'y a pas de vente de glace, le cylindre sera bloqu\u00e9 pendant un certain temps, nous avons mis en place un syst\u00e8me de d\u00e9cong\u00e9lation automatique, de sorte que la machine puisse continuer \u00e0 fonctionner et \u00e0 d\u00e9congeler la glace \u00e0 l'int\u00e9rieur et produire une glace ou un yaourt glac\u00e9 de bonne qualit\u00e9.<\/p>\n<p style=\"line-height: 2em\"><strong><span><\/span><\/strong>L'encenseur de sortie a une deuxi\u00e8me phase, la premi\u00e8re phase d'alarme de niveau de mat\u00e9riau manquant, la deuxi\u00e8me phase d'arr\u00eat automatique. Lorsque vous recevez le premier message, vous avez un peu de temps pour ajouter du mat\u00e9riel, il n'est pas n\u00e9cessaire d'arr\u00eater la machine pour la faire fonctionner.<\/p>\n<p style=\"line-height: 2em\"><strong><span><\/span><\/strong>La machine \u00e0 l'int\u00e9rieur a une fonction de promotion, vous pouvez configurer du lundi au vendredi de 10:00 \u00e0 12:00 acheter des glaces avec une certaine r\u00e9duction.<br \/>\n &nbsp; Cela peut vous aider \u00e0 ajouter des quantit\u00e9s \u00e0 vendre.<\/p>\n<p style=\"line-height: 2em\"><strong><span><\/span><\/strong>L'int\u00e9rieur de la machine est disponible en plusieurs langues : chinois, anglais, polonais, arabe saoudien, malaisien, tha\u00eflandais, espagnol.<\/p>\n<\/div>\n<\/div>\n<\/div>\n<\/div>\n<\/div>\n<p>&nbsp;Document\uff1a<img decoding=\"async\" src=\"https:\/\/www.hommy.com\/wp-content\/uploads\/icon_pdf-5.gif\" style=\"margin-right: 2px\" alt=\"produit-Hommy-img\" title=\"\"><a href=\"https:\/\/img80002414.weyesimg.com\/uploads\/www.hommy.com\/addon\/16028346312026.pdf\" title=\"16028346312026.pdf\" style=\"font-size: 12px\">16028346312026.pdf<\/a><\/p>\n<h2 style=\"font-family: sans-serif\">Les machines \u00e0 glaces produisent-elles des boissons rafra\u00eechissantes ?<\/h2>\n<p style=\"margin-top: 5px;margin-bottom: 5px;font-family: sans-serif;font-size: 16px\">R\u00e9ponse courte : oui, les modernes le font. En fait, elles sont tellement bonnes qu'elles viennent d'en acqu\u00e9rir une nouvelle, et il y a une raison \u00e0 cela. La r\u00e9ponse longue : j'ai essay\u00e9 plusieurs types de machines \u00e0 glace. Cette petite KitchenAid fait de d\u00e9licieuses glaces \u00e0 l'italienne, mais ce n'est pas de cela dont je parle ici... Ce dont je parle, c'est de faire de la glace sans machine \u00e0 glace.<\/p>\n<p style=\"margin-top: 5px;margin-bottom: 5px;font-family: sans-serif;font-size: 16px\"><\/p>\n<h2 style=\"font-family: sans-serif\">Combien co\u00fbte un <a style=\"color:blue\" href=\"https:\/\/www.hommy.com\/fr\/machine-a-glace-molle\/\">sorbeti\u00e8re \u00e0 glace molle<\/a>?<\/h2>\n<p style=\"margin-top: 5px;margin-bottom: 5px;font-family: sans-serif;font-size: 16px\">Il s'agit d'un produit de luxe. Le prix de d\u00e9tail d'un soft <a style=\"color:blue\" href=\"\/fr\/\">sorbeti\u00e8re<\/a> Le prix du produit commence g\u00e9n\u00e9ralement \u00e0 $50 et varie de $150 \u00e0 $300, en fonction des caract\u00e9ristiques et de la conception du produit. Plus le fabricant propose de fonctions et de mod\u00e8les, plus le prix est \u00e9lev\u00e9. Mais ne vous inqui\u00e9tez pas, vous en aurez pour votre argent !<\/p>\n<p style=\"margin-top: 5px;margin-bottom: 5px;font-family: sans-serif;font-size: 16px\"><\/p>\n<h2 style=\"font-family: sans-serif\">Combien co\u00fbte une machine \u00e0 softies ?<\/h2>\n<p style=\"margin-top: 5px;margin-bottom: 5px;font-family: sans-serif;font-size: 16px\">L'une des questions les plus fr\u00e9quemment pos\u00e9es lors du San Diego Comic Con et d'autres conventions de bandes dessin\u00e9es, o\u00f9 j'ai l'occasion de voir et de vendre de nouvelles marchandises pour la premi\u00e8re fois, est la suivante : \"Combien co\u00fbte ce truc ?\". \"Combien \u00e7a co\u00fbte ?\" disent-ils en regardant ce qu'ils ont dans la main. \"Combien co\u00fbte une grosse bo\u00eete rose ?\"<\/p>\n<p style=\"margin-top: 5px;margin-bottom: 5px;font-family: sans-serif;font-size: 16px\">Il s'agit g\u00e9n\u00e9ralement d'une petite bo\u00eete contenant un objet et ce qu'elle contient habituellement, c'est une seule chose dans une bo\u00eete. Il peut s'agir d'une figurine, d'un t-shirt, d'une bande dessin\u00e9e, d'un jeu, d'un poster, d'un tee-shirt ou d'une peluche ou m\u00eame simplement d'un jouet g\u00e9nial, selon ce que la personne qui l'ach\u00e8te a en t\u00eate. La question est g\u00e9n\u00e9ralement pos\u00e9e \u00e0 propos d'une bo\u00eete ou d'un tas de choses dans une bo\u00eete et g\u00e9n\u00e9ralement on me demande combien co\u00fbte la bo\u00eete, ce qui est g\u00e9n\u00e9ralement juste demand\u00e9 et r\u00e9pondu dans le cas d'achats en convention car j'ai fix\u00e9 des prix pour les bo\u00eetes.<\/p>\n<\/div><\/div>","protected":false},"excerpt":{"rendered":"<p>Table top vending ice cream machine PRODUCT FEATURES|Table top vending ice cream machine|PRODUCT SPECIFICATION|PRODUCT ADVANTAGE|Table top vending ice cream machine If you love soft ice cream but hate the long lines at your favorite ice cream shop, then you need a table top soft ice cream vending machine from our business. Whether you\u2019re looking for [&hellip;]<\/p>\n","protected":false},"featured_media":247,"comment_status":"open","ping_status":"open","template":"","meta":{"_swt_meta_header_display":false,"_swt_meta_footer_display":false,"_swt_meta_site_title_display":false,"_swt_meta_sticky_header":false,"_swt_meta_transparent_header":false},"product_brand":[],"product_cat":[71,68],"product_tag":[],"class_list":{"0":"post-250","1":"product","2":"type-product","3":"status-publish","4":"has-post-thumbnail","6":"product_cat-ice-cream-vending-machine","7":"product_cat-vending-machine","9":"first","10":"instock","11":"shipping-taxable","12":"product-type-simple"},"_links":{"self":[{"href":"https:\/\/www.hommy.com\/fr\/wp-json\/wp\/v2\/product\/250","targetHints":{"allow":["GET"]}}],"collection":[{"href":"https:\/\/www.hommy.com\/fr\/wp-json\/wp\/v2\/product"}],"about":[{"href":"https:\/\/www.hommy.com\/fr\/wp-json\/wp\/v2\/types\/product"}],"replies":[{"embeddable":true,"href":"https:\/\/www.hommy.com\/fr\/wp-json\/wp\/v2\/comments?post=250"}],"wp:featuredmedia":[{"embeddable":true,"href":"https:\/\/www.hommy.com\/fr\/wp-json\/wp\/v2\/media\/247"}],"wp:attachment":[{"href":"https:\/\/www.hommy.com\/fr\/wp-json\/wp\/v2\/media?parent=250"}],"wp:term":[{"taxonomy":"product_brand","embeddable":true,"href":"https:\/\/www.hommy.com\/fr\/wp-json\/wp\/v2\/product_brand?post=250"},{"taxonomy":"product_cat","embeddable":true,"href":"https:\/\/www.hommy.com\/fr\/wp-json\/wp\/v2\/product_cat?post=250"},{"taxonomy":"product_tag","embeddable":true,"href":"https:\/\/www.hommy.com\/fr\/wp-json\/wp\/v2\/product_tag?post=250"}],"curies":[{"name":"wp","href":"https:\/\/api.w.org\/{rel}","templated":true}]}}