{"id":246,"date":"2024-07-02T12:21:20","date_gmt":"2024-07-02T12:21:20","guid":{"rendered":"http:\/\/localhost\/hommywp\/milk-shake-vending-machine-manufacturers-for-franchise-business\/"},"modified":"2025-08-01T09:57:28","modified_gmt":"2025-08-01T09:57:28","slug":"distributeur-automatique-de-glaces-a-2-parfums","status":"publish","type":"product","link":"https:\/\/www.hommy.com\/fr\/p\/distributeur-automatique-de-glaces-a-2-parfums\/","title":{"rendered":"Fabricants de distributeurs automatiques de milk-shake pour les franchises"},"content":{"rendered":"<div>\n<p style=\"text-align: center\"><\/p>\n<h2 style=\"text-align: center\"><strong><span style=\"font-family: arial, helvetica, sans-serif;font-size: 24px\"><a name=\" 2 flavour Vending ice cream machine\"><\/a>&nbsp;<span style=\"font-family: arial, helvetica, sans-serif;line-height: 1.42857\">Distribution automatique \u00e0 2 saveurs <a style=\"color:blue\" href=\"\/fr\/\">machine \u00e0 glace<\/a><\/span><\/span><\/strong><\/h2>\n<p style=\"text-align: center\"><span style=\"font-size: 16px\"><span style=\"font-family: arial, helvetica, sans-serif;line-height: 1.42857\"><a href=\"#PRODUCT FEATURES\" target=\"_self\" data-lv=\"0\" rel=\"noopener\">CARACT\u00c9RISTIQUES DU PRODUIT<\/a>|<a href=\"#2 flavour Vending ice cream machine\" target=\"_self\" data-lv=\"0\" rel=\"noopener\">Distributeur automatique de glaces \u00e0 2 parfums<\/a>|<a href=\"#PRODUCT SPECIFICATION\" target=\"_self\" data-lv=\"0\" rel=\"noopener\">SP\u00c9CIFICATION DU PRODUIT<\/a>|<a href=\"#PRODUCT ADVANTAGE\" target=\"_self\" data-lv=\"0\" rel=\"noopener\">AVANTAGE DU PRODUIT<\/a>|<a href=\"#2 flavour+1mix Vending ice cream machine\" target=\"_self\" data-lv=\"0\" rel=\"noopener\">2 parfums+1m\u00e9lange Distributeur automatique de glaces<\/a><\/span><\/span><\/p>\n<p><span style=\"font-size: 20px;line-height: 1.42857\"><br \/><\/span><\/p>\n<p><span style=\"font-size: 20px;line-height: 1.42857\"><br \/><\/span><\/p>\n<p><!-- Video start --><video poster=\"https:\/\/img80002414.weyesimg.com\/uploads\/wij2rdgc.allweyes.com\/video\/15553866867786.mp4?vframe\/jpg\/offset\/1\" id=\"video\" preload=\"auto\" controls=\"controls\" style=\"width:100%;height:510px\"><\/video><!-- Video end --><\/p>\n<div class=\"text-left d-tem09-title d-interval\" data-detail=\"wrap\">\n<p><h2><strong><span style=\"font-size: 24px;font-family: arial, helvetica, sans-serif\"><\/span><\/strong><\/h2>\n<p>Ce distributeur automatique de lait frapp\u00e9 de haute qualit\u00e9 est connu pour sa construction robuste, son fonctionnement facile, sa durabilit\u00e9 et sa dur\u00e9e de vie prolong\u00e9e.<\/p>\n<p><\/p>\n<p>Notre soci\u00e9t\u00e9 s'efforce d'offrir les meilleurs services de sa cat\u00e9gorie. Ces machines sont fabriqu\u00e9es \u00e0 l'aide d'outils et de technologies modernes en utilisant des mati\u00e8res premi\u00e8res de la plus haute qualit\u00e9. Nos machines sont disponibles en diff\u00e9rentes tailles et conceptions pour r\u00e9pondre aux exigences de nos clients.<\/p>\n<h2><strong><span style=\"font-size: 24px;font-family: arial, helvetica, sans-serif\"><br \/><\/span><\/strong><br \/><\/h2>\n<h2><strong><span style=\"font-size: 24px;font-family: arial, helvetica, sans-serif\"><a name=\"PRODUCT FEATURES\"><\/a><\/span><\/strong><\/h2>\n<h2><strong><span style=\"font-size: 24px;font-family: arial, helvetica, sans-serif\">CARACT\u00c9RISTIQUES DU PRODUIT<\/span><\/strong><\/h2>\n<div class=\"subtitle\"><span>L'usine de Hommy couvre une superficie de 30 500 m\u00e8tres carr\u00e9s dans la ville de Xinhui Jiangmen. Elle comprend des lignes de production flexibles, un laboratoire de R&amp;D, un centre d'apprentissage et un atelier \u00e9quip\u00e9 de mat\u00e9riel de pointe.<\/span><\/div>\n<\/p>\n<\/div>\n<p>&nbsp;<\/p>\n<div class=\"d-tem11-graphic tem11-graphic mockup\" data-detail=\"wrap\">\n<div class=\"tab_row\">\n<div class=\"img\" style=\"width: 50%\"><img decoding=\"async\" title=\"\" alt=\"produit-Hommy-img\" src=\"https:\/\/www.hommy.com\/wp-content\/uploads\/15865908083316.png\"><\/div>\n<div class=\"text_box\" style=\"width: 50%\">\n<div class=\"txt\">\n<div class=\"title\">\n<h2><strong><span style=\"font-family: arial, helvetica, sans-serif;font-size: 24px\"><a name=\"2 flavour Vending ice cream machine\"><\/a>Distributeur automatique de glaces \u00e0 2 parfums<\/span><\/strong><\/h2>\n<\/div>\n<p>&nbsp;<\/p>\n<p style=\"line-height: 2em\">Contr\u00f4leur de type tablette \u00e0 \u00e9cran tactile de 10,1 pouces avec syst\u00e8me Android<br \/>\u00c9tats de la machine (temp\u00e9rature de la tr\u00e9mie et du cylindre, r\u00e9glage rationn\u00e9, processus de production, erreur, alerte sur le niveau de mat\u00e9riau, prix)<br \/>V\u00e9rification des donn\u00e9es (volume des ventes)<br \/>Contr\u00f4le de la distribution<br \/>R\u00e9glages de la machine<br \/>Fonctionnement intelligent<br \/>Fonction d'envoi d'une alerte au t\u00e9l\u00e9phone portable<br \/>L'int\u00e9rieur de la machine a plus de fonctions, ce qui peut vous aider \u00e0 \u00e9conomiser plus de co\u00fbts artificiels : <br \/>Le syst\u00e8me de pr\u00e9-refroidissement maintient le m\u00e9lange en dessous de 5\u2103 en mode automatique et en mode veille.<br \/>La pompe \u00e0 air envoie le m\u00e9lange avec une certaine quantit\u00e9 d'air dans les cylindres de cong\u00e9lation.<br \/>Le m\u00e9langeur maintient l'uniformit\u00e9 du m\u00e9lange dans les tr\u00e9mies.<br \/>Le traitement thermique permet un nettoyage quotidien afin de maintenir le produit conforme aux normes de qualit\u00e9 et de s\u00e9curit\u00e9 jusqu'\u00e0 deux semaines avant le nettoyage complet et le d\u00e9montage.<br \/><span style=\"font-size: 18px\"><strong><br \/><\/strong><\/span><\/p>\n<p style=\"line-height: 2em\"><span style=\"font-size: 18px\"><strong>D\u00e9givrage <\/strong><\/span><br \/>La d\u00e9cong\u00e9lation de production fait fondre rapidement le produit dans les deux cylindres, puis repasse en mode production pour reproduire. <br \/>Le lavage d\u00e9cong\u00e9lation fait fondre rapidement le produit dans les cylindres, ce qui r\u00e9duit consid\u00e9rablement les restes avant le nettoyage. <br \/><strong><span style=\"font-size: 18px\"><br \/><\/span><\/strong><\/p>\n<p style=\"line-height: 2em\"><strong><span style=\"font-size: 18px\">D\u00e9sinfection<\/span><\/strong><br \/>Fonction sp\u00e9ciale qui rend le processus d'assainissement semi-automatique et facile.<br \/>Il n'est pas n\u00e9cessaire de d\u00e9monter la machine pour nettoyer le bloc de la gorge, la pompe \u00e0 air, le batteur et le cylindre. <\/p>\n<p>&nbsp;<\/p>\n<\/div>\n<\/div>\n<\/div>\n<\/div>\n<p>&nbsp;<\/p>\n<div class=\"text-left d-tem09-title d-interval\" data-detail=\"wrap\">\n<div class=\"title-header\">\n<p><span style=\"font-size: 24px\"><br \/><\/span><\/p>\n<p><span style=\"font-size: 24px\"><\/span><\/p>\n<h2><strong><span style=\"font-size: 24px;font-family: arial, helvetica, sans-serif\"><a name=\"PRODUCT SPECIFICATION\"><\/a>SP\u00c9CIFICATION DU PRODUIT<\/span><\/strong><\/h2>\n<p><span>L'excellence de l'exp\u00e9rience client est le point de d\u00e9part de Hommy.<\/span><\/p>\n<p><span><br \/><\/span><img decoding=\"async\" src=\"https:\/\/www.hommy.com\/wp-content\/uploads\/15865910264788.png\" title=\"uploads\/www.hommy.com\/images\/https:\/\/www.hommy.com\/wp-content\/uploads\/15865910264788.png\" alt=\"image.png\" \/><\/p>\n<p><span style=\"font-size: 24px\"><br \/><\/span><\/p>\n<p><strong><span style=\"font-size: 24px;font-family: arial, helvetica, sans-serif\"><a name=\"PRODUCT ADVANTAGE\"><\/a>AVANTAGE DU PRODUIT<\/span><\/strong><\/p>\n<div class=\"subtitle\"><span>En outre, des ing\u00e9nieurs hautement qualifi\u00e9s, des technologues comp\u00e9tents et un personnel bien inform\u00e9 contribuent largement au d\u00e9veloppement de l'entreprise.<\/span><\/div>\n<\/div>\n<\/div>\n<p><\/p>\n<div class=\"d-tem14-graphic mockup\" data-detail=\"wrap\">\n<div class=\"clearfix d-clearfix\">\n<div class=\"col-md-6 col-sm-6 col-xs-6\">\n<div class=\"thumbnail\"><img decoding=\"async\" src=\"https:\/\/www.hommy.com\/wp-content\/uploads\/15553857822086.jpg\" alt=\"produit-Hommy-img\" title=\"\"><\/div>\n<\/div>\n<div class=\"col-md-6 col-sm-6 col-xs-6\">\n<div class=\"thumbnail\"><img decoding=\"async\" src=\"https:\/\/www.hommy.com\/wp-content\/uploads\/15553857901363.jpg\" alt=\"produit-distributeur automatique -img\" title=\"\"><\/div>\n<\/div>\n<\/div>\n<\/div>\n<p><\/p>\n<div class=\"d-tem04-promotion d-tem01-promotion mockup\" data-detail=\"wrap\">\n<div class=\"cont-section\">\n<div class=\"main\">\n<div class=\"header text-center\">\n<h2><strong><span style=\"font-family: arial, helvetica, sans-serif;font-size: 24px\"><a name=\"2 flavour+1mix Vending ice cream machine\"><\/a>2 parfums+1m\u00e9lange Distributeur automatique de glaces<\/span><\/strong><\/h2>\n<div class=\"subtitle\" style=\"text-align: left\">\n<p><\/p>\n<p style=\"line-height: 2em\"><strong><span><\/span><\/strong>D\u00e9cong\u00e9lation : lorsque la machine fonctionne pendant une heure et qu'il n'y a pas de vente de glace, le cylindre sera bloqu\u00e9 pendant un certain temps, nous avons mis en place un syst\u00e8me de d\u00e9cong\u00e9lation automatique, de sorte que la machine puisse continuer \u00e0 fonctionner et \u00e0 d\u00e9congeler la glace \u00e0 l'int\u00e9rieur et produire une glace ou un yaourt glac\u00e9 de bonne qualit\u00e9.<\/p>\n<p style=\"line-height: 2em\"><strong><span><\/span><\/strong>Pompe \u00e0 air : d\u00e9passement r\u00e9glable de 20% \u00e0 80%, r\u00e9duit la production de cristaux de glace, rend le yaourt glac\u00e9 (cr\u00e8me glac\u00e9e) lisse et blanc ; r\u00e9duit l'utilisation de mati\u00e8res premi\u00e8res, augmente les profits.<\/p>\n<p style=\"line-height: 2em\"><strong><span><\/span><\/strong>Si vous vendez des glaces la nuit, le syst\u00e8me se r\u00e8gle automatiquement Pasteurisation : Peut tuer les bact\u00e9ries qui se produisent \u00e0 l'int\u00e9rieur de la machine de -5\u2103 \u2192 65\u2103\u2192 -5\u2103processus (d\u00e9sinfecter le cylindre de chargement et la mati\u00e8re premi\u00e8re \u00e0 l'int\u00e9rieur, puis r\u00e9frig\u00e9rer \u00e0 l'\u00e9tat de r\u00e9servation). Ainsi, vous pouvez garder la machine chaque 14 jours une fois.<\/p>\n<p style=\"line-height: 2em\"><strong><span><\/span><\/strong>L'encenseur de sortie a une deuxi\u00e8me phase, la premi\u00e8re phase d'alarme de niveau de mat\u00e9riau manquant, la deuxi\u00e8me phase d'arr\u00eat automatique. Lorsque vous recevez le premier message, vous avez un peu de temps pour ajouter du mat\u00e9riel, il n'est pas n\u00e9cessaire d'arr\u00eater la machine pour la faire fonctionner.<\/p>\n<p style=\"line-height: 2em\"><strong><span><\/span><\/strong>La fonction de promotion peut aider \u00e0 ajouter une quantit\u00e9 de vente quotidienne, vous pouvez configurer du lundi au vendredi de 10h00 \u00e0 12h00 l'achat de cr\u00e8me glac\u00e9e avec une certaine r\u00e9duction pour attirer les achats des clients.<\/p>\n<p style=\"line-height: 2em\"><strong><span><\/span><\/strong>L'int\u00e9rieur de la machine est disponible en plusieurs langues : chinois, anglais, polonais, arabe saoudien, malaisien, tha\u00eflandais, espagnol.<\/p>\n<h2>Pourquoi un distributeur automatique me fait-il payer plus cher ?<\/h2>\n<p style=\"margin-top: 5px;margin-bottom: 5px\"><\/p>\n<p style=\"margin-top: 5px;margin-bottom: 5px\">J'ai achet\u00e9 une canette de coca dans un distributeur automatique \u00e0 la gare de Toronto. Le prix \u00e9tait de 1,50 DT et le distributeur m'a indiqu\u00e9 que j'avais 1,47 DT sur mon compte. Mais lorsque j'ai regard\u00e9 mon ticket de caisse, j'ai vu que je n'avais que 1,40 DT. Comment cela se fait-il ?<\/p>\n<p style=\"margin-top: 5px;margin-bottom: 5px\"><\/p>\n<p style=\"margin-top: 5px;margin-bottom: 5px\">R\u00e9ponse : La machine pensait que vous aviez plus d'argent sur votre compte que vous n'en aviez en r\u00e9alit\u00e9.<\/p>\n<p style=\"margin-top: 5px;margin-bottom: 5px\"><\/p>\n<p style=\"margin-top: 5px;margin-bottom: 5px\">Il s'agit d'un cas o\u00f9 le distributeur essayait d'\u00eatre gentil. Il vous a propos\u00e9 un prix r\u00e9duit pour le produit du distributeur automatique. La machine voulait vous rendre service.<\/p>\n<p style=\"margin-top: 5px;margin-bottom: 5px\"><\/p>\n<p style=\"margin-top: 5px;margin-bottom: 5px\"><\/p>\n<h2>Un dollar scotch\u00e9 est-il efficace ?<\/h2>\n<p style=\"margin-top: 5px;margin-bottom: 5px\"><\/p>\n<p style=\"margin-top: 5px;margin-bottom: 5px\">\u00cates-vous comme moi ? Je me suis r\u00e9cemment converti \u00e0 la cassette.<\/p>\n<p style=\"margin-top: 5px;margin-bottom: 5px\"><\/p>\n<p style=\"margin-top: 5px;margin-bottom: 5px\">J'ai utilis\u00e9 le \"dabbing\" pendant quelques mois, puis je me suis sentie frustr\u00e9e et je suis revenue \u00e0 ce que je faisais auparavant. Je n'\u00e9tais pas satisfait de mes r\u00e9sultats et j'ai donc commenc\u00e9 \u00e0 r\u00e9fl\u00e9chir \u00e0 la mani\u00e8re dont le ruban adh\u00e9sif pouvait \u00eatre une bonne chose, voire une excellente chose.<\/p>\n<p style=\"margin-top: 5px;margin-bottom: 5px\"><\/p>\n<p style=\"margin-top: 5px;margin-bottom: 5px\">J'ai donc achet\u00e9 du mat\u00e9riel d'enregistrement et j'ai commenc\u00e9 \u00e0 enregistrer.<\/p>\n<p style=\"margin-top: 5px;margin-bottom: 5px\"><\/p>\n<p style=\"margin-top: 5px;margin-bottom: 5px\"><\/p>\n<h2>Combien co\u00fbte un vrai distributeur automatique ? Une r\u00e9ponse \u00e9tonnamment courte<\/h2>\n<p style=\"margin-top: 5px;margin-bottom: 5px\"><\/p>\n<p style=\"margin-top: 5px;margin-bottom: 5px\">Le v\u00e9n\u00e9rable Vending Times a publi\u00e9 un article qui indique le co\u00fbt moyen d'un vrai distributeur automatique. J'aime cet article parce qu'il contient une ventilation des co\u00fbts, ce que je vois rarement. Toutefois, en tant que f\u00e9ru de donn\u00e9es, j'ai \u00e9t\u00e9 int\u00e9ress\u00e9 par la mani\u00e8re dont ils sont parvenus \u00e0 leur estimation.<\/p>\n<p style=\"margin-top: 5px;margin-bottom: 5px\"><\/p>\n<p style=\"margin-top: 5px;margin-bottom: 5px\">Voici le probl\u00e8me. Les donn\u00e9es de l'article proviennent de l'enqu\u00eate annuelle de Vending Times, qui interroge l'acteur type de l'industrie de la distribution automatique sur ses co\u00fbts. Toutefois, l'article ne contient pas de clause de non-responsabilit\u00e9 concernant l'exactitude de l'enqu\u00eate. En d'autres termes, il ne mentionne pas<\/p>\n<p style=\"margin-top: 5px;margin-bottom: 5px\"><br style=\"font-family: sans-serif;font-size: 16px\" \/><\/p>\n<p style=\"line-height: 2em\"><\/p>\n<\/div>\n<\/div>\n<\/div>\n<\/div>\n<\/div>\n<p>&nbsp;Document\uff1a<img decoding=\"async\" src=\"https:\/\/www.hommy.com\/wp-content\/uploads\/icon_pdf-4.gif\" style=\"margin-right: 2px\" alt=\"produit-HM736 2 saveurs+1mix Distributeur automatique de glaces-Hommy-img\" title=\"\"><a href=\"https:\/\/img80002414.weyesimg.com\/uploads\/www.hommy.com\/addon\/16028344033211.pdf\" title=\"16028344033211.pdf\" style=\"font-size: 12px\">16028344033211.pdf<\/a><\/p>\n<p><\/p>\n<\/div><\/div>","protected":false},"excerpt":{"rendered":"<p>&nbsp;2 flavour Vending ice cream machine RODUCT FEATURES|2 flavour Vending ice cream machine|PRODUCT SPECIFICATION|PRODUCT ADVANTAGE|2 flavour+1mix Vending ice cream machine This high-quality Milk Shake Vending Machine is known for its robust construction, easy operation, durability and longer life. Our company is highly dedicated towards offering the best in class services. These machines are manufactured with [&hellip;]<\/p>\n","protected":false},"featured_media":241,"comment_status":"open","ping_status":"open","template":"","meta":{"_swt_meta_header_display":false,"_swt_meta_footer_display":false,"_swt_meta_site_title_display":false,"_swt_meta_sticky_header":false,"_swt_meta_transparent_header":false},"product_brand":[],"product_cat":[71,68],"product_tag":[],"class_list":{"0":"post-246","1":"product","2":"type-product","3":"status-publish","4":"has-post-thumbnail","6":"product_cat-ice-cream-vending-machine","7":"product_cat-vending-machine","9":"first","10":"instock","11":"shipping-taxable","12":"product-type-simple"},"_links":{"self":[{"href":"https:\/\/www.hommy.com\/fr\/wp-json\/wp\/v2\/product\/246","targetHints":{"allow":["GET"]}}],"collection":[{"href":"https:\/\/www.hommy.com\/fr\/wp-json\/wp\/v2\/product"}],"about":[{"href":"https:\/\/www.hommy.com\/fr\/wp-json\/wp\/v2\/types\/product"}],"replies":[{"embeddable":true,"href":"https:\/\/www.hommy.com\/fr\/wp-json\/wp\/v2\/comments?post=246"}],"wp:featuredmedia":[{"embeddable":true,"href":"https:\/\/www.hommy.com\/fr\/wp-json\/wp\/v2\/media\/241"}],"wp:attachment":[{"href":"https:\/\/www.hommy.com\/fr\/wp-json\/wp\/v2\/media?parent=246"}],"wp:term":[{"taxonomy":"product_brand","embeddable":true,"href":"https:\/\/www.hommy.com\/fr\/wp-json\/wp\/v2\/product_brand?post=246"},{"taxonomy":"product_cat","embeddable":true,"href":"https:\/\/www.hommy.com\/fr\/wp-json\/wp\/v2\/product_cat?post=246"},{"taxonomy":"product_tag","embeddable":true,"href":"https:\/\/www.hommy.com\/fr\/wp-json\/wp\/v2\/product_tag?post=246"}],"curies":[{"name":"wp","href":"https:\/\/api.w.org\/{rel}","templated":true}]}}