{"id":240,"date":"2024-07-02T12:21:13","date_gmt":"2024-07-02T12:21:13","guid":{"rendered":"http:\/\/localhost\/hommywp\/hm736s-buy-yummy-ice-cream-self-serving-machine-for-many-locations\/"},"modified":"2025-08-01T09:57:28","modified_gmt":"2025-08-01T09:57:28","slug":"distributeur-automatique-de-glaces-hm736s","status":"publish","type":"product","link":"https:\/\/www.hommy.com\/fr\/p\/distributeur-automatique-de-glaces-hm736s\/","title":{"rendered":"Hm736s Buy Yummy Ice Cream Self Serving Machine For Many Locations"},"content":{"rendered":"<div>\n<p style=\"text-align: center\">&nbsp;<\/p>\n<h2 style=\"text-align: center\"><strong><span style=\"font-family: arial, helvetica, sans-serif;font-size: 24px\"><a name=\"Vending ice cream machine\"><\/a>Distributeur automatique de glaces<\/span><\/strong><br \/><\/h2>\n<p style=\"text-align: center\"><a href=\"#Vending ice cream machine\" target=\"_self\" data-lv=\"0\" rel=\"noopener\"><span style=\"font-size: 16px\"><span style=\"font-family: arial, helvetica, sans-serif\">Distributeur automatique de glaces<\/span><\/span><\/a><span style=\"font-size: 16px\"><span style=\"font-family: arial, helvetica, sans-serif\">|<a href=\"#PRODUCT FEATURES\" target=\"_self\" data-lv=\"0\" rel=\"noopener\">CARACT\u00c9RISTIQUES DU PRODUIT<\/a>|<a href=\"#Vending ice cream machine\" target=\"_self\" data-lv=\"0\" rel=\"noopener\">Distributeur automatique de glaces<\/a>|<a href=\"#PRODUCT SPECIFICATION\" target=\"_self\" data-lv=\"0\" rel=\"noopener\">SP\u00c9CIFICATION DU PRODUIT<\/a>|<a href=\"#PRODUCT ADVANTAGE\" target=\"_self\" data-lv=\"0\" rel=\"noopener\">AVANTAGE DU PRODUIT<\/a><\/span><\/span><\/p>\n<p style=\"text-align: center\"><span style=\"font-size: 20px\"><br \/><\/span><\/p>\n<p><span style=\"font-size: 20px\"><br \/><\/span><\/p>\n<p><!-- Video start --><video poster=\"https:\/\/img80002414.weyesimg.com\/uploads\/www.hommy.com\/video\/15861297568561.mp4?vframe\/jpg\/offset\/1\" id=\"video\" preload=\"auto\" controls=\"controls\" style=\"width:100%;height:510px\"><\/video><!-- Video end --><\/p>\n<p><!-- Video start --><video poster=\"https:\/\/img80002414.weyesimg.com\/uploads\/www.hommy.com\/video\/15861298201490.mp4?vframe\/jpg\/offset\/1\" id=\"video\" preload=\"auto\" controls=\"controls\" style=\"width:100%;height:510px\"><\/video><!-- Video end --><\/p>\n<p>Le distributeur automatique de glaces est un distributeur qui peut vous aider \u00e0 vendre des glaces au quotidien. Dans ce type de machine, les clients peuvent s\u00e9lectionner un parfum, choisir une coupe et payer la glace. Il est id\u00e9al pour les h\u00f4tels, les restaurants et les supermarch\u00e9s.<\/p>\n<p>Dans un monde o\u00f9 la technologie progresse constamment, il n'est pas surprenant que m\u00eame la vente de glaces devienne de plus en plus high-tech. Cette machine innovante permet aux clients de se servir eux-m\u00eames, ce qui signifie que vous pouvez faire une pause tout en continuant \u00e0 gagner de l'argent.<\/p>\n<p>Le distributeur automatique de glaces est parfait pour tout vendeur qui souhaite augmenter ses b\u00e9n\u00e9fices sans sacrifier son temps libre. Avec cette machine, vous pouvez prendre une pause bien m\u00e9rit\u00e9e pendant que vos clients se servent eux-m\u00eames. Sans avoir besoin de personnel, le distributeur automatique de glaces est un moyen rentable de vendre des glaces. Alors, qu'attendez-vous ? Achetez-en un d\u00e8s aujourd'hui et commencez \u00e0 profiter des b\u00e9n\u00e9fices !<\/p>\n<h2><span style=\"font-size: 24px\"><a name=\"PRODUCT FEATURES\"><\/a><strong><span style=\"font-size: 24px;font-family: arial, helvetica, sans-serif\">CARACT\u00c9RISTIQUES DU PRODUIT<\/span><\/strong><\/span><\/h2>\n<div class=\"text-left d-tem09-title d-interval\" data-detail=\"wrap\">\n<div class=\"title-header\">\n<p style=\"margin: 0px;text-align: justify;text-indent: 0px\"><span style=\"letter-spacing: 0px;font-family: Calibri;font-size: 16px\">Distribution automatique Hommy <a style=\"color:blue\" href=\"\/fr\/\">machine \u00e0 glace<\/a> ont des fonctions plus humanis\u00e9es : maintien de la fra\u00eecheur, pompe \u00e0 air, m\u00e9lange dans la tr\u00e9mie, d\u00e9cong\u00e9lation, pasteurisation, t\u00e9l\u00e9commande, rapport de vente, rappel, <\/span><span style=\"letter-spacing: 0px;font-family: \u5b8b\u4f53;font-size: 16px\">diff\u00e9rentes langues au choix. nous acceptons \u00e9galement les OEM et ODM.&nbsp;<\/span><\/p>\n<\/div>\n<\/div>\n<p>&nbsp;<\/p>\n<div class=\"d-tem11-graphic tem11-graphic mockup\" data-detail=\"wrap\">\n<div class=\"tab_row\">\n<div class=\"img\" style=\"width: 50%\"><img loading=\"lazy\" decoding=\"async\" width=\"563\" height=\"747\" title=\"\" style=\"width: 563px;height: 747px\" alt=\"produit-HM736S distributeur automatique de glaces-Hommy-img\" src=\"https:\/\/www.hommy.com\/wp-content\/uploads\/15861296472488.png\" border=\"0\" vspace=\"0\"><\/div>\n<div class=\"text_box\" style=\"width: 50%\">\n<div class=\"txt\">\n<div class=\"title\">\n<h2>&nbsp;<strong><span style=\"font-family: arial, helvetica, sans-serif;font-size: 24px\"><a name=\"Vending ice cream machine\"><\/a>Distributeur automatique de glaces<\/span><\/strong><\/h2>\n<\/div>\n<p>&nbsp;<\/p>\n<p style=\"line-height: 1.75em\">Contr\u00f4leur \u00e0 \u00e9cran tactile de 25 pouces, pour la zone finie des glaces publicitaires <\/p>\n<p style=\"margin-top:0;margin-right:0;margin-bottom:0;margin-left:0;text-indent:0;text-align:justify\"><span style=\"font-family:\u5b8b\u4f53;letter-spacing:0;font-size:14px\">1. Machine \u00e0 c\u00f4nes de cr\u00e8me glac\u00e9e 2 parfums+1mix .<\/span><\/p>\n<p style=\"margin-top:0;margin-right:0;margin-bottom:0;margin-left:0;text-indent:0;text-align:justify\"><span style=\"font-family:\u5b8b\u4f53;letter-spacing:0;font-size:14px\">2. L'int\u00e9rieur peut contenir environ 180 c\u00f4nes de gaufre.<\/span><\/p>\n<p style=\"margin-top:0;margin-right:0;margin-bottom:0;margin-left:0;text-indent:0;text-align:justify\"><span style=\"font-family:\u5b8b\u4f53;letter-spacing:0;font-size:14px\">3. syst\u00e8me de paiement : En monnaie locale - esp\u00e8ces \/ pi\u00e8ces de monnaie \/ pi\u00e8ces de change \/ carte de cr\u00e9dit \/ paiement en ligne .<\/span><\/p>\n<p style=\"margin-top:0;margin-right:0;margin-bottom:0;margin-left:0;text-indent:0;text-align:justify\"><span style=\"font-family:\u5b8b\u4f53;letter-spacing:0;font-size:14px\">Fonctionnement int\u00e9rieur de la machine \u00e0 glace :&nbsp;<\/span><\/p>\n<p style=\"line-height: 1.75em\">Contr\u00f4leur de type tablette \u00e0 \u00e9cran tactile de 10,1 pouces avec syst\u00e8me Android <\/p>\n<p style=\"line-height: 1.75em\">\u00c9tats de la machine (temp\u00e9rature de la tr\u00e9mie et du cylindre, r\u00e9glage rationn\u00e9, processus de production, erreur, alerte sur le niveau de mat\u00e9riau, prix) <\/p>\n<p style=\"line-height: 1.75em\">V\u00e9rification des donn\u00e9es (volume des ventes) <\/p>\n<p style=\"line-height: 1.75em\">Contr\u00f4le de la distribution <\/p>\n<p style=\"line-height: 1.75em\">R\u00e9glages de la machine <\/p>\n<p style=\"line-height: 1.75em\">Fonctionnement intelligent <\/p>\n<p style=\"line-height: 1.75em\">Fonction d'envoi d'une alerte au t\u00e9l\u00e9phone portable <\/p>\n<p style=\"line-height: 1.75em\">L'int\u00e9rieur de la machine a plus de fonctions, ce qui peut vous aider \u00e0 \u00e9conomiser plus de co\u00fbts artificiels :<\/p>\n<p style=\"line-height: 1.75em\">Le syst\u00e8me de pr\u00e9-refroidissement maintient le m\u00e9lange en dessous de 5\u2103 en mode automatique et en mode veille. <\/p>\n<p style=\"line-height: 1.75em\">La pompe \u00e0 air envoie le m\u00e9lange avec une certaine quantit\u00e9 d'air dans les cylindres de cong\u00e9lation. <\/p>\n<p style=\"line-height: 1.75em\">Le m\u00e9langeur maintient l'uniformit\u00e9 du m\u00e9lange dans les tr\u00e9mies. <\/p>\n<p style=\"line-height: 1.75em\">Le traitement thermique permet un nettoyage quotidien afin de maintenir le produit conforme aux normes de qualit\u00e9 et de s\u00e9curit\u00e9 jusqu'\u00e0 deux semaines avant le nettoyage complet et le d\u00e9montage. <\/p>\n<p style=\"line-height: 1.75em\"><span style=\"font-size: 18px\"><strong><br \/><\/strong><\/span><\/p>\n<p style=\"line-height: 1.75em\"><span style=\"font-size: 18px\"><strong>D\u00e9givrage <\/strong><\/span><\/p>\n<p style=\"line-height: 1.75em\">La d\u00e9cong\u00e9lation de production fait fondre rapidement le produit dans les deux cylindres, puis repasse en mode production pour reproduire. <\/p>\n<p style=\"line-height: 1.75em\">Le lavage d\u00e9cong\u00e9lation fait fondre rapidement le produit dans les cylindres, ce qui r\u00e9duit consid\u00e9rablement les restes avant le nettoyage. <\/p>\n<p style=\"line-height: 1.75em\"><strong><span style=\"font-size: 18px\"><br \/><\/span><\/strong><\/p>\n<p style=\"line-height: 1.75em\"><strong><span style=\"font-size: 18px\">D\u00e9sinfection <\/span><\/strong><\/p>\n<p style=\"line-height: 1.75em\">Fonction sp\u00e9ciale qui rend le processus d'assainissement semi-automatique et facile. <\/p>\n<p style=\"line-height: 1.75em\">Il n'est pas n\u00e9cessaire de d\u00e9monter la machine pour nettoyer le bloc de la gorge, la pompe \u00e0 air, le batteur et le cylindre.<br \/>\nLe compteur permet \u00e0 l'op\u00e9rateur de visualiser le nombre de portions distribu\u00e9es. <\/p>\n<p style=\"line-height: 1.75em\">&nbsp;<\/p>\n<\/div>\n<\/div>\n<\/div>\n<\/div>\n<p>&nbsp;<\/p>\n<div class=\"text-left d-tem09-title d-interval\" data-detail=\"wrap\">\n<div class=\"title-header\">\n<h2><strong><span style=\"font-size: 24px;font-family: arial, helvetica, sans-serif\"><a name=\"PRODUCT SPECIFICATION\"><\/a>SP\u00c9CIFICATION DU PRODUIT<\/span><\/strong><\/h2>\n<p><span>L'excellence de l'exp\u00e9rience client est le point de d\u00e9part de Hommy.<\/span><\/p>\n<p><span><img decoding=\"async\" src=\"https:\/\/www.hommy.com\/wp-content\/uploads\/15863021586541.png\" title=\"uploads\/www.hommy.com\/images\/https:\/\/www.hommy.com\/wp-content\/uploads\/15863021586541.png\" alt=\"image.png\" \/><\/span><\/p>\n<p><\/p>\n<h2>&nbsp; &nbsp;&nbsp;<strong><span style=\"font-size: 24px;font-family: arial, helvetica, sans-serif\"><a name=\"PRODUCT ADVANTAGE\"><\/a>AVANTAGE DU PRODUIT<\/span><\/strong><\/h2>\n<p>Hommy produit des machines \u00e0 glaces depuis 20 ans, les distributeurs automatiques de glaces ajoutent des fonctions de glaces douces, car il n'y a pas de personnel pour assurer le service tout le temps. Nous nous basons sur ce capteur suppl\u00e9mentaire et utilisons un logiciel pour le contr\u00f4ler, ce qui est de bonne qualit\u00e9 et de bonne fonction.<\/p>\n<\/div>\n<\/div>\n<div class=\"d-tem01-graphic tem01-graphic mockup\" data-detail=\"wrap\">\n<div class=\"cont-section clearfix d-clearfix\">\n<div class=\"col-md-6 col-sm-6 col-xs-6\">\n<div class=\"right-p\">\n<div class=\"h2 heading\">D\u00e9givrage&nbsp;<\/div>\n<p><\/p>\n<p><span style=\"letter-spacing: 0px;font-family: \u5b8b\u4f53;font-size: 16px\">Lorsque la machine fonctionne pendant une heure, il n'y a pas de vente de glace, le cylindre est parfois bloqu\u00e9, nous avons mis en place un syst\u00e8me de d\u00e9givrage automatique, de sorte que la machine peut encore fonctionner et d\u00e9givrer la glace \u00e0 l'int\u00e9rieur et produire une glace de bonne qualit\u00e9 ou un yaourt glac\u00e9.&nbsp;<\/span><\/p>\n<\/div>\n<div class=\"graphic_pic animated wow bounceIn\" data-wow-delay=\".7s\">\n<p style=\"text-align: center\"><img loading=\"lazy\" decoding=\"async\" width=\"393\" height=\"211\" title=\"\" style=\"width: 415px\" alt=\"produit-Hommy-HM736S distributeur automatique de glaces-img\" src=\"https:\/\/www.hommy.com\/wp-content\/uploads\/15788853994504-2.png\"><\/p>\n<p><\/p>\n<p>&nbsp; &nbsp; &nbsp; &nbsp; &nbsp; &nbsp;<\/p><\/div>\n<\/div>\n<div class=\"col-md-6 col-sm-6 col-xs-6\">\n<div class=\"right-p\">\n<div class=\"h2 heading\">Pompe \u00e0 air&nbsp;<\/div>\n<div class=\"description\">\n<p><span style=\"letter-spacing: 0px;font-family: \u5b8b\u4f53;font-size: 16px\">D\u00e9passement r\u00e9glable de 20% \u00e0 80%, r\u00e9duit la production de cristaux de glace, donne au yaourt glac\u00e9 (cr\u00e8me glac\u00e9e) un go\u00fbt lisse et un aspect blanc ; r\u00e9duit l'utilisation de mati\u00e8res premi\u00e8res, augmente les profits.<\/span><\/p>\n<p>.<\/p><\/div>\n<\/div>\n<div class=\"graphic_pic animated wow bounceIn\" data-wow-delay=\".7s\"><img loading=\"lazy\" decoding=\"async\" width=\"473\" height=\"228\" title=\"\" style=\"width: 473px\" alt=\"distributeur automatique de produits -Hommy-img\" src=\"https:\/\/www.hommy.com\/wp-content\/uploads\/15787019643805-2.png\"><br \/>\n &nbsp; &nbsp; &nbsp; &nbsp; &nbsp; &nbsp;<\/div>\n<\/div>\n<\/div>\n<\/div>\n<p>&nbsp;<\/p>\n<p>&nbsp;<\/p>\n<div class=\"d-tem01-graphic tem01-graphic mockup\" data-detail=\"wrap\">\n<div class=\"cont-section clearfix d-clearfix\">\n<div class=\"col-md-6 col-sm-6 col-xs-6\">\n<div class=\"right-p\">\n<div class=\"h2 heading\">Pasteurisation&nbsp;<\/div>\n<div class=\"description\"><span style=\"letter-spacing: 0px;font-family: \u5b8b\u4f53;font-size: 16px\">Si vous vendez des glaces la nuit, le syst\u00e8me se d\u00e9clenche automatiquement Pasteurisation : peut tuer <\/span><span style=\"font-family: Calibri;font-size: 16px\">les bact\u00e9ries <\/span><span style=\"font-family: \u5b8b\u4f53;font-size: 16px\">que <\/span><span style=\"font-family: Calibri;font-size: 16px\">produire<\/span><span style=\"font-family: \u5b8b\u4f53;font-size: 16px\">&nbsp;<\/span><span style=\"font-family: Calibri;font-size: 16px\">\u00e0 l'int\u00e9rieur de la machine<\/span><span style=\"font-family: \u5b8b\u4f53;font-size: 16px\">&nbsp;de -5\u2103&nbsp;<\/span><span style=\"font-family: Arial;font-size: 16px\">\u2192<\/span><span style=\"font-family: \u5b8b\u4f53;font-size: 16px\">&nbsp;65\u2103<\/span><span style=\"font-family: Arial;font-size: 16px\">\u2192<\/span><span style=\"font-family: \u5b8b\u4f53;font-size: 16px\">&nbsp;-5\u2103<\/span><span style=\"font-family: Calibri;font-size: 16px\">processus<\/span><span style=\"font-family: \u5b8b\u4f53;font-size: 16px\">&nbsp;(d\u00e9sinfecter le cylindre de chargement et la mati\u00e8re premi\u00e8re \u00e0 l'int\u00e9rieur, puis r\u00e9frig\u00e9rer jusqu'\u00e0 l'\u00e9tat de r\u00e9servation). Vous pouvez donc conserver la machine pendant 14 jours en une seule fois.&nbsp;<\/span>&nbsp;&nbsp;&nbsp;&nbsp;&nbsp;&nbsp;&nbsp;&nbsp;&nbsp;&nbsp;&nbsp;&nbsp;<\/p>\n<p style=\"text-align: center\"><img decoding=\"async\" title=\"\" alt=\"produit-distributeur automatique -img\" src=\"https:\/\/www.hommy.com\/wp-content\/uploads\/15787019009152-2.png\"><\/p>\n<\/div>\n<\/div>\n<\/div>\n<div class=\"col-md-6 col-sm-6 col-xs-6\">\n<div class=\"right-p\">\n<div class=\"h2 heading\">Laisser le capteur<\/div>\n<div class=\"description\"><span style=\"font-family: \u5b8b\u4f53;font-size: 16px\">Laisser le capteur avoir <\/span><span style=\"font-family: Calibri;font-size: 16px\">Deuxi\u00e8me \u00e9tape, la premi\u00e8re \u00e9tape de l'alarme de niveau de mat\u00e9riau manquant, la deuxi\u00e8me \u00e9tape de l'arr\u00eat automatique.<\/span><span style=\"font-family: \u5b8b\u4f53;font-size: 16px\">&nbsp;Lorsque vous recevez le premier message, vous avez un peu de temps pour ajouter du mat\u00e9riel, il n'est pas n\u00e9cessaire d'arr\u00eater la machine pour la faire fonctionner. <\/span><\/div>\n<\/div>\n<div class=\"graphic_pic animated wow bounceIn\" data-wow-delay=\".7s\">\n<p style=\"text-align: center\"><img loading=\"lazy\" decoding=\"async\" width=\"473\" height=\"306\" title=\"\" style=\"width: 203px\" alt=\"produit-Hommy-img\" src=\"https:\/\/www.hommy.com\/wp-content\/uploads\/15788874673345-2.jpg\"><\/p>\n<\/div>\n<\/div>\n<\/div>\n<\/div>\n<p><\/p>\n<p>&nbsp;<\/p>\n<div class=\"d-tem01-graphic tem01-graphic mockup\" data-detail=\"wrap\">\n<div class=\"cont-section clearfix d-clearfix\">\n<div class=\"col-md-6 col-sm-6 col-xs-6\">\n<div class=\"right-p\">\n<div class=\"h2 heading\">Fonction de promotion<\/div>\n<div class=\"description\">\n<p style=\"font-family: Calibri;font-size: 16px;font-style: normal;font-weight: normal;margin-top: 0px;margin-bottom: 0px\"><span style=\"font-family: \u5b8b\u4f53;font-size: 16px\">La machine \u00e0 l'int\u00e9rieur a une fonction de promotion, vous pouvez configurer la promotion \u00e0 n'importe quel moment du jour \u00e0 l'heure. Vous pouvez configurer la deuxi\u00e8me cr\u00e8me glac\u00e9e \u00e0 moiti\u00e9 prix, ce qui permet au client de b\u00e9n\u00e9ficier d'une r\u00e9duction plus importante. <\/span><\/p>\n<p style=\"margin: 1em 0px 13px\"><span style=\"font-family: \u5b8b\u4f53;font-size: 16px\">&nbsp;&nbsp;&nbsp;Cela peut vous aider \u00e0 ajouter des quantit\u00e9s \u00e0 vendre.<\/span><\/p>\n<\/div>\n<\/div>\n<div class=\"graphic_pic animated wow bounceIn\" data-wow-delay=\".7s\">\n<p style=\"text-align: center\"><img decoding=\"async\" title=\"\" alt=\"produit-HM736S distributeur automatique de glaces-Hommy-img-1\" src=\"https:\/\/www.hommy.com\/wp-content\/uploads\/15788858121941-2.png\"><\/p>\n<\/div>\n<\/div>\n<div class=\"col-md-6 col-sm-6 col-xs-6\">\n<div class=\"right-p\">\n<div class=\"h2 heading\">Une langue diff\u00e9rente<\/div>\n<div class=\"description\">\n<p style=\"font-family: Calibri;font-size: 16px;font-style: normal;font-weight: normal;margin-top: 0px;margin-bottom: 0px\"><span style=\"font-family: \u5b8b\u4f53;font-size: 16px\">L'int\u00e9rieur de la machine est disponible en plusieurs langues : chinois, anglais, polonais, arabe saoudien, malaisien, tha\u00eflandais, espagnol.<\/span><\/p>\n<p>.<\/p><\/div>\n<\/div>\n<div class=\"graphic_pic animated wow bounceIn\" data-wow-delay=\".7s\">\n<p style=\"text-align: center\"><img loading=\"lazy\" decoding=\"async\" width=\"404\" height=\"209\" title=\"\" style=\"width: 271px\" alt=\"produit-Hommy-img-1\" src=\"https:\/\/www.hommy.com\/wp-content\/uploads\/15788858317746-2.png\"><\/p>\n<\/div>\n<\/div>\n<\/div>\n<\/div>\n<p><\/p>\n<p>Document\uff1a<img decoding=\"async\" src=\"https:\/\/www.hommy.com\/wp-content\/uploads\/icon_pdf-3.gif\" style=\"margin-right: 2px\" alt=\"produit-Hommy-HM736S distributeur automatique de glaces-img-1\" title=\"\"><a href=\"https:\/\/img80002414.weyesimg.com\/uploads\/www.hommy.com\/addon\/16028320351286.pdf\" title=\"16028320351286.pdf\" style=\"font-size: 12px\">16028320351286.pdf<\/a><\/p>\n<p>&nbsp;<\/p>\n<h2 style=\"font-family: sans-serif\">Combien co\u00fbte un vrai distributeur automatique ?&nbsp;<\/h2>\n<p style=\"margin-top: 5px;margin-bottom: 5px;font-family: sans-serif;font-size: 16px\">Il y a plusieurs choses \u00e0 prendre en compte avant d'acheter. Tout d'abord, quelle utilisation allez-vous en faire ? Si vous \u00eates un amateur ou si vous souhaitez lancer une activit\u00e9 de distribution automatique informelle ou r\u00e9guli\u00e8re pour le plaisir, ne vous attendez pas \u00e0 devoir d\u00e9bourser des milliers d'euros pour une machine de qualit\u00e9. Si vous envisagez de vendre des en-cas ou des repas aux passants, vous devez savoir ce dont vous aurez besoin pour les pr\u00e9parer.<\/p>\n<p style=\"margin-top: 5px;margin-bottom: 5px;font-family: sans-serif;font-size: 16px\"><\/p>\n<h2 style=\"font-family: sans-serif\">Que contient un soft serve ?<\/h2>\n<p style=\"margin-top: 5px;margin-bottom: 5px;font-family: sans-serif;font-size: 16px\">Un soft serve est une cr\u00e8me glac\u00e9e sans mati\u00e8re grasse dont la texture est plus cr\u00e9meuse que celle de la cr\u00e8me glac\u00e9e. Elle est souvent servie dans un cornet, mais peut \u00e9galement \u00eatre servie dans une tasse ou un bol. Il existe de nombreux parfums de soft serve, mais les plus courants sont la vanille et le chocolat.<\/p>\n<p style=\"margin-top: 5px;margin-bottom: 5px;font-family: sans-serif;font-size: 16px\"><\/p>\n<h2 style=\"font-family: sans-serif\">La glace a-t-elle besoin de sucre ?<\/h2>\n<p style=\"margin-top: 5px;margin-bottom: 5px;font-family: sans-serif;font-size: 16px\">Ce n'est pas une question \u00e0 laquelle de nombreux fabricants de cr\u00e8mes glac\u00e9es aimeraient r\u00e9pondre. La cr\u00e8me glac\u00e9e est depuis longtemps consid\u00e9r\u00e9e comme une friandise saine et, depuis des d\u00e9cennies, l'Association am\u00e9ricaine de di\u00e9t\u00e9tique (ADA) affirme qu'il est possible de la consommer avec mod\u00e9ration, mais l'association ne s'est pas prononc\u00e9e sur la teneur en sucre. L'association ne s'est toutefois pas prononc\u00e9e sur la teneur en sucre : \"Bien qu'une personne puisse choisir de consommer des glaces en petites quantit\u00e9s, une recommandation de l'ADA n'a pas pour but de recommander ou de tol\u00e9rer la consommation de grandes quantit\u00e9s de glaces\", d\u00e9clare le Dr Joseph Murray, directeur de la politique nutritionnelle de l'ADA.<\/p>\n<\/div><\/div>","protected":false},"excerpt":{"rendered":"<p>&nbsp; Vending ice cream machine Vending ice cream machine|PRODUCT FEATURES|Vending ice cream machine|PRODUCT SPECIFICATION|PRODUCT ADVANTAGE Ice Cream self serving machine is a vending machine that can help you sell soft serve ice cream on a daily basis. In this kind of machine, customers can select a flavor, choose a cup, and pay for ice cream. [&hellip;]<\/p>\n","protected":false},"featured_media":231,"comment_status":"open","ping_status":"open","template":"","meta":{"_swt_meta_header_display":false,"_swt_meta_footer_display":false,"_swt_meta_site_title_display":false,"_swt_meta_sticky_header":false,"_swt_meta_transparent_header":false},"product_brand":[],"product_cat":[71,68],"product_tag":[],"class_list":{"0":"post-240","1":"product","2":"type-product","3":"status-publish","4":"has-post-thumbnail","6":"product_cat-ice-cream-vending-machine","7":"product_cat-vending-machine","9":"first","10":"instock","11":"shipping-taxable","12":"product-type-simple"},"_links":{"self":[{"href":"https:\/\/www.hommy.com\/fr\/wp-json\/wp\/v2\/product\/240","targetHints":{"allow":["GET"]}}],"collection":[{"href":"https:\/\/www.hommy.com\/fr\/wp-json\/wp\/v2\/product"}],"about":[{"href":"https:\/\/www.hommy.com\/fr\/wp-json\/wp\/v2\/types\/product"}],"replies":[{"embeddable":true,"href":"https:\/\/www.hommy.com\/fr\/wp-json\/wp\/v2\/comments?post=240"}],"wp:featuredmedia":[{"embeddable":true,"href":"https:\/\/www.hommy.com\/fr\/wp-json\/wp\/v2\/media\/231"}],"wp:attachment":[{"href":"https:\/\/www.hommy.com\/fr\/wp-json\/wp\/v2\/media?parent=240"}],"wp:term":[{"taxonomy":"product_brand","embeddable":true,"href":"https:\/\/www.hommy.com\/fr\/wp-json\/wp\/v2\/product_brand?post=240"},{"taxonomy":"product_cat","embeddable":true,"href":"https:\/\/www.hommy.com\/fr\/wp-json\/wp\/v2\/product_cat?post=240"},{"taxonomy":"product_tag","embeddable":true,"href":"https:\/\/www.hommy.com\/fr\/wp-json\/wp\/v2\/product_tag?post=240"}],"curies":[{"name":"wp","href":"https:\/\/api.w.org\/{rel}","templated":true}]}}