{"id":215,"date":"2024-07-02T12:20:59","date_gmt":"2024-07-02T12:20:59","guid":{"rendered":"http:\/\/localhost\/hommywp\/hm766c-new-commercial-softy-ice-cream-vending-machine-for-stores\/"},"modified":"2025-08-01T09:57:28","modified_gmt":"2025-08-01T09:57:28","slug":"distributeur-automatique-de-glaces-hm766c","status":"publish","type":"product","link":"https:\/\/www.hommy.com\/fr\/p\/distributeur-automatique-de-glaces-hm766c\/","title":{"rendered":"Hm766c New Commercial Softy Ice Cream Vending Machine For Stores"},"content":{"rendered":"<div>\n<h2 style=\"text-align: center\"><span style=\"font-size: 24px\"><strong><span style=\"letter-spacing: 0px;font-family: arial, helvetica, sans-serif;text-align: center\">Distribution automatique <a style=\"color:blue\" href=\"\/fr\/\">machine \u00e0 glace<\/a><\/span><\/strong><\/span><\/h2>\n<p><span style=\"font-size: 24px\"><strong><span style=\"letter-spacing: 0px;font-family: arial, helvetica, sans-serif;text-align: center\"><br \/><\/span><\/strong><\/span><\/p>\n<p style=\"text-align: center\"><a href=\"#Vending ice cream machine\" target=\"_self\" data-lv=\"0\" rel=\"noopener\"><span style=\"font-size: 16px\"><span style=\"font-family: arial, helvetica, sans-serif;letter-spacing: 0px\">Distributeur automatique de glaces<\/span><\/span><\/a><span style=\"font-size: 16px\"><span style=\"font-family: arial, helvetica, sans-serif;letter-spacing: 0px\">|<a href=\"#PRODUCT FEATURES\" target=\"_self\" data-lv=\"0\" rel=\"noopener\">CARACT\u00c9RISTIQUES DU PRODUIT<\/a>|<a href=\"#Vending ice cream machine\" target=\"_self\" data-lv=\"0\" rel=\"noopener\">Distributeur automatique de glaces<\/a>|<a href=\"#PRODUCT SPECIFICATION\" target=\"_self\" data-lv=\"0\" rel=\"noopener\">SP\u00c9CIFICATION DU PRODUIT<\/a><\/span><\/span><\/p>\n<p><strong><span style=\"font-family: arial, helvetica, sans-serif;font-size: 24px\"><span style=\"font-family: arial, helvetica, sans-serif;letter-spacing: 0px\"><br \/><\/span><\/span><\/strong><\/p>\n<p><strong><span style=\"font-family: arial, helvetica, sans-serif;font-size: 24px\"><span style=\"font-family: arial, helvetica, sans-serif;letter-spacing: 0px\"><br \/><\/span><\/span><\/strong><\/p>\n<p style=\"text-align: center\">&nbsp;&nbsp;&nbsp;&nbsp;<\/p>\n<p style=\"text-align: center\">&nbsp;&nbsp;&nbsp;&nbsp;<\/p>\n<p><span style=\"font-size: 24px\"><\/span><\/p>\n<p>Ces machines sont id\u00e9ales pour la distribution de glaces et offrent un produit d'excellente qualit\u00e9. En outre, notre gamme de <a style=\"color:blue\" href=\"https:\/\/www.hommy.com\/fr\/distributeur-automatique\/\">distributeur automatique de cr\u00e8me glac\u00e9e<\/a> est disponible dans une large gamme de sp\u00e9cifications et est con\u00e7ue pour r\u00e9pondre aux besoins de nos clients. Les machines propos\u00e9es sont faciles \u00e0 utiliser et sont disponibles \u00e0 des prix raisonnables.<\/p>\n<p><span style=\"font-size: 24px\"><\/span><\/p>\n<h2><strong><span style=\"font-size: 24px;font-family: arial, helvetica, sans-serif\"><a name=\"PRODUCT FEATURES\"><\/a>CARACT\u00c9RISTIQUES DU PRODUIT<\/span><\/strong><\/h2>\n<div class=\"text-left d-tem09-title d-interval\" data-detail=\"wrap\">\n<div class=\"title-header\">\n<p style=\"margin: 0px;text-align: justify;text-indent: 0px\"><span style=\"letter-spacing: 0px;font-family: Calibri;font-size: 16px\">Le distributeur automatique de glaces Hommy a des fonctions plus humanis\u00e9es : maintien de la fra\u00eecheur, pompe \u00e0 air, m\u00e9lange dans la tr\u00e9mie, d\u00e9cong\u00e9lation, pasteurisation, t\u00e9l\u00e9commande, rapport de vente, rappel, <\/span><span style=\"letter-spacing: 0px;font-family: \u5b8b\u4f53;font-size: 16px\">diff\u00e9rentes langues au choix. nous acceptons \u00e9galement les OEM et ODM.&nbsp;<\/span><\/p>\n<\/div>\n<\/div>\n<p>&nbsp;<\/p>\n<div class=\"d-tem11-graphic tem11-graphic mockup\" data-detail=\"wrap\">\n<div class=\"tab_row\">\n<div class=\"img\" style=\"width: 50%\"><img loading=\"lazy\" decoding=\"async\" width=\"563\" height=\"747\" title=\"\" style=\"width: 563px;height: 747px\" alt=\"produit-Hommy-img\" src=\"https:\/\/www.hommy.com\/wp-content\/uploads\/15996545668956.jpg\" border=\"0\" vspace=\"0\"><\/div>\n<div class=\"text_box\" style=\"width: 50%\">\n<div class=\"txt\">\n<p>&nbsp;<\/p>\n<h2><strong><span style=\"font-family: arial, helvetica, sans-serif;font-size: 24px\"><a name=\"Vending ice cream machine\"><\/a>Distributeur automatique de glaces<\/span><\/strong><\/h2>\n<p>&nbsp;<\/p>\n<p style=\"line-height: 1.75em\">Belle carrosserie, l'acheteur peut voir le fonctionnement de la machine.&nbsp;<\/p>\n<p style=\"line-height: 1.75em\">\u00c9cran 27\" pour la publicit\u00e9 .&nbsp;<\/p>\n<p style=\"line-height: 1.75em\">Contr\u00f4leur de type tablette \u00e0 \u00e9cran tactile de 10,1 pouces avec syst\u00e8me Android <\/p>\n<p style=\"line-height: 1.75em\">\u00c9tats de la machine (temp\u00e9rature de la tr\u00e9mie et du cylindre, r\u00e9glage rationn\u00e9, processus de production, erreur, alerte sur le niveau de mat\u00e9riau, prix) <\/p>\n<p style=\"line-height: 1.75em\">V\u00e9rification des donn\u00e9es (volume des ventes) <\/p>\n<p style=\"line-height: 1.75em\">Contr\u00f4le de la distribution <\/p>\n<p style=\"line-height: 1.75em\">R\u00e9glages de la machine <\/p>\n<p style=\"line-height: 1.75em\">Fonctionnement intelligent <\/p>\n<p style=\"line-height: 1.75em\">Fonction d'envoi d'une alerte au t\u00e9l\u00e9phone portable <\/p>\n<p style=\"line-height: 1.75em\">L'int\u00e9rieur de la machine a plus de fonctions, ce qui peut vous aider \u00e0 \u00e9conomiser plus de co\u00fbts artificiels :<\/p>\n<p style=\"line-height: 1.75em\">Le syst\u00e8me de pr\u00e9-refroidissement maintient le m\u00e9lange en dessous de 5\u2103 en mode automatique et en mode veille. <\/p>\n<p style=\"line-height: 1.75em\">La pompe \u00e0 air envoie le m\u00e9lange avec une certaine quantit\u00e9 d'air dans les cylindres de cong\u00e9lation. <\/p>\n<p style=\"line-height: 1.75em\">Le m\u00e9langeur maintient l'uniformit\u00e9 du m\u00e9lange dans les tr\u00e9mies. <\/p>\n<p style=\"line-height: 1.75em\">Le traitement thermique permet un nettoyage quotidien afin de maintenir le produit conforme aux normes de qualit\u00e9 et de s\u00e9curit\u00e9 jusqu'\u00e0 deux semaines avant le nettoyage complet et le d\u00e9montage. <\/p>\n<p style=\"line-height: 1.75em\"><span style=\"font-size: 18px\"><strong><br \/><\/strong><\/span><\/p>\n<p style=\"line-height: 1.75em\"><span style=\"font-size: 18px\"><strong>D\u00e9givrage <\/strong><\/span><\/p>\n<p style=\"line-height: 1.75em\">La d\u00e9cong\u00e9lation de production fait fondre rapidement le produit dans les deux cylindres, puis repasse en mode production pour reproduire. <\/p>\n<p style=\"line-height: 1.75em\">Le lavage d\u00e9cong\u00e9lation fait fondre rapidement le produit dans les cylindres, ce qui r\u00e9duit consid\u00e9rablement les restes avant le nettoyage. <\/p>\n<p style=\"line-height: 1.75em\"><strong><span style=\"font-size: 18px\"><br \/><\/span><\/strong><\/p>\n<p style=\"line-height: 1.75em\"><strong><span style=\"font-size: 18px\">D\u00e9sinfection <\/span><\/strong><\/p>\n<p style=\"line-height: 1.75em\">Fonction sp\u00e9ciale qui rend le processus d'assainissement semi-automatique et facile. <\/p>\n<p style=\"line-height: 1.75em\">Il n'est pas n\u00e9cessaire de d\u00e9monter la machine pour nettoyer le bloc de la gorge, la pompe \u00e0 air, le batteur et le cylindre.<br \/>\nLe compteur permet \u00e0 l'op\u00e9rateur de visualiser le nombre de portions distribu\u00e9es. <\/p>\n<p style=\"line-height: 1.75em\">&nbsp;<\/p>\n<\/div>\n<\/div>\n<\/div>\n<\/div>\n<p>&nbsp;<\/p>\n<div class=\"text-left d-tem09-title d-interval\" data-detail=\"wrap\">\n<div class=\"title-header\">\n<h2><strong><span style=\"font-family: arial, helvetica, sans-serif;font-size: 24px\"><a name=\"PRODUCT SPECIFICATION\"><\/a>SP\u00c9CIFICATION DU PRODUIT<\/span><\/strong><\/h2>\n<p><span>L'excellence de l'exp\u00e9rience client est le point de d\u00e9part de Hommy.<\/span><\/p>\n<p><img decoding=\"async\" src=\"https:\/\/www.hommy.com\/wp-content\/uploads\/15996907287051.png\" title=\"uploads\/www.hommy.com\/images\/https:\/\/www.hommy.com\/wp-content\/uploads\/15996907287051.png\" alt=\"image.png\" \/><\/p>\n<p><\/p>\n<p><\/p>\n<h2>&nbsp;&nbsp;<strong><span style=\"font-size: 24px;font-family: arial, helvetica, sans-serif\"><a name=\"PRODUCT ADVANTAGE\"><\/a>AVANTAGE DU PRODUIT<\/span><\/strong><span style=\"font-size: 24px\">&nbsp;<\/span><\/h2>\n<p>Hommy produit des machines \u00e0 glaces depuis 20 ans, les distributeurs automatiques de glaces ajoutent des fonctions de glaces douces, car il n'y a pas de personnel pour assurer le service tout le temps. Nous nous basons sur ce capteur suppl\u00e9mentaire et utilisons un logiciel pour le contr\u00f4ler, ce qui est de bonne qualit\u00e9 et de bonne fonction.<\/p>\n<\/div>\n<\/div>\n<div class=\"d-tem01-graphic tem01-graphic mockup\" data-detail=\"wrap\">\n<div class=\"cont-section clearfix d-clearfix\">\n<div class=\"col-md-6 col-sm-6 col-xs-6\">\n<div class=\"right-p\">\n<div class=\"h2 heading\">D\u00e9givrage&nbsp;<\/div>\n<p><\/p>\n<p><span style=\"letter-spacing: 0px;font-family: \u5b8b\u4f53;font-size: 16px\">Lorsque la machine fonctionne pendant une heure, il n'y a pas de vente de glace, le cylindre est parfois bloqu\u00e9, nous avons mis en place un syst\u00e8me de d\u00e9givrage automatique, de sorte que la machine peut encore fonctionner et d\u00e9givrer la glace \u00e0 l'int\u00e9rieur et produire une glace de bonne qualit\u00e9 ou un yaourt glac\u00e9.&nbsp;<\/span><\/p>\n<\/div>\n<div class=\"graphic_pic animated wow bounceIn\" data-wow-delay=\".7s\">\n<p style=\"text-align: center\"><img loading=\"lazy\" decoding=\"async\" width=\"393\" height=\"211\" title=\"\" style=\"width: 415px\" alt=\"produit-Hommy-img\" src=\"https:\/\/www.hommy.com\/wp-content\/uploads\/15788853994504.png\"><\/p>\n<p><\/p>\n<p>&nbsp; &nbsp; &nbsp; &nbsp; &nbsp; &nbsp;<\/p><\/div>\n<\/div>\n<div class=\"col-md-6 col-sm-6 col-xs-6\">\n<div class=\"right-p\">\n<div class=\"h2 heading\">Pompe \u00e0 air&nbsp;<\/div>\n<div class=\"description\">\n<p><span style=\"letter-spacing: 0px;font-family: \u5b8b\u4f53;font-size: 16px\">D\u00e9passement r\u00e9glable de 20% \u00e0 80%, r\u00e9duit la production de cristaux de glace, donne au yaourt glac\u00e9 (cr\u00e8me glac\u00e9e) un go\u00fbt lisse et un aspect blanc ; r\u00e9duit l'utilisation de mati\u00e8res premi\u00e8res, augmente les profits.<\/span><\/p>\n<p>.<\/p><\/div>\n<\/div>\n<div class=\"graphic_pic animated wow bounceIn\" data-wow-delay=\".7s\"><img loading=\"lazy\" decoding=\"async\" width=\"473\" height=\"228\" title=\"\" style=\"width: 473px\" alt=\"produit-Hommy-img\" src=\"https:\/\/www.hommy.com\/wp-content\/uploads\/15787019643805.png\"><br \/>\n &nbsp; &nbsp; &nbsp; &nbsp; &nbsp; &nbsp;<\/div>\n<\/div>\n<\/div>\n<\/div>\n<p>&nbsp;<\/p>\n<p>&nbsp;<\/p>\n<div class=\"d-tem01-graphic tem01-graphic mockup\" data-detail=\"wrap\">\n<div class=\"cont-section clearfix d-clearfix\">\n<div class=\"col-md-6 col-sm-6 col-xs-6\">\n<div class=\"right-p\">\n<div class=\"h2 heading\">Pasteurisation&nbsp;<\/div>\n<div class=\"description\"><span style=\"letter-spacing: 0px;font-family: \u5b8b\u4f53;font-size: 16px\">Si vous vendez des glaces la nuit, le syst\u00e8me se d\u00e9clenche automatiquement Pasteurisation : peut tuer <\/span><span style=\"font-family: Calibri;font-size: 16px\">les bact\u00e9ries <\/span><span style=\"font-family: \u5b8b\u4f53;font-size: 16px\">que <\/span><span style=\"font-family: Calibri;font-size: 16px\">produire<\/span><span style=\"font-family: \u5b8b\u4f53;font-size: 16px\">&nbsp;<\/span><span style=\"font-family: Calibri;font-size: 16px\">\u00e0 l'int\u00e9rieur de la machine<\/span><span style=\"font-family: \u5b8b\u4f53;font-size: 16px\">&nbsp;de -5<\/span><span style=\"font-family: \u5b8b\u4f53;font-size: 16px\">\u2103<\/span><span style=\"font-family: \u5b8b\u4f53;font-size: 16px\">&nbsp;<\/span><span style=\"font-family: Arial;font-size: 16px\">\u2192<\/span><span style=\"font-family: \u5b8b\u4f53;font-size: 16px\">&nbsp;<\/span><span style=\"font-family: \u5b8b\u4f53;font-size: 16px\">65<\/span><span style=\"font-family: \u5b8b\u4f53;font-size: 16px\">\u2103<\/span><span style=\"font-family: Arial;font-size: 16px\">\u2192<\/span><span style=\"font-family: \u5b8b\u4f53;font-size: 16px\">&nbsp;-5<\/span><span style=\"font-family: \u5b8b\u4f53;font-size: 16px\">\u2103<\/span><span style=\"font-family: Calibri;font-size: 16px\">processus<\/span><span style=\"font-family: \u5b8b\u4f53;font-size: 16px\">&nbsp;(d\u00e9sinfecter le cylindre de chargement et la mati\u00e8re premi\u00e8re \u00e0 l'int\u00e9rieur, puis r\u00e9frig\u00e9rer jusqu'\u00e0 l'\u00e9tat de r\u00e9servation). Vous pouvez donc conserver la machine pendant 14 jours en une seule fois.&nbsp;<\/span>&nbsp;&nbsp;&nbsp;&nbsp;&nbsp;&nbsp;&nbsp;&nbsp;&nbsp;&nbsp;&nbsp;&nbsp;<\/p>\n<p style=\"text-align: center\"><img decoding=\"async\" title=\"\" alt=\"produit-Hommy-img\" src=\"https:\/\/www.hommy.com\/wp-content\/uploads\/15787019009152.png\"><\/p>\n<\/div>\n<\/div>\n<\/div>\n<div class=\"col-md-6 col-sm-6 col-xs-6\">\n<div class=\"right-p\">\n<div class=\"h2 heading\">Laisser le capteur<\/div>\n<div class=\"description\"><span style=\"font-family: \u5b8b\u4f53;font-size: 16px\">Laisser le capteur avoir <\/span><span style=\"font-family: Calibri;font-size: 16px\">Deuxi\u00e8me \u00e9tape, la premi\u00e8re \u00e9tape de l'alarme de niveau de mat\u00e9riau manquant, la deuxi\u00e8me \u00e9tape de l'arr\u00eat automatique.<\/span><span style=\"font-family: \u5b8b\u4f53;font-size: 16px\">&nbsp;Lorsque vous recevez le premier message, vous avez un peu de temps pour ajouter du mat\u00e9riel, il n'est pas n\u00e9cessaire d'arr\u00eater la machine pour la faire fonctionner. <\/span><\/div>\n<\/div>\n<div class=\"graphic_pic animated wow bounceIn\" data-wow-delay=\".7s\">\n<p style=\"text-align: center\"><img loading=\"lazy\" decoding=\"async\" width=\"473\" height=\"306\" title=\"\" style=\"width: 203px\" alt=\"produit-Hommy-HM766C distributeur automatique de glaces-img\" src=\"https:\/\/www.hommy.com\/wp-content\/uploads\/15788874673345.jpg\"><\/p>\n<\/div>\n<\/div>\n<\/div>\n<\/div>\n<p><\/p>\n<p>&nbsp;<\/p>\n<div class=\"d-tem01-graphic tem01-graphic mockup\" data-detail=\"wrap\">\n<div class=\"cont-section clearfix d-clearfix\">\n<div class=\"col-md-6 col-sm-6 col-xs-6\">\n<div class=\"right-p\">\n<div class=\"h2 heading\">Fonction de promotion<\/div>\n<div class=\"description\">\n<p style=\"font-family: Calibri;font-size: 16px;font-style: normal;font-weight: normal;margin-top: 0px;margin-bottom: 0px\"><span style=\"font-family: \u5b8b\u4f53;font-size: 16px\">La machine \u00e0 l'int\u00e9rieur a une fonction de promotion, vous pouvez configurer la promotion \u00e0 n'importe quel moment du jour \u00e0 l'heure. Vous pouvez configurer la deuxi\u00e8me cr\u00e8me glac\u00e9e \u00e0 moiti\u00e9 prix, ce qui permet au client de b\u00e9n\u00e9ficier d'une r\u00e9duction plus importante. <\/span><\/p>\n<p style=\"margin: 1em 0px 13px\"><span style=\"font-family: \u5b8b\u4f53;font-size: 16px\"><span>&nbsp;&nbsp;&nbsp;Cela peut vous aider \u00e0 ajouter des quantit\u00e9s \u00e0 vendre.<\/span><\/span><\/p>\n<\/div>\n<\/div>\n<div class=\"graphic_pic animated wow bounceIn\" data-wow-delay=\".7s\">\n<p style=\"text-align: center\"><img decoding=\"async\" title=\"\" alt=\"produit-Hommy-img-1\" src=\"https:\/\/www.hommy.com\/wp-content\/uploads\/15788858121941.png\"><\/p>\n<\/div>\n<\/div>\n<div class=\"col-md-6 col-sm-6 col-xs-6\">\n<div class=\"right-p\">\n<div class=\"h2 heading\">Une langue diff\u00e9rente<\/div>\n<div class=\"description\">\n<p style=\"font-family: Calibri;font-size: 16px;font-style: normal;font-weight: normal;margin-top: 0px;margin-bottom: 0px\"><span style=\"font-family: \u5b8b\u4f53;font-size: 16px\">L'int\u00e9rieur de la machine est disponible en plusieurs langues : chinois, anglais, polonais, arabe saoudien, malaisien, tha\u00eflandais, espagnol.<\/span><\/p>\n<p>.<\/p><\/div>\n<\/div>\n<div class=\"graphic_pic animated wow bounceIn\" data-wow-delay=\".7s\">\n<p style=\"text-align: center\"><img loading=\"lazy\" decoding=\"async\" width=\"404\" height=\"209\" title=\"\" style=\"width: 271px\" alt=\"produit-HM766C distributeur automatique de glaces-Hommy-img-1\" src=\"https:\/\/www.hommy.com\/wp-content\/uploads\/15788858317746.png\"><\/p>\n<\/div>\n<\/div>\n<\/div>\n<\/div>\n<p><\/p>\n<p><\/p>\n<p>&nbsp;Document :<\/p>\n<p style=\"line-height: 16px\"><img decoding=\"async\" style=\"vertical-align: middle;margin-right: 2px\" src=\"https:\/\/www.hommy.com\/wp-content\/uploads\/icon_pdf-1.gif\" alt=\"produit-Hommy-img-1\" title=\"\"><a style=\"font-size:12px;color:#0066cc\" href=\"https:\/\/img80002414.weyesimg.com\/uploads\/www.hommy.com\/addon\/16027529042637.pdf\" title=\"16027529042637.pdf\">16027529042637.pdf<\/a><\/p>\n<h2>Le secteur des distributeurs automatiques est-il mort ?<\/h2>\n<p style=\"margin-top: 5px;margin-bottom: 5px\">Vous \u00eates-vous d\u00e9j\u00e0 demand\u00e9 comment fonctionne le secteur des distributeurs automatiques ? C'est beaucoup plus compliqu\u00e9 que vous ne le pensez. Dans cet article, nous allons vous expliquer comment les distributeurs automatiques sont fabriqu\u00e9s et comment ils fonctionnent. Nous allons \u00e9galement vous donner quelques conseils pour d\u00e9velopper votre entreprise de distributeurs automatiques et m\u00eame vous donner quelques id\u00e9es pour que votre distributeur automatique fonctionne pour vous.<\/p>\n<p style=\"margin-top: 5px;margin-bottom: 5px\"><\/p>\n<h2>Comment fonctionnent les distributeurs automatiques de nourriture japonais ?<\/h2>\n<p style=\"margin-top: 5px;margin-bottom: 5px\">Les Japonais appr\u00e9cient depuis longtemps la pr\u00e9sence de distributeurs automatiques dans leurs rues, o\u00f9 ils peuvent commander un repas fra\u00eechement pr\u00e9par\u00e9 sans avoir \u00e0 sortir de chez eux. Cette commodit\u00e9 est particuli\u00e8rement appr\u00e9ci\u00e9e par les personnes \u00e2g\u00e9es et les handicap\u00e9s, qui n'ont souvent pas l'\u00e9nergie de se d\u00e9placer pour prendre leurs repas. Mais comment fonctionnent ces distributeurs ?<\/p>\n<p style=\"margin-top: 5px;margin-bottom: 5px\"><\/p>\n<h2>Comment fixer le prix d'un distributeur automatique ?<\/h2>\n<p style=\"margin-top: 5px;margin-bottom: 5px\">La distribution automatique fait partie de ces choses qui se font tr\u00e8s diff\u00e9remment selon l'endroit o\u00f9 l'on se trouve. Au Royaume-Uni, en particulier, il existe plusieurs fa\u00e7ons de calculer le prix du produit ou de l'en-cas que vous voulez mettre dans un distributeur automatique, en fonction de l'endroit o\u00f9 vous vous trouvez. Par exemple, si vous \u00eates au Royaume-Uni et que vous voulez mettre un en-cas dans un distributeur automatique, le prix sera calcul\u00e9 sur la base du montant moyen que les consommateurs sont pr\u00eats \u00e0 payer. En revanche, si vous \u00eates aux \u00c9tats-Unis, vous devez calculer le prix en fonction du prix de vente du snack dans le magasin o\u00f9 vous l'avez achet\u00e9.<\/p>\n<\/div><\/div>","protected":false},"excerpt":{"rendered":"<p>Vending ice cream machine Vending ice cream machine|PRODUCT FEATURES|Vending ice cream machine|PRODUCT SPECIFICATION &nbsp;&nbsp;&nbsp;&nbsp; &nbsp;&nbsp;&nbsp;&nbsp; These machines are ideal for ice cream vending and offer an excellent quality product. Furthermore, our offered range of commercial ice cream vending machine is available in a wide range of specifications and is designed to suit the needs of [&hellip;]<\/p>\n","protected":false},"featured_media":206,"comment_status":"open","ping_status":"open","template":"","meta":{"_swt_meta_header_display":false,"_swt_meta_footer_display":false,"_swt_meta_site_title_display":false,"_swt_meta_sticky_header":false,"_swt_meta_transparent_header":false},"product_brand":[],"product_cat":[71,68],"product_tag":[],"class_list":{"0":"post-215","1":"product","2":"type-product","3":"status-publish","4":"has-post-thumbnail","6":"product_cat-ice-cream-vending-machine","7":"product_cat-vending-machine","9":"first","10":"instock","11":"shipping-taxable","12":"product-type-simple"},"_links":{"self":[{"href":"https:\/\/www.hommy.com\/fr\/wp-json\/wp\/v2\/product\/215","targetHints":{"allow":["GET"]}}],"collection":[{"href":"https:\/\/www.hommy.com\/fr\/wp-json\/wp\/v2\/product"}],"about":[{"href":"https:\/\/www.hommy.com\/fr\/wp-json\/wp\/v2\/types\/product"}],"replies":[{"embeddable":true,"href":"https:\/\/www.hommy.com\/fr\/wp-json\/wp\/v2\/comments?post=215"}],"wp:featuredmedia":[{"embeddable":true,"href":"https:\/\/www.hommy.com\/fr\/wp-json\/wp\/v2\/media\/206"}],"wp:attachment":[{"href":"https:\/\/www.hommy.com\/fr\/wp-json\/wp\/v2\/media?parent=215"}],"wp:term":[{"taxonomy":"product_brand","embeddable":true,"href":"https:\/\/www.hommy.com\/fr\/wp-json\/wp\/v2\/product_brand?post=215"},{"taxonomy":"product_cat","embeddable":true,"href":"https:\/\/www.hommy.com\/fr\/wp-json\/wp\/v2\/product_cat?post=215"},{"taxonomy":"product_tag","embeddable":true,"href":"https:\/\/www.hommy.com\/fr\/wp-json\/wp\/v2\/product_tag?post=215"}],"curies":[{"name":"wp","href":"https:\/\/api.w.org\/{rel}","templated":true}]}}