{"id":205,"date":"2024-07-02T12:09:28","date_gmt":"2024-07-02T12:09:28","guid":{"rendered":"http:\/\/localhost\/hommywp\/pa-c7a-street-pizza-vending-machine-manufacturers-for-walmart\/"},"modified":"2025-08-01T09:57:28","modified_gmt":"2025-08-01T09:57:28","slug":"pa-c7a-distributeur-automatique-de-pizzas-1","status":"publish","type":"product","link":"https:\/\/www.hommy.com\/fr\/p\/pa-c7a-distributeur-automatique-de-pizzas-1\/","title":{"rendered":"Pa-C7a Street Pizza Vending Machine Manufacturers For Walmart"},"content":{"rendered":"<div>\n<h1 style=\"text-align: center\"><strong><span style=\"letter-spacing: 0px;font-family: arial, helvetica, sans-serif;font-size: 24px\"><a name=\"Frozen Pizza Vending Machine\"><\/a>Distributeur automatique de pizzas surgel\u00e9es&nbsp;<\/span><\/strong><\/h1>\n<p style=\"text-align: center\"><a href=\"#Frozen Pizza Vending Machine\" target=\"_self\" data-lv=\"0\" rel=\"noopener\"><span style=\"letter-spacing: 0px;font-family: arial, helvetica, sans-serif;font-size: 18px\">Distributeur automatique de pizzas surgel\u00e9es<\/span><\/a><span style=\"letter-spacing: 0px;font-family: arial, helvetica, sans-serif;font-size: 18px\">|<a href=\"#Product specification\" target=\"_self\" data-lv=\"0\" rel=\"noopener\">Sp\u00e9cification du produit<\/a>|<a href=\"#Product Features\" target=\"_self\" data-lv=\"0\" rel=\"noopener\">Caract\u00e9ristiques du produit<\/a>|<a href=\"#Product Advantage\" target=\"_self\" data-lv=\"0\" rel=\"noopener\">Avantages du produit<\/a><\/span><\/p>\n<p><\/p>\n<p style=\"text-align: center\">&nbsp;&nbsp;&nbsp;&nbsp;<\/p>\n<h1><\/h1>\n<p>Nous sommes un nom \u00e9minent dans ce domaine et occupons une position forte parmi nos concurrents dans l'industrie. Le distributeur automatique de pizzas propos\u00e9 est tr\u00e8s appr\u00e9ci\u00e9 pour sa qualit\u00e9, sa durabilit\u00e9, son faible co\u00fbt d'entretien et sa fiabilit\u00e9. Ce distributeur automatique de pizzas peut \u00eatre obtenu aupr\u00e8s de nous aux prix les plus abordables.<\/p>\n<div class=\"d-tem01-graphic tem01-graphic mockup\" data-detail=\"wrap\">\n<div class=\"cont-section clearfix d-clearfix\">\n<div class=\"col-md-6 col-sm-6 col-xs-6\"><\/p>\n<div class=\"graphic_pic animated wow bounceIn\" data-wow-delay=\".7s\">\n<p style=\"text-align:center\"><img loading=\"lazy\" decoding=\"async\" src=\"https:\/\/www.hommy.com\/wp-content\/uploads\/16097211447314.jpg\" alt=\"product-Hommy-PA-C7A pizza Vending machine-img\" title=\"\" width=\"500\" height=\"400\" border=\"0\" vspace=\"0\" style=\"width: 500px;height: 400px\"><\/p>\n<\/div>\n<\/div>\n<div class=\"col-md-6 col-sm-6 col-xs-6\">\n<div class=\"right-p\">\n<div class=\"h2 heading\">\n<p><strong><span style=\"letter-spacing: 0px;font-family: arial, helvetica, sans-serif;font-size: 24px\"><a name=\"Product Features\"><\/a>Caract\u00e9ristiques du produit<\/span><\/strong><span style=\"font-family:\u5b8b\u4f53;letter-spacing:0;font-size:29px\">&nbsp;<\/span><\/p>\n<\/div>\n<p><span style=\"font-family: arial, helvetica, sans-serif;font-size: 18px\"><\/span><\/p>\n<p><span style=\"font-family: arial, helvetica, sans-serif;font-size: 18px\">1. \u00c9cran de 21,5 pouces pour le fonctionnement .<\/span><\/p>\n<p><span style=\"letter-spacing: 0px;font-family: arial, helvetica, sans-serif;font-size: 18px\">2) Compte tenu de l'environnement de cong\u00e9lation et de basses temp\u00e9ratures, la structure brevet\u00e9e du canal est con\u00e7ue pour assurer une livraison r\u00e9guli\u00e8re et stable des marchandises \u00e0 basse temp\u00e9rature. <\/span><\/p>\n<p><span style=\"font-family: arial, helvetica, sans-serif;font-size: 18px\">3. Le syst\u00e8me de paiement accepte les pi\u00e8ces de monnaie, les billets, les pi\u00e8ces de monnaie Exchang, les cartes de cr\u00e9dit.<\/span><\/p>\n<p><span style=\"font-family: arial, helvetica, sans-serif;font-size: 18px\"><span style=\"font-family: Calibri;font-size: 21px\">4. Le cong\u00e9lateur \u00e0 l'int\u00e9rieur peut contenir 30 pizzas \uff08this is American style pizza packing box :41X41X4.5cm) si la taille de votre bo\u00eete d'emballage de pizza est petite, il y aura plus de quantit\u00e9 et gardera la temp\u00e9rature de -8.<\/span><span style=\"font-family: \u5b8b\u4f53;font-size: 21px\">\u2103<\/span><span style=\"font-family: Calibri;font-size: 21px\">&nbsp;\u00e0 10<\/span><span style=\"font-family: \u5b8b\u4f53;font-size: 21px\">\u2103<\/span><span style=\"font-family: Calibri;font-size: 21px\">. <\/span><\/span><\/p>\n<p><span style=\"font-family: arial, helvetica, sans-serif;font-size: 18px\">5. Carte de contr\u00f4le PC avanc\u00e9e, fonction bien programm\u00e9e et fonctionnement stable.<\/span><\/p>\n<p><span style=\"font-family: arial, helvetica, sans-serif;font-size: 18px\">6. La temp\u00e9rature du cong\u00e9lateur peut \u00eatre r\u00e9gl\u00e9e en fonction des diff\u00e9rents produits, avec une fonction de d\u00e9givrage automatique, pour garantir que la machine fonctionne normalement dans des conditions de temp\u00e9rature et d'humidit\u00e9 \u00e9lev\u00e9es, ainsi qu'une fonction de pasteurisation ;<\/span><\/p>\n<p><span style=\"font-family: arial, helvetica, sans-serif;font-size: 18px\">7. Il existe une fonction de protection contre les pannes de courant, la machine continue \u00e0 afficher l'\u00e9tat d'alimentation, poss\u00e8de la fonction de m\u00e9moire, la fonction de protection contre les fuites dues \u00e0 la surcharge, ce qui garantit un fonctionnement s\u00fbr de la machine. <\/span><\/p>\n<p style=\"margin-top:0;margin-right:0;margin-bottom:0;text-align:justify\"><span style=\"letter-spacing: 0px;font-family: arial, helvetica, sans-serif;font-size: 18px\">8. La langue est l'anglais. &nbsp;<\/span><\/p>\n<p><span style=\"font-family: arial, helvetica, sans-serif;font-size: 18px\">9. Syst\u00e8me de gestion \u00e0 distance par ordinateur : interrogation des d\u00e9tails des ventes, rappel des p\u00e9nuries, rappel des pannes de machine.<\/span><\/p>\n<p><span style=\"font-family: arial, helvetica, sans-serif;font-size: 18px\"><br \/><\/span><\/p>\n<p><span style=\"font-family: arial, helvetica, sans-serif;font-size: 18px\"><\/span><\/p>\n<\/div>\n<p>&nbsp; &nbsp; &nbsp; &nbsp; &nbsp; &nbsp; &nbsp;<\/p><\/div>\n<\/div>\n<\/div>\n<p><\/p>\n<h1 style=\", Helvetica, Arial, sans-serif\"><strong><span style=\"letter-spacing: 0px;font-family: arial, helvetica, sans-serif;font-size: 24px\"><a name=\"Product specification\"><\/a>Sp\u00e9cification du produit<\/span><\/strong><\/h1>\n<p><strong><span style=\"letter-spacing: 0px;font-family: arial, helvetica, sans-serif;font-size: 24px\"><br \/><\/span><\/strong><\/p>\n<p><strong><span style=\"letter-spacing: 0px;font-family: arial, helvetica, sans-serif;font-size: 24px\"><img decoding=\"async\" src=\"https:\/\/www.hommy.com\/wp-content\/uploads\/16097213592257.png\" alt=\"produit-Hommy-img\" title=\"\"><\/span><\/strong><\/p>\n<h1><span style=\"font-family: arial, helvetica, sans-serif;font-size: 24px\"><strong><span style=\"font-family: arial, helvetica, sans-serif;letter-spacing: 0px\"><a name=\"Product Advantage\"><\/a><\/span><\/strong><\/span><br \/><\/h1>\n<h1><span style=\"font-family: arial, helvetica, sans-serif;font-size: 24px\"><strong><span style=\"font-family: arial, helvetica, sans-serif;letter-spacing: 0px\"><a name=\"Product Advantage\"><\/a>Avantages du produit<\/span><\/strong><\/span><\/h1>\n<div class=\"d-tem01-graphic tem01-graphic mockup\" data-detail=\"wrap\">\n<div class=\"cont-section clearfix d-clearfix\">\n<div class=\"col-md-6 col-sm-6 col-xs-6\">\n<div class=\"right-p\">\n<div class=\"h2 heading\">\n<p style=\"margin-top:0;margin-right:0;margin-bottom:0;margin-left:0;text-indent:0;text-align:justify\"><span style=\"font-family:Calibri;font-size:21px\">1.&nbsp;&nbsp;<\/span><span style=\"font-family:Calibri;font-size:21px\">21.5<\/span><span style=\"font-family:Calibri;font-size:21px\">\"<\/span><span style=\"font-family:Calibri;font-size:21px\">&nbsp;\u00e9cran pour le fonctionnement .<\/span><\/p>\n<p style=\"margin-top:0;margin-right:0;margin-bottom:0;margin-left:0;text-indent:0;text-align:justify\"><span style=\"font-family:Calibri;font-size:21px\"><br \/><\/span><\/p>\n<\/div>\n<\/div>\n<div class=\"graphic_pic animated wow bounceIn\" data-wow-delay=\".7s\">\n<p style=\"text-align:center\"><img loading=\"lazy\" decoding=\"async\" src=\"https:\/\/www.hommy.com\/wp-content\/uploads\/16097215947160.jpg\" alt=\"produit-PA-C7A pizza Distributeur automatique-Hommy-img\" title=\"\" width=\"350\" height=\"551\" border=\"0\" vspace=\"0\" style=\"width: 350px;height: 551px\"><\/p>\n<\/div>\n<\/div>\n<div class=\"col-md-6 col-sm-6 col-xs-6\">\n<div class=\"right-p\">\n<div class=\"h2 heading\">\n<p style=\"margin-top:0;margin-right:0;margin-bottom:0;margin-left:0;text-indent:0;text-align:justify\"><span style=\"font-family: arial, helvetica, sans-serif;font-size: 18px\"><span style=\"font-family: arial, helvetica, sans-serif;letter-spacing: 0px\">2. 30 pizzas sont conserv\u00e9es dans une bo\u00eete en papier \u00e0 l'int\u00e9rieur de la machine, ce qui permet de maintenir la temp\u00e9rature \u00e0 un niveau acceptable. <\/span><span style=\"font-family: arial, helvetica, sans-serif\">de -8\u2103 \u00e0 10\u2103.<\/span><\/span><\/p>\n<p style=\"margin-top:0;margin-right:0;margin-bottom:0;margin-left:0;text-indent:0;text-align:justify\"><span style=\"font-family: arial, helvetica, sans-serif;font-size: 18px\"><span style=\"font-family: arial, helvetica, sans-serif\"><br \/><\/span><\/span><\/p>\n<\/div>\n<\/div>\n<div class=\"graphic_pic animated wow bounceIn\" data-wow-delay=\".7s\">\n<p style=\"text-align:center\"><img loading=\"lazy\" decoding=\"async\" src=\"https:\/\/www.hommy.com\/wp-content\/uploads\/16097216543041.jpg\" alt=\"produit-Hommy-img\" title=\"\" width=\"300\" height=\"350\" border=\"0\" vspace=\"0\" style=\"width: 300px;height: 350px\"><\/p>\n<\/div>\n<\/div>\n<\/div>\n<\/div>\n<div class=\"d-tem01-graphic tem01-graphic mockup\" data-detail=\"wrap\">\n<div class=\"cont-section clearfix d-clearfix\">\n<div class=\"col-md-6 col-sm-6 col-xs-6\">\n<div class=\"right-p\">\n<div class=\"h2 heading\">\n<p><span style=\"font-family: arial, helvetica, sans-serif;font-size: 18px\"><span style=\"font-family: arial, helvetica, sans-serif;letter-spacing: 0px\">3.&nbsp;<\/span><span style=\"font-family: arial, helvetica, sans-serif\">Le syst\u00e8me de paiement accepte les pi\u00e8ces de monnaie, les billets, les pi\u00e8ces de monnaie Exchang, les cartes de cr\u00e9dit.<\/span><\/span><\/p>\n<p><span style=\"font-family: arial, helvetica, sans-serif;font-size: 18px\"><span style=\"font-family: arial, helvetica, sans-serif\"><br \/><\/span><\/span><\/p>\n<\/div>\n<\/div>\n<div class=\"graphic_pic animated wow bounceIn\" data-wow-delay=\".7s\">\n<p style=\"text-align:center\"><img loading=\"lazy\" decoding=\"async\" src=\"https:\/\/www.hommy.com\/wp-content\/uploads\/16097217475490.jpg\" alt=\"produit-Hommy-img\" title=\"\" width=\"350\" height=\"551\" border=\"0\" vspace=\"0\" style=\"width: 350px;height: 551px\"><\/p>\n<p><\/p>\n<p><\/p>\n<p><\/p>\n<h2 style=\"font-family: sans-serif\">Quels sont les pays qui disposent d'un distributeur automatique de pizzas ?<\/h2>\n<p style=\"margin-top: 5px;margin-bottom: 5px;font-family: sans-serif;font-size: 16px\">Les distributeurs automatiques peuvent \u00eatre tr\u00e8s efficaces s'ils atteignent les masses.<\/p>\n<p style=\"margin-top: 5px;margin-bottom: 5px;font-family: sans-serif;font-size: 16px\">De nombreux pays disposent d'une sorte de distributeur automatique proposant des plats locaux et internationaux, allant de la pizza au d\u00f6ner kebab. De nombreux pays disposent de distributeurs de pizzas capables de pr\u00e9parer des pizzas \u00e0 cro\u00fbte fine ou \u00e9paisse. Ces distributeurs automatiques peuvent \u00eatre tr\u00e8s utiles s'ils ne sont pas trop encombr\u00e9s, mais ils peuvent \u00eatre difficiles \u00e0 atteindre si l'endroit est difficile d'acc\u00e8s. En outre, le distributeur doit \u00eatre capable de pr\u00e9parer la nourriture en peu de temps, car il est souvent utilis\u00e9 par des \u00e9coliers qui ont souvent besoin d'un repas rapide.&nbsp;<\/p>\n<p style=\"margin-top: 5px;margin-bottom: 5px;font-family: sans-serif;font-size: 16px\"><\/p>\n<h2 style=\"font-family: sans-serif\">Peut-on gagner de l'argent avec les distributeurs automatiques ?<\/h2>\n<p style=\"margin-top: 5px;margin-bottom: 5px;font-family: sans-serif;font-size: 16px\">Un distributeur automatique est un \u00e9quipement de vente au d\u00e9tail qui distribue des produits. Un distributeur automatique contient de nombreux types de produits diff\u00e9rents, tels que des snacks, des boissons, des repas et bien d'autres choses encore. Il s'agit d'un moyen efficace de distribuer des produits de mani\u00e8re rapide et pratique. Le plus souvent, ils sont utilis\u00e9s dans les \u00e9tablissements de vente au d\u00e9tail et les \u00e9coles pour des produits tels que des en-cas, des boissons et d'autres produits similaires qui peuvent \u00eatre consomm\u00e9s sur place.L'histoire des distributeurs automatiques est assez int\u00e9ressante, puisqu'elle commence \u00e0 la fin des ann\u00e9es 1800 et au d\u00e9but des ann\u00e9es 1900. Dans les ann\u00e9es 1930, ils ont \u00e9t\u00e9 utilis\u00e9s pour distribuer des boissons non alcoolis\u00e9es et des glaces, ce qui a constitu\u00e9 un grand pas en avant dans le secteur de la vente au d\u00e9tail. \u00c0 la fin des ann\u00e9es 1960 et au d\u00e9but des ann\u00e9es 1970, les distributeurs automatiques sont devenus tr\u00e8s courants aux \u00c9tats-Unis, et ils se sont largement r\u00e9pandus dans le monde entier.<\/p>\n<p style=\"margin-top: 5px;margin-bottom: 5px;font-family: sans-serif;font-size: 16px\"><\/p>\n<h2 style=\"font-family: sans-serif\">Qui fabrique les distributeurs automatiques de pizzas ?<\/h2>\n<p style=\"margin-top: 5px;margin-bottom: 5px;font-family: sans-serif;font-size: 16px\">Il existe deux types principaux de distributeurs automatiques. Le premier est le distributeur automatique original qui vend des cigarettes, des boissons gazeuses, de la bi\u00e8re, des bonbons et parfois des aliments. L'autre type de distributeur, plus courant, est le distributeur de pizzas. Depuis plus de 15 ans maintenant, les distributeurs automatiques de pizzas sont des choix populaires pour les petites entreprises et m\u00eame pour les petites et grandes cha\u00eenes. Les distributeurs automatiques de pizzas, et leur succ\u00e8s, ont \u00e9t\u00e9 un sujet br\u00fblant au cours de la derni\u00e8re d\u00e9cennie et de nombreuses grandes cha\u00eenes de pizzerias, et m\u00eame certaines cha\u00eenes de pizzerias plus petites ou r\u00e9gionales, ont achet\u00e9 et d\u00e9ploy\u00e9 des distributeurs automatiques pour leur menu.<\/p>\n<\/div>\n<\/div>\n<div class=\"col-md-6 col-sm-6 col-xs-6\">\n<div class=\"right-p\">\n<div class=\"h2 heading\">\n<p><span style=\"font-family: arial, helvetica, sans-serif;font-size: 18px\">4. Syst\u00e8me de gestion \u00e0 distance par ordinateur : interrogation des d\u00e9tails des ventes, rappel des p\u00e9nuries, rappel des pannes de machine.<\/span><\/p>\n<p><span style=\"font-family: arial, helvetica, sans-serif;font-size: 18px\"><br \/><\/span><\/p>\n<\/div>\n<\/div>\n<div class=\"graphic_pic animated wow bounceIn\" data-wow-delay=\".7s\">\n<p style=\"text-align:center\"><img loading=\"lazy\" decoding=\"async\" src=\"https:\/\/www.hommy.com\/wp-content\/uploads\/16097217804233.png\" alt=\"produit-Hommy-img\" title=\"\" width=\"350\" height=\"551\" border=\"0\" vspace=\"0\" style=\"width: 350px;height: 551px\"><\/p>\n<\/div>\n<\/div>\n<\/div>\n<\/div><\/div>","protected":false},"excerpt":{"rendered":"<p>Frozen Pizza Vending Machine&nbsp; Frozen Pizza Vending Machine|Product specification|Product Features|Product Advantage &nbsp;&nbsp;&nbsp;&nbsp; We are a prominent name in this domain, holding a strong position among our competitors in the industry. The offered Pizza Vending Machine is highly appreciated for its quality, durability, low maintenance cost and reliability. This Pizza Vending Machine can be availed from [&hellip;]<\/p>\n","protected":false},"featured_media":199,"comment_status":"open","ping_status":"open","template":"","meta":{"_swt_meta_header_display":false,"_swt_meta_footer_display":false,"_swt_meta_site_title_display":false,"_swt_meta_sticky_header":false,"_swt_meta_transparent_header":false},"product_brand":[],"product_cat":[70,68],"product_tag":[],"class_list":{"0":"post-205","1":"product","2":"type-product","3":"status-publish","4":"has-post-thumbnail","6":"product_cat-pizza-vending-machine","7":"product_cat-vending-machine","9":"first","10":"instock","11":"shipping-taxable","12":"product-type-simple"},"_links":{"self":[{"href":"https:\/\/www.hommy.com\/fr\/wp-json\/wp\/v2\/product\/205","targetHints":{"allow":["GET"]}}],"collection":[{"href":"https:\/\/www.hommy.com\/fr\/wp-json\/wp\/v2\/product"}],"about":[{"href":"https:\/\/www.hommy.com\/fr\/wp-json\/wp\/v2\/types\/product"}],"replies":[{"embeddable":true,"href":"https:\/\/www.hommy.com\/fr\/wp-json\/wp\/v2\/comments?post=205"}],"wp:featuredmedia":[{"embeddable":true,"href":"https:\/\/www.hommy.com\/fr\/wp-json\/wp\/v2\/media\/199"}],"wp:attachment":[{"href":"https:\/\/www.hommy.com\/fr\/wp-json\/wp\/v2\/media?parent=205"}],"wp:term":[{"taxonomy":"product_brand","embeddable":true,"href":"https:\/\/www.hommy.com\/fr\/wp-json\/wp\/v2\/product_brand?post=205"},{"taxonomy":"product_cat","embeddable":true,"href":"https:\/\/www.hommy.com\/fr\/wp-json\/wp\/v2\/product_cat?post=205"},{"taxonomy":"product_tag","embeddable":true,"href":"https:\/\/www.hommy.com\/fr\/wp-json\/wp\/v2\/product_tag?post=205"}],"curies":[{"name":"wp","href":"https:\/\/api.w.org\/{rel}","templated":true}]}}