{"id":198,"date":"2024-07-02T12:09:24","date_gmt":"2024-07-02T12:09:24","guid":{"rendered":"http:\/\/localhost\/hommywp\/pa-c6-touch-screen-automatic-pizza-vending-machine-for-college\/"},"modified":"2025-08-01T09:57:28","modified_gmt":"2025-08-01T09:57:28","slug":"distributeur-automatique-de-pizzas-pa-c6","status":"publish","type":"product","link":"https:\/\/www.hommy.com\/fr\/p\/distributeur-automatique-de-pizzas-pa-c6\/","title":{"rendered":"Pa-C6 Distributeur automatique de pizzas \u00e0 \u00e9cran tactile pour coll\u00e8ge"},"content":{"rendered":"<div>\n<p><\/p>\n<h1 style=\"text-align: center\"><span style=\"font-family: arial, helvetica, sans-serif\"><strong><span style=\"letter-spacing: 0px;font-size: 29px\"><a name=\"Automatic Infrared Heating Vending Pizza Machine\"><\/a>Distributeur automatique de pizzas \u00e0 chauffage infrarouge<\/span><\/strong><\/span><\/h1>\n<p style=\"text-align: center\"><span style=\"letter-spacing: 0px;font-family: arial, helvetica, sans-serif;font-size: 18px\"><a href=\"#Automatic Infrared Heating Vending Pizza Machine\" target=\"_self\" data-lv=\"0\" rel=\"noopener\">Distributeur automatique de pizzas \u00e0 chauffage infrarouge<\/a>|<a href=\"#Product Features\" target=\"_self\" data-lv=\"0\" rel=\"noopener\">Caract\u00e9ristiques du produit<\/a>|<a href=\"#Product specification\" target=\"_self\" data-lv=\"0\" rel=\"noopener\">Sp\u00e9cification du produit<\/a>|<a href=\"#Product Advantage\" target=\"_self\" data-lv=\"0\" rel=\"noopener\">Avantages du produit<\/a><\/span><\/p>\n<p><\/p>\n<p style=\"text-align: center\">&nbsp;&nbsp;&nbsp;&nbsp;<\/p>\n<p>Nous disposons d'une \u00e9quipe de professionnels qualifi\u00e9s qui fabriquent ces distributeurs automatiques de pizzas \u00e0 \u00e9cran tactile dans le strict respect des normes industrielles. Nous promettons de livrer ces machines aux clients aux prix les plus bas de l'industrie. Les produits que nous proposons sont largement reconnus pour leur grande durabilit\u00e9, leur fiabilit\u00e9, leur facilit\u00e9 d'utilisation et leurs caract\u00e9ristiques de s\u00e9curit\u00e9 \u00e9lev\u00e9es. Les clients peuvent obtenir des produits qui peuvent \u00eatre utilis\u00e9s de mani\u00e8re automatis\u00e9e dans n'importe quel point de vente. En outre, nous fournissons \u00e9galement des solutions personnalis\u00e9es sous la forme de distributeurs automatiques de pizzas \u00e0 \u00e9cran tactile modulaire.<\/p>\n<div class=\"d-tem01-graphic tem01-graphic mockup\" data-detail=\"wrap\">\n<div class=\"cont-section clearfix d-clearfix\">\n<div class=\"col-md-6 col-sm-6 col-xs-6\"><\/p>\n<div class=\"graphic_pic animated wow bounceIn\" data-wow-delay=\".7s\"><img decoding=\"async\" src=\"https:\/\/www.hommy.com\/wp-content\/uploads\/16064612268625.png\" alt=\"produit-Hommy-img\" title=\"\"><br \/>\n &nbsp; &nbsp; &nbsp; &nbsp; &nbsp; &nbsp;<\/div>\n<\/div>\n<div class=\"col-md-6 col-sm-6 col-xs-6\">\n<div class=\"right-p\">\n<div class=\"h2 heading\">\n<h1><strong><span style=\"letter-spacing: 0px;font-family: arial, helvetica, sans-serif;font-size: 24px\"><a name=\"Product Features\"><\/a>Caract\u00e9ristiques du produit<\/span><\/strong><\/h1>\n<\/div>\n<div class=\"description\">\n<p><span style=\"font-size: 18px;font-family: arial, helvetica, sans-serif\">1. \u00c9cran de 55\" pour la promotion et \u00e9cran de 15\" pour l'exploitation.<\/span><\/p>\n<p><span style=\"font-size: 18px;font-family: arial, helvetica, sans-serif\">2. Le syst\u00e8me de paiement accepte les pi\u00e8ces de monnaie, les billets, les pi\u00e8ces de monnaie Exchang, les cartes de cr\u00e9dit.<\/span><\/p>\n<p><span style=\"font-size: 18px;font-family: arial, helvetica, sans-serif\">3. Le cong\u00e9lateur \u00e0 l'int\u00e9rieur peut conserver 48pcs 10 \"pizza et garder la temp\u00e9rature de -8\u2103 \u00e0 10\u2103. <\/span><\/p>\n<p><span style=\"font-size: 18px;font-family: arial, helvetica, sans-serif\">4. La machine contient 48 bo\u00eetes de papier.<\/span><\/p>\n<p><span style=\"font-size: 18px;font-family: arial, helvetica, sans-serif\">5. Carte de contr\u00f4le PC avanc\u00e9e, fonction bien programm\u00e9e et fonctionnement stable.<\/span><\/p>\n<p><span style=\"font-size: 18px;font-family: arial, helvetica, sans-serif\">6. L'int\u00e9rieur du cong\u00e9lateur est \u00e9quip\u00e9 d'un \u00e9cran publicitaire de grande taille et d'une fonction de pasteurisation. <\/span><\/p>\n<p style=\"margin-left:0;text-indent:0\"><span style=\"font-size: 18px;font-family: arial, helvetica, sans-serif\">7. La temp\u00e9rature du cong\u00e9lateur peut \u00eatre r\u00e9gl\u00e9e en fonction des diff\u00e9rents produits, avec une fonction de d\u00e9givrage automatique, afin de garantir le fonctionnement normal de la machine dans des conditions de temp\u00e9rature et d'humidit\u00e9 \u00e9lev\u00e9es ;<\/span><\/p>\n<p style=\"margin-left:0;text-indent:0\"><span style=\"letter-spacing: 0px;font-size: 18px;font-family: arial, helvetica, sans-serif\">8. Temp\u00e9rature de chauffage infrarouge <span style=\"letter-spacing: 0px;font-size: 18px;font-family: \u5b8b\u4f53\">\uff1a<\/span>60-300\u2103 besoin de 45-55 secondes pour cuire une pizza.<\/span><\/p>\n<p style=\"margin-left:0;text-indent:0\"><span style=\"letter-spacing: 0px;font-size: 18px;font-family: arial, helvetica, sans-serif\">9.  Dimensions de la maison infrarouge :400X400X300mm et puissance :3000W . <\/span><\/p>\n<p style=\"margin-left:0;text-indent:0\"><span style=\"font-size: 18px;font-family: arial, helvetica, sans-serif\">10. Il existe une fonction de protection contre les pannes de courant, la machine indique toujours l'\u00e9tat d'alimentation, poss\u00e8de la fonction de m\u00e9moire, la fonction de protection contre les fuites dues \u00e0 la surcharge, ce qui garantit un fonctionnement s\u00fbr de la machine. <\/span><\/p>\n<p style=\"margin-top:0;margin-right:0;margin-bottom:0;margin-left:0;text-indent:0;text-align:justify\"><span style=\"letter-spacing: 0px;font-size: 18px;font-family: arial, helvetica, sans-serif\">11. La langue peut \u00eatre adapt\u00e9e en fonction du pays. <\/span><\/p>\n<p style=\"margin-top:0;margin-right:0;margin-bottom:0;margin-left:0;text-indent:0;text-align:justify\"><span style=\"letter-spacing: 0px;font-size: 18px;font-family: arial, helvetica, sans-serif\">12. 48 jeux de pizzas sont stock\u00e9s \u00e0 l'int\u00e9rieur de la machine.<\/span><\/p>\n<p style=\"margin-left:0;text-indent:0\"><span style=\"font-size: 18px;font-family: arial, helvetica, sans-serif\">13. Syst\u00e8me informatique de gestion \u00e0 distance : interrogation des d\u00e9tails des ventes, rappel des p\u00e9nuries, rappel des pannes de machine.<\/span><\/p>\n<\/div>\n<\/div>\n<p>&nbsp; &nbsp; &nbsp; &nbsp; &nbsp; &nbsp;&nbsp;<\/p><\/div>\n<\/div>\n<\/div>\n<h1><span style=\"font-size: 24px\"><strong><span style=\"letter-spacing: 0px;font-family: arial, helvetica, sans-serif\"><a name=\"Product specification\"><\/a>Sp\u00e9cification du produit<\/span><\/strong><\/span><\/h1>\n<p><strong><span style=\"letter-spacing: 0px;font-size: 29px;font-family: arial, helvetica, sans-serif\"><br \/><\/span><\/strong><\/p>\n<p><strong><span style=\"letter-spacing: 0px;font-size: 29px;font-family: arial, helvetica, sans-serif\"><img loading=\"lazy\" decoding=\"async\" src=\"https:\/\/www.hommy.com\/wp-content\/uploads\/16064598714551.png\" title=\"\" alt=\"produit-Hommy-img\" width=\"1000\" height=\"462\" border=\"0\" vspace=\"0\" style=\"width: 1000px;height: 462px\"><\/span><\/strong><\/p>\n<p><strong><span style=\"letter-spacing: 0px;font-size: 29px;font-family: arial, helvetica, sans-serif\"><br \/><\/span><\/strong><\/p>\n<p><strong><span style=\"letter-spacing: 0px;font-size: 29px;font-family: arial, helvetica, sans-serif\"><\/span><\/strong><\/p>\n<h1><span style=\"font-size: 24px\"><strong><span style=\"letter-spacing: 0px;font-family: arial, helvetica, sans-serif\">Avantages du produit<\/span><\/strong><\/span><\/h1>\n<p><span style=\"font-family:\u5b8b\u4f53;letter-spacing:0;font-size:29px\"><\/span><\/p>\n<div class=\"d-tem01-graphic tem01-graphic mockup\" data-detail=\"wrap\">\n<div class=\"cont-section clearfix d-clearfix\">\n<div class=\"col-md-6 col-sm-6 col-xs-6\">\n<div class=\"right-p\">\n<div class=\"h2 heading\">\n<p><span style=\"font-size: 18px;font-family: arial, helvetica, sans-serif\">\u00c9cran de 1,55\" pour la promotion et \u00e9cran de 15\" pour le fonctionnement.<\/span><\/p>\n<p><span style=\"font-size: 18px;font-family: arial, helvetica, sans-serif\"><br \/><\/span><\/p>\n<p><span style=\"font-family:Calibri;font-size:21px\"><br \/><\/span><\/p>\n<\/div>\n<\/div>\n<div class=\"graphic_pic animated wow bounceIn\" data-wow-delay=\".7s\" style=\"text-align: center\"><img loading=\"lazy\" decoding=\"async\" src=\"https:\/\/www.hommy.com\/wp-content\/uploads\/16064607889486.jpg\" alt=\"produit-Hommy-img\" title=\"\" width=\"300\" height=\"583\" border=\"0\" vspace=\"0\" style=\"width: 300px;height: 583px\"><br \/>\n &nbsp; &nbsp; &nbsp; &nbsp; &nbsp; &nbsp;<\/div>\n<\/div>\n<div class=\"col-md-6 col-sm-6 col-xs-6\">\n<div class=\"right-p\">\n<p><span style=\"font-family: arial, helvetica, sans-serif;font-size: 18px\">2.<span style=\"font-family: arial, helvetica, sans-serif;letter-spacing: 0px\">La temp\u00e9rature de chauffage infrarouge \uff1a60-300\u2103 n\u00e9cessite 45-55 secondes pour cuire une pizza et la taille de la maison infrarouge :400X400X300mm et la puissance :3000W .<\/span><\/span><\/p>\n<p><span style=\"font-family: arial, helvetica, sans-serif;font-size: 18px\"><span style=\"font-family: arial, helvetica, sans-serif;letter-spacing: 0px\"><br \/><\/span><\/span><\/p>\n<\/div>\n<div class=\"graphic_pic animated wow bounceIn\" data-wow-delay=\".7s\" style=\"text-align: center\"><img loading=\"lazy\" decoding=\"async\" src=\"https:\/\/www.hommy.com\/wp-content\/uploads\/16064607973919.jpg\" alt=\"produit-Hommy-img\" title=\"\" width=\"300\" height=\"583\" border=\"0\" vspace=\"0\" style=\"width: 300px;height: 583px\">&nbsp; &nbsp; &nbsp; &nbsp; &nbsp; &nbsp; &nbsp;<\/div>\n<\/div>\n<\/div>\n<\/div>\n<div class=\"d-tem01-graphic tem01-graphic mockup\" data-detail=\"wrap\">\n<div class=\"cont-section clearfix d-clearfix\">\n<div class=\"col-md-6 col-sm-6 col-xs-6\">\n<div class=\"right-p\">\n<p><span style=\"font-family: arial, helvetica, sans-serif;font-size: 18px\">3.<span style=\"font-family: arial, helvetica, sans-serif;text-align: justify;letter-spacing: 0px\">48 pizzas sont stock\u00e9es \u00e0 l'int\u00e9rieur de la machine, ce qui permet de maintenir la temp\u00e9rature \u00e0 un niveau \u00e9lev\u00e9. <\/span><span style=\"font-family: arial, helvetica, sans-serif;text-align: justify\">de -8\u2103 \u00e0 10\u2103.<\/span><\/span><\/p>\n<p><span style=\"text-align: justify;font-family: Calibri;font-size: 21px\"><br \/><\/span><\/p>\n<\/div>\n<div class=\"graphic_pic animated wow bounceIn\" data-wow-delay=\".7s\" style=\"text-align: center\"><img loading=\"lazy\" decoding=\"async\" src=\"https:\/\/www.hommy.com\/wp-content\/uploads\/16064608154132.png\" alt=\"product-PA-C6 Distributeur automatique de pizzas-Hommy-img\" title=\"\" width=\"300\" height=\"583\" border=\"0\" vspace=\"0\" style=\"width: 300px;height: 583px\"><br \/>\n &nbsp; &nbsp; &nbsp; &nbsp; &nbsp; &nbsp;<\/div>\n<\/div>\n<div class=\"col-md-6 col-sm-6 col-xs-6\">\n<div class=\"right-p\">\n<div class=\"h2 heading\">\n<p><span style=\"font-family: arial, helvetica, sans-serif;font-size: 18px\">4. la machine contient 48 bo\u00eetes de papier.<\/span><\/p>\n<p><span style=\"font-family:Calibri;font-size:21px\"><br \/><\/span><\/p>\n<\/div>\n<\/div>\n<div class=\"graphic_pic animated wow bounceIn\" data-wow-delay=\".7s\" style=\"text-align: center\"><img loading=\"lazy\" decoding=\"async\" src=\"https:\/\/www.hommy.com\/wp-content\/uploads\/16064608329874.png\" alt=\"product-Hommy-PA-C6 Distributeur automatique de pizzas-img\" title=\"\" width=\"300\" height=\"583\" border=\"0\" vspace=\"0\" style=\"width: 300px;height: 583px\">&nbsp; &nbsp; &nbsp; &nbsp; &nbsp; &nbsp; &nbsp;<\/div>\n<\/div>\n<\/div>\n<\/div>\n<div class=\"d-tem01-graphic tem01-graphic mockup\" data-detail=\"wrap\">\n<div class=\"cont-section clearfix d-clearfix\">\n<div class=\"col-md-6 col-sm-6 col-xs-6\">\n<div class=\"right-p\">\n<div class=\"h2 heading\">\n<p><span style=\"font-family: arial, helvetica, sans-serif;font-size: 18px\">5. le syst\u00e8me de paiement accepte les pi\u00e8ces de monnaie, les billets, les pi\u00e8ces de monnaie Exchang, les cartes de cr\u00e9dit.<\/span><\/p>\n<p><span style=\"font-family:Calibri;font-size:21px\"><br \/><\/span><\/p>\n<\/div>\n<\/div>\n<p style=\"text-align: center\"><img loading=\"lazy\" decoding=\"async\" src=\"https:\/\/www.hommy.com\/wp-content\/uploads\/16064608579105.png\" alt=\"produit-Hommy-img-1\" title=\"\" width=\"300\" height=\"350\" border=\"0\" vspace=\"0\" style=\"width: 300px;height: 350px\">&nbsp; &nbsp; &nbsp; &nbsp; &nbsp; &nbsp; &nbsp;<\/p>\n<\/div>\n<div class=\"col-md-6 col-sm-6 col-xs-6\">\n<div class=\"right-p\">\n<div class=\"h2 heading\">\n<p><span style=\"font-family: arial, helvetica, sans-serif;font-size: 18px\">6. Syst\u00e8me de gestion \u00e0 distance par ordinateur : interrogation des d\u00e9tails des ventes, rappel des p\u00e9nuries, rappel des pannes de machine.<\/span><\/p>\n<p><span style=\"font-family:Calibri;font-size:21px\"><br \/><\/span><\/p>\n<\/div>\n<\/div>\n<p style=\"text-align: center\"><img loading=\"lazy\" decoding=\"async\" src=\"https:\/\/www.hommy.com\/wp-content\/uploads\/16064608773586.jpg\" alt=\"produit-Hommy-img-1\" title=\"\" width=\"400\" height=\"437\" border=\"0\" vspace=\"0\" style=\"width: 400px;height: 437px\">&nbsp; &nbsp; &nbsp; &nbsp; &nbsp; &nbsp; &nbsp;<\/p>\n<\/div>\n<\/div>\n<\/div>\n<p>Document\uff1a<img decoding=\"async\" src=\"https:\/\/www.hommy.com\/wp-content\/uploads\/icon_pdf.gif\" style=\"margin-right: 2px\" alt=\"produit-Hommy-img-1\" title=\"\"><a href=\"https:\/\/img80002414.weyesimg.com\/uploads\/www.hommy.com\/addon\/16064611261775.pdf\" title=\"16064611261775.pdf\" style=\"font-size: 12px\">16064611261775.pdf<\/a><\/p>\n<h2>Qui fabrique les distributeurs automatiques de pizzas ?<\/h2>\n<p style=\"margin-top: 5px;margin-bottom: 5px\">Je discutais avec l'un de mes partenaires, propri\u00e9taire de l'une des plus grandes entreprises de distributeurs automatiques. Il travaille avec des entreprises dont les machines fournissent des boissons lors de divers \u00e9v\u00e9nements et qui ont souvent des machines dans les entreprises pour fournir aux employ\u00e9s les boissons dont ils ont besoin.<\/p>\n<p style=\"margin-top: 5px;margin-bottom: 5px\"><\/p>\n<h2>Devrais-je investir dans la pizza Piestro ?<\/h2>\n<p style=\"margin-top: 5px;margin-bottom: 5px\">Je me demande si je devrais acheter Piestro Pizza pour y investir. Apr\u00e8s avoir parl\u00e9 \u00e0 plusieurs investisseurs, je pense qu'ils me diront tous d'aller voir ailleurs. Est-ce que quelqu'un a des conseils \u00e0 me donner avant de d\u00e9cider si je dois investir ou non ? Le meilleur moyen est d'apprendre \u00e0 gagner de l'argent. Si vous pouvez en vivre, il n'est pas n\u00e9cessaire d'investir. Je sugg\u00e8re de se renseigner en ligne sur les principes fondamentaux de la pizza (et d'autres activit\u00e9s), puis d'examiner les possibilit\u00e9s de franchise (il est pr\u00e9f\u00e9rable d'examiner ces derni\u00e8res en premier lieu). Il y a tellement d'opportunit\u00e9s de franchise que vous devriez avoir de la chance. J'en suis \u00e0 ma troisi\u00e8me ann\u00e9e d'exploitation d'une franchise Pizza Hut en Californie et j'ai bien r\u00e9ussi jusqu'\u00e0 pr\u00e9sent, mais comme pour toute chose dans la vie, il faut y consacrer du temps, apprendre ce qu'il faut savoir et \u00eatre pr\u00eat \u00e0 r\u00e9ussir.<\/p>\n<p style=\"margin-top: 5px;margin-bottom: 5px\"><\/p>\n<h2>Combien co\u00fbte un four \u00e0 pizza commercial ?<\/h2>\n<p style=\"margin-top: 5px;margin-bottom: 5px\">Un four \u00e0 pizza commercial peut co\u00fbter entre $5 000 et $15 000, selon que le four \u00e0 pizza est assez grand pour contenir une de vos pizzas ou selon le type de four \u00e0 pizza que vous recherchez. Les fours \u00e0 pizza commerciaux peuvent \u00eatre utilis\u00e9s pour de nombreux types d'aliments, et pas seulement pour les pizzas. En fonction de la taille du four \u00e0 pizza que vous souhaitez, il peut s'agir d'un petit four de table ou d'un grand four \u00e0 pizza commercial. Les plus grands fours \u00e0 pizza commerciaux actuellement disponibles sont capables de prendre une de vos pizzas, de la cuire et de la placer sur une surface plane avec facilit\u00e9. Certains fours \u00e0 pizza commerciaux ont \u00e9galement la capacit\u00e9 de chauffer vos aliments pendant la cuisson.<\/p>\n<\/p><\/div>","protected":false},"excerpt":{"rendered":"<p>Automatic Infrared Heating Vending Pizza Machine Automatic Infrared Heating Vending Pizza Machine|Product Features|Product specification|Product Advantage &nbsp;&nbsp;&nbsp;&nbsp; We have a skilled team of professionals that manufacture these Touch Screen Pizza Vending Machines in strict adherence to industrial standards. We promise to deliver these machines to clients at industry leading prices. The products offered by us are [&hellip;]<\/p>\n","protected":false},"featured_media":189,"comment_status":"open","ping_status":"open","template":"","meta":{"_swt_meta_header_display":false,"_swt_meta_footer_display":false,"_swt_meta_site_title_display":false,"_swt_meta_sticky_header":false,"_swt_meta_transparent_header":false},"product_brand":[],"product_cat":[70,68],"product_tag":[],"class_list":{"0":"post-198","1":"product","2":"type-product","3":"status-publish","4":"has-post-thumbnail","6":"product_cat-pizza-vending-machine","7":"product_cat-vending-machine","9":"first","10":"instock","11":"shipping-taxable","12":"product-type-simple"},"_links":{"self":[{"href":"https:\/\/www.hommy.com\/fr\/wp-json\/wp\/v2\/product\/198","targetHints":{"allow":["GET"]}}],"collection":[{"href":"https:\/\/www.hommy.com\/fr\/wp-json\/wp\/v2\/product"}],"about":[{"href":"https:\/\/www.hommy.com\/fr\/wp-json\/wp\/v2\/types\/product"}],"replies":[{"embeddable":true,"href":"https:\/\/www.hommy.com\/fr\/wp-json\/wp\/v2\/comments?post=198"}],"wp:featuredmedia":[{"embeddable":true,"href":"https:\/\/www.hommy.com\/fr\/wp-json\/wp\/v2\/media\/189"}],"wp:attachment":[{"href":"https:\/\/www.hommy.com\/fr\/wp-json\/wp\/v2\/media?parent=198"}],"wp:term":[{"taxonomy":"product_brand","embeddable":true,"href":"https:\/\/www.hommy.com\/fr\/wp-json\/wp\/v2\/product_brand?post=198"},{"taxonomy":"product_cat","embeddable":true,"href":"https:\/\/www.hommy.com\/fr\/wp-json\/wp\/v2\/product_cat?post=198"},{"taxonomy":"product_tag","embeddable":true,"href":"https:\/\/www.hommy.com\/fr\/wp-json\/wp\/v2\/product_tag?post=198"}],"curies":[{"name":"wp","href":"https:\/\/api.w.org\/{rel}","templated":true}]}}