{"id":188,"date":"2024-07-02T12:09:20","date_gmt":"2024-07-02T12:09:20","guid":{"rendered":"http:\/\/localhost\/hommywp\/pa-c6-b-with-roof-fully-automatic-pizza-vending-machine-price\/"},"modified":"2025-08-01T09:57:28","modified_gmt":"2025-08-01T09:57:28","slug":"prix-du-distributeur-automatique-de-pizzas-pa-c6-b-avec-toit","status":"publish","type":"product","link":"https:\/\/www.hommy.com\/fr\/p\/prix-du-distributeur-automatique-de-pizzas-pa-c6-b-avec-toit\/","title":{"rendered":"Pa-C6-B avec toit Distributeur automatique de pizzas Prix"},"content":{"rendered":"<p style=\"text-align: center;\"><strong><span style=\"font-family: Calibri; font-size: 29px;\">entreprise de distributeurs automatiques de pizzas<\/span><\/strong><\/p>\n<div class=\"epyt-video-wrapper\">\n<div  style=\"display: block; margin: 0px auto;\"  id=\"_ytid_43907\"  width=\"800\" height=\"450\"  data-origwidth=\"800\" data-origheight=\"450\"  data-relstop=\"1\" data-facadesrc=\"https:\/\/www.youtube.com\/embed\/uVsIe_11_mE?enablejsapi=1&#038;autoplay=0&#038;cc_load_policy=0&#038;cc_lang_pref=&#038;iv_load_policy=1&#038;loop=0&#038;rel=0&#038;fs=1&#038;playsinline=0&#038;autohide=2&#038;theme=dark&#038;color=red&#038;controls=1&#038;disablekb=0&#038;\" class=\"__youtube_prefs__ epyt-facade epyt-is-override  no-lazyload\" data-epautoplay=\"1\" ><img decoding=\"async\" data-spai-excluded=\"true\" class=\"epyt-facade-poster skip-lazy\" loading=\"lazy\" alt=\"Lecteur YouTube\" src=\"https:\/\/i.ytimg.com\/vi\/uVsIe_11_mE\/maxresdefault.jpg\" title=\"\"><button class=\"epyt-facade-play\" aria-label=\"Jouer\"><svg data-no-lazy=\"1\" height=\"100%\" version=\"1.1\" viewbox=\"0 0 68 48\" width=\"100%\"><path class=\"ytp-large-play-button-bg\" d=\"M66.52,7.74c-0.78-2.93-2.49-5.41-5.42-6.19C55.79,.13,34,0,34,0S12.21,.13,6.9,1.55 C3.97,2.33,2.27,4.81,1.48,7.74C0.06,13.05,0,24,0,24s0.06,10.95,1.48,16.26c0.78,2.93,2.49,5.41,5.42,6.19 C12.21,47.87,34,48,34,48s21.79-0.13,27.1-1.55c2.93-0.78,4.64-3.26,5.42-6.19C67.94,34.95,68,24,68,24S67.94,13.05,66.52,7.74z\" fill=\"#f00\"><\/path><path d=\"M 45,24 27,14 27,34\" fill=\"#fff\"><\/path><\/svg><\/button><\/div>\n<\/div>\n<p>Ces produits sont fabriqu\u00e9s \u00e0 partir de mati\u00e8res premi\u00e8res de qualit\u00e9 contr\u00f4l\u00e9e et avec une technologie de pointe. Avec nous, vous pouvez obtenir des distributeurs automatiques de pizzas de premi\u00e8re qualit\u00e9. En outre, notre gamme de machines est disponible dans diff\u00e9rentes sp\u00e9cifications, vous pouvez acheter les meilleures machines \u00e0 un prix abordable pour votre entreprise.<\/p>\n<p><strong><span style=\"font-family: \u5b8b\u4f53; font-size: 29px;\">Produit <\/span><span style=\"font-family: \u5b8b\u4f53; font-size: 29px;\">sp\u00e9cification\uff1a<\/span><\/strong><\/p>\n<p><strong><span style=\"font-family: \u5b8b\u4f53; font-size: 29px;\"><img loading=\"lazy\" decoding=\"async\" style=\"height: 961px; width: 800px;\" title=\"\" src=\"https:\/\/www.hommy.com\/wp-content\/uploads\/16428200333753-4.jpg\" alt=\"product-Hommy-PA-C6-B avec toit distributeur automatique de pizzas price-img\" width=\"800\" height=\"961\" border=\"0\" vspace=\"0\"><\/span><\/strong><\/p>\n<p>&nbsp;<\/p>\n<p><img decoding=\"async\" src=\"https:\/\/www.hommy.com\/wp-content\/uploads\/16428201553858-4.jpg\" alt=\"produit-Hommy-img\" title=\"\"><\/p>\n<p><img loading=\"lazy\" decoding=\"async\" style=\"width: 800px; height: 890px;\" title=\"\" src=\"https:\/\/www.hommy.com\/wp-content\/uploads\/16428200313238-4.jpg\" alt=\"produit-Hommy-img\" width=\"800\" height=\"890\" border=\"0\" vspace=\"0\"><\/p>\n<p><img decoding=\"async\" src=\"https:\/\/www.hommy.com\/wp-content\/uploads\/16428201485643-4.jpg\" alt=\"produit-Hommy-img\" title=\"\"><\/p>\n<p>&nbsp;<\/p>\n<p>&nbsp;<\/p>\n<p><img decoding=\"async\" src=\"https:\/\/www.hommy.com\/wp-content\/uploads\/16427514456587.jpg\" alt=\"produit-Hommy-img\" title=\"\"><\/p>\n<p style=\"margin-bottom: 0; text-align: justify;\"><strong><span style=\"font-family: \u5b8b\u4f53; font-size: 29px;\">Caract\u00e9ristiques du produit :<\/span><\/strong><\/p>\n<p><span style=\"font-family: Calibri; font-size: 21px;\">1.\u00a0<\/span><span style=\"font-family: Calibri; font-size: 21px;\">\u00c9cran de 32 pouces pour la promotion et \u00e9cran de 10,5 pouces pour le fonctionnement .<\/span><\/p>\n<p><span style=\"font-family: Calibri; font-size: 21px;\">2.\u00a0<\/span><span style=\"font-family: Calibri; font-size: 21px;\">Le syst\u00e8me de paiement accepte les pi\u00e8ces de monnaie, les billets, les pi\u00e8ces de monnaie Exchang, les cartes de cr\u00e9dit.<\/span><\/p>\n<p><span style=\"font-family: Calibri; font-size: 21px;\">3.\u00a0<\/span><span style=\"font-family: Calibri; font-size: 21px;\">Le cong\u00e9lateur du distributeur automatique de pizzas peut contenir 88 pizzas de 12 pouces et maintenir la temp\u00e9rature entre 10 et 20 \u00b0C.<\/span><span style=\"font-family: Calibri; font-size: 21px;\">\u2103<\/span><span style=\"font-family: Calibri; font-size: 21px;\">\u00a0\u00e0 -18<\/span><span style=\"font-family: Calibri; font-size: 21px;\">\u2103<\/span><span style=\"font-family: Calibri; font-size: 21px;\">. <\/span><\/p>\n<p><span style=\"font-family: Calibri; font-size: 21px;\">4.\u00a0<\/span><span style=\"font-family: Calibri; font-size: 21px;\">La machine contient 88 bo\u00eetes de papier.<\/span><\/p>\n<p><span style=\"font-family: Calibri; font-size: 21px;\">5.\u00a0<\/span><span style=\"font-family: Calibri; font-size: 21px;\">Carte de contr\u00f4le PC avanc\u00e9e, fonction bien programm\u00e9e et fonctionnement stable.<\/span><\/p>\n<p><span style=\"font-family: Calibri; font-size: 21px;\">6.\u00a0<\/span><span style=\"font-family: Calibri; font-size: 21px;\">Nous stockons automatiquement les donn\u00e9es relatives aux produits dans l'entrep\u00f4t en scannant les codes QR. Pour chaque produit, nous d\u00e9finissons un code QR. Vous pouvez clairement conna\u00eetre la date de production et la date de p\u00e9remption du produit, ce qui vous permet de savoir o\u00f9 se trouve le produit. Lorsque le produit est \u00e0 deux jours de sa date de p\u00e9remption, notre syst\u00e8me vous aide automatiquement \u00e0 le vendre jusqu'\u00e0 la vente. Lorsque le produit a d\u00e9pass\u00e9 la dur\u00e9e de conservation, le syst\u00e8me arr\u00eate automatiquement la vente du produit afin de garantir la qualit\u00e9 et la s\u00e9curit\u00e9. <\/span><\/p>\n<p><span style=\"font-family: Calibri; font-size: 21px;\">7.\u00a0<\/span><span style=\"font-family: Calibri; font-size: 21px;\">La temp\u00e9rature du cong\u00e9lateur peut \u00eatre r\u00e9gl\u00e9e en fonction des diff\u00e9rents produits, avec une fonction de d\u00e9givrage automatique, afin de garantir le fonctionnement normal de la machine dans des conditions de temp\u00e9rature et d'humidit\u00e9 \u00e9lev\u00e9es ;<\/span><\/p>\n<p><span style=\"font-family: Calibri; font-size: 21px;\">8.\u00a0<\/span><span style=\"font-family: Calibri; font-size: 21px;\">Temp\u00e9rature de chauffage infrarouge <span style=\"font-family: \u5b8b\u4f53;\">\uff1a<\/span><span style=\"font-family: Calibri;\">60-300\u2103 besoin de 3-5 minutes pour cuire une pizza.<\/span><\/span><\/p>\n<p><span style=\"font-family: Calibri; font-size: 21px;\">9.\u00a0<\/span><span style=\"font-family: Calibri; font-size: 21px;\">\u00a0Dimensions de la maison infrarouge :400X400X300mm et puissance :3000W . <\/span><\/p>\n<p><span style=\"font-family: Calibri; font-size: 21px;\">10.\u00a0<\/span><span style=\"font-family: Calibri; font-size: 21px;\">Il y a une fonction de protection contre les pannes de courant, la machine indique toujours l'\u00e9tat de marche, a la fonction de m\u00e9moire, la fonction de protection contre les fuites en cas de surcharge, garantissant un fonctionnement s\u00fbr de la machine. <\/span><\/p>\n<p style=\"margin-bottom: 0; text-align: justify;\"><span style=\"font-family: Calibri; font-size: 21px;\">11.\u00a0<\/span><span style=\"font-family: Calibri; font-size: 21px;\">La langue peut \u00eatre adapt\u00e9e en fonction du pays. <\/span><\/p>\n<p><span style=\"font-family: Calibri; font-size: 21px;\">12.\u00a0<\/span><span style=\"font-family: Calibri; font-size: 21px;\">Ajout d'une fonction d'\u00e9conomie d'\u00e9nergie automatique. L'appareil ajoute deux p\u00e9riodes pour le d\u00e9jeuner et le d\u00eener. La machine se pr\u00e9chauffe automatiquement \u00e0 la temp\u00e9rature que vous avez r\u00e9gl\u00e9e entre 80 et 100 degr\u00e9s. Lorsque le client paie, la machine se r\u00e9chauffe automatiquement, de sorte que le temps de cuisson est r\u00e9duit, la vitesse de vente est acc\u00e9l\u00e9r\u00e9e et il n'est pas n\u00e9cessaire de pr\u00e9chauffer la machine toute la journ\u00e9e.<\/span><\/p>\n<p><span style=\"font-family: Calibri; font-size: 21px;\">13.\u00a0<\/span><span style=\"font-family: Calibri; font-size: 21px;\">Syst\u00e8me de gestion \u00e0 distance par ordinateur : interrogation des d\u00e9tails des ventes, rappel des p\u00e9nuries, rappel des pannes de machine, ce qui permet d'\u00e9conomiser des co\u00fbts de main-d'\u0153uvre, le distributeur automatique de pizzas Hommy ajoute une fonction plus humanis\u00e9e.<\/span><\/p>\n<p><span style=\"font-family: Calibri; font-size: 21px;\">14.\u00a0<\/span><span style=\"font-family: Calibri; font-size: 21px;\">l'infrarouge \u00e0 l'int\u00e9rieur a une temp\u00e9rature croissante et d\u00e9croissante pour que vous puissiez l'ajuster en fonction des diff\u00e9rents go\u00fbts de pizza pour la temp\u00e9rature et le temps de cuisson.<\/span><\/p>\n<p><span style=\"font-family: Calibri; font-size: 21px;\">15.\u00a0<\/span><span style=\"font-family: Calibri; font-size: 21px;\">L'appareil suit la temp\u00e9rature du compartiment cong\u00e9lateur pendant 24 heures. Lorsque la temp\u00e9rature n'atteint pas la norme que vous avez d\u00e9finie, il vous le rappelle automatiquement afin de garantir que la pizza ne se d\u00e9t\u00e9riore pas et qu'elle respecte les normes de s\u00e9curit\u00e9 et d'hygi\u00e8ne du produit.<\/span><\/p>\n<p><span style=\"font-family: Calibri; font-size: 21px;\">\u00a0<\/span><\/p>\n<p style=\"margin-bottom: 0; text-align: justify;\"><strong><span style=\"font-family: \u5b8b\u4f53; font-size: 29px;\">\u00a0<\/span><\/strong><\/p>\n<p><strong><span style=\"font-family: \u5b8b\u4f53; font-size: 29px;\">Avantage du produit :<\/span><\/strong><\/p>\n<p><span style=\"font-family: Calibri; font-size: 21px;\">1.\u00a0<\/span><span style=\"font-family: Calibri; font-size: 21px;\">Temp\u00e9rature de chauffage infrarouge <span style=\"font-family: \u5b8b\u4f53;\">\uff1a<\/span><span style=\"font-family: Calibri;\">60-300\u2103 besoin de 3-5 minutes pour cuire une pizza<\/span><\/span><span style=\"font-family: \u5b8b\u4f53; font-size: 21px;\">\u00a0et <\/span><span style=\"font-family: Calibri; font-size: 21px;\">Dimensions de la maison infrarouge :400X400X300mm et puissance :3000W . <\/span><\/p>\n<p><img loading=\"lazy\" decoding=\"async\" style=\"width: 350px; height: 1440px;\" title=\"\" src=\"https:\/\/www.hommy.com\/wp-content\/uploads\/16427515605998.jpg\" alt=\"produit-PA-C6-B avec toit distributeur automatique de pizzas prix-Hommy-img\" width=\"350\" height=\"1440\" border=\"0\" vspace=\"0\"><\/p>\n<p style=\"margin-bottom: 0; text-align: justify;\"><span style=\"font-family: Calibri; font-size: 21px;\">2.\u00a0<\/span><span style=\"font-family: Calibri; font-size: 21px;\">Si vous utilisez une po\u00eale en aluminium pour la cuisson, vous pouvez chauffer le fond de la pizza de mani\u00e8re plus uniforme, et la pizza qui en sort est plus d\u00e9licieuse.<\/span><\/p>\n<p style=\"margin-bottom: 0; text-align: justify;\"><img decoding=\"async\" src=\"https:\/\/www.hommy.com\/wp-content\/uploads\/16427516009268.jpg\" alt=\"product-Hommy-PA-C6-B avec toit distributeur automatique de pizzas price-img-1\" title=\"\"><\/p>\n<p><span style=\"font-family: Calibri; font-size: 21px;\">4.<\/span><span style=\"font-family: Calibri; font-size: 16px;\">\u00a0<\/span><span style=\"font-family: Calibri; font-size: 21px;\">Nous stockons automatiquement les donn\u00e9es relatives aux produits dans l'entrep\u00f4t en scannant les codes QR. Pour chaque produit, nous d\u00e9finissons un code QR. Vous pouvez clairement conna\u00eetre la date de production et la date de p\u00e9remption du produit, ce qui vous permet de savoir o\u00f9 se trouve le produit. Lorsque le produit est \u00e0 deux jours de sa date de p\u00e9remption, notre syst\u00e8me vous aide automatiquement \u00e0 le vendre jusqu'\u00e0 la vente. Lorsque le produit a d\u00e9pass\u00e9 la dur\u00e9e de conservation, le syst\u00e8me arr\u00eate automatiquement la vente du produit afin de garantir la qualit\u00e9 et la s\u00e9curit\u00e9.<\/span><\/p>\n<p style=\"vertical-align: baseline;\"><img decoding=\"async\" src=\"https:\/\/www.hommy.com\/wp-content\/uploads\/16427516171266.png\" alt=\"produit-Hommy-img-1\" title=\"\"><\/p>\n<p><span style=\"font-family: \u5b8b\u4f53; font-size: 20px;\">5.<\/span><span style=\"font-family: Calibri; font-size: 21px;\">Le syst\u00e8me de paiement accepte les pi\u00e8ces de monnaie, les billets, les pi\u00e8ces de monnaie Exchang, les cartes de cr\u00e9dit.<\/span><\/p>\n<p style=\"vertical-align: baseline;\"><img loading=\"lazy\" decoding=\"async\" style=\"width: 350px; height: 546px;\" title=\"\" src=\"https:\/\/www.hommy.com\/wp-content\/uploads\/16427516657622.png\" alt=\"produit-Hommy-img-1\" width=\"350\" height=\"546\" border=\"0\" vspace=\"0\"><\/p>\n<p><span style=\"font-family: Calibri; font-size: 21px;\">6.\u00a0<\/span><span style=\"font-family: Calibri; font-size: 21px;\">Syst\u00e8me informatique de gestion \u00e0 distance : interrogation des d\u00e9tails des ventes, rappel des p\u00e9nuries, rappel des pannes de machine.<\/span><\/p>\n<p style=\"vertical-align: baseline;\"><img decoding=\"async\" src=\"https:\/\/www.hommy.com\/wp-content\/uploads\/16427517237781.jpg\" alt=\"produit-Hommy-img-1\" title=\"\"><\/p>\n<p style=\"vertical-align: baseline;\"><span style=\"font-family: Calibri; font-size: 20px;\">7.\u00a0<\/span><span style=\"font-family: Calibri; font-size: 20px;\">\u00a0Le four est \u00e9quip\u00e9 d'un syst\u00e8me de chauffage qui permet de contr\u00f4ler s\u00e9par\u00e9ment la dur\u00e9e et la temp\u00e9rature. <\/span><\/p>\n<p style=\"vertical-align: baseline;\"><span style=\"font-family: Calibri; font-size: 20px;\">Ajustez la saveur. <\/span><\/p>\n<p style=\"vertical-align: baseline;\"><img loading=\"lazy\" decoding=\"async\" style=\"width: 350px; height: 254px;\" title=\"\" src=\"https:\/\/www.hommy.com\/wp-content\/uploads\/16427517719866.png\" alt=\"produit-Hommy-img-1\" width=\"350\" height=\"254\" border=\"0\" vspace=\"0\"><\/p>\n<p style=\"vertical-align: baseline;\"><span style=\"font-family: \u5b8b\u4f53; font-size: 20px;\">8.<\/span><span style=\"font-family: Calibri; font-size: 20px;\">Le distributeur automatique de pizzas \u00e0 l'int\u00e9rieur utilise la base de la bo\u00eete \u00e0 pizza sur la machine \u00e0 concevoir et il peut \u00eatre conserv\u00e9 dans le cong\u00e9lateur -18C. Nous utilisons des mat\u00e9riaux r\u00e9sistants aux basses temp\u00e9ratures. <\/span><\/p>\n<p style=\"vertical-align: baseline;\"><img loading=\"lazy\" decoding=\"async\" style=\"width: 350px; height: 328px;\" title=\"\" src=\"https:\/\/www.hommy.com\/wp-content\/uploads\/16427517943140.png\" alt=\"produit-PA-C6-B avec toit distributeur automatique de pizzas prix-Hommy-img-1\" width=\"350\" height=\"328\" border=\"0\" vspace=\"0\"><\/p>\n<p style=\"vertical-align: baseline;\"><span style=\"font-family: Calibri; font-size: 20px;\">9.\u00a0<\/span><span style=\"font-family: Calibri; font-size: 20px;\">\u00a0Il y a deux types de toit au choix : A et B. Ce toit peut bloquer le vent, la pluie et la neige.<\/span><\/p>\n<p style=\"vertical-align: baseline;\"><img loading=\"lazy\" decoding=\"async\" style=\"width: 650px; height: 353px;\" title=\"\" src=\"https:\/\/www.hommy.com\/wp-content\/uploads\/16427518398896.png\" alt=\"product-Hommy-PA-C6-B avec toit distributeur automatique de pizzas price-img-2\" width=\"650\" height=\"353\" border=\"0\" vspace=\"0\"><\/p>\n<p style=\"vertical-align: baseline;\"><span style=\"font-family: Calibri; font-size: 20px;\">10.\u00a0<\/span><span style=\"font-family: Calibri; font-size: 20px;\">Nous acceptons les OEM pour votre logo <\/span><\/p>\n<p style=\"vertical-align: baseline;\"><img decoding=\"async\" src=\"https:\/\/www.hommy.com\/wp-content\/uploads\/16427519343463.png\" alt=\"produit-Hommy-img-2\" title=\"\"><\/p>\n<p><span style=\"font-family: \u5b8b\u4f53; font-size: 29px;\">\u00a0<\/span><\/p>\n<h2>Combien de pizzas peut-on faire en une heure ?<\/h2>\n<p style=\"margin-top: 5px; margin-bottom: 5px;\">\n<p style=\"margin-top: 5px; margin-bottom: 5px;\">Pendant toute la semaine et tout l'\u00e9t\u00e9, vous pouvez pr\u00e9parer jusqu'\u00e0 6 pizzas en 30 minutes pour le prix de quelques minutes pass\u00e9es \u00e0 regarder de la peinture s\u00e9cher. Nous utilisons une grande vari\u00e9t\u00e9 de garnitures et avons \u00e9labor\u00e9 des menus pour une semaine.<\/p>\n<p style=\"margin-top: 5px; margin-bottom: 5px;\">\n<p style=\"margin-top: 5px; margin-bottom: 5px;\">\n<h2>Quelle est la consommation d'\u00e9lectricit\u00e9 d'un four \u00e0 pizza ?<\/h2>\n<p style=\"margin-top: 5px; margin-bottom: 5px;\">\n<p style=\"margin-top: 5px; margin-bottom: 5px;\">La pizza est l'un des aliments les plus populaires en Am\u00e9rique, mais lorsqu'il s'agit de fours \u00e0 pizza, les gens ne savent pas toujours ce qu'ils recherchent. C'est pourquoi j'ai r\u00e9dig\u00e9 ce guide d'achat des fours \u00e0 pizza pour les d\u00e9butants. Commen\u00e7ons par la question fondamentale de la consommation d'\u00e9lectricit\u00e9 d'un four \u00e0 pizza.<\/p>\n<p style=\"margin-top: 5px; margin-bottom: 5px;\">\n<h2>Quel type de four \u00e0 pizza utilise Dominos ?<\/h2>\n<p style=\"margin-top: 5px; margin-bottom: 5px;\">\n<p style=\"margin-top: 5px; margin-bottom: 5px;\">A :<\/p>\n<p style=\"margin-top: 5px; margin-bottom: 5px;\">\n<p style=\"margin-top: 5px; margin-bottom: 5px;\">Ce four est tr\u00e8s similaire \u00e0 celui de cette photo.  Il s'agit d'un four \u00e0 pizza sur pied fabriqu\u00e9 par la soci\u00e9t\u00e9 Leitz &amp; Kluge.<\/p>\n<p style=\"margin-top: 5px; margin-bottom: 5px;\">Ce four a \u00e9t\u00e9 utilis\u00e9 dans le pass\u00e9 pour fabriquer des pizzas pour Pizza Hut.<\/p>\n<p style=\"margin-top: 5px; margin-bottom: 5px;\">\n<p style=\"margin-top: 5px; margin-bottom: 5px;\">Un cadre de Pizza Hut m'a dit qu'il fabriquait des pizzas dans ce four depuis des ann\u00e9es.  J'ai \u00e9galement entendu dire que la cro\u00fbte de la pizza dans ce four est beaucoup plus fine que la cro\u00fbte mince typique.<\/p>","protected":false},"excerpt":{"rendered":"<p>pizza vending machine business These are fabricated using quality checked raw material using premium technology. With us, you can avail premium Pizza Vending Machine Price. Further, our offered range of machines is available in different specifications, you can buy the best and affordable machines for your business. Product specification\uff1a &nbsp; &nbsp; &nbsp; Product Features: 1.\u00a032\u201d [&hellip;]<\/p>\n","protected":false},"featured_media":1963,"comment_status":"closed","ping_status":"closed","template":"","meta":{"_swt_meta_header_display":false,"_swt_meta_footer_display":false,"_swt_meta_site_title_display":false,"_swt_meta_sticky_header":false,"_swt_meta_transparent_header":false},"product_brand":[],"product_cat":[70,68],"product_tag":[],"class_list":{"0":"post-188","1":"product","2":"type-product","3":"status-publish","4":"has-post-thumbnail","6":"product_cat-pizza-vending-machine","7":"product_cat-vending-machine","9":"first","10":"instock","11":"shipping-taxable","12":"product-type-simple"},"_links":{"self":[{"href":"https:\/\/www.hommy.com\/fr\/wp-json\/wp\/v2\/product\/188","targetHints":{"allow":["GET"]}}],"collection":[{"href":"https:\/\/www.hommy.com\/fr\/wp-json\/wp\/v2\/product"}],"about":[{"href":"https:\/\/www.hommy.com\/fr\/wp-json\/wp\/v2\/types\/product"}],"replies":[{"embeddable":true,"href":"https:\/\/www.hommy.com\/fr\/wp-json\/wp\/v2\/comments?post=188"}],"wp:featuredmedia":[{"embeddable":true,"href":"https:\/\/www.hommy.com\/fr\/wp-json\/wp\/v2\/media\/1963"}],"wp:attachment":[{"href":"https:\/\/www.hommy.com\/fr\/wp-json\/wp\/v2\/media?parent=188"}],"wp:term":[{"taxonomy":"product_brand","embeddable":true,"href":"https:\/\/www.hommy.com\/fr\/wp-json\/wp\/v2\/product_brand?post=188"},{"taxonomy":"product_cat","embeddable":true,"href":"https:\/\/www.hommy.com\/fr\/wp-json\/wp\/v2\/product_cat?post=188"},{"taxonomy":"product_tag","embeddable":true,"href":"https:\/\/www.hommy.com\/fr\/wp-json\/wp\/v2\/product_tag?post=188"}],"curies":[{"name":"wp","href":"https:\/\/api.w.org\/{rel}","templated":true}]}}