{"id":160,"date":"2024-07-02T12:09:03","date_gmt":"2024-07-02T12:09:03","guid":{"rendered":"http:\/\/localhost\/hommywp\/pa-c6-a-commercial-automated-pizza-vending-machine-for-university\/"},"modified":"2025-10-22T10:02:30","modified_gmt":"2025-10-22T10:02:30","slug":"pa-c6-a-distributeur-automatique-de-pizzas-commercial","status":"publish","type":"product","link":"https:\/\/www.hommy.com\/fr\/p\/pa-c6-a-distributeur-automatique-de-pizzas-commercial\/","title":{"rendered":"Pa-C6-A Distributeur automatique commercial de pizzas pour l'universit\u00e9"},"content":{"rendered":"<div>\n<p style=\"text-align: center;\"><strong><span style=\"font-family: Calibri; font-size: 29px;\">\u00a0 \u00a0 \u00a0 \u00a0 Distributeur automatique de pizzas <\/span><\/strong><span style=\"font-family: \u5b8b\u4f53; font-size: 29px;\">\u00a0<\/span><span style=\"font-family: \u5b8b\u4f53; font-size: 29px;\">\u00a0<\/span><\/p>\n<p style=\"text-align: center;\"><span style=\"font-family: Calibri; font-size: 29px;\"><a href=\"https:\/\/youtu.be\/9XD10B1ux2Y\" rel=\"nofollow noopener\" target=\"_blank\">https:\/\/youtu.be\/9XD10B1ux2Y<\/a> <\/span><\/p>\n<p>Nous sommes fabricant, fournisseur et exportateur de ce distributeur automatique de pizzas. Nous sommes un nom fiable et renomm\u00e9 dans l'industrie pour la qualit\u00e9 de cette machine. Nous proposons ce distributeur de pizzas commercial dans diff\u00e9rentes sp\u00e9cifications selon les besoins de nos clients. Nous sommes un nom r\u00e9put\u00e9 dans l'industrie pour la qualit\u00e9 de cette machine.<\/p>\n<p><span style=\"font-family: Helvetica;\"><strong><span style=\"font-size: 29px;\">Sp\u00e9cification du produit\u00a0:<\/span><\/strong><\/span><\/p>\n<p><strong><span style=\"font-family: \u5b8b\u4f53; font-size: 29px;\"><img loading=\"lazy\" decoding=\"async\" style=\"height: 961px; width: 800px;\" title=\"\" src=\"https:\/\/www.hommy.com\/wp-content\/uploads\/16428200333753-2.jpg\" alt=\"product-PA-C6-A Distributeur automatique de pizzas commercial-Hommy-img\" width=\"800\" height=\"961\" border=\"0\" vspace=\"0\"><\/span><\/strong><\/p>\n<p><img decoding=\"async\" src=\"https:\/\/www.hommy.com\/wp-content\/uploads\/16428201553858-2.jpg\" alt=\"produit-Hommy-img\" title=\"\"><\/p>\n<p><img loading=\"lazy\" decoding=\"async\" style=\"height: 890px; width: 800px;\" title=\"\" src=\"https:\/\/www.hommy.com\/wp-content\/uploads\/16428200313238-2.jpg\" alt=\"produit-Hommy-PA-C6-A Distributeur automatique de pizzas commercial-img\" width=\"800\" height=\"890\" border=\"0\" vspace=\"0\"><\/p>\n<p><img decoding=\"async\" src=\"https:\/\/www.hommy.com\/wp-content\/uploads\/16428201485643-2.jpg\" alt=\"produit-Hommy-img\" title=\"\"><\/p>\n<p><strong><span style=\"font-family: \u5b8b\u4f53; font-size: 29px;\">\u00a0<\/span><\/strong><\/p>\n<p><img decoding=\"async\" src=\"https:\/\/www.hommy.com\/wp-content\/uploads\/16427469668914.png\" alt=\"produit-Hommy-img\" title=\"\"><\/p>\n<p style=\"margin-bottom: 0; text-align: justify;\"><span style=\"font-family: Helvetica;\"><strong><span style=\"font-size: 29px;\">Caract\u00e9ristiques du produit :<\/span><\/strong><\/span><\/p>\n<p><span style=\"font-family: Calibri; font-size: 21px;\">1.\u00a0<\/span><span style=\"font-family: Calibri; font-size: 21px;\">\u00c9cran de 32 pouces pour la promotion et \u00e9cran de 10,5 pouces pour le fonctionnement .<\/span><\/p>\n<p><span style=\"font-family: Calibri; font-size: 21px;\">2.\u00a0<\/span><span style=\"font-family: Calibri; font-size: 21px;\">Le syst\u00e8me de paiement accepte les pi\u00e8ces de monnaie, les billets, les pi\u00e8ces de monnaie Exchang, les cartes de cr\u00e9dit.<\/span><\/p>\n<p><span style=\"font-family: Calibri; font-size: 21px;\">3.\u00a0<\/span><span style=\"font-family: Calibri; font-size: 21px;\">Le cong\u00e9lateur du distributeur automatique de pizzas peut contenir 88 pizzas de 12 pouces et maintenir la temp\u00e9rature entre 10 et 20 \u00b0C.<\/span><span style=\"font-family: Calibri; font-size: 21px;\">\u2103<\/span><span style=\"font-family: Calibri; font-size: 21px;\">\u00a0\u00e0 -18<\/span><span style=\"font-family: Calibri; font-size: 21px;\">\u2103<\/span><span style=\"font-family: Calibri; font-size: 21px;\">. <\/span><\/p>\n<p><span style=\"font-family: Calibri; font-size: 21px;\">4.\u00a0<\/span><span style=\"font-family: Calibri; font-size: 21px;\">La machine contient 88 bo\u00eetes de papier.<\/span><\/p>\n<p><span style=\"font-family: Calibri; font-size: 21px;\">5.\u00a0<\/span><span style=\"font-family: Calibri; font-size: 21px;\">Carte de contr\u00f4le PC avanc\u00e9e, fonction bien programm\u00e9e et fonctionnement stable.<\/span><\/p>\n<p><span style=\"font-family: Calibri; font-size: 21px;\">6.\u00a0<\/span><span style=\"font-family: Calibri; font-size: 21px;\">Nous stockons automatiquement les donn\u00e9es relatives aux produits dans l'entrep\u00f4t en scannant les codes QR. Pour chaque produit, nous d\u00e9finissons un code QR. Vous pouvez clairement conna\u00eetre la date de production et la date de p\u00e9remption du produit, ce qui vous permet de savoir o\u00f9 se trouve le produit. Lorsque le produit est \u00e0 deux jours de sa date de p\u00e9remption, notre syst\u00e8me vous aide automatiquement \u00e0 le vendre jusqu'\u00e0 la vente. Lorsque le produit a d\u00e9pass\u00e9 la dur\u00e9e de conservation, le syst\u00e8me arr\u00eate automatiquement la vente du produit afin de garantir la qualit\u00e9 et la s\u00e9curit\u00e9. <\/span><\/p>\n<p><span style=\"font-family: Calibri; font-size: 21px;\">7.\u00a0<\/span><span style=\"font-family: Calibri; font-size: 21px;\">La temp\u00e9rature du cong\u00e9lateur peut \u00eatre r\u00e9gl\u00e9e en fonction des diff\u00e9rents produits, avec une fonction de d\u00e9givrage automatique, afin de garantir le fonctionnement normal de la machine dans des conditions de temp\u00e9rature et d'humidit\u00e9 \u00e9lev\u00e9es ;<\/span><\/p>\n<p><span style=\"font-family: Calibri; font-size: 21px;\">8.\u00a0<\/span><span style=\"font-family: Calibri; font-size: 21px;\">Temp\u00e9rature de chauffage infrarouge <span style=\"font-family: \u5b8b\u4f53;\">\uff1a<\/span><span style=\"font-family: Calibri;\">60-300\u2103 besoin de 3-5 minutes pour cuire une pizza.<\/span><\/span><\/p>\n<p><span style=\"font-family: Calibri; font-size: 21px;\">9.\u00a0<\/span><span style=\"font-family: Calibri; font-size: 21px;\">\u00a0Dimensions de la maison infrarouge :400X400X300mm et puissance :3000W . <\/span><\/p>\n<p><span style=\"font-family: Calibri; font-size: 21px;\">10.\u00a0<\/span><span style=\"font-family: Calibri; font-size: 21px;\">Il y a une fonction de protection contre les pannes de courant, la machine indique toujours l'\u00e9tat de marche, a la fonction de m\u00e9moire, la fonction de protection contre les fuites en cas de surcharge, garantissant un fonctionnement s\u00fbr de la machine. <\/span><\/p>\n<p style=\"margin-bottom: 0; text-align: justify;\"><span style=\"font-family: Calibri; font-size: 21px;\">11.\u00a0<\/span><span style=\"font-family: Calibri; font-size: 21px;\">La langue peut \u00eatre adapt\u00e9e en fonction du pays. <\/span><\/p>\n<p><span style=\"font-family: Calibri; font-size: 21px;\">12.\u00a0<\/span><span style=\"font-family: Calibri; font-size: 21px;\">Ajout d'une fonction d'\u00e9conomie d'\u00e9nergie automatique. L'appareil ajoute deux p\u00e9riodes pour le d\u00e9jeuner et le d\u00eener. La machine se pr\u00e9chauffe automatiquement \u00e0 la temp\u00e9rature que vous avez r\u00e9gl\u00e9e entre 80 et 100 degr\u00e9s. Lorsque le client paie, la machine se r\u00e9chauffe automatiquement, de sorte que le temps de cuisson est r\u00e9duit, la vitesse de vente est acc\u00e9l\u00e9r\u00e9e et il n'est pas n\u00e9cessaire de pr\u00e9chauffer la machine toute la journ\u00e9e.<\/span><\/p>\n<p><span style=\"font-family: Calibri; font-size: 21px;\">13.\u00a0<\/span><span style=\"font-family: Calibri; font-size: 21px;\">Syst\u00e8me de gestion \u00e0 distance par ordinateur : interrogation des d\u00e9tails des ventes, rappel des p\u00e9nuries, rappel des pannes de machine, ce qui permet d'\u00e9conomiser des co\u00fbts de main-d'\u0153uvre, le distributeur automatique de pizzas Hommy ajoute une fonction plus humanis\u00e9e.<\/span><\/p>\n<p><span style=\"font-family: Calibri; font-size: 21px;\">14.\u00a0<\/span><span style=\"font-family: Calibri; font-size: 21px;\">l'infrarouge \u00e0 l'int\u00e9rieur a une temp\u00e9rature croissante et d\u00e9croissante pour que vous puissiez l'ajuster en fonction des diff\u00e9rents go\u00fbts de pizza pour la temp\u00e9rature et le temps de cuisson.<\/span><\/p>\n<p><span style=\"font-family: Calibri; font-size: 21px;\">15.\u00a0<\/span><span style=\"font-family: Calibri; font-size: 21px;\">L'appareil suit la temp\u00e9rature du compartiment cong\u00e9lateur pendant 24 heures. Lorsque la temp\u00e9rature n'atteint pas la norme que vous avez d\u00e9finie, il vous le rappelle automatiquement afin de garantir que la pizza ne se d\u00e9t\u00e9riore pas et qu'elle respecte les normes de s\u00e9curit\u00e9 et d'hygi\u00e8ne du produit.<\/span><\/p>\n<p><span style=\"font-family: Calibri; font-size: 21px;\">\u00a0<\/span><\/p>\n<p style=\"margin-bottom: 0; text-align: justify;\"><span style=\"font-family: \u5b8b\u4f53; font-size: 29px;\">\u00a0<\/span><\/p>\n<p><span style=\"font-family: Helvetica;\"><strong><span style=\"font-size: 29px;\">Avantage du produit :<\/span><\/strong><\/span><\/p>\n<p><span style=\"font-family: Calibri; font-size: 21px;\">1.\u00a0<\/span><span style=\"font-family: Calibri; font-size: 21px;\">Temp\u00e9rature de chauffage infrarouge <span style=\"font-family: \u5b8b\u4f53;\">\uff1a<\/span><span style=\"font-family: Calibri;\">60-300\u2103 besoin de 3-5 minutes pour cuire une pizza<\/span><\/span><span style=\"font-family: \u5b8b\u4f53; font-size: 21px;\">\u00a0et <\/span><span style=\"font-family: Calibri; font-size: 21px;\">Dimensions de la maison infrarouge :400X400X300mm et puissance :3000W . <\/span><\/p>\n<p><img loading=\"lazy\" decoding=\"async\" style=\"width: 350px; height: 1440px;\" title=\"\" src=\"https:\/\/www.hommy.com\/wp-content\/uploads\/16427470181342.jpg\" alt=\"produit-Hommy-PA-C6-A Distributeur automatique de pizzas commercial-img\" width=\"350\" height=\"1440\" border=\"0\" vspace=\"0\"><\/p>\n<p style=\"margin-bottom: 0; text-align: justify;\"><span style=\"font-family: Calibri; font-size: 21px;\">2.\u00a0<\/span><span style=\"font-family: Calibri; font-size: 21px;\">Si vous utilisez une po\u00eale en aluminium pour la cuisson, vous pouvez chauffer le fond de la pizza de mani\u00e8re plus uniforme, et la pizza qui en sort est plus d\u00e9licieuse.<\/span><\/p>\n<p style=\"margin-bottom: 0; text-align: justify;\"><img decoding=\"async\" src=\"https:\/\/www.hommy.com\/wp-content\/uploads\/16427473428743.jpg\" alt=\"product-PA-C6-A Distributeur automatique de pizzas commercial-Hommy-img\" title=\"\"><\/p>\n<p><span style=\"font-family: Calibri; font-size: 21px;\">4.<\/span><span style=\"font-family: Calibri; font-size: 16px;\">\u00a0<\/span><span style=\"font-family: Calibri; font-size: 21px;\">Nous stockons automatiquement les donn\u00e9es relatives aux produits dans l'entrep\u00f4t en scannant les codes QR. Pour chaque produit, nous d\u00e9finissons un code QR. Vous pouvez clairement conna\u00eetre la date de production et la date de p\u00e9remption du produit, ce qui vous permet de savoir o\u00f9 se trouve le produit. Lorsque le produit est \u00e0 deux jours de sa date de p\u00e9remption, notre syst\u00e8me vous aide automatiquement \u00e0 le vendre jusqu'\u00e0 la vente. Lorsque le produit a d\u00e9pass\u00e9 la dur\u00e9e de conservation, le syst\u00e8me arr\u00eate automatiquement la vente du produit afin de garantir la qualit\u00e9 et la s\u00e9curit\u00e9.<\/span><\/p>\n<p style=\"vertical-align: baseline;\"><img decoding=\"async\" src=\"https:\/\/www.hommy.com\/wp-content\/uploads\/16427473794792.png\" alt=\"produit-Hommy-img\" title=\"\"><\/p>\n<p><span style=\"font-family: \u5b8b\u4f53; font-size: 20px;\">5.<\/span><span style=\"font-family: Calibri; font-size: 21px;\">Le syst\u00e8me de paiement accepte les pi\u00e8ces de monnaie, les billets, les pi\u00e8ces de monnaie Exchang, les cartes de cr\u00e9dit.<\/span><\/p>\n<p style=\"vertical-align: baseline;\"><img loading=\"lazy\" decoding=\"async\" style=\"width: 350px; height: 546px;\" title=\"\" src=\"https:\/\/www.hommy.com\/wp-content\/uploads\/16427475326962.png\" alt=\"produit-Hommy-img\" width=\"350\" height=\"546\" border=\"0\" vspace=\"0\"><\/p>\n<p><span style=\"font-family: Calibri; font-size: 21px;\">6.\u00a0<\/span><span style=\"font-family: Calibri; font-size: 21px;\">Syst\u00e8me informatique de gestion \u00e0 distance : interrogation des d\u00e9tails des ventes, rappel des p\u00e9nuries, rappel des pannes de machine.<\/span><\/p>\n<p style=\"vertical-align: baseline;\"><img decoding=\"async\" src=\"https:\/\/www.hommy.com\/wp-content\/uploads\/16427475921787.jpg\" alt=\"produit-Hommy-img\" title=\"\"><\/p>\n<p style=\"vertical-align: baseline;\"><span style=\"font-family: Calibri; font-size: 20px;\">7.\u00a0<\/span><span style=\"font-family: Calibri; font-size: 20px;\">Le four est \u00e9quip\u00e9 d'un syst\u00e8me de chauffage qui permet de contr\u00f4ler s\u00e9par\u00e9ment la dur\u00e9e et la temp\u00e9rature. <\/span><\/p>\n<p style=\"vertical-align: baseline;\"><span style=\"font-family: Calibri; font-size: 20px;\">Ajustez la saveur. <\/span><\/p>\n<p style=\"vertical-align: baseline;\"><img loading=\"lazy\" decoding=\"async\" style=\"width: 350px; height: 254px;\" title=\"\" src=\"https:\/\/www.hommy.com\/wp-content\/uploads\/16427476598748.png\" alt=\"produit-Hommy-img-1\" width=\"350\" height=\"254\" border=\"0\" vspace=\"0\"><\/p>\n<p style=\"vertical-align: baseline;\"><span style=\"font-family: \u5b8b\u4f53; font-size: 20px;\">8.<\/span><span style=\"font-family: Calibri; font-size: 20px;\">Le distributeur automatique de pizzas \u00e0 l'int\u00e9rieur utilise la base de la bo\u00eete \u00e0 pizza sur la machine \u00e0 concevoir et il peut \u00eatre conserv\u00e9 dans le cong\u00e9lateur -18C. Nous utilisons des mat\u00e9riaux r\u00e9sistants aux basses temp\u00e9ratures. <\/span><\/p>\n<p style=\"vertical-align: baseline;\"><img loading=\"lazy\" decoding=\"async\" style=\"width: 350px; height: 328px;\" title=\"\" src=\"https:\/\/www.hommy.com\/wp-content\/uploads\/16427477608843.png\" alt=\"produit-Hommy-PA-C6-A Distributeur automatique de pizzas commercial-img-1\" width=\"350\" height=\"328\" border=\"0\" vspace=\"0\"><\/p>\n<\/div>","protected":false},"excerpt":{"rendered":"<p>\u00a0 \u00a0 \u00a0 \u00a0 Let\u2019s pizza vending machine \u00a0\u00a0 https:\/\/youtu.be\/9XD10B1ux2Y We are a manufacturer, supplier and exporter of this Commercial Pizza Vending Machine. We are a reliable and a renowned name in the industry for the quality of this machine. We offer this Commercial Pizza Vending Machine in various specifications as per the needs of [&hellip;]<\/p>\n","protected":false},"featured_media":1961,"comment_status":"open","ping_status":"open","template":"","meta":{"_swt_meta_header_display":false,"_swt_meta_footer_display":false,"_swt_meta_site_title_display":false,"_swt_meta_sticky_header":false,"_swt_meta_transparent_header":false},"product_brand":[],"product_cat":[70,68],"product_tag":[],"class_list":{"0":"post-160","1":"product","2":"type-product","3":"status-publish","4":"has-post-thumbnail","6":"product_cat-pizza-vending-machine","7":"product_cat-vending-machine","9":"first","10":"instock","11":"shipping-taxable","12":"product-type-simple"},"_links":{"self":[{"href":"https:\/\/www.hommy.com\/fr\/wp-json\/wp\/v2\/product\/160","targetHints":{"allow":["GET"]}}],"collection":[{"href":"https:\/\/www.hommy.com\/fr\/wp-json\/wp\/v2\/product"}],"about":[{"href":"https:\/\/www.hommy.com\/fr\/wp-json\/wp\/v2\/types\/product"}],"replies":[{"embeddable":true,"href":"https:\/\/www.hommy.com\/fr\/wp-json\/wp\/v2\/comments?post=160"}],"wp:featuredmedia":[{"embeddable":true,"href":"https:\/\/www.hommy.com\/fr\/wp-json\/wp\/v2\/media\/1961"}],"wp:attachment":[{"href":"https:\/\/www.hommy.com\/fr\/wp-json\/wp\/v2\/media?parent=160"}],"wp:term":[{"taxonomy":"product_brand","embeddable":true,"href":"https:\/\/www.hommy.com\/fr\/wp-json\/wp\/v2\/product_brand?post=160"},{"taxonomy":"product_cat","embeddable":true,"href":"https:\/\/www.hommy.com\/fr\/wp-json\/wp\/v2\/product_cat?post=160"},{"taxonomy":"product_tag","embeddable":true,"href":"https:\/\/www.hommy.com\/fr\/wp-json\/wp\/v2\/product_tag?post=160"}],"curies":[{"name":"wp","href":"https:\/\/api.w.org\/{rel}","templated":true}]}}