{"id":134,"date":"2024-07-02T12:08:46","date_gmt":"2024-07-02T12:08:46","guid":{"rendered":"http:\/\/localhost\/hommywp\/pa-c6-a-pizza-vending-machine-with-roof-franchise-business\/"},"modified":"2025-08-01T09:57:26","modified_gmt":"2025-08-01T09:57:26","slug":"pa-c6-a-avec-toit","status":"publish","type":"product","link":"https:\/\/www.hommy.com\/fr\/p\/pa-c6-a-avec-toit\/","title":{"rendered":"Pa-C6-A Distributeur automatique de pizzas avec toit Franchise commerciale"},"content":{"rendered":"<div>\n<p style=\"margin-bottom:0;text-align:justify\"><\/p>\n<p style=\"text-align: center\"><strong><span style=\"font-family:Calibri;font-size:29px\">prix des distributeurs automatiques de pizzas<\/span><\/strong><span style=\"font-family:Calibri;font-size:29px\"> <\/span><\/p>\n<p style=\"text-align: center\"><span style=\"font-family:Calibri;font-size:29px\"><a href=\"https:\/\/youtu.be\/uVsIe_11_mE\" rel=\"nofollow noopener\" target=\"_blank\">https:\/\/youtu.be\/uVsIe_11_mE<\/a> <\/span><\/p>\n<p>Notre distributeur automatique de pizzas est extr\u00eamement durable et est con\u00e7u pour garantir que la machine dure des ann\u00e9es. Il est fabriqu\u00e9 \u00e0 l'aide de composants de qualit\u00e9 et sa conception est telle qu'il est simple \u00e0 utiliser et que les distributeurs de pizzas sont faciles \u00e0 nettoyer. Ce distributeur automatique de pizzas est connu pour sa facilit\u00e9 d'utilisation, son faible niveau d'entretien et, surtout, son faible co\u00fbt d'exploitation.<\/p>\n<p><strong><span style=\"font-family: \u5b8b\u4f53;font-size: 29px\">Produit&nbsp;<\/span><span style=\"font-family: \u5b8b\u4f53;font-size: 29px\">sp\u00e9cification\uff1a<\/span><\/strong><\/p>\n<p><strong><span style=\"font-family: \u5b8b\u4f53;font-size: 29px\"><img loading=\"lazy\" decoding=\"async\" src=\"https:\/\/www.hommy.com\/wp-content\/uploads\/16428200333753.jpg\" title=\"\" alt=\"produit-Hommy-img\" width=\"800\" height=\"961\" border=\"0\" vspace=\"0\" style=\"height: 961px;width: 800px\"><\/span><\/strong><\/p>\n<p><strong><span style=\"font-family: \u5b8b\u4f53;font-size: 29px\"><\/span><\/strong><\/p>\n<p><img decoding=\"async\" src=\"https:\/\/www.hommy.com\/wp-content\/uploads\/16428201553858.jpg\" alt=\"produit-Hommy-img\" title=\"\"><\/p>\n<p><img loading=\"lazy\" decoding=\"async\" src=\"https:\/\/www.hommy.com\/wp-content\/uploads\/16428200313238.jpg\" title=\"\" alt=\"produit-PA-C6-A avec toit-Hommy-img\" width=\"800\" height=\"890\" border=\"0\" vspace=\"0\" style=\"height: 890px;width: 800px\"><\/p>\n<p><img decoding=\"async\" src=\"https:\/\/www.hommy.com\/wp-content\/uploads\/16428201485643.jpg\" alt=\"produit-Hommy-PA-C6-A avec roof-img\" title=\"\"><\/p>\n<p><\/p>\n<p style=\"margin-bottom:0;text-align:justify\"><\/p>\n<p style=\"margin-bottom:0;text-align:justify\"><strong><span style=\"font-family:\u5b8b\u4f53;font-size:29px\"><img decoding=\"async\" src=\"https:\/\/www.hommy.com\/wp-content\/uploads\/16427494745284.jpg\" alt=\"produit-Hommy-PA-C6-A avec roof-img\" title=\"\"><\/span><\/strong><\/p>\n<p style=\"margin-bottom:0;text-align:justify\"><strong><span style=\"font-family:\u5b8b\u4f53;font-size:29px\">Caract\u00e9ristiques du produit :<\/span><\/strong><span style=\"font-family:\u5b8b\u4f53;font-size:29px\"> <\/span><\/p>\n<p><span style=\"font-family:Calibri;font-size:21px\">1.&nbsp;<\/span><span style=\"font-family:Calibri;font-size:21px\">\u00c9cran de 32 pouces pour la promotion et \u00e9cran de 10,5 pouces pour le fonctionnement .<\/span><\/p>\n<p><span style=\"font-family:Calibri;font-size:21px\">2.&nbsp;<\/span><span style=\"font-family:Calibri;font-size:21px\">Le syst\u00e8me de paiement accepte les pi\u00e8ces de monnaie, les billets, les pi\u00e8ces de monnaie Exchang, les cartes de cr\u00e9dit.<\/span><\/p>\n<p><span style=\"font-family:Calibri;font-size:21px\">3.&nbsp;<\/span><span style=\"font-family:Calibri;font-size:21px\">Le cong\u00e9lateur du distributeur automatique de pizzas peut contenir 88 pizzas de 12 pouces et maintenir la temp\u00e9rature entre 10 et 20 \u00b0C.<\/span><span style=\"font-family:Calibri;font-size:21px\">\u2103<\/span><span style=\"font-family:Calibri;font-size:21px\">&nbsp;\u00e0 -18<\/span><span style=\"font-family:Calibri;font-size:21px\">\u2103<\/span><span style=\"font-family:Calibri;font-size:21px\">. <\/span><\/p>\n<p><span style=\"font-family:Calibri;font-size:21px\">4.&nbsp;<\/span><span style=\"font-family:Calibri;font-size:21px\">La machine contient 88 bo\u00eetes de papier.<\/span><\/p>\n<p><span style=\"font-family:Calibri;font-size:21px\">5.&nbsp;<\/span><span style=\"font-family:Calibri;font-size:21px\">Carte de contr\u00f4le PC avanc\u00e9e, fonction bien programm\u00e9e et fonctionnement stable.<\/span><\/p>\n<p><span style=\"font-family:Calibri;font-size:21px\">6.&nbsp;<\/span><span style=\"font-family:Calibri;font-size:21px\">Nous stockons automatiquement les donn\u00e9es relatives aux produits dans l'entrep\u00f4t en scannant les codes QR. Pour chaque produit, nous d\u00e9finissons un code QR. Vous pouvez clairement conna\u00eetre la date de production et la date de p\u00e9remption du produit, ce qui vous permet de savoir o\u00f9 se trouve le produit. Lorsque le produit est \u00e0 deux jours de sa date de p\u00e9remption, notre syst\u00e8me vous aide automatiquement \u00e0 le vendre jusqu'\u00e0 la vente. Lorsque le produit a d\u00e9pass\u00e9 la dur\u00e9e de conservation, le syst\u00e8me arr\u00eate automatiquement la vente du produit afin de garantir la qualit\u00e9 et la s\u00e9curit\u00e9. <\/span><\/p>\n<p><span style=\"font-family:Calibri;font-size:21px\">7.&nbsp;<\/span><span style=\"font-family:Calibri;font-size:21px\">La temp\u00e9rature du cong\u00e9lateur peut \u00eatre r\u00e9gl\u00e9e en fonction des diff\u00e9rents produits, avec une fonction de d\u00e9givrage automatique, afin de garantir le fonctionnement normal de la machine dans des conditions de temp\u00e9rature et d'humidit\u00e9 \u00e9lev\u00e9es ;<\/span><\/p>\n<p><span style=\"font-family:Calibri;font-size:21px\">8.&nbsp;<\/span><span style=\"font-family:Calibri;font-size:21px\">Temp\u00e9rature de chauffage infrarouge <span style=\"font-family:\u5b8b\u4f53\">\uff1a<\/span><span style=\"font-family:Calibri\">60-300\u2103 besoin de 3-5 minutes pour cuire une pizza.<\/span><\/span><\/p>\n<p><span style=\"font-family:Calibri;font-size:21px\">9.&nbsp;<\/span><span style=\"font-family:Calibri;font-size:21px\">&nbsp;Dimensions de la maison infrarouge :400X400X300mm et puissance :3000W . <\/span><\/p>\n<p><span style=\"font-family:Calibri;font-size:21px\">10.&nbsp;<\/span><span style=\"font-family:Calibri;font-size:21px\">Il y a une fonction de protection contre les pannes de courant, la machine indique toujours l'\u00e9tat de marche, a la fonction de m\u00e9moire, la fonction de protection contre les fuites en cas de surcharge, garantissant un fonctionnement s\u00fbr de la machine. <\/span><\/p>\n<p style=\"margin-bottom:0;text-align:justify\"><span style=\"font-family:Calibri;font-size:21px\">11.&nbsp;<\/span><span style=\"font-family:Calibri;font-size:21px\">La langue peut \u00eatre adapt\u00e9e en fonction du pays. <\/span><\/p>\n<p><span style=\"font-family:Calibri;font-size:21px\">12.&nbsp;<\/span><span style=\"font-family:Calibri;font-size:21px\">Ajout d'une fonction d'\u00e9conomie d'\u00e9nergie automatique. L'appareil ajoute deux p\u00e9riodes pour le d\u00e9jeuner et le d\u00eener. La machine se pr\u00e9chauffe automatiquement \u00e0 la temp\u00e9rature que vous avez r\u00e9gl\u00e9e entre 80 et 100 degr\u00e9s. Lorsque le client paie, la machine se r\u00e9chauffe automatiquement, de sorte que le temps de cuisson est r\u00e9duit, la vitesse de vente est acc\u00e9l\u00e9r\u00e9e et il n'est pas n\u00e9cessaire de pr\u00e9chauffer la machine toute la journ\u00e9e.<\/span><\/p>\n<p><span style=\"font-family:Calibri;font-size:21px\">13.&nbsp;<\/span><span style=\"font-family:Calibri;font-size:21px\">Syst\u00e8me de gestion \u00e0 distance par ordinateur : interrogation des d\u00e9tails des ventes, rappel des p\u00e9nuries, rappel des pannes de machine, ce qui permet d'\u00e9conomiser des co\u00fbts de main-d'\u0153uvre, le distributeur automatique de pizzas Hommy ajoute une fonction plus humanis\u00e9e.<\/span><\/p>\n<p><span style=\"font-family:Calibri;font-size:21px\">14.&nbsp;<\/span><span style=\"font-family:Calibri;font-size:21px\">l'infrarouge \u00e0 l'int\u00e9rieur a une temp\u00e9rature croissante et d\u00e9croissante pour que vous puissiez l'ajuster en fonction des diff\u00e9rents go\u00fbts de pizza pour la temp\u00e9rature et le temps de cuisson.<\/span><\/p>\n<p><span style=\"font-family:Calibri;font-size:21px\">15.&nbsp;<\/span><span style=\"font-family:Calibri;font-size:21px\">L'appareil suit la temp\u00e9rature du compartiment cong\u00e9lateur pendant 24 heures. Lorsque la temp\u00e9rature n'atteint pas la norme que vous avez d\u00e9finie, il vous le rappelle automatiquement afin de garantir que la pizza ne se d\u00e9t\u00e9riore pas et qu'elle respecte les normes de s\u00e9curit\u00e9 et d'hygi\u00e8ne du produit.<\/span><\/p>\n<p><span style=\"font-family:Calibri;font-size:21px\">&nbsp;<\/span><\/p>\n<p style=\"margin-bottom:0;text-align:justify\"><span style=\"font-family:\u5b8b\u4f53;font-size:29px\">&nbsp;<\/span><\/p>\n<p><strong><span style=\"font-family:\u5b8b\u4f53;font-size:29px\">Avantage du produit :<\/span><\/strong><\/p>\n<p><span style=\"font-family:Calibri;font-size:21px\">1.&nbsp;<\/span><span style=\"font-family:Calibri;font-size:21px\">Temp\u00e9rature de chauffage infrarouge <span style=\"font-family:\u5b8b\u4f53\">\uff1a<\/span><span style=\"font-family:Calibri\">60-300\u2103 besoin de 3-5 minutes pour cuire une pizza<\/span><\/span><span style=\"font-family:\u5b8b\u4f53;font-size:21px\">&nbsp;et <\/span><span style=\"font-family:Calibri;font-size:21px\">Dimensions de la maison infrarouge :400X400X300mm et puissance :3000W . <\/span><\/p>\n<p><img loading=\"lazy\" decoding=\"async\" src=\"https:\/\/www.hommy.com\/wp-content\/uploads\/16427495332920.jpg\" title=\"\" alt=\"produit-Hommy-img\" width=\"350\" height=\"1440\" border=\"0\" vspace=\"0\" style=\"width: 350px;height: 1440px\"><\/p>\n<p style=\"margin-bottom:0;text-align:justify\"><span style=\"font-family:Calibri;font-size:21px\">2.&nbsp;<\/span><span style=\"font-family:Calibri;font-size:21px\">Si vous utilisez une po\u00eale en aluminium pour la cuisson, vous pouvez chauffer le fond de la pizza de mani\u00e8re plus uniforme, et la pizza qui en sort est plus d\u00e9licieuse.<\/span><\/p>\n<p style=\"margin-bottom:0;text-align:justify\"><img decoding=\"async\" src=\"https:\/\/www.hommy.com\/wp-content\/uploads\/16427496059145.jpg\" alt=\"produit-Hommy-img\" title=\"\"><\/p>\n<p><span style=\"font-family:Calibri;font-size:21px\">4.<\/span><span style=\"font-family:Calibri;font-size:16px\">&nbsp;<\/span><span style=\"font-family:Calibri;font-size:21px\">Nous stockons automatiquement les donn\u00e9es relatives aux produits dans l'entrep\u00f4t en scannant les codes QR. Pour chaque produit, nous d\u00e9finissons un code QR. Vous pouvez clairement conna\u00eetre la date de production et la date de p\u00e9remption du produit, ce qui vous permet de savoir o\u00f9 se trouve le produit. Lorsque le produit est \u00e0 deux jours de sa date de p\u00e9remption, notre syst\u00e8me vous aide automatiquement \u00e0 le vendre jusqu'\u00e0 la vente. Lorsque le produit a d\u00e9pass\u00e9 la dur\u00e9e de conservation, le syst\u00e8me arr\u00eate automatiquement la vente du produit afin de garantir la qualit\u00e9 et la s\u00e9curit\u00e9.<\/span><\/p>\n<p style=\"vertical-align: baseline\"><img decoding=\"async\" src=\"https:\/\/www.hommy.com\/wp-content\/uploads\/16427496367551.png\" alt=\"produit-PA-C6-A avec toit-Hommy-img\" title=\"\"><\/p>\n<p><span style=\"font-family: \u5b8b\u4f53;font-size: 20px\">5.<\/span><span style=\"font-family:Calibri;font-size:21px\">Le syst\u00e8me de paiement accepte les pi\u00e8ces de monnaie, les billets, les pi\u00e8ces de monnaie Exchang, les cartes de cr\u00e9dit.<\/span><\/p>\n<p style=\"vertical-align: baseline\"><img loading=\"lazy\" decoding=\"async\" src=\"https:\/\/www.hommy.com\/wp-content\/uploads\/16427496683400.png\" title=\"\" alt=\"produit-Hommy-img\" width=\"350\" height=\"546\" border=\"0\" vspace=\"0\" style=\"width: 350px;height: 546px\"><\/p>\n<p><span style=\"font-family:Calibri;font-size:21px\">6.&nbsp;<\/span><span style=\"font-family:Calibri;font-size:21px\">Syst\u00e8me informatique de gestion \u00e0 distance : interrogation des d\u00e9tails des ventes, rappel des p\u00e9nuries, rappel des pannes de machine.<\/span><\/p>\n<p style=\"vertical-align: baseline\"><img decoding=\"async\" src=\"https:\/\/www.hommy.com\/wp-content\/uploads\/16427497104337.jpg\" alt=\"produit-Hommy-img\" title=\"\"><\/p>\n<p style=\"vertical-align: baseline\"><span style=\"font-family: Calibri;font-size: 20px\">7.&nbsp;<\/span><span style=\"font-family: Calibri;font-size: 20px\">Le four est \u00e9quip\u00e9 d'un syst\u00e8me de chauffage qui permet de contr\u00f4ler s\u00e9par\u00e9ment la dur\u00e9e et la temp\u00e9rature. <\/span><\/p>\n<p style=\"vertical-align: baseline\"><span style=\"font-family: Calibri;font-size: 20px\">Ajustez la saveur. <\/span><\/p>\n<p style=\"vertical-align: baseline\"><img loading=\"lazy\" decoding=\"async\" src=\"https:\/\/www.hommy.com\/wp-content\/uploads\/16427497502612.png\" title=\"\" alt=\"produit-Hommy-PA-C6-A avec roof-img-1\" width=\"350\" height=\"254\" border=\"0\" vspace=\"0\" style=\"width: 350px;height: 254px\"><\/p>\n<p style=\"vertical-align: baseline\"><span style=\"font-family: \u5b8b\u4f53;font-size: 20px\">8.<\/span><span style=\"font-family: Calibri;font-size: 20px\">Le distributeur automatique de pizzas \u00e0 l'int\u00e9rieur utilise la base de la bo\u00eete \u00e0 pizza sur la machine \u00e0 concevoir et il peut \u00eatre conserv\u00e9 dans le cong\u00e9lateur -18C. Nous utilisons des mat\u00e9riaux r\u00e9sistants aux basses temp\u00e9ratures. <\/span><\/p>\n<p style=\"vertical-align: baseline\"><img loading=\"lazy\" decoding=\"async\" src=\"https:\/\/www.hommy.com\/wp-content\/uploads\/16427497965147.png\" title=\"\" alt=\"produit-Hommy-img-1\" width=\"350\" height=\"328\" border=\"0\" vspace=\"0\" style=\"width: 350px;height: 328px\"><\/p>\n<p style=\"vertical-align: baseline\"><span style=\"font-family: Calibri;font-size: 20px\">9.&nbsp;<\/span><span style=\"font-family: Calibri;font-size: 20px\">Il y a deux types de toit au choix : A et B. Ce toit peut bloquer le vent, la pluie et la neige.<\/span><\/p>\n<p style=\"vertical-align: baseline\"><img loading=\"lazy\" decoding=\"async\" src=\"https:\/\/www.hommy.com\/wp-content\/uploads\/16427498619041.png\" title=\"\" alt=\"produit-Hommy-img-1\" width=\"650\" height=\"184\" border=\"0\" vspace=\"0\" style=\"width: 650px;height: 184px\"><\/p>\n<p style=\"vertical-align: baseline\"><span style=\"font-family: Calibri;font-size: 20px\">10.&nbsp;<\/span><span style=\"font-family: Calibri;font-size: 20px\">Nous acceptons les OEM pour votre logo<\/span><\/p>\n<p style=\"vertical-align: baseline\"><span style=\"font-family: Calibri;font-size: 20px\"><img decoding=\"async\" src=\"https:\/\/www.hommy.com\/wp-content\/uploads\/16427503206473.png\" alt=\"produit-PA-C6-A avec toit-Hommy-img-1\" title=\"\"><\/span><\/p>\n<h2>Quelle est l'importance du secteur des distributeurs automatiques aux \u00c9tats-Unis ?<\/h2>\n<p style=\"margin-top: 5px;margin-bottom: 5px\">Le secteur des distributeurs automatiques aux \u00c9tats-Unis p\u00e8se environ $14,7 milliards d'euros, ce qui en fait le plus important au monde. Ce secteur est tr\u00e8s diversifi\u00e9, puisqu'il existe plus de 1 000 types de machines diff\u00e9rentes aux \u00c9tats-Unis. Le secteur est en croissance constante, car les consommateurs passent de plus en plus de temps en d\u00e9placement et les soci\u00e9t\u00e9s de distributeurs automatiques continuent \u00e0 trouver des moyens d'\u00eatre plus pratiques et plus efficaces.<\/p>\n<p style=\"margin-top: 5px;margin-bottom: 5px\"><\/p>\n<h2>Qui fabrique les bo\u00eetes de pizza Hut ?<\/h2>\n<p style=\"margin-top: 5px;margin-bottom: 5px\">Le propri\u00e9taire de Pizza Hut est M. Pizza Hut (bien s\u00fbr, il ne s'agit pas d'un individu, mais d'une entreprise). Les bo\u00eetes sont fabriqu\u00e9es par le fabricant des bo\u00eetes de Pizza Hut.<\/p>\n<p style=\"margin-top: 5px;margin-bottom: 5px\"><\/p>\n<h2>Combien co\u00fbte un distributeur automatique ?<\/h2>\n<p style=\"margin-top: 5px;margin-bottom: 5px\">Le succ\u00e8s des distributeurs automatiques se mesure au nombre de personnes qui les utilisent. On nous a souvent demand\u00e9 combien co\u00fbtait l'exploitation d'un distributeur automatique. Il est difficile de r\u00e9pondre \u00e0 cette question, car cela d\u00e9pend de la taille et du type de distributeur, de son emplacement et de l'entretien qu'il n\u00e9cessite.<\/p>\n<\/p><\/div>","protected":false},"excerpt":{"rendered":"<p>let&#039;s pizza vending machine price https:\/\/youtu.be\/uVsIe_11_mE Our Pizza Vending Machine is extremely durable and is designed to make sure that the machine lasts for years. It is fabricated using quality components and the design is such that it is simple to use and the pizza venders are easy to clean. This Pizza Vending Machine is [&hellip;]<\/p>\n","protected":false},"featured_media":1959,"comment_status":"open","ping_status":"open","template":"","meta":{"_swt_meta_header_display":false,"_swt_meta_footer_display":false,"_swt_meta_site_title_display":false,"_swt_meta_sticky_header":false,"_swt_meta_transparent_header":false},"product_brand":[],"product_cat":[70,68],"product_tag":[],"class_list":{"0":"post-134","1":"product","2":"type-product","3":"status-publish","4":"has-post-thumbnail","6":"product_cat-pizza-vending-machine","7":"product_cat-vending-machine","9":"first","10":"instock","11":"shipping-taxable","12":"product-type-simple"},"_links":{"self":[{"href":"https:\/\/www.hommy.com\/fr\/wp-json\/wp\/v2\/product\/134","targetHints":{"allow":["GET"]}}],"collection":[{"href":"https:\/\/www.hommy.com\/fr\/wp-json\/wp\/v2\/product"}],"about":[{"href":"https:\/\/www.hommy.com\/fr\/wp-json\/wp\/v2\/types\/product"}],"replies":[{"embeddable":true,"href":"https:\/\/www.hommy.com\/fr\/wp-json\/wp\/v2\/comments?post=134"}],"wp:featuredmedia":[{"embeddable":true,"href":"https:\/\/www.hommy.com\/fr\/wp-json\/wp\/v2\/media\/1959"}],"wp:attachment":[{"href":"https:\/\/www.hommy.com\/fr\/wp-json\/wp\/v2\/media?parent=134"}],"wp:term":[{"taxonomy":"product_brand","embeddable":true,"href":"https:\/\/www.hommy.com\/fr\/wp-json\/wp\/v2\/product_brand?post=134"},{"taxonomy":"product_cat","embeddable":true,"href":"https:\/\/www.hommy.com\/fr\/wp-json\/wp\/v2\/product_cat?post=134"},{"taxonomy":"product_tag","embeddable":true,"href":"https:\/\/www.hommy.com\/fr\/wp-json\/wp\/v2\/product_tag?post=134"}],"curies":[{"name":"wp","href":"https:\/\/api.w.org\/{rel}","templated":true}]}}