{"id":119,"date":"2024-07-02T12:08:37","date_gmt":"2024-07-02T12:08:37","guid":{"rendered":"http:\/\/localhost\/hommywp\/pa-c6-a-buy-automatic-fresh-pizza-vending-machine-cost\/"},"modified":"2025-08-01T09:57:26","modified_gmt":"2025-08-01T09:57:26","slug":"pa-c6-a-distributeur-automatique-de-pizzas-en-plein-air","status":"publish","type":"product","link":"https:\/\/www.hommy.com\/fr\/p\/pa-c6-a-distributeur-automatique-de-pizzas-en-plein-air\/","title":{"rendered":"Pa-C6-A Acheter Distributeur automatique de pizzas fra\u00eeches Co\u00fbt"},"content":{"rendered":"<div>\n<h1 style=\"text-align: center\"><strong><span style=\"letter-spacing: 0px;font-family: arial, helvetica, sans-serif;font-size: 24px\"><a name=\"Outdoor Automatic Infrared Heating Vending Pizza Machine\"><\/a>Distributeur automatique de pizzas \u00e0 chauffage infrarouge pour l'ext\u00e9rieur<\/span><\/strong><\/h1>\n<p style=\"text-align: center\"><a href=\"#Outdoor Automatic Infrared Heating Vending Pizza Machine\" target=\"_self\" data-lv=\"0\" rel=\"noopener\"><span style=\"font-size: 18px\"><span style=\"letter-spacing: 0px;font-family: arial, helvetica, sans-serif\">Distributeur automatique de pizzas \u00e0 chauffage infrarouge pour l'ext\u00e9rieur<\/span><\/span><\/a><span style=\"font-size: 18px\"><span style=\"letter-spacing: 0px;font-family: arial, helvetica, sans-serif\">|<a href=\"#Product Features\" target=\"_self\" data-lv=\"0\" rel=\"noopener\">Caract\u00e9ristiques du produit<\/a>|<a href=\"#Product specification\" target=\"_self\" data-lv=\"0\" rel=\"noopener\">Sp\u00e9cification du produit<\/a>|<a href=\"#Product Advantage\" target=\"_self\" data-lv=\"0\" rel=\"noopener\">Avantages du produit<\/a><\/span><\/span><\/p>\n<p><strong><span style=\"letter-spacing: 0px;font-family: arial, helvetica, sans-serif;font-size: 24px\"><br \/><\/span><\/strong><\/p>\n<p><strong><span style=\"letter-spacing: 0px;font-family: arial, helvetica, sans-serif;font-size: 24px\"><br \/><\/span><\/strong><\/p>\n<p><\/p>\n<p style=\"text-align: center\">&nbsp;&nbsp;&nbsp;&nbsp;<\/p>\n<p>Le distributeur automatique de pizzas fra\u00eeches est un syst\u00e8me tout-en-un qui permet de proposer \u00e0 vos clients des pizzas fra\u00eeches et r\u00e9guli\u00e8res. Dans le distributeur, choisissez votre recette de p\u00e2te pr\u00e9f\u00e9r\u00e9e et les garnitures parfaites. Apr\u00e8s avoir garni votre pizza avec les garnitures de votre choix, placez votre pizza fra\u00eechement pr\u00e9par\u00e9e dans le four \u00e0 convection. Vous avez le choix entre une cuisson classique pour une pizza au fromage ou \u00e0 la cro\u00fbte, ou une pizza enti\u00e8rement \u00e0 base de p\u00e2te. Vos clients seront ravis de trouver une pizza abordable et de qualit\u00e9 pour chaque repas, et m\u00eame vos clients qui ne sont pas amateurs de pizzas aimeront ce distributeur automatique de pizzas fra\u00eeches.<\/p>\n<p><\/p>\n<div class=\"d-tem01-graphic tem01-graphic mockup\" data-detail=\"wrap\">\n<div class=\"cont-section clearfix d-clearfix\">\n<div class=\"col-md-6 col-sm-6 col-xs-6\"><\/p>\n<div class=\"graphic_pic animated wow bounceIn\" data-wow-delay=\".7s\">\n<p style=\"text-align:center\"><img decoding=\"async\" src=\"https:\/\/www.hommy.com\/wp-content\/uploads\/16103355827843.jpg\" alt=\"produit-Hommy-img\" title=\"\"><\/p>\n<\/div>\n<\/div>\n<div class=\"col-md-6 col-sm-6 col-xs-6\">\n<div class=\"right-p\">\n<div class=\"h2 heading\">\n<h1 style=\"margin: 0px;text-indent: 0px;text-align: justify\"><span style=\"font-family: arial, helvetica, sans-serif\"><strong><span style=\"letter-spacing: 0px;font-family: arial, helvetica, sans-serif;font-size: 24px\"><a name=\"Product Features\"><\/a>Caract\u00e9ristiques du produit<\/span><\/strong><\/span><\/h1>\n<p style=\"margin-top:0;margin-right:0;margin-bottom:0;margin-left:0;text-indent:0;text-align:justify\"><span style=\"letter-spacing: 0px;font-size: 18px;font-family: arial, helvetica, sans-serif\"><br \/><\/span><\/p>\n<p><span style=\"font-size: 18px;font-family: arial, helvetica, sans-serif\">1. \u00c9cran de 55\" pour la promotion et \u00e9cran de 15\" pour l'exploitation.<\/span><\/p>\n<p><span style=\"font-size: 18px;font-family: arial, helvetica, sans-serif\">2. Le syst\u00e8me de paiement accepte les pi\u00e8ces de monnaie, les billets, les pi\u00e8ces de monnaie Exchang, les cartes de cr\u00e9dit.<\/span><\/p>\n<p><span style=\"font-size: 18px;font-family: arial, helvetica, sans-serif\">3. Le cong\u00e9lateur \u00e0 l'int\u00e9rieur peut conserver 48pcs 10 \"pizza et garder la temp\u00e9rature de -8\u2103 \u00e0 10\u2103. <\/span><\/p>\n<p><span style=\"font-size: 18px;font-family: arial, helvetica, sans-serif\">4. La machine contient 48 bo\u00eetes de papier.<\/span><\/p>\n<p><span style=\"font-size: 18px;font-family: arial, helvetica, sans-serif\">5. Carte de contr\u00f4le PC avanc\u00e9e, fonction bien programm\u00e9e et fonctionnement stable.<\/span><\/p>\n<p><span style=\"font-size: 18px;font-family: arial, helvetica, sans-serif\">6. L'int\u00e9rieur du cong\u00e9lateur est \u00e9quip\u00e9 d'un \u00e9cran publicitaire de grande taille et d'une fonction de pasteurisation. <\/span><\/p>\n<p style=\"margin-left:0;text-indent:0\"><span style=\"font-size: 18px;font-family: arial, helvetica, sans-serif\">7. La temp\u00e9rature du cong\u00e9lateur peut \u00eatre r\u00e9gl\u00e9e en fonction des diff\u00e9rents produits, avec une fonction de d\u00e9givrage automatique, afin de garantir le fonctionnement normal de la machine dans des conditions de temp\u00e9rature et d'humidit\u00e9 \u00e9lev\u00e9es ;<\/span><\/p>\n<p style=\"margin-left:0;text-indent:0\"><span style=\"letter-spacing: 0px;font-size: 18px;font-family: arial, helvetica, sans-serif\">8. Temp\u00e9rature de chauffage infrarouge \uff1a60-300\u2103 besoin de 45-55 secondes pour cuire une pizza.<\/span><\/p>\n<p style=\"margin-left:0;text-indent:0\"><span style=\"letter-spacing: 0px;font-size: 18px;font-family: arial, helvetica, sans-serif\">9.  Dimensions de la maison infrarouge :400X400X300mm et puissance :3000W . <\/span><\/p>\n<p style=\"margin-left:0;text-indent:0\"><span style=\"font-size: 18px;font-family: arial, helvetica, sans-serif\">10. Il existe une fonction de protection contre les pannes de courant, la machine indique toujours l'\u00e9tat d'alimentation, poss\u00e8de la fonction de m\u00e9moire, la fonction de protection contre les fuites dues \u00e0 la surcharge, ce qui garantit un fonctionnement s\u00fbr de la machine. <\/span><\/p>\n<p style=\"margin-top:0;margin-right:0;margin-bottom:0;margin-left:0;text-indent:0;text-align:justify\"><span style=\"letter-spacing: 0px;font-size: 18px;font-family: arial, helvetica, sans-serif\">11. La langue peut \u00eatre adapt\u00e9e en fonction du pays. <\/span><\/p>\n<p style=\"margin-top:0;margin-right:0;margin-bottom:0;margin-left:0;text-indent:0;text-align:justify\"><span style=\"letter-spacing: 0px;font-size: 18px;font-family: arial, helvetica, sans-serif\">12. 48 jeux de pizzas sont stock\u00e9s \u00e0 l'int\u00e9rieur de la machine.<\/span><\/p>\n<p style=\"margin-left:0;text-indent:0\"><span style=\"font-size: 18px;font-family: arial, helvetica, sans-serif\">13. Syst\u00e8me informatique de gestion \u00e0 distance : interrogation des d\u00e9tails des ventes, rappel des p\u00e9nuries, rappel des pannes de machine.<\/span><\/p>\n<p style=\"margin-left:0;text-indent:0\"><span style=\"font-family: arial, helvetica, sans-serif;font-size: 18px\">14. si vous voulez placer la machine \u00e0 l'ext\u00e9rieur du centre commercial, vous pouvez ajouter un toit qui peut emp\u00eacher le vent et la pluie de p\u00e9n\u00e9trer dans la machine.<\/span><span style=\"font-family: arial, helvetica, sans-serif;font-size: 21px\"> <\/span><\/p>\n<p><span style=\"font-size: 18px;font-family: arial, helvetica, sans-serif\">Rain, ce toit r\u00e9alis\u00e9 en m\u00e9tal puis peint au Spray.&nbsp;&nbsp;<\/span><\/p>\n<\/div>\n<\/div>\n<\/div>\n<\/div>\n<\/div>\n<h1 style=\", Helvetica, Arial, sans-serif\"><strong><span style=\"letter-spacing: 0px;font-size: 24px;font-family: arial, helvetica, sans-serif\"><a name=\"Product specification\"><\/a>Sp\u00e9cification du produit<\/span><\/strong><\/h1>\n<p><strong><span style=\"letter-spacing: 0px;font-size: 24px;font-family: arial, helvetica, sans-serif\"><br \/><\/span><\/strong><\/p>\n<p><strong><span style=\"letter-spacing: 0px;font-size: 24px;font-family: arial, helvetica, sans-serif\"><img decoding=\"async\" src=\"https:\/\/www.hommy.com\/wp-content\/uploads\/16103351124453.png\" title=\"\" alt=\"produit-Hommy-img\"><\/span><\/strong><\/p>\n<p><strong><span style=\"letter-spacing: 0px;font-size: 24px;font-family: arial, helvetica, sans-serif\"><br \/><\/span><\/strong><\/p>\n<p><\/p>\n<h1><strong><span style=\"letter-spacing: 0px;font-family: arial, helvetica, sans-serif;font-size: 24px\"><a name=\"Product Advantage\"><\/a>Avantages du produit<\/span><\/strong><\/h1>\n<p><\/p>\n<div class=\"d-tem01-graphic tem01-graphic mockup\" data-detail=\"wrap\">\n<div class=\"cont-section clearfix d-clearfix\">\n<div class=\"col-md-6 col-sm-6 col-xs-6\" style=\"width: 581px\">\n<div class=\"right-p\">\n<div class=\"h2 heading\">\n<p><span style=\"font-family: arial, helvetica, sans-serif;font-size: 18px\">1. \u00c9cran de 55\" pour la promotion et \u00e9cran de 15\" pour l'exploitation.<\/span><\/p>\n<p><span style=\"font-family: arial, helvetica, sans-serif;font-size: 18px\"><br \/><\/span><\/p>\n<\/div>\n<\/div>\n<div class=\"graphic_pic animated wow bounceIn\" data-wow-delay=\".7s\">\n<p style=\"text-align:center\"><img loading=\"lazy\" decoding=\"async\" src=\"https:\/\/www.hommy.com\/wp-content\/uploads\/16103353799035.jpg\" alt=\"product-PA-C6-A Distributeur automatique de pizzas pour l&#039;ext\u00e9rieur-Hommy-img\" title=\"\" width=\"350\" height=\"500\" border=\"0\" vspace=\"0\" style=\"width: 350px;height: 500px\"><\/p>\n<\/div>\n<\/div>\n<div class=\"col-md-6 col-sm-6 col-xs-6\" style=\"width: 581px\">\n<div class=\"right-p\">\n<div class=\"h2 heading\">\n<p><span style=\"font-family: arial, helvetica, sans-serif;letter-spacing: 0px;font-size: 18px\">2.  Temp\u00e9rature de chauffage infrarouge \uff1a60-300\u2103 besoin de 45-55 secondes pour cuire une pizza et maison infrarouge taille :400X400X300mm et puissance :3000W .&nbsp;<\/span><\/p>\n<\/div>\n<\/div>\n<div class=\"graphic_pic animated wow bounceIn\" data-wow-delay=\".7s\">\n<p style=\"text-align:center\"><img loading=\"lazy\" decoding=\"async\" src=\"https:\/\/www.hommy.com\/wp-content\/uploads\/16103354149689.jpg\" alt=\"produit-Hommy-img\" title=\"\" width=\"350\" height=\"500\" border=\"0\" vspace=\"0\" style=\"width: 350px;height: 500px\"><\/p>\n<\/div>\n<\/div>\n<\/div>\n<\/div>\n<p><strong><span style=\"letter-spacing: 0px;font-family: arial, helvetica, sans-serif;font-size: 24px\"><\/span><\/strong><\/p>\n<div class=\"d-tem01-graphic tem01-graphic mockup\" data-detail=\"wrap\">\n<div class=\"cont-section clearfix d-clearfix\">\n<div class=\"col-md-6 col-sm-6 col-xs-6\" style=\"width: 581px\">\n<div class=\"right-p\">\n<div class=\"h2 heading\">\n<p style=\"margin-bottom: 0px;text-align: justify\"><span style=\"font-family: arial, helvetica, sans-serif;font-size: 18px\"><span style=\"font-family: arial, helvetica, sans-serif;letter-spacing: 0px\">3.  48 pizzas sont stock\u00e9es \u00e0 l'int\u00e9rieur de la machine, ce qui permet de maintenir la temp\u00e9rature \u00e0 un niveau \u00e9lev\u00e9.&nbsp;<\/span><span style=\"font-family: arial, helvetica, sans-serif\">de -8\u2103 \u00e0 10\u2103.<\/span><\/span><\/p>\n<p style=\"margin-bottom: 0px;text-align: justify\"><span style=\"font-family: arial, helvetica, sans-serif;font-size: 18px\"><span style=\"font-family: arial, helvetica, sans-serif\"><br \/><\/span><\/span><\/p>\n<\/div>\n<\/div>\n<div class=\"graphic_pic animated wow bounceIn\" data-wow-delay=\".7s\">\n<p style=\"text-align:center\"><img loading=\"lazy\" decoding=\"async\" src=\"https:\/\/www.hommy.com\/wp-content\/uploads\/16103354355062.png\" alt=\"produit-Hommy-img\" title=\"\" width=\"350\" height=\"500\" border=\"0\" vspace=\"0\" style=\"width: 350px;height: 500px\"><\/p>\n<\/div>\n<\/div>\n<div class=\"col-md-6 col-sm-6 col-xs-6\" style=\"width: 581px\">\n<div class=\"right-p\">\n<div class=\"h2 heading\">\n<p><span style=\"font-family: arial, helvetica, sans-serif;font-size: 18px\">4. La machine contient 48 bo\u00eetes de papier.<\/span><\/p>\n<p><span style=\"font-family: arial, helvetica, sans-serif;font-size: 18px\"><br \/><\/span><\/p>\n<\/div>\n<\/div>\n<p style=\"text-align:center\"><img loading=\"lazy\" decoding=\"async\" src=\"https:\/\/www.hommy.com\/wp-content\/uploads\/16103354577750.png\" alt=\"product-Hommy-PA-C6-A Distributeur automatique de pizzas pour l&#039;ext\u00e9rieur-img\" title=\"\" width=\"350\" height=\"500\" border=\"0\" vspace=\"0\" style=\"width: 350px;height: 500px\"><\/p>\n<p>&nbsp;<\/p>\n<p>&nbsp; &nbsp; &nbsp; &nbsp; &nbsp; &nbsp;<\/p>\n<\/div>\n<\/div>\n<\/div>\n<p><strong><span style=\"letter-spacing: 0px;font-family: arial, helvetica, sans-serif;font-size: 24px\"><\/span><\/strong><\/p>\n<div class=\"d-tem01-graphic tem01-graphic mockup\" data-detail=\"wrap\">\n<div class=\"cont-section clearfix d-clearfix\">\n<div class=\"col-md-6 col-sm-6 col-xs-6\">\n<div class=\"right-p\">\n<div class=\"h2 heading\">\n<p><span style=\"font-family: arial, helvetica, sans-serif;font-size: 18px\">5. le syst\u00e8me de paiement accepte les pi\u00e8ces de monnaie, les billets, les pi\u00e8ces de monnaie Exchang, les cartes de cr\u00e9dit.<\/span><\/p>\n<p><span style=\"font-family: arial, helvetica, sans-serif;font-size: 18px\"><br \/><\/span><\/p>\n<\/div>\n<\/div>\n<div class=\"graphic_pic animated wow bounceIn\" data-wow-delay=\".7s\">\n<p style=\"text-align:center\"><img loading=\"lazy\" decoding=\"async\" src=\"https:\/\/www.hommy.com\/wp-content\/uploads\/16103354823640.png\" alt=\"produit-Hommy-img-1\" title=\"\" width=\"350\" height=\"500\" border=\"0\" vspace=\"0\" style=\"width: 350px;height: 500px\"><\/p>\n<p><\/p>\n<h2 style=\"font-family: sans-serif\">Existe-t-il des distributeurs automatiques de pizzas aux \u00c9tats-Unis ?<\/h2>\n<p style=\"margin-top: 5px;margin-bottom: 5px;font-family: sans-serif;font-size: 16px\">J'ai r\u00e9cemment pris l'avion pour les \u00c9tats-Unis et j'ai fait un voyage dans l'Ohio pour rendre visite \u00e0 mon cousin. Malheureusement, j'ai oubli\u00e9 d'emporter de la nourriture. Mon voisin m'avait dit que la pizza \u00e9tait un aliment de base dans presque tous les fast-foods, alors j'\u00e9tais vraiment inquiet et j'avais h\u00e2te d'arriver chez ma cousine. Heureusement, elle n'\u00e9tait pas l\u00e0, alors j'ai d\u00e9cid\u00e9 d'essayer de trouver de la pizza, mais je n'en ai trouv\u00e9 nulle part. Je n'ai rien trouv\u00e9 non plus qui ressemblait \u00e0 de la pizza, alors j'ai demand\u00e9 \u00e0 une pizzeria locale ce qu'elle proposait. On m'a dit qu'il y avait de la pizza et je l'ai essay\u00e9e. La qualit\u00e9 \u00e9tait m\u00e9diocre. \u00c0 ma grande surprise, il n'y avait pas de fromage. Je leur ai demand\u00e9 si le fromage \u00e9tait dans mon assiette et ils m'ont r\u00e9pondu qu'ils avaient la m\u00eame pizza avec du fromage que moi. Ils m'ont \u00e9galement dit que si je voulais une pizza, je devais aller \u00e0 un endroit pr\u00e9cis. J'\u00e9tais curieux, alors<\/p>\n<p style=\"margin-top: 5px;margin-bottom: 5px;font-family: sans-serif;font-size: 16px\"><\/p>\n<h2 style=\"font-family: sans-serif\">Combien co\u00fbte une machine Pizza Forno ?<\/h2>\n<p style=\"margin-top: 5px;margin-bottom: 5px;font-family: sans-serif;font-size: 16px\">Pizza Forno est la seule franchise de pizzas italiennes qui permet \u00e0 ses franchis\u00e9s de personnaliser leurs pizzerias individuelles. Avec Pizza Forno, chaque franchise est unique. Il n'y a pas deux pizzerias identiques. Lorsqu'il s'agit de savoir quel est le prix de vente d'une franchise Pizza Forno, la r\u00e9ponse est \"c'est variable\". Certaines franchises se vendent pour moins de $50 000, tandis que d'autres se vendent pour plus de $2 millions. Mais de nombreuses variables peuvent influer sur le prix, telles que la taille de la zone que la franchise ach\u00e8tera, la taille du b\u00e2timent, l'\u00e2ge et l'emplacement du b\u00e2timent, l'emplacement dans la zone, l'importance du trafic dans une zone particuli\u00e8re, et bien d'autres choses encore. Il est tr\u00e8s possible qu'une franchise dont le prix d\u00e9passait $2 millions il y a quelques ann\u00e9es soit aujourd'hui vendue \u00e0 un prix beaucoup plus bas.<\/p>\n<p style=\"margin-top: 5px;margin-bottom: 5px;font-family: sans-serif;font-size: 16px\"><\/p>\n<h2 style=\"font-family: sans-serif\">Comment fonctionne un distributeur automatique de pizzas ?<\/h2>\n<p style=\"margin-top: 5px;margin-bottom: 5px;font-family: sans-serif;font-size: 16px\">Comme beaucoup de produits aujourd'hui populaires au Japon, les distributeurs automatiques de pizzas n'existent pas en Am\u00e9rique, mais on en trouve partout en Europe et dans d'autres pays, et m\u00eame en Chine. Les distributeurs automatiques de pizzas distribuent g\u00e9n\u00e9ralement des parts de pizza individuelles, plut\u00f4t qu'une pizza enti\u00e8re, et on les trouve dans des endroits tels que les restaurants, les sup\u00e9rettes, les h\u00f4tels-restaurants et m\u00eame dans certains restaurants McDonald. De nombreux distributeurs automatiques de pizzas, comme celui illustr\u00e9 ci-dessus, peuvent \u00eatre configur\u00e9s pour distribuer d'autres types d'aliments, notamment des sandwichs, des g\u00e2teaux et d'autres friandises.<\/p>\n<\/div>\n<\/div>\n<div class=\"col-md-6 col-sm-6 col-xs-6\">\n<div class=\"right-p\">\n<p><span style=\"font-family: arial, helvetica, sans-serif;font-size: 18px\">6. Syst\u00e8me de gestion \u00e0 distance par ordinateur : interrogation des d\u00e9tails des ventes, rappel des p\u00e9nuries, rappel des pannes de machine.<\/span><\/p>\n<\/div>\n<div class=\"graphic_pic animated wow bounceIn\" data-wow-delay=\".7s\">\n<p style=\"text-align:center\"><img loading=\"lazy\" decoding=\"async\" src=\"https:\/\/www.hommy.com\/wp-content\/uploads\/16103355306953.jpg\" alt=\"produit-Hommy-img-1\" title=\"\" width=\"350\" height=\"500\" border=\"0\" vspace=\"0\" style=\"width: 350px;height: 500px\"><\/p>\n<\/div>\n<\/div>\n<\/div>\n<\/div><\/div>","protected":false},"excerpt":{"rendered":"<p>Outdoor Automatic Infrared Heating Vending Pizza Machine Outdoor Automatic Infrared Heating Vending Pizza Machine|Product Features|Product specification|Product Advantage &nbsp;&nbsp;&nbsp;&nbsp; The Automatic Fresh Pizza Vending Machine is an all-in-one system that provides a consistent, fresh pizza to your customers. From the machine, choose your favorite dough recipe and the perfect toppings. After topping your pizza with your [&hellip;]<\/p>\n","protected":false},"featured_media":111,"comment_status":"open","ping_status":"open","template":"","meta":{"_swt_meta_header_display":false,"_swt_meta_footer_display":false,"_swt_meta_site_title_display":false,"_swt_meta_sticky_header":false,"_swt_meta_transparent_header":false},"product_brand":[],"product_cat":[70,68],"product_tag":[],"class_list":{"0":"post-119","1":"product","2":"type-product","3":"status-publish","4":"has-post-thumbnail","6":"product_cat-pizza-vending-machine","7":"product_cat-vending-machine","9":"first","10":"instock","11":"shipping-taxable","12":"product-type-simple"},"_links":{"self":[{"href":"https:\/\/www.hommy.com\/fr\/wp-json\/wp\/v2\/product\/119","targetHints":{"allow":["GET"]}}],"collection":[{"href":"https:\/\/www.hommy.com\/fr\/wp-json\/wp\/v2\/product"}],"about":[{"href":"https:\/\/www.hommy.com\/fr\/wp-json\/wp\/v2\/types\/product"}],"replies":[{"embeddable":true,"href":"https:\/\/www.hommy.com\/fr\/wp-json\/wp\/v2\/comments?post=119"}],"wp:featuredmedia":[{"embeddable":true,"href":"https:\/\/www.hommy.com\/fr\/wp-json\/wp\/v2\/media\/111"}],"wp:attachment":[{"href":"https:\/\/www.hommy.com\/fr\/wp-json\/wp\/v2\/media?parent=119"}],"wp:term":[{"taxonomy":"product_brand","embeddable":true,"href":"https:\/\/www.hommy.com\/fr\/wp-json\/wp\/v2\/product_brand?post=119"},{"taxonomy":"product_cat","embeddable":true,"href":"https:\/\/www.hommy.com\/fr\/wp-json\/wp\/v2\/product_cat?post=119"},{"taxonomy":"product_tag","embeddable":true,"href":"https:\/\/www.hommy.com\/fr\/wp-json\/wp\/v2\/product_tag?post=119"}],"curies":[{"name":"wp","href":"https:\/\/api.w.org\/{rel}","templated":true}]}}