{"id":110,"date":"2024-07-02T12:08:34","date_gmt":"2024-07-02T12:08:34","guid":{"rendered":"http:\/\/localhost\/hommywp\/pa-b1-12-pizza-box-for-vending-machine\/"},"modified":"2025-08-01T09:57:26","modified_gmt":"2025-08-01T09:57:26","slug":"pa-b1-12-boite-a-pizza","status":"publish","type":"product","link":"https:\/\/www.hommy.com\/fr\/p\/pa-b1-12-boite-a-pizza\/","title":{"rendered":"Pa-B1-12\" Bo\u00eete \u00e0 pizza pour distributeur automatique"},"content":{"rendered":"<div>\n<p style=\"text-align: center\"><span style=\"font-family:Calibri;font-size:29px\">3 min distributeur de pizzas<\/span><span style=\"font-family: Calibri;font-size: 29px\">&nbsp; &nbsp; &nbsp; &nbsp; &nbsp;&nbsp;<\/span><\/p>\n<p><span style=\"font-family: Calibri;font-size: 29px\">&nbsp; &nbsp; &nbsp; &nbsp; &nbsp;<\/span><span style=\"font-family: \u5b8b\u4f53;font-size: 29px\">&nbsp;&nbsp;&nbsp;&nbsp;&nbsp;&nbsp;&nbsp;&nbsp;&nbsp;&nbsp;&nbsp;&nbsp;&nbsp;&nbsp;<\/span><span style=\"font-family: Calibri;font-size: 29px\">&nbsp; &nbsp; <\/span><span style=\"font-family: \u5b8b\u4f53;font-size: 29px\">&nbsp; &nbsp; &nbsp; &nbsp; &nbsp; &nbsp; &nbsp; &nbsp; &nbsp; &nbsp;<\/span><\/p>\n<p style=\"margin-bottom:0;text-align:justify\"><span style=\"font-family:\u5b8b\u4f53;font-size:29px\"><\/span><\/p>\n<p>Nous sommes fabricants, fournisseurs et exportateurs de bo\u00eetes \u00e0 pizza pour distributeurs automatiques, avec des designs attrayants. Nos bo\u00eetes \u00e0 pizza sont fabriqu\u00e9es \u00e0 partir de mat\u00e9riaux de base de premi\u00e8re qualit\u00e9. Cette bo\u00eete \u00e0 pizza est largement demand\u00e9e dans l'industrie alimentaire pour le stockage des produits alimentaires tels que les pizzas, les sandwiches, les produits alimentaires, etc.<\/p>\n<p><\/p>\n<p>Qu'est-ce qu'une bo\u00eete \u00e0 pizza ?<\/p>\n<p><\/p>\n<p>Les bo\u00eetes \u00e0 pizza sont utilis\u00e9es pour stocker des produits alimentaires et sont fabriqu\u00e9es en carton. Elles sont con\u00e7ues pour \u00eatre conserv\u00e9es dans une forme particuli\u00e8re qui s'adapte au distributeur automatique. La raison pour laquelle les bo\u00eetes \u00e0 pizza sont appel\u00e9es bo\u00eetes \u00e0 pizza est la fa\u00e7on dont elles conservent la pizza. Elles diff\u00e8rent des bo\u00eetes \u00e0 pizza ordinaires car elles sont con\u00e7ues pour contenir des pizzas beaucoup plus grandes. Il existe diff\u00e9rents mod\u00e8les de bo\u00eetes \u00e0 pizza sur le march\u00e9 : bo\u00eete ronde, bo\u00eete triangulaire, bo\u00eete quadrilat\u00e9rale, etc. Les bo\u00eetes \u00e0 pizza utilis\u00e9es pour la pr\u00e9paration des pizzas sont g\u00e9n\u00e9ralement de forme carr\u00e9e ou circulaire.<\/p>\n<p style=\"margin-bottom:0;text-align:justify\"><\/p>\n<p style=\"margin-bottom:0;text-align:justify\"><span style=\"font-size: 29px;font-family: Helvetica\">Caract\u00e9ristiques du produit :<\/span><span style=\"font-family:\u5b8b\u4f53;font-size:29px\"> <\/span><\/p>\n<p><span style=\"font-family:Calibri;font-size:21px\">1.&nbsp;<\/span><span style=\"font-family:Calibri;font-size:21px\">La bo\u00eete \u00e0 pizza de 12\" a deux tailles au choix : 32x32x3cm et 32x32x3.5cm. Nous nous baserons sur les diff\u00e9rentes tailles de bo\u00eetes \u00e0 pizza pour ajuster la quantit\u00e9 \u00e0 l'int\u00e9rieur de la machine \u00e0 pizza. <\/span><\/p>\n<p><span style=\"font-family:Calibri;font-size:21px\">2.&nbsp;<\/span><span style=\"font-family:Calibri;font-size:21px\">La bo\u00eete \u00e0 pizza est conserv\u00e9e \u00e0 l'int\u00e9rieur du cong\u00e9lateur, c'est pourquoi nous choisissons un mat\u00e9riau qui doit \u00eatre r\u00e9sistant \u00e0 l'humidit\u00e9. <\/span><\/p>\n<p><span style=\"font-family:Calibri;font-size:21px\">3.&nbsp;<\/span><span style=\"font-family:Calibri;font-size:21px\">La bo\u00eete \u00e0 pizza est sp\u00e9cialement con\u00e7ue pour le distributeur automatique de pizzas hommy. <\/span><\/p>\n<p><span style=\"font-family:Calibri;font-size:21px\">4.&nbsp;<\/span><span style=\"font-family:Calibri;font-size:21px\">La bo\u00eete \u00e0 pizza et la plaque \u00e0 pizza en aluminium constituent un ensemble pour le fonctionnement du distributeur automatique de pizzas Hommy.<\/span><\/p>\n<h2 style=\"font-family: sans-serif\">Combien co\u00fbte une machine Pizza Forno ?<\/h2>\n<p style=\"margin-top: 5px;margin-bottom: 5px;font-family: sans-serif;font-size: 16px\"><\/p>\n<p style=\"margin-top: 5px;margin-bottom: 5px;font-family: sans-serif;font-size: 16px\">Pizza Forno est une entreprise familiale, ce qui signifie que nous savons ce que signifie g\u00e9rer une entreprise - nous avons de la famille et des amis que nous connaissons depuis de nombreuses ann\u00e9es. De plus, nous travaillons dans le secteur alimentaire depuis de nombreuses ann\u00e9es, ce qui signifie que nous avons eu l'occasion d'apprendre de nos erreurs, de nos mauvaises exp\u00e9riences et de nos bonnes exp\u00e9riences. C'est ainsi que nous savons ce que vous obtiendrez de nous : un visage amical qui vous aidera \u00e0 passer votre commande et vous donnera des conseils ; un livreur amical qui essaiera de vous faire plaisir et de vous fournir le meilleur service possible ; une livraison rapide et amicale et un appel t\u00e9l\u00e9phonique gratuit, honn\u00eate, amical et courtois. Bref, nous offrons le meilleur service qui soit ! C'est pourquoi tous nos partenaires de livraison sont recommand\u00e9s par nous depuis de nombreuses ann\u00e9es. Nous travaillons avec eux parce qu'ils ont gagn\u00e9 notre confiance et notre r\u00e9putation.<\/p>\n<p style=\"margin-top: 5px;margin-bottom: 5px;font-family: sans-serif;font-size: 16px\"><\/p>\n<h2 style=\"font-family: sans-serif\">Devrais-je investir dans la pizza Piestro ?<\/h2>\n<p style=\"margin-top: 5px;margin-bottom: 5px;font-family: sans-serif;font-size: 16px\"><\/p>\n<p style=\"margin-top: 5px;margin-bottom: 5px;font-family: sans-serif;font-size: 16px\">Je sais qu'il s'agit d'un fil de discussion un peu hors sujet, mais j'ai pens\u00e9 poser la question. J'ai envisag\u00e9 d'investir dans les Piestro. Ils existent depuis environ 7 ans. La derni\u00e8re fois que j'ai regard\u00e9, le prix \u00e9tait inf\u00e9rieur \u00e0 $10. Ils sont connus pour leur pizza faite de p\u00e2te congel\u00e9e avec des garnitures qui restent en place, mais il s'agit plut\u00f4t d'un restaurant de sandwichs. Ils pr\u00e9tendent \u00eatre plus sains que la plupart des pizzerias. Je suis nouveau dans la r\u00e9gion et j'aime leur pizza \"maison\".<\/p>\n<p style=\"margin-top: 5px;margin-bottom: 5px;font-family: sans-serif;font-size: 16px\"><\/p>\n<h2 style=\"font-family: sans-serif\">Comment fonctionne le kiosque \u00e0 pizza ?<\/h2>\n<p style=\"margin-top: 5px;margin-bottom: 5px;font-family: sans-serif;font-size: 16px\"><\/p>\n<p style=\"margin-top: 5px;margin-bottom: 5px;font-family: sans-serif;font-size: 16px\">Un kiosque \u00e0 pizza est un service de livraison de pizzas o\u00f9 les gens peuvent manger leur pizza sur le pouce \u00e0 partir d'un distributeur automatique comme une machine d'arcade. Nous sommes un distributeur de pizzas, un distributeur de pizzas est un distributeur de produits alimentaires g\u00e9n\u00e9ralement con\u00e7u pour vendre de la nourriture et des boissons. Ils permettent souvent de payer en esp\u00e8ces, par carte de cr\u00e9dit ou avec le t\u00e9l\u00e9phone portable de l'utilisateur. Il existe deux types de kiosques : les kiosques en libre-service enti\u00e8rement automatis\u00e9s et les kiosques \u00e0 assistance humaine.<\/p>\n<\/p><\/div>","protected":false},"excerpt":{"rendered":"<p>3 min vending pizza machine&nbsp; &nbsp; &nbsp; &nbsp; &nbsp;&nbsp; &nbsp; &nbsp; &nbsp; &nbsp; &nbsp;&nbsp;&nbsp;&nbsp;&nbsp;&nbsp;&nbsp;&nbsp;&nbsp;&nbsp;&nbsp;&nbsp;&nbsp;&nbsp;&nbsp;&nbsp; &nbsp; &nbsp; &nbsp; &nbsp; &nbsp; &nbsp; &nbsp; &nbsp; &nbsp; &nbsp; &nbsp; We have been a manufacturer, supplier and exporter of Pizza Box for vending machine that comes in attractive designs. Our Pizza Boxes are manufactured using premium quality basic material. This [&hellip;]<\/p>\n","protected":false},"featured_media":1958,"comment_status":"open","ping_status":"open","template":"","meta":{"_swt_meta_header_display":false,"_swt_meta_footer_display":false,"_swt_meta_site_title_display":false,"_swt_meta_sticky_header":false,"_swt_meta_transparent_header":false},"product_brand":[],"product_cat":[70,68],"product_tag":[],"class_list":{"0":"post-110","1":"product","2":"type-product","3":"status-publish","4":"has-post-thumbnail","6":"product_cat-pizza-vending-machine","7":"product_cat-vending-machine","9":"first","10":"instock","11":"shipping-taxable","12":"product-type-simple"},"_links":{"self":[{"href":"https:\/\/www.hommy.com\/fr\/wp-json\/wp\/v2\/product\/110","targetHints":{"allow":["GET"]}}],"collection":[{"href":"https:\/\/www.hommy.com\/fr\/wp-json\/wp\/v2\/product"}],"about":[{"href":"https:\/\/www.hommy.com\/fr\/wp-json\/wp\/v2\/types\/product"}],"replies":[{"embeddable":true,"href":"https:\/\/www.hommy.com\/fr\/wp-json\/wp\/v2\/comments?post=110"}],"wp:featuredmedia":[{"embeddable":true,"href":"https:\/\/www.hommy.com\/fr\/wp-json\/wp\/v2\/media\/1958"}],"wp:attachment":[{"href":"https:\/\/www.hommy.com\/fr\/wp-json\/wp\/v2\/media?parent=110"}],"wp:term":[{"taxonomy":"product_brand","embeddable":true,"href":"https:\/\/www.hommy.com\/fr\/wp-json\/wp\/v2\/product_brand?post=110"},{"taxonomy":"product_cat","embeddable":true,"href":"https:\/\/www.hommy.com\/fr\/wp-json\/wp\/v2\/product_cat?post=110"},{"taxonomy":"product_tag","embeddable":true,"href":"https:\/\/www.hommy.com\/fr\/wp-json\/wp\/v2\/product_tag?post=110"}],"curies":[{"name":"wp","href":"https:\/\/api.w.org\/{rel}","templated":true}]}}